


{"id":9273,"date":"2019-11-27T11:07:24","date_gmt":"2019-11-27T10:07:24","guid":{"rendered":"https:\/\/www.tauroessiccatori.com\/?post_type=product&#038;p=9273\/"},"modified":"2023-05-16T11:28:00","modified_gmt":"2023-05-16T09:28:00","slug":"sacchetti-20x30-per-sottovuoto-conf-50-pz","status":"publish","type":"product","link":"https:\/\/stor51.tauroessiccatori.com\/sv\/p\/sacchetti-20x30-per-sottovuoto-conf-50-pz\/","title":{"rendered":"P\u00e5sar 20\u00d730 - 50 st."},"content":{"rendered":"<div class=\"tauro-banners\"><div class=\"banner-00\" style=\"background-color: #852035\">\r\n<div class=\"ix-xmas-box-other\" style=\"font-size: 18px;padding: 7px 0;margin: 0 auto 0px auto\" align=\"center\"><b style=\"color: #fff;font-size: 18px\">L\u00e4gg en BIOSEC under tr\u00e4det. <a style=\"color: #f8cc89;font-weight: bold;text-decoration: none;font-size: 18px\" href=\"https:\/\/www.tauroessiccatori.com\/christmas-2024\/\">UPPT\u00c4CK H\u00c4R<\/a> Julkampanjer!<\/b><\/div>\r\n<\/div><div class=\"banner-00\" style=\"background-color: #000\">\r\n<div class=\"ix-xmas-box-other\" style=\"font-size: 18px;padding: 7px 0;margin: 0 auto 0px auto\" align=\"center\"><b style=\"color: #fff\"> Black Friday-rabatterna \u00e4r h\u00e4r! \u00a0 <a style=\"color: #f77209;font-weight: bold;text-decoration: none\" href=\"https:\/\/www.tauroessiccatori.com\/black-friday-2024\/\"> Klicka f\u00f6r att inte missa dem \u2192. <\/a>\r\n<\/b><\/div>\r\n<\/div><\/div><p><span style=\"font-weight: 400;\"><strong>BESKRIVNING:<\/strong><\/span><\/p>\n<p><span style=\"font-weight: 400;\">F\u00f6rpackning med 50 p\u00e5sar, 20 cm breda x 30 cm l\u00e5nga, kan klippas till \u00f6nskad storlek och f\u00f6rslutas med Magic Vac vakuummaskiner.<\/span><\/p>\n<p>\u00c5teranv\u00e4ndbara, tv\u00e4ttbara och kan anv\u00e4ndas f\u00f6r att f\u00f6rvara mat i kyl eller frys, f\u00f6r att tina den i mikrov\u00e5gsugnen eller till och med f\u00f6r vakuumtillagning i hett vatten. De \u00e4r testade och garanterade f\u00f6r kontakt med livsmedel.<\/p>\n<p>&nbsp;<\/p>\n<p><span style=\"font-weight: 400;\"><strong>EGENSKAPER:<\/strong><\/span><\/p>\n<p><span style=\"font-weight: 400;\">De kan sk\u00e4ras till i storlek<\/span><\/p>\n<p><span style=\"font-weight: 400;\">Tv\u00e4ttning under rinnande vatten<\/span><\/p>\n<p><span style=\"font-weight: 400;\">L\u00e4mplig f\u00f6r kyl och frys<\/span><\/p>\n<p><span style=\"font-weight: 400;\">L\u00e4mplig f\u00f6r avfrostning i mikrov\u00e5gsugn<\/span><\/p>\n<p><span style=\"font-weight: 400;\">L\u00e4mplig f\u00f6r kokning vid 100\u00b0C i upp till 1 timme<\/span><\/p>\n<p><span style=\"font-weight: 400;\">L\u00e4mplig f\u00f6r vakuumtillagning vid 90\u00b0C i max. 8 timmar, eller vid 70\u00b0C i max. 72 timmar<\/span><\/p>","protected":false},"excerpt":{"rendered":"<p>Metti un BIOSEC sotto l&#8217;Albero. SCOPRI QUI le promozioni di Natale! Gli sconti Black Friday sono qui! \u00a0 Clicca\u00a0per\u00a0non perderli \u2192 DESCRIZIONE: Confezione da\u00a050 sacchetti da 20 cm di larghezza x 30 cm di lunghezza, si possono tagliare alla misura preferita e sigillare con le macchine sottovuoto Magic Vac. Riutilizzabili, lavabili, si possono usare per [&hellip;]<\/p>","protected":false},"featured_media":9242,"comment_status":"closed","ping_status":"closed","template":"","meta":[],"product_cat":[276],"product_tag":[],"class_list":["post-9273","product","type-product","status-publish","has-post-thumbnail","hentry","product_cat-sottovuoto"],"acf":[],"yoast_head":"<!-- This site is optimized with the Yoast SEO plugin v20.10 - https:\/\/yoast.com\/wordpress\/plugins\/seo\/ -->\n<title>Sacchetti 20x30 conf. 50 pz. - Tauro Essiccatori<\/title>\n<meta name=\"robots\" content=\"noindex, follow, max-snippet:-1, max-image-preview:large, max-video-preview:-1\" \/>\n<meta property=\"og:locale\" content=\"sv_SE\" \/>\n<meta property=\"og:type\" content=\"article\" \/>\n<meta property=\"og:title\" content=\"Sacchetti 20x30 conf. 50 pz. - Tauro Essiccatori\" \/>\n<meta property=\"og:description\" content=\"Metti un BIOSEC sotto l&#039;Albero. SCOPRI QUI le promozioni di Natale! Gli sconti Black Friday sono qui! \u00a0 Clicca\u00a0per\u00a0non perderli \u2192 DESCRIZIONE: Confezione da\u00a050 sacchetti da 20 cm di larghezza x 30 cm di lunghezza, si possono tagliare alla misura preferita e sigillare con le macchine sottovuoto Magic Vac. Riutilizzabili, lavabili, si possono usare per [&hellip;]\" \/>\n<meta property=\"og:url\" content=\"https:\/\/stor51.tauroessiccatori.com\/sv\/p\/sacchetti-20x30-per-sottovuoto-conf-50-pz\/\" \/>\n<meta property=\"og:site_name\" content=\"Tauro Essiccatori\" \/>\n<meta property=\"article:publisher\" content=\"https:\/\/www.facebook.com\/TauroEssiccatori\/\" \/>\n<meta property=\"article:modified_time\" content=\"2023-05-16T09:28:00+00:00\" \/>\n<meta property=\"og:image\" content=\"https:\/\/stor51.tauroessiccatori.com\/wp-assets\/uploads\/2019\/11\/MVSacchettiRotoli_RA.jpg\" \/>\n\t<meta property=\"og:image:width\" content=\"2048\" \/>\n\t<meta property=\"og:image:height\" content=\"1266\" \/>\n\t<meta property=\"og:image:type\" content=\"image\/jpeg\" \/>\n<meta name=\"twitter:card\" content=\"summary_large_image\" \/>\n<meta name=\"twitter:label1\" content=\"Est. reading time\" \/>\n\t<meta name=\"twitter:data1\" content=\"1 minut\" \/>\n<script type=\"application\/ld+json\" class=\"yoast-schema-graph\">{\"@context\":\"https:\/\/schema.org\",\"@graph\":[{\"@type\":\"WebPage\",\"@id\":\"https:\/\/stor51.tauroessiccatori.com\/p\/sacchetti-20x30-per-sottovuoto-conf-50-pz\/\",\"url\":\"https:\/\/stor51.tauroessiccatori.com\/p\/sacchetti-20x30-per-sottovuoto-conf-50-pz\/\",\"name\":\"Sacchetti 20x30 conf. 50 pz. - Tauro Essiccatori\",\"isPartOf\":{\"@id\":\"https:\/\/stor51.tauroessiccatori.com\/#website\"},\"datePublished\":\"2019-11-27T10:07:24+00:00\",\"dateModified\":\"2023-05-16T09:28:00+00:00\",\"breadcrumb\":{\"@id\":\"https:\/\/stor51.tauroessiccatori.com\/p\/sacchetti-20x30-per-sottovuoto-conf-50-pz\/#breadcrumb\"},\"inLanguage\":\"sv-SE\",\"potentialAction\":[{\"@type\":\"ReadAction\",\"target\":[\"https:\/\/stor51.tauroessiccatori.com\/p\/sacchetti-20x30-per-sottovuoto-conf-50-pz\/\"]}]},{\"@type\":\"BreadcrumbList\",\"@id\":\"https:\/\/stor51.tauroessiccatori.com\/p\/sacchetti-20x30-per-sottovuoto-conf-50-pz\/#breadcrumb\",\"itemListElement\":[{\"@type\":\"ListItem\",\"position\":1,\"name\":\"Home\",\"item\":\"https:\/\/stor51.tauroessiccatori.com\/\"},{\"@type\":\"ListItem\",\"position\":2,\"name\":\"Shop\",\"item\":\"https:\/\/stor51.tauroessiccatori.com\/negozio\/\"},{\"@type\":\"ListItem\",\"position\":3,\"name\":\"Sacchetti 20&#215;30 conf. 50 pz.\"}]},{\"@type\":\"WebSite\",\"@id\":\"https:\/\/stor51.tauroessiccatori.com\/#website\",\"url\":\"https:\/\/stor51.tauroessiccatori.com\/\",\"name\":\"Tauro Essiccatori\",\"description\":\"Welcome to Tauro Essiccatori online shop\",\"publisher\":{\"@id\":\"https:\/\/stor51.tauroessiccatori.com\/#organization\"},\"potentialAction\":[{\"@type\":\"SearchAction\",\"target\":{\"@type\":\"EntryPoint\",\"urlTemplate\":\"https:\/\/stor51.tauroessiccatori.com\/?s={search_term_string}\"},\"query-input\":\"required name=search_term_string\"}],\"inLanguage\":\"sv-SE\"},{\"@type\":\"Organization\",\"@id\":\"https:\/\/stor51.tauroessiccatori.com\/#organization\",\"name\":\"Tauro Essiccatori\",\"url\":\"https:\/\/stor51.tauroessiccatori.com\/\",\"logo\":{\"@type\":\"ImageObject\",\"inLanguage\":\"sv-SE\",\"@id\":\"https:\/\/stor51.tauroessiccatori.com\/#\/schema\/logo\/image\/\",\"url\":\"https:\/\/www.tauroessiccatori.com\/wp-assets\/uploads\/2017\/07\/logo_tauro_500x109px.png\",\"contentUrl\":\"https:\/\/www.tauroessiccatori.com\/wp-assets\/uploads\/2017\/07\/logo_tauro_500x109px.png\",\"width\":500,\"height\":109,\"caption\":\"Tauro Essiccatori\"},\"image\":{\"@id\":\"https:\/\/stor51.tauroessiccatori.com\/#\/schema\/logo\/image\/\"},\"sameAs\":[\"https:\/\/www.facebook.com\/TauroEssiccatori\/\",\"https:\/\/www.instagram.com\/tauro_essiccatori\/\",\"https:\/\/it.linkedin.com\/company\/tauro-essiccatori\",\"https:\/\/www.youtube.com\/user\/tauroessiccatori\"]}]}<\/script>\n<!-- \/ Yoast SEO plugin. -->","yoast_head_json":{"title":"Sacchetti 20x30 conf. 50 pz. - Tauro Essiccatori","robots":{"index":"noindex","follow":"follow","max-snippet":"max-snippet:-1","max-image-preview":"max-image-preview:large","max-video-preview":"max-video-preview:-1"},"og_locale":"sv_SE","og_type":"article","og_title":"Sacchetti 20x30 conf. 50 pz. - Tauro Essiccatori","og_description":"Metti un BIOSEC sotto l'Albero. SCOPRI QUI le promozioni di Natale! Gli sconti Black Friday sono qui! \u00a0 Clicca\u00a0per\u00a0non perderli \u2192 DESCRIZIONE: Confezione da\u00a050 sacchetti da 20 cm di larghezza x 30 cm di lunghezza, si possono tagliare alla misura preferita e sigillare con le macchine sottovuoto Magic Vac. Riutilizzabili, lavabili, si possono usare per [&hellip;]","og_url":"https:\/\/stor51.tauroessiccatori.com\/sv\/p\/sacchetti-20x30-per-sottovuoto-conf-50-pz\/","og_site_name":"Tauro Essiccatori","article_publisher":"https:\/\/www.facebook.com\/TauroEssiccatori\/","article_modified_time":"2023-05-16T09:28:00+00:00","og_image":[{"width":2048,"height":1266,"url":"https:\/\/stor51.tauroessiccatori.com\/wp-assets\/uploads\/2019\/11\/MVSacchettiRotoli_RA.jpg","type":"image\/jpeg"}],"twitter_card":"summary_large_image","twitter_misc":{"Est. reading time":"1 minut"},"schema":{"@context":"https:\/\/schema.org","@graph":[{"@type":"WebPage","@id":"https:\/\/stor51.tauroessiccatori.com\/p\/sacchetti-20x30-per-sottovuoto-conf-50-pz\/","url":"https:\/\/stor51.tauroessiccatori.com\/p\/sacchetti-20x30-per-sottovuoto-conf-50-pz\/","name":"Sacchetti 20x30 conf. 50 pz. - Tauro Essiccatori","isPartOf":{"@id":"https:\/\/stor51.tauroessiccatori.com\/#website"},"datePublished":"2019-11-27T10:07:24+00:00","dateModified":"2023-05-16T09:28:00+00:00","breadcrumb":{"@id":"https:\/\/stor51.tauroessiccatori.com\/p\/sacchetti-20x30-per-sottovuoto-conf-50-pz\/#breadcrumb"},"inLanguage":"sv-SE","potentialAction":[{"@type":"ReadAction","target":["https:\/\/stor51.tauroessiccatori.com\/p\/sacchetti-20x30-per-sottovuoto-conf-50-pz\/"]}]},{"@type":"BreadcrumbList","@id":"https:\/\/stor51.tauroessiccatori.com\/p\/sacchetti-20x30-per-sottovuoto-conf-50-pz\/#breadcrumb","itemListElement":[{"@type":"ListItem","position":1,"name":"Home","item":"https:\/\/stor51.tauroessiccatori.com\/"},{"@type":"ListItem","position":2,"name":"Shop","item":"https:\/\/stor51.tauroessiccatori.com\/negozio\/"},{"@type":"ListItem","position":3,"name":"Sacchetti 20&#215;30 conf. 50 pz."}]},{"@type":"WebSite","@id":"https:\/\/stor51.tauroessiccatori.com\/#website","url":"https:\/\/stor51.tauroessiccatori.com\/","name":"Tauro Essiccatori","description":"Welcome to Tauro Essiccatori online shop","publisher":{"@id":"https:\/\/stor51.tauroessiccatori.com\/#organization"},"potentialAction":[{"@type":"SearchAction","target":{"@type":"EntryPoint","urlTemplate":"https:\/\/stor51.tauroessiccatori.com\/?s={search_term_string}"},"query-input":"required name=search_term_string"}],"inLanguage":"sv-SE"},{"@type":"Organization","@id":"https:\/\/stor51.tauroessiccatori.com\/#organization","name":"Tauro Essiccatori","url":"https:\/\/stor51.tauroessiccatori.com\/","logo":{"@type":"ImageObject","inLanguage":"sv-SE","@id":"https:\/\/stor51.tauroessiccatori.com\/#\/schema\/logo\/image\/","url":"https:\/\/www.tauroessiccatori.com\/wp-assets\/uploads\/2017\/07\/logo_tauro_500x109px.png","contentUrl":"https:\/\/www.tauroessiccatori.com\/wp-assets\/uploads\/2017\/07\/logo_tauro_500x109px.png","width":500,"height":109,"caption":"Tauro Essiccatori"},"image":{"@id":"https:\/\/stor51.tauroessiccatori.com\/#\/schema\/logo\/image\/"},"sameAs":["https:\/\/www.facebook.com\/TauroEssiccatori\/","https:\/\/www.instagram.com\/tauro_essiccatori\/","https:\/\/it.linkedin.com\/company\/tauro-essiccatori","https:\/\/www.youtube.com\/user\/tauroessiccatori"]}]}},"_links":{"self":[{"href":"https:\/\/stor51.tauroessiccatori.com\/sv\/wp-json\/wp\/v2\/product\/9273"}],"collection":[{"href":"https:\/\/stor51.tauroessiccatori.com\/sv\/wp-json\/wp\/v2\/product"}],"about":[{"href":"https:\/\/stor51.tauroessiccatori.com\/sv\/wp-json\/wp\/v2\/types\/product"}],"replies":[{"embeddable":true,"href":"https:\/\/stor51.tauroessiccatori.com\/sv\/wp-json\/wp\/v2\/comments?post=9273"}],"wp:featuredmedia":[{"embeddable":true,"href":"https:\/\/stor51.tauroessiccatori.com\/sv\/wp-json\/wp\/v2\/media\/9242"}],"wp:attachment":[{"href":"https:\/\/stor51.tauroessiccatori.com\/sv\/wp-json\/wp\/v2\/media?parent=9273"}],"wp:term":[{"taxonomy":"product_cat","embeddable":true,"href":"https:\/\/stor51.tauroessiccatori.com\/sv\/wp-json\/wp\/v2\/product_cat?post=9273"},{"taxonomy":"product_tag","embeddable":true,"href":"https:\/\/stor51.tauroessiccatori.com\/sv\/wp-json\/wp\/v2\/product_tag?post=9273"}],"curies":[{"name":"wp","href":"https:\/\/api.w.org\/{rel}","templated":true}]}}