


{"id":37849,"date":"2020-07-27T12:40:55","date_gmt":"2020-07-27T10:40:55","guid":{"rendered":"https:\/\/www.tauroessiccatori.com\/?post_type=product&#038;p=37849\/"},"modified":"2023-11-07T11:51:25","modified_gmt":"2023-11-07T10:51:25","slug":"magic-vac-perfetta","status":"publish","type":"product","link":"https:\/\/stor51.tauroessiccatori.com\/sv\/p\/magi-vac-perfekt\/","title":{"rendered":"Magic Vac Perfekt"},"content":{"rendered":"<div class=\"tauro-banners\"><div class=\"banner-00\" style=\"background-color: #852035\">\r\n<div class=\"ix-xmas-box-other\" style=\"font-size: 18px;padding: 7px 0;margin: 0 auto 0px auto\" align=\"center\"><b style=\"color: #fff;font-size: 18px\">L\u00e4gg en BIOSEC under tr\u00e4det. <a style=\"color: #f8cc89;font-weight: bold;text-decoration: none;font-size: 18px\" href=\"https:\/\/www.tauroessiccatori.com\/christmas-2024\/\">UPPT\u00c4CK H\u00c4R<\/a> Julkampanjer!<\/b><\/div>\r\n<\/div><div class=\"banner-00\" style=\"background-color: #000\">\r\n<div class=\"ix-xmas-box-other\" style=\"font-size: 18px;padding: 7px 0;margin: 0 auto 0px auto\" align=\"center\"><b style=\"color: #fff\"> Black Friday-rabatterna \u00e4r h\u00e4r! \u00a0 <a style=\"color: #f77209;font-weight: bold;text-decoration: none\" href=\"https:\/\/www.tauroessiccatori.com\/black-friday-2024\/\"> Klicka f\u00f6r att inte missa dem \u2192. <\/a>\r\n<\/b><\/div>\r\n<\/div><\/div><p><span style=\"font-weight: 400;\">BESKRIVNING:<\/span><\/p>\n<p><span style=\"font-weight: 400;\">Den \u00e4r den b\u00e4sta av vakuummaskiner och kombinerar o\u00f6vertr\u00e4ffad m\u00e5ngsidighet med utm\u00e4rkta prestanda. Dess viktigaste egenskaper \u00e4r:<\/span><\/p>\n<p>Ny digital vakuumm\u00e4tare Innovativt f\u00f6rval av vakuumniv\u00e5. Manuell pulsvakuumfunktion f\u00f6r \u00f6mt\u00e5liga och k\u00e4nsliga livsmedel. Professionell prestanda tack vare kraftfull dubbelpump. Enkel anv\u00e4ndning med l\u00e5s- och uppl\u00e5sningssystem. Praktisk lucka f\u00f6r kontroll av att p\u00e5sen \u00e4r korrekt placerad. ActiSeal3D\"-funktion f\u00f6r att automatiskt balansera f\u00f6rslutningen av varje Magic Vac-p\u00e5se p\u00e5 b\u00e4sta m\u00f6jliga s\u00e4tt och d\u00e4rmed undvika under- eller \u00f6verf\u00f6rsegling. MARINERING\"-funktion f\u00f6r att marinera mat p\u00e5 bara n\u00e5gra minuter i Quadro Magic Vac-beh\u00e5llaren. Avtagbar droppbricka som t\u00e5l maskindisk. \u00d6verensst\u00e4mmer med ErP-direktivet om energif\u00f6rbrukning. Och mycket mer...<\/p>\n<p>&nbsp;<\/p>\n<p><span style=\"font-weight: 400;\">TEKNISKA EGENSKAPER:<\/span><\/p>\n<p>Ny digital vakuumm\u00e4tare Innovativ f\u00f6rval av vakuumniv\u00e5<\/p>\n<p>Manuell pulsvakuumfunktion f\u00f6r \u00f6mt\u00e5liga och k\u00e4nsliga livsmedel<\/p>\n<p>Professionell prestanda tack vare kraftfull dubbelpump<\/p>\n<p>Enkel anv\u00e4ndning med l\u00e5s- och uppl\u00e5sningssystem<\/p>\n<p>Praktisk lucka f\u00f6r kontroll av att v\u00e4skan \u00e4r korrekt placerad<\/p>\n<p>ActiSeal3D-funktion f\u00f6r att automatiskt balansera f\u00f6rslutningen av varje Magic Vac-p\u00e5se p\u00e5 b\u00e4sta m\u00f6jliga s\u00e4tt, vilket undviker under- eller \u00f6verf\u00f6rsegling<\/p>\n<p>MARINERING\"-funktion f\u00f6r marinering av mat p\u00e5 bara n\u00e5gra minuter i Quadro Magic Vac-beh\u00e5llaren<\/p>\n<p>Avtagbar droppsk\u00e5l som t\u00e5l maskindisk<\/p>\n<p>\u00d6verensst\u00e4mmer med ErP-direktivet om energif\u00f6rbrukning<\/p>\n<p><span style=\"font-weight: 400;\">T\u00e4tningslist: 30 cm<\/span><\/p>","protected":false},"excerpt":{"rendered":"<p>&nbsp;<\/p>\n<ul>\n<li>Ny digital vakuumm\u00e4tare Innovativ f\u00f6rval av vakuumniv\u00e5<\/li>\n<li>Manuell pulsvakuumfunktion f\u00f6r \u00f6mt\u00e5liga och k\u00e4nsliga livsmedel<\/li>\n<li>Professionell prestanda tack vare kraftfull dubbelpump<\/li>\n<li>Enkel anv\u00e4ndning med l\u00e5s- och uppl\u00e5sningssystem<\/li>\n<li>Praktisk lucka f\u00f6r kontroll av att v\u00e4skan \u00e4r korrekt placerad<\/li>\n<li>ActiSeal3D-funktion f\u00f6r att automatiskt balansera f\u00f6rslutningen av varje Magic Vac-p\u00e5se p\u00e5 b\u00e4sta m\u00f6jliga s\u00e4tt, vilket undviker under- eller \u00f6verf\u00f6rsegling<\/li>\n<li>MARINERING\"-funktion f\u00f6r marinering av mat p\u00e5 bara n\u00e5gra minuter i Quadro Magic Vac-beh\u00e5llaren<\/li>\n<li>Avtagbar droppsk\u00e5l som t\u00e5l maskindisk<\/li>\n<li>\u00d6verensst\u00e4mmer med ErP-direktivet om energif\u00f6rbrukning<\/li>\n<li>T\u00e4tningslist: 30 cm<\/li>\n<\/ul>","protected":false},"featured_media":37858,"comment_status":"closed","ping_status":"closed","template":"","meta":[],"product_cat":[276],"product_tag":[],"class_list":["post-37849","product","type-product","status-publish","has-post-thumbnail","hentry","product_cat-sottovuoto"],"acf":[],"yoast_head":"<!-- This site is optimized with the Yoast SEO plugin v20.10 - https:\/\/yoast.com\/wordpress\/plugins\/seo\/ -->\n<title>Magic Vac Perfetta - Tauro Essiccatori<\/title>\n<meta name=\"robots\" content=\"noindex, follow, max-snippet:-1, max-image-preview:large, max-video-preview:-1\" \/>\n<meta property=\"og:locale\" content=\"sv_SE\" \/>\n<meta property=\"og:type\" content=\"article\" \/>\n<meta property=\"og:title\" content=\"Magic Vac Perfetta - Tauro Essiccatori\" \/>\n<meta property=\"og:description\" content=\"&nbsp;   Nuovo Vuotometro Digitale\u00a0Innovativa preselezione del livello di vuoto  Funzione\u00a0vuoto manuale a pulsazioni\u00a0per cibi fragili e delicati  Prestazioni professionali\u00a0grazie alla potente doppia pompa  Facilit\u00e0 d&#039;uso con\u00a0Lock &amp; Unlock System  Pratico obl\u00f2 per verificare la corretta posizione del sacchetto  Funzione \u201cActiSeal3D\u201d che permette di bilanciare automaticamente nel miglior modo possibile la saldatura di ogni sacchetto Magic Vac, evitando cos\u00ec sigillature insufficienti o eccessive  Funzione \u201cMARINATING\u201d per marinare i cibi in pochi minuti nel Canister Quadro Magic Vac  Vaschetta ferma liquidi estraibile e lavabile in lavastoviglie  Conforme alla\u00a0Direttiva ErP\u00a0consumi di energia  Barra saldante: 30 cm\" \/>\n<meta property=\"og:url\" content=\"https:\/\/stor51.tauroessiccatori.com\/sv\/p\/magi-vac-perfekt\/\" \/>\n<meta property=\"og:site_name\" content=\"Tauro Essiccatori\" \/>\n<meta property=\"article:publisher\" content=\"https:\/\/www.facebook.com\/TauroEssiccatori\/\" \/>\n<meta property=\"article:modified_time\" content=\"2023-11-07T10:51:25+00:00\" \/>\n<meta property=\"og:image\" content=\"https:\/\/stor51.tauroessiccatori.com\/wp-assets\/uploads\/2020\/07\/V252PK1-PERFETTA-CMYK-HR.jpg\" \/>\n\t<meta property=\"og:image:width\" content=\"2048\" \/>\n\t<meta property=\"og:image:height\" content=\"1266\" \/>\n\t<meta property=\"og:image:type\" content=\"image\/jpeg\" \/>\n<meta name=\"twitter:card\" content=\"summary_large_image\" \/>\n<meta name=\"twitter:label1\" content=\"Est. reading time\" \/>\n\t<meta name=\"twitter:data1\" content=\"1 minut\" \/>\n<script type=\"application\/ld+json\" class=\"yoast-schema-graph\">{\"@context\":\"https:\/\/schema.org\",\"@graph\":[{\"@type\":\"WebPage\",\"@id\":\"https:\/\/stor51.tauroessiccatori.com\/p\/magic-vac-perfetta\/\",\"url\":\"https:\/\/stor51.tauroessiccatori.com\/p\/magic-vac-perfetta\/\",\"name\":\"Magic Vac Perfetta - Tauro Essiccatori\",\"isPartOf\":{\"@id\":\"https:\/\/stor51.tauroessiccatori.com\/#website\"},\"datePublished\":\"2020-07-27T10:40:55+00:00\",\"dateModified\":\"2023-11-07T10:51:25+00:00\",\"breadcrumb\":{\"@id\":\"https:\/\/stor51.tauroessiccatori.com\/p\/magic-vac-perfetta\/#breadcrumb\"},\"inLanguage\":\"sv-SE\",\"potentialAction\":[{\"@type\":\"ReadAction\",\"target\":[\"https:\/\/stor51.tauroessiccatori.com\/p\/magic-vac-perfetta\/\"]}]},{\"@type\":\"BreadcrumbList\",\"@id\":\"https:\/\/stor51.tauroessiccatori.com\/p\/magic-vac-perfetta\/#breadcrumb\",\"itemListElement\":[{\"@type\":\"ListItem\",\"position\":1,\"name\":\"Home\",\"item\":\"https:\/\/stor51.tauroessiccatori.com\/\"},{\"@type\":\"ListItem\",\"position\":2,\"name\":\"Shop\",\"item\":\"https:\/\/stor51.tauroessiccatori.com\/negozio\/\"},{\"@type\":\"ListItem\",\"position\":3,\"name\":\"Magic Vac Perfetta\"}]},{\"@type\":\"WebSite\",\"@id\":\"https:\/\/stor51.tauroessiccatori.com\/#website\",\"url\":\"https:\/\/stor51.tauroessiccatori.com\/\",\"name\":\"Tauro Essiccatori\",\"description\":\"Welcome to Tauro Essiccatori online shop\",\"publisher\":{\"@id\":\"https:\/\/stor51.tauroessiccatori.com\/#organization\"},\"potentialAction\":[{\"@type\":\"SearchAction\",\"target\":{\"@type\":\"EntryPoint\",\"urlTemplate\":\"https:\/\/stor51.tauroessiccatori.com\/?s={search_term_string}\"},\"query-input\":\"required name=search_term_string\"}],\"inLanguage\":\"sv-SE\"},{\"@type\":\"Organization\",\"@id\":\"https:\/\/stor51.tauroessiccatori.com\/#organization\",\"name\":\"Tauro Essiccatori\",\"url\":\"https:\/\/stor51.tauroessiccatori.com\/\",\"logo\":{\"@type\":\"ImageObject\",\"inLanguage\":\"sv-SE\",\"@id\":\"https:\/\/stor51.tauroessiccatori.com\/#\/schema\/logo\/image\/\",\"url\":\"https:\/\/www.tauroessiccatori.com\/wp-assets\/uploads\/2017\/07\/logo_tauro_500x109px.png\",\"contentUrl\":\"https:\/\/www.tauroessiccatori.com\/wp-assets\/uploads\/2017\/07\/logo_tauro_500x109px.png\",\"width\":500,\"height\":109,\"caption\":\"Tauro Essiccatori\"},\"image\":{\"@id\":\"https:\/\/stor51.tauroessiccatori.com\/#\/schema\/logo\/image\/\"},\"sameAs\":[\"https:\/\/www.facebook.com\/TauroEssiccatori\/\",\"https:\/\/www.instagram.com\/tauro_essiccatori\/\",\"https:\/\/it.linkedin.com\/company\/tauro-essiccatori\",\"https:\/\/www.youtube.com\/user\/tauroessiccatori\"]}]}<\/script>\n<!-- \/ Yoast SEO plugin. -->","yoast_head_json":{"title":"Magic Vac Perfetta - Tauro Essiccatori","robots":{"index":"noindex","follow":"follow","max-snippet":"max-snippet:-1","max-image-preview":"max-image-preview:large","max-video-preview":"max-video-preview:-1"},"og_locale":"sv_SE","og_type":"article","og_title":"Magic Vac Perfetta - Tauro Essiccatori","og_description":"&nbsp;   Nuovo Vuotometro Digitale\u00a0Innovativa preselezione del livello di vuoto  Funzione\u00a0vuoto manuale a pulsazioni\u00a0per cibi fragili e delicati  Prestazioni professionali\u00a0grazie alla potente doppia pompa  Facilit\u00e0 d'uso con\u00a0Lock &amp; Unlock System  Pratico obl\u00f2 per verificare la corretta posizione del sacchetto  Funzione \u201cActiSeal3D\u201d che permette di bilanciare automaticamente nel miglior modo possibile la saldatura di ogni sacchetto Magic Vac, evitando cos\u00ec sigillature insufficienti o eccessive  Funzione \u201cMARINATING\u201d per marinare i cibi in pochi minuti nel Canister Quadro Magic Vac  Vaschetta ferma liquidi estraibile e lavabile in lavastoviglie  Conforme alla\u00a0Direttiva ErP\u00a0consumi di energia  Barra saldante: 30 cm","og_url":"https:\/\/stor51.tauroessiccatori.com\/sv\/p\/magi-vac-perfekt\/","og_site_name":"Tauro Essiccatori","article_publisher":"https:\/\/www.facebook.com\/TauroEssiccatori\/","article_modified_time":"2023-11-07T10:51:25+00:00","og_image":[{"width":2048,"height":1266,"url":"https:\/\/stor51.tauroessiccatori.com\/wp-assets\/uploads\/2020\/07\/V252PK1-PERFETTA-CMYK-HR.jpg","type":"image\/jpeg"}],"twitter_card":"summary_large_image","twitter_misc":{"Est. reading time":"1 minut"},"schema":{"@context":"https:\/\/schema.org","@graph":[{"@type":"WebPage","@id":"https:\/\/stor51.tauroessiccatori.com\/p\/magic-vac-perfetta\/","url":"https:\/\/stor51.tauroessiccatori.com\/p\/magic-vac-perfetta\/","name":"Magic Vac Perfetta - Tauro Essiccatori","isPartOf":{"@id":"https:\/\/stor51.tauroessiccatori.com\/#website"},"datePublished":"2020-07-27T10:40:55+00:00","dateModified":"2023-11-07T10:51:25+00:00","breadcrumb":{"@id":"https:\/\/stor51.tauroessiccatori.com\/p\/magic-vac-perfetta\/#breadcrumb"},"inLanguage":"sv-SE","potentialAction":[{"@type":"ReadAction","target":["https:\/\/stor51.tauroessiccatori.com\/p\/magic-vac-perfetta\/"]}]},{"@type":"BreadcrumbList","@id":"https:\/\/stor51.tauroessiccatori.com\/p\/magic-vac-perfetta\/#breadcrumb","itemListElement":[{"@type":"ListItem","position":1,"name":"Home","item":"https:\/\/stor51.tauroessiccatori.com\/"},{"@type":"ListItem","position":2,"name":"Shop","item":"https:\/\/stor51.tauroessiccatori.com\/negozio\/"},{"@type":"ListItem","position":3,"name":"Magic Vac Perfetta"}]},{"@type":"WebSite","@id":"https:\/\/stor51.tauroessiccatori.com\/#website","url":"https:\/\/stor51.tauroessiccatori.com\/","name":"Tauro Essiccatori","description":"Welcome to Tauro Essiccatori online shop","publisher":{"@id":"https:\/\/stor51.tauroessiccatori.com\/#organization"},"potentialAction":[{"@type":"SearchAction","target":{"@type":"EntryPoint","urlTemplate":"https:\/\/stor51.tauroessiccatori.com\/?s={search_term_string}"},"query-input":"required name=search_term_string"}],"inLanguage":"sv-SE"},{"@type":"Organization","@id":"https:\/\/stor51.tauroessiccatori.com\/#organization","name":"Tauro Essiccatori","url":"https:\/\/stor51.tauroessiccatori.com\/","logo":{"@type":"ImageObject","inLanguage":"sv-SE","@id":"https:\/\/stor51.tauroessiccatori.com\/#\/schema\/logo\/image\/","url":"https:\/\/www.tauroessiccatori.com\/wp-assets\/uploads\/2017\/07\/logo_tauro_500x109px.png","contentUrl":"https:\/\/www.tauroessiccatori.com\/wp-assets\/uploads\/2017\/07\/logo_tauro_500x109px.png","width":500,"height":109,"caption":"Tauro Essiccatori"},"image":{"@id":"https:\/\/stor51.tauroessiccatori.com\/#\/schema\/logo\/image\/"},"sameAs":["https:\/\/www.facebook.com\/TauroEssiccatori\/","https:\/\/www.instagram.com\/tauro_essiccatori\/","https:\/\/it.linkedin.com\/company\/tauro-essiccatori","https:\/\/www.youtube.com\/user\/tauroessiccatori"]}]}},"_links":{"self":[{"href":"https:\/\/stor51.tauroessiccatori.com\/sv\/wp-json\/wp\/v2\/product\/37849"}],"collection":[{"href":"https:\/\/stor51.tauroessiccatori.com\/sv\/wp-json\/wp\/v2\/product"}],"about":[{"href":"https:\/\/stor51.tauroessiccatori.com\/sv\/wp-json\/wp\/v2\/types\/product"}],"replies":[{"embeddable":true,"href":"https:\/\/stor51.tauroessiccatori.com\/sv\/wp-json\/wp\/v2\/comments?post=37849"}],"wp:featuredmedia":[{"embeddable":true,"href":"https:\/\/stor51.tauroessiccatori.com\/sv\/wp-json\/wp\/v2\/media\/37858"}],"wp:attachment":[{"href":"https:\/\/stor51.tauroessiccatori.com\/sv\/wp-json\/wp\/v2\/media?parent=37849"}],"wp:term":[{"taxonomy":"product_cat","embeddable":true,"href":"https:\/\/stor51.tauroessiccatori.com\/sv\/wp-json\/wp\/v2\/product_cat?post=37849"},{"taxonomy":"product_tag","embeddable":true,"href":"https:\/\/stor51.tauroessiccatori.com\/sv\/wp-json\/wp\/v2\/product_tag?post=37849"}],"curies":[{"name":"wp","href":"https:\/\/api.w.org\/{rel}","templated":true}]}}