


{"id":3657,"date":"2019-08-01T17:53:48","date_gmt":"2019-08-01T15:53:48","guid":{"rendered":"https:\/\/store.tauroessiccatori.com\/?post_type=product&#038;p=3657\/"},"modified":"2023-05-16T11:11:25","modified_gmt":"2023-05-16T09:11:25","slug":"mandolina-v5-powerline-starter-set","status":"publish","type":"product","link":"https:\/\/stor51.tauroessiccatori.com\/sv\/p\/mandoline-v5-powerline-starter-set\/","title":{"rendered":"Borner V5 PowerLine mandolin"},"content":{"rendered":"<div class=\"tauro-banners\"><div class=\"banner-00\" style=\"background-color: #852035\">\r\n<div class=\"ix-xmas-box-other\" style=\"font-size: 18px;padding: 7px 0;margin: 0 auto 0px auto\" align=\"center\"><b style=\"color: #fff;font-size: 18px\">L\u00e4gg en BIOSEC under tr\u00e4det. <a style=\"color: #f8cc89;font-weight: bold;text-decoration: none;font-size: 18px\" href=\"https:\/\/www.tauroessiccatori.com\/christmas-2024\/\">UPPT\u00c4CK H\u00c4R<\/a> Julkampanjer!<\/b><\/div>\r\n<\/div><div class=\"banner-00\" style=\"background-color: #000\">\r\n<div class=\"ix-xmas-box-other\" style=\"font-size: 18px;padding: 7px 0;margin: 0 auto 0px auto\" align=\"center\"><b style=\"color: #fff\"> Black Friday-rabatterna \u00e4r h\u00e4r! \u00a0 <a style=\"color: #f77209;font-weight: bold;text-decoration: none\" href=\"https:\/\/www.tauroessiccatori.com\/black-friday-2024\/\"> Klicka f\u00f6r att inte missa dem \u2192. <\/a>\r\n<\/b><\/div>\r\n<\/div><\/div><p style=\"text-align: left\"><span style=\"font-weight: 400\">Oslagbar snabbhet och precision vid tillagning av skivor, stavar, remsor och t\u00e4rningar av f\u00e4rska gr\u00f6nsaker och frukt. Samtidigt s\u00e4ker och enkel att anv\u00e4nda tack vare den medf\u00f6ljande livsmedelss\u00e4kerhetsanordningen. Detta set inneh\u00e5ller basutrustningen f\u00f6r 10 sk\u00e4ralternativ: du kan sk\u00e4ra skivor i fyra olika tjocklekar, fr\u00e5n tjockare till tunnare, eller gr\u00f6vre eller tunnare stavar och kuber. V5:s m\u00e5ngsidighet g\u00f6r tillagningen av sallader, soppor, grytor och otaliga andra delikatesser till ett sant n\u00f6je.<\/span><\/p>\n<p><span style=\"font-weight: 400\">F\u00f6r reng\u00f6ring sk\u00f6ljer du helt enkelt mandolinen och knivinsatserna under rinnande vatten och skjuter sedan skivinsatsen till den sista markeringen. L\u00e5t din V5 dropptorka i den medf\u00f6ljande insatsl\u00e5dan. I l\u00e5dan finns ocks\u00e5 plats f\u00f6r knivinsatserna och livsmedelsh\u00e5llaren kan f\u00e4stas. Detta sparar utrymme och h\u00e5ller allt praktiskt f\u00f6r n\u00e4sta anv\u00e4ndning.<\/span><\/p>\n<p><span style=\"font-weight: 400\">Alla delar i setet \u00e4r livsmedelss\u00e4kra och fria fr\u00e5n BPA, ftalater och skadliga \u00e4mnen.\u00a0<\/span><\/p>\n<p>&nbsp;<\/p>\n<p><strong>TEKNISKA EGENSKAPER<\/strong><\/p>\n<p>&nbsp;<\/p>\n<ul class=\"ix-list-description-product-alignment\">\n<li><span style=\"font-weight: 400\">Sk\u00e4r skivor eller bitar av 4 olika tjocklekar<\/span><\/li>\n<li><span style=\"font-weight: 400\">Kubsk\u00e4rare i 2 olika storlekar<\/span><\/li>\n<li><span style=\"font-weight: 400\">S\u00e4kerhetsanordning f\u00f6r sk\u00e4rning och barnl\u00e5s<\/span><\/li>\n<li><span style=\"font-weight: 400\">B\u00f6rner-blad omfattas av 5 \u00e5rs garanti<\/span><\/li>\n<li><span style=\"font-weight: 400\">BPA- och ftalatfri<\/span><\/li>\n<\/ul>\n<p>&nbsp;<\/p>\n<p><strong>PAKETETS INNEH\u00c5LL<\/strong><\/p>\n<p>&nbsp;<\/p>\n<ul class=\"ix-list-description-product-alignment\">\n<li><span style=\"font-weight: 400\">Gr\u00f6n mandolin\u00a0<\/span><\/li>\n<li><span style=\"font-weight: 400\">Insats f\u00f6r skivor av olika storlek<\/span><\/li>\n<li><span style=\"font-weight: 400\">Tv\u00e5 insatser f\u00f6r pinnar eller kuber<\/span><\/li>\n<li><span style=\"font-weight: 400\">S\u00e4kerhetslagringsenhet<\/span><\/li>\n<li><span style=\"font-weight: 400\">Tillbeh\u00f6r f\u00f6r f\u00f6rvaring av mandolin och insatser<\/span><\/li>\n<\/ul>","protected":false},"excerpt":{"rendered":"<p>Metti un BIOSEC sotto l&#8217;Albero. SCOPRI QUI le promozioni di Natale! Gli sconti Black Friday sono qui! \u00a0 Clicca\u00a0per\u00a0non perderli \u2192 Imbattibile in velocit\u00e0 e precisione nella preparazione di fette, bastoncini, strisce e cubetti di verdure fresche e frutta. Allo stesso tempo sicura e facile da usare grazie al dispositivo di sicurezza alimentare incluso. Questo [&hellip;]<\/p>","protected":false},"featured_media":3675,"comment_status":"closed","ping_status":"closed","template":"","meta":[],"product_cat":[275],"product_tag":[277,278],"class_list":["post-3657","product","type-product","status-publish","has-post-thumbnail","hentry","product_cat-taglia-verdure","product_tag-mandolina","product_tag-tagliaverdura"],"acf":[],"yoast_head":"<!-- This site is optimized with the Yoast SEO plugin v20.10 - https:\/\/yoast.com\/wordpress\/plugins\/seo\/ -->\n<title>Mandolina Borner V5 PowerLine - Tauro Essiccatori<\/title>\n<meta name=\"robots\" content=\"noindex, follow, max-snippet:-1, max-image-preview:large, max-video-preview:-1\" \/>\n<meta property=\"og:locale\" content=\"sv_SE\" \/>\n<meta property=\"og:type\" content=\"article\" \/>\n<meta property=\"og:title\" content=\"Mandolina Borner V5 PowerLine - Tauro Essiccatori\" \/>\n<meta property=\"og:description\" content=\"Metti un BIOSEC sotto l&#039;Albero. SCOPRI QUI le promozioni di Natale! Gli sconti Black Friday sono qui! \u00a0 Clicca\u00a0per\u00a0non perderli \u2192 Imbattibile in velocit\u00e0 e precisione nella preparazione di fette, bastoncini, strisce e cubetti di verdure fresche e frutta. Allo stesso tempo sicura e facile da usare grazie al dispositivo di sicurezza alimentare incluso. Questo [&hellip;]\" \/>\n<meta property=\"og:url\" content=\"https:\/\/stor51.tauroessiccatori.com\/sv\/p\/mandoline-v5-powerline-starter-set\/\" \/>\n<meta property=\"og:site_name\" content=\"Tauro Essiccatori\" \/>\n<meta property=\"article:publisher\" content=\"https:\/\/www.facebook.com\/TauroEssiccatori\/\" \/>\n<meta property=\"article:modified_time\" content=\"2023-05-16T09:11:25+00:00\" \/>\n<meta property=\"og:image\" content=\"https:\/\/stor51.tauroessiccatori.com\/wp-assets\/uploads\/2019\/08\/mandolina-green.jpg\" \/>\n\t<meta property=\"og:image:width\" content=\"1210\" \/>\n\t<meta property=\"og:image:height\" content=\"750\" \/>\n\t<meta property=\"og:image:type\" content=\"image\/jpeg\" \/>\n<meta name=\"twitter:card\" content=\"summary_large_image\" \/>\n<meta name=\"twitter:label1\" content=\"Est. reading time\" \/>\n\t<meta name=\"twitter:data1\" content=\"1 minut\" \/>\n<script type=\"application\/ld+json\" class=\"yoast-schema-graph\">{\"@context\":\"https:\/\/schema.org\",\"@graph\":[{\"@type\":\"WebPage\",\"@id\":\"https:\/\/stor51.tauroessiccatori.com\/p\/mandolina-v5-powerline-starter-set\/\",\"url\":\"https:\/\/stor51.tauroessiccatori.com\/p\/mandolina-v5-powerline-starter-set\/\",\"name\":\"Mandolina Borner V5 PowerLine - Tauro Essiccatori\",\"isPartOf\":{\"@id\":\"https:\/\/stor51.tauroessiccatori.com\/#website\"},\"datePublished\":\"2019-08-01T15:53:48+00:00\",\"dateModified\":\"2023-05-16T09:11:25+00:00\",\"breadcrumb\":{\"@id\":\"https:\/\/stor51.tauroessiccatori.com\/p\/mandolina-v5-powerline-starter-set\/#breadcrumb\"},\"inLanguage\":\"sv-SE\",\"potentialAction\":[{\"@type\":\"ReadAction\",\"target\":[\"https:\/\/stor51.tauroessiccatori.com\/p\/mandolina-v5-powerline-starter-set\/\"]}]},{\"@type\":\"BreadcrumbList\",\"@id\":\"https:\/\/stor51.tauroessiccatori.com\/p\/mandolina-v5-powerline-starter-set\/#breadcrumb\",\"itemListElement\":[{\"@type\":\"ListItem\",\"position\":1,\"name\":\"Home\",\"item\":\"https:\/\/stor51.tauroessiccatori.com\/\"},{\"@type\":\"ListItem\",\"position\":2,\"name\":\"Shop\",\"item\":\"https:\/\/stor51.tauroessiccatori.com\/negozio\/\"},{\"@type\":\"ListItem\",\"position\":3,\"name\":\"Mandolina Borner V5 PowerLine\"}]},{\"@type\":\"WebSite\",\"@id\":\"https:\/\/stor51.tauroessiccatori.com\/#website\",\"url\":\"https:\/\/stor51.tauroessiccatori.com\/\",\"name\":\"Tauro Essiccatori\",\"description\":\"Welcome to Tauro Essiccatori online shop\",\"publisher\":{\"@id\":\"https:\/\/stor51.tauroessiccatori.com\/#organization\"},\"potentialAction\":[{\"@type\":\"SearchAction\",\"target\":{\"@type\":\"EntryPoint\",\"urlTemplate\":\"https:\/\/stor51.tauroessiccatori.com\/?s={search_term_string}\"},\"query-input\":\"required name=search_term_string\"}],\"inLanguage\":\"sv-SE\"},{\"@type\":\"Organization\",\"@id\":\"https:\/\/stor51.tauroessiccatori.com\/#organization\",\"name\":\"Tauro Essiccatori\",\"url\":\"https:\/\/stor51.tauroessiccatori.com\/\",\"logo\":{\"@type\":\"ImageObject\",\"inLanguage\":\"sv-SE\",\"@id\":\"https:\/\/stor51.tauroessiccatori.com\/#\/schema\/logo\/image\/\",\"url\":\"https:\/\/www.tauroessiccatori.com\/wp-assets\/uploads\/2017\/07\/logo_tauro_500x109px.png\",\"contentUrl\":\"https:\/\/www.tauroessiccatori.com\/wp-assets\/uploads\/2017\/07\/logo_tauro_500x109px.png\",\"width\":500,\"height\":109,\"caption\":\"Tauro Essiccatori\"},\"image\":{\"@id\":\"https:\/\/stor51.tauroessiccatori.com\/#\/schema\/logo\/image\/\"},\"sameAs\":[\"https:\/\/www.facebook.com\/TauroEssiccatori\/\",\"https:\/\/www.instagram.com\/tauro_essiccatori\/\",\"https:\/\/it.linkedin.com\/company\/tauro-essiccatori\",\"https:\/\/www.youtube.com\/user\/tauroessiccatori\"]}]}<\/script>\n<!-- \/ Yoast SEO plugin. -->","yoast_head_json":{"title":"Mandolina Borner V5 PowerLine - Tauro Essiccatori","robots":{"index":"noindex","follow":"follow","max-snippet":"max-snippet:-1","max-image-preview":"max-image-preview:large","max-video-preview":"max-video-preview:-1"},"og_locale":"sv_SE","og_type":"article","og_title":"Mandolina Borner V5 PowerLine - Tauro Essiccatori","og_description":"Metti un BIOSEC sotto l'Albero. SCOPRI QUI le promozioni di Natale! Gli sconti Black Friday sono qui! \u00a0 Clicca\u00a0per\u00a0non perderli \u2192 Imbattibile in velocit\u00e0 e precisione nella preparazione di fette, bastoncini, strisce e cubetti di verdure fresche e frutta. Allo stesso tempo sicura e facile da usare grazie al dispositivo di sicurezza alimentare incluso. Questo [&hellip;]","og_url":"https:\/\/stor51.tauroessiccatori.com\/sv\/p\/mandoline-v5-powerline-starter-set\/","og_site_name":"Tauro Essiccatori","article_publisher":"https:\/\/www.facebook.com\/TauroEssiccatori\/","article_modified_time":"2023-05-16T09:11:25+00:00","og_image":[{"width":1210,"height":750,"url":"https:\/\/stor51.tauroessiccatori.com\/wp-assets\/uploads\/2019\/08\/mandolina-green.jpg","type":"image\/jpeg"}],"twitter_card":"summary_large_image","twitter_misc":{"Est. reading time":"1 minut"},"schema":{"@context":"https:\/\/schema.org","@graph":[{"@type":"WebPage","@id":"https:\/\/stor51.tauroessiccatori.com\/p\/mandolina-v5-powerline-starter-set\/","url":"https:\/\/stor51.tauroessiccatori.com\/p\/mandolina-v5-powerline-starter-set\/","name":"Mandolina Borner V5 PowerLine - Tauro Essiccatori","isPartOf":{"@id":"https:\/\/stor51.tauroessiccatori.com\/#website"},"datePublished":"2019-08-01T15:53:48+00:00","dateModified":"2023-05-16T09:11:25+00:00","breadcrumb":{"@id":"https:\/\/stor51.tauroessiccatori.com\/p\/mandolina-v5-powerline-starter-set\/#breadcrumb"},"inLanguage":"sv-SE","potentialAction":[{"@type":"ReadAction","target":["https:\/\/stor51.tauroessiccatori.com\/p\/mandolina-v5-powerline-starter-set\/"]}]},{"@type":"BreadcrumbList","@id":"https:\/\/stor51.tauroessiccatori.com\/p\/mandolina-v5-powerline-starter-set\/#breadcrumb","itemListElement":[{"@type":"ListItem","position":1,"name":"Home","item":"https:\/\/stor51.tauroessiccatori.com\/"},{"@type":"ListItem","position":2,"name":"Shop","item":"https:\/\/stor51.tauroessiccatori.com\/negozio\/"},{"@type":"ListItem","position":3,"name":"Mandolina Borner V5 PowerLine"}]},{"@type":"WebSite","@id":"https:\/\/stor51.tauroessiccatori.com\/#website","url":"https:\/\/stor51.tauroessiccatori.com\/","name":"Tauro Essiccatori","description":"Welcome to Tauro Essiccatori online shop","publisher":{"@id":"https:\/\/stor51.tauroessiccatori.com\/#organization"},"potentialAction":[{"@type":"SearchAction","target":{"@type":"EntryPoint","urlTemplate":"https:\/\/stor51.tauroessiccatori.com\/?s={search_term_string}"},"query-input":"required name=search_term_string"}],"inLanguage":"sv-SE"},{"@type":"Organization","@id":"https:\/\/stor51.tauroessiccatori.com\/#organization","name":"Tauro Essiccatori","url":"https:\/\/stor51.tauroessiccatori.com\/","logo":{"@type":"ImageObject","inLanguage":"sv-SE","@id":"https:\/\/stor51.tauroessiccatori.com\/#\/schema\/logo\/image\/","url":"https:\/\/www.tauroessiccatori.com\/wp-assets\/uploads\/2017\/07\/logo_tauro_500x109px.png","contentUrl":"https:\/\/www.tauroessiccatori.com\/wp-assets\/uploads\/2017\/07\/logo_tauro_500x109px.png","width":500,"height":109,"caption":"Tauro Essiccatori"},"image":{"@id":"https:\/\/stor51.tauroessiccatori.com\/#\/schema\/logo\/image\/"},"sameAs":["https:\/\/www.facebook.com\/TauroEssiccatori\/","https:\/\/www.instagram.com\/tauro_essiccatori\/","https:\/\/it.linkedin.com\/company\/tauro-essiccatori","https:\/\/www.youtube.com\/user\/tauroessiccatori"]}]}},"_links":{"self":[{"href":"https:\/\/stor51.tauroessiccatori.com\/sv\/wp-json\/wp\/v2\/product\/3657"}],"collection":[{"href":"https:\/\/stor51.tauroessiccatori.com\/sv\/wp-json\/wp\/v2\/product"}],"about":[{"href":"https:\/\/stor51.tauroessiccatori.com\/sv\/wp-json\/wp\/v2\/types\/product"}],"replies":[{"embeddable":true,"href":"https:\/\/stor51.tauroessiccatori.com\/sv\/wp-json\/wp\/v2\/comments?post=3657"}],"wp:featuredmedia":[{"embeddable":true,"href":"https:\/\/stor51.tauroessiccatori.com\/sv\/wp-json\/wp\/v2\/media\/3675"}],"wp:attachment":[{"href":"https:\/\/stor51.tauroessiccatori.com\/sv\/wp-json\/wp\/v2\/media?parent=3657"}],"wp:term":[{"taxonomy":"product_cat","embeddable":true,"href":"https:\/\/stor51.tauroessiccatori.com\/sv\/wp-json\/wp\/v2\/product_cat?post=3657"},{"taxonomy":"product_tag","embeddable":true,"href":"https:\/\/stor51.tauroessiccatori.com\/sv\/wp-json\/wp\/v2\/product_tag?post=3657"}],"curies":[{"name":"wp","href":"https:\/\/api.w.org\/{rel}","templated":true}]}}