


{"id":1959,"date":"2018-03-30T12:24:07","date_gmt":"2018-03-30T10:24:07","guid":{"rendered":"http:\/\/store.tauroessiccatori.com\/?post_type=product&#038;p=1959\/"},"modified":"2023-05-16T11:33:55","modified_gmt":"2023-05-16T09:33:55","slug":"promo-pack-4","status":"publish","type":"product","link":"https:\/\/stor51.tauroessiccatori.com\/sv\/p\/kampanjpaket-4\/","title":{"rendered":"PROMO PACK 4"},"content":{"rendered":"<div class=\"tauro-banners\"><div class=\"banner-00\" style=\"background-color: #852035\">\r\n<div class=\"ix-xmas-box-other\" style=\"font-size: 18px;padding: 7px 0;margin: 0 auto 0px auto\" align=\"center\"><b style=\"color: #fff;font-size: 18px\">L\u00e4gg en BIOSEC under tr\u00e4det. <a style=\"color: #f8cc89;font-weight: bold;text-decoration: none;font-size: 18px\" href=\"https:\/\/www.tauroessiccatori.com\/christmas-2024\/\">UPPT\u00c4CK H\u00c4R<\/a> Julkampanjer!<\/b><\/div>\r\n<\/div><div class=\"banner-00\" style=\"background-color: #000\">\r\n<div class=\"ix-xmas-box-other\" style=\"font-size: 18px;padding: 7px 0;margin: 0 auto 0px auto\" align=\"center\"><b style=\"color: #fff\"> Black Friday-rabatterna \u00e4r h\u00e4r! \u00a0 <a style=\"color: #f77209;font-weight: bold;text-decoration: none\" href=\"https:\/\/www.tauroessiccatori.com\/black-friday-2024\/\"> Klicka f\u00f6r att inte missa dem \u2192. <\/a>\r\n<\/b><\/div>\r\n<\/div><\/div><div><strong>Beskrivning:<\/strong>SiliDrop och SiliSoft \u00e4r de innovativa multifunktionella Platinum Silicone non-stick-systemen som \u00e4r utformade f\u00f6r att ge dig maximal prestanda med varje Biosec.<br \/>\nDrySilk Net \u00e4r n\u00e4tet som \u00e4r utformat f\u00f6r att torka produkter som \u00e4r mycket klibbiga men inte droppar, och kan \u00e4ven anv\u00e4ndas i dubbla lager!<br \/>\nTesta dem alla i denna super Promo Pack-lansering!<br \/>\nTV\u00c4TTA F\u00d6RE F\u00d6RSTA ANV\u00c4NDNING.<\/p>\n<\/div>\n<div><strong>Tekniska egenskaper:<\/strong><\/p>\n<ul>\n<li>\u00a0tillverkad av platinasilikon 100% och plast f\u00f6r kontakt med livsmedel<\/li>\n<li>\u00a0\u00e5teranv\u00e4ndbar tusentals g\u00e5nger<\/li>\n<li>\u00a0BPA- och ftalatfri<\/li>\n<li>\u00a0Silikon f\u00f6r temperaturer mellan -60\u00b0 och +100 grader<\/li>\n<li>\u00a0SrySilk Net kan anv\u00e4ndas f\u00f6r temperaturer mellan 0\u00b0 och +100 grader<\/li>\n<li>\u00a0SiliDrop kanth\u00f6jd 1,5 cm<\/li>\n<li>\u00a0kompatibel med alla Biosec<\/li>\n<li>\u00a0t\u00e5l maskindisk<\/li>\n<\/ul>\n<\/div>\n<div><strong>F\u00f6rpackningens inneh\u00e5ll:<\/strong><\/p>\n<div>\n<ul>\n<li>\u00a02 SiliDrop-tr\u00e5g<\/li>\n<li>\u00a01 SiliSoft-matta<\/li>\n<li>\u00a05 Torrsilke Nets<\/li>\n<\/ul>\n<\/div>\n<\/div>\n<p><i>*Korgarna \u00e4r endast avsedda som f\u00f6rklaring och ing\u00e5r inte i paketet<\/i><\/p>","protected":false},"excerpt":{"rendered":"<p>Metti un BIOSEC sotto l&#8217;Albero. SCOPRI QUI le promozioni di Natale! Gli sconti Black Friday sono qui! \u00a0 Clicca\u00a0per\u00a0non perderli \u2192 Descrizione:SiliDrop e SiliSoft sono gli innovativi sistemi antiaderenti multiuso in Platinum Silicone, progettati per offrirvi il massimo delle prestazioni con ogni Biosec. DrySilk Net \u00e8 la retina studiata per essiccare prodotti molto appiccicosi ma [&hellip;]<\/p>","protected":false},"featured_media":2615,"comment_status":"closed","ping_status":"closed","template":"","meta":[],"product_cat":[258],"product_tag":[],"class_list":["post-1959","product","type-product","status-publish","has-post-thumbnail","hentry","product_cat-antiaderenti"],"acf":[],"yoast_head":"<!-- This site is optimized with the Yoast SEO plugin v20.10 - https:\/\/yoast.com\/wordpress\/plugins\/seo\/ -->\n<title>Antiaderenti per alimenti - Essiccatori Biosec di Tauro: Promo Pack n.4<\/title>\n<meta name=\"description\" content=\"Antiaderenti per alimenti compatibili con gli essiccatori Biosec: SiliSoft, SiliDrop e DtrySilk Net, provali tutti in questo super Promo Pack lancio!\" \/>\n<meta name=\"robots\" content=\"noindex, follow, max-snippet:-1, max-image-preview:large, max-video-preview:-1\" \/>\n<meta property=\"og:locale\" content=\"sv_SE\" \/>\n<meta property=\"og:type\" content=\"article\" \/>\n<meta property=\"og:title\" content=\"Antiaderenti per alimenti - Essiccatori Biosec di Tauro: Promo Pack n.4\" \/>\n<meta property=\"og:description\" content=\"Antiaderenti per alimenti compatibili con gli essiccatori Biosec: SiliSoft, SiliDrop e DtrySilk Net, provali tutti in questo super Promo Pack lancio!\" \/>\n<meta property=\"og:url\" content=\"https:\/\/stor51.tauroessiccatori.com\/sv\/p\/kampanjpaket-4\/\" \/>\n<meta property=\"og:site_name\" content=\"Tauro Essiccatori\" \/>\n<meta property=\"article:publisher\" content=\"https:\/\/www.facebook.com\/TauroEssiccatori\/\" \/>\n<meta property=\"article:modified_time\" content=\"2023-05-16T09:33:55+00:00\" \/>\n<meta property=\"og:image\" content=\"https:\/\/stor51.tauroessiccatori.com\/wp-assets\/uploads\/2018\/03\/Promo-Pack-4.jpg\" \/>\n\t<meta property=\"og:image:width\" content=\"1210\" \/>\n\t<meta property=\"og:image:height\" content=\"750\" \/>\n\t<meta property=\"og:image:type\" content=\"image\/jpeg\" \/>\n<meta name=\"twitter:card\" content=\"summary_large_image\" \/>\n<meta name=\"twitter:label1\" content=\"Est. reading time\" \/>\n\t<meta name=\"twitter:data1\" content=\"1 minut\" \/>\n<script type=\"application\/ld+json\" class=\"yoast-schema-graph\">{\"@context\":\"https:\/\/schema.org\",\"@graph\":[{\"@type\":\"WebPage\",\"@id\":\"https:\/\/stor51.tauroessiccatori.com\/p\/promo-pack-4\/\",\"url\":\"https:\/\/stor51.tauroessiccatori.com\/p\/promo-pack-4\/\",\"name\":\"Antiaderenti per alimenti - Essiccatori Biosec di Tauro: Promo Pack n.4\",\"isPartOf\":{\"@id\":\"https:\/\/stor51.tauroessiccatori.com\/#website\"},\"datePublished\":\"2018-03-30T10:24:07+00:00\",\"dateModified\":\"2023-05-16T09:33:55+00:00\",\"description\":\"Antiaderenti per alimenti compatibili con gli essiccatori Biosec: SiliSoft, SiliDrop e DtrySilk Net, provali tutti in questo super Promo Pack lancio!\",\"breadcrumb\":{\"@id\":\"https:\/\/stor51.tauroessiccatori.com\/p\/promo-pack-4\/#breadcrumb\"},\"inLanguage\":\"sv-SE\",\"potentialAction\":[{\"@type\":\"ReadAction\",\"target\":[\"https:\/\/stor51.tauroessiccatori.com\/p\/promo-pack-4\/\"]}]},{\"@type\":\"BreadcrumbList\",\"@id\":\"https:\/\/stor51.tauroessiccatori.com\/p\/promo-pack-4\/#breadcrumb\",\"itemListElement\":[{\"@type\":\"ListItem\",\"position\":1,\"name\":\"Home\",\"item\":\"https:\/\/stor51.tauroessiccatori.com\/\"},{\"@type\":\"ListItem\",\"position\":2,\"name\":\"Shop\",\"item\":\"https:\/\/stor51.tauroessiccatori.com\/negozio\/\"},{\"@type\":\"ListItem\",\"position\":3,\"name\":\"PROMO PACK 4\"}]},{\"@type\":\"WebSite\",\"@id\":\"https:\/\/stor51.tauroessiccatori.com\/#website\",\"url\":\"https:\/\/stor51.tauroessiccatori.com\/\",\"name\":\"Tauro Essiccatori\",\"description\":\"Welcome to Tauro Essiccatori online shop\",\"publisher\":{\"@id\":\"https:\/\/stor51.tauroessiccatori.com\/#organization\"},\"potentialAction\":[{\"@type\":\"SearchAction\",\"target\":{\"@type\":\"EntryPoint\",\"urlTemplate\":\"https:\/\/stor51.tauroessiccatori.com\/?s={search_term_string}\"},\"query-input\":\"required name=search_term_string\"}],\"inLanguage\":\"sv-SE\"},{\"@type\":\"Organization\",\"@id\":\"https:\/\/stor51.tauroessiccatori.com\/#organization\",\"name\":\"Tauro Essiccatori\",\"url\":\"https:\/\/stor51.tauroessiccatori.com\/\",\"logo\":{\"@type\":\"ImageObject\",\"inLanguage\":\"sv-SE\",\"@id\":\"https:\/\/stor51.tauroessiccatori.com\/#\/schema\/logo\/image\/\",\"url\":\"https:\/\/www.tauroessiccatori.com\/wp-assets\/uploads\/2017\/07\/logo_tauro_500x109px.png\",\"contentUrl\":\"https:\/\/www.tauroessiccatori.com\/wp-assets\/uploads\/2017\/07\/logo_tauro_500x109px.png\",\"width\":500,\"height\":109,\"caption\":\"Tauro Essiccatori\"},\"image\":{\"@id\":\"https:\/\/stor51.tauroessiccatori.com\/#\/schema\/logo\/image\/\"},\"sameAs\":[\"https:\/\/www.facebook.com\/TauroEssiccatori\/\",\"https:\/\/www.instagram.com\/tauro_essiccatori\/\",\"https:\/\/it.linkedin.com\/company\/tauro-essiccatori\",\"https:\/\/www.youtube.com\/user\/tauroessiccatori\"]}]}<\/script>\n<!-- \/ Yoast SEO plugin. -->","yoast_head_json":{"title":"Antiaderenti per alimenti - Essiccatori Biosec di Tauro: Promo Pack n.4","description":"Antiaderenti per alimenti compatibili con gli essiccatori Biosec: SiliSoft, SiliDrop e DtrySilk Net, provali tutti in questo super Promo Pack lancio!","robots":{"index":"noindex","follow":"follow","max-snippet":"max-snippet:-1","max-image-preview":"max-image-preview:large","max-video-preview":"max-video-preview:-1"},"og_locale":"sv_SE","og_type":"article","og_title":"Antiaderenti per alimenti - Essiccatori Biosec di Tauro: Promo Pack n.4","og_description":"Antiaderenti per alimenti compatibili con gli essiccatori Biosec: SiliSoft, SiliDrop e DtrySilk Net, provali tutti in questo super Promo Pack lancio!","og_url":"https:\/\/stor51.tauroessiccatori.com\/sv\/p\/kampanjpaket-4\/","og_site_name":"Tauro Essiccatori","article_publisher":"https:\/\/www.facebook.com\/TauroEssiccatori\/","article_modified_time":"2023-05-16T09:33:55+00:00","og_image":[{"width":1210,"height":750,"url":"https:\/\/stor51.tauroessiccatori.com\/wp-assets\/uploads\/2018\/03\/Promo-Pack-4.jpg","type":"image\/jpeg"}],"twitter_card":"summary_large_image","twitter_misc":{"Est. reading time":"1 minut"},"schema":{"@context":"https:\/\/schema.org","@graph":[{"@type":"WebPage","@id":"https:\/\/stor51.tauroessiccatori.com\/p\/promo-pack-4\/","url":"https:\/\/stor51.tauroessiccatori.com\/p\/promo-pack-4\/","name":"Antiaderenti per alimenti - Essiccatori Biosec di Tauro: Promo Pack n.4","isPartOf":{"@id":"https:\/\/stor51.tauroessiccatori.com\/#website"},"datePublished":"2018-03-30T10:24:07+00:00","dateModified":"2023-05-16T09:33:55+00:00","description":"Antiaderenti per alimenti compatibili con gli essiccatori Biosec: SiliSoft, SiliDrop e DtrySilk Net, provali tutti in questo super Promo Pack lancio!","breadcrumb":{"@id":"https:\/\/stor51.tauroessiccatori.com\/p\/promo-pack-4\/#breadcrumb"},"inLanguage":"sv-SE","potentialAction":[{"@type":"ReadAction","target":["https:\/\/stor51.tauroessiccatori.com\/p\/promo-pack-4\/"]}]},{"@type":"BreadcrumbList","@id":"https:\/\/stor51.tauroessiccatori.com\/p\/promo-pack-4\/#breadcrumb","itemListElement":[{"@type":"ListItem","position":1,"name":"Home","item":"https:\/\/stor51.tauroessiccatori.com\/"},{"@type":"ListItem","position":2,"name":"Shop","item":"https:\/\/stor51.tauroessiccatori.com\/negozio\/"},{"@type":"ListItem","position":3,"name":"PROMO PACK 4"}]},{"@type":"WebSite","@id":"https:\/\/stor51.tauroessiccatori.com\/#website","url":"https:\/\/stor51.tauroessiccatori.com\/","name":"Tauro Essiccatori","description":"Welcome to Tauro Essiccatori online shop","publisher":{"@id":"https:\/\/stor51.tauroessiccatori.com\/#organization"},"potentialAction":[{"@type":"SearchAction","target":{"@type":"EntryPoint","urlTemplate":"https:\/\/stor51.tauroessiccatori.com\/?s={search_term_string}"},"query-input":"required name=search_term_string"}],"inLanguage":"sv-SE"},{"@type":"Organization","@id":"https:\/\/stor51.tauroessiccatori.com\/#organization","name":"Tauro Essiccatori","url":"https:\/\/stor51.tauroessiccatori.com\/","logo":{"@type":"ImageObject","inLanguage":"sv-SE","@id":"https:\/\/stor51.tauroessiccatori.com\/#\/schema\/logo\/image\/","url":"https:\/\/www.tauroessiccatori.com\/wp-assets\/uploads\/2017\/07\/logo_tauro_500x109px.png","contentUrl":"https:\/\/www.tauroessiccatori.com\/wp-assets\/uploads\/2017\/07\/logo_tauro_500x109px.png","width":500,"height":109,"caption":"Tauro Essiccatori"},"image":{"@id":"https:\/\/stor51.tauroessiccatori.com\/#\/schema\/logo\/image\/"},"sameAs":["https:\/\/www.facebook.com\/TauroEssiccatori\/","https:\/\/www.instagram.com\/tauro_essiccatori\/","https:\/\/it.linkedin.com\/company\/tauro-essiccatori","https:\/\/www.youtube.com\/user\/tauroessiccatori"]}]}},"_links":{"self":[{"href":"https:\/\/stor51.tauroessiccatori.com\/sv\/wp-json\/wp\/v2\/product\/1959"}],"collection":[{"href":"https:\/\/stor51.tauroessiccatori.com\/sv\/wp-json\/wp\/v2\/product"}],"about":[{"href":"https:\/\/stor51.tauroessiccatori.com\/sv\/wp-json\/wp\/v2\/types\/product"}],"replies":[{"embeddable":true,"href":"https:\/\/stor51.tauroessiccatori.com\/sv\/wp-json\/wp\/v2\/comments?post=1959"}],"wp:featuredmedia":[{"embeddable":true,"href":"https:\/\/stor51.tauroessiccatori.com\/sv\/wp-json\/wp\/v2\/media\/2615"}],"wp:attachment":[{"href":"https:\/\/stor51.tauroessiccatori.com\/sv\/wp-json\/wp\/v2\/media?parent=1959"}],"wp:term":[{"taxonomy":"product_cat","embeddable":true,"href":"https:\/\/stor51.tauroessiccatori.com\/sv\/wp-json\/wp\/v2\/product_cat?post=1959"},{"taxonomy":"product_tag","embeddable":true,"href":"https:\/\/stor51.tauroessiccatori.com\/sv\/wp-json\/wp\/v2\/product_tag?post=1959"}],"curies":[{"name":"wp","href":"https:\/\/api.w.org\/{rel}","templated":true}]}}