


{"id":165899,"date":"2022-10-03T12:45:43","date_gmt":"2022-10-03T10:45:43","guid":{"rendered":"https:\/\/www.tauroessiccatori.com\/?post_type=product&#038;p=165899\/"},"modified":"2023-04-17T17:25:50","modified_gmt":"2023-04-17T15:25:50","slug":"corso-di-essiccazione-base","status":"publish","type":"product","link":"https:\/\/stor51.tauroessiccatori.com\/sv\/p\/grundlaggande-torkning-kurs\/","title":{"rendered":"Grundkurs i torkning"},"content":{"rendered":"<div class=\"tauro-banners\"><div class=\"banner-00\" style=\"background-color: #852035\">\r\n<div class=\"ix-xmas-box-other\" style=\"font-size: 18px;padding: 7px 0;margin: 0 auto 0px auto\" align=\"center\"><b style=\"color: #fff;font-size: 18px\">L\u00e4gg en BIOSEC under tr\u00e4det. <a style=\"color: #f8cc89;font-weight: bold;text-decoration: none;font-size: 18px\" href=\"https:\/\/www.tauroessiccatori.com\/christmas-2024\/\">UPPT\u00c4CK H\u00c4R<\/a> Julkampanjer!<\/b><\/div>\r\n<\/div><div class=\"banner-00\" style=\"background-color: #000\">\r\n<div class=\"ix-xmas-box-other\" style=\"font-size: 18px;padding: 7px 0;margin: 0 auto 0px auto\" align=\"center\"><b style=\"color: #fff\"> Black Friday-rabatterna \u00e4r h\u00e4r! \u00a0 <a style=\"color: #f77209;font-weight: bold;text-decoration: none\" href=\"https:\/\/www.tauroessiccatori.com\/black-friday-2024\/\"> Klicka f\u00f6r att inte missa dem \u2192. <\/a>\r\n<\/b><\/div>\r\n<\/div><\/div><div>\n<p><strong>Beskrivning Videokurs om grundl\u00e4ggande torkning:<\/strong><\/p>\n<p>S\u00e4tter du bara p\u00e5 torktumlaren f\u00f6r att g\u00f6ra \u00e4pplen och svamp? K\u00e4nner du f\u00f6r att anv\u00e4nda din torktumlare p\u00e5 b\u00e4sta s\u00e4tt? Den h\u00e4r kursen introducerar dig till de m\u00e5nga f\u00f6rberedelser du kan g\u00f6ra med torktumlaren.<br \/>\nF\u00f6rst och fr\u00e4mst kommer du att f\u00f6rst\u00e5 hur en tork (vertikal och horisontell) fungerar i detalj, hur torkning omvandlar livsmedel och hur de ska behandlas f\u00f6r att torkas p\u00e5 b\u00e4sta s\u00e4tt: f\u00f6rberedelse och bearbetning, f\u00f6rvaring och livsmedelss\u00e4kerhet.<br \/>\nKocken g\u00e5r igenom de grundl\u00e4ggande stegen i tillagningstekniken, visar resultaten, analyserar svaga punkter, eventuella o\u00f6nskade resultat och hur man kan f\u00f6rb\u00e4ttra dem. Han kommer att dela med sig av sin l\u00e5nga erfarenhet som torktumlare.<\/p>\n<div>\n<p><strong>KURSPROGRAM:<\/strong><\/p>\n<ul>\n1. Frukt och gr\u00f6nsaker<br \/>\nChips eller skivor<br \/>\n1.2. Stoft<br \/>\nFruktl\u00e4der<br \/>\n1.4. Hel eller halv<br \/>\n2. Icke friterade potatischips<br \/>\n3. Fisk och k\u00f6tt<br \/>\n4. Socker<br \/>\nFruktsocker<br \/>\n4.2 Smaksatt socker<br \/>\n4.3. Mar\u00e4nger<br \/>\n4.4. Sockerskidor<br \/>\n5. Mj\u00f6lkpulver, konserverad majs och olivjord<br \/>\n6. Frukostbars, kex och flingor<br \/>\n7. Tr\u00e4dg\u00e5rdsfr\u00f6n - j\u00e4skammare - r\u00f6kved<br \/>\n8. Papperet\n<\/div>\n<p><strong>Kampanjerbjudande: BASE DRYING Videokurs f\u00f6r 80,00 \u20ac ist\u00e4llet f\u00f6r 100,00 \u20ac - tillg\u00e5ng till kursen i 6 m\u00e5nader\u00a0<\/strong>\n<\/div>","protected":false},"excerpt":{"rendered":"<p>Metti un BIOSEC sotto l&#8217;Albero. SCOPRI QUI le promozioni di Natale! Gli sconti Black Friday sono qui! \u00a0 Clicca\u00a0per\u00a0non perderli \u2192 Descrizione Video Corso di ESSICCAZIONE BASE: Accendi l\u2019essiccatore solo per fare mele e funghi? Hai voglia di utilizzare al meglio il tuo essiccatore? Questo corso ti far\u00e0 scoprire le moltissime preparazioni che \u00e8 possibile [&hellip;]<\/p>","protected":false},"featured_media":167900,"comment_status":"closed","ping_status":"closed","template":"","meta":[],"product_cat":[196],"product_tag":[],"class_list":["post-165899","product","type-product","status-publish","has-post-thumbnail","hentry","product_cat-libri"],"acf":[],"yoast_head":"<!-- This site is optimized with the Yoast SEO plugin v20.10 - https:\/\/yoast.com\/wordpress\/plugins\/seo\/ -->\n<title>Corso di Essiccazione Base - Tauro Essiccatori<\/title>\n<meta name=\"robots\" content=\"noindex, follow, max-snippet:-1, max-image-preview:large, max-video-preview:-1\" \/>\n<meta property=\"og:locale\" content=\"sv_SE\" \/>\n<meta property=\"og:type\" content=\"article\" \/>\n<meta property=\"og:title\" content=\"Corso di Essiccazione Base - Tauro Essiccatori\" \/>\n<meta property=\"og:description\" content=\"Metti un BIOSEC sotto l&#039;Albero. SCOPRI QUI le promozioni di Natale! Gli sconti Black Friday sono qui! \u00a0 Clicca\u00a0per\u00a0non perderli \u2192 Descrizione Video Corso di ESSICCAZIONE BASE: Accendi l\u2019essiccatore solo per fare mele e funghi? Hai voglia di utilizzare al meglio il tuo essiccatore? Questo corso ti far\u00e0 scoprire le moltissime preparazioni che \u00e8 possibile [&hellip;]\" \/>\n<meta property=\"og:url\" content=\"https:\/\/stor51.tauroessiccatori.com\/sv\/p\/grundlaggande-torkning-kurs\/\" \/>\n<meta property=\"og:site_name\" content=\"Tauro Essiccatori\" \/>\n<meta property=\"article:publisher\" content=\"https:\/\/www.facebook.com\/TauroEssiccatori\/\" \/>\n<meta property=\"article:modified_time\" content=\"2023-04-17T15:25:50+00:00\" \/>\n<meta property=\"og:image\" content=\"https:\/\/stor51.tauroessiccatori.com\/wp-assets\/uploads\/2022\/10\/tauro_chef_dalicandro_corsi.jpg\" \/>\n\t<meta property=\"og:image:width\" content=\"2048\" \/>\n\t<meta property=\"og:image:height\" content=\"1266\" \/>\n\t<meta property=\"og:image:type\" content=\"image\/jpeg\" \/>\n<meta name=\"twitter:card\" content=\"summary_large_image\" \/>\n<meta name=\"twitter:label1\" content=\"Est. reading time\" \/>\n\t<meta name=\"twitter:data1\" content=\"1 minut\" \/>\n<script type=\"application\/ld+json\" class=\"yoast-schema-graph\">{\"@context\":\"https:\/\/schema.org\",\"@graph\":[{\"@type\":\"WebPage\",\"@id\":\"https:\/\/stor51.tauroessiccatori.com\/p\/corso-di-essiccazione-base\/\",\"url\":\"https:\/\/stor51.tauroessiccatori.com\/p\/corso-di-essiccazione-base\/\",\"name\":\"Corso di Essiccazione Base - Tauro Essiccatori\",\"isPartOf\":{\"@id\":\"https:\/\/stor51.tauroessiccatori.com\/#website\"},\"datePublished\":\"2022-10-03T10:45:43+00:00\",\"dateModified\":\"2023-04-17T15:25:50+00:00\",\"breadcrumb\":{\"@id\":\"https:\/\/stor51.tauroessiccatori.com\/p\/corso-di-essiccazione-base\/#breadcrumb\"},\"inLanguage\":\"sv-SE\",\"potentialAction\":[{\"@type\":\"ReadAction\",\"target\":[\"https:\/\/stor51.tauroessiccatori.com\/p\/corso-di-essiccazione-base\/\"]}]},{\"@type\":\"BreadcrumbList\",\"@id\":\"https:\/\/stor51.tauroessiccatori.com\/p\/corso-di-essiccazione-base\/#breadcrumb\",\"itemListElement\":[{\"@type\":\"ListItem\",\"position\":1,\"name\":\"Home\",\"item\":\"https:\/\/stor51.tauroessiccatori.com\/\"},{\"@type\":\"ListItem\",\"position\":2,\"name\":\"Shop\",\"item\":\"https:\/\/stor51.tauroessiccatori.com\/negozio\/\"},{\"@type\":\"ListItem\",\"position\":3,\"name\":\"Corso di Essiccazione Base\"}]},{\"@type\":\"WebSite\",\"@id\":\"https:\/\/stor51.tauroessiccatori.com\/#website\",\"url\":\"https:\/\/stor51.tauroessiccatori.com\/\",\"name\":\"Tauro Essiccatori\",\"description\":\"Welcome to Tauro Essiccatori online shop\",\"publisher\":{\"@id\":\"https:\/\/stor51.tauroessiccatori.com\/#organization\"},\"potentialAction\":[{\"@type\":\"SearchAction\",\"target\":{\"@type\":\"EntryPoint\",\"urlTemplate\":\"https:\/\/stor51.tauroessiccatori.com\/?s={search_term_string}\"},\"query-input\":\"required name=search_term_string\"}],\"inLanguage\":\"sv-SE\"},{\"@type\":\"Organization\",\"@id\":\"https:\/\/stor51.tauroessiccatori.com\/#organization\",\"name\":\"Tauro Essiccatori\",\"url\":\"https:\/\/stor51.tauroessiccatori.com\/\",\"logo\":{\"@type\":\"ImageObject\",\"inLanguage\":\"sv-SE\",\"@id\":\"https:\/\/stor51.tauroessiccatori.com\/#\/schema\/logo\/image\/\",\"url\":\"https:\/\/www.tauroessiccatori.com\/wp-assets\/uploads\/2017\/07\/logo_tauro_500x109px.png\",\"contentUrl\":\"https:\/\/www.tauroessiccatori.com\/wp-assets\/uploads\/2017\/07\/logo_tauro_500x109px.png\",\"width\":500,\"height\":109,\"caption\":\"Tauro Essiccatori\"},\"image\":{\"@id\":\"https:\/\/stor51.tauroessiccatori.com\/#\/schema\/logo\/image\/\"},\"sameAs\":[\"https:\/\/www.facebook.com\/TauroEssiccatori\/\",\"https:\/\/www.instagram.com\/tauro_essiccatori\/\",\"https:\/\/it.linkedin.com\/company\/tauro-essiccatori\",\"https:\/\/www.youtube.com\/user\/tauroessiccatori\"]}]}<\/script>\n<!-- \/ Yoast SEO plugin. -->","yoast_head_json":{"title":"Corso di Essiccazione Base - Tauro Essiccatori","robots":{"index":"noindex","follow":"follow","max-snippet":"max-snippet:-1","max-image-preview":"max-image-preview:large","max-video-preview":"max-video-preview:-1"},"og_locale":"sv_SE","og_type":"article","og_title":"Corso di Essiccazione Base - Tauro Essiccatori","og_description":"Metti un BIOSEC sotto l'Albero. SCOPRI QUI le promozioni di Natale! Gli sconti Black Friday sono qui! \u00a0 Clicca\u00a0per\u00a0non perderli \u2192 Descrizione Video Corso di ESSICCAZIONE BASE: Accendi l\u2019essiccatore solo per fare mele e funghi? Hai voglia di utilizzare al meglio il tuo essiccatore? Questo corso ti far\u00e0 scoprire le moltissime preparazioni che \u00e8 possibile [&hellip;]","og_url":"https:\/\/stor51.tauroessiccatori.com\/sv\/p\/grundlaggande-torkning-kurs\/","og_site_name":"Tauro Essiccatori","article_publisher":"https:\/\/www.facebook.com\/TauroEssiccatori\/","article_modified_time":"2023-04-17T15:25:50+00:00","og_image":[{"width":2048,"height":1266,"url":"https:\/\/stor51.tauroessiccatori.com\/wp-assets\/uploads\/2022\/10\/tauro_chef_dalicandro_corsi.jpg","type":"image\/jpeg"}],"twitter_card":"summary_large_image","twitter_misc":{"Est. reading time":"1 minut"},"schema":{"@context":"https:\/\/schema.org","@graph":[{"@type":"WebPage","@id":"https:\/\/stor51.tauroessiccatori.com\/p\/corso-di-essiccazione-base\/","url":"https:\/\/stor51.tauroessiccatori.com\/p\/corso-di-essiccazione-base\/","name":"Corso di Essiccazione Base - Tauro Essiccatori","isPartOf":{"@id":"https:\/\/stor51.tauroessiccatori.com\/#website"},"datePublished":"2022-10-03T10:45:43+00:00","dateModified":"2023-04-17T15:25:50+00:00","breadcrumb":{"@id":"https:\/\/stor51.tauroessiccatori.com\/p\/corso-di-essiccazione-base\/#breadcrumb"},"inLanguage":"sv-SE","potentialAction":[{"@type":"ReadAction","target":["https:\/\/stor51.tauroessiccatori.com\/p\/corso-di-essiccazione-base\/"]}]},{"@type":"BreadcrumbList","@id":"https:\/\/stor51.tauroessiccatori.com\/p\/corso-di-essiccazione-base\/#breadcrumb","itemListElement":[{"@type":"ListItem","position":1,"name":"Home","item":"https:\/\/stor51.tauroessiccatori.com\/"},{"@type":"ListItem","position":2,"name":"Shop","item":"https:\/\/stor51.tauroessiccatori.com\/negozio\/"},{"@type":"ListItem","position":3,"name":"Corso di Essiccazione Base"}]},{"@type":"WebSite","@id":"https:\/\/stor51.tauroessiccatori.com\/#website","url":"https:\/\/stor51.tauroessiccatori.com\/","name":"Tauro Essiccatori","description":"Welcome to Tauro Essiccatori online shop","publisher":{"@id":"https:\/\/stor51.tauroessiccatori.com\/#organization"},"potentialAction":[{"@type":"SearchAction","target":{"@type":"EntryPoint","urlTemplate":"https:\/\/stor51.tauroessiccatori.com\/?s={search_term_string}"},"query-input":"required name=search_term_string"}],"inLanguage":"sv-SE"},{"@type":"Organization","@id":"https:\/\/stor51.tauroessiccatori.com\/#organization","name":"Tauro Essiccatori","url":"https:\/\/stor51.tauroessiccatori.com\/","logo":{"@type":"ImageObject","inLanguage":"sv-SE","@id":"https:\/\/stor51.tauroessiccatori.com\/#\/schema\/logo\/image\/","url":"https:\/\/www.tauroessiccatori.com\/wp-assets\/uploads\/2017\/07\/logo_tauro_500x109px.png","contentUrl":"https:\/\/www.tauroessiccatori.com\/wp-assets\/uploads\/2017\/07\/logo_tauro_500x109px.png","width":500,"height":109,"caption":"Tauro Essiccatori"},"image":{"@id":"https:\/\/stor51.tauroessiccatori.com\/#\/schema\/logo\/image\/"},"sameAs":["https:\/\/www.facebook.com\/TauroEssiccatori\/","https:\/\/www.instagram.com\/tauro_essiccatori\/","https:\/\/it.linkedin.com\/company\/tauro-essiccatori","https:\/\/www.youtube.com\/user\/tauroessiccatori"]}]}},"_links":{"self":[{"href":"https:\/\/stor51.tauroessiccatori.com\/sv\/wp-json\/wp\/v2\/product\/165899"}],"collection":[{"href":"https:\/\/stor51.tauroessiccatori.com\/sv\/wp-json\/wp\/v2\/product"}],"about":[{"href":"https:\/\/stor51.tauroessiccatori.com\/sv\/wp-json\/wp\/v2\/types\/product"}],"replies":[{"embeddable":true,"href":"https:\/\/stor51.tauroessiccatori.com\/sv\/wp-json\/wp\/v2\/comments?post=165899"}],"wp:featuredmedia":[{"embeddable":true,"href":"https:\/\/stor51.tauroessiccatori.com\/sv\/wp-json\/wp\/v2\/media\/167900"}],"wp:attachment":[{"href":"https:\/\/stor51.tauroessiccatori.com\/sv\/wp-json\/wp\/v2\/media?parent=165899"}],"wp:term":[{"taxonomy":"product_cat","embeddable":true,"href":"https:\/\/stor51.tauroessiccatori.com\/sv\/wp-json\/wp\/v2\/product_cat?post=165899"},{"taxonomy":"product_tag","embeddable":true,"href":"https:\/\/stor51.tauroessiccatori.com\/sv\/wp-json\/wp\/v2\/product_tag?post=165899"}],"curies":[{"name":"wp","href":"https:\/\/api.w.org\/{rel}","templated":true}]}}