


{"id":112156,"date":"2021-07-16T19:32:22","date_gmt":"2021-07-16T17:32:22","guid":{"rendered":"https:\/\/www.tauroessiccatori.com\/?post_type=product&#038;p=112156\/"},"modified":"2023-05-12T10:53:46","modified_gmt":"2023-05-12T08:53:46","slug":"b-master-twin-xl-tauro-essiccatori-professionali","status":"publish","type":"product","link":"https:\/\/stor51.tauroessiccatori.com\/sv\/p\/b-master-twin-xl-torktumlare-professionell\/","title":{"rendered":"B.Master TWIN XL"},"content":{"rendered":"<div class=\"tauro-banners\"><div class=\"banner-00\" style=\"background-color: #852035\">\r\n<div class=\"ix-xmas-box-other\" style=\"font-size: 18px;padding: 7px 0;margin: 0 auto 0px auto\" align=\"center\"><b style=\"color: #fff;font-size: 18px\">L\u00e4gg en BIOSEC under tr\u00e4det. <a style=\"color: #f8cc89;font-weight: bold;text-decoration: none;font-size: 18px\" href=\"https:\/\/www.tauroessiccatori.com\/christmas-2024\/\">UPPT\u00c4CK H\u00c4R<\/a> Julkampanjer!<\/b><\/div>\r\n<\/div><div class=\"banner-00\" style=\"background-color: #000\">\r\n<div class=\"ix-xmas-box-other\" style=\"font-size: 18px;padding: 7px 0;margin: 0 auto 0px auto\" align=\"center\"><b style=\"color: #fff\"> Black Friday-rabatterna \u00e4r h\u00e4r! \u00a0 <a style=\"color: #f77209;font-weight: bold;text-decoration: none\" href=\"https:\/\/www.tauroessiccatori.com\/black-friday-2024\/\"> Klicka f\u00f6r att inte missa dem \u2192. <\/a>\r\n<\/b><\/div>\r\n<\/div><\/div><div>\n<p style=\"text-align: justify\">B.Master TwinXL uppfyller behoven hos sm\u00e5 till medelstora processorer. Den \u00e4r utrustad med en 10,2 kW elektrisk v\u00e4rmek\u00e4lla som standard. Det elektriska v\u00e4rmesystemet kan integreras eller ers\u00e4ttas med vattenuppv\u00e4rmningsbatterier f\u00f6r att utnyttja alternativa energik\u00e4llor. B.Master Twin har ocks\u00e5 en modul\u00e4r struktur och kan d\u00e4rf\u00f6r ut\u00f6kas med en andra torkmodul f\u00f6r h\u00f6gre produktivitet.<\/p>\n<\/div>\n<p>&nbsp;<\/p>\n<div>\n<p><strong>Automatisk ventilationsmodul<\/strong><\/p>\n<p style=\"text-align: justify\">Det k\u00e4nner sj\u00e4lv av fuktm\u00e4ttad luft och leder bort den till utsidan. Systemet ger optimerad och effektiv luftcirkulation samt perfekt fuktkontroll f\u00f6r effektivare, snabbare och mer ekonomisk torkning.<\/p>\n<p><strong>Ytterligare torkmodul (tillval)<\/strong><\/p>\n<\/div>\n<p>&nbsp;<\/p>\n<div>\n<p style=\"text-align: justify\">Detta \u00e4r en extra torkkammare, direkt ansluten till B.Master-torken, som g\u00f6r att dess kapacitet kan f\u00f6rdubblas.<\/p>\n<\/div>","protected":false},"excerpt":{"rendered":"<p>Metti un BIOSEC sotto l&#8217;Albero. SCOPRI QUI le promozioni di Natale! Gli sconti Black Friday sono qui! \u00a0 Clicca\u00a0per\u00a0non perderli \u2192 B.Master TwinXL risponde alle esigenze delle piccole\/medie aziende di trasformazione. Nasce dotato di una fonte di calore elettrica da 10,2 kW di serie. Il sistema di riscaldamento elettrico pu\u00f2 essere integrato o sostituito con [&hellip;]<\/p>","protected":false},"featured_media":168042,"comment_status":"closed","ping_status":"closed","template":"","meta":[],"product_cat":[194],"product_tag":[],"class_list":["post-112156","product","type-product","status-publish","has-post-thumbnail","hentry","product_cat-essiccatori-professionali"],"acf":[],"yoast_head":"<!-- This site is optimized with the Yoast SEO plugin v20.10 - https:\/\/yoast.com\/wordpress\/plugins\/seo\/ -->\n<title>B.Master TWIN XL essiccatore professionale per frutta e verdura- Tauro Essiccatori<\/title>\n<meta name=\"description\" content=\"SE VUOI NE VALE TUTTA LA PENA.Ottimizza la superficie del tuo B.Master con il massimo numero di ripiani, fino a 88 per modulo, per un totale di 176 pezzi ed una potenza massima di 15 kW.\" \/>\n<meta name=\"robots\" content=\"noindex, follow, max-snippet:-1, max-image-preview:large, max-video-preview:-1\" \/>\n<meta property=\"og:locale\" content=\"sv_SE\" \/>\n<meta property=\"og:type\" content=\"article\" \/>\n<meta property=\"og:title\" content=\"B.Master TWIN XL essiccatore professionale per frutta e verdura- Tauro Essiccatori\" \/>\n<meta property=\"og:description\" content=\"SE VUOI NE VALE TUTTA LA PENA.Ottimizza la superficie del tuo B.Master con il massimo numero di ripiani, fino a 88 per modulo, per un totale di 176 pezzi ed una potenza massima di 15 kW.\" \/>\n<meta property=\"og:url\" content=\"https:\/\/stor51.tauroessiccatori.com\/sv\/p\/b-master-twin-xl-torktumlare-professionell\/\" \/>\n<meta property=\"og:site_name\" content=\"Tauro Essiccatori\" \/>\n<meta property=\"article:publisher\" content=\"https:\/\/www.facebook.com\/TauroEssiccatori\/\" \/>\n<meta property=\"article:modified_time\" content=\"2023-05-12T08:53:46+00:00\" \/>\n<meta property=\"og:image\" content=\"https:\/\/stor51.tauroessiccatori.com\/wp-assets\/uploads\/2021\/07\/essiccatore_professionale_bmaster-twin-xl-aperto_tauro-essiccatori.jpg\" \/>\n\t<meta property=\"og:image:width\" content=\"1600\" \/>\n\t<meta property=\"og:image:height\" content=\"1266\" \/>\n\t<meta property=\"og:image:type\" content=\"image\/jpeg\" \/>\n<meta name=\"twitter:card\" content=\"summary_large_image\" \/>\n<meta name=\"twitter:label1\" content=\"Est. reading time\" \/>\n\t<meta name=\"twitter:data1\" content=\"1 minut\" \/>\n<script type=\"application\/ld+json\" class=\"yoast-schema-graph\">{\"@context\":\"https:\/\/schema.org\",\"@graph\":[{\"@type\":\"WebPage\",\"@id\":\"https:\/\/stor51.tauroessiccatori.com\/p\/b-master-twin-xl-tauro-essiccatori-professionali\/\",\"url\":\"https:\/\/stor51.tauroessiccatori.com\/p\/b-master-twin-xl-tauro-essiccatori-professionali\/\",\"name\":\"B.Master TWIN XL essiccatore professionale per frutta e verdura- Tauro Essiccatori\",\"isPartOf\":{\"@id\":\"https:\/\/stor51.tauroessiccatori.com\/#website\"},\"datePublished\":\"2021-07-16T17:32:22+00:00\",\"dateModified\":\"2023-05-12T08:53:46+00:00\",\"description\":\"SE VUOI NE VALE TUTTA LA PENA.Ottimizza la superficie del tuo B.Master con il massimo numero di ripiani, fino a 88 per modulo, per un totale di 176 pezzi ed una potenza massima di 15 kW.\",\"breadcrumb\":{\"@id\":\"https:\/\/stor51.tauroessiccatori.com\/p\/b-master-twin-xl-tauro-essiccatori-professionali\/#breadcrumb\"},\"inLanguage\":\"sv-SE\",\"potentialAction\":[{\"@type\":\"ReadAction\",\"target\":[\"https:\/\/stor51.tauroessiccatori.com\/p\/b-master-twin-xl-tauro-essiccatori-professionali\/\"]}]},{\"@type\":\"BreadcrumbList\",\"@id\":\"https:\/\/stor51.tauroessiccatori.com\/p\/b-master-twin-xl-tauro-essiccatori-professionali\/#breadcrumb\",\"itemListElement\":[{\"@type\":\"ListItem\",\"position\":1,\"name\":\"Home\",\"item\":\"https:\/\/stor51.tauroessiccatori.com\/\"},{\"@type\":\"ListItem\",\"position\":2,\"name\":\"Shop\",\"item\":\"https:\/\/stor51.tauroessiccatori.com\/negozio\/\"},{\"@type\":\"ListItem\",\"position\":3,\"name\":\"B.Master TWIN XL\"}]},{\"@type\":\"WebSite\",\"@id\":\"https:\/\/stor51.tauroessiccatori.com\/#website\",\"url\":\"https:\/\/stor51.tauroessiccatori.com\/\",\"name\":\"Tauro Essiccatori\",\"description\":\"Welcome to Tauro Essiccatori online shop\",\"publisher\":{\"@id\":\"https:\/\/stor51.tauroessiccatori.com\/#organization\"},\"potentialAction\":[{\"@type\":\"SearchAction\",\"target\":{\"@type\":\"EntryPoint\",\"urlTemplate\":\"https:\/\/stor51.tauroessiccatori.com\/?s={search_term_string}\"},\"query-input\":\"required name=search_term_string\"}],\"inLanguage\":\"sv-SE\"},{\"@type\":\"Organization\",\"@id\":\"https:\/\/stor51.tauroessiccatori.com\/#organization\",\"name\":\"Tauro Essiccatori\",\"url\":\"https:\/\/stor51.tauroessiccatori.com\/\",\"logo\":{\"@type\":\"ImageObject\",\"inLanguage\":\"sv-SE\",\"@id\":\"https:\/\/stor51.tauroessiccatori.com\/#\/schema\/logo\/image\/\",\"url\":\"https:\/\/www.tauroessiccatori.com\/wp-assets\/uploads\/2017\/07\/logo_tauro_500x109px.png\",\"contentUrl\":\"https:\/\/www.tauroessiccatori.com\/wp-assets\/uploads\/2017\/07\/logo_tauro_500x109px.png\",\"width\":500,\"height\":109,\"caption\":\"Tauro Essiccatori\"},\"image\":{\"@id\":\"https:\/\/stor51.tauroessiccatori.com\/#\/schema\/logo\/image\/\"},\"sameAs\":[\"https:\/\/www.facebook.com\/TauroEssiccatori\/\",\"https:\/\/www.instagram.com\/tauro_essiccatori\/\",\"https:\/\/it.linkedin.com\/company\/tauro-essiccatori\",\"https:\/\/www.youtube.com\/user\/tauroessiccatori\"]}]}<\/script>\n<!-- \/ Yoast SEO plugin. -->","yoast_head_json":{"title":"B.Master TWIN XL essiccatore professionale per frutta e verdura- Tauro Essiccatori","description":"SE VUOI NE VALE TUTTA LA PENA.Ottimizza la superficie del tuo B.Master con il massimo numero di ripiani, fino a 88 per modulo, per un totale di 176 pezzi ed una potenza massima di 15 kW.","robots":{"index":"noindex","follow":"follow","max-snippet":"max-snippet:-1","max-image-preview":"max-image-preview:large","max-video-preview":"max-video-preview:-1"},"og_locale":"sv_SE","og_type":"article","og_title":"B.Master TWIN XL essiccatore professionale per frutta e verdura- Tauro Essiccatori","og_description":"SE VUOI NE VALE TUTTA LA PENA.Ottimizza la superficie del tuo B.Master con il massimo numero di ripiani, fino a 88 per modulo, per un totale di 176 pezzi ed una potenza massima di 15 kW.","og_url":"https:\/\/stor51.tauroessiccatori.com\/sv\/p\/b-master-twin-xl-torktumlare-professionell\/","og_site_name":"Tauro Essiccatori","article_publisher":"https:\/\/www.facebook.com\/TauroEssiccatori\/","article_modified_time":"2023-05-12T08:53:46+00:00","og_image":[{"width":1600,"height":1266,"url":"https:\/\/stor51.tauroessiccatori.com\/wp-assets\/uploads\/2021\/07\/essiccatore_professionale_bmaster-twin-xl-aperto_tauro-essiccatori.jpg","type":"image\/jpeg"}],"twitter_card":"summary_large_image","twitter_misc":{"Est. reading time":"1 minut"},"schema":{"@context":"https:\/\/schema.org","@graph":[{"@type":"WebPage","@id":"https:\/\/stor51.tauroessiccatori.com\/p\/b-master-twin-xl-tauro-essiccatori-professionali\/","url":"https:\/\/stor51.tauroessiccatori.com\/p\/b-master-twin-xl-tauro-essiccatori-professionali\/","name":"B.Master TWIN XL essiccatore professionale per frutta e verdura- Tauro Essiccatori","isPartOf":{"@id":"https:\/\/stor51.tauroessiccatori.com\/#website"},"datePublished":"2021-07-16T17:32:22+00:00","dateModified":"2023-05-12T08:53:46+00:00","description":"SE VUOI NE VALE TUTTA LA PENA.Ottimizza la superficie del tuo B.Master con il massimo numero di ripiani, fino a 88 per modulo, per un totale di 176 pezzi ed una potenza massima di 15 kW.","breadcrumb":{"@id":"https:\/\/stor51.tauroessiccatori.com\/p\/b-master-twin-xl-tauro-essiccatori-professionali\/#breadcrumb"},"inLanguage":"sv-SE","potentialAction":[{"@type":"ReadAction","target":["https:\/\/stor51.tauroessiccatori.com\/p\/b-master-twin-xl-tauro-essiccatori-professionali\/"]}]},{"@type":"BreadcrumbList","@id":"https:\/\/stor51.tauroessiccatori.com\/p\/b-master-twin-xl-tauro-essiccatori-professionali\/#breadcrumb","itemListElement":[{"@type":"ListItem","position":1,"name":"Home","item":"https:\/\/stor51.tauroessiccatori.com\/"},{"@type":"ListItem","position":2,"name":"Shop","item":"https:\/\/stor51.tauroessiccatori.com\/negozio\/"},{"@type":"ListItem","position":3,"name":"B.Master TWIN XL"}]},{"@type":"WebSite","@id":"https:\/\/stor51.tauroessiccatori.com\/#website","url":"https:\/\/stor51.tauroessiccatori.com\/","name":"Tauro Essiccatori","description":"Welcome to Tauro Essiccatori online shop","publisher":{"@id":"https:\/\/stor51.tauroessiccatori.com\/#organization"},"potentialAction":[{"@type":"SearchAction","target":{"@type":"EntryPoint","urlTemplate":"https:\/\/stor51.tauroessiccatori.com\/?s={search_term_string}"},"query-input":"required name=search_term_string"}],"inLanguage":"sv-SE"},{"@type":"Organization","@id":"https:\/\/stor51.tauroessiccatori.com\/#organization","name":"Tauro Essiccatori","url":"https:\/\/stor51.tauroessiccatori.com\/","logo":{"@type":"ImageObject","inLanguage":"sv-SE","@id":"https:\/\/stor51.tauroessiccatori.com\/#\/schema\/logo\/image\/","url":"https:\/\/www.tauroessiccatori.com\/wp-assets\/uploads\/2017\/07\/logo_tauro_500x109px.png","contentUrl":"https:\/\/www.tauroessiccatori.com\/wp-assets\/uploads\/2017\/07\/logo_tauro_500x109px.png","width":500,"height":109,"caption":"Tauro Essiccatori"},"image":{"@id":"https:\/\/stor51.tauroessiccatori.com\/#\/schema\/logo\/image\/"},"sameAs":["https:\/\/www.facebook.com\/TauroEssiccatori\/","https:\/\/www.instagram.com\/tauro_essiccatori\/","https:\/\/it.linkedin.com\/company\/tauro-essiccatori","https:\/\/www.youtube.com\/user\/tauroessiccatori"]}]}},"_links":{"self":[{"href":"https:\/\/stor51.tauroessiccatori.com\/sv\/wp-json\/wp\/v2\/product\/112156"}],"collection":[{"href":"https:\/\/stor51.tauroessiccatori.com\/sv\/wp-json\/wp\/v2\/product"}],"about":[{"href":"https:\/\/stor51.tauroessiccatori.com\/sv\/wp-json\/wp\/v2\/types\/product"}],"replies":[{"embeddable":true,"href":"https:\/\/stor51.tauroessiccatori.com\/sv\/wp-json\/wp\/v2\/comments?post=112156"}],"wp:featuredmedia":[{"embeddable":true,"href":"https:\/\/stor51.tauroessiccatori.com\/sv\/wp-json\/wp\/v2\/media\/168042"}],"wp:attachment":[{"href":"https:\/\/stor51.tauroessiccatori.com\/sv\/wp-json\/wp\/v2\/media?parent=112156"}],"wp:term":[{"taxonomy":"product_cat","embeddable":true,"href":"https:\/\/stor51.tauroessiccatori.com\/sv\/wp-json\/wp\/v2\/product_cat?post=112156"},{"taxonomy":"product_tag","embeddable":true,"href":"https:\/\/stor51.tauroessiccatori.com\/sv\/wp-json\/wp\/v2\/product_tag?post=112156"}],"curies":[{"name":"wp","href":"https:\/\/api.w.org\/{rel}","templated":true}]}}