


{"id":1115,"date":"2017-10-24T02:27:06","date_gmt":"2017-10-24T00:27:06","guid":{"rendered":"http:\/\/store.tauroessiccatori.com\/?page_id=1115\/"},"modified":"2023-10-18T18:30:00","modified_gmt":"2023-10-18T16:30:00","slug":"consegna-e-reso","status":"publish","type":"page","link":"https:\/\/stor51.tauroessiccatori.com\/sv\/kundservice\/leverans-och-retur\/","title":{"rendered":"Leverans och retur"},"content":{"rendered":"<div class=\"tauro-banners\"><div class=\"banner-00\" style=\"background-color: #852035\">\r\n<div class=\"ix-xmas-box-other\" style=\"font-size: 18px;padding: 7px 0;margin: 0 auto 0px auto\" align=\"center\"><b style=\"color: #fff;font-size: 18px\">L\u00e4gg en BIOSEC under tr\u00e4det. <a style=\"color: #f8cc89;font-weight: bold;text-decoration: none;font-size: 18px\" href=\"https:\/\/www.tauroessiccatori.com\/christmas-2024\/\">UPPT\u00c4CK H\u00c4R<\/a> Julkampanjer!<\/b><\/div>\r\n<\/div><div class=\"banner-00\" style=\"background-color: #000\">\r\n<div class=\"ix-xmas-box-other\" style=\"font-size: 18px;padding: 7px 0;margin: 0 auto 0px auto\" align=\"center\"><b style=\"color: #fff\"> Black Friday-rabatterna \u00e4r h\u00e4r! \u00a0 <a style=\"color: #f77209;font-weight: bold;text-decoration: none\" href=\"https:\/\/www.tauroessiccatori.com\/black-friday-2024\/\"> Klicka f\u00f6r att inte missa dem \u2192. <\/a>\r\n<\/b><\/div>\r\n<\/div><\/div><div class=\"ix-container-inner\">\n<div class=\"uk-grid uk-grid-medium\">\n<div class=\"uk-width-large-1-3\">\n           \n    <div class=\"ix-help-menu\">\n\n     <ul>\n       <li class=\"ix-help-menu-title\">kundservice<\/li>\n       <li class=\"ix-link-help-li\"><a class=\"ix-link-help\" href=\"https:\/\/www.tauroessiccatori.com\/servizio-clienti\/condizioni-di-vendita\">F\u00f6rs\u00e4ljningsvillkor<\/a><\/li>\n       <li class=\"ix-link-help-li\"><a class=\"ix-link-help ix-help-link-active\" href=\"https:\/\/www.tauroessiccatori.com\/servizio-clienti\/consegna-e-reso\/\">leverans och retur<\/a><\/li>\n       <li class=\"ix-link-help-li\"><a class=\"ix-link-help\" href=\"https:\/\/www.tauroessiccatori.com\/servizio-clienti\/estensione-di-garanzia\/\">garantif\u00f6rl\u00e4ngning<\/a><\/li>\n       <li class=\"ix-link-help-li\"><a class=\"ix-link-help\" href=\"https:\/\/www.tauroessiccatori.com\/servizio-clienti\/pagamento\/\">betalningar<\/a><\/li>\n<!--       <li class=\"ix-link-help-li\"><a class=\"ix-link-help \" href=\"https:\/\/www.tauroessiccatori.com\/servizio-clienti\/mio-account\/#\">il mio account<\/a><\/li>-->\n     <\/ul>\n\n     <ul>\n       <li class=\"ix-help-menu-title\">anv\u00e4ndbara l\u00e4nkar<\/li>\n       <li class=\"ix-link-useful-li\"><a class=\"ix-link-help-link-useful\" href=\"https:\/\/www.tauroessiccatori.com\/i-nostri-tutorial\/\">Handledning<\/a><\/li>\n       <li class=\"ix-link-useful-li\"><a class=\"ix-link-help-link-useful\" href=\"https:\/\/www.tauroessiccatori.com\/servizio-clienti\/domande-frequenti\/\">Vanliga fr\u00e5gor och svar<\/a><\/li>\n     <\/ul>\n\n     <div class=\"ix-help-button-contact-us\">\n       <a class=\"ix-button-grey\" style=\"width:180px; line-height:40px;\" href=\"https:\/\/www.tauroessiccatori.com\/contatti\/\">Kontakta oss<\/a>\n     <\/div>\n\n      <\/div>   \n    <\/div>\n<div class=\"uk-width-large-2-3\">\n<div class=\"ix-help-right-box\">\n<p><!-- 2022-08-03 italix: kevin: was:h2 add:ix-h1--><\/p>\n<h1 class=\"ix-help-h2 ix-h1\" style=\"margin:0 !important;\">leverans och retur<\/h1>\n<div class=\"ix-help-p\">\n<p>Best\u00e4llningar hanteras av v\u00e5ra kontor inom 48 arbetstimmar efter det att best\u00e4llningen har slutf\u00f6rts korrekt i v\u00e5r onlinebutik.<\/p>\n<p>Leveransen sker normalt n\u00e4sta arbetsdag efter att best\u00e4llningen har slutf\u00f6rts.<\/p>\n<p>In caso di pagamento tramite bonifico bancario, tale periodo viene conteggiato a partire dall\u2019accredito dell\u2019importo.<br \/>\nNon far\u00e0 pertanto fede l\u2019invio di documentazione riportante gli estremi del bonifico.<\/p>\n<p>Fr\u00e5n avs\u00e4ndnings\u00f6gonblicket har kuriren 24\/48 timmar p\u00e5 sig f\u00f6r effektiv leverans. <\/p>\n<p>Det rekommenderas att den angivna destinationsadressen f\u00f6ljs f\u00f6r att undvika lagringskostnader.<\/p>\n<p class=\"ix-help-expeditions-p\">Frakt till Italien<\/p>\n<table class=\"ix-help-table\">\n<tr class=\"ix-help-table-main-tr\">\n<td>belopp<\/td>\n<td>bank\u00f6verf\u00f6ring eller paypal<\/td>\n<td>m\u00e4rke<\/td>\n<\/tr>\n<tr>\n<td>l\u00e4gre <span class=\"ix-only-small-screen\"><br \/><\/span>a \u20ac 30<\/td>\n<td>\u20ac 4<\/td>\n<td>4 \u20ac + 4 \u20ac avgift f\u00f6r kontant vid leverans<\/td>\n<\/tr>\n<tr>\n<td>\u00f6vre <span class=\"ix-only-small-screen\"><br \/><\/span>a \u20ac 30<\/td>\n<td>\u20ac 0<\/td>\n<td>0 \u20ac + 4 \u20ac avgift f\u00f6r kontant vid leverans<\/td>\n<\/tr>\n<\/table>\n<p class=\"ix-help-expeditions-p\">Leveranser utanf\u00f6r Italien<\/p>\n<p>EUROPEISKA UNIONEN (EU) AREA A: \u00d6sterrike, Benelux, Frankrike, Tyskland<\/p>\n<p>EUROPEISKA UNIONEN (EU) OMR\u00c5DE B: Alla icke specificerade stater.<\/p>\n<table class=\"ix-help-table\">\n<tbody>\n<tr class=\"ix-help-table-main-tr\">\n<td>belopp<\/td>\n<td>EU Omr\u00e5de A<\/td>\n<td>EU Omr\u00e5de B<\/td>\n<\/tr>\n<tr>\n<td>mindre \u00e4n 250 euro<\/td>\n<td>\u20ac 15<\/td>\n<td>\u20ac 30<\/td>\n<\/tr>\n<tr>\n<td>\u00f6verstigande 250 euro<\/td>\n<td>\u20ac 10<\/td>\n<td>\u20ac 20<\/td>\n<\/tr>\n<\/tbody>\n<\/table>\n<p><b>Leveranser utanf\u00f6r Europeiska unionen (EU)<\/b><\/p>\n<p>Kontakta oss i s\u00e5 fall f\u00f6r att beg\u00e4ra en offert.<\/p>\n<p>&#8212;&#8212;&#8212;&#8212;&#8212;<\/p>\n<p><b>\u00c5ngerr\u00e4tt<\/b><\/p>\n<p>Enligt g\u00e4llande lagstiftning \u00e4r det m\u00f6jligt att anv\u00e4nda sig av \u00e5ngerr\u00e4tten om f\u00f6ljande villkor \u00e4r uppfyllda.<\/p>\n<p>Vi m\u00e5ste underr\u00e4ttas om v\u00e5r \u00f6nskan att utnyttja denna r\u00e4tt inom 14 dagar efter mottagandet av varorna, helst genom rekommenderat brev med mottagningsbevis till f\u00f6ljande adress:<\/p>\n<p>Tauro Essiccatori Srl - via del lavoro 6 - 36043 Camisano Vicentino <\/p>\n<p>eller genom PEC p\u00e5 <\/p>\n<p>tauroessiccatorisrl@pec.it<\/p>\n<p>I beg\u00e4ran skall anges uppgifter om ett bank- eller postkonto till vilket det f\u00f6rfallna beloppet skall krediteras.<\/p>\n<p>Dessutom m\u00e5ste den produkt som k\u00f6pts och inte l\u00e4ngre \u00f6nskas returneras till oss inom samma period. <br \/>Esso deve essere integro e completo di ogni sua parte, compresi accessori, manuali e<br \/>\naltro materiale presente nella confezione, imballato con cura per non subire danni durante la spedizione.<br \/>\nBifoga \u00e4ven en kopia av skattekvittot eller ink\u00f6psfakturan. Kunden ansvarar f\u00f6r returkostnaderna.<br \/>\nN\u00e4r varorna har mottagits och deras integritet har kontrollerats kommer priset f\u00f6r varorna att \u00e5terbetalas till det l\u00f6pande konto som anges i brevet med beg\u00e4ran om \u00e5ngerr\u00e4tt.<\/p>\n<p>\u00c5terbetalningen avser priset f\u00f6r produkterna exklusive fraktkostnader och kommer att g\u00f6ras inom 14 dagar efter det att varorna har returnerats.<\/p>\n<\/p><\/div>\n<\/p><\/div>\n<\/p><\/div>\n<\/div>\n<\/div>","protected":false},"excerpt":{"rendered":"<p>Metti un BIOSEC sotto l&#8217;Albero. SCOPRI QUI le promozioni di Natale! Gli sconti Black Friday sono qui! \u00a0 Clicca\u00a0per\u00a0non perderli \u2192 consegna e reso Gli ordini vengono gestiti dai nostri uffici entro 48 ore lavorative dalla corretta finalizzazione dell&#8217;ordine sul nostro shop on line. La spedizione viene normalmente effettuate entro il giorno lavorativo successivo a [&hellip;]<\/p>","protected":false},"author":1,"featured_media":0,"parent":1088,"menu_order":0,"comment_status":"closed","ping_status":"closed","template":"","meta":{"footnotes":""},"tags":[],"class_list":["post-1115","page","type-page","status-publish","hentry"],"acf":[],"yoast_head":"<!-- This site is optimized with the Yoast SEO plugin v20.10 - https:\/\/yoast.com\/wordpress\/plugins\/seo\/ -->\n<title>Consegna e reso - Tauro Essiccatori<\/title>\n<meta name=\"robots\" content=\"noindex, follow, max-snippet:-1, max-image-preview:large, max-video-preview:-1\" \/>\n<meta property=\"og:locale\" content=\"sv_SE\" \/>\n<meta property=\"og:type\" content=\"article\" \/>\n<meta property=\"og:title\" content=\"Consegna e reso - Tauro Essiccatori\" \/>\n<meta property=\"og:description\" content=\"Metti un BIOSEC sotto l&#039;Albero. SCOPRI QUI le promozioni di Natale! Gli sconti Black Friday sono qui! \u00a0 Clicca\u00a0per\u00a0non perderli \u2192 consegna e reso Gli ordini vengono gestiti dai nostri uffici entro 48 ore lavorative dalla corretta finalizzazione dell&#8217;ordine sul nostro shop on line. La spedizione viene normalmente effettuate entro il giorno lavorativo successivo a [&hellip;]\" \/>\n<meta property=\"og:url\" content=\"https:\/\/stor51.tauroessiccatori.com\/sv\/kundservice\/leverans-och-retur\/\" \/>\n<meta property=\"og:site_name\" content=\"Tauro Essiccatori\" \/>\n<meta property=\"article:publisher\" content=\"https:\/\/www.facebook.com\/TauroEssiccatori\/\" \/>\n<meta property=\"article:modified_time\" content=\"2023-10-18T16:30:00+00:00\" \/>\n<meta name=\"twitter:card\" content=\"summary_large_image\" \/>\n<meta name=\"twitter:label1\" content=\"Est. reading time\" \/>\n\t<meta name=\"twitter:data1\" content=\"3 minuter\" \/>\n<script type=\"application\/ld+json\" class=\"yoast-schema-graph\">{\"@context\":\"https:\/\/schema.org\",\"@graph\":[{\"@type\":\"WebPage\",\"@id\":\"https:\/\/stor51.tauroessiccatori.com\/servizio-clienti\/consegna-e-reso\/\",\"url\":\"https:\/\/stor51.tauroessiccatori.com\/servizio-clienti\/consegna-e-reso\/\",\"name\":\"Consegna e reso - Tauro Essiccatori\",\"isPartOf\":{\"@id\":\"https:\/\/stor51.tauroessiccatori.com\/#website\"},\"datePublished\":\"2017-10-24T00:27:06+00:00\",\"dateModified\":\"2023-10-18T16:30:00+00:00\",\"breadcrumb\":{\"@id\":\"https:\/\/stor51.tauroessiccatori.com\/servizio-clienti\/consegna-e-reso\/#breadcrumb\"},\"inLanguage\":\"sv-SE\",\"potentialAction\":[{\"@type\":\"ReadAction\",\"target\":[\"https:\/\/stor51.tauroessiccatori.com\/servizio-clienti\/consegna-e-reso\/\"]}]},{\"@type\":\"BreadcrumbList\",\"@id\":\"https:\/\/stor51.tauroessiccatori.com\/servizio-clienti\/consegna-e-reso\/#breadcrumb\",\"itemListElement\":[{\"@type\":\"ListItem\",\"position\":1,\"name\":\"Home\",\"item\":\"https:\/\/stor51.tauroessiccatori.com\/\"},{\"@type\":\"ListItem\",\"position\":2,\"name\":\"Servizio clienti\",\"item\":\"https:\/\/stor51.tauroessiccatori.com\/servizio-clienti\/\"},{\"@type\":\"ListItem\",\"position\":3,\"name\":\"Consegna e reso\"}]},{\"@type\":\"WebSite\",\"@id\":\"https:\/\/stor51.tauroessiccatori.com\/#website\",\"url\":\"https:\/\/stor51.tauroessiccatori.com\/\",\"name\":\"Tauro Essiccatori\",\"description\":\"Welcome to Tauro Essiccatori online shop\",\"publisher\":{\"@id\":\"https:\/\/stor51.tauroessiccatori.com\/#organization\"},\"potentialAction\":[{\"@type\":\"SearchAction\",\"target\":{\"@type\":\"EntryPoint\",\"urlTemplate\":\"https:\/\/stor51.tauroessiccatori.com\/?s={search_term_string}\"},\"query-input\":\"required name=search_term_string\"}],\"inLanguage\":\"sv-SE\"},{\"@type\":\"Organization\",\"@id\":\"https:\/\/stor51.tauroessiccatori.com\/#organization\",\"name\":\"Tauro Essiccatori\",\"url\":\"https:\/\/stor51.tauroessiccatori.com\/\",\"logo\":{\"@type\":\"ImageObject\",\"inLanguage\":\"sv-SE\",\"@id\":\"https:\/\/stor51.tauroessiccatori.com\/#\/schema\/logo\/image\/\",\"url\":\"https:\/\/www.tauroessiccatori.com\/wp-assets\/uploads\/2017\/07\/logo_tauro_500x109px.png\",\"contentUrl\":\"https:\/\/www.tauroessiccatori.com\/wp-assets\/uploads\/2017\/07\/logo_tauro_500x109px.png\",\"width\":500,\"height\":109,\"caption\":\"Tauro Essiccatori\"},\"image\":{\"@id\":\"https:\/\/stor51.tauroessiccatori.com\/#\/schema\/logo\/image\/\"},\"sameAs\":[\"https:\/\/www.facebook.com\/TauroEssiccatori\/\",\"https:\/\/www.instagram.com\/tauro_essiccatori\/\",\"https:\/\/it.linkedin.com\/company\/tauro-essiccatori\",\"https:\/\/www.youtube.com\/user\/tauroessiccatori\"]}]}<\/script>\n<!-- \/ Yoast SEO plugin. -->","yoast_head_json":{"title":"Consegna e reso - Tauro Essiccatori","robots":{"index":"noindex","follow":"follow","max-snippet":"max-snippet:-1","max-image-preview":"max-image-preview:large","max-video-preview":"max-video-preview:-1"},"og_locale":"sv_SE","og_type":"article","og_title":"Consegna e reso - Tauro Essiccatori","og_description":"Metti un BIOSEC sotto l'Albero. SCOPRI QUI le promozioni di Natale! Gli sconti Black Friday sono qui! \u00a0 Clicca\u00a0per\u00a0non perderli \u2192 consegna e reso Gli ordini vengono gestiti dai nostri uffici entro 48 ore lavorative dalla corretta finalizzazione dell&#8217;ordine sul nostro shop on line. La spedizione viene normalmente effettuate entro il giorno lavorativo successivo a [&hellip;]","og_url":"https:\/\/stor51.tauroessiccatori.com\/sv\/kundservice\/leverans-och-retur\/","og_site_name":"Tauro Essiccatori","article_publisher":"https:\/\/www.facebook.com\/TauroEssiccatori\/","article_modified_time":"2023-10-18T16:30:00+00:00","twitter_card":"summary_large_image","twitter_misc":{"Est. reading time":"3 minuter"},"schema":{"@context":"https:\/\/schema.org","@graph":[{"@type":"WebPage","@id":"https:\/\/stor51.tauroessiccatori.com\/servizio-clienti\/consegna-e-reso\/","url":"https:\/\/stor51.tauroessiccatori.com\/servizio-clienti\/consegna-e-reso\/","name":"Consegna e reso - Tauro Essiccatori","isPartOf":{"@id":"https:\/\/stor51.tauroessiccatori.com\/#website"},"datePublished":"2017-10-24T00:27:06+00:00","dateModified":"2023-10-18T16:30:00+00:00","breadcrumb":{"@id":"https:\/\/stor51.tauroessiccatori.com\/servizio-clienti\/consegna-e-reso\/#breadcrumb"},"inLanguage":"sv-SE","potentialAction":[{"@type":"ReadAction","target":["https:\/\/stor51.tauroessiccatori.com\/servizio-clienti\/consegna-e-reso\/"]}]},{"@type":"BreadcrumbList","@id":"https:\/\/stor51.tauroessiccatori.com\/servizio-clienti\/consegna-e-reso\/#breadcrumb","itemListElement":[{"@type":"ListItem","position":1,"name":"Home","item":"https:\/\/stor51.tauroessiccatori.com\/"},{"@type":"ListItem","position":2,"name":"Servizio clienti","item":"https:\/\/stor51.tauroessiccatori.com\/servizio-clienti\/"},{"@type":"ListItem","position":3,"name":"Consegna e reso"}]},{"@type":"WebSite","@id":"https:\/\/stor51.tauroessiccatori.com\/#website","url":"https:\/\/stor51.tauroessiccatori.com\/","name":"Tauro Essiccatori","description":"Welcome to Tauro Essiccatori online shop","publisher":{"@id":"https:\/\/stor51.tauroessiccatori.com\/#organization"},"potentialAction":[{"@type":"SearchAction","target":{"@type":"EntryPoint","urlTemplate":"https:\/\/stor51.tauroessiccatori.com\/?s={search_term_string}"},"query-input":"required name=search_term_string"}],"inLanguage":"sv-SE"},{"@type":"Organization","@id":"https:\/\/stor51.tauroessiccatori.com\/#organization","name":"Tauro Essiccatori","url":"https:\/\/stor51.tauroessiccatori.com\/","logo":{"@type":"ImageObject","inLanguage":"sv-SE","@id":"https:\/\/stor51.tauroessiccatori.com\/#\/schema\/logo\/image\/","url":"https:\/\/www.tauroessiccatori.com\/wp-assets\/uploads\/2017\/07\/logo_tauro_500x109px.png","contentUrl":"https:\/\/www.tauroessiccatori.com\/wp-assets\/uploads\/2017\/07\/logo_tauro_500x109px.png","width":500,"height":109,"caption":"Tauro Essiccatori"},"image":{"@id":"https:\/\/stor51.tauroessiccatori.com\/#\/schema\/logo\/image\/"},"sameAs":["https:\/\/www.facebook.com\/TauroEssiccatori\/","https:\/\/www.instagram.com\/tauro_essiccatori\/","https:\/\/it.linkedin.com\/company\/tauro-essiccatori","https:\/\/www.youtube.com\/user\/tauroessiccatori"]}]}},"_links":{"self":[{"href":"https:\/\/stor51.tauroessiccatori.com\/sv\/wp-json\/wp\/v2\/pages\/1115"}],"collection":[{"href":"https:\/\/stor51.tauroessiccatori.com\/sv\/wp-json\/wp\/v2\/pages"}],"about":[{"href":"https:\/\/stor51.tauroessiccatori.com\/sv\/wp-json\/wp\/v2\/types\/page"}],"author":[{"embeddable":true,"href":"https:\/\/stor51.tauroessiccatori.com\/sv\/wp-json\/wp\/v2\/users\/1"}],"replies":[{"embeddable":true,"href":"https:\/\/stor51.tauroessiccatori.com\/sv\/wp-json\/wp\/v2\/comments?post=1115"}],"version-history":[{"count":62,"href":"https:\/\/stor51.tauroessiccatori.com\/sv\/wp-json\/wp\/v2\/pages\/1115\/revisions"}],"predecessor-version":[{"id":169397,"href":"https:\/\/stor51.tauroessiccatori.com\/sv\/wp-json\/wp\/v2\/pages\/1115\/revisions\/169397"}],"up":[{"embeddable":true,"href":"https:\/\/stor51.tauroessiccatori.com\/sv\/wp-json\/wp\/v2\/pages\/1088"}],"wp:attachment":[{"href":"https:\/\/stor51.tauroessiccatori.com\/sv\/wp-json\/wp\/v2\/media?parent=1115"}],"wp:term":[{"taxonomy":"post_tag","embeddable":true,"href":"https:\/\/stor51.tauroessiccatori.com\/sv\/wp-json\/wp\/v2\/tags?post=1115"}],"curies":[{"name":"wp","href":"https:\/\/api.w.org\/{rel}","templated":true}]}}