


{"id":1103,"date":"2017-10-23T20:13:04","date_gmt":"2017-10-23T18:13:04","guid":{"rendered":"http:\/\/store.tauroessiccatori.com\/?page_id=1103\/"},"modified":"2022-08-07T16:02:42","modified_gmt":"2022-08-07T14:02:42","slug":"condizioni-di-vendita","status":"publish","type":"page","link":"https:\/\/stor51.tauroessiccatori.com\/sv\/kundservice\/forsaljningsvillkor\/","title":{"rendered":"F\u00f6rs\u00e4ljningsvillkor"},"content":{"rendered":"<div class=\"tauro-banners\"><div class=\"banner-00\" style=\"background-color: #852035\">\r\n<div class=\"ix-xmas-box-other\" style=\"font-size: 18px;padding: 7px 0;margin: 0 auto 0px auto\" align=\"center\"><b style=\"color: #fff;font-size: 18px\">L\u00e4gg en BIOSEC under tr\u00e4det. <a style=\"color: #f8cc89;font-weight: bold;text-decoration: none;font-size: 18px\" href=\"https:\/\/www.tauroessiccatori.com\/christmas-2024\/\">UPPT\u00c4CK H\u00c4R<\/a> Julkampanjer!<\/b><\/div>\r\n<\/div><div class=\"banner-00\" style=\"background-color: #000\">\r\n<div class=\"ix-xmas-box-other\" style=\"font-size: 18px;padding: 7px 0;margin: 0 auto 0px auto\" align=\"center\"><b style=\"color: #fff\"> Black Friday-rabatterna \u00e4r h\u00e4r! \u00a0 <a style=\"color: #f77209;font-weight: bold;text-decoration: none\" href=\"https:\/\/www.tauroessiccatori.com\/black-friday-2024\/\"> Klicka f\u00f6r att inte missa dem \u2192. <\/a>\r\n<\/b><\/div>\r\n<\/div><\/div><div class=\"ix-container-inner\">\n<div class=\"uk-grid uk-grid-medium\">\n<div class=\"uk-width-large-1-3\">\n           \n    <div class=\"ix-help-menu\">\n\n     <ul>\n       <li class=\"ix-help-menu-title\">kundservice<\/li>\n       <li class=\"ix-link-help-li\"><a class=\"ix-link-help ix-help-link-active\" href=\"https:\/\/www.tauroessiccatori.com\/servizio-clienti\/condizioni-di-vendita\">F\u00f6rs\u00e4ljningsvillkor<\/a><\/li>\n       <li class=\"ix-link-help-li\"><a class=\"ix-link-help\" href=\"https:\/\/www.tauroessiccatori.com\/servizio-clienti\/consegna-e-reso\/\">leverans och retur<\/a><\/li>\n       <li class=\"ix-link-help-li\"><a class=\"ix-link-help\" href=\"https:\/\/www.tauroessiccatori.com\/servizio-clienti\/estensione-di-garanzia\/\">garantif\u00f6rl\u00e4ngning<\/a><\/li>\n       <li class=\"ix-link-help-li\"><a class=\"ix-link-help\" href=\"https:\/\/www.tauroessiccatori.com\/servizio-clienti\/pagamento\/\">betalningar<\/a><\/li>\n<!--       <li class=\"ix-link-help-li\"><a class=\"ix-link-help \" href=\"https:\/\/www.tauroessiccatori.com\/servizio-clienti\/mio-account\/#\">il mio account<\/a><\/li>-->\n     <\/ul>\n\n     <ul>\n       <li class=\"ix-help-menu-title\">anv\u00e4ndbara l\u00e4nkar<\/li>\n       <li class=\"ix-link-useful-li\"><a class=\"ix-link-help-link-useful\" href=\"https:\/\/www.tauroessiccatori.com\/i-nostri-tutorial\/\">Handledning<\/a><\/li>\n       <li class=\"ix-link-useful-li\"><a class=\"ix-link-help-link-useful\" href=\"https:\/\/www.tauroessiccatori.com\/servizio-clienti\/domande-frequenti\/\">Vanliga fr\u00e5gor och svar<\/a><\/li>\n     <\/ul>\n\n     <div class=\"ix-help-button-contact-us\">\n       <a class=\"ix-button-grey\" style=\"width:180px; line-height:40px;\" href=\"https:\/\/www.tauroessiccatori.com\/contatti\/\">Kontakta oss<\/a>\n     <\/div>\n\n      <\/div>   \n    <\/div>\n<div class=\"uk-width-large-2-3\">\n<div class=\"ix-help-right-box\">\n<p><!-- 2022-08-03 italix: kevin: was:h2 add:ix-h1--><\/p>\n<h1 class=\"ix-help-h2 ix-h1\" style=\"text-align:left !important; margin:0 !important;\">F\u00f6rs\u00e4ljningsvillkor<\/h1>\n<div class=\"ix-help-p\">\n<div class=\"main_table_container\">\n<p>Best\u00e4llningar som g\u00f6rs p\u00e5 webbplatsen kommer att hanteras av:<\/p>\n<p><b>Tauro Essiccatori Srl<\/b><\/p>\n<p>Plats:<\/p>\n<p>via del lavoro 6<br \/>\n36043 Camisano Vicentino<br \/>\n(Vicenza)<\/p>\n<p>Skattekod: 03977800246<br \/>\nMomsregistreringsnummer: 03977800246<\/p>\n<p>Telefon: +39 0444-719046<br \/>\nFax: +39 0444-412515<\/p>\n<p>Internetadress: <a href=\"http:\/\/www.tauroessiccatori.com\">www.tauroessiccatori.com<\/a><\/p>\n<p>E-post:<\/p>\n<p><script><!-- asm('m','@','com','tauroessiccatori','info') --><\/script><a href=\"mailto:info@tauroessiccatori.com\">info@tauroessiccatori.com<\/a><\/p>\n<p><noscript>info<font>|<\/font>@<font>|<\/font>tauroessiccatori.com<\/noscript><\/p>\n<p>&nbsp;<\/p>\n<p>&nbsp;<\/p>\n<h3>Priser<\/h3>\n<p>Angivna priser \u00e4r alltid inklusive moms och, om inget annat anges, exklusive transportkostnader.<\/p>\n<h3>Kommunikation<\/h3>\n<div class=\"page_text\">\n<p>Kunden f\u00f6rbinder sig vid registreringen att anv\u00e4nda en befintlig och fungerande e-postadress. Det \u00e4r till denna adress som vi kommer att skicka bekr\u00e4ftelse p\u00e5 den lagda best\u00e4llningen och annan kommunikation som r\u00f6r best\u00e4llningen. Kunden ombeds att meddela oss om eventuella \u00e4ndringar eller problem med e-postadressen. Om du t.ex. inte f\u00e5r n\u00e5gon e-postbekr\u00e4ftelse efter att ha lagt din best\u00e4llning, kan det ha uppst\u00e5tt ett skrivfel i e-postadressen eller kommunikationsproblem mellan e-postservrarna. Kontakta oss s\u00e5 hittar vi en l\u00f6sning.<\/p>\n<\/div>\n<h3>Garanti<\/h3>\n<div class=\"page_text\">\n<p>Alla Tauros produkter omfattas av en garanti p\u00e5 2 \u00e5r fr\u00e5n ink\u00f6psdatum.<\/p>\n<p>Garantin g\u00e4ller endast om produkten \u00e5tf\u00f6ljs av f\u00f6rs\u00e4ljningsdokumentet (kvitto eller faktura).<\/p>\n<p>Enligt lag omfattar garantin alla fel som beror p\u00e5 tillverkningsfel.<\/p>\n<\/div>\n<h3>Frakt och leverans<\/h3>\n<div class=\"page_text\">\n<p>Fraktkostnaderna anges p\u00e5 sidan f\u00f6r slutlig orderverifiering f\u00f6re den slutliga bekr\u00e4ftelsen.<\/p>\n<\/div>\n<div class=\"page_text\">\n<p>F\u00f6r mer information och f\u00f6r att kontrollera vilka fraktkostnader som f\u00f6r n\u00e4rvarande \u00e4r giltiga, v\u00e4nligen se sidan <a href=\"https:\/\/stor51.tauroessiccatori.com\/sv\/help\/consegna-e-reso\/\">leverans och retur<\/a>.<\/p>\n<\/div>\n<p>Best\u00e4llningar hanteras av v\u00e5ra kontor inom 48 arbetstimmar efter det att best\u00e4llningen har slutf\u00f6rts korrekt i v\u00e5r onlinebutik.<\/p>\n<\/div>\n<h3>\u00c5ngerr\u00e4tt<\/h3>\n<div class=\"page_text\">\n<p>Enligt g\u00e4llande lagstiftning \u00e4r det m\u00f6jligt att anv\u00e4nda sig av \u00e5ngerr\u00e4tten om f\u00f6ljande villkor \u00e4r uppfyllda.<\/p>\n<\/div>\n<div class=\"page_text\">\n<p>Du m\u00e5ste meddela oss om du vill utnyttja denna r\u00e4tt inom 14 arbetsdagar efter mottagandet av varorna, helst genom rekommenderat brev med mottagningsbevis till f\u00f6ljande adress:<\/p>\n<p>Tauro Essiccatori Srl - via del lavoro 6 - 36043 Camisano Vicentino<\/p>\n<\/div>\n<div class=\"page_text\">\n<p>I beg\u00e4ran skall anges uppgifter om ett bank- eller postkonto p\u00e5 vilket det f\u00f6rfallna beloppet skall krediteras.<\/p>\n<\/div>\n<div class=\"page_text\">\n<p>Inom samma tidsfrist m\u00e5ste dessutom den produkt som k\u00f6pts och inte l\u00e4ngre \u00f6nskas returneras till oss. Den m\u00e5ste vara intakt och komplett i alla sina delar, inklusive tillbeh\u00f6r, manualer och annat material i f\u00f6rpackningen, omsorgsfullt f\u00f6rpackad s\u00e5 att den inte skadas under transporten. Bifoga \u00e4ven en kopia av skattekvittot eller ink\u00f6psfakturan. Kostnader f\u00f6r \u00e5ters\u00e4ndning \u00e4r kundens ansvar. N\u00e4r varorna har mottagits och deras integritet har kontrollerats kommer priset f\u00f6r varorna att \u00e5terbetalas till det l\u00f6pande konto som anges i det brev d\u00e4r du bad om att f\u00e5 anv\u00e4nda \u00e5ngerr\u00e4tten.<\/p>\n<\/div>\n<div class=\"page_text\">\n<p>\u00c5terbetalningen avser varans pris exklusive fraktkostnader och sker inom 30 dagar fr\u00e5n det att varan returnerats till oss.<\/p>\n<\/div>\n<h3>Information som tillhandah\u00e5lls i enlighet med artiklarna 13-14 i GDPR (General Data Protection Regulation) 2016\/679<\/h3>\n<div class=\"page_text\">\n<p><a class=\"button light\" href=\"https:\/\/stor51.tauroessiccatori.com\/sv\/integritetspolicy\/\" style=\"text-align:center;font-weight: 300;color:black;font-size:16px;width:302px;background-color:white;border:1px solid #729949;-webkit-border-radius: 14px;-moz-border-radius: 14px;\">SEKRETESSPOLICY<\/a><\/p>\n<\/div>\n<h3>Godk\u00e4nnande av f\u00f6rs\u00e4ljningsvillkor<\/h3>\n<div class=\"page_text\">\n<p>I enlighet med artikel 1326 i civillagen anses k\u00f6peavtalet vara slutf\u00f6rt och dessa f\u00f6rs\u00e4ljningsvillkor vara accepterade fr\u00e5n och med den tidpunkt d\u00e5 kunden klickar p\u00e5 bekr\u00e4ftelseknappen p\u00e5 kontrollsk\u00e4rmen i slutet av onlinek\u00f6pf\u00f6rfarandet.<\/p>\n<\/div>\n<\/div><\/div>\n<\/p><\/div>\n<\/p><\/div>\n<\/div>\n<\/div>","protected":false},"excerpt":{"rendered":"<p>Metti un BIOSEC sotto l&#8217;Albero. SCOPRI QUI le promozioni di Natale! Gli sconti Black Friday sono qui! \u00a0 Clicca\u00a0per\u00a0non perderli \u2192 condizioni di vendita Gli ordini effettuati nel sito saranno gestiti da: Tauro Essiccatori Srl Sede: via del lavoro 6 36043 Camisano Vicentino (Vicenza) Codice Fiscale: 03977800246 Partita IVA: 03977800246 Telefono: +39 0444-719046 Fax: +39 [&hellip;]<\/p>","protected":false},"author":1,"featured_media":0,"parent":1088,"menu_order":0,"comment_status":"closed","ping_status":"closed","template":"","meta":{"footnotes":""},"tags":[],"class_list":["post-1103","page","type-page","status-publish","hentry"],"acf":[],"yoast_head":"<!-- This site is optimized with the Yoast SEO plugin v20.10 - https:\/\/yoast.com\/wordpress\/plugins\/seo\/ -->\n<title>Condizioni di vendita - Tauro Essiccatori<\/title>\n<meta name=\"robots\" content=\"noindex, follow, max-snippet:-1, max-image-preview:large, max-video-preview:-1\" \/>\n<meta property=\"og:locale\" content=\"sv_SE\" \/>\n<meta property=\"og:type\" content=\"article\" \/>\n<meta property=\"og:title\" content=\"Condizioni di vendita - Tauro Essiccatori\" \/>\n<meta property=\"og:description\" content=\"Metti un BIOSEC sotto l&#039;Albero. SCOPRI QUI le promozioni di Natale! Gli sconti Black Friday sono qui! \u00a0 Clicca\u00a0per\u00a0non perderli \u2192 condizioni di vendita Gli ordini effettuati nel sito saranno gestiti da: Tauro Essiccatori Srl Sede: via del lavoro 6 36043 Camisano Vicentino (Vicenza) Codice Fiscale: 03977800246 Partita IVA: 03977800246 Telefono: +39 0444-719046 Fax: +39 [&hellip;]\" \/>\n<meta property=\"og:url\" content=\"https:\/\/stor51.tauroessiccatori.com\/sv\/kundservice\/forsaljningsvillkor\/\" \/>\n<meta property=\"og:site_name\" content=\"Tauro Essiccatori\" \/>\n<meta property=\"article:publisher\" content=\"https:\/\/www.facebook.com\/TauroEssiccatori\/\" \/>\n<meta property=\"article:modified_time\" content=\"2022-08-07T14:02:42+00:00\" \/>\n<meta name=\"twitter:card\" content=\"summary_large_image\" \/>\n<meta name=\"twitter:label1\" content=\"Est. reading time\" \/>\n\t<meta name=\"twitter:data1\" content=\"3 minuter\" \/>\n<script type=\"application\/ld+json\" class=\"yoast-schema-graph\">{\"@context\":\"https:\/\/schema.org\",\"@graph\":[{\"@type\":\"WebPage\",\"@id\":\"https:\/\/stor51.tauroessiccatori.com\/servizio-clienti\/condizioni-di-vendita\/\",\"url\":\"https:\/\/stor51.tauroessiccatori.com\/servizio-clienti\/condizioni-di-vendita\/\",\"name\":\"Condizioni di vendita - Tauro Essiccatori\",\"isPartOf\":{\"@id\":\"https:\/\/stor51.tauroessiccatori.com\/#website\"},\"datePublished\":\"2017-10-23T18:13:04+00:00\",\"dateModified\":\"2022-08-07T14:02:42+00:00\",\"breadcrumb\":{\"@id\":\"https:\/\/stor51.tauroessiccatori.com\/servizio-clienti\/condizioni-di-vendita\/#breadcrumb\"},\"inLanguage\":\"sv-SE\",\"potentialAction\":[{\"@type\":\"ReadAction\",\"target\":[\"https:\/\/stor51.tauroessiccatori.com\/servizio-clienti\/condizioni-di-vendita\/\"]}]},{\"@type\":\"BreadcrumbList\",\"@id\":\"https:\/\/stor51.tauroessiccatori.com\/servizio-clienti\/condizioni-di-vendita\/#breadcrumb\",\"itemListElement\":[{\"@type\":\"ListItem\",\"position\":1,\"name\":\"Home\",\"item\":\"https:\/\/stor51.tauroessiccatori.com\/\"},{\"@type\":\"ListItem\",\"position\":2,\"name\":\"Servizio clienti\",\"item\":\"https:\/\/stor51.tauroessiccatori.com\/servizio-clienti\/\"},{\"@type\":\"ListItem\",\"position\":3,\"name\":\"Condizioni di vendita\"}]},{\"@type\":\"WebSite\",\"@id\":\"https:\/\/stor51.tauroessiccatori.com\/#website\",\"url\":\"https:\/\/stor51.tauroessiccatori.com\/\",\"name\":\"Tauro Essiccatori\",\"description\":\"Welcome to Tauro Essiccatori online shop\",\"publisher\":{\"@id\":\"https:\/\/stor51.tauroessiccatori.com\/#organization\"},\"potentialAction\":[{\"@type\":\"SearchAction\",\"target\":{\"@type\":\"EntryPoint\",\"urlTemplate\":\"https:\/\/stor51.tauroessiccatori.com\/?s={search_term_string}\"},\"query-input\":\"required name=search_term_string\"}],\"inLanguage\":\"sv-SE\"},{\"@type\":\"Organization\",\"@id\":\"https:\/\/stor51.tauroessiccatori.com\/#organization\",\"name\":\"Tauro Essiccatori\",\"url\":\"https:\/\/stor51.tauroessiccatori.com\/\",\"logo\":{\"@type\":\"ImageObject\",\"inLanguage\":\"sv-SE\",\"@id\":\"https:\/\/stor51.tauroessiccatori.com\/#\/schema\/logo\/image\/\",\"url\":\"https:\/\/www.tauroessiccatori.com\/wp-assets\/uploads\/2017\/07\/logo_tauro_500x109px.png\",\"contentUrl\":\"https:\/\/www.tauroessiccatori.com\/wp-assets\/uploads\/2017\/07\/logo_tauro_500x109px.png\",\"width\":500,\"height\":109,\"caption\":\"Tauro Essiccatori\"},\"image\":{\"@id\":\"https:\/\/stor51.tauroessiccatori.com\/#\/schema\/logo\/image\/\"},\"sameAs\":[\"https:\/\/www.facebook.com\/TauroEssiccatori\/\",\"https:\/\/www.instagram.com\/tauro_essiccatori\/\",\"https:\/\/it.linkedin.com\/company\/tauro-essiccatori\",\"https:\/\/www.youtube.com\/user\/tauroessiccatori\"]}]}<\/script>\n<!-- \/ Yoast SEO plugin. -->","yoast_head_json":{"title":"Condizioni di vendita - Tauro Essiccatori","robots":{"index":"noindex","follow":"follow","max-snippet":"max-snippet:-1","max-image-preview":"max-image-preview:large","max-video-preview":"max-video-preview:-1"},"og_locale":"sv_SE","og_type":"article","og_title":"Condizioni di vendita - Tauro Essiccatori","og_description":"Metti un BIOSEC sotto l'Albero. SCOPRI QUI le promozioni di Natale! Gli sconti Black Friday sono qui! \u00a0 Clicca\u00a0per\u00a0non perderli \u2192 condizioni di vendita Gli ordini effettuati nel sito saranno gestiti da: Tauro Essiccatori Srl Sede: via del lavoro 6 36043 Camisano Vicentino (Vicenza) Codice Fiscale: 03977800246 Partita IVA: 03977800246 Telefono: +39 0444-719046 Fax: +39 [&hellip;]","og_url":"https:\/\/stor51.tauroessiccatori.com\/sv\/kundservice\/forsaljningsvillkor\/","og_site_name":"Tauro Essiccatori","article_publisher":"https:\/\/www.facebook.com\/TauroEssiccatori\/","article_modified_time":"2022-08-07T14:02:42+00:00","twitter_card":"summary_large_image","twitter_misc":{"Est. reading time":"3 minuter"},"schema":{"@context":"https:\/\/schema.org","@graph":[{"@type":"WebPage","@id":"https:\/\/stor51.tauroessiccatori.com\/servizio-clienti\/condizioni-di-vendita\/","url":"https:\/\/stor51.tauroessiccatori.com\/servizio-clienti\/condizioni-di-vendita\/","name":"Condizioni di vendita - Tauro Essiccatori","isPartOf":{"@id":"https:\/\/stor51.tauroessiccatori.com\/#website"},"datePublished":"2017-10-23T18:13:04+00:00","dateModified":"2022-08-07T14:02:42+00:00","breadcrumb":{"@id":"https:\/\/stor51.tauroessiccatori.com\/servizio-clienti\/condizioni-di-vendita\/#breadcrumb"},"inLanguage":"sv-SE","potentialAction":[{"@type":"ReadAction","target":["https:\/\/stor51.tauroessiccatori.com\/servizio-clienti\/condizioni-di-vendita\/"]}]},{"@type":"BreadcrumbList","@id":"https:\/\/stor51.tauroessiccatori.com\/servizio-clienti\/condizioni-di-vendita\/#breadcrumb","itemListElement":[{"@type":"ListItem","position":1,"name":"Home","item":"https:\/\/stor51.tauroessiccatori.com\/"},{"@type":"ListItem","position":2,"name":"Servizio clienti","item":"https:\/\/stor51.tauroessiccatori.com\/servizio-clienti\/"},{"@type":"ListItem","position":3,"name":"Condizioni di vendita"}]},{"@type":"WebSite","@id":"https:\/\/stor51.tauroessiccatori.com\/#website","url":"https:\/\/stor51.tauroessiccatori.com\/","name":"Tauro Essiccatori","description":"Welcome to Tauro Essiccatori online shop","publisher":{"@id":"https:\/\/stor51.tauroessiccatori.com\/#organization"},"potentialAction":[{"@type":"SearchAction","target":{"@type":"EntryPoint","urlTemplate":"https:\/\/stor51.tauroessiccatori.com\/?s={search_term_string}"},"query-input":"required name=search_term_string"}],"inLanguage":"sv-SE"},{"@type":"Organization","@id":"https:\/\/stor51.tauroessiccatori.com\/#organization","name":"Tauro Essiccatori","url":"https:\/\/stor51.tauroessiccatori.com\/","logo":{"@type":"ImageObject","inLanguage":"sv-SE","@id":"https:\/\/stor51.tauroessiccatori.com\/#\/schema\/logo\/image\/","url":"https:\/\/www.tauroessiccatori.com\/wp-assets\/uploads\/2017\/07\/logo_tauro_500x109px.png","contentUrl":"https:\/\/www.tauroessiccatori.com\/wp-assets\/uploads\/2017\/07\/logo_tauro_500x109px.png","width":500,"height":109,"caption":"Tauro Essiccatori"},"image":{"@id":"https:\/\/stor51.tauroessiccatori.com\/#\/schema\/logo\/image\/"},"sameAs":["https:\/\/www.facebook.com\/TauroEssiccatori\/","https:\/\/www.instagram.com\/tauro_essiccatori\/","https:\/\/it.linkedin.com\/company\/tauro-essiccatori","https:\/\/www.youtube.com\/user\/tauroessiccatori"]}]}},"_links":{"self":[{"href":"https:\/\/stor51.tauroessiccatori.com\/sv\/wp-json\/wp\/v2\/pages\/1103"}],"collection":[{"href":"https:\/\/stor51.tauroessiccatori.com\/sv\/wp-json\/wp\/v2\/pages"}],"about":[{"href":"https:\/\/stor51.tauroessiccatori.com\/sv\/wp-json\/wp\/v2\/types\/page"}],"author":[{"embeddable":true,"href":"https:\/\/stor51.tauroessiccatori.com\/sv\/wp-json\/wp\/v2\/users\/1"}],"replies":[{"embeddable":true,"href":"https:\/\/stor51.tauroessiccatori.com\/sv\/wp-json\/wp\/v2\/comments?post=1103"}],"version-history":[{"count":12,"href":"https:\/\/stor51.tauroessiccatori.com\/sv\/wp-json\/wp\/v2\/pages\/1103\/revisions"}],"predecessor-version":[{"id":165073,"href":"https:\/\/stor51.tauroessiccatori.com\/sv\/wp-json\/wp\/v2\/pages\/1103\/revisions\/165073"}],"up":[{"embeddable":true,"href":"https:\/\/stor51.tauroessiccatori.com\/sv\/wp-json\/wp\/v2\/pages\/1088"}],"wp:attachment":[{"href":"https:\/\/stor51.tauroessiccatori.com\/sv\/wp-json\/wp\/v2\/media?parent=1103"}],"wp:term":[{"taxonomy":"post_tag","embeddable":true,"href":"https:\/\/stor51.tauroessiccatori.com\/sv\/wp-json\/wp\/v2\/tags?post=1103"}],"curies":[{"name":"wp","href":"https:\/\/api.w.org\/{rel}","templated":true}]}}