


{"id":3659,"date":"2019-08-01T17:56:58","date_gmt":"2019-08-01T15:56:58","guid":{"rendered":"https:\/\/store.tauroessiccatori.com\/?post_type=product&#038;p=3659\/"},"modified":"2023-05-16T11:11:46","modified_gmt":"2023-05-16T09:11:46","slug":"mandolina-v6-exclusiveline-stainless-steel-slicer","status":"publish","type":"product","link":"https:\/\/stor51.tauroessiccatori.com\/sl\/p\/mandoline-v6-exclusiveline-stainless-steel-slicer\/","title":{"rendered":"Mandolina Borner V6 Exclusive Line"},"content":{"rendered":"<div class=\"tauro-banners\"><div class=\"banner-00\" style=\"background-color: #852035\">\r\n<div class=\"ix-xmas-box-other\" style=\"font-size: 18px;padding: 7px 0;margin: 0 auto 0px auto\" align=\"center\"><b style=\"color: #fff;font-size: 18px\">Pod drevesom postavite napravo BIOSEC. <a style=\"color: #f8cc89;font-weight: bold;text-decoration: none;font-size: 18px\" href=\"https:\/\/www.tauroessiccatori.com\/christmas-2024\/\">ODKRITI TUKAJ<\/a> Bo\u017ei\u010dne akcije!<\/b><\/div>\r\n<\/div><div class=\"banner-00\" style=\"background-color: #000\">\r\n<div class=\"ix-xmas-box-other\" style=\"font-size: 18px;padding: 7px 0;margin: 0 auto 0px auto\" align=\"center\"><b style=\"color: #fff\"> Popusti na \u010drni petek so tu! \u00a0 <a style=\"color: #f77209;font-weight: bold;text-decoration: none\" href=\"https:\/\/www.tauroessiccatori.com\/black-friday-2024\/\"> Kliknite, da jih ne zamudite \u2192 <\/a>\r\n<\/b><\/div>\r\n<\/div><\/div><p><span style=\"font-weight: 400\">Za ljubitelje rezalnikov zelenjave, ki i\u0161\u010dejo nekaj bolj elegantnega, je to prava razli\u010dica iz nerjave\u010dega jekla. Izberite med prilo\u017eenimi vlo\u017eki za razli\u010dne mo\u017enosti rezanja. S posebnim vlo\u017ekom lahko re\u017eete tanke in debele rezine, z drugimi 3,5- in 7-milimetrskimi vlo\u017eki pa lahko re\u017eete pal\u010dke, trakove Julienne ali celo kocke v 4 razli\u010dnih velikostih. Med dodatno opremo je vklju\u010den tudi varnostni nosilec za \u017eivila, ki \u0161\u010diti prste pred rezili iz nerjave\u010dega jekla.<\/span><\/p>\n<p><span style=\"font-weight: 400\">Vsi deli tega kompleta so varni za \u017eivila, brez BPA, ftalatov in \u0161kodljivih snovi. To zagotavlja brezskrbno pripravo zdravih in privla\u010dnih obrokov za vas in va\u0161o dru\u017eino.<\/span><\/p>\n<p>&nbsp;<\/p>\n<p><strong>TEHNI\u010cNE LASTNOSTI<\/strong><\/p>\n<p>&nbsp;<\/p>\n<ul>\n<li><span style=\"font-weight: 400\">Originalni B\u00f6rner neposredno iz Nem\u010dije<\/span><\/li>\n<li><span style=\"font-weight: 400\">Nare\u017eite rezine 3 razli\u010dnih debelin<\/span><\/li>\n<li><span style=\"font-weight: 400\">Rezalnik za kocke v 2 razli\u010dnih velikostih<\/span><\/li>\n<li><span style=\"font-weight: 400\">Varnostna naprava za rezanje in otro\u0161ka klju\u010davnica<\/span><\/li>\n<li><span style=\"font-weight: 400\">B\u00f6rnerjeva rezila v garanciji 5 let!<\/span><\/li>\n<li><span style=\"font-weight: 400\">Brez BPA in ftalatov<\/span><\/li>\n<li><span style=\"font-weight: 400\">Vklju\u010dno s prakti\u010dnim pripomo\u010dkom za shranjevanje mandoline in vlo\u017ekov<\/span><\/li>\n<\/ul>\n<p>&nbsp;<\/p>\n<p><strong>VSEBINA PAKETA<\/strong><\/p>\n<p>&nbsp;<\/p>\n<ul>\n<li><span style=\"font-weight: 400\">Mandolina iz nerjave\u010dega jekla V6<\/span><\/li>\n<li><span style=\"font-weight: 400\">Vlo\u017eki za rezine razli\u010dnih velikosti<\/span><\/li>\n<li><span style=\"font-weight: 400\">Vlo\u017eki za palice ali kocke<\/span><\/li>\n<li><span style=\"font-weight: 400\">Naprava za varnost hrane<\/span><\/li>\n<li><span style=\"font-weight: 400\">Pribor za shranjevanje mandoline in vlo\u017ekov<\/span><\/li>\n<li><span style=\"font-weight: 400\">Dodatna oprema za za\u0161\u010dito rezil<\/span><\/li>\n<\/ul>","protected":false},"excerpt":{"rendered":"<ul>\n<li><span style=\"font-weight: 400\">Originalni B\u00f6rner neposredno iz Nem\u010dije<\/span><\/li>\n<li><span style=\"font-weight: 400\">Nare\u017eite rezine 3 razli\u010dnih debelin<\/span><\/li>\n<li><span style=\"font-weight: 400\">Rezalnik za kocke v 2 razli\u010dnih velikostih<\/span><\/li>\n<li><span style=\"font-weight: 400\">Varnostna naprava za rezanje in otro\u0161ka klju\u010davnica<\/span><\/li>\n<li><span style=\"font-weight: 400\">B\u00f6rnerjeva rezila v garanciji 5 let!<\/span><\/li>\n<li><span style=\"font-weight: 400\">Brez BPA in ftalatov<\/span><\/li>\n<li><span style=\"font-weight: 400\">Vklju\u010dno s prakti\u010dnim pripomo\u010dkom za shranjevanje mandoline in vlo\u017ekov<\/span><\/li>\n<\/ul>","protected":false},"featured_media":3683,"comment_status":"closed","ping_status":"closed","template":"","meta":[],"product_cat":[275],"product_tag":[],"class_list":["post-3659","product","type-product","status-publish","has-post-thumbnail","hentry","product_cat-taglia-verdure"],"acf":[],"yoast_head":"<!-- This site is optimized with the Yoast SEO plugin v20.10 - https:\/\/yoast.com\/wordpress\/plugins\/seo\/ -->\n<title>Mandolina Borner V6 Exclusive Line - Tauro Essiccatori<\/title>\n<meta name=\"robots\" content=\"noindex, follow, max-snippet:-1, max-image-preview:large, max-video-preview:-1\" \/>\n<meta property=\"og:locale\" content=\"sl_SI\" \/>\n<meta property=\"og:type\" content=\"article\" \/>\n<meta property=\"og:title\" content=\"Mandolina Borner V6 Exclusive Line - Tauro Essiccatori\" \/>\n<meta property=\"og:description\" content=\"L&#039;originale B\u00f6rner direttamente dalla Germania  Taglia fette di 3 spessori diversi  Taglia cubetti in 2 diverse dimensioni  Dispositivo di sicurezza per tagliare e blocco bambini  Lame in garanzia B\u00f6rner per 5 anni!  Senza BPA n\u00e8 ftalati  Incluso un pratico accessorio dove conservare mandolina ed inserti\" \/>\n<meta property=\"og:url\" content=\"https:\/\/stor51.tauroessiccatori.com\/sl\/p\/mandoline-v6-exclusiveline-stainless-steel-slicer\/\" \/>\n<meta property=\"og:site_name\" content=\"Tauro Essiccatori\" \/>\n<meta property=\"article:publisher\" content=\"https:\/\/www.facebook.com\/TauroEssiccatori\/\" \/>\n<meta property=\"article:modified_time\" content=\"2023-05-16T09:11:46+00:00\" \/>\n<meta property=\"og:image\" content=\"https:\/\/stor51.tauroessiccatori.com\/wp-assets\/uploads\/2019\/08\/mandolina-inox.jpg\" \/>\n\t<meta property=\"og:image:width\" content=\"1210\" \/>\n\t<meta property=\"og:image:height\" content=\"750\" \/>\n\t<meta property=\"og:image:type\" content=\"image\/jpeg\" \/>\n<meta name=\"twitter:card\" content=\"summary_large_image\" \/>\n<meta name=\"twitter:label1\" content=\"Est. reading time\" \/>\n\t<meta name=\"twitter:data1\" content=\"1 minuta\" \/>\n<script type=\"application\/ld+json\" class=\"yoast-schema-graph\">{\"@context\":\"https:\/\/schema.org\",\"@graph\":[{\"@type\":\"WebPage\",\"@id\":\"https:\/\/stor51.tauroessiccatori.com\/p\/mandolina-v6-exclusiveline-stainless-steel-slicer\/\",\"url\":\"https:\/\/stor51.tauroessiccatori.com\/p\/mandolina-v6-exclusiveline-stainless-steel-slicer\/\",\"name\":\"Mandolina Borner V6 Exclusive Line - Tauro Essiccatori\",\"isPartOf\":{\"@id\":\"https:\/\/stor51.tauroessiccatori.com\/#website\"},\"datePublished\":\"2019-08-01T15:56:58+00:00\",\"dateModified\":\"2023-05-16T09:11:46+00:00\",\"breadcrumb\":{\"@id\":\"https:\/\/stor51.tauroessiccatori.com\/p\/mandolina-v6-exclusiveline-stainless-steel-slicer\/#breadcrumb\"},\"inLanguage\":\"sl-SI\",\"potentialAction\":[{\"@type\":\"ReadAction\",\"target\":[\"https:\/\/stor51.tauroessiccatori.com\/p\/mandolina-v6-exclusiveline-stainless-steel-slicer\/\"]}]},{\"@type\":\"BreadcrumbList\",\"@id\":\"https:\/\/stor51.tauroessiccatori.com\/p\/mandolina-v6-exclusiveline-stainless-steel-slicer\/#breadcrumb\",\"itemListElement\":[{\"@type\":\"ListItem\",\"position\":1,\"name\":\"Home\",\"item\":\"https:\/\/stor51.tauroessiccatori.com\/\"},{\"@type\":\"ListItem\",\"position\":2,\"name\":\"Shop\",\"item\":\"https:\/\/stor51.tauroessiccatori.com\/negozio\/\"},{\"@type\":\"ListItem\",\"position\":3,\"name\":\"Mandolina Borner V6 Exclusive Line\"}]},{\"@type\":\"WebSite\",\"@id\":\"https:\/\/stor51.tauroessiccatori.com\/#website\",\"url\":\"https:\/\/stor51.tauroessiccatori.com\/\",\"name\":\"Tauro Essiccatori\",\"description\":\"Welcome to Tauro Essiccatori online shop\",\"publisher\":{\"@id\":\"https:\/\/stor51.tauroessiccatori.com\/#organization\"},\"potentialAction\":[{\"@type\":\"SearchAction\",\"target\":{\"@type\":\"EntryPoint\",\"urlTemplate\":\"https:\/\/stor51.tauroessiccatori.com\/?s={search_term_string}\"},\"query-input\":\"required name=search_term_string\"}],\"inLanguage\":\"sl-SI\"},{\"@type\":\"Organization\",\"@id\":\"https:\/\/stor51.tauroessiccatori.com\/#organization\",\"name\":\"Tauro Essiccatori\",\"url\":\"https:\/\/stor51.tauroessiccatori.com\/\",\"logo\":{\"@type\":\"ImageObject\",\"inLanguage\":\"sl-SI\",\"@id\":\"https:\/\/stor51.tauroessiccatori.com\/#\/schema\/logo\/image\/\",\"url\":\"https:\/\/www.tauroessiccatori.com\/wp-assets\/uploads\/2017\/07\/logo_tauro_500x109px.png\",\"contentUrl\":\"https:\/\/www.tauroessiccatori.com\/wp-assets\/uploads\/2017\/07\/logo_tauro_500x109px.png\",\"width\":500,\"height\":109,\"caption\":\"Tauro Essiccatori\"},\"image\":{\"@id\":\"https:\/\/stor51.tauroessiccatori.com\/#\/schema\/logo\/image\/\"},\"sameAs\":[\"https:\/\/www.facebook.com\/TauroEssiccatori\/\",\"https:\/\/www.instagram.com\/tauro_essiccatori\/\",\"https:\/\/it.linkedin.com\/company\/tauro-essiccatori\",\"https:\/\/www.youtube.com\/user\/tauroessiccatori\"]}]}<\/script>\n<!-- \/ Yoast SEO plugin. -->","yoast_head_json":{"title":"Mandolina Borner V6 Exclusive Line - Tauro Essiccatori","robots":{"index":"noindex","follow":"follow","max-snippet":"max-snippet:-1","max-image-preview":"max-image-preview:large","max-video-preview":"max-video-preview:-1"},"og_locale":"sl_SI","og_type":"article","og_title":"Mandolina Borner V6 Exclusive Line - Tauro Essiccatori","og_description":"L'originale B\u00f6rner direttamente dalla Germania  Taglia fette di 3 spessori diversi  Taglia cubetti in 2 diverse dimensioni  Dispositivo di sicurezza per tagliare e blocco bambini  Lame in garanzia B\u00f6rner per 5 anni!  Senza BPA n\u00e8 ftalati  Incluso un pratico accessorio dove conservare mandolina ed inserti","og_url":"https:\/\/stor51.tauroessiccatori.com\/sl\/p\/mandoline-v6-exclusiveline-stainless-steel-slicer\/","og_site_name":"Tauro Essiccatori","article_publisher":"https:\/\/www.facebook.com\/TauroEssiccatori\/","article_modified_time":"2023-05-16T09:11:46+00:00","og_image":[{"width":1210,"height":750,"url":"https:\/\/stor51.tauroessiccatori.com\/wp-assets\/uploads\/2019\/08\/mandolina-inox.jpg","type":"image\/jpeg"}],"twitter_card":"summary_large_image","twitter_misc":{"Est. reading time":"1 minuta"},"schema":{"@context":"https:\/\/schema.org","@graph":[{"@type":"WebPage","@id":"https:\/\/stor51.tauroessiccatori.com\/p\/mandolina-v6-exclusiveline-stainless-steel-slicer\/","url":"https:\/\/stor51.tauroessiccatori.com\/p\/mandolina-v6-exclusiveline-stainless-steel-slicer\/","name":"Mandolina Borner V6 Exclusive Line - Tauro Essiccatori","isPartOf":{"@id":"https:\/\/stor51.tauroessiccatori.com\/#website"},"datePublished":"2019-08-01T15:56:58+00:00","dateModified":"2023-05-16T09:11:46+00:00","breadcrumb":{"@id":"https:\/\/stor51.tauroessiccatori.com\/p\/mandolina-v6-exclusiveline-stainless-steel-slicer\/#breadcrumb"},"inLanguage":"sl-SI","potentialAction":[{"@type":"ReadAction","target":["https:\/\/stor51.tauroessiccatori.com\/p\/mandolina-v6-exclusiveline-stainless-steel-slicer\/"]}]},{"@type":"BreadcrumbList","@id":"https:\/\/stor51.tauroessiccatori.com\/p\/mandolina-v6-exclusiveline-stainless-steel-slicer\/#breadcrumb","itemListElement":[{"@type":"ListItem","position":1,"name":"Home","item":"https:\/\/stor51.tauroessiccatori.com\/"},{"@type":"ListItem","position":2,"name":"Shop","item":"https:\/\/stor51.tauroessiccatori.com\/negozio\/"},{"@type":"ListItem","position":3,"name":"Mandolina Borner V6 Exclusive Line"}]},{"@type":"WebSite","@id":"https:\/\/stor51.tauroessiccatori.com\/#website","url":"https:\/\/stor51.tauroessiccatori.com\/","name":"Tauro Essiccatori","description":"Welcome to Tauro Essiccatori online shop","publisher":{"@id":"https:\/\/stor51.tauroessiccatori.com\/#organization"},"potentialAction":[{"@type":"SearchAction","target":{"@type":"EntryPoint","urlTemplate":"https:\/\/stor51.tauroessiccatori.com\/?s={search_term_string}"},"query-input":"required name=search_term_string"}],"inLanguage":"sl-SI"},{"@type":"Organization","@id":"https:\/\/stor51.tauroessiccatori.com\/#organization","name":"Tauro Essiccatori","url":"https:\/\/stor51.tauroessiccatori.com\/","logo":{"@type":"ImageObject","inLanguage":"sl-SI","@id":"https:\/\/stor51.tauroessiccatori.com\/#\/schema\/logo\/image\/","url":"https:\/\/www.tauroessiccatori.com\/wp-assets\/uploads\/2017\/07\/logo_tauro_500x109px.png","contentUrl":"https:\/\/www.tauroessiccatori.com\/wp-assets\/uploads\/2017\/07\/logo_tauro_500x109px.png","width":500,"height":109,"caption":"Tauro Essiccatori"},"image":{"@id":"https:\/\/stor51.tauroessiccatori.com\/#\/schema\/logo\/image\/"},"sameAs":["https:\/\/www.facebook.com\/TauroEssiccatori\/","https:\/\/www.instagram.com\/tauro_essiccatori\/","https:\/\/it.linkedin.com\/company\/tauro-essiccatori","https:\/\/www.youtube.com\/user\/tauroessiccatori"]}]}},"_links":{"self":[{"href":"https:\/\/stor51.tauroessiccatori.com\/sl\/wp-json\/wp\/v2\/product\/3659"}],"collection":[{"href":"https:\/\/stor51.tauroessiccatori.com\/sl\/wp-json\/wp\/v2\/product"}],"about":[{"href":"https:\/\/stor51.tauroessiccatori.com\/sl\/wp-json\/wp\/v2\/types\/product"}],"replies":[{"embeddable":true,"href":"https:\/\/stor51.tauroessiccatori.com\/sl\/wp-json\/wp\/v2\/comments?post=3659"}],"wp:featuredmedia":[{"embeddable":true,"href":"https:\/\/stor51.tauroessiccatori.com\/sl\/wp-json\/wp\/v2\/media\/3683"}],"wp:attachment":[{"href":"https:\/\/stor51.tauroessiccatori.com\/sl\/wp-json\/wp\/v2\/media?parent=3659"}],"wp:term":[{"taxonomy":"product_cat","embeddable":true,"href":"https:\/\/stor51.tauroessiccatori.com\/sl\/wp-json\/wp\/v2\/product_cat?post=3659"},{"taxonomy":"product_tag","embeddable":true,"href":"https:\/\/stor51.tauroessiccatori.com\/sl\/wp-json\/wp\/v2\/product_tag?post=3659"}],"curies":[{"name":"wp","href":"https:\/\/api.w.org\/{rel}","templated":true}]}}