


{"id":1957,"date":"2018-03-30T12:22:35","date_gmt":"2018-03-30T10:22:35","guid":{"rendered":"http:\/\/store.tauroessiccatori.com\/?post_type=product&#038;p=1957\/"},"modified":"2023-05-16T11:33:42","modified_gmt":"2023-05-16T09:33:42","slug":"promo-pack-3","status":"publish","type":"product","link":"https:\/\/stor51.tauroessiccatori.com\/sl\/p\/promocijski-paket-3\/","title":{"rendered":"PROMO PAKET 3"},"content":{"rendered":"<div class=\"tauro-banners\"><div class=\"banner-00\" style=\"background-color: #852035\">\r\n<div class=\"ix-xmas-box-other\" style=\"font-size: 18px;padding: 7px 0;margin: 0 auto 0px auto\" align=\"center\"><b style=\"color: #fff;font-size: 18px\">Pod drevesom postavite napravo BIOSEC. <a style=\"color: #f8cc89;font-weight: bold;text-decoration: none;font-size: 18px\" href=\"https:\/\/www.tauroessiccatori.com\/christmas-2024\/\">ODKRITI TUKAJ<\/a> Bo\u017ei\u010dne akcije!<\/b><\/div>\r\n<\/div><div class=\"banner-00\" style=\"background-color: #000\">\r\n<div class=\"ix-xmas-box-other\" style=\"font-size: 18px;padding: 7px 0;margin: 0 auto 0px auto\" align=\"center\"><b style=\"color: #fff\"> Popusti na \u010drni petek so tu! \u00a0 <a style=\"color: #f77209;font-weight: bold;text-decoration: none\" href=\"https:\/\/www.tauroessiccatori.com\/black-friday-2024\/\"> Kliknite, da jih ne zamudite \u2192 <\/a>\r\n<\/b><\/div>\r\n<\/div><\/div><div><strong>Opis:<\/strong>SiliDrop in SiliSoft sta inovativna ve\u010dnamenska platinasta silikonska nelepljiva sistema, zasnovana tako, da zagotavljata najve\u010djo u\u010dinkovitost pri vsakem Biosecu.<br \/>\nPreizkusite oba v tem super promocijskem paketu!<br \/>\nPRED PRVO UPORABO OPERITE.<\/p>\n<\/div>\n<div><strong>Tehni\u010dne zna\u010dilnosti:<\/strong><\/p>\n<ul>\n<li>\u00a0iz platinastega silikona 100%<\/li>\n<li>\u00a0za ve\u010dkratno uporabo.<\/li>\n<li>\u00a0Brez BPA in ftalatov<\/li>\n<li>\u00a0lahko se uporablja tudi v pe\u010dici do 230 stopinj.<\/li>\n<li>\u00a0uporaben pri nizkih temperaturah do -60\u00b0.<\/li>\n<li>\u00a0Vi\u0161ina roba SiliDrop 1,5 cm<\/li>\n<li>\u00a0zdru\u017eljiv z vsemi napravami Biosec<\/li>\n<li>\u00a0, ki ga je mogo\u010de pomivati v pomivalnem stroju.<\/li>\n<\/ul>\n<\/div>\n<div><strong>Vsebina paketa:<\/strong><\/p>\n<div>\n<ul>\n<li>\u00a03 pladnji SiliDrop<\/li>\n<li>\u00a02 podlogi SiliSoft<\/li>\n<\/ul>\n<\/div>\n<\/div>\n<p><i>*Ko\u0161arice so le v pojasnjevalne namene in niso del paketa<\/i><\/p>","protected":false},"excerpt":{"rendered":"<p>Metti un BIOSEC sotto l&#8217;Albero. SCOPRI QUI le promozioni di Natale! Gli sconti Black Friday sono qui! \u00a0 Clicca\u00a0per\u00a0non perderli \u2192 Descrizione:SiliDrop e SiliSoft sono gli innovativi sistemi antiaderenti multiuso in Platinum Silicone, progettati per offrirvi il massimo delle prestazioni con ogni Biosec. Provali entrambi in questo super Promo Pack lancio! LAVARE PRIMA DEL PRIMO [&hellip;]<\/p>","protected":false},"featured_media":2611,"comment_status":"closed","ping_status":"closed","template":"","meta":[],"product_cat":[258],"product_tag":[],"class_list":["post-1957","product","type-product","status-publish","has-post-thumbnail","hentry","product_cat-antiaderenti"],"acf":[],"yoast_head":"<!-- This site is optimized with the Yoast SEO plugin v20.10 - https:\/\/yoast.com\/wordpress\/plugins\/seo\/ -->\n<title>Antiaderenti in Silicone per Essiccatori Biosec di Tauro: Promo Pack n.3<\/title>\n<meta name=\"description\" content=\"Antiaderenti in silicone per alimenti, compatibili con essiccatori Biosec: SiliSoft e SiliDrop, provali tutti in questo super Promo Pack lancio!\" \/>\n<meta name=\"robots\" content=\"noindex, follow, max-snippet:-1, max-image-preview:large, max-video-preview:-1\" \/>\n<meta property=\"og:locale\" content=\"sl_SI\" \/>\n<meta property=\"og:type\" content=\"article\" \/>\n<meta property=\"og:title\" content=\"Antiaderenti in Silicone per Essiccatori Biosec di Tauro: Promo Pack n.3\" \/>\n<meta property=\"og:description\" content=\"Antiaderenti in silicone per alimenti, compatibili con essiccatori Biosec: SiliSoft e SiliDrop, provali tutti in questo super Promo Pack lancio!\" \/>\n<meta property=\"og:url\" content=\"https:\/\/stor51.tauroessiccatori.com\/sl\/p\/promocijski-paket-3\/\" \/>\n<meta property=\"og:site_name\" content=\"Tauro Essiccatori\" \/>\n<meta property=\"article:publisher\" content=\"https:\/\/www.facebook.com\/TauroEssiccatori\/\" \/>\n<meta property=\"article:modified_time\" content=\"2023-05-16T09:33:42+00:00\" \/>\n<meta property=\"og:image\" content=\"https:\/\/stor51.tauroessiccatori.com\/wp-assets\/uploads\/2018\/03\/Promo-Pack-3.jpg\" \/>\n\t<meta property=\"og:image:width\" content=\"1210\" \/>\n\t<meta property=\"og:image:height\" content=\"750\" \/>\n\t<meta property=\"og:image:type\" content=\"image\/jpeg\" \/>\n<meta name=\"twitter:card\" content=\"summary_large_image\" \/>\n<script type=\"application\/ld+json\" class=\"yoast-schema-graph\">{\"@context\":\"https:\/\/schema.org\",\"@graph\":[{\"@type\":\"WebPage\",\"@id\":\"https:\/\/stor51.tauroessiccatori.com\/p\/promo-pack-3\/\",\"url\":\"https:\/\/stor51.tauroessiccatori.com\/p\/promo-pack-3\/\",\"name\":\"Antiaderenti in Silicone per Essiccatori Biosec di Tauro: Promo Pack n.3\",\"isPartOf\":{\"@id\":\"https:\/\/stor51.tauroessiccatori.com\/#website\"},\"datePublished\":\"2018-03-30T10:22:35+00:00\",\"dateModified\":\"2023-05-16T09:33:42+00:00\",\"description\":\"Antiaderenti in silicone per alimenti, compatibili con essiccatori Biosec: SiliSoft e SiliDrop, provali tutti in questo super Promo Pack lancio!\",\"breadcrumb\":{\"@id\":\"https:\/\/stor51.tauroessiccatori.com\/p\/promo-pack-3\/#breadcrumb\"},\"inLanguage\":\"sl-SI\",\"potentialAction\":[{\"@type\":\"ReadAction\",\"target\":[\"https:\/\/stor51.tauroessiccatori.com\/p\/promo-pack-3\/\"]}]},{\"@type\":\"BreadcrumbList\",\"@id\":\"https:\/\/stor51.tauroessiccatori.com\/p\/promo-pack-3\/#breadcrumb\",\"itemListElement\":[{\"@type\":\"ListItem\",\"position\":1,\"name\":\"Home\",\"item\":\"https:\/\/stor51.tauroessiccatori.com\/\"},{\"@type\":\"ListItem\",\"position\":2,\"name\":\"Shop\",\"item\":\"https:\/\/stor51.tauroessiccatori.com\/negozio\/\"},{\"@type\":\"ListItem\",\"position\":3,\"name\":\"PROMO PACK 3\"}]},{\"@type\":\"WebSite\",\"@id\":\"https:\/\/stor51.tauroessiccatori.com\/#website\",\"url\":\"https:\/\/stor51.tauroessiccatori.com\/\",\"name\":\"Tauro Essiccatori\",\"description\":\"Welcome to Tauro Essiccatori online shop\",\"publisher\":{\"@id\":\"https:\/\/stor51.tauroessiccatori.com\/#organization\"},\"potentialAction\":[{\"@type\":\"SearchAction\",\"target\":{\"@type\":\"EntryPoint\",\"urlTemplate\":\"https:\/\/stor51.tauroessiccatori.com\/?s={search_term_string}\"},\"query-input\":\"required name=search_term_string\"}],\"inLanguage\":\"sl-SI\"},{\"@type\":\"Organization\",\"@id\":\"https:\/\/stor51.tauroessiccatori.com\/#organization\",\"name\":\"Tauro Essiccatori\",\"url\":\"https:\/\/stor51.tauroessiccatori.com\/\",\"logo\":{\"@type\":\"ImageObject\",\"inLanguage\":\"sl-SI\",\"@id\":\"https:\/\/stor51.tauroessiccatori.com\/#\/schema\/logo\/image\/\",\"url\":\"https:\/\/www.tauroessiccatori.com\/wp-assets\/uploads\/2017\/07\/logo_tauro_500x109px.png\",\"contentUrl\":\"https:\/\/www.tauroessiccatori.com\/wp-assets\/uploads\/2017\/07\/logo_tauro_500x109px.png\",\"width\":500,\"height\":109,\"caption\":\"Tauro Essiccatori\"},\"image\":{\"@id\":\"https:\/\/stor51.tauroessiccatori.com\/#\/schema\/logo\/image\/\"},\"sameAs\":[\"https:\/\/www.facebook.com\/TauroEssiccatori\/\",\"https:\/\/www.instagram.com\/tauro_essiccatori\/\",\"https:\/\/it.linkedin.com\/company\/tauro-essiccatori\",\"https:\/\/www.youtube.com\/user\/tauroessiccatori\"]}]}<\/script>\n<!-- \/ Yoast SEO plugin. -->","yoast_head_json":{"title":"Antiaderenti in Silicone per Essiccatori Biosec di Tauro: Promo Pack n.3","description":"Antiaderenti in silicone per alimenti, compatibili con essiccatori Biosec: SiliSoft e SiliDrop, provali tutti in questo super Promo Pack lancio!","robots":{"index":"noindex","follow":"follow","max-snippet":"max-snippet:-1","max-image-preview":"max-image-preview:large","max-video-preview":"max-video-preview:-1"},"og_locale":"sl_SI","og_type":"article","og_title":"Antiaderenti in Silicone per Essiccatori Biosec di Tauro: Promo Pack n.3","og_description":"Antiaderenti in silicone per alimenti, compatibili con essiccatori Biosec: SiliSoft e SiliDrop, provali tutti in questo super Promo Pack lancio!","og_url":"https:\/\/stor51.tauroessiccatori.com\/sl\/p\/promocijski-paket-3\/","og_site_name":"Tauro Essiccatori","article_publisher":"https:\/\/www.facebook.com\/TauroEssiccatori\/","article_modified_time":"2023-05-16T09:33:42+00:00","og_image":[{"width":1210,"height":750,"url":"https:\/\/stor51.tauroessiccatori.com\/wp-assets\/uploads\/2018\/03\/Promo-Pack-3.jpg","type":"image\/jpeg"}],"twitter_card":"summary_large_image","schema":{"@context":"https:\/\/schema.org","@graph":[{"@type":"WebPage","@id":"https:\/\/stor51.tauroessiccatori.com\/p\/promo-pack-3\/","url":"https:\/\/stor51.tauroessiccatori.com\/p\/promo-pack-3\/","name":"Antiaderenti in Silicone per Essiccatori Biosec di Tauro: Promo Pack n.3","isPartOf":{"@id":"https:\/\/stor51.tauroessiccatori.com\/#website"},"datePublished":"2018-03-30T10:22:35+00:00","dateModified":"2023-05-16T09:33:42+00:00","description":"Antiaderenti in silicone per alimenti, compatibili con essiccatori Biosec: SiliSoft e SiliDrop, provali tutti in questo super Promo Pack lancio!","breadcrumb":{"@id":"https:\/\/stor51.tauroessiccatori.com\/p\/promo-pack-3\/#breadcrumb"},"inLanguage":"sl-SI","potentialAction":[{"@type":"ReadAction","target":["https:\/\/stor51.tauroessiccatori.com\/p\/promo-pack-3\/"]}]},{"@type":"BreadcrumbList","@id":"https:\/\/stor51.tauroessiccatori.com\/p\/promo-pack-3\/#breadcrumb","itemListElement":[{"@type":"ListItem","position":1,"name":"Home","item":"https:\/\/stor51.tauroessiccatori.com\/"},{"@type":"ListItem","position":2,"name":"Shop","item":"https:\/\/stor51.tauroessiccatori.com\/negozio\/"},{"@type":"ListItem","position":3,"name":"PROMO PACK 3"}]},{"@type":"WebSite","@id":"https:\/\/stor51.tauroessiccatori.com\/#website","url":"https:\/\/stor51.tauroessiccatori.com\/","name":"Tauro Essiccatori","description":"Welcome to Tauro Essiccatori online shop","publisher":{"@id":"https:\/\/stor51.tauroessiccatori.com\/#organization"},"potentialAction":[{"@type":"SearchAction","target":{"@type":"EntryPoint","urlTemplate":"https:\/\/stor51.tauroessiccatori.com\/?s={search_term_string}"},"query-input":"required name=search_term_string"}],"inLanguage":"sl-SI"},{"@type":"Organization","@id":"https:\/\/stor51.tauroessiccatori.com\/#organization","name":"Tauro Essiccatori","url":"https:\/\/stor51.tauroessiccatori.com\/","logo":{"@type":"ImageObject","inLanguage":"sl-SI","@id":"https:\/\/stor51.tauroessiccatori.com\/#\/schema\/logo\/image\/","url":"https:\/\/www.tauroessiccatori.com\/wp-assets\/uploads\/2017\/07\/logo_tauro_500x109px.png","contentUrl":"https:\/\/www.tauroessiccatori.com\/wp-assets\/uploads\/2017\/07\/logo_tauro_500x109px.png","width":500,"height":109,"caption":"Tauro Essiccatori"},"image":{"@id":"https:\/\/stor51.tauroessiccatori.com\/#\/schema\/logo\/image\/"},"sameAs":["https:\/\/www.facebook.com\/TauroEssiccatori\/","https:\/\/www.instagram.com\/tauro_essiccatori\/","https:\/\/it.linkedin.com\/company\/tauro-essiccatori","https:\/\/www.youtube.com\/user\/tauroessiccatori"]}]}},"_links":{"self":[{"href":"https:\/\/stor51.tauroessiccatori.com\/sl\/wp-json\/wp\/v2\/product\/1957"}],"collection":[{"href":"https:\/\/stor51.tauroessiccatori.com\/sl\/wp-json\/wp\/v2\/product"}],"about":[{"href":"https:\/\/stor51.tauroessiccatori.com\/sl\/wp-json\/wp\/v2\/types\/product"}],"replies":[{"embeddable":true,"href":"https:\/\/stor51.tauroessiccatori.com\/sl\/wp-json\/wp\/v2\/comments?post=1957"}],"wp:featuredmedia":[{"embeddable":true,"href":"https:\/\/stor51.tauroessiccatori.com\/sl\/wp-json\/wp\/v2\/media\/2611"}],"wp:attachment":[{"href":"https:\/\/stor51.tauroessiccatori.com\/sl\/wp-json\/wp\/v2\/media?parent=1957"}],"wp:term":[{"taxonomy":"product_cat","embeddable":true,"href":"https:\/\/stor51.tauroessiccatori.com\/sl\/wp-json\/wp\/v2\/product_cat?post=1957"},{"taxonomy":"product_tag","embeddable":true,"href":"https:\/\/stor51.tauroessiccatori.com\/sl\/wp-json\/wp\/v2\/product_tag?post=1957"}],"curies":[{"name":"wp","href":"https:\/\/api.w.org\/{rel}","templated":true}]}}