


{"id":78041,"date":"2021-03-10T16:13:36","date_gmt":"2021-03-10T15:13:36","guid":{"rendered":"https:\/\/www.tauroessiccatori.com\/?post_type=product&#038;p=78041\/"},"modified":"2023-05-16T11:10:49","modified_gmt":"2023-05-16T09:10:49","slug":"macinaspezie-elettrico","status":"publish","type":"product","link":"https:\/\/stor51.tauroessiccatori.com\/sk\/p\/elektricky-mlyncek-na-korenie\/","title":{"rendered":"Elektrick\u00fd mlyn\u010dek na korenie 350 W"},"content":{"rendered":"<div class=\"tauro-banners\"><div class=\"banner-00\" style=\"background-color: #852035\">\r\n<div class=\"ix-xmas-box-other\" style=\"font-size: 18px;padding: 7px 0;margin: 0 auto 0px auto\" align=\"center\"><b style=\"color: #fff;font-size: 18px\">Pod strom umiestnite BIOSEC. <a style=\"color: #f8cc89;font-weight: bold;text-decoration: none;font-size: 18px\" href=\"https:\/\/www.tauroessiccatori.com\/christmas-2024\/\">ZOBRAZI\u0164 TU<\/a> Viano\u010dn\u00e9 akcie!<\/b><\/div>\r\n<\/div><div class=\"banner-00\" style=\"background-color: #000\">\r\n<div class=\"ix-xmas-box-other\" style=\"font-size: 18px;padding: 7px 0;margin: 0 auto 0px auto\" align=\"center\"><b style=\"color: #fff\"> \u010cierny piatok z\u013eavy s\u00fa tu! \u00a0 <a style=\"color: #f77209;font-weight: bold;text-decoration: none\" href=\"https:\/\/www.tauroessiccatori.com\/black-friday-2024\/\"> Kliknite, aby ste ich nezme\u0161kali \u2192 <\/a>\r\n<\/b><\/div>\r\n<\/div><\/div><p><span style=\"font-weight: 400;\">Univerz\u00e1lny a v\u00fdkonn\u00fd elektrick\u00fd mlyn\u010dek na korenie, ktor\u00fd mo\u017eno pou\u017ei\u0165 na mletie such\u00fdch a su\u0161en\u00fdch potrav\u00edn. Dod\u00e1va sa s dvoma n\u00e1dobami z nehrdzavej\u00facej ocele s dvoma r\u00f4znymi \u010depe\u013eami a krytom proti prachu.<\/span><\/p>\n<p><span style=\"font-weight: 400;\">Hlavn\u00e9 vlastnosti:\u00a0<\/span><span style=\"font-weight: 400;\">V\u00fdkonn\u00fd 350 W elektromotor 2 b<\/span><span style=\"font-weight: 400;\">odn\u00edmate\u013en\u00e9 a \u013eahko um\u00fdvate\u013en\u00e9 kryty z nehrdzavej\u00facej ocele: c<\/span>N\u00f4\u017e s 2 \u010depe\u013eami: vhodn\u00fd na mletie such\u00fdch potrav\u00edn, n\u00f4\u017e so 4 \u010depe\u013eami: vhodn\u00fd na mletie mastn\u00fdch\/vlhk\u00fdch potrav\u00edn. Samostatn\u00e9 veko na uzatv\u00e1ranie n\u00e1doby z nehrdzavej\u00facej ocele. Kapacita a\u017e 80 g k\u00e1vov\u00fdch z\u0155n, korenia, byliniek. 2 stupne r\u00fdchlosti. Bezpe\u010dnostn\u00fd z\u00e1mok: prev\u00e1dzka je mo\u017en\u00e1 len so zatvoren\u00fdm vekom. Prieh\u013eadn\u00e9 veko na r\u00fdchly preh\u013ead vo vn\u00fatri n\u00e1doby. Proti\u0161mykov\u00e9 gumov\u00e9 no\u017ei\u010dky. Odn\u00edmate\u013en\u00e1 n\u00e1doba z nehrdzavej\u00facej ocele. Skrinka z nehrdzavej\u00facej ocele s \u010diernymi plastov\u00fdmi prvkami.<\/p>\n<p>&nbsp;<\/p>\n<p><span style=\"font-weight: 400;\">Upozornenie: poh\u00e1r nenapl\u0148te \u00faplne, ale maxim\u00e1lne do 2\/3 jeho objemu. Tento mlyn\u010dek na k\u00e1vu je ur\u010den\u00fd na dom\u00e1ce a pr\u00edle\u017eitostn\u00e9 pou\u017eitie, nie na dlhodob\u00e9 a profesion\u00e1lne pou\u017eitie. Na optim\u00e1lnu prev\u00e1dzku pozorne dodr\u017eiavajte vn\u00fatorn\u00e9 pokyny.<\/span><\/p>\n<p>&nbsp;<\/p>\n<p><strong>TECHNICK\u00c9 VLASTNOSTI<\/strong><\/p>\n<ul class=\"ix-technical-features-list\">\n<li>N\u00f4\u017e s 2 \u010depe\u013eami: vhodn\u00fd na mletie such\u00fdch potrav\u00edn<\/li>\n<li>n\u00f4\u017e so 4 \u010depe\u013eami: vhodn\u00fd na mastn\u00e9\/vlhk\u00e9 potraviny<\/li>\n<li>Samostatn\u00e9 veko na uzavretie n\u00e1doby z nehrdzavej\u00facej ocele<\/li>\n<li>Kapacita a\u017e na 80 g k\u00e1vov\u00fdch z\u0155n, korenia, byliniek<\/li>\n<li>2 \u00farovne r\u00fdchlosti<\/li>\n<li>Bezpe\u010dnostn\u00fd z\u00e1mok: prev\u00e1dzka je mo\u017en\u00e1 len so zatvoren\u00fdm vekom<\/li>\n<li>Prieh\u013eadn\u00e9 veko na r\u00fdchly poh\u013ead do vn\u00fatra n\u00e1doby<\/li>\n<li>Proti\u0161mykov\u00e9 gumov\u00e9 no\u017ei\u010dky<\/li>\n<li>Odn\u00edmate\u013en\u00e1 n\u00e1doba z nehrdzavej\u00facej ocele<\/li>\n<li>Puzdro z nehrdzavej\u00facej ocele s \u010diernymi plastov\u00fdmi prvkami<\/li>\n<li>Elektrick\u00fd v\u00fdkon 350 W<\/li>\n<li>D = 12 cm x D = 12 cm x H = 24 cm<\/li>\n<\/ul>","protected":false},"excerpt":{"rendered":"<p>Metti un BIOSEC sotto l&#8217;Albero. SCOPRI QUI le promozioni di Natale! Gli sconti Black Friday sono qui! \u00a0 Clicca\u00a0per\u00a0non perderli \u2192 Un macinaspezie elettrico versatile e potente, che pu\u00f2 essere utilizzato per sminuzzare cibi secchi ed essiccati. Fornito di due contenitori inox con due diverse lame, e coperchio antipolvere. Caratteristiche principali:\u00a0Potente motore elettrico da 350 [&hellip;]<\/p>","protected":false},"featured_media":78044,"comment_status":"closed","ping_status":"closed","template":"","meta":[],"product_cat":[285],"product_tag":[],"class_list":["post-78041","product","type-product","status-publish","has-post-thumbnail","hentry","product_cat-macinaspezie-polverizzatori"],"acf":[],"yoast_head":"<!-- This site is optimized with the Yoast SEO plugin v20.10 - https:\/\/yoast.com\/wordpress\/plugins\/seo\/ -->\n<title>Macinaspezie elettrico 350W - Tauro Essiccatori<\/title>\n<meta name=\"robots\" content=\"noindex, follow, max-snippet:-1, max-image-preview:large, max-video-preview:-1\" \/>\n<meta property=\"og:locale\" content=\"sk_SK\" \/>\n<meta property=\"og:type\" content=\"article\" \/>\n<meta property=\"og:title\" content=\"Macinaspezie elettrico 350W - Tauro Essiccatori\" \/>\n<meta property=\"og:description\" content=\"Metti un BIOSEC sotto l&#039;Albero. SCOPRI QUI le promozioni di Natale! Gli sconti Black Friday sono qui! \u00a0 Clicca\u00a0per\u00a0non perderli \u2192 Un macinaspezie elettrico versatile e potente, che pu\u00f2 essere utilizzato per sminuzzare cibi secchi ed essiccati. Fornito di due contenitori inox con due diverse lame, e coperchio antipolvere. Caratteristiche principali:\u00a0Potente motore elettrico da 350 [&hellip;]\" \/>\n<meta property=\"og:url\" content=\"https:\/\/stor51.tauroessiccatori.com\/sk\/p\/elektricky-mlyncek-na-korenie\/\" \/>\n<meta property=\"og:site_name\" content=\"Tauro Essiccatori\" \/>\n<meta property=\"article:publisher\" content=\"https:\/\/www.facebook.com\/TauroEssiccatori\/\" \/>\n<meta property=\"article:modified_time\" content=\"2023-05-16T09:10:49+00:00\" \/>\n<meta property=\"og:image\" content=\"https:\/\/stor51.tauroessiccatori.com\/wp-assets\/uploads\/2021\/03\/cloer741901.jpg\" \/>\n\t<meta property=\"og:image:width\" content=\"1210\" \/>\n\t<meta property=\"og:image:height\" content=\"750\" \/>\n\t<meta property=\"og:image:type\" content=\"image\/jpeg\" \/>\n<meta name=\"twitter:card\" content=\"summary_large_image\" \/>\n<meta name=\"twitter:label1\" content=\"Est. reading time\" \/>\n\t<meta name=\"twitter:data1\" content=\"1 min\u00fata\" \/>\n<script type=\"application\/ld+json\" class=\"yoast-schema-graph\">{\"@context\":\"https:\/\/schema.org\",\"@graph\":[{\"@type\":\"WebPage\",\"@id\":\"https:\/\/stor51.tauroessiccatori.com\/p\/macinaspezie-elettrico\/\",\"url\":\"https:\/\/stor51.tauroessiccatori.com\/p\/macinaspezie-elettrico\/\",\"name\":\"Macinaspezie elettrico 350W - Tauro Essiccatori\",\"isPartOf\":{\"@id\":\"https:\/\/stor51.tauroessiccatori.com\/#website\"},\"datePublished\":\"2021-03-10T15:13:36+00:00\",\"dateModified\":\"2023-05-16T09:10:49+00:00\",\"breadcrumb\":{\"@id\":\"https:\/\/stor51.tauroessiccatori.com\/p\/macinaspezie-elettrico\/#breadcrumb\"},\"inLanguage\":\"sk-SK\",\"potentialAction\":[{\"@type\":\"ReadAction\",\"target\":[\"https:\/\/stor51.tauroessiccatori.com\/p\/macinaspezie-elettrico\/\"]}]},{\"@type\":\"BreadcrumbList\",\"@id\":\"https:\/\/stor51.tauroessiccatori.com\/p\/macinaspezie-elettrico\/#breadcrumb\",\"itemListElement\":[{\"@type\":\"ListItem\",\"position\":1,\"name\":\"Home\",\"item\":\"https:\/\/stor51.tauroessiccatori.com\/\"},{\"@type\":\"ListItem\",\"position\":2,\"name\":\"Shop\",\"item\":\"https:\/\/stor51.tauroessiccatori.com\/negozio\/\"},{\"@type\":\"ListItem\",\"position\":3,\"name\":\"Macinaspezie elettrico 350W\"}]},{\"@type\":\"WebSite\",\"@id\":\"https:\/\/stor51.tauroessiccatori.com\/#website\",\"url\":\"https:\/\/stor51.tauroessiccatori.com\/\",\"name\":\"Tauro Essiccatori\",\"description\":\"Welcome to Tauro Essiccatori online shop\",\"publisher\":{\"@id\":\"https:\/\/stor51.tauroessiccatori.com\/#organization\"},\"potentialAction\":[{\"@type\":\"SearchAction\",\"target\":{\"@type\":\"EntryPoint\",\"urlTemplate\":\"https:\/\/stor51.tauroessiccatori.com\/?s={search_term_string}\"},\"query-input\":\"required name=search_term_string\"}],\"inLanguage\":\"sk-SK\"},{\"@type\":\"Organization\",\"@id\":\"https:\/\/stor51.tauroessiccatori.com\/#organization\",\"name\":\"Tauro Essiccatori\",\"url\":\"https:\/\/stor51.tauroessiccatori.com\/\",\"logo\":{\"@type\":\"ImageObject\",\"inLanguage\":\"sk-SK\",\"@id\":\"https:\/\/stor51.tauroessiccatori.com\/#\/schema\/logo\/image\/\",\"url\":\"https:\/\/www.tauroessiccatori.com\/wp-assets\/uploads\/2017\/07\/logo_tauro_500x109px.png\",\"contentUrl\":\"https:\/\/www.tauroessiccatori.com\/wp-assets\/uploads\/2017\/07\/logo_tauro_500x109px.png\",\"width\":500,\"height\":109,\"caption\":\"Tauro Essiccatori\"},\"image\":{\"@id\":\"https:\/\/stor51.tauroessiccatori.com\/#\/schema\/logo\/image\/\"},\"sameAs\":[\"https:\/\/www.facebook.com\/TauroEssiccatori\/\",\"https:\/\/www.instagram.com\/tauro_essiccatori\/\",\"https:\/\/it.linkedin.com\/company\/tauro-essiccatori\",\"https:\/\/www.youtube.com\/user\/tauroessiccatori\"]}]}<\/script>\n<!-- \/ Yoast SEO plugin. -->","yoast_head_json":{"title":"Macinaspezie elettrico 350W - Tauro Essiccatori","robots":{"index":"noindex","follow":"follow","max-snippet":"max-snippet:-1","max-image-preview":"max-image-preview:large","max-video-preview":"max-video-preview:-1"},"og_locale":"sk_SK","og_type":"article","og_title":"Macinaspezie elettrico 350W - Tauro Essiccatori","og_description":"Metti un BIOSEC sotto l'Albero. SCOPRI QUI le promozioni di Natale! Gli sconti Black Friday sono qui! \u00a0 Clicca\u00a0per\u00a0non perderli \u2192 Un macinaspezie elettrico versatile e potente, che pu\u00f2 essere utilizzato per sminuzzare cibi secchi ed essiccati. Fornito di due contenitori inox con due diverse lame, e coperchio antipolvere. Caratteristiche principali:\u00a0Potente motore elettrico da 350 [&hellip;]","og_url":"https:\/\/stor51.tauroessiccatori.com\/sk\/p\/elektricky-mlyncek-na-korenie\/","og_site_name":"Tauro Essiccatori","article_publisher":"https:\/\/www.facebook.com\/TauroEssiccatori\/","article_modified_time":"2023-05-16T09:10:49+00:00","og_image":[{"width":1210,"height":750,"url":"https:\/\/stor51.tauroessiccatori.com\/wp-assets\/uploads\/2021\/03\/cloer741901.jpg","type":"image\/jpeg"}],"twitter_card":"summary_large_image","twitter_misc":{"Est. reading time":"1 min\u00fata"},"schema":{"@context":"https:\/\/schema.org","@graph":[{"@type":"WebPage","@id":"https:\/\/stor51.tauroessiccatori.com\/p\/macinaspezie-elettrico\/","url":"https:\/\/stor51.tauroessiccatori.com\/p\/macinaspezie-elettrico\/","name":"Macinaspezie elettrico 350W - Tauro Essiccatori","isPartOf":{"@id":"https:\/\/stor51.tauroessiccatori.com\/#website"},"datePublished":"2021-03-10T15:13:36+00:00","dateModified":"2023-05-16T09:10:49+00:00","breadcrumb":{"@id":"https:\/\/stor51.tauroessiccatori.com\/p\/macinaspezie-elettrico\/#breadcrumb"},"inLanguage":"sk-SK","potentialAction":[{"@type":"ReadAction","target":["https:\/\/stor51.tauroessiccatori.com\/p\/macinaspezie-elettrico\/"]}]},{"@type":"BreadcrumbList","@id":"https:\/\/stor51.tauroessiccatori.com\/p\/macinaspezie-elettrico\/#breadcrumb","itemListElement":[{"@type":"ListItem","position":1,"name":"Home","item":"https:\/\/stor51.tauroessiccatori.com\/"},{"@type":"ListItem","position":2,"name":"Shop","item":"https:\/\/stor51.tauroessiccatori.com\/negozio\/"},{"@type":"ListItem","position":3,"name":"Macinaspezie elettrico 350W"}]},{"@type":"WebSite","@id":"https:\/\/stor51.tauroessiccatori.com\/#website","url":"https:\/\/stor51.tauroessiccatori.com\/","name":"Tauro Essiccatori","description":"Welcome to Tauro Essiccatori online shop","publisher":{"@id":"https:\/\/stor51.tauroessiccatori.com\/#organization"},"potentialAction":[{"@type":"SearchAction","target":{"@type":"EntryPoint","urlTemplate":"https:\/\/stor51.tauroessiccatori.com\/?s={search_term_string}"},"query-input":"required name=search_term_string"}],"inLanguage":"sk-SK"},{"@type":"Organization","@id":"https:\/\/stor51.tauroessiccatori.com\/#organization","name":"Tauro Essiccatori","url":"https:\/\/stor51.tauroessiccatori.com\/","logo":{"@type":"ImageObject","inLanguage":"sk-SK","@id":"https:\/\/stor51.tauroessiccatori.com\/#\/schema\/logo\/image\/","url":"https:\/\/www.tauroessiccatori.com\/wp-assets\/uploads\/2017\/07\/logo_tauro_500x109px.png","contentUrl":"https:\/\/www.tauroessiccatori.com\/wp-assets\/uploads\/2017\/07\/logo_tauro_500x109px.png","width":500,"height":109,"caption":"Tauro Essiccatori"},"image":{"@id":"https:\/\/stor51.tauroessiccatori.com\/#\/schema\/logo\/image\/"},"sameAs":["https:\/\/www.facebook.com\/TauroEssiccatori\/","https:\/\/www.instagram.com\/tauro_essiccatori\/","https:\/\/it.linkedin.com\/company\/tauro-essiccatori","https:\/\/www.youtube.com\/user\/tauroessiccatori"]}]}},"_links":{"self":[{"href":"https:\/\/stor51.tauroessiccatori.com\/sk\/wp-json\/wp\/v2\/product\/78041"}],"collection":[{"href":"https:\/\/stor51.tauroessiccatori.com\/sk\/wp-json\/wp\/v2\/product"}],"about":[{"href":"https:\/\/stor51.tauroessiccatori.com\/sk\/wp-json\/wp\/v2\/types\/product"}],"replies":[{"embeddable":true,"href":"https:\/\/stor51.tauroessiccatori.com\/sk\/wp-json\/wp\/v2\/comments?post=78041"}],"wp:featuredmedia":[{"embeddable":true,"href":"https:\/\/stor51.tauroessiccatori.com\/sk\/wp-json\/wp\/v2\/media\/78044"}],"wp:attachment":[{"href":"https:\/\/stor51.tauroessiccatori.com\/sk\/wp-json\/wp\/v2\/media?parent=78041"}],"wp:term":[{"taxonomy":"product_cat","embeddable":true,"href":"https:\/\/stor51.tauroessiccatori.com\/sk\/wp-json\/wp\/v2\/product_cat?post=78041"},{"taxonomy":"product_tag","embeddable":true,"href":"https:\/\/stor51.tauroessiccatori.com\/sk\/wp-json\/wp\/v2\/product_tag?post=78041"}],"curies":[{"name":"wp","href":"https:\/\/api.w.org\/{rel}","templated":true}]}}