


{"id":582,"date":"2017-04-04T18:14:22","date_gmt":"2017-04-04T16:14:22","guid":{"rendered":"http:\/\/store.tauroessiccatori.com\/?post_type=product&#038;p=582"},"modified":"2023-05-16T11:09:58","modified_gmt":"2023-05-16T09:09:58","slug":"essiccare","status":"publish","type":"product","link":"https:\/\/stor51.tauroessiccatori.com\/sk\/p\/susenie\/","title":{"rendered":"Su\u0161enie - techniky a recepty"},"content":{"rendered":"<div class=\"tauro-banners\"><div class=\"banner-00\" style=\"background-color: #852035\">\r\n<div class=\"ix-xmas-box-other\" style=\"font-size: 18px;padding: 7px 0;margin: 0 auto 0px auto\" align=\"center\"><b style=\"color: #fff;font-size: 18px\">Pod strom umiestnite BIOSEC. <a style=\"color: #f8cc89;font-weight: bold;text-decoration: none;font-size: 18px\" href=\"https:\/\/www.tauroessiccatori.com\/christmas-2024\/\">ZOBRAZI\u0164 TU<\/a> Viano\u010dn\u00e9 akcie!<\/b><\/div>\r\n<\/div><div class=\"banner-00\" style=\"background-color: #000\">\r\n<div class=\"ix-xmas-box-other\" style=\"font-size: 18px;padding: 7px 0;margin: 0 auto 0px auto\" align=\"center\"><b style=\"color: #fff\"> \u010cierny piatok z\u013eavy s\u00fa tu! \u00a0 <a style=\"color: #f77209;font-weight: bold;text-decoration: none\" href=\"https:\/\/www.tauroessiccatori.com\/black-friday-2024\/\"> Kliknite, aby ste ich nezme\u0161kali \u2192 <\/a>\r\n<\/b><\/div>\r\n<\/div><\/div><div><strong>Popis: V s\u00fa\u010dasnosti sa nach\u00e1dza na \u00fazem\u00ed Slovenskej republiky:<\/strong><br \/>\ntechniky a recepty<br \/>\n\u0161\u00e9fkuch\u00e1r Stefano Masanti<\/div>\n<div>\n<p><strong>Vlastnosti:<\/strong><\/p>\n<ul>\n<li>gurm\u00e1nska kuch\u00e1rska kniha<\/li>\n<li>form\u00e1t 19x24cm tvrd\u00e1 v\u00e4zba<\/li>\n<li>98 plnofarebn\u00fdch str\u00e1n<\/li>\n<li>Ed\u00edcia Bibliotheca Culinaria<\/li>\n<\/ul>\n<\/div>\n<div>\n<p><strong>Obsah balenia:<\/strong><\/p>\n<ul>\n<li>kuch\u00e1rska kniha<\/li>\n<\/ul>\n<\/div>","protected":false},"excerpt":{"rendered":"<p>Metti un BIOSEC sotto l&#8217;Albero. SCOPRI QUI le promozioni di Natale! Gli sconti Black Friday sono qui! \u00a0 Clicca\u00a0per\u00a0non perderli \u2192 Descrizione: tecniche e ricette dello chef Stefano Masanti Caratteristiche: ricettario gourmet formato 19x24cm copertina rigida 98 pagine interamente a colori Edizioni Bibliotheca Culinaria Contenuto della confezione: libro ricettario<\/p>","protected":false},"featured_media":842,"comment_status":"closed","ping_status":"closed","template":"","meta":[],"product_cat":[196],"product_tag":[],"class_list":["post-582","product","type-product","status-publish","has-post-thumbnail","hentry","product_cat-libri"],"acf":[],"yoast_head":"<!-- This site is optimized with the Yoast SEO plugin v20.10 - https:\/\/yoast.com\/wordpress\/plugins\/seo\/ -->\n<title>Essiccare: Tecniche e ricette - Tauro Essiccatori<\/title>\n<meta name=\"description\" content=\"Vuoi imparare l&#039;arte dell&#039;essiccazione o affinare le tue abilit\u00e0? Scopri questo favoloso mondo e mettiti al lavoro, Aquista online il libro Essiccare!\" \/>\n<meta name=\"robots\" content=\"noindex, follow, max-snippet:-1, max-image-preview:large, max-video-preview:-1\" \/>\n<meta property=\"og:locale\" content=\"sk_SK\" \/>\n<meta property=\"og:type\" content=\"article\" \/>\n<meta property=\"og:title\" content=\"Essiccare: Tecniche e ricette - Tauro Essiccatori\" \/>\n<meta property=\"og:description\" content=\"Vuoi imparare l&#039;arte dell&#039;essiccazione o affinare le tue abilit\u00e0? Scopri questo favoloso mondo e mettiti al lavoro, Aquista online il libro Essiccare!\" \/>\n<meta property=\"og:url\" content=\"https:\/\/stor51.tauroessiccatori.com\/sk\/p\/susenie\/\" \/>\n<meta property=\"og:site_name\" content=\"Tauro Essiccatori\" \/>\n<meta property=\"article:publisher\" content=\"https:\/\/www.facebook.com\/TauroEssiccatori\/\" \/>\n<meta property=\"article:modified_time\" content=\"2023-05-16T09:09:58+00:00\" \/>\n<meta property=\"og:image\" content=\"https:\/\/stor51.tauroessiccatori.com\/wp-assets\/uploads\/2017\/04\/essiccare-front.jpg\" \/>\n\t<meta property=\"og:image:width\" content=\"2048\" \/>\n\t<meta property=\"og:image:height\" content=\"1266\" \/>\n\t<meta property=\"og:image:type\" content=\"image\/jpeg\" \/>\n<meta name=\"twitter:card\" content=\"summary_large_image\" \/>\n<script type=\"application\/ld+json\" class=\"yoast-schema-graph\">{\"@context\":\"https:\/\/schema.org\",\"@graph\":[{\"@type\":\"WebPage\",\"@id\":\"https:\/\/stor51.tauroessiccatori.com\/p\/essiccare\/\",\"url\":\"https:\/\/stor51.tauroessiccatori.com\/p\/essiccare\/\",\"name\":\"Essiccare: Tecniche e ricette - Tauro Essiccatori\",\"isPartOf\":{\"@id\":\"https:\/\/stor51.tauroessiccatori.com\/#website\"},\"datePublished\":\"2017-04-04T16:14:22+00:00\",\"dateModified\":\"2023-05-16T09:09:58+00:00\",\"description\":\"Vuoi imparare l'arte dell'essiccazione o affinare le tue abilit\u00e0? Scopri questo favoloso mondo e mettiti al lavoro, Aquista online il libro Essiccare!\",\"breadcrumb\":{\"@id\":\"https:\/\/stor51.tauroessiccatori.com\/p\/essiccare\/#breadcrumb\"},\"inLanguage\":\"sk-SK\",\"potentialAction\":[{\"@type\":\"ReadAction\",\"target\":[\"https:\/\/stor51.tauroessiccatori.com\/p\/essiccare\/\"]}]},{\"@type\":\"BreadcrumbList\",\"@id\":\"https:\/\/stor51.tauroessiccatori.com\/p\/essiccare\/#breadcrumb\",\"itemListElement\":[{\"@type\":\"ListItem\",\"position\":1,\"name\":\"Home\",\"item\":\"https:\/\/stor51.tauroessiccatori.com\/\"},{\"@type\":\"ListItem\",\"position\":2,\"name\":\"Shop\",\"item\":\"https:\/\/stor51.tauroessiccatori.com\/negozio\/\"},{\"@type\":\"ListItem\",\"position\":3,\"name\":\"Essiccare &#8211; Tecniche e ricette\"}]},{\"@type\":\"WebSite\",\"@id\":\"https:\/\/stor51.tauroessiccatori.com\/#website\",\"url\":\"https:\/\/stor51.tauroessiccatori.com\/\",\"name\":\"Tauro Essiccatori\",\"description\":\"Welcome to Tauro Essiccatori online shop\",\"publisher\":{\"@id\":\"https:\/\/stor51.tauroessiccatori.com\/#organization\"},\"potentialAction\":[{\"@type\":\"SearchAction\",\"target\":{\"@type\":\"EntryPoint\",\"urlTemplate\":\"https:\/\/stor51.tauroessiccatori.com\/?s={search_term_string}\"},\"query-input\":\"required name=search_term_string\"}],\"inLanguage\":\"sk-SK\"},{\"@type\":\"Organization\",\"@id\":\"https:\/\/stor51.tauroessiccatori.com\/#organization\",\"name\":\"Tauro Essiccatori\",\"url\":\"https:\/\/stor51.tauroessiccatori.com\/\",\"logo\":{\"@type\":\"ImageObject\",\"inLanguage\":\"sk-SK\",\"@id\":\"https:\/\/stor51.tauroessiccatori.com\/#\/schema\/logo\/image\/\",\"url\":\"https:\/\/www.tauroessiccatori.com\/wp-assets\/uploads\/2017\/07\/logo_tauro_500x109px.png\",\"contentUrl\":\"https:\/\/www.tauroessiccatori.com\/wp-assets\/uploads\/2017\/07\/logo_tauro_500x109px.png\",\"width\":500,\"height\":109,\"caption\":\"Tauro Essiccatori\"},\"image\":{\"@id\":\"https:\/\/stor51.tauroessiccatori.com\/#\/schema\/logo\/image\/\"},\"sameAs\":[\"https:\/\/www.facebook.com\/TauroEssiccatori\/\",\"https:\/\/www.instagram.com\/tauro_essiccatori\/\",\"https:\/\/it.linkedin.com\/company\/tauro-essiccatori\",\"https:\/\/www.youtube.com\/user\/tauroessiccatori\"]}]}<\/script>\n<!-- \/ Yoast SEO plugin. -->","yoast_head_json":{"title":"Essiccare: Tecniche e ricette - Tauro Essiccatori","description":"Vuoi imparare l'arte dell'essiccazione o affinare le tue abilit\u00e0? Scopri questo favoloso mondo e mettiti al lavoro, Aquista online il libro Essiccare!","robots":{"index":"noindex","follow":"follow","max-snippet":"max-snippet:-1","max-image-preview":"max-image-preview:large","max-video-preview":"max-video-preview:-1"},"og_locale":"sk_SK","og_type":"article","og_title":"Essiccare: Tecniche e ricette - Tauro Essiccatori","og_description":"Vuoi imparare l'arte dell'essiccazione o affinare le tue abilit\u00e0? Scopri questo favoloso mondo e mettiti al lavoro, Aquista online il libro Essiccare!","og_url":"https:\/\/stor51.tauroessiccatori.com\/sk\/p\/susenie\/","og_site_name":"Tauro Essiccatori","article_publisher":"https:\/\/www.facebook.com\/TauroEssiccatori\/","article_modified_time":"2023-05-16T09:09:58+00:00","og_image":[{"width":2048,"height":1266,"url":"https:\/\/stor51.tauroessiccatori.com\/wp-assets\/uploads\/2017\/04\/essiccare-front.jpg","type":"image\/jpeg"}],"twitter_card":"summary_large_image","schema":{"@context":"https:\/\/schema.org","@graph":[{"@type":"WebPage","@id":"https:\/\/stor51.tauroessiccatori.com\/p\/essiccare\/","url":"https:\/\/stor51.tauroessiccatori.com\/p\/essiccare\/","name":"Essiccare: Tecniche e ricette - Tauro Essiccatori","isPartOf":{"@id":"https:\/\/stor51.tauroessiccatori.com\/#website"},"datePublished":"2017-04-04T16:14:22+00:00","dateModified":"2023-05-16T09:09:58+00:00","description":"Vuoi imparare l'arte dell'essiccazione o affinare le tue abilit\u00e0? Scopri questo favoloso mondo e mettiti al lavoro, Aquista online il libro Essiccare!","breadcrumb":{"@id":"https:\/\/stor51.tauroessiccatori.com\/p\/essiccare\/#breadcrumb"},"inLanguage":"sk-SK","potentialAction":[{"@type":"ReadAction","target":["https:\/\/stor51.tauroessiccatori.com\/p\/essiccare\/"]}]},{"@type":"BreadcrumbList","@id":"https:\/\/stor51.tauroessiccatori.com\/p\/essiccare\/#breadcrumb","itemListElement":[{"@type":"ListItem","position":1,"name":"Home","item":"https:\/\/stor51.tauroessiccatori.com\/"},{"@type":"ListItem","position":2,"name":"Shop","item":"https:\/\/stor51.tauroessiccatori.com\/negozio\/"},{"@type":"ListItem","position":3,"name":"Essiccare &#8211; Tecniche e ricette"}]},{"@type":"WebSite","@id":"https:\/\/stor51.tauroessiccatori.com\/#website","url":"https:\/\/stor51.tauroessiccatori.com\/","name":"Tauro Essiccatori","description":"Welcome to Tauro Essiccatori online shop","publisher":{"@id":"https:\/\/stor51.tauroessiccatori.com\/#organization"},"potentialAction":[{"@type":"SearchAction","target":{"@type":"EntryPoint","urlTemplate":"https:\/\/stor51.tauroessiccatori.com\/?s={search_term_string}"},"query-input":"required name=search_term_string"}],"inLanguage":"sk-SK"},{"@type":"Organization","@id":"https:\/\/stor51.tauroessiccatori.com\/#organization","name":"Tauro Essiccatori","url":"https:\/\/stor51.tauroessiccatori.com\/","logo":{"@type":"ImageObject","inLanguage":"sk-SK","@id":"https:\/\/stor51.tauroessiccatori.com\/#\/schema\/logo\/image\/","url":"https:\/\/www.tauroessiccatori.com\/wp-assets\/uploads\/2017\/07\/logo_tauro_500x109px.png","contentUrl":"https:\/\/www.tauroessiccatori.com\/wp-assets\/uploads\/2017\/07\/logo_tauro_500x109px.png","width":500,"height":109,"caption":"Tauro Essiccatori"},"image":{"@id":"https:\/\/stor51.tauroessiccatori.com\/#\/schema\/logo\/image\/"},"sameAs":["https:\/\/www.facebook.com\/TauroEssiccatori\/","https:\/\/www.instagram.com\/tauro_essiccatori\/","https:\/\/it.linkedin.com\/company\/tauro-essiccatori","https:\/\/www.youtube.com\/user\/tauroessiccatori"]}]}},"_links":{"self":[{"href":"https:\/\/stor51.tauroessiccatori.com\/sk\/wp-json\/wp\/v2\/product\/582"}],"collection":[{"href":"https:\/\/stor51.tauroessiccatori.com\/sk\/wp-json\/wp\/v2\/product"}],"about":[{"href":"https:\/\/stor51.tauroessiccatori.com\/sk\/wp-json\/wp\/v2\/types\/product"}],"replies":[{"embeddable":true,"href":"https:\/\/stor51.tauroessiccatori.com\/sk\/wp-json\/wp\/v2\/comments?post=582"}],"wp:featuredmedia":[{"embeddable":true,"href":"https:\/\/stor51.tauroessiccatori.com\/sk\/wp-json\/wp\/v2\/media\/842"}],"wp:attachment":[{"href":"https:\/\/stor51.tauroessiccatori.com\/sk\/wp-json\/wp\/v2\/media?parent=582"}],"wp:term":[{"taxonomy":"product_cat","embeddable":true,"href":"https:\/\/stor51.tauroessiccatori.com\/sk\/wp-json\/wp\/v2\/product_cat?post=582"},{"taxonomy":"product_tag","embeddable":true,"href":"https:\/\/stor51.tauroessiccatori.com\/sk\/wp-json\/wp\/v2\/product_tag?post=582"}],"curies":[{"name":"wp","href":"https:\/\/api.w.org\/{rel}","templated":true}]}}