


{"id":37849,"date":"2020-07-27T12:40:55","date_gmt":"2020-07-27T10:40:55","guid":{"rendered":"https:\/\/www.tauroessiccatori.com\/?post_type=product&#038;p=37849\/"},"modified":"2023-11-07T11:51:25","modified_gmt":"2023-11-07T10:51:25","slug":"magic-vac-perfetta","status":"publish","type":"product","link":"https:\/\/stor51.tauroessiccatori.com\/sk\/p\/magic-vac-perfect\/","title":{"rendered":"Magic Vac Perfect"},"content":{"rendered":"<div class=\"tauro-banners\"><div class=\"banner-00\" style=\"background-color: #852035\">\r\n<div class=\"ix-xmas-box-other\" style=\"font-size: 18px;padding: 7px 0;margin: 0 auto 0px auto\" align=\"center\"><b style=\"color: #fff;font-size: 18px\">Pod strom umiestnite BIOSEC. <a style=\"color: #f8cc89;font-weight: bold;text-decoration: none;font-size: 18px\" href=\"https:\/\/www.tauroessiccatori.com\/christmas-2024\/\">ZOBRAZI\u0164 TU<\/a> Viano\u010dn\u00e9 akcie!<\/b><\/div>\r\n<\/div><div class=\"banner-00\" style=\"background-color: #000\">\r\n<div class=\"ix-xmas-box-other\" style=\"font-size: 18px;padding: 7px 0;margin: 0 auto 0px auto\" align=\"center\"><b style=\"color: #fff\"> \u010cierny piatok z\u013eavy s\u00fa tu! \u00a0 <a style=\"color: #f77209;font-weight: bold;text-decoration: none\" href=\"https:\/\/www.tauroessiccatori.com\/black-friday-2024\/\"> Kliknite, aby ste ich nezme\u0161kali \u2192 <\/a>\r\n<\/b><\/div>\r\n<\/div><\/div><p><span style=\"font-weight: 400;\">POPIS:<\/span><\/p>\n<p><span style=\"font-weight: 400;\">\u0160pi\u010dkov\u00fd model z radu vys\u00e1va\u010dov v sebe sp\u00e1ja bezkonkuren\u010dn\u00fa v\u0161estrannos\u0165 a vynikaj\u00faci v\u00fdkon. Jeho hlavn\u00fdmi vlastnos\u0165ami s\u00fa:<\/span><\/p>\n<p>Nov\u00fd digit\u00e1lny v\u00e1kuometer Inovat\u00edvna predvo\u013eba \u00farovne v\u00e1kua. Manu\u00e1lna pulzn\u00e1 v\u00e1kuov\u00e1 funkcia pre krehk\u00e9 a ch\u00falostiv\u00e9 potraviny. Profesion\u00e1lny v\u00fdkon v\u010faka v\u00fdkonn\u00e9mu du\u00e1lnemu \u010derpadlu. Jednoduch\u00e9 pou\u017e\u00edvanie v\u010faka syst\u00e9mu Lock &amp; Unlock. Praktick\u00fd priezor na kontrolu spr\u00e1vnej polohy vrecka. Funkcia \"ActiSeal3D\" na automatick\u00e9 vyv\u00e1\u017eenie utesnenia ka\u017ed\u00e9ho vrecka Magic Vac najlep\u0161\u00edm mo\u017en\u00fdm sp\u00f4sobom, \u010d\u00edm sa zabr\u00e1ni nedostato\u010dn\u00e9mu alebo nadmern\u00e9mu utesneniu. Funkcia \"MARINATING\" na marinovanie potrav\u00edn v n\u00e1dobe Quadro Magic Vac len za nieko\u013eko min\u00fat. Odn\u00edmate\u013en\u00e1 odkvapk\u00e1vacia miska vhodn\u00e1 do um\u00fdva\u010dky riadu. V s\u00falade so smernicou ErP o spotrebe energie. A mnoho \u010fal\u0161\u00edch...<\/p>\n<p>&nbsp;<\/p>\n<p><span style=\"font-weight: 400;\">TECHNICK\u00c9 VLASTNOSTI:<\/span><\/p>\n<p>Nov\u00fd digit\u00e1lny v\u00e1kuometer Inovat\u00edvna predvo\u013eba \u00farovne v\u00e1kua<\/p>\n<p>Manu\u00e1lna pulzn\u00e1 v\u00e1kuov\u00e1 funkcia pre krehk\u00e9 a ch\u00falostiv\u00e9 potraviny<\/p>\n<p>Profesion\u00e1lny v\u00fdkon v\u010faka v\u00fdkonn\u00e9mu dvojit\u00e9mu \u010derpadlu<\/p>\n<p>Jednoduch\u00e9 pou\u017e\u00edvanie so syst\u00e9mom uzamykania a odomykania<\/p>\n<p>Praktick\u00fd priezor na kontrolu spr\u00e1vnej polohy vrecka<\/p>\n<p>funkcia ActiSeal3D', ktor\u00e1 automaticky vyv\u00e1\u017ei utesnenie ka\u017ed\u00e9ho vrecka Magic Vac najlep\u0161\u00edm mo\u017en\u00fdm sp\u00f4sobom, \u010d\u00edm sa zabr\u00e1ni nedostato\u010dn\u00e9mu alebo nadmern\u00e9mu utesneniu<\/p>\n<p>Funkcia \"MARINATING\" na marinovanie potrav\u00edn v n\u00e1dobe Quadro Magic Vac len za nieko\u013eko min\u00fat<\/p>\n<p>Odn\u00edmate\u013en\u00e1 odkvapk\u00e1vacia miska vhodn\u00e1 do um\u00fdva\u010dky riadu<\/p>\n<p>V s\u00falade so smernicou ErP o spotrebe energie<\/p>\n<p><span style=\"font-weight: 400;\">Tesniaca li\u0161ta: 30 cm<\/span><\/p>","protected":false},"excerpt":{"rendered":"<p>&nbsp;<\/p>\n<ul>\n<li>Nov\u00fd digit\u00e1lny v\u00e1kuometer Inovat\u00edvna predvo\u013eba \u00farovne v\u00e1kua<\/li>\n<li>Manu\u00e1lna pulzn\u00e1 v\u00e1kuov\u00e1 funkcia pre krehk\u00e9 a ch\u00falostiv\u00e9 potraviny<\/li>\n<li>Profesion\u00e1lny v\u00fdkon v\u010faka v\u00fdkonn\u00e9mu dvojit\u00e9mu \u010derpadlu<\/li>\n<li>Jednoduch\u00e9 pou\u017e\u00edvanie so syst\u00e9mom uzamykania a odomykania<\/li>\n<li>Praktick\u00fd priezor na kontrolu spr\u00e1vnej polohy vrecka<\/li>\n<li>funkcia ActiSeal3D', ktor\u00e1 automaticky vyv\u00e1\u017ei utesnenie ka\u017ed\u00e9ho vrecka Magic Vac najlep\u0161\u00edm mo\u017en\u00fdm sp\u00f4sobom, \u010d\u00edm sa zabr\u00e1ni nedostato\u010dn\u00e9mu alebo nadmern\u00e9mu utesneniu<\/li>\n<li>Funkcia \"MARINATING\" na marinovanie potrav\u00edn v n\u00e1dobe Quadro Magic Vac len za nieko\u013eko min\u00fat<\/li>\n<li>Odn\u00edmate\u013en\u00e1 odkvapk\u00e1vacia miska vhodn\u00e1 do um\u00fdva\u010dky riadu<\/li>\n<li>V s\u00falade so smernicou ErP o spotrebe energie<\/li>\n<li>Tesniaca li\u0161ta: 30 cm<\/li>\n<\/ul>","protected":false},"featured_media":37858,"comment_status":"closed","ping_status":"closed","template":"","meta":[],"product_cat":[276],"product_tag":[],"class_list":["post-37849","product","type-product","status-publish","has-post-thumbnail","hentry","product_cat-sottovuoto"],"acf":[],"yoast_head":"<!-- This site is optimized with the Yoast SEO plugin v20.10 - https:\/\/yoast.com\/wordpress\/plugins\/seo\/ -->\n<title>Magic Vac Perfetta - Tauro Essiccatori<\/title>\n<meta name=\"robots\" content=\"noindex, follow, max-snippet:-1, max-image-preview:large, max-video-preview:-1\" \/>\n<meta property=\"og:locale\" content=\"sk_SK\" \/>\n<meta property=\"og:type\" content=\"article\" \/>\n<meta property=\"og:title\" content=\"Magic Vac Perfetta - Tauro Essiccatori\" \/>\n<meta property=\"og:description\" content=\"&nbsp;   Nuovo Vuotometro Digitale\u00a0Innovativa preselezione del livello di vuoto  Funzione\u00a0vuoto manuale a pulsazioni\u00a0per cibi fragili e delicati  Prestazioni professionali\u00a0grazie alla potente doppia pompa  Facilit\u00e0 d&#039;uso con\u00a0Lock &amp; Unlock System  Pratico obl\u00f2 per verificare la corretta posizione del sacchetto  Funzione \u201cActiSeal3D\u201d che permette di bilanciare automaticamente nel miglior modo possibile la saldatura di ogni sacchetto Magic Vac, evitando cos\u00ec sigillature insufficienti o eccessive  Funzione \u201cMARINATING\u201d per marinare i cibi in pochi minuti nel Canister Quadro Magic Vac  Vaschetta ferma liquidi estraibile e lavabile in lavastoviglie  Conforme alla\u00a0Direttiva ErP\u00a0consumi di energia  Barra saldante: 30 cm\" \/>\n<meta property=\"og:url\" content=\"https:\/\/stor51.tauroessiccatori.com\/sk\/p\/magic-vac-perfect\/\" \/>\n<meta property=\"og:site_name\" content=\"Tauro Essiccatori\" \/>\n<meta property=\"article:publisher\" content=\"https:\/\/www.facebook.com\/TauroEssiccatori\/\" \/>\n<meta property=\"article:modified_time\" content=\"2023-11-07T10:51:25+00:00\" \/>\n<meta property=\"og:image\" content=\"https:\/\/stor51.tauroessiccatori.com\/wp-assets\/uploads\/2020\/07\/V252PK1-PERFETTA-CMYK-HR.jpg\" \/>\n\t<meta property=\"og:image:width\" content=\"2048\" \/>\n\t<meta property=\"og:image:height\" content=\"1266\" \/>\n\t<meta property=\"og:image:type\" content=\"image\/jpeg\" \/>\n<meta name=\"twitter:card\" content=\"summary_large_image\" \/>\n<meta name=\"twitter:label1\" content=\"Est. reading time\" \/>\n\t<meta name=\"twitter:data1\" content=\"1 min\u00fata\" \/>\n<script type=\"application\/ld+json\" class=\"yoast-schema-graph\">{\"@context\":\"https:\/\/schema.org\",\"@graph\":[{\"@type\":\"WebPage\",\"@id\":\"https:\/\/stor51.tauroessiccatori.com\/p\/magic-vac-perfetta\/\",\"url\":\"https:\/\/stor51.tauroessiccatori.com\/p\/magic-vac-perfetta\/\",\"name\":\"Magic Vac Perfetta - Tauro Essiccatori\",\"isPartOf\":{\"@id\":\"https:\/\/stor51.tauroessiccatori.com\/#website\"},\"datePublished\":\"2020-07-27T10:40:55+00:00\",\"dateModified\":\"2023-11-07T10:51:25+00:00\",\"breadcrumb\":{\"@id\":\"https:\/\/stor51.tauroessiccatori.com\/p\/magic-vac-perfetta\/#breadcrumb\"},\"inLanguage\":\"sk-SK\",\"potentialAction\":[{\"@type\":\"ReadAction\",\"target\":[\"https:\/\/stor51.tauroessiccatori.com\/p\/magic-vac-perfetta\/\"]}]},{\"@type\":\"BreadcrumbList\",\"@id\":\"https:\/\/stor51.tauroessiccatori.com\/p\/magic-vac-perfetta\/#breadcrumb\",\"itemListElement\":[{\"@type\":\"ListItem\",\"position\":1,\"name\":\"Home\",\"item\":\"https:\/\/stor51.tauroessiccatori.com\/\"},{\"@type\":\"ListItem\",\"position\":2,\"name\":\"Shop\",\"item\":\"https:\/\/stor51.tauroessiccatori.com\/negozio\/\"},{\"@type\":\"ListItem\",\"position\":3,\"name\":\"Magic Vac Perfetta\"}]},{\"@type\":\"WebSite\",\"@id\":\"https:\/\/stor51.tauroessiccatori.com\/#website\",\"url\":\"https:\/\/stor51.tauroessiccatori.com\/\",\"name\":\"Tauro Essiccatori\",\"description\":\"Welcome to Tauro Essiccatori online shop\",\"publisher\":{\"@id\":\"https:\/\/stor51.tauroessiccatori.com\/#organization\"},\"potentialAction\":[{\"@type\":\"SearchAction\",\"target\":{\"@type\":\"EntryPoint\",\"urlTemplate\":\"https:\/\/stor51.tauroessiccatori.com\/?s={search_term_string}\"},\"query-input\":\"required name=search_term_string\"}],\"inLanguage\":\"sk-SK\"},{\"@type\":\"Organization\",\"@id\":\"https:\/\/stor51.tauroessiccatori.com\/#organization\",\"name\":\"Tauro Essiccatori\",\"url\":\"https:\/\/stor51.tauroessiccatori.com\/\",\"logo\":{\"@type\":\"ImageObject\",\"inLanguage\":\"sk-SK\",\"@id\":\"https:\/\/stor51.tauroessiccatori.com\/#\/schema\/logo\/image\/\",\"url\":\"https:\/\/www.tauroessiccatori.com\/wp-assets\/uploads\/2017\/07\/logo_tauro_500x109px.png\",\"contentUrl\":\"https:\/\/www.tauroessiccatori.com\/wp-assets\/uploads\/2017\/07\/logo_tauro_500x109px.png\",\"width\":500,\"height\":109,\"caption\":\"Tauro Essiccatori\"},\"image\":{\"@id\":\"https:\/\/stor51.tauroessiccatori.com\/#\/schema\/logo\/image\/\"},\"sameAs\":[\"https:\/\/www.facebook.com\/TauroEssiccatori\/\",\"https:\/\/www.instagram.com\/tauro_essiccatori\/\",\"https:\/\/it.linkedin.com\/company\/tauro-essiccatori\",\"https:\/\/www.youtube.com\/user\/tauroessiccatori\"]}]}<\/script>\n<!-- \/ Yoast SEO plugin. -->","yoast_head_json":{"title":"Magic Vac Perfetta - Tauro Essiccatori","robots":{"index":"noindex","follow":"follow","max-snippet":"max-snippet:-1","max-image-preview":"max-image-preview:large","max-video-preview":"max-video-preview:-1"},"og_locale":"sk_SK","og_type":"article","og_title":"Magic Vac Perfetta - Tauro Essiccatori","og_description":"&nbsp;   Nuovo Vuotometro Digitale\u00a0Innovativa preselezione del livello di vuoto  Funzione\u00a0vuoto manuale a pulsazioni\u00a0per cibi fragili e delicati  Prestazioni professionali\u00a0grazie alla potente doppia pompa  Facilit\u00e0 d'uso con\u00a0Lock &amp; Unlock System  Pratico obl\u00f2 per verificare la corretta posizione del sacchetto  Funzione \u201cActiSeal3D\u201d che permette di bilanciare automaticamente nel miglior modo possibile la saldatura di ogni sacchetto Magic Vac, evitando cos\u00ec sigillature insufficienti o eccessive  Funzione \u201cMARINATING\u201d per marinare i cibi in pochi minuti nel Canister Quadro Magic Vac  Vaschetta ferma liquidi estraibile e lavabile in lavastoviglie  Conforme alla\u00a0Direttiva ErP\u00a0consumi di energia  Barra saldante: 30 cm","og_url":"https:\/\/stor51.tauroessiccatori.com\/sk\/p\/magic-vac-perfect\/","og_site_name":"Tauro Essiccatori","article_publisher":"https:\/\/www.facebook.com\/TauroEssiccatori\/","article_modified_time":"2023-11-07T10:51:25+00:00","og_image":[{"width":2048,"height":1266,"url":"https:\/\/stor51.tauroessiccatori.com\/wp-assets\/uploads\/2020\/07\/V252PK1-PERFETTA-CMYK-HR.jpg","type":"image\/jpeg"}],"twitter_card":"summary_large_image","twitter_misc":{"Est. reading time":"1 min\u00fata"},"schema":{"@context":"https:\/\/schema.org","@graph":[{"@type":"WebPage","@id":"https:\/\/stor51.tauroessiccatori.com\/p\/magic-vac-perfetta\/","url":"https:\/\/stor51.tauroessiccatori.com\/p\/magic-vac-perfetta\/","name":"Magic Vac Perfetta - Tauro Essiccatori","isPartOf":{"@id":"https:\/\/stor51.tauroessiccatori.com\/#website"},"datePublished":"2020-07-27T10:40:55+00:00","dateModified":"2023-11-07T10:51:25+00:00","breadcrumb":{"@id":"https:\/\/stor51.tauroessiccatori.com\/p\/magic-vac-perfetta\/#breadcrumb"},"inLanguage":"sk-SK","potentialAction":[{"@type":"ReadAction","target":["https:\/\/stor51.tauroessiccatori.com\/p\/magic-vac-perfetta\/"]}]},{"@type":"BreadcrumbList","@id":"https:\/\/stor51.tauroessiccatori.com\/p\/magic-vac-perfetta\/#breadcrumb","itemListElement":[{"@type":"ListItem","position":1,"name":"Home","item":"https:\/\/stor51.tauroessiccatori.com\/"},{"@type":"ListItem","position":2,"name":"Shop","item":"https:\/\/stor51.tauroessiccatori.com\/negozio\/"},{"@type":"ListItem","position":3,"name":"Magic Vac Perfetta"}]},{"@type":"WebSite","@id":"https:\/\/stor51.tauroessiccatori.com\/#website","url":"https:\/\/stor51.tauroessiccatori.com\/","name":"Tauro Essiccatori","description":"Welcome to Tauro Essiccatori online shop","publisher":{"@id":"https:\/\/stor51.tauroessiccatori.com\/#organization"},"potentialAction":[{"@type":"SearchAction","target":{"@type":"EntryPoint","urlTemplate":"https:\/\/stor51.tauroessiccatori.com\/?s={search_term_string}"},"query-input":"required name=search_term_string"}],"inLanguage":"sk-SK"},{"@type":"Organization","@id":"https:\/\/stor51.tauroessiccatori.com\/#organization","name":"Tauro Essiccatori","url":"https:\/\/stor51.tauroessiccatori.com\/","logo":{"@type":"ImageObject","inLanguage":"sk-SK","@id":"https:\/\/stor51.tauroessiccatori.com\/#\/schema\/logo\/image\/","url":"https:\/\/www.tauroessiccatori.com\/wp-assets\/uploads\/2017\/07\/logo_tauro_500x109px.png","contentUrl":"https:\/\/www.tauroessiccatori.com\/wp-assets\/uploads\/2017\/07\/logo_tauro_500x109px.png","width":500,"height":109,"caption":"Tauro Essiccatori"},"image":{"@id":"https:\/\/stor51.tauroessiccatori.com\/#\/schema\/logo\/image\/"},"sameAs":["https:\/\/www.facebook.com\/TauroEssiccatori\/","https:\/\/www.instagram.com\/tauro_essiccatori\/","https:\/\/it.linkedin.com\/company\/tauro-essiccatori","https:\/\/www.youtube.com\/user\/tauroessiccatori"]}]}},"_links":{"self":[{"href":"https:\/\/stor51.tauroessiccatori.com\/sk\/wp-json\/wp\/v2\/product\/37849"}],"collection":[{"href":"https:\/\/stor51.tauroessiccatori.com\/sk\/wp-json\/wp\/v2\/product"}],"about":[{"href":"https:\/\/stor51.tauroessiccatori.com\/sk\/wp-json\/wp\/v2\/types\/product"}],"replies":[{"embeddable":true,"href":"https:\/\/stor51.tauroessiccatori.com\/sk\/wp-json\/wp\/v2\/comments?post=37849"}],"wp:featuredmedia":[{"embeddable":true,"href":"https:\/\/stor51.tauroessiccatori.com\/sk\/wp-json\/wp\/v2\/media\/37858"}],"wp:attachment":[{"href":"https:\/\/stor51.tauroessiccatori.com\/sk\/wp-json\/wp\/v2\/media?parent=37849"}],"wp:term":[{"taxonomy":"product_cat","embeddable":true,"href":"https:\/\/stor51.tauroessiccatori.com\/sk\/wp-json\/wp\/v2\/product_cat?post=37849"},{"taxonomy":"product_tag","embeddable":true,"href":"https:\/\/stor51.tauroessiccatori.com\/sk\/wp-json\/wp\/v2\/product_tag?post=37849"}],"curies":[{"name":"wp","href":"https:\/\/api.w.org\/{rel}","templated":true}]}}