


{"id":3657,"date":"2019-08-01T17:53:48","date_gmt":"2019-08-01T15:53:48","guid":{"rendered":"https:\/\/store.tauroessiccatori.com\/?post_type=product&#038;p=3657\/"},"modified":"2023-05-16T11:11:25","modified_gmt":"2023-05-16T09:11:25","slug":"mandolina-v5-powerline-starter-set","status":"publish","type":"product","link":"https:\/\/stor51.tauroessiccatori.com\/sk\/p\/mandoline-v5-powerline-starter-set\/","title":{"rendered":"Mandol\u00edna Borner V5 PowerLine"},"content":{"rendered":"<div class=\"tauro-banners\"><div class=\"banner-00\" style=\"background-color: #852035\">\r\n<div class=\"ix-xmas-box-other\" style=\"font-size: 18px;padding: 7px 0;margin: 0 auto 0px auto\" align=\"center\"><b style=\"color: #fff;font-size: 18px\">Pod strom umiestnite BIOSEC. <a style=\"color: #f8cc89;font-weight: bold;text-decoration: none;font-size: 18px\" href=\"https:\/\/www.tauroessiccatori.com\/christmas-2024\/\">ZOBRAZI\u0164 TU<\/a> Viano\u010dn\u00e9 akcie!<\/b><\/div>\r\n<\/div><div class=\"banner-00\" style=\"background-color: #000\">\r\n<div class=\"ix-xmas-box-other\" style=\"font-size: 18px;padding: 7px 0;margin: 0 auto 0px auto\" align=\"center\"><b style=\"color: #fff\"> \u010cierny piatok z\u013eavy s\u00fa tu! \u00a0 <a style=\"color: #f77209;font-weight: bold;text-decoration: none\" href=\"https:\/\/www.tauroessiccatori.com\/black-friday-2024\/\"> Kliknite, aby ste ich nezme\u0161kali \u2192 <\/a>\r\n<\/b><\/div>\r\n<\/div><\/div><p style=\"text-align: left\"><span style=\"font-weight: 400\">Bezkonkuren\u010dn\u00e1 r\u00fdchlos\u0165 a presnos\u0165 pri pr\u00edprave pl\u00e1tkov, ty\u010diniek, pr\u00fa\u017ekov a kociek \u010derstvej zeleniny a ovocia. Z\u00e1rove\u0148 bezpe\u010dn\u00e9 a jednoduch\u00e9 pou\u017e\u00edvanie v\u010faka prilo\u017een\u00e9mu bezpe\u010dnostn\u00e9mu zariadeniu na potraviny. T\u00e1to s\u00faprava pon\u00faka z\u00e1kladn\u00e9 vybavenie pre 10 mo\u017enost\u00ed kr\u00e1jania: m\u00f4\u017eete kr\u00e1ja\u0165 pl\u00e1tky v \u0161tyroch r\u00f4znych hr\u00fabkach, od hrub\u0161\u00edch po ten\u0161ie, alebo hrub\u0161ie \u010di ten\u0161ie ty\u010dinky a kocky. V\u010faka v\u0161estrannosti V5 je pr\u00edprava \u0161al\u00e1tov, polievok, zapekan\u00fdch jed\u00e1l a nespo\u010detn\u00fdch \u010fal\u0161\u00edch poch\u00fa\u0165ok skuto\u010dn\u00fdm pote\u0161en\u00edm.<\/span><\/p>\n<p><span style=\"font-weight: 400\">Na \u010distenie jednoducho opl\u00e1chnite mandol\u00ednu a vlo\u017eky no\u017eov pod te\u010d\u00facou vodou a potom zatla\u010dte vlo\u017eku na pl\u00e1tky na posledn\u00fa zna\u010dku. V5 nechajte odkvapka\u0165 v prilo\u017eenom boxe na vlo\u017eky. Box pon\u00faka aj priestor na vlo\u017eky s \u010depe\u013eami a mo\u017eno do\u0148 pripevni\u0165 dr\u017eiak na potraviny. \u0160etr\u00edte tak miesto a m\u00e1te v\u0161etko poruke na \u010fal\u0161ie pou\u017eitie.<\/span><\/p>\n<p><span style=\"font-weight: 400\">V\u0161etky \u010dasti tejto s\u00fapravy s\u00fa bezpe\u010dn\u00e9 pre potraviny, neobsahuj\u00fa BPA, ftal\u00e1ty a \u0161kodliv\u00e9 l\u00e1tky.\u00a0<\/span><\/p>\n<p>&nbsp;<\/p>\n<p><strong>TECHNICK\u00c9 VLASTNOSTI<\/strong><\/p>\n<p>&nbsp;<\/p>\n<ul class=\"ix-list-description-product-alignment\">\n<li><span style=\"font-weight: 400\">Nakr\u00e1jajte pl\u00e1tky alebo k\u00fasky 4 r\u00f4znych hr\u00fabok<\/span><\/li>\n<li><span style=\"font-weight: 400\">Reza\u010dka kociek v 2 r\u00f4znych ve\u013ekostiach<\/span><\/li>\n<li><span style=\"font-weight: 400\">Bezpe\u010dnostn\u00e9 zariadenie na rezanie a detsk\u00e1 poistka<\/span><\/li>\n<li><span style=\"font-weight: 400\">Z\u00e1ruka na \u010depele B\u00f6rner 5 rokov<\/span><\/li>\n<li><span style=\"font-weight: 400\">Bez BPA a ftal\u00e1tov<\/span><\/li>\n<\/ul>\n<p>&nbsp;<\/p>\n<p><strong>OBSAH BALENIA<\/strong><\/p>\n<p>&nbsp;<\/p>\n<ul class=\"ix-list-description-product-alignment\">\n<li><span style=\"font-weight: 400\">Zelen\u00e1 mandol\u00edna\u00a0<\/span><\/li>\n<li><span style=\"font-weight: 400\">Vlo\u017eka na pl\u00e1tky r\u00f4znych ve\u013ekost\u00ed<\/span><\/li>\n<li><span style=\"font-weight: 400\">Dve vlo\u017eky na ty\u010dinky alebo kocky<\/span><\/li>\n<li><span style=\"font-weight: 400\">Bezpe\u010dnostn\u00e9 \u00falo\u017en\u00e9 zariadenie<\/span><\/li>\n<li><span style=\"font-weight: 400\">Pr\u00edslu\u0161enstvo na uskladnenie mandol\u00edny a vlo\u017eiek<\/span><\/li>\n<\/ul>","protected":false},"excerpt":{"rendered":"<p>Metti un BIOSEC sotto l&#8217;Albero. SCOPRI QUI le promozioni di Natale! Gli sconti Black Friday sono qui! \u00a0 Clicca\u00a0per\u00a0non perderli \u2192 Imbattibile in velocit\u00e0 e precisione nella preparazione di fette, bastoncini, strisce e cubetti di verdure fresche e frutta. Allo stesso tempo sicura e facile da usare grazie al dispositivo di sicurezza alimentare incluso. Questo [&hellip;]<\/p>","protected":false},"featured_media":3675,"comment_status":"closed","ping_status":"closed","template":"","meta":[],"product_cat":[275],"product_tag":[277,278],"class_list":["post-3657","product","type-product","status-publish","has-post-thumbnail","hentry","product_cat-taglia-verdure","product_tag-mandolina","product_tag-tagliaverdura"],"acf":[],"yoast_head":"<!-- This site is optimized with the Yoast SEO plugin v20.10 - https:\/\/yoast.com\/wordpress\/plugins\/seo\/ -->\n<title>Mandolina Borner V5 PowerLine - Tauro Essiccatori<\/title>\n<meta name=\"robots\" content=\"noindex, follow, max-snippet:-1, max-image-preview:large, max-video-preview:-1\" \/>\n<meta property=\"og:locale\" content=\"sk_SK\" \/>\n<meta property=\"og:type\" content=\"article\" \/>\n<meta property=\"og:title\" content=\"Mandolina Borner V5 PowerLine - Tauro Essiccatori\" \/>\n<meta property=\"og:description\" content=\"Metti un BIOSEC sotto l&#039;Albero. SCOPRI QUI le promozioni di Natale! Gli sconti Black Friday sono qui! \u00a0 Clicca\u00a0per\u00a0non perderli \u2192 Imbattibile in velocit\u00e0 e precisione nella preparazione di fette, bastoncini, strisce e cubetti di verdure fresche e frutta. Allo stesso tempo sicura e facile da usare grazie al dispositivo di sicurezza alimentare incluso. Questo [&hellip;]\" \/>\n<meta property=\"og:url\" content=\"https:\/\/stor51.tauroessiccatori.com\/sk\/p\/mandoline-v5-powerline-starter-set\/\" \/>\n<meta property=\"og:site_name\" content=\"Tauro Essiccatori\" \/>\n<meta property=\"article:publisher\" content=\"https:\/\/www.facebook.com\/TauroEssiccatori\/\" \/>\n<meta property=\"article:modified_time\" content=\"2023-05-16T09:11:25+00:00\" \/>\n<meta property=\"og:image\" content=\"https:\/\/stor51.tauroessiccatori.com\/wp-assets\/uploads\/2019\/08\/mandolina-green.jpg\" \/>\n\t<meta property=\"og:image:width\" content=\"1210\" \/>\n\t<meta property=\"og:image:height\" content=\"750\" \/>\n\t<meta property=\"og:image:type\" content=\"image\/jpeg\" \/>\n<meta name=\"twitter:card\" content=\"summary_large_image\" \/>\n<meta name=\"twitter:label1\" content=\"Est. reading time\" \/>\n\t<meta name=\"twitter:data1\" content=\"1 min\u00fata\" \/>\n<script type=\"application\/ld+json\" class=\"yoast-schema-graph\">{\"@context\":\"https:\/\/schema.org\",\"@graph\":[{\"@type\":\"WebPage\",\"@id\":\"https:\/\/stor51.tauroessiccatori.com\/p\/mandolina-v5-powerline-starter-set\/\",\"url\":\"https:\/\/stor51.tauroessiccatori.com\/p\/mandolina-v5-powerline-starter-set\/\",\"name\":\"Mandolina Borner V5 PowerLine - Tauro Essiccatori\",\"isPartOf\":{\"@id\":\"https:\/\/stor51.tauroessiccatori.com\/#website\"},\"datePublished\":\"2019-08-01T15:53:48+00:00\",\"dateModified\":\"2023-05-16T09:11:25+00:00\",\"breadcrumb\":{\"@id\":\"https:\/\/stor51.tauroessiccatori.com\/p\/mandolina-v5-powerline-starter-set\/#breadcrumb\"},\"inLanguage\":\"sk-SK\",\"potentialAction\":[{\"@type\":\"ReadAction\",\"target\":[\"https:\/\/stor51.tauroessiccatori.com\/p\/mandolina-v5-powerline-starter-set\/\"]}]},{\"@type\":\"BreadcrumbList\",\"@id\":\"https:\/\/stor51.tauroessiccatori.com\/p\/mandolina-v5-powerline-starter-set\/#breadcrumb\",\"itemListElement\":[{\"@type\":\"ListItem\",\"position\":1,\"name\":\"Home\",\"item\":\"https:\/\/stor51.tauroessiccatori.com\/\"},{\"@type\":\"ListItem\",\"position\":2,\"name\":\"Shop\",\"item\":\"https:\/\/stor51.tauroessiccatori.com\/negozio\/\"},{\"@type\":\"ListItem\",\"position\":3,\"name\":\"Mandolina Borner V5 PowerLine\"}]},{\"@type\":\"WebSite\",\"@id\":\"https:\/\/stor51.tauroessiccatori.com\/#website\",\"url\":\"https:\/\/stor51.tauroessiccatori.com\/\",\"name\":\"Tauro Essiccatori\",\"description\":\"Welcome to Tauro Essiccatori online shop\",\"publisher\":{\"@id\":\"https:\/\/stor51.tauroessiccatori.com\/#organization\"},\"potentialAction\":[{\"@type\":\"SearchAction\",\"target\":{\"@type\":\"EntryPoint\",\"urlTemplate\":\"https:\/\/stor51.tauroessiccatori.com\/?s={search_term_string}\"},\"query-input\":\"required name=search_term_string\"}],\"inLanguage\":\"sk-SK\"},{\"@type\":\"Organization\",\"@id\":\"https:\/\/stor51.tauroessiccatori.com\/#organization\",\"name\":\"Tauro Essiccatori\",\"url\":\"https:\/\/stor51.tauroessiccatori.com\/\",\"logo\":{\"@type\":\"ImageObject\",\"inLanguage\":\"sk-SK\",\"@id\":\"https:\/\/stor51.tauroessiccatori.com\/#\/schema\/logo\/image\/\",\"url\":\"https:\/\/www.tauroessiccatori.com\/wp-assets\/uploads\/2017\/07\/logo_tauro_500x109px.png\",\"contentUrl\":\"https:\/\/www.tauroessiccatori.com\/wp-assets\/uploads\/2017\/07\/logo_tauro_500x109px.png\",\"width\":500,\"height\":109,\"caption\":\"Tauro Essiccatori\"},\"image\":{\"@id\":\"https:\/\/stor51.tauroessiccatori.com\/#\/schema\/logo\/image\/\"},\"sameAs\":[\"https:\/\/www.facebook.com\/TauroEssiccatori\/\",\"https:\/\/www.instagram.com\/tauro_essiccatori\/\",\"https:\/\/it.linkedin.com\/company\/tauro-essiccatori\",\"https:\/\/www.youtube.com\/user\/tauroessiccatori\"]}]}<\/script>\n<!-- \/ Yoast SEO plugin. -->","yoast_head_json":{"title":"Mandolina Borner V5 PowerLine - Tauro Essiccatori","robots":{"index":"noindex","follow":"follow","max-snippet":"max-snippet:-1","max-image-preview":"max-image-preview:large","max-video-preview":"max-video-preview:-1"},"og_locale":"sk_SK","og_type":"article","og_title":"Mandolina Borner V5 PowerLine - Tauro Essiccatori","og_description":"Metti un BIOSEC sotto l'Albero. SCOPRI QUI le promozioni di Natale! Gli sconti Black Friday sono qui! \u00a0 Clicca\u00a0per\u00a0non perderli \u2192 Imbattibile in velocit\u00e0 e precisione nella preparazione di fette, bastoncini, strisce e cubetti di verdure fresche e frutta. Allo stesso tempo sicura e facile da usare grazie al dispositivo di sicurezza alimentare incluso. Questo [&hellip;]","og_url":"https:\/\/stor51.tauroessiccatori.com\/sk\/p\/mandoline-v5-powerline-starter-set\/","og_site_name":"Tauro Essiccatori","article_publisher":"https:\/\/www.facebook.com\/TauroEssiccatori\/","article_modified_time":"2023-05-16T09:11:25+00:00","og_image":[{"width":1210,"height":750,"url":"https:\/\/stor51.tauroessiccatori.com\/wp-assets\/uploads\/2019\/08\/mandolina-green.jpg","type":"image\/jpeg"}],"twitter_card":"summary_large_image","twitter_misc":{"Est. reading time":"1 min\u00fata"},"schema":{"@context":"https:\/\/schema.org","@graph":[{"@type":"WebPage","@id":"https:\/\/stor51.tauroessiccatori.com\/p\/mandolina-v5-powerline-starter-set\/","url":"https:\/\/stor51.tauroessiccatori.com\/p\/mandolina-v5-powerline-starter-set\/","name":"Mandolina Borner V5 PowerLine - Tauro Essiccatori","isPartOf":{"@id":"https:\/\/stor51.tauroessiccatori.com\/#website"},"datePublished":"2019-08-01T15:53:48+00:00","dateModified":"2023-05-16T09:11:25+00:00","breadcrumb":{"@id":"https:\/\/stor51.tauroessiccatori.com\/p\/mandolina-v5-powerline-starter-set\/#breadcrumb"},"inLanguage":"sk-SK","potentialAction":[{"@type":"ReadAction","target":["https:\/\/stor51.tauroessiccatori.com\/p\/mandolina-v5-powerline-starter-set\/"]}]},{"@type":"BreadcrumbList","@id":"https:\/\/stor51.tauroessiccatori.com\/p\/mandolina-v5-powerline-starter-set\/#breadcrumb","itemListElement":[{"@type":"ListItem","position":1,"name":"Home","item":"https:\/\/stor51.tauroessiccatori.com\/"},{"@type":"ListItem","position":2,"name":"Shop","item":"https:\/\/stor51.tauroessiccatori.com\/negozio\/"},{"@type":"ListItem","position":3,"name":"Mandolina Borner V5 PowerLine"}]},{"@type":"WebSite","@id":"https:\/\/stor51.tauroessiccatori.com\/#website","url":"https:\/\/stor51.tauroessiccatori.com\/","name":"Tauro Essiccatori","description":"Welcome to Tauro Essiccatori online shop","publisher":{"@id":"https:\/\/stor51.tauroessiccatori.com\/#organization"},"potentialAction":[{"@type":"SearchAction","target":{"@type":"EntryPoint","urlTemplate":"https:\/\/stor51.tauroessiccatori.com\/?s={search_term_string}"},"query-input":"required name=search_term_string"}],"inLanguage":"sk-SK"},{"@type":"Organization","@id":"https:\/\/stor51.tauroessiccatori.com\/#organization","name":"Tauro Essiccatori","url":"https:\/\/stor51.tauroessiccatori.com\/","logo":{"@type":"ImageObject","inLanguage":"sk-SK","@id":"https:\/\/stor51.tauroessiccatori.com\/#\/schema\/logo\/image\/","url":"https:\/\/www.tauroessiccatori.com\/wp-assets\/uploads\/2017\/07\/logo_tauro_500x109px.png","contentUrl":"https:\/\/www.tauroessiccatori.com\/wp-assets\/uploads\/2017\/07\/logo_tauro_500x109px.png","width":500,"height":109,"caption":"Tauro Essiccatori"},"image":{"@id":"https:\/\/stor51.tauroessiccatori.com\/#\/schema\/logo\/image\/"},"sameAs":["https:\/\/www.facebook.com\/TauroEssiccatori\/","https:\/\/www.instagram.com\/tauro_essiccatori\/","https:\/\/it.linkedin.com\/company\/tauro-essiccatori","https:\/\/www.youtube.com\/user\/tauroessiccatori"]}]}},"_links":{"self":[{"href":"https:\/\/stor51.tauroessiccatori.com\/sk\/wp-json\/wp\/v2\/product\/3657"}],"collection":[{"href":"https:\/\/stor51.tauroessiccatori.com\/sk\/wp-json\/wp\/v2\/product"}],"about":[{"href":"https:\/\/stor51.tauroessiccatori.com\/sk\/wp-json\/wp\/v2\/types\/product"}],"replies":[{"embeddable":true,"href":"https:\/\/stor51.tauroessiccatori.com\/sk\/wp-json\/wp\/v2\/comments?post=3657"}],"wp:featuredmedia":[{"embeddable":true,"href":"https:\/\/stor51.tauroessiccatori.com\/sk\/wp-json\/wp\/v2\/media\/3675"}],"wp:attachment":[{"href":"https:\/\/stor51.tauroessiccatori.com\/sk\/wp-json\/wp\/v2\/media?parent=3657"}],"wp:term":[{"taxonomy":"product_cat","embeddable":true,"href":"https:\/\/stor51.tauroessiccatori.com\/sk\/wp-json\/wp\/v2\/product_cat?post=3657"},{"taxonomy":"product_tag","embeddable":true,"href":"https:\/\/stor51.tauroessiccatori.com\/sk\/wp-json\/wp\/v2\/product_tag?post=3657"}],"curies":[{"name":"wp","href":"https:\/\/api.w.org\/{rel}","templated":true}]}}