


{"id":1960,"date":"2018-03-30T12:24:09","date_gmt":"2018-03-30T10:24:09","guid":{"rendered":"http:\/\/store.tauroessiccatori.com\/?post_type=product&#038;p=1960\/"},"modified":"2023-05-16T11:34:14","modified_gmt":"2023-05-16T09:34:14","slug":"promo-pack-5","status":"publish","type":"product","link":"https:\/\/stor51.tauroessiccatori.com\/sk\/p\/promo-pack-5\/","title":{"rendered":"PROMO BAL\u00cd\u010cEK 5"},"content":{"rendered":"<div class=\"tauro-banners\"><div class=\"banner-00\" style=\"background-color: #852035\">\r\n<div class=\"ix-xmas-box-other\" style=\"font-size: 18px;padding: 7px 0;margin: 0 auto 0px auto\" align=\"center\"><b style=\"color: #fff;font-size: 18px\">Pod strom umiestnite BIOSEC. <a style=\"color: #f8cc89;font-weight: bold;text-decoration: none;font-size: 18px\" href=\"https:\/\/www.tauroessiccatori.com\/christmas-2024\/\">ZOBRAZI\u0164 TU<\/a> Viano\u010dn\u00e9 akcie!<\/b><\/div>\r\n<\/div><div class=\"banner-00\" style=\"background-color: #000\">\r\n<div class=\"ix-xmas-box-other\" style=\"font-size: 18px;padding: 7px 0;margin: 0 auto 0px auto\" align=\"center\"><b style=\"color: #fff\"> \u010cierny piatok z\u013eavy s\u00fa tu! \u00a0 <a style=\"color: #f77209;font-weight: bold;text-decoration: none\" href=\"https:\/\/www.tauroessiccatori.com\/black-friday-2024\/\"> Kliknite, aby ste ich nezme\u0161kali \u2192 <\/a>\r\n<\/b><\/div>\r\n<\/div><\/div><div><strong>Popis: V s\u00fa\u010dasnosti sa nach\u00e1dza na \u00fazem\u00ed Slovenskej republiky:<\/strong><br \/>SiliDrop a SiliSoft s\u00fa inovat\u00edvne viac\u00fa\u010delov\u00e9 platinov\u00e9 silik\u00f3nov\u00e9 nepri\u013enav\u00e9 syst\u00e9my navrhnut\u00e9 tak, aby v\u00e1m poskytli maxim\u00e1lny v\u00fdkon pri ka\u017edom Biosecu.<br \/>\nDrySilk Net je sie\u0165ka ur\u010den\u00e1 na su\u0161enie v\u00fdrobkov, ktor\u00e9 s\u00fa ve\u013emi lepkav\u00e9, ale nekvapkaj\u00fa, a mo\u017eno ju pou\u017ei\u0165 aj v dvojitej vrstve!<br \/>\nVysk\u00fa\u0161ajte ich v\u0161etky v tomto super promo bal\u00ed\u010dku!<br \/>\nPRED PRV\u00ddM POU\u017dIT\u00cdM UMYTE.<\/div>\n<div>\n<p><strong>Technick\u00e9 vlastnosti:<\/strong><\/p>\n<ul>\n<li>\u00a0vyroben\u00e9 z platinov\u00e9ho silik\u00f3nu 100% a plastu ur\u010den\u00e9ho na styk s potravinami<\/li>\n<li>\u00a0tis\u00edckr\u00e1t opakovane pou\u017eite\u013en\u00e9<\/li>\n<li>\u00a0Bez BPA a ftal\u00e1tov<\/li>\n<li>\u00a0Silik\u00f3n pou\u017eite\u013en\u00fd pri teplot\u00e1ch od -60\u00b0 do +100 stup\u0148ov<\/li>\n<li>\u00a0DrySilk Net sa m\u00f4\u017ee pou\u017e\u00edva\u0165 pri teplot\u00e1ch od 0\u00b0 do +100 stup\u0148ov<\/li>\n<li>\u00a0V\u00fd\u0161ka okraja SiliDrop 1,5 cm<\/li>\n<li>\u00a0kompatibiln\u00fd so v\u0161etk\u00fdmi zariadeniami Biosec<\/li>\n<li>\u00a0vhodn\u00e9 do um\u00fdva\u010dky riadu<\/li>\n<\/ul>\n<\/div>\n<div>\n<p><strong>Obsah balenia:<\/strong><\/p>\n<div>\n<ul>\n<li>\u00a01 z\u00e1sobn\u00edk SiliDrop<\/li>\n<li>\u00a02 roho\u017ee SiliSoft<\/li>\n<li>\u00a05 siet\u00ed DrySilk<\/li>\n<\/ul>\n<\/div>\n<\/div>\n<p><i>*Ko\u0161\u00edky sl\u00fa\u017eia len na vysvet\u013eovanie a nie s\u00fa s\u00fa\u010das\u0165ou balenia<\/i><\/p>","protected":false},"excerpt":{"rendered":"<p>Metti un BIOSEC sotto l&#8217;Albero. SCOPRI QUI le promozioni di Natale! Gli sconti Black Friday sono qui! \u00a0 Clicca\u00a0per\u00a0non perderli \u2192 Descrizione:SiliDrop e SiliSoft sono gli innovativi sistemi antiaderenti multiuso in Platinum Silicone, progettati per offrirvi il massimo delle prestazioni con ogni Biosec. DrySilk Net \u00e8 la retina studiata per essiccare prodotti molto appiccicosi ma [&hellip;]<\/p>","protected":false},"featured_media":2619,"comment_status":"closed","ping_status":"closed","template":"","meta":[],"product_cat":[258],"product_tag":[],"class_list":["post-1960","product","type-product","status-publish","has-post-thumbnail","hentry","product_cat-antiaderenti"],"acf":[],"yoast_head":"<!-- This site is optimized with the Yoast SEO plugin v20.10 - https:\/\/yoast.com\/wordpress\/plugins\/seo\/ -->\n<title>Antiaderenti in Silicone per Essiccatori Biosec di Tauro: Promo Pack n.5<\/title>\n<meta name=\"description\" content=\"Antiaderenti in silicone per essiccatori: SiliSoft, SiliDrop e DtrySilk Net, provali tutti in questo super Promo Pack lancio!\" \/>\n<meta name=\"robots\" content=\"noindex, follow, max-snippet:-1, max-image-preview:large, max-video-preview:-1\" \/>\n<meta property=\"og:locale\" content=\"sk_SK\" \/>\n<meta property=\"og:type\" content=\"article\" \/>\n<meta property=\"og:title\" content=\"Antiaderenti in Silicone per Essiccatori Biosec di Tauro: Promo Pack n.5\" \/>\n<meta property=\"og:description\" content=\"Antiaderenti in silicone per essiccatori: SiliSoft, SiliDrop e DtrySilk Net, provali tutti in questo super Promo Pack lancio!\" \/>\n<meta property=\"og:url\" content=\"https:\/\/stor51.tauroessiccatori.com\/sk\/p\/promo-pack-5\/\" \/>\n<meta property=\"og:site_name\" content=\"Tauro Essiccatori\" \/>\n<meta property=\"article:publisher\" content=\"https:\/\/www.facebook.com\/TauroEssiccatori\/\" \/>\n<meta property=\"article:modified_time\" content=\"2023-05-16T09:34:14+00:00\" \/>\n<meta property=\"og:image\" content=\"https:\/\/stor51.tauroessiccatori.com\/wp-assets\/uploads\/2018\/03\/Promo-Pack-5.jpg\" \/>\n\t<meta property=\"og:image:width\" content=\"1210\" \/>\n\t<meta property=\"og:image:height\" content=\"750\" \/>\n\t<meta property=\"og:image:type\" content=\"image\/jpeg\" \/>\n<meta name=\"twitter:card\" content=\"summary_large_image\" \/>\n<meta name=\"twitter:label1\" content=\"Est. reading time\" \/>\n\t<meta name=\"twitter:data1\" content=\"1 min\u00fata\" \/>\n<script type=\"application\/ld+json\" class=\"yoast-schema-graph\">{\"@context\":\"https:\/\/schema.org\",\"@graph\":[{\"@type\":\"WebPage\",\"@id\":\"https:\/\/stor51.tauroessiccatori.com\/p\/promo-pack-5\/\",\"url\":\"https:\/\/stor51.tauroessiccatori.com\/p\/promo-pack-5\/\",\"name\":\"Antiaderenti in Silicone per Essiccatori Biosec di Tauro: Promo Pack n.5\",\"isPartOf\":{\"@id\":\"https:\/\/stor51.tauroessiccatori.com\/#website\"},\"datePublished\":\"2018-03-30T10:24:09+00:00\",\"dateModified\":\"2023-05-16T09:34:14+00:00\",\"description\":\"Antiaderenti in silicone per essiccatori: SiliSoft, SiliDrop e DtrySilk Net, provali tutti in questo super Promo Pack lancio!\",\"breadcrumb\":{\"@id\":\"https:\/\/stor51.tauroessiccatori.com\/p\/promo-pack-5\/#breadcrumb\"},\"inLanguage\":\"sk-SK\",\"potentialAction\":[{\"@type\":\"ReadAction\",\"target\":[\"https:\/\/stor51.tauroessiccatori.com\/p\/promo-pack-5\/\"]}]},{\"@type\":\"BreadcrumbList\",\"@id\":\"https:\/\/stor51.tauroessiccatori.com\/p\/promo-pack-5\/#breadcrumb\",\"itemListElement\":[{\"@type\":\"ListItem\",\"position\":1,\"name\":\"Home\",\"item\":\"https:\/\/stor51.tauroessiccatori.com\/\"},{\"@type\":\"ListItem\",\"position\":2,\"name\":\"Shop\",\"item\":\"https:\/\/stor51.tauroessiccatori.com\/negozio\/\"},{\"@type\":\"ListItem\",\"position\":3,\"name\":\"PROMO PACK 5\"}]},{\"@type\":\"WebSite\",\"@id\":\"https:\/\/stor51.tauroessiccatori.com\/#website\",\"url\":\"https:\/\/stor51.tauroessiccatori.com\/\",\"name\":\"Tauro Essiccatori\",\"description\":\"Welcome to Tauro Essiccatori online shop\",\"publisher\":{\"@id\":\"https:\/\/stor51.tauroessiccatori.com\/#organization\"},\"potentialAction\":[{\"@type\":\"SearchAction\",\"target\":{\"@type\":\"EntryPoint\",\"urlTemplate\":\"https:\/\/stor51.tauroessiccatori.com\/?s={search_term_string}\"},\"query-input\":\"required name=search_term_string\"}],\"inLanguage\":\"sk-SK\"},{\"@type\":\"Organization\",\"@id\":\"https:\/\/stor51.tauroessiccatori.com\/#organization\",\"name\":\"Tauro Essiccatori\",\"url\":\"https:\/\/stor51.tauroessiccatori.com\/\",\"logo\":{\"@type\":\"ImageObject\",\"inLanguage\":\"sk-SK\",\"@id\":\"https:\/\/stor51.tauroessiccatori.com\/#\/schema\/logo\/image\/\",\"url\":\"https:\/\/www.tauroessiccatori.com\/wp-assets\/uploads\/2017\/07\/logo_tauro_500x109px.png\",\"contentUrl\":\"https:\/\/www.tauroessiccatori.com\/wp-assets\/uploads\/2017\/07\/logo_tauro_500x109px.png\",\"width\":500,\"height\":109,\"caption\":\"Tauro Essiccatori\"},\"image\":{\"@id\":\"https:\/\/stor51.tauroessiccatori.com\/#\/schema\/logo\/image\/\"},\"sameAs\":[\"https:\/\/www.facebook.com\/TauroEssiccatori\/\",\"https:\/\/www.instagram.com\/tauro_essiccatori\/\",\"https:\/\/it.linkedin.com\/company\/tauro-essiccatori\",\"https:\/\/www.youtube.com\/user\/tauroessiccatori\"]}]}<\/script>\n<!-- \/ Yoast SEO plugin. -->","yoast_head_json":{"title":"Antiaderenti in Silicone per Essiccatori Biosec di Tauro: Promo Pack n.5","description":"Antiaderenti in silicone per essiccatori: SiliSoft, SiliDrop e DtrySilk Net, provali tutti in questo super Promo Pack lancio!","robots":{"index":"noindex","follow":"follow","max-snippet":"max-snippet:-1","max-image-preview":"max-image-preview:large","max-video-preview":"max-video-preview:-1"},"og_locale":"sk_SK","og_type":"article","og_title":"Antiaderenti in Silicone per Essiccatori Biosec di Tauro: Promo Pack n.5","og_description":"Antiaderenti in silicone per essiccatori: SiliSoft, SiliDrop e DtrySilk Net, provali tutti in questo super Promo Pack lancio!","og_url":"https:\/\/stor51.tauroessiccatori.com\/sk\/p\/promo-pack-5\/","og_site_name":"Tauro Essiccatori","article_publisher":"https:\/\/www.facebook.com\/TauroEssiccatori\/","article_modified_time":"2023-05-16T09:34:14+00:00","og_image":[{"width":1210,"height":750,"url":"https:\/\/stor51.tauroessiccatori.com\/wp-assets\/uploads\/2018\/03\/Promo-Pack-5.jpg","type":"image\/jpeg"}],"twitter_card":"summary_large_image","twitter_misc":{"Est. reading time":"1 min\u00fata"},"schema":{"@context":"https:\/\/schema.org","@graph":[{"@type":"WebPage","@id":"https:\/\/stor51.tauroessiccatori.com\/p\/promo-pack-5\/","url":"https:\/\/stor51.tauroessiccatori.com\/p\/promo-pack-5\/","name":"Antiaderenti in Silicone per Essiccatori Biosec di Tauro: Promo Pack n.5","isPartOf":{"@id":"https:\/\/stor51.tauroessiccatori.com\/#website"},"datePublished":"2018-03-30T10:24:09+00:00","dateModified":"2023-05-16T09:34:14+00:00","description":"Antiaderenti in silicone per essiccatori: SiliSoft, SiliDrop e DtrySilk Net, provali tutti in questo super Promo Pack lancio!","breadcrumb":{"@id":"https:\/\/stor51.tauroessiccatori.com\/p\/promo-pack-5\/#breadcrumb"},"inLanguage":"sk-SK","potentialAction":[{"@type":"ReadAction","target":["https:\/\/stor51.tauroessiccatori.com\/p\/promo-pack-5\/"]}]},{"@type":"BreadcrumbList","@id":"https:\/\/stor51.tauroessiccatori.com\/p\/promo-pack-5\/#breadcrumb","itemListElement":[{"@type":"ListItem","position":1,"name":"Home","item":"https:\/\/stor51.tauroessiccatori.com\/"},{"@type":"ListItem","position":2,"name":"Shop","item":"https:\/\/stor51.tauroessiccatori.com\/negozio\/"},{"@type":"ListItem","position":3,"name":"PROMO PACK 5"}]},{"@type":"WebSite","@id":"https:\/\/stor51.tauroessiccatori.com\/#website","url":"https:\/\/stor51.tauroessiccatori.com\/","name":"Tauro Essiccatori","description":"Welcome to Tauro Essiccatori online shop","publisher":{"@id":"https:\/\/stor51.tauroessiccatori.com\/#organization"},"potentialAction":[{"@type":"SearchAction","target":{"@type":"EntryPoint","urlTemplate":"https:\/\/stor51.tauroessiccatori.com\/?s={search_term_string}"},"query-input":"required name=search_term_string"}],"inLanguage":"sk-SK"},{"@type":"Organization","@id":"https:\/\/stor51.tauroessiccatori.com\/#organization","name":"Tauro Essiccatori","url":"https:\/\/stor51.tauroessiccatori.com\/","logo":{"@type":"ImageObject","inLanguage":"sk-SK","@id":"https:\/\/stor51.tauroessiccatori.com\/#\/schema\/logo\/image\/","url":"https:\/\/www.tauroessiccatori.com\/wp-assets\/uploads\/2017\/07\/logo_tauro_500x109px.png","contentUrl":"https:\/\/www.tauroessiccatori.com\/wp-assets\/uploads\/2017\/07\/logo_tauro_500x109px.png","width":500,"height":109,"caption":"Tauro Essiccatori"},"image":{"@id":"https:\/\/stor51.tauroessiccatori.com\/#\/schema\/logo\/image\/"},"sameAs":["https:\/\/www.facebook.com\/TauroEssiccatori\/","https:\/\/www.instagram.com\/tauro_essiccatori\/","https:\/\/it.linkedin.com\/company\/tauro-essiccatori","https:\/\/www.youtube.com\/user\/tauroessiccatori"]}]}},"_links":{"self":[{"href":"https:\/\/stor51.tauroessiccatori.com\/sk\/wp-json\/wp\/v2\/product\/1960"}],"collection":[{"href":"https:\/\/stor51.tauroessiccatori.com\/sk\/wp-json\/wp\/v2\/product"}],"about":[{"href":"https:\/\/stor51.tauroessiccatori.com\/sk\/wp-json\/wp\/v2\/types\/product"}],"replies":[{"embeddable":true,"href":"https:\/\/stor51.tauroessiccatori.com\/sk\/wp-json\/wp\/v2\/comments?post=1960"}],"wp:featuredmedia":[{"embeddable":true,"href":"https:\/\/stor51.tauroessiccatori.com\/sk\/wp-json\/wp\/v2\/media\/2619"}],"wp:attachment":[{"href":"https:\/\/stor51.tauroessiccatori.com\/sk\/wp-json\/wp\/v2\/media?parent=1960"}],"wp:term":[{"taxonomy":"product_cat","embeddable":true,"href":"https:\/\/stor51.tauroessiccatori.com\/sk\/wp-json\/wp\/v2\/product_cat?post=1960"},{"taxonomy":"product_tag","embeddable":true,"href":"https:\/\/stor51.tauroessiccatori.com\/sk\/wp-json\/wp\/v2\/product_tag?post=1960"}],"curies":[{"name":"wp","href":"https:\/\/api.w.org\/{rel}","templated":true}]}}