


{"id":1901,"date":"2018-03-28T12:35:58","date_gmt":"2018-03-28T10:35:58","guid":{"rendered":"http:\/\/store.tauroessiccatori.com\/?post_type=product&#038;p=1901\/"},"modified":"2023-08-22T10:21:30","modified_gmt":"2023-08-22T08:21:30","slug":"silisoft-2-tappetini","status":"publish","type":"product","link":"https:\/\/stor51.tauroessiccatori.com\/sk\/p\/silisoft-2-tappetini\/","title":{"rendered":"SiliSoft - 2 roho\u017ee"},"content":{"rendered":"<div class=\"tauro-banners\"><div class=\"banner-00\" style=\"background-color: #852035\">\r\n<div class=\"ix-xmas-box-other\" style=\"font-size: 18px;padding: 7px 0;margin: 0 auto 0px auto\" align=\"center\"><b style=\"color: #fff;font-size: 18px\">Pod strom umiestnite BIOSEC. <a style=\"color: #f8cc89;font-weight: bold;text-decoration: none;font-size: 18px\" href=\"https:\/\/www.tauroessiccatori.com\/christmas-2024\/\">ZOBRAZI\u0164 TU<\/a> Viano\u010dn\u00e9 akcie!<\/b><\/div>\r\n<\/div><div class=\"banner-00\" style=\"background-color: #000\">\r\n<div class=\"ix-xmas-box-other\" style=\"font-size: 18px;padding: 7px 0;margin: 0 auto 0px auto\" align=\"center\"><b style=\"color: #fff\"> \u010cierny piatok z\u013eavy s\u00fa tu! \u00a0 <a style=\"color: #f77209;font-weight: bold;text-decoration: none\" href=\"https:\/\/www.tauroessiccatori.com\/black-friday-2024\/\"> Kliknite, aby ste ich nezme\u0161kali \u2192 <\/a>\r\n<\/b><\/div>\r\n<\/div><\/div><div><strong>Popis: V s\u00fa\u010dasnosti sa nach\u00e1dza na \u00fazem\u00ed Slovenskej republiky:<\/strong>SiliSoft je inovat\u00edvny viac\u00fa\u010delov\u00fd syst\u00e9m nepri\u013enav\u00fdch f\u00f3li\u00ed Platinum Silicone, ktor\u00fd je navrhnut\u00fd tak, aby v\u00e1m poskytol maxim\u00e1lny v\u00fdkon pri ka\u017edom Biosecu.<br \/>\nSiliSoft je ide\u00e1lny na su\u0161enie vodnat\u00fdch potrav\u00edn, kvapkaj\u00facich pl\u00e1tkov (paradajok a pomaran\u010dov), ochuten\u00fdch sol\u00ed a mal\u00fdch potrav\u00edn. PRED PRV\u00ddM POU\u017dIT\u00cdM UMYTE.<\/p>\n<\/div>\n<div><strong>Technick\u00e9 vlastnosti:<\/strong><\/p>\n<ul>\n<li>\u00a0z platinov\u00e9ho silik\u00f3nu 100%<\/li>\n<li>\u00a0tis\u00edckr\u00e1t opakovane pou\u017eite\u013en\u00e9<\/li>\n<li>\u00a0Bez BPA a ftal\u00e1tov<\/li>\n<li>\u00a0rozmery podlo\u017eky 228 \u00d7 346 mm - hr\u00fabka 0,8 mm<\/li>\n<li>\u00a0mo\u017eno pou\u017e\u00edva\u0165 aj v r\u00fare na pe\u010denie do 230 \u00b0C<\/li>\n<li>\u00a0pou\u017eite\u013en\u00e9 pri n\u00edzkych teplot\u00e1ch a\u017e do -60\u00b0<\/li>\n<li>\u00a0kompatibiln\u00fd so v\u0161etk\u00fdmi zariadeniami Biosec<\/li>\n<li>\u00a0vhodn\u00e9 do um\u00fdva\u010dky riadu<\/li>\n<\/ul>\n<\/div>\n<div><strong>Obsah balenia:<\/strong><\/p>\n<div>\n<ul>\n<li>\u00a02 fogli SiliSoft<\/li>\n<\/ul>\n<\/div>\n<\/div>\n<p><i>*Ko\u0161\u00edky sl\u00fa\u017eia len na vysvet\u013eovanie a nie s\u00fa s\u00fa\u010das\u0165ou balenia<\/i><\/p>","protected":false},"excerpt":{"rendered":"<p>&#8211; realizzato in Platinum Silicone 100%<br \/>\n&#8211; riutilizzabile migliaia di volte<br \/>\n&#8211; senza BPA n\u00e9 ftalati<br \/>\n&#8211; utilizzabile anche in forno fino a 230\u00b0<br \/>\n&#8211; utilizzabile alle basse temperature fino a -60\u00b0<br \/>\n&#8211; compatibile con tutti i Biosec<br \/>\n&#8211; si pulisce in lavastoviglie<\/p>","protected":false},"featured_media":1937,"comment_status":"closed","ping_status":"closed","template":"","meta":[],"product_cat":[258],"product_tag":[],"class_list":["post-1901","product","type-product","status-publish","has-post-thumbnail","hentry","product_cat-antiaderenti"],"acf":[],"yoast_head":"<!-- This site is optimized with the Yoast SEO plugin v20.10 - https:\/\/yoast.com\/wordpress\/plugins\/seo\/ -->\n<title>SiliSoft 2 tappetini antiaderenti per essiccatori - Tauro Essiccatori<\/title>\n<meta name=\"description\" content=\"SiliSoft 2 tappetini antiaderenti per essiccare i prodotti pi\u00f9 difficili da staccare e anche i semiliquidi. Shop online su Tauro\" \/>\n<meta name=\"robots\" content=\"noindex, follow, max-snippet:-1, max-image-preview:large, max-video-preview:-1\" \/>\n<meta property=\"og:locale\" content=\"sk_SK\" \/>\n<meta property=\"og:type\" content=\"article\" \/>\n<meta property=\"og:title\" content=\"SiliSoft 2 tappetini antiaderenti per essiccatori - Tauro Essiccatori\" \/>\n<meta property=\"og:description\" content=\"SiliSoft 2 tappetini antiaderenti per essiccare i prodotti pi\u00f9 difficili da staccare e anche i semiliquidi. Shop online su Tauro\" \/>\n<meta property=\"og:url\" content=\"https:\/\/stor51.tauroessiccatori.com\/sk\/p\/silisoft-2-tappetini\/\" \/>\n<meta property=\"og:site_name\" content=\"Tauro Essiccatori\" \/>\n<meta property=\"article:publisher\" content=\"https:\/\/www.facebook.com\/TauroEssiccatori\/\" \/>\n<meta property=\"article:modified_time\" content=\"2023-08-22T08:21:30+00:00\" \/>\n<meta property=\"og:image\" content=\"https:\/\/stor51.tauroessiccatori.com\/wp-assets\/uploads\/2018\/03\/SiliDrop_cestello.jpg\" \/>\n\t<meta property=\"og:image:width\" content=\"1210\" \/>\n\t<meta property=\"og:image:height\" content=\"750\" \/>\n\t<meta property=\"og:image:type\" content=\"image\/jpeg\" \/>\n<meta name=\"twitter:card\" content=\"summary_large_image\" \/>\n<meta name=\"twitter:label1\" content=\"Est. reading time\" \/>\n\t<meta name=\"twitter:data1\" content=\"1 min\u00fata\" \/>\n<script type=\"application\/ld+json\" class=\"yoast-schema-graph\">{\"@context\":\"https:\/\/schema.org\",\"@graph\":[{\"@type\":\"WebPage\",\"@id\":\"https:\/\/stor51.tauroessiccatori.com\/p\/silisoft-2-tappetini\/\",\"url\":\"https:\/\/stor51.tauroessiccatori.com\/p\/silisoft-2-tappetini\/\",\"name\":\"SiliSoft 2 tappetini antiaderenti per essiccatori - Tauro Essiccatori\",\"isPartOf\":{\"@id\":\"https:\/\/stor51.tauroessiccatori.com\/#website\"},\"datePublished\":\"2018-03-28T10:35:58+00:00\",\"dateModified\":\"2023-08-22T08:21:30+00:00\",\"description\":\"SiliSoft 2 tappetini antiaderenti per essiccare i prodotti pi\u00f9 difficili da staccare e anche i semiliquidi. Shop online su Tauro\",\"breadcrumb\":{\"@id\":\"https:\/\/stor51.tauroessiccatori.com\/p\/silisoft-2-tappetini\/#breadcrumb\"},\"inLanguage\":\"sk-SK\",\"potentialAction\":[{\"@type\":\"ReadAction\",\"target\":[\"https:\/\/stor51.tauroessiccatori.com\/p\/silisoft-2-tappetini\/\"]}]},{\"@type\":\"BreadcrumbList\",\"@id\":\"https:\/\/stor51.tauroessiccatori.com\/p\/silisoft-2-tappetini\/#breadcrumb\",\"itemListElement\":[{\"@type\":\"ListItem\",\"position\":1,\"name\":\"Home\",\"item\":\"https:\/\/stor51.tauroessiccatori.com\/\"},{\"@type\":\"ListItem\",\"position\":2,\"name\":\"Shop\",\"item\":\"https:\/\/stor51.tauroessiccatori.com\/negozio\/\"},{\"@type\":\"ListItem\",\"position\":3,\"name\":\"SiliSoft &#8211; 2 tappetini\"}]},{\"@type\":\"WebSite\",\"@id\":\"https:\/\/stor51.tauroessiccatori.com\/#website\",\"url\":\"https:\/\/stor51.tauroessiccatori.com\/\",\"name\":\"Tauro Essiccatori\",\"description\":\"Welcome to Tauro Essiccatori online shop\",\"publisher\":{\"@id\":\"https:\/\/stor51.tauroessiccatori.com\/#organization\"},\"potentialAction\":[{\"@type\":\"SearchAction\",\"target\":{\"@type\":\"EntryPoint\",\"urlTemplate\":\"https:\/\/stor51.tauroessiccatori.com\/?s={search_term_string}\"},\"query-input\":\"required name=search_term_string\"}],\"inLanguage\":\"sk-SK\"},{\"@type\":\"Organization\",\"@id\":\"https:\/\/stor51.tauroessiccatori.com\/#organization\",\"name\":\"Tauro Essiccatori\",\"url\":\"https:\/\/stor51.tauroessiccatori.com\/\",\"logo\":{\"@type\":\"ImageObject\",\"inLanguage\":\"sk-SK\",\"@id\":\"https:\/\/stor51.tauroessiccatori.com\/#\/schema\/logo\/image\/\",\"url\":\"https:\/\/www.tauroessiccatori.com\/wp-assets\/uploads\/2017\/07\/logo_tauro_500x109px.png\",\"contentUrl\":\"https:\/\/www.tauroessiccatori.com\/wp-assets\/uploads\/2017\/07\/logo_tauro_500x109px.png\",\"width\":500,\"height\":109,\"caption\":\"Tauro Essiccatori\"},\"image\":{\"@id\":\"https:\/\/stor51.tauroessiccatori.com\/#\/schema\/logo\/image\/\"},\"sameAs\":[\"https:\/\/www.facebook.com\/TauroEssiccatori\/\",\"https:\/\/www.instagram.com\/tauro_essiccatori\/\",\"https:\/\/it.linkedin.com\/company\/tauro-essiccatori\",\"https:\/\/www.youtube.com\/user\/tauroessiccatori\"]}]}<\/script>\n<!-- \/ Yoast SEO plugin. -->","yoast_head_json":{"title":"SiliSoft 2 tappetini antiaderenti per essiccatori - Tauro Essiccatori","description":"SiliSoft 2 tappetini antiaderenti per essiccare i prodotti pi\u00f9 difficili da staccare e anche i semiliquidi. Shop online su Tauro","robots":{"index":"noindex","follow":"follow","max-snippet":"max-snippet:-1","max-image-preview":"max-image-preview:large","max-video-preview":"max-video-preview:-1"},"og_locale":"sk_SK","og_type":"article","og_title":"SiliSoft 2 tappetini antiaderenti per essiccatori - Tauro Essiccatori","og_description":"SiliSoft 2 tappetini antiaderenti per essiccare i prodotti pi\u00f9 difficili da staccare e anche i semiliquidi. Shop online su Tauro","og_url":"https:\/\/stor51.tauroessiccatori.com\/sk\/p\/silisoft-2-tappetini\/","og_site_name":"Tauro Essiccatori","article_publisher":"https:\/\/www.facebook.com\/TauroEssiccatori\/","article_modified_time":"2023-08-22T08:21:30+00:00","og_image":[{"width":1210,"height":750,"url":"https:\/\/stor51.tauroessiccatori.com\/wp-assets\/uploads\/2018\/03\/SiliDrop_cestello.jpg","type":"image\/jpeg"}],"twitter_card":"summary_large_image","twitter_misc":{"Est. reading time":"1 min\u00fata"},"schema":{"@context":"https:\/\/schema.org","@graph":[{"@type":"WebPage","@id":"https:\/\/stor51.tauroessiccatori.com\/p\/silisoft-2-tappetini\/","url":"https:\/\/stor51.tauroessiccatori.com\/p\/silisoft-2-tappetini\/","name":"SiliSoft 2 tappetini antiaderenti per essiccatori - Tauro Essiccatori","isPartOf":{"@id":"https:\/\/stor51.tauroessiccatori.com\/#website"},"datePublished":"2018-03-28T10:35:58+00:00","dateModified":"2023-08-22T08:21:30+00:00","description":"SiliSoft 2 tappetini antiaderenti per essiccare i prodotti pi\u00f9 difficili da staccare e anche i semiliquidi. Shop online su Tauro","breadcrumb":{"@id":"https:\/\/stor51.tauroessiccatori.com\/p\/silisoft-2-tappetini\/#breadcrumb"},"inLanguage":"sk-SK","potentialAction":[{"@type":"ReadAction","target":["https:\/\/stor51.tauroessiccatori.com\/p\/silisoft-2-tappetini\/"]}]},{"@type":"BreadcrumbList","@id":"https:\/\/stor51.tauroessiccatori.com\/p\/silisoft-2-tappetini\/#breadcrumb","itemListElement":[{"@type":"ListItem","position":1,"name":"Home","item":"https:\/\/stor51.tauroessiccatori.com\/"},{"@type":"ListItem","position":2,"name":"Shop","item":"https:\/\/stor51.tauroessiccatori.com\/negozio\/"},{"@type":"ListItem","position":3,"name":"SiliSoft &#8211; 2 tappetini"}]},{"@type":"WebSite","@id":"https:\/\/stor51.tauroessiccatori.com\/#website","url":"https:\/\/stor51.tauroessiccatori.com\/","name":"Tauro Essiccatori","description":"Welcome to Tauro Essiccatori online shop","publisher":{"@id":"https:\/\/stor51.tauroessiccatori.com\/#organization"},"potentialAction":[{"@type":"SearchAction","target":{"@type":"EntryPoint","urlTemplate":"https:\/\/stor51.tauroessiccatori.com\/?s={search_term_string}"},"query-input":"required name=search_term_string"}],"inLanguage":"sk-SK"},{"@type":"Organization","@id":"https:\/\/stor51.tauroessiccatori.com\/#organization","name":"Tauro Essiccatori","url":"https:\/\/stor51.tauroessiccatori.com\/","logo":{"@type":"ImageObject","inLanguage":"sk-SK","@id":"https:\/\/stor51.tauroessiccatori.com\/#\/schema\/logo\/image\/","url":"https:\/\/www.tauroessiccatori.com\/wp-assets\/uploads\/2017\/07\/logo_tauro_500x109px.png","contentUrl":"https:\/\/www.tauroessiccatori.com\/wp-assets\/uploads\/2017\/07\/logo_tauro_500x109px.png","width":500,"height":109,"caption":"Tauro Essiccatori"},"image":{"@id":"https:\/\/stor51.tauroessiccatori.com\/#\/schema\/logo\/image\/"},"sameAs":["https:\/\/www.facebook.com\/TauroEssiccatori\/","https:\/\/www.instagram.com\/tauro_essiccatori\/","https:\/\/it.linkedin.com\/company\/tauro-essiccatori","https:\/\/www.youtube.com\/user\/tauroessiccatori"]}]}},"_links":{"self":[{"href":"https:\/\/stor51.tauroessiccatori.com\/sk\/wp-json\/wp\/v2\/product\/1901"}],"collection":[{"href":"https:\/\/stor51.tauroessiccatori.com\/sk\/wp-json\/wp\/v2\/product"}],"about":[{"href":"https:\/\/stor51.tauroessiccatori.com\/sk\/wp-json\/wp\/v2\/types\/product"}],"replies":[{"embeddable":true,"href":"https:\/\/stor51.tauroessiccatori.com\/sk\/wp-json\/wp\/v2\/comments?post=1901"}],"wp:featuredmedia":[{"embeddable":true,"href":"https:\/\/stor51.tauroessiccatori.com\/sk\/wp-json\/wp\/v2\/media\/1937"}],"wp:attachment":[{"href":"https:\/\/stor51.tauroessiccatori.com\/sk\/wp-json\/wp\/v2\/media?parent=1901"}],"wp:term":[{"taxonomy":"product_cat","embeddable":true,"href":"https:\/\/stor51.tauroessiccatori.com\/sk\/wp-json\/wp\/v2\/product_cat?post=1901"},{"taxonomy":"product_tag","embeddable":true,"href":"https:\/\/stor51.tauroessiccatori.com\/sk\/wp-json\/wp\/v2\/product_tag?post=1901"}],"curies":[{"name":"wp","href":"https:\/\/api.w.org\/{rel}","templated":true}]}}