


{"id":165913,"date":"2022-10-05T10:36:00","date_gmt":"2022-10-05T08:36:00","guid":{"rendered":"https:\/\/www.tauroessiccatori.com\/?post_type=product&#038;p=165913\/"},"modified":"2023-04-17T17:26:46","modified_gmt":"2023-04-17T15:26:46","slug":"corso-di-essiccazione-base-avanzato","status":"publish","type":"product","link":"https:\/\/stor51.tauroessiccatori.com\/sk\/p\/kurz-susenia-zakladna-pre-pokrocilych\/","title":{"rendered":"Z\u00e1kladn\u00fd + pokro\u010dil\u00fd kurz su\u0161enia"},"content":{"rendered":"<div class=\"tauro-banners\"><div class=\"banner-00\" style=\"background-color: #852035\">\r\n<div class=\"ix-xmas-box-other\" style=\"font-size: 18px;padding: 7px 0;margin: 0 auto 0px auto\" align=\"center\"><b style=\"color: #fff;font-size: 18px\">Pod strom umiestnite BIOSEC. <a style=\"color: #f8cc89;font-weight: bold;text-decoration: none;font-size: 18px\" href=\"https:\/\/www.tauroessiccatori.com\/christmas-2024\/\">ZOBRAZI\u0164 TU<\/a> Viano\u010dn\u00e9 akcie!<\/b><\/div>\r\n<\/div><div class=\"banner-00\" style=\"background-color: #000\">\r\n<div class=\"ix-xmas-box-other\" style=\"font-size: 18px;padding: 7px 0;margin: 0 auto 0px auto\" align=\"center\"><b style=\"color: #fff\"> \u010cierny piatok z\u013eavy s\u00fa tu! \u00a0 <a style=\"color: #f77209;font-weight: bold;text-decoration: none\" href=\"https:\/\/www.tauroessiccatori.com\/black-friday-2024\/\"> Kliknite, aby ste ich nezme\u0161kali \u2192 <\/a>\r\n<\/b><\/div>\r\n<\/div><\/div><div>\n<p><strong>Popis Video kurz o z\u00e1kladnom su\u0161en\u00ed:<\/strong><\/p>\n<p>Zap\u00ednate su\u0161i\u010dku len na pr\u00edpravu jab\u013ak a h\u00fab? M\u00e1te pocit, \u017ee svoju su\u0161i\u010dku vyu\u017e\u00edvate \u010do najlep\u0161ie? Tento kurz v\u00e1m predstav\u00ed mno\u017estvo pr\u00edpravkov, ktor\u00e9 m\u00f4\u017eete so su\u0161i\u010dkou pripravi\u0165.<br \/>\nNajsk\u00f4r podrobne pochop\u00edte, ako funguje su\u0161i\u010dka (vertik\u00e1lna a horizont\u00e1lna), ako su\u0161enie men\u00ed potraviny a ako by sa s nimi malo zaobch\u00e1dza\u0165, aby sa su\u0161ili \u010do najlep\u0161ie: pr\u00edprava a spracovanie, skladovanie a bezpe\u010dnos\u0165 potrav\u00edn.<br \/>\n\u0160\u00e9fkuch\u00e1r v\u00e1s prevedie z\u00e1kladn\u00fdmi krokmi techn\u00edk pr\u00edpravy, uk\u00e1\u017ee v\u00e1m v\u00fdsledky, analyzuje slab\u00e9 miesta, mo\u017en\u00e9 ne\u017eiaduce v\u00fdsledky a sp\u00f4soby zlep\u0161enia. Podel\u00ed sa s vami o svoje dlhoro\u010dn\u00e9 su\u0161iace sk\u00fasenosti.<\/p>\n<div>\n<p><strong>PROGRAM KURZU:<\/strong><\/p>\n<ul>\n1. Ovocie a zelenina<br \/>\n\u010cipsy alebo pl\u00e1tky<br \/>\n1.2. Prach<br \/>\nOvocn\u00e1 ko\u017ea<br \/>\n1.4. Cel\u00e9 alebo polovi\u010dn\u00e9<br \/>\n2. Nesma\u017een\u00e9 zemiakov\u00e9 lupienky<br \/>\n3. Ryby a m\u00e4so<br \/>\n4. Cukor<br \/>\nOvocn\u00fd cukor<br \/>\n4.2. Ochuten\u00e9 cukry<br \/>\n4.3. Pusinky<br \/>\n4.4. Cukrov\u00e9 struky<br \/>\n5. Su\u0161en\u00e9 mlieko, konzervovan\u00e1 kukurica a olivov\u00e1 zem<br \/>\n6. Ra\u0148ajkov\u00e9 ty\u010dinky, krekry a cere\u00e1lie<br \/>\n7. Z\u00e1hradn\u00e9 semen\u00e1 - kvasn\u00e1 komora - \u00fadiace drevo<br \/>\n8. Papier\n<\/div>\n<div>\n<p><strong>Popis Video kurz na t\u00e9mu ADVANCED DRYING:<\/strong><\/p>\n<p>Ak je va\u0161a su\u0161i\u010dka st\u00e1le zapnut\u00e1, vysk\u00fa\u0161ajte ju. Kurz pre pokro\u010dil\u00fdch v\u00e1s zozn\u00e1mi so zlo\u017eitej\u0161\u00edmi pr\u00edpravkami.<br \/>\nSu\u0161i\u010dka je komora s viac-menej kon\u0161tantnou teplotou a m\u00f4\u017ee by\u0165 cennou pom\u00f4ckou pri ur\u010dit\u00fdch procesoch pr\u00edpravy, nahradi\u0165 in\u00e9 n\u00e1stroje alebo ur\u00fdchli\u0165 niektor\u00e9 kroky. \u0160\u00e9fkuch\u00e1r Dalicandro podrobne vysvetl\u00ed techniky t\u00fdchto pr\u00edprav so z\u00e1kladn\u00fdmi krokmi. Uk\u00e1\u017ee v\u00fdsledky a povie v\u00e1m, ako sa dostal k pr\u00e1ci na niektor\u00fdch pr\u00edprav\u00e1ch, a podel\u00ed sa s vami o v\u00fdsledky svojich dlhoro\u010dn\u00fdch experimentov.<br \/>\nExperimentovanie znamen\u00e1 vyhodnocovanie v\u00fdsledkov, pochopenie toho, ako sa produkt transformuje a uchov\u00e1va. Pred ukon\u010den\u00edm procesu je potrebn\u00e9 zoh\u013eadni\u0165 mnoho parametrov. \u010cloveka nesm\u00fa zastavi\u0165 ne\u017eiaduce v\u00fdsledky, ale mus\u00ed ich vedie\u0165 analyzova\u0165.<br \/>\nTreba ma\u0165 na pam\u00e4ti, ako su\u0161i\u010dka p\u00f4sob\u00ed na potraviny, a v\u017edy zv\u00e1\u017ei\u0165 v\u00fdhody a nev\u00fdhody. Su\u0161i\u010dkou nem\u00f4\u017eeme robi\u0165 v\u0161etko. V\u017edy mus\u00edme ma\u0165 na pam\u00e4ti, na \u010do je ur\u010den\u00e1.<br \/>\nBude tam mal\u00e9 prekvapenie navy\u0161e!<\/p>\n<div>\n<p><strong>PROGRAM KURZU:<\/strong><\/p>\n<ul>\n1. Candying<br \/>\n2. Cestoviny<br \/>\n3. F\u00fakanie<br \/>\n4. Such\u00e9 Mokr\u00e9 Such\u00e9<br \/>\n5. Sorbet bez pridan\u00e9ho cukru<br \/>\n6. Ry\u017ea<br \/>\n7. Hotov\u00e9 jedl\u00e1<br \/>\n8. Porkbushi<br \/>\n9. Sali<br \/>\n10. Vy\u010disten\u00e9 maslo<br \/>\n11. Inf\u00fazie<br \/>\n12. Temperovan\u00e1 \u010dokol\u00e1da<br \/>\n13. \u010cierny cesnak<br \/>\n14. \u010cierne v\u00e1pno<br \/>\n15. Jogurt<br \/>\n16. Rozpustn\u00e1 k\u00e1va<br \/>\n17. EXTRA: prekvapenie!\n<\/div>\n<\/div>\n<p><strong>Akciov\u00e1 ponuka: VIDEO KURZ SU\u0160ENIA Z\u00c1KLADN\u00dd + DOSIAHNUT\u00dd za 140,00 \u20ac namiesto 160,00 \u20ac - pr\u00edstup ku kurzu na 6 mesiacov\u00a0<\/strong>\n<\/div>","protected":false},"excerpt":{"rendered":"<p>Metti un BIOSEC sotto l&#8217;Albero. SCOPRI QUI le promozioni di Natale! Gli sconti Black Friday sono qui! \u00a0 Clicca\u00a0per\u00a0non perderli \u2192 Descrizione Video Corso di ESSICCAZIONE BASE: Accendi l\u2019essiccatore solo per fare mele e funghi? Hai voglia di utilizzare al meglio il tuo essiccatore? Questo corso ti far\u00e0 scoprire le moltissime preparazioni che \u00e8 possibile [&hellip;]<\/p>","protected":false},"featured_media":167900,"comment_status":"closed","ping_status":"closed","template":"","meta":[],"product_cat":[196],"product_tag":[],"class_list":["post-165913","product","type-product","status-publish","has-post-thumbnail","hentry","product_cat-libri"],"acf":[],"yoast_head":"<!-- This site is optimized with the Yoast SEO plugin v20.10 - https:\/\/yoast.com\/wordpress\/plugins\/seo\/ -->\n<title>Corso di Essiccazione Base + Avanzato - Tauro Essiccatori<\/title>\n<meta name=\"robots\" content=\"noindex, follow, max-snippet:-1, max-image-preview:large, max-video-preview:-1\" \/>\n<meta property=\"og:locale\" content=\"sk_SK\" \/>\n<meta property=\"og:type\" content=\"article\" \/>\n<meta property=\"og:title\" content=\"Corso di Essiccazione Base + Avanzato - Tauro Essiccatori\" \/>\n<meta property=\"og:description\" content=\"Metti un BIOSEC sotto l&#039;Albero. SCOPRI QUI le promozioni di Natale! Gli sconti Black Friday sono qui! \u00a0 Clicca\u00a0per\u00a0non perderli \u2192 Descrizione Video Corso di ESSICCAZIONE BASE: Accendi l\u2019essiccatore solo per fare mele e funghi? Hai voglia di utilizzare al meglio il tuo essiccatore? Questo corso ti far\u00e0 scoprire le moltissime preparazioni che \u00e8 possibile [&hellip;]\" \/>\n<meta property=\"og:url\" content=\"https:\/\/stor51.tauroessiccatori.com\/sk\/p\/kurz-susenia-zakladna-pre-pokrocilych\/\" \/>\n<meta property=\"og:site_name\" content=\"Tauro Essiccatori\" \/>\n<meta property=\"article:publisher\" content=\"https:\/\/www.facebook.com\/TauroEssiccatori\/\" \/>\n<meta property=\"article:modified_time\" content=\"2023-04-17T15:26:46+00:00\" \/>\n<meta property=\"og:image\" content=\"https:\/\/stor51.tauroessiccatori.com\/wp-assets\/uploads\/2022\/10\/tauro_chef_dalicandro_corsi.jpg\" \/>\n\t<meta property=\"og:image:width\" content=\"2048\" \/>\n\t<meta property=\"og:image:height\" content=\"1266\" \/>\n\t<meta property=\"og:image:type\" content=\"image\/jpeg\" \/>\n<meta name=\"twitter:card\" content=\"summary_large_image\" \/>\n<meta name=\"twitter:label1\" content=\"Est. reading time\" \/>\n\t<meta name=\"twitter:data1\" content=\"2 min\u00faty\" \/>\n<script type=\"application\/ld+json\" class=\"yoast-schema-graph\">{\"@context\":\"https:\/\/schema.org\",\"@graph\":[{\"@type\":\"WebPage\",\"@id\":\"https:\/\/stor51.tauroessiccatori.com\/p\/corso-di-essiccazione-base-avanzato\/\",\"url\":\"https:\/\/stor51.tauroessiccatori.com\/p\/corso-di-essiccazione-base-avanzato\/\",\"name\":\"Corso di Essiccazione Base + Avanzato - Tauro Essiccatori\",\"isPartOf\":{\"@id\":\"https:\/\/stor51.tauroessiccatori.com\/#website\"},\"datePublished\":\"2022-10-05T08:36:00+00:00\",\"dateModified\":\"2023-04-17T15:26:46+00:00\",\"breadcrumb\":{\"@id\":\"https:\/\/stor51.tauroessiccatori.com\/p\/corso-di-essiccazione-base-avanzato\/#breadcrumb\"},\"inLanguage\":\"sk-SK\",\"potentialAction\":[{\"@type\":\"ReadAction\",\"target\":[\"https:\/\/stor51.tauroessiccatori.com\/p\/corso-di-essiccazione-base-avanzato\/\"]}]},{\"@type\":\"BreadcrumbList\",\"@id\":\"https:\/\/stor51.tauroessiccatori.com\/p\/corso-di-essiccazione-base-avanzato\/#breadcrumb\",\"itemListElement\":[{\"@type\":\"ListItem\",\"position\":1,\"name\":\"Home\",\"item\":\"https:\/\/stor51.tauroessiccatori.com\/\"},{\"@type\":\"ListItem\",\"position\":2,\"name\":\"Shop\",\"item\":\"https:\/\/stor51.tauroessiccatori.com\/negozio\/\"},{\"@type\":\"ListItem\",\"position\":3,\"name\":\"Corso di Essiccazione Base + Avanzato\"}]},{\"@type\":\"WebSite\",\"@id\":\"https:\/\/stor51.tauroessiccatori.com\/#website\",\"url\":\"https:\/\/stor51.tauroessiccatori.com\/\",\"name\":\"Tauro Essiccatori\",\"description\":\"Welcome to Tauro Essiccatori online shop\",\"publisher\":{\"@id\":\"https:\/\/stor51.tauroessiccatori.com\/#organization\"},\"potentialAction\":[{\"@type\":\"SearchAction\",\"target\":{\"@type\":\"EntryPoint\",\"urlTemplate\":\"https:\/\/stor51.tauroessiccatori.com\/?s={search_term_string}\"},\"query-input\":\"required name=search_term_string\"}],\"inLanguage\":\"sk-SK\"},{\"@type\":\"Organization\",\"@id\":\"https:\/\/stor51.tauroessiccatori.com\/#organization\",\"name\":\"Tauro Essiccatori\",\"url\":\"https:\/\/stor51.tauroessiccatori.com\/\",\"logo\":{\"@type\":\"ImageObject\",\"inLanguage\":\"sk-SK\",\"@id\":\"https:\/\/stor51.tauroessiccatori.com\/#\/schema\/logo\/image\/\",\"url\":\"https:\/\/www.tauroessiccatori.com\/wp-assets\/uploads\/2017\/07\/logo_tauro_500x109px.png\",\"contentUrl\":\"https:\/\/www.tauroessiccatori.com\/wp-assets\/uploads\/2017\/07\/logo_tauro_500x109px.png\",\"width\":500,\"height\":109,\"caption\":\"Tauro Essiccatori\"},\"image\":{\"@id\":\"https:\/\/stor51.tauroessiccatori.com\/#\/schema\/logo\/image\/\"},\"sameAs\":[\"https:\/\/www.facebook.com\/TauroEssiccatori\/\",\"https:\/\/www.instagram.com\/tauro_essiccatori\/\",\"https:\/\/it.linkedin.com\/company\/tauro-essiccatori\",\"https:\/\/www.youtube.com\/user\/tauroessiccatori\"]}]}<\/script>\n<!-- \/ Yoast SEO plugin. -->","yoast_head_json":{"title":"Corso di Essiccazione Base + Avanzato - Tauro Essiccatori","robots":{"index":"noindex","follow":"follow","max-snippet":"max-snippet:-1","max-image-preview":"max-image-preview:large","max-video-preview":"max-video-preview:-1"},"og_locale":"sk_SK","og_type":"article","og_title":"Corso di Essiccazione Base + Avanzato - Tauro Essiccatori","og_description":"Metti un BIOSEC sotto l'Albero. SCOPRI QUI le promozioni di Natale! Gli sconti Black Friday sono qui! \u00a0 Clicca\u00a0per\u00a0non perderli \u2192 Descrizione Video Corso di ESSICCAZIONE BASE: Accendi l\u2019essiccatore solo per fare mele e funghi? Hai voglia di utilizzare al meglio il tuo essiccatore? Questo corso ti far\u00e0 scoprire le moltissime preparazioni che \u00e8 possibile [&hellip;]","og_url":"https:\/\/stor51.tauroessiccatori.com\/sk\/p\/kurz-susenia-zakladna-pre-pokrocilych\/","og_site_name":"Tauro Essiccatori","article_publisher":"https:\/\/www.facebook.com\/TauroEssiccatori\/","article_modified_time":"2023-04-17T15:26:46+00:00","og_image":[{"width":2048,"height":1266,"url":"https:\/\/stor51.tauroessiccatori.com\/wp-assets\/uploads\/2022\/10\/tauro_chef_dalicandro_corsi.jpg","type":"image\/jpeg"}],"twitter_card":"summary_large_image","twitter_misc":{"Est. reading time":"2 min\u00faty"},"schema":{"@context":"https:\/\/schema.org","@graph":[{"@type":"WebPage","@id":"https:\/\/stor51.tauroessiccatori.com\/p\/corso-di-essiccazione-base-avanzato\/","url":"https:\/\/stor51.tauroessiccatori.com\/p\/corso-di-essiccazione-base-avanzato\/","name":"Corso di Essiccazione Base + Avanzato - Tauro Essiccatori","isPartOf":{"@id":"https:\/\/stor51.tauroessiccatori.com\/#website"},"datePublished":"2022-10-05T08:36:00+00:00","dateModified":"2023-04-17T15:26:46+00:00","breadcrumb":{"@id":"https:\/\/stor51.tauroessiccatori.com\/p\/corso-di-essiccazione-base-avanzato\/#breadcrumb"},"inLanguage":"sk-SK","potentialAction":[{"@type":"ReadAction","target":["https:\/\/stor51.tauroessiccatori.com\/p\/corso-di-essiccazione-base-avanzato\/"]}]},{"@type":"BreadcrumbList","@id":"https:\/\/stor51.tauroessiccatori.com\/p\/corso-di-essiccazione-base-avanzato\/#breadcrumb","itemListElement":[{"@type":"ListItem","position":1,"name":"Home","item":"https:\/\/stor51.tauroessiccatori.com\/"},{"@type":"ListItem","position":2,"name":"Shop","item":"https:\/\/stor51.tauroessiccatori.com\/negozio\/"},{"@type":"ListItem","position":3,"name":"Corso di Essiccazione Base + Avanzato"}]},{"@type":"WebSite","@id":"https:\/\/stor51.tauroessiccatori.com\/#website","url":"https:\/\/stor51.tauroessiccatori.com\/","name":"Tauro Essiccatori","description":"Welcome to Tauro Essiccatori online shop","publisher":{"@id":"https:\/\/stor51.tauroessiccatori.com\/#organization"},"potentialAction":[{"@type":"SearchAction","target":{"@type":"EntryPoint","urlTemplate":"https:\/\/stor51.tauroessiccatori.com\/?s={search_term_string}"},"query-input":"required name=search_term_string"}],"inLanguage":"sk-SK"},{"@type":"Organization","@id":"https:\/\/stor51.tauroessiccatori.com\/#organization","name":"Tauro Essiccatori","url":"https:\/\/stor51.tauroessiccatori.com\/","logo":{"@type":"ImageObject","inLanguage":"sk-SK","@id":"https:\/\/stor51.tauroessiccatori.com\/#\/schema\/logo\/image\/","url":"https:\/\/www.tauroessiccatori.com\/wp-assets\/uploads\/2017\/07\/logo_tauro_500x109px.png","contentUrl":"https:\/\/www.tauroessiccatori.com\/wp-assets\/uploads\/2017\/07\/logo_tauro_500x109px.png","width":500,"height":109,"caption":"Tauro Essiccatori"},"image":{"@id":"https:\/\/stor51.tauroessiccatori.com\/#\/schema\/logo\/image\/"},"sameAs":["https:\/\/www.facebook.com\/TauroEssiccatori\/","https:\/\/www.instagram.com\/tauro_essiccatori\/","https:\/\/it.linkedin.com\/company\/tauro-essiccatori","https:\/\/www.youtube.com\/user\/tauroessiccatori"]}]}},"_links":{"self":[{"href":"https:\/\/stor51.tauroessiccatori.com\/sk\/wp-json\/wp\/v2\/product\/165913"}],"collection":[{"href":"https:\/\/stor51.tauroessiccatori.com\/sk\/wp-json\/wp\/v2\/product"}],"about":[{"href":"https:\/\/stor51.tauroessiccatori.com\/sk\/wp-json\/wp\/v2\/types\/product"}],"replies":[{"embeddable":true,"href":"https:\/\/stor51.tauroessiccatori.com\/sk\/wp-json\/wp\/v2\/comments?post=165913"}],"wp:featuredmedia":[{"embeddable":true,"href":"https:\/\/stor51.tauroessiccatori.com\/sk\/wp-json\/wp\/v2\/media\/167900"}],"wp:attachment":[{"href":"https:\/\/stor51.tauroessiccatori.com\/sk\/wp-json\/wp\/v2\/media?parent=165913"}],"wp:term":[{"taxonomy":"product_cat","embeddable":true,"href":"https:\/\/stor51.tauroessiccatori.com\/sk\/wp-json\/wp\/v2\/product_cat?post=165913"},{"taxonomy":"product_tag","embeddable":true,"href":"https:\/\/stor51.tauroessiccatori.com\/sk\/wp-json\/wp\/v2\/product_tag?post=165913"}],"curies":[{"name":"wp","href":"https:\/\/api.w.org\/{rel}","templated":true}]}}