


{"id":161549,"date":"2022-05-03T19:08:45","date_gmt":"2022-05-03T17:08:45","guid":{"rendered":"https:\/\/www.tauroessiccatori.com\/?post_type=product&#038;p=161549\/"},"modified":"2023-04-03T10:32:08","modified_gmt":"2023-04-03T08:32:08","slug":"guanto-antitaglio-taglia-s","status":"publish","type":"product","link":"https:\/\/stor51.tauroessiccatori.com\/sk\/p\/velkost-rukavic\/","title":{"rendered":"Rukavice odoln\u00e9 proti porezaniu - ve\u013ekos\u0165 S"},"content":{"rendered":"<div class=\"tauro-banners\"><div class=\"banner-00\" style=\"background-color: #852035\">\r\n<div class=\"ix-xmas-box-other\" style=\"font-size: 18px;padding: 7px 0;margin: 0 auto 0px auto\" align=\"center\"><b style=\"color: #fff;font-size: 18px\">Pod strom umiestnite BIOSEC. <a style=\"color: #f8cc89;font-weight: bold;text-decoration: none;font-size: 18px\" href=\"https:\/\/www.tauroessiccatori.com\/christmas-2024\/\">ZOBRAZI\u0164 TU<\/a> Viano\u010dn\u00e9 akcie!<\/b><\/div>\r\n<\/div><div class=\"banner-00\" style=\"background-color: #000\">\r\n<div class=\"ix-xmas-box-other\" style=\"font-size: 18px;padding: 7px 0;margin: 0 auto 0px auto\" align=\"center\"><b style=\"color: #fff\"> \u010cierny piatok z\u013eavy s\u00fa tu! \u00a0 <a style=\"color: #f77209;font-weight: bold;text-decoration: none\" href=\"https:\/\/www.tauroessiccatori.com\/black-friday-2024\/\"> Kliknite, aby ste ich nezme\u0161kali \u2192 <\/a>\r\n<\/b><\/div>\r\n<\/div><\/div><p>Jemn\u00e1, ale vysoko odoln\u00e1 rukavica, ktor\u00e1 v\u00e1m v\u010faka ve\u013emi vysokej odolnosti vo\u010di rezaniu umo\u017en\u00ed bezpe\u010dne kr\u00e1ja\u0165 ovocie, zeleninu alebo dokonca m\u00e4so \u010di in\u00e9 potraviny. Na rozdiel od celokovov\u00fdch rukav\u00edc je tento model vyroben\u00fd z tkaniny s kovov\u00fdmi vl\u00e1knami a umo\u017e\u0148uje v\u00e4\u010d\u0161iu citlivos\u0165 a z\u00e1rove\u0148 zaru\u010duje vysok\u00fa bezpe\u010dnos\u0165 pri manipul\u00e1cii s no\u017emi ak\u00e9hoko\u013evek druhu. M\u00e1 tie\u017e dobr\u00fa odolnos\u0165 proti oderu a prepichnutiu. K dispoz\u00edcii s\u00fa v troch r\u00f4znych ve\u013ekostiach a s\u00fa v s\u00falade s eur\u00f3pskymi predpismi pre styk s potravinami.<\/p>\n<p>&nbsp;<\/p>\n<p><strong>TECHNICK\u00c9 VLASTNOSTI<\/strong><\/p>\n<p>&nbsp;<\/p>\n<ul>\n<li>Odolnos\u0165 proti strihu: Trieda 5 (maxim\u00e1lne 5) pod\u013ea EN 388<\/li>\n<li>Odolnos\u0165 proti roztrhnutiu: Trieda 4 (maxim\u00e1lne 4) pod\u013ea EN 388<\/li>\n<li>Odolnos\u0165 proti oderu: Trieda 3 (maxim\u00e1lne 4) pod\u013ea EN 388<\/li>\n<li>Vyhovuje norme EN ISO 13997 (odolnos\u0165 proti strihu sp\u00f4soben\u00e9mu ostr\u00fdmi hranami), v\u00fdsledkom je 48,5 N (newtonov)<\/li>\n<li>Sp\u013a\u0148a po\u017eiadavky nariadenia Eur\u00f3pskeho parlamentu a Rady ES \u010d. 1935\/2004 o materi\u00e1loch a predmetoch ur\u010den\u00fdch na styk s potravinami<\/li>\n<li>Obojstranne pou\u017eite\u013en\u00e9<\/li>\n<li>Mo\u017eno pra\u0165 pri 90 \u00b0C<\/li>\n<li>Vyroben\u00e9 v Eur\u00f3pe<\/li>\n<li>K dispoz\u00edcii v 3 ve\u013ekostiach<\/li>\n<\/ul>\n<p>&nbsp;<\/p>\n<p><strong>OBSAH BALENIA<\/strong><\/p>\n<p>&nbsp;<\/p>\n<ul>\n<li><span style=\"font-weight: 400;\">N.1 obojru\u010dn\u00e9 rukavice odoln\u00e9 proti prerezaniu ve\u013ekos\u0165 S<\/span><\/li>\n<\/ul>","protected":false},"excerpt":{"rendered":"<ul>\n<li>Odolnos\u0165 proti strihu: Trieda 5 (maxim\u00e1lne 5) pod\u013ea EN 388<\/li>\n<li>Odolnos\u0165 proti roztrhnutiu: Trieda 4 (maxim\u00e1lne 4) pod\u013ea EN 388<\/li>\n<li>Odolnos\u0165 proti oderu: Trieda 3 (maxim\u00e1lne 4) pod\u013ea EN 388<\/li>\n<li>Conformi alla norma EN ISO 13997 (resistenza al taglio causato da bordi taglienti) ottenendo il risultato di 48,5 N (Newton)<\/li>\n<li>Conformi ai requisiti del regolamento CE n\u00b01935\/2004 del Parlamento europeo e del Consiglio<br \/>\nriguardante i materiali e gli oggetti destinati a venire a contatto con gli alimenti<\/li>\n<li>Ambidestri<\/li>\n<li>Disponibili in 3 taglie<\/li>\n<\/ul>","protected":false},"featured_media":161501,"comment_status":"closed","ping_status":"closed","template":"","meta":[],"product_cat":[318],"product_tag":[],"class_list":["post-161549","product","type-product","status-publish","has-post-thumbnail","hentry","product_cat-accessori-con-galleria"],"acf":[],"yoast_head":"<!-- This site is optimized with the Yoast SEO plugin v20.10 - https:\/\/yoast.com\/wordpress\/plugins\/seo\/ -->\n<title>Guanto antitaglio - taglia S - Tauro Essiccatori<\/title>\n<meta name=\"robots\" content=\"noindex, follow, max-snippet:-1, max-image-preview:large, max-video-preview:-1\" \/>\n<meta property=\"og:locale\" content=\"sk_SK\" \/>\n<meta property=\"og:type\" content=\"article\" \/>\n<meta property=\"og:title\" content=\"Guanto antitaglio - taglia S - Tauro Essiccatori\" \/>\n<meta property=\"og:description\" content=\"Resistenza al taglio: Classe 5 (massimo 5) secondo la norma EN 388  Resistenza allo strappo: Classe 4 (massimo 4) secondo la norma EN 388  Resistenza all\u2019abrasione: Classe 3 (massimo 4) secondo la norma EN 388  Conformi alla norma EN ISO 13997 (resistenza al taglio causato da bordi taglienti) ottenendo il risultato di 48,5 N (Newton)  Conformi ai requisiti del regolamento CE n\u00b01935\/2004 del Parlamento europeo e del Consiglio riguardante i materiali e gli oggetti destinati a venire a contatto con gli alimenti  Ambidestri  Disponibili in 3 taglie\" \/>\n<meta property=\"og:url\" content=\"https:\/\/stor51.tauroessiccatori.com\/sk\/p\/velkost-rukavic\/\" \/>\n<meta property=\"og:site_name\" content=\"Tauro Essiccatori\" \/>\n<meta property=\"article:publisher\" content=\"https:\/\/www.facebook.com\/TauroEssiccatori\/\" \/>\n<meta property=\"article:modified_time\" content=\"2023-04-03T08:32:08+00:00\" \/>\n<meta property=\"og:image\" content=\"https:\/\/stor51.tauroessiccatori.com\/wp-assets\/uploads\/2022\/04\/guanti-anti-taglio-tauro_essiccatori-anteprime-schede-tecniche_taglia_small-1.jpg\" \/>\n\t<meta property=\"og:image:width\" content=\"1210\" \/>\n\t<meta property=\"og:image:height\" content=\"750\" \/>\n\t<meta property=\"og:image:type\" content=\"image\/jpeg\" \/>\n<meta name=\"twitter:card\" content=\"summary_large_image\" \/>\n<meta name=\"twitter:label1\" content=\"Est. reading time\" \/>\n\t<meta name=\"twitter:data1\" content=\"1 min\u00fata\" \/>\n<script type=\"application\/ld+json\" class=\"yoast-schema-graph\">{\"@context\":\"https:\/\/schema.org\",\"@graph\":[{\"@type\":\"WebPage\",\"@id\":\"https:\/\/stor51.tauroessiccatori.com\/p\/guanto-antitaglio-taglia-s\/\",\"url\":\"https:\/\/stor51.tauroessiccatori.com\/p\/guanto-antitaglio-taglia-s\/\",\"name\":\"Guanto antitaglio - taglia S - Tauro Essiccatori\",\"isPartOf\":{\"@id\":\"https:\/\/stor51.tauroessiccatori.com\/#website\"},\"datePublished\":\"2022-05-03T17:08:45+00:00\",\"dateModified\":\"2023-04-03T08:32:08+00:00\",\"breadcrumb\":{\"@id\":\"https:\/\/stor51.tauroessiccatori.com\/p\/guanto-antitaglio-taglia-s\/#breadcrumb\"},\"inLanguage\":\"sk-SK\",\"potentialAction\":[{\"@type\":\"ReadAction\",\"target\":[\"https:\/\/stor51.tauroessiccatori.com\/p\/guanto-antitaglio-taglia-s\/\"]}]},{\"@type\":\"BreadcrumbList\",\"@id\":\"https:\/\/stor51.tauroessiccatori.com\/p\/guanto-antitaglio-taglia-s\/#breadcrumb\",\"itemListElement\":[{\"@type\":\"ListItem\",\"position\":1,\"name\":\"Home\",\"item\":\"https:\/\/stor51.tauroessiccatori.com\/\"},{\"@type\":\"ListItem\",\"position\":2,\"name\":\"Shop\",\"item\":\"https:\/\/stor51.tauroessiccatori.com\/negozio\/\"},{\"@type\":\"ListItem\",\"position\":3,\"name\":\"Guanto antitaglio &#8211; taglia S\"}]},{\"@type\":\"WebSite\",\"@id\":\"https:\/\/stor51.tauroessiccatori.com\/#website\",\"url\":\"https:\/\/stor51.tauroessiccatori.com\/\",\"name\":\"Tauro Essiccatori\",\"description\":\"Welcome to Tauro Essiccatori online shop\",\"publisher\":{\"@id\":\"https:\/\/stor51.tauroessiccatori.com\/#organization\"},\"potentialAction\":[{\"@type\":\"SearchAction\",\"target\":{\"@type\":\"EntryPoint\",\"urlTemplate\":\"https:\/\/stor51.tauroessiccatori.com\/?s={search_term_string}\"},\"query-input\":\"required name=search_term_string\"}],\"inLanguage\":\"sk-SK\"},{\"@type\":\"Organization\",\"@id\":\"https:\/\/stor51.tauroessiccatori.com\/#organization\",\"name\":\"Tauro Essiccatori\",\"url\":\"https:\/\/stor51.tauroessiccatori.com\/\",\"logo\":{\"@type\":\"ImageObject\",\"inLanguage\":\"sk-SK\",\"@id\":\"https:\/\/stor51.tauroessiccatori.com\/#\/schema\/logo\/image\/\",\"url\":\"https:\/\/www.tauroessiccatori.com\/wp-assets\/uploads\/2017\/07\/logo_tauro_500x109px.png\",\"contentUrl\":\"https:\/\/www.tauroessiccatori.com\/wp-assets\/uploads\/2017\/07\/logo_tauro_500x109px.png\",\"width\":500,\"height\":109,\"caption\":\"Tauro Essiccatori\"},\"image\":{\"@id\":\"https:\/\/stor51.tauroessiccatori.com\/#\/schema\/logo\/image\/\"},\"sameAs\":[\"https:\/\/www.facebook.com\/TauroEssiccatori\/\",\"https:\/\/www.instagram.com\/tauro_essiccatori\/\",\"https:\/\/it.linkedin.com\/company\/tauro-essiccatori\",\"https:\/\/www.youtube.com\/user\/tauroessiccatori\"]}]}<\/script>\n<!-- \/ Yoast SEO plugin. -->","yoast_head_json":{"title":"Guanto antitaglio - taglia S - Tauro Essiccatori","robots":{"index":"noindex","follow":"follow","max-snippet":"max-snippet:-1","max-image-preview":"max-image-preview:large","max-video-preview":"max-video-preview:-1"},"og_locale":"sk_SK","og_type":"article","og_title":"Guanto antitaglio - taglia S - Tauro Essiccatori","og_description":"Resistenza al taglio: Classe 5 (massimo 5) secondo la norma EN 388  Resistenza allo strappo: Classe 4 (massimo 4) secondo la norma EN 388  Resistenza all\u2019abrasione: Classe 3 (massimo 4) secondo la norma EN 388  Conformi alla norma EN ISO 13997 (resistenza al taglio causato da bordi taglienti) ottenendo il risultato di 48,5 N (Newton)  Conformi ai requisiti del regolamento CE n\u00b01935\/2004 del Parlamento europeo e del Consiglio riguardante i materiali e gli oggetti destinati a venire a contatto con gli alimenti  Ambidestri  Disponibili in 3 taglie","og_url":"https:\/\/stor51.tauroessiccatori.com\/sk\/p\/velkost-rukavic\/","og_site_name":"Tauro Essiccatori","article_publisher":"https:\/\/www.facebook.com\/TauroEssiccatori\/","article_modified_time":"2023-04-03T08:32:08+00:00","og_image":[{"width":1210,"height":750,"url":"https:\/\/stor51.tauroessiccatori.com\/wp-assets\/uploads\/2022\/04\/guanti-anti-taglio-tauro_essiccatori-anteprime-schede-tecniche_taglia_small-1.jpg","type":"image\/jpeg"}],"twitter_card":"summary_large_image","twitter_misc":{"Est. reading time":"1 min\u00fata"},"schema":{"@context":"https:\/\/schema.org","@graph":[{"@type":"WebPage","@id":"https:\/\/stor51.tauroessiccatori.com\/p\/guanto-antitaglio-taglia-s\/","url":"https:\/\/stor51.tauroessiccatori.com\/p\/guanto-antitaglio-taglia-s\/","name":"Guanto antitaglio - taglia S - Tauro Essiccatori","isPartOf":{"@id":"https:\/\/stor51.tauroessiccatori.com\/#website"},"datePublished":"2022-05-03T17:08:45+00:00","dateModified":"2023-04-03T08:32:08+00:00","breadcrumb":{"@id":"https:\/\/stor51.tauroessiccatori.com\/p\/guanto-antitaglio-taglia-s\/#breadcrumb"},"inLanguage":"sk-SK","potentialAction":[{"@type":"ReadAction","target":["https:\/\/stor51.tauroessiccatori.com\/p\/guanto-antitaglio-taglia-s\/"]}]},{"@type":"BreadcrumbList","@id":"https:\/\/stor51.tauroessiccatori.com\/p\/guanto-antitaglio-taglia-s\/#breadcrumb","itemListElement":[{"@type":"ListItem","position":1,"name":"Home","item":"https:\/\/stor51.tauroessiccatori.com\/"},{"@type":"ListItem","position":2,"name":"Shop","item":"https:\/\/stor51.tauroessiccatori.com\/negozio\/"},{"@type":"ListItem","position":3,"name":"Guanto antitaglio &#8211; taglia S"}]},{"@type":"WebSite","@id":"https:\/\/stor51.tauroessiccatori.com\/#website","url":"https:\/\/stor51.tauroessiccatori.com\/","name":"Tauro Essiccatori","description":"Welcome to Tauro Essiccatori online shop","publisher":{"@id":"https:\/\/stor51.tauroessiccatori.com\/#organization"},"potentialAction":[{"@type":"SearchAction","target":{"@type":"EntryPoint","urlTemplate":"https:\/\/stor51.tauroessiccatori.com\/?s={search_term_string}"},"query-input":"required name=search_term_string"}],"inLanguage":"sk-SK"},{"@type":"Organization","@id":"https:\/\/stor51.tauroessiccatori.com\/#organization","name":"Tauro Essiccatori","url":"https:\/\/stor51.tauroessiccatori.com\/","logo":{"@type":"ImageObject","inLanguage":"sk-SK","@id":"https:\/\/stor51.tauroessiccatori.com\/#\/schema\/logo\/image\/","url":"https:\/\/www.tauroessiccatori.com\/wp-assets\/uploads\/2017\/07\/logo_tauro_500x109px.png","contentUrl":"https:\/\/www.tauroessiccatori.com\/wp-assets\/uploads\/2017\/07\/logo_tauro_500x109px.png","width":500,"height":109,"caption":"Tauro Essiccatori"},"image":{"@id":"https:\/\/stor51.tauroessiccatori.com\/#\/schema\/logo\/image\/"},"sameAs":["https:\/\/www.facebook.com\/TauroEssiccatori\/","https:\/\/www.instagram.com\/tauro_essiccatori\/","https:\/\/it.linkedin.com\/company\/tauro-essiccatori","https:\/\/www.youtube.com\/user\/tauroessiccatori"]}]}},"_links":{"self":[{"href":"https:\/\/stor51.tauroessiccatori.com\/sk\/wp-json\/wp\/v2\/product\/161549"}],"collection":[{"href":"https:\/\/stor51.tauroessiccatori.com\/sk\/wp-json\/wp\/v2\/product"}],"about":[{"href":"https:\/\/stor51.tauroessiccatori.com\/sk\/wp-json\/wp\/v2\/types\/product"}],"replies":[{"embeddable":true,"href":"https:\/\/stor51.tauroessiccatori.com\/sk\/wp-json\/wp\/v2\/comments?post=161549"}],"wp:featuredmedia":[{"embeddable":true,"href":"https:\/\/stor51.tauroessiccatori.com\/sk\/wp-json\/wp\/v2\/media\/161501"}],"wp:attachment":[{"href":"https:\/\/stor51.tauroessiccatori.com\/sk\/wp-json\/wp\/v2\/media?parent=161549"}],"wp:term":[{"taxonomy":"product_cat","embeddable":true,"href":"https:\/\/stor51.tauroessiccatori.com\/sk\/wp-json\/wp\/v2\/product_cat?post=161549"},{"taxonomy":"product_tag","embeddable":true,"href":"https:\/\/stor51.tauroessiccatori.com\/sk\/wp-json\/wp\/v2\/product_tag?post=161549"}],"curies":[{"name":"wp","href":"https:\/\/api.w.org\/{rel}","templated":true}]}}