


{"id":597,"date":"2017-04-10T14:40:42","date_gmt":"2017-04-10T12:40:42","guid":{"rendered":"http:\/\/store.tauroessiccatori.com\/?page_id=597"},"modified":"2023-09-15T19:08:03","modified_gmt":"2023-09-15T17:08:03","slug":"contatti","status":"publish","type":"page","link":"https:\/\/stor51.tauroessiccatori.com\/sk\/kontakty\/","title":{"rendered":"Kontakt"},"content":{"rendered":"<div class=\"tauro-banners\"><div class=\"banner-00\" style=\"background-color: #852035\">\r\n<div class=\"ix-xmas-box-other\" style=\"font-size: 18px;padding: 7px 0;margin: 0 auto 0px auto\" align=\"center\"><b style=\"color: #fff;font-size: 18px\">Pod strom umiestnite BIOSEC. <a style=\"color: #f8cc89;font-weight: bold;text-decoration: none;font-size: 18px\" href=\"https:\/\/www.tauroessiccatori.com\/christmas-2024\/\">ZOBRAZI\u0164 TU<\/a> Viano\u010dn\u00e9 akcie!<\/b><\/div>\r\n<\/div><div class=\"banner-00\" style=\"background-color: #000\">\r\n<div class=\"ix-xmas-box-other\" style=\"font-size: 18px;padding: 7px 0;margin: 0 auto 0px auto\" align=\"center\"><b style=\"color: #fff\"> \u010cierny piatok z\u013eavy s\u00fa tu! \u00a0 <a style=\"color: #f77209;font-weight: bold;text-decoration: none\" href=\"https:\/\/www.tauroessiccatori.com\/black-friday-2024\/\"> Kliknite, aby ste ich nezme\u0161kali \u2192 <\/a>\r\n<\/b><\/div>\r\n<\/div><\/div><div class=\"ix-container-inner\">\n<div class=\"ix-contact-us-container\">\n<div class=\"uk-grid uk-grid-medium\">\n<div class=\"uk-width-large-1-2\">\n<div class=\"ix-contact-us-left-grid\">\n         <!--2022-08-02 italix: kevin: was:h2 add:ix-h1--><\/p>\n<h1 class=\"ix-our-story-title ix-contact-us-where-title ix-h1\">\u017eiados\u0165 o inform\u00e1cie<\/h1>\n<div class=\"ix-contact-us-text\">\n<p><!--[contact-form-7 id=\"7582\" title=\"Modulo di contatto\"]--><\/p>\n<p><!-- Elena ago 2023 >>> --><\/p>\n<div class=\"ix-form-medium-container ix-professional-form-2023\" style=\"margin-top:50px\">\n<div class=\"uk-grid uk-grid-medium ix-icon-social-contact-container\">\n<div class=\"uk-width-1-1 uk-width-large-1-3\">\n<a href=\"https:\/\/wa.me\/+390444719046\"><br \/>\n      <img decoding=\"async\" src=\"https:\/\/stor51.tauroessiccatori.com\/wp-assets\/uploads\/2022\/09\/essiccare-in-azienda-wa.png\"><\/p>\n<p class=\"text-center\">Kliknite a <b>nap\u00ed\u0161te<\/b> s WhatsApp web<\/p>\n<p><\/a>\n    <\/div>\n<div class=\"uk-width-1-1 uk-width-large-1-3 ix-only-desktop\">\n      <img decoding=\"async\" src=\"https:\/\/stor51.tauroessiccatori.com\/wp-assets\/uploads\/2023\/06\/tauro-qr-code-whatsapp.png\"><\/p>\n<p class=\"text-center\">Pou\u017e\u00edvajte WhatsApp v mobilnom telef\u00f3ne,<br \/>r\u00e1muje <b>K\u00f3d QR<\/b><\/p>\n<\/p><\/div>\n<div class=\"uk-width-1-1 uk-width-large-1-3\">\n<a href=\"tel: 390444719046\"><br \/>\n      <img decoding=\"async\" src=\"https:\/\/stor51.tauroessiccatori.com\/wp-assets\/uploads\/2022\/09\/essiccare-in-azienda-fb.png\"><\/p>\n<p class=\"text-center\">Kliknite a <b>zavolajte na<\/b> odborn\u00edci spolo\u010dnosti Tauro<\/p>\n<p><\/a>\n    <\/div>\n<\/p><\/div>\n<\/div>\n<div class=\"ix-form-richiedi-preventivo\">\n<p class=\"text-center\">Alebo <b>vyplni\u0165 <\/b>ktor\u00e9 treba kontaktova\u0165<\/p>\n\n<div class=\"wpcf7 no-js\" id=\"wpcf7-f168655-o1\" lang=\"it-IT\" dir=\"ltr\">\n<div class=\"screen-reader-response\"><p role=\"status\" aria-live=\"polite\" aria-atomic=\"true\"><\/p> <ul><\/ul><\/div>\n<form action=\"\/sk\/wp-json\/wp\/v2\/pages\/597#wpcf7-f168655-o1\" method=\"post\" class=\"wpcf7-form init\" aria-label=\"Contact form\" novalidate=\"novalidate\" data-status=\"init\" data-trp-original-action=\"\/sk\/wp-json\/wp\/v2\/pages\/597#wpcf7-f168655-o1\">\n<div style=\"display: none;\">\n<input type=\"hidden\" name=\"_wpcf7\" value=\"168655\" \/>\n<input type=\"hidden\" name=\"_wpcf7_version\" value=\"5.7.7\" \/>\n<input type=\"hidden\" name=\"_wpcf7_locale\" value=\"it_IT\" \/>\n<input type=\"hidden\" name=\"_wpcf7_unit_tag\" value=\"wpcf7-f168655-o1\" \/>\n<input type=\"hidden\" name=\"_wpcf7_container_post\" value=\"0\" \/>\n<input type=\"hidden\" name=\"_wpcf7_posted_data_hash\" value=\"\" \/>\n<\/div>\n<input type=\"hidden\" autocomplete=\"off\" autocorrect=\"off\" name=\"i-x-B-Ud-JuX-ga-x-g\" value=\"\" \/><p><span class=\"wpcf7-form-control-wrap\" data-name=\"email\"><input size=\"40\" class=\"wpcf7-form-control wpcf7-text wpcf7-email wpcf7-validates-as-required wpcf7-validates-as-email underlined\" aria-required=\"true\" aria-invalid=\"false\" placeholder=\"E-MAIL*\" value=\"\" type=\"email\" name=\"email\" \/><\/span>\n<\/p>\n<p><span class=\"wpcf7-form-control-wrap\" data-name=\"full_name\"><input size=\"40\" class=\"wpcf7-form-control wpcf7-text wpcf7-validates-as-required underlined\" aria-required=\"true\" aria-invalid=\"false\" placeholder=\"N\u00c1ZOV\/N\u00c1ZOV*\" value=\"\" type=\"text\" name=\"full_name\" \/><\/span>\n<\/p>\n<p><span class=\"wpcf7-form-control-wrap\" data-name=\"company_type\"><input size=\"40\" class=\"wpcf7-form-control wpcf7-text underlined\" aria-invalid=\"false\" placeholder=\"TYP SPOLO\u010cNOSTI\" value=\"\" type=\"text\" name=\"company_type\" \/><\/span>\n<\/p>\n<p><span class=\"wpcf7-form-control-wrap\" data-name=\"telephone\"><input size=\"40\" class=\"wpcf7-form-control wpcf7-text wpcf7-tel wpcf7-validates-as-required wpcf7-validates-as-tel underlined\" aria-required=\"true\" aria-invalid=\"false\" placeholder=\"TELEF\u00d3N*\" value=\"\" type=\"tel\" name=\"telephone\" \/><\/span>\n<\/p>\n<p><span id=\"wpcf7-69d59e12dc5d8-wrapper\" class=\"wpcf7-form-control-wrap your-title-wrap\" ><input id=\"your-title\"  placeholder=\"TITUL\"  class=\"wpcf7-form-control wpcf7-text underlined\" type=\"text\" name=\"your-title\" value=\"\" size=\"40\" tabindex=\"-1\" autocomplete=\"new-password\" \/><\/span>\n<\/p>\n<p><span class=\"wpcf7-form-control-wrap\" data-name=\"message\"><textarea cols=\"20\" rows=\"3\" class=\"wpcf7-form-control wpcf7-textarea underlined\" aria-invalid=\"false\" placeholder=\"SPR\u00c1VA\" name=\"message\"><\/textarea><\/span>\n<\/p>\n<input class=\"wpcf7-form-control wpcf7-hidden\" value=\"\" type=\"hidden\" name=\"url\" \/>\n<div>\n\t<p style=\"color:#eb5803; font-weight:500;\">Nev\u00e1hajte a zanechajte po\u017eadovan\u00e9 inform\u00e1cie.<br \/>\nRadi sa s vami op\u00e4\u0165 skontaktujeme a poskytneme v\u00e1m individu\u00e1lnu konzult\u00e1ciu.\n\t<\/p>\n<\/div>\n<div style=\"margin-bottom:10px;\">\n\t<p>S\u00fahlas so spracovan\u00edm \u00fadajov *\n\t<\/p>\n\t<div style=\"text-align:center;margin-bottom:20px;\">\n\t\t<p><a style=\"\" target=\"_blank\" class=\"button light ix-home-dryer-button-privacy-policy\" href=\"https:\/\/www.tauroessiccatori.com\/privacy-policy\/\">Z\u00e1sady ochrany osobn\u00fdch \u00fadajov <\/a>\n\t\t<\/p>\n\t<\/div>\n\t<p><span class=\"wpcf7-form-control-wrap\" data-name=\"privacy_policy\"><span class=\"wpcf7-form-control wpcf7-acceptance\"><span class=\"wpcf7-list-item\"><label><input type=\"checkbox\" name=\"privacy_policy\" value=\"1\" aria-invalid=\"false\" \/><span class=\"wpcf7-list-item-label\">S\u00fahlas\u00edm so spracovan\u00edm svojich \u00fadajov, ako je uveden\u00e9 v Z\u00e1sad\u00e1ch ochrany osobn\u00fdch \u00fadajov (povinn\u00e9)<\/span><\/label><\/span><\/span><\/span>\n\t<\/p>\n<\/div>\n<div style=\"text-align:center;\">\n\t<p><input class=\"wpcf7-form-control has-spinner wpcf7-submit button shaped btn-square bordered\" type=\"submit\" value=\"ODOSLA\u0164 PO\u017dIADAVKU\" \/>\n\t<\/p>\n\t<div style=\"text-align:center; opacity:0.7;\">\n\t\t<p>budeme v\u00e1s kontaktova\u0165 do 24 hod\u00edn\n\t\t<\/p>\n\t<\/div>\n<\/div>\n<style>\n.wpcf7-spinner{display:block;}\n<\/style><p style=\"display: none !important;\"><label>&#916;<textarea name=\"_wpcf7_ak_hp_textarea\" cols=\"45\" rows=\"8\" maxlength=\"100\"><\/textarea><\/label><input type=\"hidden\" id=\"ak_js_1\" name=\"_wpcf7_ak_js\" value=\"74\"\/><script>document.getElementById( \"ak_js_1\" ).setAttribute( \"value\", ( new Date() ).getTime() );<\/script><\/p><input type='hidden' class='wpcf7-pum' value='{\"closepopup\":false,\"closedelay\":0,\"openpopup\":false,\"openpopup_id\":0}' \/><div class=\"wpcf7-response-output\" aria-hidden=\"true\"><\/div>\n<input type=\"hidden\" name=\"trp-form-language\" value=\"sk\"\/><\/form>\n<\/div>\n<\/div>\n<style>\n.text-center{\ntext-align: center;\n}\n@media screen and (min-width: 960px) \n{\n  .ix-contact-us-left-grid .ix-form-medium-container{\n    width: 100%;\n    margin-left: auto;\n    margin-right: auto;\n  }\n  .ix-contact-us-left-grid .ix-form-richiedi-preventivo{\n    width: 100%;\n    margin-left: auto;\n    margin-right: auto;\n  }\n  .ix-professional-form-2023 .ix-icon-social-contact-container img{\n    width: 64%;\n    margin-left: auto;\n    margin-right: auto;\n  } \n  .ix-professional-form-2023 .ix-icon-social-contact-container div{\n    text-align: center;\n  } \n  .ix-professional-form-2023 .ix-only-desktop{\n    display:block!important;\n  }\n}\n@media screen and (max-width: 960px) \n{\n  .ix-professional-form-2023 .ix-icon-social-contact-container img{\n    width: 70px;\n    height:70px;\n    margin-left: auto;\n    margin-right: auto;\n  } \n  .ix-professional-form-2023 .ix-icon-social-contact-container div{\n    text-align: left;\n    display: flex;\n    padding: 10px 20px;\n  } \n  .ix-professional-form-2023 .ix-icon-social-contact-container p{\n    text-align: left;\n    width: 64%;\n  } \n  .ix-form-richiedi-preventivo {\n    width: 80%;\n    margin-left: auto;\n    margin-right: auto;\n    margin-top: 30px;\n  }\n  .ix-professional-form-2023 .ix-only-desktop{\n    display:none!important;\n  }\n  .ix-icon-social-contact-container a{\n    display: flex;\n    width: 100%;\n  }\n}\n<\/style>\n<p><!-- Elena ago 2023 <<< --><\/p>\n<\/div>\n<\/div>\n<\/div>\n<div class=\"uk-width-large-1-2\">\n<div class=\"ix-contact-us-left-grid\">\n<div class=\"ix-contact-us-text-right\">\n<div class=\"etichetta1\">KONTAKTY<\/div>\n<div class=\"ix-contact-us-primary-contacts\">\n<div class=\"ix-contact-us-link-mail-tel\"><a href=\"mailto:info@tauroessiccatori.com\">info@tauroessiccatori.com<\/a><\/div>\n<div class=\"ix-contact-us-link-mail-tel\"><a href=\"tel: 390444719046\">+39 0444 719046<\/a><\/div>\n<div class=\"ix-contact-us-link-mail-tel\" style=\"text-transform: none;\">Via del Lavoro 6 - 36043 Camisano Vicentino<\/div>\n<\/div>\n<div class=\"ix-contact-us-grey-line\"><\/div>\n<div class=\"etichetta1\">\u010cASTO KLADEN\u00c9 OT\u00c1ZKY<\/div>\n<div class=\"ix-contact-us-fq\">\n<div class=\"ix-contact-us-fq-link\"><a href=\"https:\/\/stor51.tauroessiccatori.com\/sk\/sluzby-zakaznikom\/otazky-caste\/\" target=\"_blank\" rel=\"noopener noreferrer\">ako funguje vr\u00e1tenie?<\/a><\/div>\n<div class=\"ix-contact-us-fq-link\"><a href=\"https:\/\/stor51.tauroessiccatori.com\/sk\/sluzby-zakaznikom\/otazky-caste\/\" target=\"_blank\" rel=\"noopener noreferrer\">Ak\u00e9 s\u00fa n\u00e1klady na dopravu?<\/a><\/div>\n<div class=\"ix-contact-us-fq-link\"><a href=\"https:\/\/stor51.tauroessiccatori.com\/sk\/sluzby-zakaznikom\/otazky-caste\/\" target=\"_blank\" rel=\"noopener noreferrer\">Ako r\u00fdchlo dostanem svoju z\u00e1sielku? <\/a><\/div>\n<div class=\"ix-contact-us-fq-link\"><a href=\"https:\/\/stor51.tauroessiccatori.com\/sk\/sluzby-zakaznikom\/otazky-caste\/\" target=\"_blank\" rel=\"noopener noreferrer\">Ako sa aktivuje z\u00e1ruka?<\/a><\/div>\n<div class=\"ix-contact-us-fq-view-more\"><a class=\"ix-category-link\" href=\"https:\/\/stor51.tauroessiccatori.com\/sk\/sluzby-zakaznikom\/otazky-caste\/\" target=\"_blank\" rel=\"noopener noreferrer\">pozri v\u0161etko<\/a><\/div>\n<\/div>\n<div class=\"ix-contact-us-grey-line ix-contact-us-grey-line-2\"><\/div>\n<div>Spolo\u010dnos\u0165 Tauro Dryers je v\u00fdrobn\u00e1 spolo\u010dnos\u0165. Ak n\u00e1s chcete nav\u0161t\u00edvi\u0165, v\u017edy si dohodnite stretnutie na \u010d\u00edsle 0444-719046.<\/div>\n<div>\n<div class=\"ix-contact-us-voices\">Administrat\u00edva<br \/>\n<a href=\"mailto:amministrazione@tauroessiccatori.com\">amministrazione@tauroessiccatori.com<\/a><\/div>\n<div class=\"ix-contact-us-voices\">Z\u00e1kazn\u00edcky a obchodn\u00fd servis<br \/>\n<a href=\"mailto:commerciale@tauroessiccatori.com\">commerciale@tauroessiccatori.com<\/a><\/div>\n<div class=\"ix-contact-us-voices\">Technick\u00e1 pomoc<br \/>\n<a href=\"mailto:tecnico@tauroessiccatori.com\">assistenza@tauroessiccatori.com<\/a><\/div>\n<\/div>\n<\/div>\n<\/div>\n<\/div>\n<\/div>\n<\/div>\n<\/div>","protected":false},"excerpt":{"rendered":"<p>Metti un BIOSEC sotto l&#8217;Albero. SCOPRI QUI le promozioni di Natale! Gli sconti Black Friday sono qui! \u00a0 Clicca\u00a0per\u00a0non perderli \u2192 richiesta informazioni Clicca e scrivi con whatsapp web Usa whatsapp sul celllulare,inquadra il QR-code Clicca e chiama gli esperti Tauro Oppure compila per essere ricontattato CONTATTI info@tauroessiccatori.com +39 0444 719046 Via del Lavoro 6 [&hellip;]<\/p>","protected":false},"author":1,"featured_media":0,"parent":0,"menu_order":0,"comment_status":"closed","ping_status":"closed","template":"","meta":{"footnotes":""},"class_list":["post-597","page","type-page","status-publish","hentry"],"acf":[],"yoast_head":"<!-- This site is optimized with the Yoast SEO plugin v20.10 - https:\/\/yoast.com\/wordpress\/plugins\/seo\/ -->\n<title>Contatti - Tauro Essiccatori<\/title>\n<meta name=\"description\" content=\"L&#039;essiccatore con che tempi e temperature lavora? Qual \u00e8 il migliore per le tue esigenze? Hai bisogno di pi\u00f9 informazioni? Contattaci!\" \/>\n<meta name=\"robots\" content=\"noindex, follow, max-snippet:-1, max-image-preview:large, max-video-preview:-1\" \/>\n<meta property=\"og:locale\" content=\"sk_SK\" \/>\n<meta property=\"og:type\" content=\"article\" \/>\n<meta property=\"og:title\" content=\"Contatti - Tauro Essiccatori\" \/>\n<meta property=\"og:description\" content=\"L&#039;essiccatore con che tempi e temperature lavora? Qual \u00e8 il migliore per le tue esigenze? Hai bisogno di pi\u00f9 informazioni? Contattaci!\" \/>\n<meta property=\"og:url\" content=\"https:\/\/stor51.tauroessiccatori.com\/sk\/kontakty\/\" \/>\n<meta property=\"og:site_name\" content=\"Tauro Essiccatori\" \/>\n<meta property=\"article:publisher\" content=\"https:\/\/www.facebook.com\/TauroEssiccatori\/\" \/>\n<meta property=\"article:modified_time\" content=\"2023-09-15T17:08:03+00:00\" \/>\n<meta property=\"og:image\" content=\"https:\/\/stor51.tauroessiccatori.com\/wp-assets\/uploads\/2022\/09\/essiccare-in-azienda-wa.png\" \/>\n<meta name=\"twitter:card\" content=\"summary_large_image\" \/>\n<meta name=\"twitter:label1\" content=\"Est. reading time\" \/>\n\t<meta name=\"twitter:data1\" content=\"2 min\u00faty\" \/>\n<script type=\"application\/ld+json\" class=\"yoast-schema-graph\">{\"@context\":\"https:\/\/schema.org\",\"@graph\":[{\"@type\":\"WebPage\",\"@id\":\"https:\/\/stor51.tauroessiccatori.com\/contatti\/\",\"url\":\"https:\/\/stor51.tauroessiccatori.com\/contatti\/\",\"name\":\"Contatti - Tauro Essiccatori\",\"isPartOf\":{\"@id\":\"https:\/\/stor51.tauroessiccatori.com\/#website\"},\"datePublished\":\"2017-04-10T12:40:42+00:00\",\"dateModified\":\"2023-09-15T17:08:03+00:00\",\"description\":\"L'essiccatore con che tempi e temperature lavora? Qual \u00e8 il migliore per le tue esigenze? Hai bisogno di pi\u00f9 informazioni? Contattaci!\",\"breadcrumb\":{\"@id\":\"https:\/\/stor51.tauroessiccatori.com\/contatti\/#breadcrumb\"},\"inLanguage\":\"sk-SK\",\"potentialAction\":[{\"@type\":\"ReadAction\",\"target\":[\"https:\/\/stor51.tauroessiccatori.com\/contatti\/\"]}]},{\"@type\":\"BreadcrumbList\",\"@id\":\"https:\/\/stor51.tauroessiccatori.com\/contatti\/#breadcrumb\",\"itemListElement\":[{\"@type\":\"ListItem\",\"position\":1,\"name\":\"Home\",\"item\":\"https:\/\/stor51.tauroessiccatori.com\/\"},{\"@type\":\"ListItem\",\"position\":2,\"name\":\"Contatti\"}]},{\"@type\":\"WebSite\",\"@id\":\"https:\/\/stor51.tauroessiccatori.com\/#website\",\"url\":\"https:\/\/stor51.tauroessiccatori.com\/\",\"name\":\"Tauro Essiccatori\",\"description\":\"Welcome to Tauro Essiccatori online shop\",\"publisher\":{\"@id\":\"https:\/\/stor51.tauroessiccatori.com\/#organization\"},\"potentialAction\":[{\"@type\":\"SearchAction\",\"target\":{\"@type\":\"EntryPoint\",\"urlTemplate\":\"https:\/\/stor51.tauroessiccatori.com\/?s={search_term_string}\"},\"query-input\":\"required name=search_term_string\"}],\"inLanguage\":\"sk-SK\"},{\"@type\":\"Organization\",\"@id\":\"https:\/\/stor51.tauroessiccatori.com\/#organization\",\"name\":\"Tauro Essiccatori\",\"url\":\"https:\/\/stor51.tauroessiccatori.com\/\",\"logo\":{\"@type\":\"ImageObject\",\"inLanguage\":\"sk-SK\",\"@id\":\"https:\/\/stor51.tauroessiccatori.com\/#\/schema\/logo\/image\/\",\"url\":\"https:\/\/www.tauroessiccatori.com\/wp-assets\/uploads\/2017\/07\/logo_tauro_500x109px.png\",\"contentUrl\":\"https:\/\/www.tauroessiccatori.com\/wp-assets\/uploads\/2017\/07\/logo_tauro_500x109px.png\",\"width\":500,\"height\":109,\"caption\":\"Tauro Essiccatori\"},\"image\":{\"@id\":\"https:\/\/stor51.tauroessiccatori.com\/#\/schema\/logo\/image\/\"},\"sameAs\":[\"https:\/\/www.facebook.com\/TauroEssiccatori\/\",\"https:\/\/www.instagram.com\/tauro_essiccatori\/\",\"https:\/\/it.linkedin.com\/company\/tauro-essiccatori\",\"https:\/\/www.youtube.com\/user\/tauroessiccatori\"]}]}<\/script>\n<!-- \/ Yoast SEO plugin. -->","yoast_head_json":{"title":"Contatti - Tauro Essiccatori","description":"L'essiccatore con che tempi e temperature lavora? Qual \u00e8 il migliore per le tue esigenze? Hai bisogno di pi\u00f9 informazioni? Contattaci!","robots":{"index":"noindex","follow":"follow","max-snippet":"max-snippet:-1","max-image-preview":"max-image-preview:large","max-video-preview":"max-video-preview:-1"},"og_locale":"sk_SK","og_type":"article","og_title":"Contatti - Tauro Essiccatori","og_description":"L'essiccatore con che tempi e temperature lavora? Qual \u00e8 il migliore per le tue esigenze? Hai bisogno di pi\u00f9 informazioni? Contattaci!","og_url":"https:\/\/stor51.tauroessiccatori.com\/sk\/kontakty\/","og_site_name":"Tauro Essiccatori","article_publisher":"https:\/\/www.facebook.com\/TauroEssiccatori\/","article_modified_time":"2023-09-15T17:08:03+00:00","og_image":[{"url":"https:\/\/stor51.tauroessiccatori.com\/wp-assets\/uploads\/2022\/09\/essiccare-in-azienda-wa.png"}],"twitter_card":"summary_large_image","twitter_misc":{"Est. reading time":"2 min\u00faty"},"schema":{"@context":"https:\/\/schema.org","@graph":[{"@type":"WebPage","@id":"https:\/\/stor51.tauroessiccatori.com\/contatti\/","url":"https:\/\/stor51.tauroessiccatori.com\/contatti\/","name":"Contatti - Tauro Essiccatori","isPartOf":{"@id":"https:\/\/stor51.tauroessiccatori.com\/#website"},"datePublished":"2017-04-10T12:40:42+00:00","dateModified":"2023-09-15T17:08:03+00:00","description":"L'essiccatore con che tempi e temperature lavora? Qual \u00e8 il migliore per le tue esigenze? Hai bisogno di pi\u00f9 informazioni? Contattaci!","breadcrumb":{"@id":"https:\/\/stor51.tauroessiccatori.com\/contatti\/#breadcrumb"},"inLanguage":"sk-SK","potentialAction":[{"@type":"ReadAction","target":["https:\/\/stor51.tauroessiccatori.com\/contatti\/"]}]},{"@type":"BreadcrumbList","@id":"https:\/\/stor51.tauroessiccatori.com\/contatti\/#breadcrumb","itemListElement":[{"@type":"ListItem","position":1,"name":"Home","item":"https:\/\/stor51.tauroessiccatori.com\/"},{"@type":"ListItem","position":2,"name":"Contatti"}]},{"@type":"WebSite","@id":"https:\/\/stor51.tauroessiccatori.com\/#website","url":"https:\/\/stor51.tauroessiccatori.com\/","name":"Tauro Essiccatori","description":"Welcome to Tauro Essiccatori online shop","publisher":{"@id":"https:\/\/stor51.tauroessiccatori.com\/#organization"},"potentialAction":[{"@type":"SearchAction","target":{"@type":"EntryPoint","urlTemplate":"https:\/\/stor51.tauroessiccatori.com\/?s={search_term_string}"},"query-input":"required name=search_term_string"}],"inLanguage":"sk-SK"},{"@type":"Organization","@id":"https:\/\/stor51.tauroessiccatori.com\/#organization","name":"Tauro Essiccatori","url":"https:\/\/stor51.tauroessiccatori.com\/","logo":{"@type":"ImageObject","inLanguage":"sk-SK","@id":"https:\/\/stor51.tauroessiccatori.com\/#\/schema\/logo\/image\/","url":"https:\/\/www.tauroessiccatori.com\/wp-assets\/uploads\/2017\/07\/logo_tauro_500x109px.png","contentUrl":"https:\/\/www.tauroessiccatori.com\/wp-assets\/uploads\/2017\/07\/logo_tauro_500x109px.png","width":500,"height":109,"caption":"Tauro Essiccatori"},"image":{"@id":"https:\/\/stor51.tauroessiccatori.com\/#\/schema\/logo\/image\/"},"sameAs":["https:\/\/www.facebook.com\/TauroEssiccatori\/","https:\/\/www.instagram.com\/tauro_essiccatori\/","https:\/\/it.linkedin.com\/company\/tauro-essiccatori","https:\/\/www.youtube.com\/user\/tauroessiccatori"]}]}},"_links":{"self":[{"href":"https:\/\/stor51.tauroessiccatori.com\/sk\/wp-json\/wp\/v2\/pages\/597"}],"collection":[{"href":"https:\/\/stor51.tauroessiccatori.com\/sk\/wp-json\/wp\/v2\/pages"}],"about":[{"href":"https:\/\/stor51.tauroessiccatori.com\/sk\/wp-json\/wp\/v2\/types\/page"}],"author":[{"embeddable":true,"href":"https:\/\/stor51.tauroessiccatori.com\/sk\/wp-json\/wp\/v2\/users\/1"}],"replies":[{"embeddable":true,"href":"https:\/\/stor51.tauroessiccatori.com\/sk\/wp-json\/wp\/v2\/comments?post=597"}],"version-history":[{"count":45,"href":"https:\/\/stor51.tauroessiccatori.com\/sk\/wp-json\/wp\/v2\/pages\/597\/revisions"}],"predecessor-version":[{"id":169154,"href":"https:\/\/stor51.tauroessiccatori.com\/sk\/wp-json\/wp\/v2\/pages\/597\/revisions\/169154"}],"wp:attachment":[{"href":"https:\/\/stor51.tauroessiccatori.com\/sk\/wp-json\/wp\/v2\/media?parent=597"}],"curies":[{"name":"wp","href":"https:\/\/api.w.org\/{rel}","templated":true}]}}