


{"id":5799,"date":"2019-11-02T10:17:00","date_gmt":"2019-11-02T09:17:00","guid":{"rendered":"https:\/\/www.tauroessiccatori.com\/?page_id=5799\/"},"modified":"2023-04-27T11:41:12","modified_gmt":"2023-04-27T09:41:12","slug":"a-casa","status":"publish","type":"page","link":"https:\/\/stor51.tauroessiccatori.com\/sk\/inspiracie\/preco-susenie\/a-home\/","title":{"rendered":"Pre\u010do su\u0161i\u0165 doma"},"content":{"rendered":"<div class=\"tauro-banners\"><div class=\"banner-00\" style=\"background-color: #852035\">\r\n<div class=\"ix-xmas-box-other\" style=\"font-size: 18px;padding: 7px 0;margin: 0 auto 0px auto\" align=\"center\"><b style=\"color: #fff;font-size: 18px\">Pod strom umiestnite BIOSEC. <a style=\"color: #f8cc89;font-weight: bold;text-decoration: none;font-size: 18px\" href=\"https:\/\/www.tauroessiccatori.com\/christmas-2024\/\">ZOBRAZI\u0164 TU<\/a> Viano\u010dn\u00e9 akcie!<\/b><\/div>\r\n<\/div><div class=\"banner-00\" style=\"background-color: #000\">\r\n<div class=\"ix-xmas-box-other\" style=\"font-size: 18px;padding: 7px 0;margin: 0 auto 0px auto\" align=\"center\"><b style=\"color: #fff\"> \u010cierny piatok z\u013eavy s\u00fa tu! \u00a0 <a style=\"color: #f77209;font-weight: bold;text-decoration: none\" href=\"https:\/\/www.tauroessiccatori.com\/black-friday-2024\/\"> Kliknite, aby ste ich nezme\u0161kali \u2192 <\/a>\r\n<\/b><\/div>\r\n<\/div><\/div><p><!-- 2022-08-03 italix: kevin: was:h2 add:ix-h1--><\/p>\n<h1 class=\"ix-h1\">pre\u010do dom\u00e1ce su\u0161enie<\/h1>\n<p><a name=\"approfondimenti\"><\/a><\/p>\n<div class=\"p1 ix-intestazione-azienda\">Ekologick\u00e9, lacn\u00e9, zdrav\u00e9 a ve\u013emi jednoduch\u00e9. \u0160tyri dobr\u00e9 d\u00f4vody, pre\u010do si ich vysu\u0161i\u0165 a prinies\u0165 so sebou do kuchyne Biosec. Objavte v\u0161etky v\u00fdhody dom\u00e1ceho su\u0161enia.<\/div>\n<div style=\"background-color: #ffeebf; margin: 70px 0;\">\n<div class=\"ix-casa-1st-banner\">\n<div class=\"uk-grid uk-grid-medium\">\n<div class=\"uk-width-large-1-3\"><\/div>\n<div class=\"uk-width-large-2-3\">\n<h2 class=\"ix-essiccare-casa-1st-banner-h2\">tis\u00edc a jedna v\u00fdhoda su\u0161enia<\/h2>\n<div class=\"p1 ix-azienda-1st-banner-text\">\u00daspora, ekologick\u00e1 udr\u017eate\u013enos\u0165, nulov\u00fd po\u010det kilometrov, sez\u00f3nnos\u0165, recykl\u00e1cia kuchyne. Objavte uspokojenie z toho, \u017ee na st\u00f4l prin\u00e1\u0161ate dom\u00e1ce, zdrav\u00e9, chutn\u00e9, ale aj pohodln\u00e9, \u00fasporn\u00e9 a inteligentn\u00e9 jedl\u00e1. To v\u0161etko so su\u0161i\u010dkou!<\/div>\n<\/p><\/div>\n<\/p><\/div>\n<\/p><\/div>\n<\/div>\n<div style=\"background-color: #fad0c3; margin: 70px 0;\">\n<div class=\"ix-casa-2nd-banner\">\n<div class=\"uk-grid uk-grid-medium\">\n<div class=\"uk-width-large-2-3\">\n<h2 class=\"ix-azienda-2nd-banner-h2\">vytv\u00e1ra\u0165 zdrav\u00e9 a chutn\u00e9 recepty<\/h2>\n<div class=\"p1 ix-azienda-2nd-banner-text\">Cesnak, olej a chilli, dom\u00e1ce buj\u00f3nov\u00e9 kocky, rizoto v hotovom vrecku, zemiakov\u00e1 ka\u0161a... ale aj pusinky, chrumkav\u00e9 pe\u010divo, zeleninov\u00e9 lupienky a ovocn\u00e9 ob\u010derstvenie. V su\u0161i\u010dke m\u00f4\u017eete objavi\u0165 cel\u00fd svet. Ekologick\u00fd, ekologick\u00fd a \u00fasporn\u00fd svet. Vysk\u00fa\u0161ajte to a uver\u00edte.<\/div>\n<\/p><\/div>\n<div class=\"uk-width-large-1-3\"><\/div>\n<\/p><\/div>\n<\/p><\/div>\n<\/div>\n<p><a name=\"clienti\"><\/a><\/p>\n<h2 class=\"ix-h2-azienda\">In\u0161pirujte sa<\/h2>\n<div class=\"p1 ix-intestazione-azienda\">In\u0161pirujte sa pri tvorbe zdrav\u00fdch receptov pre rodinu, ob\u010derstvenia pre \u0161portov\u00fdch nad\u0161encov, ob\u010derstvenia pre va\u0161ich \u0161tvornoh\u00fdch priate\u013eov a dokonca aj bio kozmetiky!<\/div>\n<div class=\"ix-max-box-medium\">\n<div class=\"uk-grid uk-grid-medium\">\n        <div class=\"uk-width-large-1-3\">\n            <a href=\"https:\/\/www.essiccare.com\/2019\/09\/19\/oggi-pappa-al-pomodoro-secco-e-bello-dentro\/\" target=\"_blank\" class=\"ix-recipes-a\">\n            <img decoding=\"async\"  style=\"width: 100%\" src=\"https:\/\/stor51.tauroessiccatori.com\/wp-assets\/uploads\/2019\/11\/21_pappa_ricetta.jpg\">\n            <div class=\"uk-grid\">\n                <div class=\"uk-width-4-5 uk-width-large-1-1\">\n                    <h3 class=\"ix-home-d-fruit-h3\">Dnes pappa al pomodoro! Such\u00e9 je kr\u00e1sne (vn\u00fatri)!<\/h3>\n                    <div class=\"ix-home-d-fruit-underline\"><\/div>\n                    <div class=\"p2 ix-home-d-fruit-txt\">Paradajkov\u00e1 polievka je v\u017edy pripraven\u00e1 v skrini, aj ke\u010f s\u00fa paradajky v sez\u00f3ne u\u017e len vzdialenou spomienkou! Pripravme si ju v predstihu, v\u010faka vyu\u017eitiu n\u00e1\u0161ho Biosec...<\/div>\n                 <\/div>\n                 <div>\n                    <span class=\"ix-arrow-dx\">&gt;<\/span>\n                 <\/div>\n            <\/div>\n            <\/a>\n       <\/div>\n        <div class=\"uk-width-large-1-3\">\n            <a href=\"https:\/\/www.essiccare.com\/2017\/09\/13\/la-granola-superfood-per-pasti-veloci-ma-equilibrati\/\" target=\"_blank\" class=\"ix-recipes-a\">\n            <img decoding=\"async\"  style=\"width: 100%\" src=\"https:\/\/d3uc6ry8rbiyhd.cloudfront.net\/wp-assets\/uploads\/2019\/11\/22_granola_ricetta.jpg\">\n            <div class=\"uk-grid\">\n                <div class=\"uk-width-4-5 uk-width-large-1-1\">\n                    <h3 class=\"ix-home-d-fruit-h3\">Superpotravinov\u00e1 granola na r\u00fdchle, ale vyv\u00e1\u017een\u00e9 jedlo<\/h3>\n                    <div class=\"ix-home-d-fruit-underline\"><\/div>\n                    <div class=\"p2 ix-home-d-fruit-txt\">Ako si pripravi\u0165 dlhotrvaj\u00facu superpotravinu, ktor\u00fa m\u00f4\u017eete ma\u0165 v \u0161pajzi nielen na \u010dasy n\u00fadze. Energetick\u00e9 m\u00fcsli je ve\u013emi praktick\u00e9 konzumova\u0165 napr\u00edklad s jogurtom a ovoc\u00edm...<\/div>\n                 <\/div>\n                 <div>\n                    <span class=\"ix-arrow-dx\">&gt;<\/span>\n                 <\/div>\n            <\/div>\n            <\/a>\n       <\/div>\n        <div class=\"uk-width-large-1-3\">\n            <a href=\"https:\/\/www.essiccare.com\/2017\/05\/17\/gallette-essiccate-amaranto-glutenfree\/\" target=\"_blank\" class=\"ix-recipes-a\">\n            <img decoding=\"async\"  style=\"width: 100%\" src=\"https:\/\/d3uc6ry8rbiyhd.cloudfront.net\/wp-assets\/uploads\/2019\/11\/23_gallette_ricetta.jpg\">\n            <div class=\"uk-grid\">\n                <div class=\"uk-width-4-5 uk-width-large-1-1\">\n                    <h3 class=\"ix-home-d-fruit-h3\">Su\u0161en\u00e9, v\u00fd\u017eivn\u00e9 a bezlepkov\u00e9 kol\u00e1\u010de z amarantu<\/h3>\n                    <div class=\"ix-home-d-fruit-underline\"><\/div>\n                    <div class=\"p2 ix-home-d-fruit-txt\">Pripravujeme sladk\u00e9 su\u0161ienky, ktor\u00e9 s\u00fa ve\u013emi univerz\u00e1lne na ra\u0148ajky aj na desiatu. V slanej verzii, so zeleninou alebo koren\u00edm, m\u00f4\u017eu nahradi\u0165 chlieb alebo su\u0161ienky v ka\u017edodennom jed\u00e1lni\u010dku...<\/div>\n                 <\/div>\n                 <div>\n                    <span class=\"ix-arrow-dx\">&gt;<\/span>\n                 <\/div>\n            <\/div>\n            <\/a>\n       <\/div><\/div>\n<\/div>\n<div class=\"ix-max-box-medium ix-double-box\" style=\"display: none;\">\n<div class=\"uk-grid uk-grid-medium\">\n<div class=\"uk-width-large-1-2\">\n<div class=\"uk-grid uk-grid-collapse\">\n<div class=\"uk-width-1-1 uk-width-large-1-1\"><\/div>\n<div class=\"uk-width-1-1 uk-width-large-1-1\">\n<div class=\"ix-aziente-tauro-grey-container\">\n<div class=\"ix-aziende-tauro-h3\"><\/div>\n<\/p><\/div>\n<\/p><\/div>\n<\/p><\/div>\n<\/p><\/div>\n<div class=\"uk-width-large-1-2\">\n<div class=\"uk-grid uk-grid-collapse\">\n<div class=\"uk-width-1-1 uk-width-large-1-1\">\n<div class=\"ix-aziente-tauro-grey-container\">\n<div class=\"p2 ix-aziende-tauro-txt\"><\/div>\n<\/p><\/div>\n<\/p><\/div>\n<\/p><\/div>\n<\/p><\/div>\n<\/p><\/div>\n<\/div>\n<h2 class=\"ix-h2-azienda\">su\u0161i\u010dky pre dom\u00e1cnos\u0165<\/h2>\n<div class=\"p1 ix-intestazione-azienda\">Objavte rad su\u0161i\u010diek ur\u010den\u00fdch pre va\u0161u kuchy\u0148u: technol\u00f3gia Tauro zaru\u010duje profesion\u00e1lny v\u00fdsledok a v\u0161etku jednoduchos\u0165, ktor\u00fa h\u013ead\u00e1te.<\/div>\n<div class=\"ix-container-inner\">\n<div style=\"margin: 90px auto; font-family: Poppins; font-size: 14px;\">\n<div class=\"uk-grid uk-grid-medium\">\n<div class=\"uk-width-large-1-3\">\n<div class=\"ix-icon-container\">\n<div class=\"icon-1\"><img loading=\"lazy\" decoding=\"async\" class=\"alignnone\" style=\"width: 100%;\" src=\"https:\/\/stor2.tauroessiccatori.com\/wp-assets\/uploads\/2019\/09\/img-01.jpg\" alt=\"Kvalitn\u00e9 su\u0161i\u010dky Tauro vyroben\u00e9 v Taliansku\" width=\"443\" height=\"321\" \/><\/div>\n<div class=\"icon-title-1\">\n<h3>30 rokov kvality vyrobenej v Taliansku<\/h3>\n<p class=\"p2 p-icon-1\">na\u0161e su\u0161i\u010dky s\u00fa vyr\u00e1ban\u00e9 ru\u010dne z talianskych surov\u00edn, aby bola zaru\u010den\u00e1 ich trvanlivos\u0165, kvalita a pevnos\u0165<\/p>\n<\/p><\/div>\n<\/p><\/div>\n<\/p><\/div>\n<div class=\"uk-width-large-1-3\">\n<div class=\"ix-icon-container\">\n<div class=\"icon-1\"><img loading=\"lazy\" decoding=\"async\" class=\"alignnone\" style=\"width: 100%;\" src=\"https:\/\/stor2.tauroessiccatori.com\/wp-assets\/uploads\/2019\/09\/img-02.jpg\" alt=\"z\u00e1kazn\u00edcky servis su\u0161i\u010diek tauro\" width=\"443\" height=\"321\" \/><\/div>\n<div class=\"icon-title-1\">\n<h3>v\u017edy k dispoz\u00edcii<\/h3>\n<p class=\"p2 p-icon-1\">nech u\u017e potrebujete \u010doko\u013evek, na\u0161a podpora je v\u017edy pripraven\u00e1 pom\u00f4c\u0165: sta\u010d\u00ed n\u00e1m zavola\u0165.<\/p>\n<\/p><\/div>\n<\/p><\/div>\n<\/p><\/div>\n<div class=\"uk-width-large-1-3\">\n<div class=\"ix-icon-container\">\n<div class=\"icon-1\"><img loading=\"lazy\" decoding=\"async\" class=\"alignnone\" style=\"width: 100%;\" src=\"https:\/\/stor2.tauroessiccatori.com\/wp-assets\/uploads\/2019\/09\/img-03.jpg\" alt=\"zabezpe\u010denie kvality su\u0161i\u010diek tauro\" width=\"443\" height=\"321\" \/><\/div>\n<div class=\"icon-title-1\">\n<h3>v\u0161etky z\u00e1ruky, ktor\u00e9 potrebujete<\/h3>\n<p class=\"p2 p-icon-1\">V\u00fdrobky so z\u00e1rukou pod\u013ea predpisov, jednoro\u010dn\u00e9 dodato\u010dn\u00e9 poistenie pre dom\u00e1ce v\u00fdrobky zdarma<\/p>\n<\/p><\/div>\n<\/p><\/div>\n<\/p><\/div>\n<\/p><\/div>\n<\/p><\/div>\n<\/div>\n<div class=\"ix-max-box-medium ix-essiccare-box-stex-altezze\" style=\"\">\n<div class=\"uk-grid uk-grid-medium\">\n<div class=\"uk-width-large-1-3\">\n         <a href=\"https:\/\/stor51.tauroessiccatori.com\/sk\/p\/biosec-domus-b5\/\" class=\"ix-product-perche-essiccare\"><\/p>\n<div style=\"background-color: #f3f3f3; padding-bottom: 40px; border: solid 2px #f3f3f3;\">\n            <img loading=\"lazy\" decoding=\"async\" class=\"alignnone\" style=\"width: 100%;\" src=\"https:\/\/stor51.tauroessiccatori.com\/wp-assets\/uploads\/2019\/11\/domus_b5_02_VMR_7758.jpg\" alt=\"Tauro Biosec Domus B5 su\u0161i\u010dka su\u0161en\u00fdch receptov\" width=\"2048\" height=\"1266\" \/><\/p>\n<h3 style=\"margin-top: 20px; text-align: center;\">Biosec Domus B5<\/h3>\n<div class=\"p5 ix-essiccare-casa-single-product-decription\">Tunnel e 5 cestelli<br \/>\n               z plastov\u00e9ho materi\u00e1lu\n            <\/div>\n<div>\n<p class=\"p4 ix-product-scopri ix-category-link\"><span>objavte<\/span><\/p>\n<\/p><\/div>\n<\/p><\/div>\n<p>         <\/a>\n      <\/div>\n<div class=\"uk-width-large-1-3\">\n         <a href=\"https:\/\/stor51.tauroessiccatori.com\/sk\/p\/biosec-silver-b5-s\/\" class=\"ix-product-perche-essiccare\"><\/p>\n<div style=\"background-color: #f3f3f3; padding-bottom: 40px; border: solid 2px #f3f3f3;\">\n            <img loading=\"lazy\" decoding=\"async\" class=\"alignnone\" style=\"width: 100%;\" src=\"https:\/\/stor51.tauroessiccatori.com\/wp-assets\/uploads\/2019\/11\/silver_b5_ambientato.jpg\" alt=\"Recepty su\u0161i\u010dky Tauro Biosec Silver B5S\" width=\"2048\" height=\"1266\" \/><\/p>\n<h3 style=\"margin-top: 20px; text-align: center;\">Biosec Silver B5-S<\/h3>\n<div class=\"p5 ix-essiccare-casa-single-product-decription\">Tunnel in acciaio 5 cestelli<br \/>\n               z plastov\u00e9ho materi\u00e1lu\n            <\/div>\n<div>\n<p class=\"p4 ix-product-scopri ix-category-link\"><span>objavte<\/span><\/p>\n<\/p><\/div>\n<\/p><\/div>\n<p>         <\/a>\n      <\/div>\n<div class=\"uk-width-large-1-3\">\n         <a href=\"https:\/\/stor51.tauroessiccatori.com\/sk\/p\/biosec-de-luxe-b6\/\" class=\"ix-product-perche-essiccare\"><\/p>\n<div style=\"background-color: #f3f3f3; padding-bottom: 40px; border: solid 2px #f3f3f3;\">\n            <img loading=\"lazy\" decoding=\"async\" class=\"alignnone\" style=\"width: 100%;\" src=\"https:\/\/stor51.tauroessiccatori.com\/wp-assets\/uploads\/2019\/11\/de_luxe_b6_ambientato.jpg\" alt=\"Tauro Biosec DeLuxe B6 su\u0161i\u010dka recepty\" width=\"2048\" height=\"1266\" \/><\/p>\n<h3 style=\"margin-top: 20px; text-align: center;\">Biosec De Luxe B6<\/h3>\n<div class=\"p5 ix-essiccare-casa-single-product-decription\">Tunel a 6 ko\u0161ov<br \/>\n               nehrdzavej\u00faca oce\u013e\n            <\/div>\n<div>\n<p class=\"p4 ix-product-scopri ix-category-link\"><span>objavte<\/span><\/p>\n<\/p><\/div>\n<\/p><\/div>\n<p>         <\/a>\n      <\/div>\n<\/p><\/div>\n<\/div>","protected":false},"excerpt":{"rendered":"<p>Metti un BIOSEC sotto l&#8217;Albero. SCOPRI QUI le promozioni di Natale! Gli sconti Black Friday sono qui! \u00a0 Clicca\u00a0per\u00a0non perderli \u2192 perch\u00e9 essiccare in casa Ecologico, economico, sano e semplicissimo. Quattro buone ragioni per farli secchi e portare Biosec in cucina con te. Scopri tutti i vantaggi dell&#8217;essiccazione domestica. mille e uno vantaggi per essiccare [&hellip;]<\/p>","protected":false},"author":1,"featured_media":0,"parent":5794,"menu_order":0,"comment_status":"closed","ping_status":"closed","template":"","meta":{"footnotes":""},"tags":[],"class_list":["post-5799","page","type-page","status-publish","hentry"],"acf":[],"yoast_head":"<!-- This site is optimized with the Yoast SEO plugin v20.10 - https:\/\/yoast.com\/wordpress\/plugins\/seo\/ -->\n<title>Perch\u00e9 essiccare a casa - Sano, ecologico, economico - Tauro Essiccatori<\/title>\n<meta name=\"description\" content=\"Ecologico, economico, sano e semplicissimo. Quattro buone ragioni per portare Biosec in cucina con te. Scopri tutti i vantaggi dell&#039;essiccazione domestica.\" \/>\n<meta name=\"robots\" content=\"noindex, follow, max-snippet:-1, max-image-preview:large, max-video-preview:-1\" \/>\n<meta property=\"og:locale\" content=\"sk_SK\" \/>\n<meta property=\"og:type\" content=\"article\" \/>\n<meta property=\"og:title\" content=\"Perch\u00e9 essiccare a casa - Sano, ecologico, economico - Tauro Essiccatori\" \/>\n<meta property=\"og:description\" content=\"Ecologico, economico, sano e semplicissimo. Quattro buone ragioni per portare Biosec in cucina con te. Scopri tutti i vantaggi dell&#039;essiccazione domestica.\" \/>\n<meta property=\"og:url\" content=\"https:\/\/stor51.tauroessiccatori.com\/sk\/inspiracie\/preco-susenie\/a-home\/\" \/>\n<meta property=\"og:site_name\" content=\"Tauro Essiccatori\" \/>\n<meta property=\"article:publisher\" content=\"https:\/\/www.facebook.com\/TauroEssiccatori\/\" \/>\n<meta property=\"article:modified_time\" content=\"2023-04-27T09:41:12+00:00\" \/>\n<meta property=\"og:image\" content=\"https:\/\/stor2.tauroessiccatori.com\/wp-assets\/uploads\/2019\/09\/img-01.jpg\" \/>\n<meta name=\"twitter:card\" content=\"summary_large_image\" \/>\n<meta name=\"twitter:label1\" content=\"Est. reading time\" \/>\n\t<meta name=\"twitter:data1\" content=\"2 min\u00faty\" \/>\n<script type=\"application\/ld+json\" class=\"yoast-schema-graph\">{\"@context\":\"https:\/\/schema.org\",\"@graph\":[{\"@type\":\"WebPage\",\"@id\":\"https:\/\/stor51.tauroessiccatori.com\/ispirazioni\/perche-essiccare\/a-casa\/\",\"url\":\"https:\/\/stor51.tauroessiccatori.com\/ispirazioni\/perche-essiccare\/a-casa\/\",\"name\":\"Perch\u00e9 essiccare a casa - Sano, ecologico, economico - Tauro Essiccatori\",\"isPartOf\":{\"@id\":\"https:\/\/stor51.tauroessiccatori.com\/#website\"},\"datePublished\":\"2019-11-02T09:17:00+00:00\",\"dateModified\":\"2023-04-27T09:41:12+00:00\",\"description\":\"Ecologico, economico, sano e semplicissimo. Quattro buone ragioni per portare Biosec in cucina con te. Scopri tutti i vantaggi dell'essiccazione domestica.\",\"breadcrumb\":{\"@id\":\"https:\/\/stor51.tauroessiccatori.com\/ispirazioni\/perche-essiccare\/a-casa\/#breadcrumb\"},\"inLanguage\":\"sk-SK\",\"potentialAction\":[{\"@type\":\"ReadAction\",\"target\":[\"https:\/\/stor51.tauroessiccatori.com\/ispirazioni\/perche-essiccare\/a-casa\/\"]}]},{\"@type\":\"BreadcrumbList\",\"@id\":\"https:\/\/stor51.tauroessiccatori.com\/ispirazioni\/perche-essiccare\/a-casa\/#breadcrumb\",\"itemListElement\":[{\"@type\":\"ListItem\",\"position\":1,\"name\":\"Home\",\"item\":\"https:\/\/stor51.tauroessiccatori.com\/\"},{\"@type\":\"ListItem\",\"position\":2,\"name\":\"Ispirazioni\",\"item\":\"https:\/\/stor51.tauroessiccatori.com\/ispirazioni\/\"},{\"@type\":\"ListItem\",\"position\":3,\"name\":\"Perch\u00e9 essiccare?\",\"item\":\"https:\/\/stor51.tauroessiccatori.com\/ispirazioni\/perche-essiccare\/\"},{\"@type\":\"ListItem\",\"position\":4,\"name\":\"Perch\u00e9 essiccare a casa\"}]},{\"@type\":\"WebSite\",\"@id\":\"https:\/\/stor51.tauroessiccatori.com\/#website\",\"url\":\"https:\/\/stor51.tauroessiccatori.com\/\",\"name\":\"Tauro Essiccatori\",\"description\":\"Welcome to Tauro Essiccatori online shop\",\"publisher\":{\"@id\":\"https:\/\/stor51.tauroessiccatori.com\/#organization\"},\"potentialAction\":[{\"@type\":\"SearchAction\",\"target\":{\"@type\":\"EntryPoint\",\"urlTemplate\":\"https:\/\/stor51.tauroessiccatori.com\/?s={search_term_string}\"},\"query-input\":\"required name=search_term_string\"}],\"inLanguage\":\"sk-SK\"},{\"@type\":\"Organization\",\"@id\":\"https:\/\/stor51.tauroessiccatori.com\/#organization\",\"name\":\"Tauro Essiccatori\",\"url\":\"https:\/\/stor51.tauroessiccatori.com\/\",\"logo\":{\"@type\":\"ImageObject\",\"inLanguage\":\"sk-SK\",\"@id\":\"https:\/\/stor51.tauroessiccatori.com\/#\/schema\/logo\/image\/\",\"url\":\"https:\/\/www.tauroessiccatori.com\/wp-assets\/uploads\/2017\/07\/logo_tauro_500x109px.png\",\"contentUrl\":\"https:\/\/www.tauroessiccatori.com\/wp-assets\/uploads\/2017\/07\/logo_tauro_500x109px.png\",\"width\":500,\"height\":109,\"caption\":\"Tauro Essiccatori\"},\"image\":{\"@id\":\"https:\/\/stor51.tauroessiccatori.com\/#\/schema\/logo\/image\/\"},\"sameAs\":[\"https:\/\/www.facebook.com\/TauroEssiccatori\/\",\"https:\/\/www.instagram.com\/tauro_essiccatori\/\",\"https:\/\/it.linkedin.com\/company\/tauro-essiccatori\",\"https:\/\/www.youtube.com\/user\/tauroessiccatori\"]}]}<\/script>\n<!-- \/ Yoast SEO plugin. -->","yoast_head_json":{"title":"Perch\u00e9 essiccare a casa - Sano, ecologico, economico - Tauro Essiccatori","description":"Ecologico, economico, sano e semplicissimo. Quattro buone ragioni per portare Biosec in cucina con te. Scopri tutti i vantaggi dell'essiccazione domestica.","robots":{"index":"noindex","follow":"follow","max-snippet":"max-snippet:-1","max-image-preview":"max-image-preview:large","max-video-preview":"max-video-preview:-1"},"og_locale":"sk_SK","og_type":"article","og_title":"Perch\u00e9 essiccare a casa - Sano, ecologico, economico - Tauro Essiccatori","og_description":"Ecologico, economico, sano e semplicissimo. Quattro buone ragioni per portare Biosec in cucina con te. Scopri tutti i vantaggi dell'essiccazione domestica.","og_url":"https:\/\/stor51.tauroessiccatori.com\/sk\/inspiracie\/preco-susenie\/a-home\/","og_site_name":"Tauro Essiccatori","article_publisher":"https:\/\/www.facebook.com\/TauroEssiccatori\/","article_modified_time":"2023-04-27T09:41:12+00:00","og_image":[{"url":"https:\/\/stor2.tauroessiccatori.com\/wp-assets\/uploads\/2019\/09\/img-01.jpg"}],"twitter_card":"summary_large_image","twitter_misc":{"Est. reading time":"2 min\u00faty"},"schema":{"@context":"https:\/\/schema.org","@graph":[{"@type":"WebPage","@id":"https:\/\/stor51.tauroessiccatori.com\/ispirazioni\/perche-essiccare\/a-casa\/","url":"https:\/\/stor51.tauroessiccatori.com\/ispirazioni\/perche-essiccare\/a-casa\/","name":"Perch\u00e9 essiccare a casa - Sano, ecologico, economico - Tauro Essiccatori","isPartOf":{"@id":"https:\/\/stor51.tauroessiccatori.com\/#website"},"datePublished":"2019-11-02T09:17:00+00:00","dateModified":"2023-04-27T09:41:12+00:00","description":"Ecologico, economico, sano e semplicissimo. Quattro buone ragioni per portare Biosec in cucina con te. Scopri tutti i vantaggi dell'essiccazione domestica.","breadcrumb":{"@id":"https:\/\/stor51.tauroessiccatori.com\/ispirazioni\/perche-essiccare\/a-casa\/#breadcrumb"},"inLanguage":"sk-SK","potentialAction":[{"@type":"ReadAction","target":["https:\/\/stor51.tauroessiccatori.com\/ispirazioni\/perche-essiccare\/a-casa\/"]}]},{"@type":"BreadcrumbList","@id":"https:\/\/stor51.tauroessiccatori.com\/ispirazioni\/perche-essiccare\/a-casa\/#breadcrumb","itemListElement":[{"@type":"ListItem","position":1,"name":"Home","item":"https:\/\/stor51.tauroessiccatori.com\/"},{"@type":"ListItem","position":2,"name":"Ispirazioni","item":"https:\/\/stor51.tauroessiccatori.com\/ispirazioni\/"},{"@type":"ListItem","position":3,"name":"Perch\u00e9 essiccare?","item":"https:\/\/stor51.tauroessiccatori.com\/ispirazioni\/perche-essiccare\/"},{"@type":"ListItem","position":4,"name":"Perch\u00e9 essiccare a casa"}]},{"@type":"WebSite","@id":"https:\/\/stor51.tauroessiccatori.com\/#website","url":"https:\/\/stor51.tauroessiccatori.com\/","name":"Tauro Essiccatori","description":"Welcome to Tauro Essiccatori online shop","publisher":{"@id":"https:\/\/stor51.tauroessiccatori.com\/#organization"},"potentialAction":[{"@type":"SearchAction","target":{"@type":"EntryPoint","urlTemplate":"https:\/\/stor51.tauroessiccatori.com\/?s={search_term_string}"},"query-input":"required name=search_term_string"}],"inLanguage":"sk-SK"},{"@type":"Organization","@id":"https:\/\/stor51.tauroessiccatori.com\/#organization","name":"Tauro Essiccatori","url":"https:\/\/stor51.tauroessiccatori.com\/","logo":{"@type":"ImageObject","inLanguage":"sk-SK","@id":"https:\/\/stor51.tauroessiccatori.com\/#\/schema\/logo\/image\/","url":"https:\/\/www.tauroessiccatori.com\/wp-assets\/uploads\/2017\/07\/logo_tauro_500x109px.png","contentUrl":"https:\/\/www.tauroessiccatori.com\/wp-assets\/uploads\/2017\/07\/logo_tauro_500x109px.png","width":500,"height":109,"caption":"Tauro Essiccatori"},"image":{"@id":"https:\/\/stor51.tauroessiccatori.com\/#\/schema\/logo\/image\/"},"sameAs":["https:\/\/www.facebook.com\/TauroEssiccatori\/","https:\/\/www.instagram.com\/tauro_essiccatori\/","https:\/\/it.linkedin.com\/company\/tauro-essiccatori","https:\/\/www.youtube.com\/user\/tauroessiccatori"]}]}},"_links":{"self":[{"href":"https:\/\/stor51.tauroessiccatori.com\/sk\/wp-json\/wp\/v2\/pages\/5799"}],"collection":[{"href":"https:\/\/stor51.tauroessiccatori.com\/sk\/wp-json\/wp\/v2\/pages"}],"about":[{"href":"https:\/\/stor51.tauroessiccatori.com\/sk\/wp-json\/wp\/v2\/types\/page"}],"author":[{"embeddable":true,"href":"https:\/\/stor51.tauroessiccatori.com\/sk\/wp-json\/wp\/v2\/users\/1"}],"replies":[{"embeddable":true,"href":"https:\/\/stor51.tauroessiccatori.com\/sk\/wp-json\/wp\/v2\/comments?post=5799"}],"version-history":[{"count":41,"href":"https:\/\/stor51.tauroessiccatori.com\/sk\/wp-json\/wp\/v2\/pages\/5799\/revisions"}],"predecessor-version":[{"id":167989,"href":"https:\/\/stor51.tauroessiccatori.com\/sk\/wp-json\/wp\/v2\/pages\/5799\/revisions\/167989"}],"up":[{"embeddable":true,"href":"https:\/\/stor51.tauroessiccatori.com\/sk\/wp-json\/wp\/v2\/pages\/5794"}],"wp:attachment":[{"href":"https:\/\/stor51.tauroessiccatori.com\/sk\/wp-json\/wp\/v2\/media?parent=5799"}],"wp:term":[{"taxonomy":"post_tag","embeddable":true,"href":"https:\/\/stor51.tauroessiccatori.com\/sk\/wp-json\/wp\/v2\/tags?post=5799"}],"curies":[{"name":"wp","href":"https:\/\/api.w.org\/{rel}","templated":true}]}}