


{"id":1115,"date":"2017-10-24T02:27:06","date_gmt":"2017-10-24T00:27:06","guid":{"rendered":"http:\/\/store.tauroessiccatori.com\/?page_id=1115\/"},"modified":"2023-10-18T18:30:00","modified_gmt":"2023-10-18T16:30:00","slug":"consegna-e-reso","status":"publish","type":"page","link":"https:\/\/stor51.tauroessiccatori.com\/sk\/sluzby-zakaznikom\/dorucenie-a-vratenie\/","title":{"rendered":"Dodanie a vr\u00e1tenie tovaru"},"content":{"rendered":"<div class=\"tauro-banners\"><div class=\"banner-00\" style=\"background-color: #852035\">\r\n<div class=\"ix-xmas-box-other\" style=\"font-size: 18px;padding: 7px 0;margin: 0 auto 0px auto\" align=\"center\"><b style=\"color: #fff;font-size: 18px\">Pod strom umiestnite BIOSEC. <a style=\"color: #f8cc89;font-weight: bold;text-decoration: none;font-size: 18px\" href=\"https:\/\/www.tauroessiccatori.com\/christmas-2024\/\">ZOBRAZI\u0164 TU<\/a> Viano\u010dn\u00e9 akcie!<\/b><\/div>\r\n<\/div><div class=\"banner-00\" style=\"background-color: #000\">\r\n<div class=\"ix-xmas-box-other\" style=\"font-size: 18px;padding: 7px 0;margin: 0 auto 0px auto\" align=\"center\"><b style=\"color: #fff\"> \u010cierny piatok z\u013eavy s\u00fa tu! \u00a0 <a style=\"color: #f77209;font-weight: bold;text-decoration: none\" href=\"https:\/\/www.tauroessiccatori.com\/black-friday-2024\/\"> Kliknite, aby ste ich nezme\u0161kali \u2192 <\/a>\r\n<\/b><\/div>\r\n<\/div><\/div><div class=\"ix-container-inner\">\n<div class=\"uk-grid uk-grid-medium\">\n<div class=\"uk-width-large-1-3\">\n           \n    <div class=\"ix-help-menu\">\n\n     <ul>\n       <li class=\"ix-help-menu-title\">slu\u017eby z\u00e1kazn\u00edkom<\/li>\n       <li class=\"ix-link-help-li\"><a class=\"ix-link-help\" href=\"https:\/\/www.tauroessiccatori.com\/servizio-clienti\/condizioni-di-vendita\">podmienky predaja<\/a><\/li>\n       <li class=\"ix-link-help-li\"><a class=\"ix-link-help ix-help-link-active\" href=\"https:\/\/www.tauroessiccatori.com\/servizio-clienti\/consegna-e-reso\/\">doru\u010denie a vr\u00e1tenie<\/a><\/li>\n       <li class=\"ix-link-help-li\"><a class=\"ix-link-help\" href=\"https:\/\/www.tauroessiccatori.com\/servizio-clienti\/estensione-di-garanzia\/\">pred\u013a\u017eenie z\u00e1ruky<\/a><\/li>\n       <li class=\"ix-link-help-li\"><a class=\"ix-link-help\" href=\"https:\/\/www.tauroessiccatori.com\/servizio-clienti\/pagamento\/\">platby<\/a><\/li>\n<!--       <li class=\"ix-link-help-li\"><a class=\"ix-link-help \" href=\"https:\/\/www.tauroessiccatori.com\/servizio-clienti\/mio-account\/#\">il mio account<\/a><\/li>-->\n     <\/ul>\n\n     <ul>\n       <li class=\"ix-help-menu-title\">u\u017eito\u010dn\u00e9 odkazy<\/li>\n       <li class=\"ix-link-useful-li\"><a class=\"ix-link-help-link-useful\" href=\"https:\/\/www.tauroessiccatori.com\/i-nostri-tutorial\/\">V\u00fdu\u010dbov\u00fd kurz<\/a><\/li>\n       <li class=\"ix-link-useful-li\"><a class=\"ix-link-help-link-useful\" href=\"https:\/\/www.tauroessiccatori.com\/servizio-clienti\/domande-frequenti\/\">\u010casto kladen\u00e9 ot\u00e1zky<\/a><\/li>\n     <\/ul>\n\n     <div class=\"ix-help-button-contact-us\">\n       <a class=\"ix-button-grey\" style=\"width:180px; line-height:40px;\" href=\"https:\/\/www.tauroessiccatori.com\/contatti\/\">kontaktujte n\u00e1s<\/a>\n     <\/div>\n\n      <\/div>   \n    <\/div>\n<div class=\"uk-width-large-2-3\">\n<div class=\"ix-help-right-box\">\n<p><!-- 2022-08-03 italix: kevin: was:h2 add:ix-h1--><\/p>\n<h1 class=\"ix-help-h2 ix-h1\" style=\"margin:0 !important;\">doru\u010denie a vr\u00e1tenie<\/h1>\n<div class=\"ix-help-p\">\n<p>Objedn\u00e1vky vybavujeme v na\u0161ich kancel\u00e1ri\u00e1ch do 48 pracovn\u00fdch hod\u00edn po spr\u00e1vnom dokon\u010den\u00ed objedn\u00e1vky v na\u0161om internetovom obchode.<\/p>\n<p>Odoslanie sa zvy\u010dajne uskuto\u010d\u0148uje nasleduj\u00faci pracovn\u00fd de\u0148 po dokon\u010den\u00ed objedn\u00e1vky.<\/p>\n<p>In caso di pagamento tramite bonifico bancario, tale periodo viene conteggiato a partire dall\u2019accredito dell\u2019importo.<br \/>\nNon far\u00e0 pertanto fede l\u2019invio di documentazione riportante gli estremi del bonifico.<\/p>\n<p>Od okamihu odoslania m\u00e1 kuri\u00e9r 24\/48 hod\u00edn na efekt\u00edvne doru\u010denie. <\/p>\n<p>Odpor\u00fa\u010da sa, aby sa uveden\u00e1 adresa ur\u010denia dodr\u017eiavala, aby sa predi\u0161lo n\u00e1kladom na skladovanie.<\/p>\n<p class=\"ix-help-expeditions-p\">Doprava do Talianska<\/p>\n<table class=\"ix-help-table\">\n<tr class=\"ix-help-table-main-tr\">\n<td>suma<\/td>\n<td>bankov\u00fd prevod alebo paypal<\/td>\n<td>zna\u010dka<\/td>\n<\/tr>\n<tr>\n<td>ni\u017e\u0161ie <span class=\"ix-only-small-screen\"><br \/><\/span>a \u20ac 30<\/td>\n<td>\u20ac 4<\/td>\n<td>4 \u20ac + 4 \u20ac na dobierku<\/td>\n<\/tr>\n<tr>\n<td>horn\u00e1 \u010das\u0165 <span class=\"ix-only-small-screen\"><br \/><\/span>a \u20ac 30<\/td>\n<td>\u20ac 0<\/td>\n<td>0 \u20ac + 4 \u20ac poplatok za dobierku<\/td>\n<\/tr>\n<\/table>\n<p class=\"ix-help-expeditions-p\">Z\u00e1sielky mimo Talianska<\/p>\n<p>EUR\u00d3PSKA \u00daNIA (E\u00da) OBLAS\u0164 A: Rak\u00fasko, Benelux, Franc\u00fazsko, Nemecko<\/p>\n<p>EUR\u00d3PSKA \u00daNIA (E\u00da) OBLAS\u0164 B: V\u0161etky neuveden\u00e9 \u0161t\u00e1ty.<\/p>\n<table class=\"ix-help-table\">\n<tbody>\n<tr class=\"ix-help-table-main-tr\">\n<td>suma<\/td>\n<td>Oblas\u0165 A E\u00da<\/td>\n<td>Oblas\u0165 B E\u00da<\/td>\n<\/tr>\n<tr>\n<td>menej ako 250 EUR<\/td>\n<td>\u20ac 15<\/td>\n<td>\u20ac 30<\/td>\n<\/tr>\n<tr>\n<td>presahuj\u00face 250 EUR<\/td>\n<td>\u20ac 10<\/td>\n<td>\u20ac 20<\/td>\n<\/tr>\n<\/tbody>\n<\/table>\n<p><b>Z\u00e1sielky mimo Eur\u00f3pskej \u00fanie (E\u00da)<\/b><\/p>\n<p>V takom pr\u00edpade n\u00e1s kontaktujte a vy\u017eiadajte si cenov\u00fa ponuku.<\/p>\n<p>&#8212;&#8212;&#8212;&#8212;&#8212;<\/p>\n<p><b>Pr\u00e1vo na odst\u00fapenie od zmluvy<\/b><\/p>\n<p>Pod\u013ea platn\u00fdch pr\u00e1vnych predpisov je mo\u017en\u00e9 vyu\u017ei\u0165 pr\u00e1vo na odst\u00fapenie od zmluvy, ak s\u00fa splnen\u00e9 tieto podmienky.<\/p>\n<p>Na\u0161e \u017eelanie vyu\u017ei\u0165 toto pr\u00e1vo n\u00e1m mus\u00ed by\u0165 ozn\u00e1men\u00e9 do 14 dn\u00ed od prevzatia tovaru, najlep\u0161ie doporu\u010den\u00fdm listom s doru\u010denkou na t\u00fato adresu:<\/p>\n<p>Tauro Essiccatori Srl - via del lavoro 6 - 36043 Camisano Vicentino <\/p>\n<p>alebo prostredn\u00edctvom PEC na adrese <\/p>\n<p>tauroessiccatorisrl@pec.it<\/p>\n<p>V p\u00edsomnej \u017eiadosti musia by\u0165 uveden\u00e9 \u00fadaje o bankovom alebo po\u0161tovom \u00fa\u010dte, na ktor\u00fd bude dl\u017en\u00e1 suma prip\u00edsan\u00e1.<\/p>\n<p>Okrem toho je potrebn\u00e9 zak\u00fapen\u00fd v\u00fdrobok, ktor\u00fd u\u017e nechcete, vr\u00e1ti\u0165 v rovnakej lehote. <br \/>Esso deve essere integro e completo di ogni sua parte, compresi accessori, manuali e<br \/>\naltro materiale presente nella confezione, imballato con cura per non subire danni durante la spedizione.<br \/>\nPrilo\u017ete aj k\u00f3piu da\u0148ov\u00e9ho dokladu alebo n\u00e1kupnej fakt\u00fary. N\u00e1klady na vr\u00e1tenie tovaru zn\u00e1\u0161a z\u00e1kazn\u00edk.<br \/>\nPo prijat\u00ed tovaru a kontrole jeho neporu\u0161enosti bude cena tovaru vr\u00e1ten\u00e1 na be\u017en\u00fd \u00fa\u010det uveden\u00fd v liste so \u017eiados\u0165ou o odst\u00fapenie od zmluvy.<\/p>\n<p>Vr\u00e1tenie pe\u0148az\u00ed sa t\u00fdka ceny v\u00fdrobkov bez n\u00e1kladov na dopravu a uskuto\u010dn\u00ed sa do 14 dn\u00ed od vr\u00e1tenia tovaru.<\/p>\n<\/p><\/div>\n<\/p><\/div>\n<\/p><\/div>\n<\/div>\n<\/div>","protected":false},"excerpt":{"rendered":"<p>Metti un BIOSEC sotto l&#8217;Albero. SCOPRI QUI le promozioni di Natale! Gli sconti Black Friday sono qui! \u00a0 Clicca\u00a0per\u00a0non perderli \u2192 consegna e reso Gli ordini vengono gestiti dai nostri uffici entro 48 ore lavorative dalla corretta finalizzazione dell&#8217;ordine sul nostro shop on line. La spedizione viene normalmente effettuate entro il giorno lavorativo successivo a [&hellip;]<\/p>","protected":false},"author":1,"featured_media":0,"parent":1088,"menu_order":0,"comment_status":"closed","ping_status":"closed","template":"","meta":{"footnotes":""},"tags":[],"class_list":["post-1115","page","type-page","status-publish","hentry"],"acf":[],"yoast_head":"<!-- This site is optimized with the Yoast SEO plugin v20.10 - https:\/\/yoast.com\/wordpress\/plugins\/seo\/ -->\n<title>Consegna e reso - Tauro Essiccatori<\/title>\n<meta name=\"robots\" content=\"noindex, follow, max-snippet:-1, max-image-preview:large, max-video-preview:-1\" \/>\n<meta property=\"og:locale\" content=\"sk_SK\" \/>\n<meta property=\"og:type\" content=\"article\" \/>\n<meta property=\"og:title\" content=\"Consegna e reso - Tauro Essiccatori\" \/>\n<meta property=\"og:description\" content=\"Metti un BIOSEC sotto l&#039;Albero. SCOPRI QUI le promozioni di Natale! Gli sconti Black Friday sono qui! \u00a0 Clicca\u00a0per\u00a0non perderli \u2192 consegna e reso Gli ordini vengono gestiti dai nostri uffici entro 48 ore lavorative dalla corretta finalizzazione dell&#8217;ordine sul nostro shop on line. La spedizione viene normalmente effettuate entro il giorno lavorativo successivo a [&hellip;]\" \/>\n<meta property=\"og:url\" content=\"https:\/\/stor51.tauroessiccatori.com\/sk\/sluzby-zakaznikom\/dorucenie-a-vratenie\/\" \/>\n<meta property=\"og:site_name\" content=\"Tauro Essiccatori\" \/>\n<meta property=\"article:publisher\" content=\"https:\/\/www.facebook.com\/TauroEssiccatori\/\" \/>\n<meta property=\"article:modified_time\" content=\"2023-10-18T16:30:00+00:00\" \/>\n<meta name=\"twitter:card\" content=\"summary_large_image\" \/>\n<meta name=\"twitter:label1\" content=\"Est. reading time\" \/>\n\t<meta name=\"twitter:data1\" content=\"3 min\u00faty\" \/>\n<script type=\"application\/ld+json\" class=\"yoast-schema-graph\">{\"@context\":\"https:\/\/schema.org\",\"@graph\":[{\"@type\":\"WebPage\",\"@id\":\"https:\/\/stor51.tauroessiccatori.com\/servizio-clienti\/consegna-e-reso\/\",\"url\":\"https:\/\/stor51.tauroessiccatori.com\/servizio-clienti\/consegna-e-reso\/\",\"name\":\"Consegna e reso - Tauro Essiccatori\",\"isPartOf\":{\"@id\":\"https:\/\/stor51.tauroessiccatori.com\/#website\"},\"datePublished\":\"2017-10-24T00:27:06+00:00\",\"dateModified\":\"2023-10-18T16:30:00+00:00\",\"breadcrumb\":{\"@id\":\"https:\/\/stor51.tauroessiccatori.com\/servizio-clienti\/consegna-e-reso\/#breadcrumb\"},\"inLanguage\":\"sk-SK\",\"potentialAction\":[{\"@type\":\"ReadAction\",\"target\":[\"https:\/\/stor51.tauroessiccatori.com\/servizio-clienti\/consegna-e-reso\/\"]}]},{\"@type\":\"BreadcrumbList\",\"@id\":\"https:\/\/stor51.tauroessiccatori.com\/servizio-clienti\/consegna-e-reso\/#breadcrumb\",\"itemListElement\":[{\"@type\":\"ListItem\",\"position\":1,\"name\":\"Home\",\"item\":\"https:\/\/stor51.tauroessiccatori.com\/\"},{\"@type\":\"ListItem\",\"position\":2,\"name\":\"Servizio clienti\",\"item\":\"https:\/\/stor51.tauroessiccatori.com\/servizio-clienti\/\"},{\"@type\":\"ListItem\",\"position\":3,\"name\":\"Consegna e reso\"}]},{\"@type\":\"WebSite\",\"@id\":\"https:\/\/stor51.tauroessiccatori.com\/#website\",\"url\":\"https:\/\/stor51.tauroessiccatori.com\/\",\"name\":\"Tauro Essiccatori\",\"description\":\"Welcome to Tauro Essiccatori online shop\",\"publisher\":{\"@id\":\"https:\/\/stor51.tauroessiccatori.com\/#organization\"},\"potentialAction\":[{\"@type\":\"SearchAction\",\"target\":{\"@type\":\"EntryPoint\",\"urlTemplate\":\"https:\/\/stor51.tauroessiccatori.com\/?s={search_term_string}\"},\"query-input\":\"required name=search_term_string\"}],\"inLanguage\":\"sk-SK\"},{\"@type\":\"Organization\",\"@id\":\"https:\/\/stor51.tauroessiccatori.com\/#organization\",\"name\":\"Tauro Essiccatori\",\"url\":\"https:\/\/stor51.tauroessiccatori.com\/\",\"logo\":{\"@type\":\"ImageObject\",\"inLanguage\":\"sk-SK\",\"@id\":\"https:\/\/stor51.tauroessiccatori.com\/#\/schema\/logo\/image\/\",\"url\":\"https:\/\/www.tauroessiccatori.com\/wp-assets\/uploads\/2017\/07\/logo_tauro_500x109px.png\",\"contentUrl\":\"https:\/\/www.tauroessiccatori.com\/wp-assets\/uploads\/2017\/07\/logo_tauro_500x109px.png\",\"width\":500,\"height\":109,\"caption\":\"Tauro Essiccatori\"},\"image\":{\"@id\":\"https:\/\/stor51.tauroessiccatori.com\/#\/schema\/logo\/image\/\"},\"sameAs\":[\"https:\/\/www.facebook.com\/TauroEssiccatori\/\",\"https:\/\/www.instagram.com\/tauro_essiccatori\/\",\"https:\/\/it.linkedin.com\/company\/tauro-essiccatori\",\"https:\/\/www.youtube.com\/user\/tauroessiccatori\"]}]}<\/script>\n<!-- \/ Yoast SEO plugin. -->","yoast_head_json":{"title":"Consegna e reso - Tauro Essiccatori","robots":{"index":"noindex","follow":"follow","max-snippet":"max-snippet:-1","max-image-preview":"max-image-preview:large","max-video-preview":"max-video-preview:-1"},"og_locale":"sk_SK","og_type":"article","og_title":"Consegna e reso - Tauro Essiccatori","og_description":"Metti un BIOSEC sotto l'Albero. SCOPRI QUI le promozioni di Natale! Gli sconti Black Friday sono qui! \u00a0 Clicca\u00a0per\u00a0non perderli \u2192 consegna e reso Gli ordini vengono gestiti dai nostri uffici entro 48 ore lavorative dalla corretta finalizzazione dell&#8217;ordine sul nostro shop on line. La spedizione viene normalmente effettuate entro il giorno lavorativo successivo a [&hellip;]","og_url":"https:\/\/stor51.tauroessiccatori.com\/sk\/sluzby-zakaznikom\/dorucenie-a-vratenie\/","og_site_name":"Tauro Essiccatori","article_publisher":"https:\/\/www.facebook.com\/TauroEssiccatori\/","article_modified_time":"2023-10-18T16:30:00+00:00","twitter_card":"summary_large_image","twitter_misc":{"Est. reading time":"3 min\u00faty"},"schema":{"@context":"https:\/\/schema.org","@graph":[{"@type":"WebPage","@id":"https:\/\/stor51.tauroessiccatori.com\/servizio-clienti\/consegna-e-reso\/","url":"https:\/\/stor51.tauroessiccatori.com\/servizio-clienti\/consegna-e-reso\/","name":"Consegna e reso - Tauro Essiccatori","isPartOf":{"@id":"https:\/\/stor51.tauroessiccatori.com\/#website"},"datePublished":"2017-10-24T00:27:06+00:00","dateModified":"2023-10-18T16:30:00+00:00","breadcrumb":{"@id":"https:\/\/stor51.tauroessiccatori.com\/servizio-clienti\/consegna-e-reso\/#breadcrumb"},"inLanguage":"sk-SK","potentialAction":[{"@type":"ReadAction","target":["https:\/\/stor51.tauroessiccatori.com\/servizio-clienti\/consegna-e-reso\/"]}]},{"@type":"BreadcrumbList","@id":"https:\/\/stor51.tauroessiccatori.com\/servizio-clienti\/consegna-e-reso\/#breadcrumb","itemListElement":[{"@type":"ListItem","position":1,"name":"Home","item":"https:\/\/stor51.tauroessiccatori.com\/"},{"@type":"ListItem","position":2,"name":"Servizio clienti","item":"https:\/\/stor51.tauroessiccatori.com\/servizio-clienti\/"},{"@type":"ListItem","position":3,"name":"Consegna e reso"}]},{"@type":"WebSite","@id":"https:\/\/stor51.tauroessiccatori.com\/#website","url":"https:\/\/stor51.tauroessiccatori.com\/","name":"Tauro Essiccatori","description":"Welcome to Tauro Essiccatori online shop","publisher":{"@id":"https:\/\/stor51.tauroessiccatori.com\/#organization"},"potentialAction":[{"@type":"SearchAction","target":{"@type":"EntryPoint","urlTemplate":"https:\/\/stor51.tauroessiccatori.com\/?s={search_term_string}"},"query-input":"required name=search_term_string"}],"inLanguage":"sk-SK"},{"@type":"Organization","@id":"https:\/\/stor51.tauroessiccatori.com\/#organization","name":"Tauro Essiccatori","url":"https:\/\/stor51.tauroessiccatori.com\/","logo":{"@type":"ImageObject","inLanguage":"sk-SK","@id":"https:\/\/stor51.tauroessiccatori.com\/#\/schema\/logo\/image\/","url":"https:\/\/www.tauroessiccatori.com\/wp-assets\/uploads\/2017\/07\/logo_tauro_500x109px.png","contentUrl":"https:\/\/www.tauroessiccatori.com\/wp-assets\/uploads\/2017\/07\/logo_tauro_500x109px.png","width":500,"height":109,"caption":"Tauro Essiccatori"},"image":{"@id":"https:\/\/stor51.tauroessiccatori.com\/#\/schema\/logo\/image\/"},"sameAs":["https:\/\/www.facebook.com\/TauroEssiccatori\/","https:\/\/www.instagram.com\/tauro_essiccatori\/","https:\/\/it.linkedin.com\/company\/tauro-essiccatori","https:\/\/www.youtube.com\/user\/tauroessiccatori"]}]}},"_links":{"self":[{"href":"https:\/\/stor51.tauroessiccatori.com\/sk\/wp-json\/wp\/v2\/pages\/1115"}],"collection":[{"href":"https:\/\/stor51.tauroessiccatori.com\/sk\/wp-json\/wp\/v2\/pages"}],"about":[{"href":"https:\/\/stor51.tauroessiccatori.com\/sk\/wp-json\/wp\/v2\/types\/page"}],"author":[{"embeddable":true,"href":"https:\/\/stor51.tauroessiccatori.com\/sk\/wp-json\/wp\/v2\/users\/1"}],"replies":[{"embeddable":true,"href":"https:\/\/stor51.tauroessiccatori.com\/sk\/wp-json\/wp\/v2\/comments?post=1115"}],"version-history":[{"count":62,"href":"https:\/\/stor51.tauroessiccatori.com\/sk\/wp-json\/wp\/v2\/pages\/1115\/revisions"}],"predecessor-version":[{"id":169397,"href":"https:\/\/stor51.tauroessiccatori.com\/sk\/wp-json\/wp\/v2\/pages\/1115\/revisions\/169397"}],"up":[{"embeddable":true,"href":"https:\/\/stor51.tauroessiccatori.com\/sk\/wp-json\/wp\/v2\/pages\/1088"}],"wp:attachment":[{"href":"https:\/\/stor51.tauroessiccatori.com\/sk\/wp-json\/wp\/v2\/media?parent=1115"}],"wp:term":[{"taxonomy":"post_tag","embeddable":true,"href":"https:\/\/stor51.tauroessiccatori.com\/sk\/wp-json\/wp\/v2\/tags?post=1115"}],"curies":[{"name":"wp","href":"https:\/\/api.w.org\/{rel}","templated":true}]}}