


{"id":1103,"date":"2017-10-23T20:13:04","date_gmt":"2017-10-23T18:13:04","guid":{"rendered":"http:\/\/store.tauroessiccatori.com\/?page_id=1103\/"},"modified":"2022-08-07T16:02:42","modified_gmt":"2022-08-07T14:02:42","slug":"condizioni-di-vendita","status":"publish","type":"page","link":"https:\/\/stor51.tauroessiccatori.com\/sk\/sluzby-zakaznikom\/podmienky-predaja\/","title":{"rendered":"Podmienky predaja"},"content":{"rendered":"<div class=\"tauro-banners\"><div class=\"banner-00\" style=\"background-color: #852035\">\r\n<div class=\"ix-xmas-box-other\" style=\"font-size: 18px;padding: 7px 0;margin: 0 auto 0px auto\" align=\"center\"><b style=\"color: #fff;font-size: 18px\">Pod strom umiestnite BIOSEC. <a style=\"color: #f8cc89;font-weight: bold;text-decoration: none;font-size: 18px\" href=\"https:\/\/www.tauroessiccatori.com\/christmas-2024\/\">ZOBRAZI\u0164 TU<\/a> Viano\u010dn\u00e9 akcie!<\/b><\/div>\r\n<\/div><div class=\"banner-00\" style=\"background-color: #000\">\r\n<div class=\"ix-xmas-box-other\" style=\"font-size: 18px;padding: 7px 0;margin: 0 auto 0px auto\" align=\"center\"><b style=\"color: #fff\"> \u010cierny piatok z\u013eavy s\u00fa tu! \u00a0 <a style=\"color: #f77209;font-weight: bold;text-decoration: none\" href=\"https:\/\/www.tauroessiccatori.com\/black-friday-2024\/\"> Kliknite, aby ste ich nezme\u0161kali \u2192 <\/a>\r\n<\/b><\/div>\r\n<\/div><\/div><div class=\"ix-container-inner\">\n<div class=\"uk-grid uk-grid-medium\">\n<div class=\"uk-width-large-1-3\">\n           \n    <div class=\"ix-help-menu\">\n\n     <ul>\n       <li class=\"ix-help-menu-title\">slu\u017eby z\u00e1kazn\u00edkom<\/li>\n       <li class=\"ix-link-help-li\"><a class=\"ix-link-help ix-help-link-active\" href=\"https:\/\/www.tauroessiccatori.com\/servizio-clienti\/condizioni-di-vendita\">podmienky predaja<\/a><\/li>\n       <li class=\"ix-link-help-li\"><a class=\"ix-link-help\" href=\"https:\/\/www.tauroessiccatori.com\/servizio-clienti\/consegna-e-reso\/\">doru\u010denie a vr\u00e1tenie<\/a><\/li>\n       <li class=\"ix-link-help-li\"><a class=\"ix-link-help\" href=\"https:\/\/www.tauroessiccatori.com\/servizio-clienti\/estensione-di-garanzia\/\">pred\u013a\u017eenie z\u00e1ruky<\/a><\/li>\n       <li class=\"ix-link-help-li\"><a class=\"ix-link-help\" href=\"https:\/\/www.tauroessiccatori.com\/servizio-clienti\/pagamento\/\">platby<\/a><\/li>\n<!--       <li class=\"ix-link-help-li\"><a class=\"ix-link-help \" href=\"https:\/\/www.tauroessiccatori.com\/servizio-clienti\/mio-account\/#\">il mio account<\/a><\/li>-->\n     <\/ul>\n\n     <ul>\n       <li class=\"ix-help-menu-title\">u\u017eito\u010dn\u00e9 odkazy<\/li>\n       <li class=\"ix-link-useful-li\"><a class=\"ix-link-help-link-useful\" href=\"https:\/\/www.tauroessiccatori.com\/i-nostri-tutorial\/\">V\u00fdu\u010dbov\u00fd kurz<\/a><\/li>\n       <li class=\"ix-link-useful-li\"><a class=\"ix-link-help-link-useful\" href=\"https:\/\/www.tauroessiccatori.com\/servizio-clienti\/domande-frequenti\/\">\u010casto kladen\u00e9 ot\u00e1zky<\/a><\/li>\n     <\/ul>\n\n     <div class=\"ix-help-button-contact-us\">\n       <a class=\"ix-button-grey\" style=\"width:180px; line-height:40px;\" href=\"https:\/\/www.tauroessiccatori.com\/contatti\/\">kontaktujte n\u00e1s<\/a>\n     <\/div>\n\n      <\/div>   \n    <\/div>\n<div class=\"uk-width-large-2-3\">\n<div class=\"ix-help-right-box\">\n<p><!-- 2022-08-03 italix: kevin: was:h2 add:ix-h1--><\/p>\n<h1 class=\"ix-help-h2 ix-h1\" style=\"text-align:left !important; margin:0 !important;\">podmienky predaja<\/h1>\n<div class=\"ix-help-p\">\n<div class=\"main_table_container\">\n<p>Objedn\u00e1vky zadan\u00e9 na str\u00e1nke vybavuje:<\/p>\n<p><b>Tauro Essiccatori Srl<\/b><\/p>\n<p>Umiestnenie:<\/p>\n<p>via del lavoro 6<br \/>\n36043 Camisano Vicentino<br \/>\n(Vicenza)<\/p>\n<p>Da\u0148ov\u00fd k\u00f3d: 03977800246<br \/>\n\u010c\u00edslo DPH: 03977800246<\/p>\n<p>Telef\u00f3n: +39 0444-719046<br \/>\nFax: +39 0444-412515<\/p>\n<p>Internetov\u00e1 adresa: <a href=\"http:\/\/www.tauroessiccatori.com\">www.tauroessiccatori.com<\/a><\/p>\n<p>E-mail:<\/p>\n<p><script><!-- asm('m','@','com','tauroessiccatori','info') --><\/script><a href=\"mailto:info@tauroessiccatori.com\">info@tauroessiccatori.com<\/a><\/p>\n<p><noscript>info<font>|<\/font>@<font>|<\/font>tauroessiccatori.com<\/noscript><\/p>\n<p>&nbsp;<\/p>\n<p>&nbsp;<\/p>\n<h3>Ceny<\/h3>\n<p>Uveden\u00e9 ceny s\u00fa v\u017edy vr\u00e1tane DPH a, ak nie je uveden\u00e9 inak, s\u00fa bez n\u00e1kladov na dopravu.<\/p>\n<h3>Komunik\u00e1cia<\/h3>\n<div class=\"page_text\">\n<p>Z\u00e1kazn\u00edk sa pri registr\u00e1cii zav\u00e4zuje pou\u017e\u00edva\u0165 existuj\u00facu a funk\u010dn\u00fa e-mailov\u00fa adresu. Na t\u00fato adresu budeme zasiela\u0165 potvrdenie o prijat\u00ed objedn\u00e1vky a \u010fal\u0161ie ozn\u00e1menia t\u00fdkaj\u00face sa objedn\u00e1vky. Z\u00e1kazn\u00edk je povinn\u00fd n\u00e1s informova\u0165 o ak\u00fdchko\u013evek zmen\u00e1ch alebo probl\u00e9moch s e-mailovou adresou. Ak napr\u00edklad po odoslan\u00ed objedn\u00e1vky nedostanete e-mailov\u00e9 potvrdenie, mohlo d\u00f4js\u0165 k preklepu v e-mailovej adrese alebo k probl\u00e9mom v komunik\u00e1cii medzi e-mailov\u00fdmi servermi. Sta\u010d\u00ed n\u00e1s kontaktova\u0165 a my n\u00e1jdeme rie\u0161enie.<\/p>\n<\/div>\n<h3>Z\u00e1ruka<\/h3>\n<div class=\"page_text\">\n<p>Na v\u0161etky v\u00fdrobky Tauro sa vz\u0165ahuje z\u00e1ruka 2 roky od d\u00e1tumu n\u00e1kupu.<\/p>\n<p>Z\u00e1ruka je platn\u00e1 len vtedy, ak je k v\u00fdrobku prilo\u017een\u00fd predajn\u00fd doklad (\u00fa\u010dtenka alebo fakt\u00fara).<\/p>\n<p>V s\u00falade so z\u00e1konom sa z\u00e1ruka vz\u0165ahuje na v\u0161etky poruchy sp\u00f4soben\u00e9 v\u00fdrobn\u00fdmi chybami.<\/p>\n<\/div>\n<h3>Preprava a doru\u010denie<\/h3>\n<div class=\"page_text\">\n<p>N\u00e1klady na dopravu s\u00fa uveden\u00e9 na str\u00e1nke s kone\u010dn\u00fdm overen\u00edm objedn\u00e1vky pred jej kone\u010dn\u00fdm potvrden\u00edm.<\/p>\n<\/div>\n<div class=\"page_text\">\n<p>Viac inform\u00e1ci\u00ed a inform\u00e1cie o aktu\u00e1lne platn\u00fdch n\u00e1kladoch na dopravu n\u00e1jdete na str\u00e1nke <a href=\"https:\/\/stor51.tauroessiccatori.com\/sk\/help\/consegna-e-reso\/\">doru\u010denie a vr\u00e1tenie<\/a>.<\/p>\n<\/div>\n<p>Objedn\u00e1vky vybavujeme v na\u0161ich kancel\u00e1ri\u00e1ch do 48 pracovn\u00fdch hod\u00edn po spr\u00e1vnom dokon\u010den\u00ed objedn\u00e1vky v na\u0161om internetovom obchode.<\/p>\n<\/div>\n<h3>Pr\u00e1vo na odst\u00fapenie od zmluvy<\/h3>\n<div class=\"page_text\">\n<p>Pod\u013ea platn\u00fdch pr\u00e1vnych predpisov je mo\u017en\u00e9 vyu\u017ei\u0165 pr\u00e1vo na odst\u00fapenie od zmluvy, ak s\u00fa splnen\u00e9 tieto podmienky.<\/p>\n<\/div>\n<div class=\"page_text\">\n<p>Svoje \u017eelanie vyu\u017ei\u0165 toto pr\u00e1vo n\u00e1m mus\u00edte ozn\u00e1mi\u0165 do 14 pracovn\u00fdch dn\u00ed od prevzatia tovaru, najlep\u0161ie doporu\u010den\u00fdm listom s doru\u010denkou na t\u00fato adresu:<\/p>\n<p>Tauro Essiccatori Srl - via del lavoro 6 - 36043 Camisano Vicentino<\/p>\n<\/div>\n<div class=\"page_text\">\n<p>V p\u00edsomnej \u017eiadosti musia by\u0165 uveden\u00e9 \u00fadaje o bankovom alebo po\u0161tovom \u00fa\u010dte, na ktor\u00fd bude dl\u017en\u00e1 suma prip\u00edsan\u00e1.<\/p>\n<\/div>\n<div class=\"page_text\">\n<p>Okrem toho n\u00e1m v rovnakej lehote mus\u00edte vr\u00e1ti\u0165 zak\u00fapen\u00fd v\u00fdrobok, ktor\u00fd u\u017e nechcete. Mus\u00ed by\u0165 neporu\u0161en\u00fd a kompletn\u00fd vo v\u0161etk\u00fdch svojich \u010dastiach vr\u00e1tane pr\u00edslu\u0161enstva, n\u00e1vodov a \u010fal\u0161ieho materi\u00e1lu v balen\u00ed, starostlivo zabalen\u00fd tak, aby sa po\u010das prepravy nepo\u0161kodil. Prilo\u017ete aj k\u00f3piu da\u0148ov\u00e9ho dokladu alebo n\u00e1kupnej fakt\u00fary. N\u00e1klady na op\u00e4tovn\u00e9 odoslanie zn\u00e1\u0161a z\u00e1kazn\u00edk. Po prevzat\u00ed tovaru a kontrole jeho neporu\u0161enosti bude cena tovaru vr\u00e1ten\u00e1 na be\u017en\u00fd \u00fa\u010det uveden\u00fd v liste, v ktorom ste po\u017eiadali o vyu\u017eitie pr\u00e1va na odst\u00fapenie od zmluvy.<\/p>\n<\/div>\n<div class=\"page_text\">\n<p>Vr\u00e1tenie pe\u0148az\u00ed sa t\u00fdka ceny v\u00fdrobkov bez n\u00e1kladov na dopravu a uskuto\u010dn\u00ed sa do 30 dn\u00ed od vr\u00e1tenia tovaru.<\/p>\n<\/div>\n<h3>Inform\u00e1cie poskytovan\u00e9 pod\u013ea \u010dl\u00e1nkov 13-14 GDPR (v\u0161eobecn\u00e9 nariadenie o ochrane \u00fadajov) 2016\/679<\/h3>\n<div class=\"page_text\">\n<p><a class=\"button light\" href=\"https:\/\/stor51.tauroessiccatori.com\/sk\/zasady-ochrany-osobnych-udajov\/\" style=\"text-align:center;font-weight: 300;color:black;font-size:16px;width:302px;background-color:white;border:1px solid #729949;-webkit-border-radius: 14px;-moz-border-radius: 14px;\">Z\u00c1SADY OCHRANY OSOBN\u00ddCH \u00daDAJOV<\/a><\/p>\n<\/div>\n<h3>Prijatie podmienok predaja<\/h3>\n<div class=\"page_text\">\n<p>V s\u00falade s \u010dl\u00e1nkom 1326 Ob\u010dianskeho z\u00e1konn\u00edka sa k\u00fapna zmluva pova\u017euje za uzavret\u00fa a tieto podmienky predaja sa pova\u017euj\u00fa za prijat\u00e9 od okamihu, ke\u010f z\u00e1kazn\u00edk klikne na potvrdzovacie tla\u010didlo na overovacej obrazovke na konci online n\u00e1kupn\u00e9ho postupu.<\/p>\n<\/div>\n<\/div><\/div>\n<\/p><\/div>\n<\/p><\/div>\n<\/div>\n<\/div>","protected":false},"excerpt":{"rendered":"<p>Metti un BIOSEC sotto l&#8217;Albero. SCOPRI QUI le promozioni di Natale! Gli sconti Black Friday sono qui! \u00a0 Clicca\u00a0per\u00a0non perderli \u2192 condizioni di vendita Gli ordini effettuati nel sito saranno gestiti da: Tauro Essiccatori Srl Sede: via del lavoro 6 36043 Camisano Vicentino (Vicenza) Codice Fiscale: 03977800246 Partita IVA: 03977800246 Telefono: +39 0444-719046 Fax: +39 [&hellip;]<\/p>","protected":false},"author":1,"featured_media":0,"parent":1088,"menu_order":0,"comment_status":"closed","ping_status":"closed","template":"","meta":{"footnotes":""},"tags":[],"class_list":["post-1103","page","type-page","status-publish","hentry"],"acf":[],"yoast_head":"<!-- This site is optimized with the Yoast SEO plugin v20.10 - https:\/\/yoast.com\/wordpress\/plugins\/seo\/ -->\n<title>Condizioni di vendita - Tauro Essiccatori<\/title>\n<meta name=\"robots\" content=\"noindex, follow, max-snippet:-1, max-image-preview:large, max-video-preview:-1\" \/>\n<meta property=\"og:locale\" content=\"sk_SK\" \/>\n<meta property=\"og:type\" content=\"article\" \/>\n<meta property=\"og:title\" content=\"Condizioni di vendita - Tauro Essiccatori\" \/>\n<meta property=\"og:description\" content=\"Metti un BIOSEC sotto l&#039;Albero. SCOPRI QUI le promozioni di Natale! Gli sconti Black Friday sono qui! \u00a0 Clicca\u00a0per\u00a0non perderli \u2192 condizioni di vendita Gli ordini effettuati nel sito saranno gestiti da: Tauro Essiccatori Srl Sede: via del lavoro 6 36043 Camisano Vicentino (Vicenza) Codice Fiscale: 03977800246 Partita IVA: 03977800246 Telefono: +39 0444-719046 Fax: +39 [&hellip;]\" \/>\n<meta property=\"og:url\" content=\"https:\/\/stor51.tauroessiccatori.com\/sk\/sluzby-zakaznikom\/podmienky-predaja\/\" \/>\n<meta property=\"og:site_name\" content=\"Tauro Essiccatori\" \/>\n<meta property=\"article:publisher\" content=\"https:\/\/www.facebook.com\/TauroEssiccatori\/\" \/>\n<meta property=\"article:modified_time\" content=\"2022-08-07T14:02:42+00:00\" \/>\n<meta name=\"twitter:card\" content=\"summary_large_image\" \/>\n<meta name=\"twitter:label1\" content=\"Est. reading time\" \/>\n\t<meta name=\"twitter:data1\" content=\"3 min\u00faty\" \/>\n<script type=\"application\/ld+json\" class=\"yoast-schema-graph\">{\"@context\":\"https:\/\/schema.org\",\"@graph\":[{\"@type\":\"WebPage\",\"@id\":\"https:\/\/stor51.tauroessiccatori.com\/servizio-clienti\/condizioni-di-vendita\/\",\"url\":\"https:\/\/stor51.tauroessiccatori.com\/servizio-clienti\/condizioni-di-vendita\/\",\"name\":\"Condizioni di vendita - Tauro Essiccatori\",\"isPartOf\":{\"@id\":\"https:\/\/stor51.tauroessiccatori.com\/#website\"},\"datePublished\":\"2017-10-23T18:13:04+00:00\",\"dateModified\":\"2022-08-07T14:02:42+00:00\",\"breadcrumb\":{\"@id\":\"https:\/\/stor51.tauroessiccatori.com\/servizio-clienti\/condizioni-di-vendita\/#breadcrumb\"},\"inLanguage\":\"sk-SK\",\"potentialAction\":[{\"@type\":\"ReadAction\",\"target\":[\"https:\/\/stor51.tauroessiccatori.com\/servizio-clienti\/condizioni-di-vendita\/\"]}]},{\"@type\":\"BreadcrumbList\",\"@id\":\"https:\/\/stor51.tauroessiccatori.com\/servizio-clienti\/condizioni-di-vendita\/#breadcrumb\",\"itemListElement\":[{\"@type\":\"ListItem\",\"position\":1,\"name\":\"Home\",\"item\":\"https:\/\/stor51.tauroessiccatori.com\/\"},{\"@type\":\"ListItem\",\"position\":2,\"name\":\"Servizio clienti\",\"item\":\"https:\/\/stor51.tauroessiccatori.com\/servizio-clienti\/\"},{\"@type\":\"ListItem\",\"position\":3,\"name\":\"Condizioni di vendita\"}]},{\"@type\":\"WebSite\",\"@id\":\"https:\/\/stor51.tauroessiccatori.com\/#website\",\"url\":\"https:\/\/stor51.tauroessiccatori.com\/\",\"name\":\"Tauro Essiccatori\",\"description\":\"Welcome to Tauro Essiccatori online shop\",\"publisher\":{\"@id\":\"https:\/\/stor51.tauroessiccatori.com\/#organization\"},\"potentialAction\":[{\"@type\":\"SearchAction\",\"target\":{\"@type\":\"EntryPoint\",\"urlTemplate\":\"https:\/\/stor51.tauroessiccatori.com\/?s={search_term_string}\"},\"query-input\":\"required name=search_term_string\"}],\"inLanguage\":\"sk-SK\"},{\"@type\":\"Organization\",\"@id\":\"https:\/\/stor51.tauroessiccatori.com\/#organization\",\"name\":\"Tauro Essiccatori\",\"url\":\"https:\/\/stor51.tauroessiccatori.com\/\",\"logo\":{\"@type\":\"ImageObject\",\"inLanguage\":\"sk-SK\",\"@id\":\"https:\/\/stor51.tauroessiccatori.com\/#\/schema\/logo\/image\/\",\"url\":\"https:\/\/www.tauroessiccatori.com\/wp-assets\/uploads\/2017\/07\/logo_tauro_500x109px.png\",\"contentUrl\":\"https:\/\/www.tauroessiccatori.com\/wp-assets\/uploads\/2017\/07\/logo_tauro_500x109px.png\",\"width\":500,\"height\":109,\"caption\":\"Tauro Essiccatori\"},\"image\":{\"@id\":\"https:\/\/stor51.tauroessiccatori.com\/#\/schema\/logo\/image\/\"},\"sameAs\":[\"https:\/\/www.facebook.com\/TauroEssiccatori\/\",\"https:\/\/www.instagram.com\/tauro_essiccatori\/\",\"https:\/\/it.linkedin.com\/company\/tauro-essiccatori\",\"https:\/\/www.youtube.com\/user\/tauroessiccatori\"]}]}<\/script>\n<!-- \/ Yoast SEO plugin. -->","yoast_head_json":{"title":"Condizioni di vendita - Tauro Essiccatori","robots":{"index":"noindex","follow":"follow","max-snippet":"max-snippet:-1","max-image-preview":"max-image-preview:large","max-video-preview":"max-video-preview:-1"},"og_locale":"sk_SK","og_type":"article","og_title":"Condizioni di vendita - Tauro Essiccatori","og_description":"Metti un BIOSEC sotto l'Albero. SCOPRI QUI le promozioni di Natale! Gli sconti Black Friday sono qui! \u00a0 Clicca\u00a0per\u00a0non perderli \u2192 condizioni di vendita Gli ordini effettuati nel sito saranno gestiti da: Tauro Essiccatori Srl Sede: via del lavoro 6 36043 Camisano Vicentino (Vicenza) Codice Fiscale: 03977800246 Partita IVA: 03977800246 Telefono: +39 0444-719046 Fax: +39 [&hellip;]","og_url":"https:\/\/stor51.tauroessiccatori.com\/sk\/sluzby-zakaznikom\/podmienky-predaja\/","og_site_name":"Tauro Essiccatori","article_publisher":"https:\/\/www.facebook.com\/TauroEssiccatori\/","article_modified_time":"2022-08-07T14:02:42+00:00","twitter_card":"summary_large_image","twitter_misc":{"Est. reading time":"3 min\u00faty"},"schema":{"@context":"https:\/\/schema.org","@graph":[{"@type":"WebPage","@id":"https:\/\/stor51.tauroessiccatori.com\/servizio-clienti\/condizioni-di-vendita\/","url":"https:\/\/stor51.tauroessiccatori.com\/servizio-clienti\/condizioni-di-vendita\/","name":"Condizioni di vendita - Tauro Essiccatori","isPartOf":{"@id":"https:\/\/stor51.tauroessiccatori.com\/#website"},"datePublished":"2017-10-23T18:13:04+00:00","dateModified":"2022-08-07T14:02:42+00:00","breadcrumb":{"@id":"https:\/\/stor51.tauroessiccatori.com\/servizio-clienti\/condizioni-di-vendita\/#breadcrumb"},"inLanguage":"sk-SK","potentialAction":[{"@type":"ReadAction","target":["https:\/\/stor51.tauroessiccatori.com\/servizio-clienti\/condizioni-di-vendita\/"]}]},{"@type":"BreadcrumbList","@id":"https:\/\/stor51.tauroessiccatori.com\/servizio-clienti\/condizioni-di-vendita\/#breadcrumb","itemListElement":[{"@type":"ListItem","position":1,"name":"Home","item":"https:\/\/stor51.tauroessiccatori.com\/"},{"@type":"ListItem","position":2,"name":"Servizio clienti","item":"https:\/\/stor51.tauroessiccatori.com\/servizio-clienti\/"},{"@type":"ListItem","position":3,"name":"Condizioni di vendita"}]},{"@type":"WebSite","@id":"https:\/\/stor51.tauroessiccatori.com\/#website","url":"https:\/\/stor51.tauroessiccatori.com\/","name":"Tauro Essiccatori","description":"Welcome to Tauro Essiccatori online shop","publisher":{"@id":"https:\/\/stor51.tauroessiccatori.com\/#organization"},"potentialAction":[{"@type":"SearchAction","target":{"@type":"EntryPoint","urlTemplate":"https:\/\/stor51.tauroessiccatori.com\/?s={search_term_string}"},"query-input":"required name=search_term_string"}],"inLanguage":"sk-SK"},{"@type":"Organization","@id":"https:\/\/stor51.tauroessiccatori.com\/#organization","name":"Tauro Essiccatori","url":"https:\/\/stor51.tauroessiccatori.com\/","logo":{"@type":"ImageObject","inLanguage":"sk-SK","@id":"https:\/\/stor51.tauroessiccatori.com\/#\/schema\/logo\/image\/","url":"https:\/\/www.tauroessiccatori.com\/wp-assets\/uploads\/2017\/07\/logo_tauro_500x109px.png","contentUrl":"https:\/\/www.tauroessiccatori.com\/wp-assets\/uploads\/2017\/07\/logo_tauro_500x109px.png","width":500,"height":109,"caption":"Tauro Essiccatori"},"image":{"@id":"https:\/\/stor51.tauroessiccatori.com\/#\/schema\/logo\/image\/"},"sameAs":["https:\/\/www.facebook.com\/TauroEssiccatori\/","https:\/\/www.instagram.com\/tauro_essiccatori\/","https:\/\/it.linkedin.com\/company\/tauro-essiccatori","https:\/\/www.youtube.com\/user\/tauroessiccatori"]}]}},"_links":{"self":[{"href":"https:\/\/stor51.tauroessiccatori.com\/sk\/wp-json\/wp\/v2\/pages\/1103"}],"collection":[{"href":"https:\/\/stor51.tauroessiccatori.com\/sk\/wp-json\/wp\/v2\/pages"}],"about":[{"href":"https:\/\/stor51.tauroessiccatori.com\/sk\/wp-json\/wp\/v2\/types\/page"}],"author":[{"embeddable":true,"href":"https:\/\/stor51.tauroessiccatori.com\/sk\/wp-json\/wp\/v2\/users\/1"}],"replies":[{"embeddable":true,"href":"https:\/\/stor51.tauroessiccatori.com\/sk\/wp-json\/wp\/v2\/comments?post=1103"}],"version-history":[{"count":12,"href":"https:\/\/stor51.tauroessiccatori.com\/sk\/wp-json\/wp\/v2\/pages\/1103\/revisions"}],"predecessor-version":[{"id":165073,"href":"https:\/\/stor51.tauroessiccatori.com\/sk\/wp-json\/wp\/v2\/pages\/1103\/revisions\/165073"}],"up":[{"embeddable":true,"href":"https:\/\/stor51.tauroessiccatori.com\/sk\/wp-json\/wp\/v2\/pages\/1088"}],"wp:attachment":[{"href":"https:\/\/stor51.tauroessiccatori.com\/sk\/wp-json\/wp\/v2\/media?parent=1103"}],"wp:term":[{"taxonomy":"post_tag","embeddable":true,"href":"https:\/\/stor51.tauroessiccatori.com\/sk\/wp-json\/wp\/v2\/tags?post=1103"}],"curies":[{"name":"wp","href":"https:\/\/api.w.org\/{rel}","templated":true}]}}