


{"id":78041,"date":"2021-03-10T16:13:36","date_gmt":"2021-03-10T15:13:36","guid":{"rendered":"https:\/\/www.tauroessiccatori.com\/?post_type=product&#038;p=78041\/"},"modified":"2023-05-16T11:10:49","modified_gmt":"2023-05-16T09:10:49","slug":"macinaspezie-elettrico","status":"publish","type":"product","link":"https:\/\/stor51.tauroessiccatori.com\/ro\/p\/macinator-electric-de-spice\/","title":{"rendered":"Polizor electric de condimente 350W"},"content":{"rendered":"<div class=\"tauro-banners\"><div class=\"banner-00\" style=\"background-color: #852035\">\r\n<div class=\"ix-xmas-box-other\" style=\"font-size: 18px;padding: 7px 0;margin: 0 auto 0px auto\" align=\"center\"><b style=\"color: #fff;font-size: 18px\">Pune\u021bi un BIOSEC sub copac. <a style=\"color: #f8cc89;font-weight: bold;text-decoration: none;font-size: 18px\" href=\"https:\/\/www.tauroessiccatori.com\/christmas-2024\/\">DESCOPER\u0102 AICI<\/a> Promo\u021bii de Cr\u0103ciun!<\/b><\/div>\r\n<\/div><div class=\"banner-00\" style=\"background-color: #000\">\r\n<div class=\"ix-xmas-box-other\" style=\"font-size: 18px;padding: 7px 0;margin: 0 auto 0px auto\" align=\"center\"><b style=\"color: #fff\"> Reducerile de Black Friday sunt aici! \u00a0 <a style=\"color: #f77209;font-weight: bold;text-decoration: none\" href=\"https:\/\/www.tauroessiccatori.com\/black-friday-2024\/\"> Face\u021bi clic pentru a nu le pierde \u2192 <\/a>\r\n<\/b><\/div>\r\n<\/div><\/div><p><span style=\"font-weight: 400;\">Un polizor electric de condimente versatil \u0219i puternic, care poate fi utilizat pentru a m\u0103cina alimente uscate \u0219i uscate. Echipat cu dou\u0103 recipiente din o\u021bel inoxidabil cu dou\u0103 lame diferite \u0219i capac de protec\u021bie \u00eempotriva prafului.<\/span><\/p>\n<p><span style=\"font-weight: 400;\">Caracteristici principale:\u00a0<\/span><span style=\"font-weight: 400;\">Motor electric puternic de 350 W 2 b<\/span><span style=\"font-weight: 400;\">capace din o\u021bel inoxidabil deta\u0219abile \u0219i u\u0219or de sp\u0103lat: c<\/span>Cu\u021bit cu 2 lame: potrivit pentru m\u0103cinarea alimentelor uscate, cu\u021bit cu 4 lame: potrivit pentru alimente uleioase\/umede. Capac separat pentru \u00eenchiderea recipientului din o\u021bel inoxidabil. Capacitate de p\u00e2n\u0103 la 80 g boabe de cafea, condimente, ierburi. 2 niveluri de vitez\u0103. Blocaj de siguran\u021b\u0103: func\u021bionarea este posibil\u0103 numai cu capacul \u00eenchis. Capac transparent pentru o vizualizare rapid\u0103 \u00een interiorul recipientului. Picioare de cauciuc antiderapante. Recipient deta\u0219abil din o\u021bel inoxidabil. Carcas\u0103 din o\u021bel inoxidabil cu elemente din plastic negru.<\/p>\n<p>&nbsp;<\/p>\n<p><span style=\"font-weight: 400;\">Aten\u021bie: nu umple\u021bi paharul complet, ci cel mult 2\/3 din capacitatea sa. Aceast\u0103 r\u00e2\u0219ni\u021b\u0103 de cafea este destinat\u0103 uzului casnic \u0219i ocazional, nu pentru utilizare prelungit\u0103 \u0219i profesional\u0103. Urma\u021bi cu aten\u021bie instruc\u021biunile interne pentru o func\u021bionare optim\u0103.<\/span><\/p>\n<p>&nbsp;<\/p>\n<p><strong>CARACTERISTICI TEHNICE<\/strong><\/p>\n<ul class=\"ix-technical-features-list\">\n<li>Cu\u021bit cu 2 lame: potrivit pentru m\u0103cinarea alimentelor uscate<\/li>\n<li>Cu\u021bit cu 4 lamele: potrivit pentru alimente uleioase\/umede<\/li>\n<li>Capac separat pentru \u00eenchiderea containerului din o\u021bel inoxidabil<\/li>\n<li>Capacitate pentru p\u00e2n\u0103 la 80 g de boabe de cafea, condimente, ierburi aromatice<\/li>\n<li>2 niveluri de vitez\u0103<\/li>\n<li>Blocaj de siguran\u021b\u0103: func\u021bionarea este posibil\u0103 numai cu capacul \u00eenchis<\/li>\n<li>Capac transparent pentru o vizualizare rapid\u0103 a interiorului recipientului<\/li>\n<li>Picioare de cauciuc antiderapante<\/li>\n<li>Recipient deta\u0219abil din o\u021bel inoxidabil<\/li>\n<li>Carcas\u0103 din o\u021bel inoxidabil cu elemente din plastic negru<\/li>\n<li>Putere electric\u0103 350 W<\/li>\n<li>L = 12 cm x D = 12 cm x H = 24 cm<\/li>\n<\/ul>","protected":false},"excerpt":{"rendered":"<p>Metti un BIOSEC sotto l&#8217;Albero. SCOPRI QUI le promozioni di Natale! Gli sconti Black Friday sono qui! \u00a0 Clicca\u00a0per\u00a0non perderli \u2192 Un macinaspezie elettrico versatile e potente, che pu\u00f2 essere utilizzato per sminuzzare cibi secchi ed essiccati. Fornito di due contenitori inox con due diverse lame, e coperchio antipolvere. Caratteristiche principali:\u00a0Potente motore elettrico da 350 [&hellip;]<\/p>","protected":false},"featured_media":78044,"comment_status":"closed","ping_status":"closed","template":"","meta":[],"product_cat":[285],"product_tag":[],"class_list":["post-78041","product","type-product","status-publish","has-post-thumbnail","hentry","product_cat-macinaspezie-polverizzatori"],"acf":[],"yoast_head":"<!-- This site is optimized with the Yoast SEO plugin v20.10 - https:\/\/yoast.com\/wordpress\/plugins\/seo\/ -->\n<title>Macinaspezie elettrico 350W - Tauro Essiccatori<\/title>\n<meta name=\"robots\" content=\"noindex, follow, max-snippet:-1, max-image-preview:large, max-video-preview:-1\" \/>\n<meta property=\"og:locale\" content=\"ro_RO\" \/>\n<meta property=\"og:type\" content=\"article\" \/>\n<meta property=\"og:title\" content=\"Macinaspezie elettrico 350W - Tauro Essiccatori\" \/>\n<meta property=\"og:description\" content=\"Metti un BIOSEC sotto l&#039;Albero. SCOPRI QUI le promozioni di Natale! Gli sconti Black Friday sono qui! \u00a0 Clicca\u00a0per\u00a0non perderli \u2192 Un macinaspezie elettrico versatile e potente, che pu\u00f2 essere utilizzato per sminuzzare cibi secchi ed essiccati. Fornito di due contenitori inox con due diverse lame, e coperchio antipolvere. Caratteristiche principali:\u00a0Potente motore elettrico da 350 [&hellip;]\" \/>\n<meta property=\"og:url\" content=\"https:\/\/stor51.tauroessiccatori.com\/ro\/p\/macinator-electric-de-spice\/\" \/>\n<meta property=\"og:site_name\" content=\"Tauro Essiccatori\" \/>\n<meta property=\"article:publisher\" content=\"https:\/\/www.facebook.com\/TauroEssiccatori\/\" \/>\n<meta property=\"article:modified_time\" content=\"2023-05-16T09:10:49+00:00\" \/>\n<meta property=\"og:image\" content=\"https:\/\/stor51.tauroessiccatori.com\/wp-assets\/uploads\/2021\/03\/cloer741901.jpg\" \/>\n\t<meta property=\"og:image:width\" content=\"1210\" \/>\n\t<meta property=\"og:image:height\" content=\"750\" \/>\n\t<meta property=\"og:image:type\" content=\"image\/jpeg\" \/>\n<meta name=\"twitter:card\" content=\"summary_large_image\" \/>\n<meta name=\"twitter:label1\" content=\"Est. reading time\" \/>\n\t<meta name=\"twitter:data1\" content=\"1 minut\" \/>\n<script type=\"application\/ld+json\" class=\"yoast-schema-graph\">{\"@context\":\"https:\/\/schema.org\",\"@graph\":[{\"@type\":\"WebPage\",\"@id\":\"https:\/\/stor51.tauroessiccatori.com\/p\/macinaspezie-elettrico\/\",\"url\":\"https:\/\/stor51.tauroessiccatori.com\/p\/macinaspezie-elettrico\/\",\"name\":\"Macinaspezie elettrico 350W - Tauro Essiccatori\",\"isPartOf\":{\"@id\":\"https:\/\/stor51.tauroessiccatori.com\/#website\"},\"datePublished\":\"2021-03-10T15:13:36+00:00\",\"dateModified\":\"2023-05-16T09:10:49+00:00\",\"breadcrumb\":{\"@id\":\"https:\/\/stor51.tauroessiccatori.com\/p\/macinaspezie-elettrico\/#breadcrumb\"},\"inLanguage\":\"ro-RO\",\"potentialAction\":[{\"@type\":\"ReadAction\",\"target\":[\"https:\/\/stor51.tauroessiccatori.com\/p\/macinaspezie-elettrico\/\"]}]},{\"@type\":\"BreadcrumbList\",\"@id\":\"https:\/\/stor51.tauroessiccatori.com\/p\/macinaspezie-elettrico\/#breadcrumb\",\"itemListElement\":[{\"@type\":\"ListItem\",\"position\":1,\"name\":\"Home\",\"item\":\"https:\/\/stor51.tauroessiccatori.com\/\"},{\"@type\":\"ListItem\",\"position\":2,\"name\":\"Shop\",\"item\":\"https:\/\/stor51.tauroessiccatori.com\/negozio\/\"},{\"@type\":\"ListItem\",\"position\":3,\"name\":\"Macinaspezie elettrico 350W\"}]},{\"@type\":\"WebSite\",\"@id\":\"https:\/\/stor51.tauroessiccatori.com\/#website\",\"url\":\"https:\/\/stor51.tauroessiccatori.com\/\",\"name\":\"Tauro Essiccatori\",\"description\":\"Welcome to Tauro Essiccatori online shop\",\"publisher\":{\"@id\":\"https:\/\/stor51.tauroessiccatori.com\/#organization\"},\"potentialAction\":[{\"@type\":\"SearchAction\",\"target\":{\"@type\":\"EntryPoint\",\"urlTemplate\":\"https:\/\/stor51.tauroessiccatori.com\/?s={search_term_string}\"},\"query-input\":\"required name=search_term_string\"}],\"inLanguage\":\"ro-RO\"},{\"@type\":\"Organization\",\"@id\":\"https:\/\/stor51.tauroessiccatori.com\/#organization\",\"name\":\"Tauro Essiccatori\",\"url\":\"https:\/\/stor51.tauroessiccatori.com\/\",\"logo\":{\"@type\":\"ImageObject\",\"inLanguage\":\"ro-RO\",\"@id\":\"https:\/\/stor51.tauroessiccatori.com\/#\/schema\/logo\/image\/\",\"url\":\"https:\/\/www.tauroessiccatori.com\/wp-assets\/uploads\/2017\/07\/logo_tauro_500x109px.png\",\"contentUrl\":\"https:\/\/www.tauroessiccatori.com\/wp-assets\/uploads\/2017\/07\/logo_tauro_500x109px.png\",\"width\":500,\"height\":109,\"caption\":\"Tauro Essiccatori\"},\"image\":{\"@id\":\"https:\/\/stor51.tauroessiccatori.com\/#\/schema\/logo\/image\/\"},\"sameAs\":[\"https:\/\/www.facebook.com\/TauroEssiccatori\/\",\"https:\/\/www.instagram.com\/tauro_essiccatori\/\",\"https:\/\/it.linkedin.com\/company\/tauro-essiccatori\",\"https:\/\/www.youtube.com\/user\/tauroessiccatori\"]}]}<\/script>\n<!-- \/ Yoast SEO plugin. -->","yoast_head_json":{"title":"Macinaspezie elettrico 350W - Tauro Essiccatori","robots":{"index":"noindex","follow":"follow","max-snippet":"max-snippet:-1","max-image-preview":"max-image-preview:large","max-video-preview":"max-video-preview:-1"},"og_locale":"ro_RO","og_type":"article","og_title":"Macinaspezie elettrico 350W - Tauro Essiccatori","og_description":"Metti un BIOSEC sotto l'Albero. SCOPRI QUI le promozioni di Natale! Gli sconti Black Friday sono qui! \u00a0 Clicca\u00a0per\u00a0non perderli \u2192 Un macinaspezie elettrico versatile e potente, che pu\u00f2 essere utilizzato per sminuzzare cibi secchi ed essiccati. Fornito di due contenitori inox con due diverse lame, e coperchio antipolvere. Caratteristiche principali:\u00a0Potente motore elettrico da 350 [&hellip;]","og_url":"https:\/\/stor51.tauroessiccatori.com\/ro\/p\/macinator-electric-de-spice\/","og_site_name":"Tauro Essiccatori","article_publisher":"https:\/\/www.facebook.com\/TauroEssiccatori\/","article_modified_time":"2023-05-16T09:10:49+00:00","og_image":[{"width":1210,"height":750,"url":"https:\/\/stor51.tauroessiccatori.com\/wp-assets\/uploads\/2021\/03\/cloer741901.jpg","type":"image\/jpeg"}],"twitter_card":"summary_large_image","twitter_misc":{"Est. reading time":"1 minut"},"schema":{"@context":"https:\/\/schema.org","@graph":[{"@type":"WebPage","@id":"https:\/\/stor51.tauroessiccatori.com\/p\/macinaspezie-elettrico\/","url":"https:\/\/stor51.tauroessiccatori.com\/p\/macinaspezie-elettrico\/","name":"Macinaspezie elettrico 350W - Tauro Essiccatori","isPartOf":{"@id":"https:\/\/stor51.tauroessiccatori.com\/#website"},"datePublished":"2021-03-10T15:13:36+00:00","dateModified":"2023-05-16T09:10:49+00:00","breadcrumb":{"@id":"https:\/\/stor51.tauroessiccatori.com\/p\/macinaspezie-elettrico\/#breadcrumb"},"inLanguage":"ro-RO","potentialAction":[{"@type":"ReadAction","target":["https:\/\/stor51.tauroessiccatori.com\/p\/macinaspezie-elettrico\/"]}]},{"@type":"BreadcrumbList","@id":"https:\/\/stor51.tauroessiccatori.com\/p\/macinaspezie-elettrico\/#breadcrumb","itemListElement":[{"@type":"ListItem","position":1,"name":"Home","item":"https:\/\/stor51.tauroessiccatori.com\/"},{"@type":"ListItem","position":2,"name":"Shop","item":"https:\/\/stor51.tauroessiccatori.com\/negozio\/"},{"@type":"ListItem","position":3,"name":"Macinaspezie elettrico 350W"}]},{"@type":"WebSite","@id":"https:\/\/stor51.tauroessiccatori.com\/#website","url":"https:\/\/stor51.tauroessiccatori.com\/","name":"Tauro Essiccatori","description":"Welcome to Tauro Essiccatori online shop","publisher":{"@id":"https:\/\/stor51.tauroessiccatori.com\/#organization"},"potentialAction":[{"@type":"SearchAction","target":{"@type":"EntryPoint","urlTemplate":"https:\/\/stor51.tauroessiccatori.com\/?s={search_term_string}"},"query-input":"required name=search_term_string"}],"inLanguage":"ro-RO"},{"@type":"Organization","@id":"https:\/\/stor51.tauroessiccatori.com\/#organization","name":"Tauro Essiccatori","url":"https:\/\/stor51.tauroessiccatori.com\/","logo":{"@type":"ImageObject","inLanguage":"ro-RO","@id":"https:\/\/stor51.tauroessiccatori.com\/#\/schema\/logo\/image\/","url":"https:\/\/www.tauroessiccatori.com\/wp-assets\/uploads\/2017\/07\/logo_tauro_500x109px.png","contentUrl":"https:\/\/www.tauroessiccatori.com\/wp-assets\/uploads\/2017\/07\/logo_tauro_500x109px.png","width":500,"height":109,"caption":"Tauro Essiccatori"},"image":{"@id":"https:\/\/stor51.tauroessiccatori.com\/#\/schema\/logo\/image\/"},"sameAs":["https:\/\/www.facebook.com\/TauroEssiccatori\/","https:\/\/www.instagram.com\/tauro_essiccatori\/","https:\/\/it.linkedin.com\/company\/tauro-essiccatori","https:\/\/www.youtube.com\/user\/tauroessiccatori"]}]}},"_links":{"self":[{"href":"https:\/\/stor51.tauroessiccatori.com\/ro\/wp-json\/wp\/v2\/product\/78041"}],"collection":[{"href":"https:\/\/stor51.tauroessiccatori.com\/ro\/wp-json\/wp\/v2\/product"}],"about":[{"href":"https:\/\/stor51.tauroessiccatori.com\/ro\/wp-json\/wp\/v2\/types\/product"}],"replies":[{"embeddable":true,"href":"https:\/\/stor51.tauroessiccatori.com\/ro\/wp-json\/wp\/v2\/comments?post=78041"}],"wp:featuredmedia":[{"embeddable":true,"href":"https:\/\/stor51.tauroessiccatori.com\/ro\/wp-json\/wp\/v2\/media\/78044"}],"wp:attachment":[{"href":"https:\/\/stor51.tauroessiccatori.com\/ro\/wp-json\/wp\/v2\/media?parent=78041"}],"wp:term":[{"taxonomy":"product_cat","embeddable":true,"href":"https:\/\/stor51.tauroessiccatori.com\/ro\/wp-json\/wp\/v2\/product_cat?post=78041"},{"taxonomy":"product_tag","embeddable":true,"href":"https:\/\/stor51.tauroessiccatori.com\/ro\/wp-json\/wp\/v2\/product_tag?post=78041"}],"curies":[{"name":"wp","href":"https:\/\/api.w.org\/{rel}","templated":true}]}}