


{"id":3659,"date":"2019-08-01T17:56:58","date_gmt":"2019-08-01T15:56:58","guid":{"rendered":"https:\/\/store.tauroessiccatori.com\/?post_type=product&#038;p=3659\/"},"modified":"2023-05-16T11:11:46","modified_gmt":"2023-05-16T09:11:46","slug":"mandolina-v6-exclusiveline-stainless-steel-slicer","status":"publish","type":"product","link":"https:\/\/stor51.tauroessiccatori.com\/ro\/p\/mandoline-v6-exclusivine-subtitrare-din-otel-inoxidabil\/","title":{"rendered":"Mandoline Borner V6 Exclusive Line"},"content":{"rendered":"<div class=\"tauro-banners\"><div class=\"banner-00\" style=\"background-color: #852035\">\r\n<div class=\"ix-xmas-box-other\" style=\"font-size: 18px;padding: 7px 0;margin: 0 auto 0px auto\" align=\"center\"><b style=\"color: #fff;font-size: 18px\">Pune\u021bi un BIOSEC sub copac. <a style=\"color: #f8cc89;font-weight: bold;text-decoration: none;font-size: 18px\" href=\"https:\/\/www.tauroessiccatori.com\/christmas-2024\/\">DESCOPER\u0102 AICI<\/a> Promo\u021bii de Cr\u0103ciun!<\/b><\/div>\r\n<\/div><div class=\"banner-00\" style=\"background-color: #000\">\r\n<div class=\"ix-xmas-box-other\" style=\"font-size: 18px;padding: 7px 0;margin: 0 auto 0px auto\" align=\"center\"><b style=\"color: #fff\"> Reducerile de Black Friday sunt aici! \u00a0 <a style=\"color: #f77209;font-weight: bold;text-decoration: none\" href=\"https:\/\/www.tauroessiccatori.com\/black-friday-2024\/\"> Face\u021bi clic pentru a nu le pierde \u2192 <\/a>\r\n<\/b><\/div>\r\n<\/div><\/div><p><span style=\"font-weight: 400\">Pentru fanii aparatelor de t\u0103iat legume care caut\u0103 ceva mai elegant, aceasta este versiunea potrivit\u0103, din o\u021bel inoxidabil. Alege\u021bi dintre inser\u021biile incluse pentru diferite op\u021biuni de t\u0103iere. Pute\u021bi t\u0103ia felii sub\u021biri \u0219i groase cu ajutorul inser\u021biei speciale, \u00een timp ce alte inser\u021bii de 3,5 mm \u0219i 7 mm v\u0103 permit s\u0103 t\u0103ia\u021bi be\u021be, f\u00e2\u0219ii Julienne sau chiar cuburi de 4 dimensiuni diferite. Printre accesorii se num\u0103r\u0103 \u0219i suportul de siguran\u021b\u0103 pentru alimente, pentru a proteja degetele de lamele din o\u021bel inoxidabil.<\/span><\/p>\n<p><span style=\"font-weight: 400\">Toate p\u0103r\u021bile acestui set sunt sigure pentru alimente, f\u0103r\u0103 BPA, ftala\u021bi \u0219i substan\u021be nocive. Acest lucru asigur\u0103 preg\u0103tirea f\u0103r\u0103 griji a unor mese s\u0103n\u0103toase \u0219i atr\u0103g\u0103toare pentru dumneavoastr\u0103 \u0219i familia dumneavoastr\u0103.<\/span><\/p>\n<p>&nbsp;<\/p>\n<p><strong>CARACTERISTICI TEHNICE<\/strong><\/p>\n<p>&nbsp;<\/p>\n<ul>\n<li><span style=\"font-weight: 400\">Originalul B\u00f6rner direct din Germania<\/span><\/li>\n<li><span style=\"font-weight: 400\">Se taie felii de 3 grosimi diferite<\/span><\/li>\n<li><span style=\"font-weight: 400\">T\u0103ietor de cuburi \u00een 2 dimensiuni diferite<\/span><\/li>\n<li><span style=\"font-weight: 400\">Dispozitiv de siguran\u021b\u0103 pentru t\u0103iere \u0219i blocare pentru copii<\/span><\/li>\n<li><span style=\"font-weight: 400\">Lamele B\u00f6rner \u00een garan\u021bie timp de 5 ani!<\/span><\/li>\n<li><span style=\"font-weight: 400\">F\u0103r\u0103 BPA \u0219i ftalat<\/span><\/li>\n<li><span style=\"font-weight: 400\">Inclusiv un accesoriu practic pentru depozitarea mandolinei \u0219i a inser\u021biilor<\/span><\/li>\n<\/ul>\n<p>&nbsp;<\/p>\n<p><strong>CON\u021aINUTUL PACHETULUI<\/strong><\/p>\n<p>&nbsp;<\/p>\n<ul>\n<li><span style=\"font-weight: 400\">Mandolin\u0103 din o\u021bel inoxidabil V6<\/span><\/li>\n<li><span style=\"font-weight: 400\">Inser\u021bii pentru felii de diferite dimensiuni<\/span><\/li>\n<li><span style=\"font-weight: 400\">Inser\u021bii pentru be\u021be sau cuburi<\/span><\/li>\n<li><span style=\"font-weight: 400\">Dispozitiv de siguran\u021b\u0103 alimentar\u0103<\/span><\/li>\n<li><span style=\"font-weight: 400\">Accesoriu pentru depozitarea mandolinei \u0219i a inser\u021biilor<\/span><\/li>\n<li><span style=\"font-weight: 400\">Accesoriu de protec\u021bie a lamei<\/span><\/li>\n<\/ul>","protected":false},"excerpt":{"rendered":"<ul>\n<li><span style=\"font-weight: 400\">Originalul B\u00f6rner direct din Germania<\/span><\/li>\n<li><span style=\"font-weight: 400\">Se taie felii de 3 grosimi diferite<\/span><\/li>\n<li><span style=\"font-weight: 400\">T\u0103ietor de cuburi \u00een 2 dimensiuni diferite<\/span><\/li>\n<li><span style=\"font-weight: 400\">Dispozitiv de siguran\u021b\u0103 pentru t\u0103iere \u0219i blocare pentru copii<\/span><\/li>\n<li><span style=\"font-weight: 400\">Lamele B\u00f6rner \u00een garan\u021bie timp de 5 ani!<\/span><\/li>\n<li><span style=\"font-weight: 400\">F\u0103r\u0103 BPA \u0219i ftalat<\/span><\/li>\n<li><span style=\"font-weight: 400\">Inclusiv un accesoriu practic pentru depozitarea mandolinei \u0219i a inser\u021biilor<\/span><\/li>\n<\/ul>","protected":false},"featured_media":3683,"comment_status":"closed","ping_status":"closed","template":"","meta":[],"product_cat":[275],"product_tag":[],"class_list":["post-3659","product","type-product","status-publish","has-post-thumbnail","hentry","product_cat-taglia-verdure"],"acf":[],"yoast_head":"<!-- This site is optimized with the Yoast SEO plugin v20.10 - https:\/\/yoast.com\/wordpress\/plugins\/seo\/ -->\n<title>Mandolina Borner V6 Exclusive Line - Tauro Essiccatori<\/title>\n<meta name=\"robots\" content=\"noindex, follow, max-snippet:-1, max-image-preview:large, max-video-preview:-1\" \/>\n<meta property=\"og:locale\" content=\"ro_RO\" \/>\n<meta property=\"og:type\" content=\"article\" \/>\n<meta property=\"og:title\" content=\"Mandolina Borner V6 Exclusive Line - Tauro Essiccatori\" \/>\n<meta property=\"og:description\" content=\"L&#039;originale B\u00f6rner direttamente dalla Germania  Taglia fette di 3 spessori diversi  Taglia cubetti in 2 diverse dimensioni  Dispositivo di sicurezza per tagliare e blocco bambini  Lame in garanzia B\u00f6rner per 5 anni!  Senza BPA n\u00e8 ftalati  Incluso un pratico accessorio dove conservare mandolina ed inserti\" \/>\n<meta property=\"og:url\" content=\"https:\/\/stor51.tauroessiccatori.com\/ro\/p\/mandoline-v6-exclusivine-subtitrare-din-otel-inoxidabil\/\" \/>\n<meta property=\"og:site_name\" content=\"Tauro Essiccatori\" \/>\n<meta property=\"article:publisher\" content=\"https:\/\/www.facebook.com\/TauroEssiccatori\/\" \/>\n<meta property=\"article:modified_time\" content=\"2023-05-16T09:11:46+00:00\" \/>\n<meta property=\"og:image\" content=\"https:\/\/stor51.tauroessiccatori.com\/wp-assets\/uploads\/2019\/08\/mandolina-inox.jpg\" \/>\n\t<meta property=\"og:image:width\" content=\"1210\" \/>\n\t<meta property=\"og:image:height\" content=\"750\" \/>\n\t<meta property=\"og:image:type\" content=\"image\/jpeg\" \/>\n<meta name=\"twitter:card\" content=\"summary_large_image\" \/>\n<meta name=\"twitter:label1\" content=\"Est. reading time\" \/>\n\t<meta name=\"twitter:data1\" content=\"1 minut\" \/>\n<script type=\"application\/ld+json\" class=\"yoast-schema-graph\">{\"@context\":\"https:\/\/schema.org\",\"@graph\":[{\"@type\":\"WebPage\",\"@id\":\"https:\/\/stor51.tauroessiccatori.com\/p\/mandolina-v6-exclusiveline-stainless-steel-slicer\/\",\"url\":\"https:\/\/stor51.tauroessiccatori.com\/p\/mandolina-v6-exclusiveline-stainless-steel-slicer\/\",\"name\":\"Mandolina Borner V6 Exclusive Line - Tauro Essiccatori\",\"isPartOf\":{\"@id\":\"https:\/\/stor51.tauroessiccatori.com\/#website\"},\"datePublished\":\"2019-08-01T15:56:58+00:00\",\"dateModified\":\"2023-05-16T09:11:46+00:00\",\"breadcrumb\":{\"@id\":\"https:\/\/stor51.tauroessiccatori.com\/p\/mandolina-v6-exclusiveline-stainless-steel-slicer\/#breadcrumb\"},\"inLanguage\":\"ro-RO\",\"potentialAction\":[{\"@type\":\"ReadAction\",\"target\":[\"https:\/\/stor51.tauroessiccatori.com\/p\/mandolina-v6-exclusiveline-stainless-steel-slicer\/\"]}]},{\"@type\":\"BreadcrumbList\",\"@id\":\"https:\/\/stor51.tauroessiccatori.com\/p\/mandolina-v6-exclusiveline-stainless-steel-slicer\/#breadcrumb\",\"itemListElement\":[{\"@type\":\"ListItem\",\"position\":1,\"name\":\"Home\",\"item\":\"https:\/\/stor51.tauroessiccatori.com\/\"},{\"@type\":\"ListItem\",\"position\":2,\"name\":\"Shop\",\"item\":\"https:\/\/stor51.tauroessiccatori.com\/negozio\/\"},{\"@type\":\"ListItem\",\"position\":3,\"name\":\"Mandolina Borner V6 Exclusive Line\"}]},{\"@type\":\"WebSite\",\"@id\":\"https:\/\/stor51.tauroessiccatori.com\/#website\",\"url\":\"https:\/\/stor51.tauroessiccatori.com\/\",\"name\":\"Tauro Essiccatori\",\"description\":\"Welcome to Tauro Essiccatori online shop\",\"publisher\":{\"@id\":\"https:\/\/stor51.tauroessiccatori.com\/#organization\"},\"potentialAction\":[{\"@type\":\"SearchAction\",\"target\":{\"@type\":\"EntryPoint\",\"urlTemplate\":\"https:\/\/stor51.tauroessiccatori.com\/?s={search_term_string}\"},\"query-input\":\"required name=search_term_string\"}],\"inLanguage\":\"ro-RO\"},{\"@type\":\"Organization\",\"@id\":\"https:\/\/stor51.tauroessiccatori.com\/#organization\",\"name\":\"Tauro Essiccatori\",\"url\":\"https:\/\/stor51.tauroessiccatori.com\/\",\"logo\":{\"@type\":\"ImageObject\",\"inLanguage\":\"ro-RO\",\"@id\":\"https:\/\/stor51.tauroessiccatori.com\/#\/schema\/logo\/image\/\",\"url\":\"https:\/\/www.tauroessiccatori.com\/wp-assets\/uploads\/2017\/07\/logo_tauro_500x109px.png\",\"contentUrl\":\"https:\/\/www.tauroessiccatori.com\/wp-assets\/uploads\/2017\/07\/logo_tauro_500x109px.png\",\"width\":500,\"height\":109,\"caption\":\"Tauro Essiccatori\"},\"image\":{\"@id\":\"https:\/\/stor51.tauroessiccatori.com\/#\/schema\/logo\/image\/\"},\"sameAs\":[\"https:\/\/www.facebook.com\/TauroEssiccatori\/\",\"https:\/\/www.instagram.com\/tauro_essiccatori\/\",\"https:\/\/it.linkedin.com\/company\/tauro-essiccatori\",\"https:\/\/www.youtube.com\/user\/tauroessiccatori\"]}]}<\/script>\n<!-- \/ Yoast SEO plugin. -->","yoast_head_json":{"title":"Mandolina Borner V6 Exclusive Line - Tauro Essiccatori","robots":{"index":"noindex","follow":"follow","max-snippet":"max-snippet:-1","max-image-preview":"max-image-preview:large","max-video-preview":"max-video-preview:-1"},"og_locale":"ro_RO","og_type":"article","og_title":"Mandolina Borner V6 Exclusive Line - Tauro Essiccatori","og_description":"L'originale B\u00f6rner direttamente dalla Germania  Taglia fette di 3 spessori diversi  Taglia cubetti in 2 diverse dimensioni  Dispositivo di sicurezza per tagliare e blocco bambini  Lame in garanzia B\u00f6rner per 5 anni!  Senza BPA n\u00e8 ftalati  Incluso un pratico accessorio dove conservare mandolina ed inserti","og_url":"https:\/\/stor51.tauroessiccatori.com\/ro\/p\/mandoline-v6-exclusivine-subtitrare-din-otel-inoxidabil\/","og_site_name":"Tauro Essiccatori","article_publisher":"https:\/\/www.facebook.com\/TauroEssiccatori\/","article_modified_time":"2023-05-16T09:11:46+00:00","og_image":[{"width":1210,"height":750,"url":"https:\/\/stor51.tauroessiccatori.com\/wp-assets\/uploads\/2019\/08\/mandolina-inox.jpg","type":"image\/jpeg"}],"twitter_card":"summary_large_image","twitter_misc":{"Est. reading time":"1 minut"},"schema":{"@context":"https:\/\/schema.org","@graph":[{"@type":"WebPage","@id":"https:\/\/stor51.tauroessiccatori.com\/p\/mandolina-v6-exclusiveline-stainless-steel-slicer\/","url":"https:\/\/stor51.tauroessiccatori.com\/p\/mandolina-v6-exclusiveline-stainless-steel-slicer\/","name":"Mandolina Borner V6 Exclusive Line - Tauro Essiccatori","isPartOf":{"@id":"https:\/\/stor51.tauroessiccatori.com\/#website"},"datePublished":"2019-08-01T15:56:58+00:00","dateModified":"2023-05-16T09:11:46+00:00","breadcrumb":{"@id":"https:\/\/stor51.tauroessiccatori.com\/p\/mandolina-v6-exclusiveline-stainless-steel-slicer\/#breadcrumb"},"inLanguage":"ro-RO","potentialAction":[{"@type":"ReadAction","target":["https:\/\/stor51.tauroessiccatori.com\/p\/mandolina-v6-exclusiveline-stainless-steel-slicer\/"]}]},{"@type":"BreadcrumbList","@id":"https:\/\/stor51.tauroessiccatori.com\/p\/mandolina-v6-exclusiveline-stainless-steel-slicer\/#breadcrumb","itemListElement":[{"@type":"ListItem","position":1,"name":"Home","item":"https:\/\/stor51.tauroessiccatori.com\/"},{"@type":"ListItem","position":2,"name":"Shop","item":"https:\/\/stor51.tauroessiccatori.com\/negozio\/"},{"@type":"ListItem","position":3,"name":"Mandolina Borner V6 Exclusive Line"}]},{"@type":"WebSite","@id":"https:\/\/stor51.tauroessiccatori.com\/#website","url":"https:\/\/stor51.tauroessiccatori.com\/","name":"Tauro Essiccatori","description":"Welcome to Tauro Essiccatori online shop","publisher":{"@id":"https:\/\/stor51.tauroessiccatori.com\/#organization"},"potentialAction":[{"@type":"SearchAction","target":{"@type":"EntryPoint","urlTemplate":"https:\/\/stor51.tauroessiccatori.com\/?s={search_term_string}"},"query-input":"required name=search_term_string"}],"inLanguage":"ro-RO"},{"@type":"Organization","@id":"https:\/\/stor51.tauroessiccatori.com\/#organization","name":"Tauro Essiccatori","url":"https:\/\/stor51.tauroessiccatori.com\/","logo":{"@type":"ImageObject","inLanguage":"ro-RO","@id":"https:\/\/stor51.tauroessiccatori.com\/#\/schema\/logo\/image\/","url":"https:\/\/www.tauroessiccatori.com\/wp-assets\/uploads\/2017\/07\/logo_tauro_500x109px.png","contentUrl":"https:\/\/www.tauroessiccatori.com\/wp-assets\/uploads\/2017\/07\/logo_tauro_500x109px.png","width":500,"height":109,"caption":"Tauro Essiccatori"},"image":{"@id":"https:\/\/stor51.tauroessiccatori.com\/#\/schema\/logo\/image\/"},"sameAs":["https:\/\/www.facebook.com\/TauroEssiccatori\/","https:\/\/www.instagram.com\/tauro_essiccatori\/","https:\/\/it.linkedin.com\/company\/tauro-essiccatori","https:\/\/www.youtube.com\/user\/tauroessiccatori"]}]}},"_links":{"self":[{"href":"https:\/\/stor51.tauroessiccatori.com\/ro\/wp-json\/wp\/v2\/product\/3659"}],"collection":[{"href":"https:\/\/stor51.tauroessiccatori.com\/ro\/wp-json\/wp\/v2\/product"}],"about":[{"href":"https:\/\/stor51.tauroessiccatori.com\/ro\/wp-json\/wp\/v2\/types\/product"}],"replies":[{"embeddable":true,"href":"https:\/\/stor51.tauroessiccatori.com\/ro\/wp-json\/wp\/v2\/comments?post=3659"}],"wp:featuredmedia":[{"embeddable":true,"href":"https:\/\/stor51.tauroessiccatori.com\/ro\/wp-json\/wp\/v2\/media\/3683"}],"wp:attachment":[{"href":"https:\/\/stor51.tauroessiccatori.com\/ro\/wp-json\/wp\/v2\/media?parent=3659"}],"wp:term":[{"taxonomy":"product_cat","embeddable":true,"href":"https:\/\/stor51.tauroessiccatori.com\/ro\/wp-json\/wp\/v2\/product_cat?post=3659"},{"taxonomy":"product_tag","embeddable":true,"href":"https:\/\/stor51.tauroessiccatori.com\/ro\/wp-json\/wp\/v2\/product_tag?post=3659"}],"curies":[{"name":"wp","href":"https:\/\/api.w.org\/{rel}","templated":true}]}}