


{"id":2599,"date":"2018-11-16T10:18:36","date_gmt":"2018-11-16T09:18:36","guid":{"rendered":"https:\/\/store.tauroessiccatori.com\/?post_type=product&#038;p=2599\/"},"modified":"2023-02-18T10:31:46","modified_gmt":"2023-02-18T09:31:46","slug":"gente-che-essicca","status":"publish","type":"product","link":"https:\/\/stor51.tauroessiccatori.com\/ro\/p\/oameni-care-desicteaza\/","title":{"rendered":"Uscarea oamenilor"},"content":{"rendered":"<div class=\"tauro-banners\"><div class=\"banner-00\" style=\"background-color: #852035\">\r\n<div class=\"ix-xmas-box-other\" style=\"font-size: 18px;padding: 7px 0;margin: 0 auto 0px auto\" align=\"center\"><b style=\"color: #fff;font-size: 18px\">Pune\u021bi un BIOSEC sub copac. <a style=\"color: #f8cc89;font-weight: bold;text-decoration: none;font-size: 18px\" href=\"https:\/\/www.tauroessiccatori.com\/christmas-2024\/\">DESCOPER\u0102 AICI<\/a> Promo\u021bii de Cr\u0103ciun!<\/b><\/div>\r\n<\/div><div class=\"banner-00\" style=\"background-color: #000\">\r\n<div class=\"ix-xmas-box-other\" style=\"font-size: 18px;padding: 7px 0;margin: 0 auto 0px auto\" align=\"center\"><b style=\"color: #fff\"> Reducerile de Black Friday sunt aici! \u00a0 <a style=\"color: #f77209;font-weight: bold;text-decoration: none\" href=\"https:\/\/www.tauroessiccatori.com\/black-friday-2024\/\"> Face\u021bi clic pentru a nu le pierde \u2192 <\/a>\r\n<\/b><\/div>\r\n<\/div><\/div><div>\n<p><strong>Descriere:<\/strong><\/p>\n<p>Cea mai nou\u0103 carte de bucate, n\u0103scut\u0103 direct din cea mai uimitoare comunitate de pe web!<br \/>\nFi\u021bi uimit de ceea ce poate face un usc\u0103tor (\u0219i nu v-a\u021bi imaginat niciodat\u0103). Deschide\u021bi \u0219i crea\u021bi!<\/p>\n<\/div>\n<p><strong>Costurile de expediere se anuleaz\u0103 dac\u0103 achizi\u021biona\u021bi aceast\u0103 carte \u00eempreun\u0103 cu orice alt produs din e-commerce-ul nostru!<\/strong><\/p>\n<div><strong>Caracteristici:<\/strong><\/p>\n<ul>\n<li>ghid de uscare<\/li>\n<li>75 de re\u021bete \u0219i 240 de pagini<\/li>\n<li>\u00een \u00eentregime \u00een culori<\/li>\n<li>istoria \u0219i metoda de uscare, pentru a ghida pe toat\u0103 lumea \u00een descoperirea acestei tehnici<\/li>\n<li>curiozit\u0103\u021bi \u0219i intui\u021bii<\/li>\n<li>pastilele omului de \u0219tiin\u021b\u0103 (de Livio Zanon Santon)<\/li>\n<li>ideile \u0219i tehnicile buc\u0103tarului Paolo Dalicandro<\/li>\n<\/ul>\n<\/div>\n<div><strong>Con\u021binutul pachetului:<\/strong><\/p>\n<ul>\n<li>carte de bucate<\/li>\n<\/ul>\n<\/div>","protected":false},"excerpt":{"rendered":"<p>Metti un BIOSEC sotto l&#8217;Albero. SCOPRI QUI le promozioni di Natale! Gli sconti Black Friday sono qui! \u00a0 Clicca\u00a0per\u00a0non perderli \u2192 Descrizione: Il nuovissimo ricettario, nato direttamente dalla community pi\u00f9 sorprendente del web! Lasciati stupire da quello che un essiccatore pu\u00f2 fare (e non avresti mai immaginato). Apri e crea! Le spese di spedizione si [&hellip;]<\/p>","protected":false},"featured_media":2732,"comment_status":"closed","ping_status":"closed","template":"","meta":[],"product_cat":[196],"product_tag":[],"class_list":["post-2599","product","type-product","status-publish","has-post-thumbnail","hentry","product_cat-libri"],"acf":[],"yoast_head":"<!-- This site is optimized with the Yoast SEO plugin v20.10 - https:\/\/yoast.com\/wordpress\/plugins\/seo\/ -->\n<title>Gente che Essicca - il ricettario Tauro dalla community Facebook!<\/title>\n<meta name=\"description\" content=\"Gente che Essicca, il ricettario: 75 ricette dal gruppo Facebook, trucchi per l&#039;essiccazione perfetta, curiosit\u00e0, approfondimenti, i consigli dello chef\" \/>\n<meta name=\"robots\" content=\"noindex, follow, max-snippet:-1, max-image-preview:large, max-video-preview:-1\" \/>\n<meta property=\"og:locale\" content=\"ro_RO\" \/>\n<meta property=\"og:type\" content=\"article\" \/>\n<meta property=\"og:title\" content=\"Gente che Essicca - il ricettario Tauro dalla community Facebook!\" \/>\n<meta property=\"og:description\" content=\"Gente che Essicca, il ricettario: 75 ricette dal gruppo Facebook, trucchi per l&#039;essiccazione perfetta, curiosit\u00e0, approfondimenti, i consigli dello chef\" \/>\n<meta property=\"og:url\" content=\"https:\/\/stor51.tauroessiccatori.com\/ro\/p\/oameni-care-desicteaza\/\" \/>\n<meta property=\"og:site_name\" content=\"Tauro Essiccatori\" \/>\n<meta property=\"article:publisher\" content=\"https:\/\/www.facebook.com\/TauroEssiccatori\/\" \/>\n<meta property=\"article:modified_time\" content=\"2023-02-18T09:31:46+00:00\" \/>\n<meta property=\"og:image\" content=\"https:\/\/stor51.tauroessiccatori.com\/wp-assets\/uploads\/2018\/11\/MAX2049-sRGB-Web-copia.jpg\" \/>\n\t<meta property=\"og:image:width\" content=\"2048\" \/>\n\t<meta property=\"og:image:height\" content=\"1266\" \/>\n\t<meta property=\"og:image:type\" content=\"image\/jpeg\" \/>\n<meta name=\"twitter:card\" content=\"summary_large_image\" \/>\n<script type=\"application\/ld+json\" class=\"yoast-schema-graph\">{\"@context\":\"https:\/\/schema.org\",\"@graph\":[{\"@type\":\"WebPage\",\"@id\":\"https:\/\/stor51.tauroessiccatori.com\/p\/gente-che-essicca\/\",\"url\":\"https:\/\/stor51.tauroessiccatori.com\/p\/gente-che-essicca\/\",\"name\":\"Gente che Essicca - il ricettario Tauro dalla community Facebook!\",\"isPartOf\":{\"@id\":\"https:\/\/stor51.tauroessiccatori.com\/#website\"},\"datePublished\":\"2018-11-16T09:18:36+00:00\",\"dateModified\":\"2023-02-18T09:31:46+00:00\",\"description\":\"Gente che Essicca, il ricettario: 75 ricette dal gruppo Facebook, trucchi per l'essiccazione perfetta, curiosit\u00e0, approfondimenti, i consigli dello chef\",\"breadcrumb\":{\"@id\":\"https:\/\/stor51.tauroessiccatori.com\/p\/gente-che-essicca\/#breadcrumb\"},\"inLanguage\":\"ro-RO\",\"potentialAction\":[{\"@type\":\"ReadAction\",\"target\":[\"https:\/\/stor51.tauroessiccatori.com\/p\/gente-che-essicca\/\"]}]},{\"@type\":\"BreadcrumbList\",\"@id\":\"https:\/\/stor51.tauroessiccatori.com\/p\/gente-che-essicca\/#breadcrumb\",\"itemListElement\":[{\"@type\":\"ListItem\",\"position\":1,\"name\":\"Home\",\"item\":\"https:\/\/stor51.tauroessiccatori.com\/\"},{\"@type\":\"ListItem\",\"position\":2,\"name\":\"Shop\",\"item\":\"https:\/\/stor51.tauroessiccatori.com\/negozio\/\"},{\"@type\":\"ListItem\",\"position\":3,\"name\":\"Gente che Essicca\"}]},{\"@type\":\"WebSite\",\"@id\":\"https:\/\/stor51.tauroessiccatori.com\/#website\",\"url\":\"https:\/\/stor51.tauroessiccatori.com\/\",\"name\":\"Tauro Essiccatori\",\"description\":\"Welcome to Tauro Essiccatori online shop\",\"publisher\":{\"@id\":\"https:\/\/stor51.tauroessiccatori.com\/#organization\"},\"potentialAction\":[{\"@type\":\"SearchAction\",\"target\":{\"@type\":\"EntryPoint\",\"urlTemplate\":\"https:\/\/stor51.tauroessiccatori.com\/?s={search_term_string}\"},\"query-input\":\"required name=search_term_string\"}],\"inLanguage\":\"ro-RO\"},{\"@type\":\"Organization\",\"@id\":\"https:\/\/stor51.tauroessiccatori.com\/#organization\",\"name\":\"Tauro Essiccatori\",\"url\":\"https:\/\/stor51.tauroessiccatori.com\/\",\"logo\":{\"@type\":\"ImageObject\",\"inLanguage\":\"ro-RO\",\"@id\":\"https:\/\/stor51.tauroessiccatori.com\/#\/schema\/logo\/image\/\",\"url\":\"https:\/\/www.tauroessiccatori.com\/wp-assets\/uploads\/2017\/07\/logo_tauro_500x109px.png\",\"contentUrl\":\"https:\/\/www.tauroessiccatori.com\/wp-assets\/uploads\/2017\/07\/logo_tauro_500x109px.png\",\"width\":500,\"height\":109,\"caption\":\"Tauro Essiccatori\"},\"image\":{\"@id\":\"https:\/\/stor51.tauroessiccatori.com\/#\/schema\/logo\/image\/\"},\"sameAs\":[\"https:\/\/www.facebook.com\/TauroEssiccatori\/\",\"https:\/\/www.instagram.com\/tauro_essiccatori\/\",\"https:\/\/it.linkedin.com\/company\/tauro-essiccatori\",\"https:\/\/www.youtube.com\/user\/tauroessiccatori\"]}]}<\/script>\n<!-- \/ Yoast SEO plugin. -->","yoast_head_json":{"title":"Gente che Essicca - il ricettario Tauro dalla community Facebook!","description":"Gente che Essicca, il ricettario: 75 ricette dal gruppo Facebook, trucchi per l'essiccazione perfetta, curiosit\u00e0, approfondimenti, i consigli dello chef","robots":{"index":"noindex","follow":"follow","max-snippet":"max-snippet:-1","max-image-preview":"max-image-preview:large","max-video-preview":"max-video-preview:-1"},"og_locale":"ro_RO","og_type":"article","og_title":"Gente che Essicca - il ricettario Tauro dalla community Facebook!","og_description":"Gente che Essicca, il ricettario: 75 ricette dal gruppo Facebook, trucchi per l'essiccazione perfetta, curiosit\u00e0, approfondimenti, i consigli dello chef","og_url":"https:\/\/stor51.tauroessiccatori.com\/ro\/p\/oameni-care-desicteaza\/","og_site_name":"Tauro Essiccatori","article_publisher":"https:\/\/www.facebook.com\/TauroEssiccatori\/","article_modified_time":"2023-02-18T09:31:46+00:00","og_image":[{"width":2048,"height":1266,"url":"https:\/\/stor51.tauroessiccatori.com\/wp-assets\/uploads\/2018\/11\/MAX2049-sRGB-Web-copia.jpg","type":"image\/jpeg"}],"twitter_card":"summary_large_image","schema":{"@context":"https:\/\/schema.org","@graph":[{"@type":"WebPage","@id":"https:\/\/stor51.tauroessiccatori.com\/p\/gente-che-essicca\/","url":"https:\/\/stor51.tauroessiccatori.com\/p\/gente-che-essicca\/","name":"Gente che Essicca - il ricettario Tauro dalla community Facebook!","isPartOf":{"@id":"https:\/\/stor51.tauroessiccatori.com\/#website"},"datePublished":"2018-11-16T09:18:36+00:00","dateModified":"2023-02-18T09:31:46+00:00","description":"Gente che Essicca, il ricettario: 75 ricette dal gruppo Facebook, trucchi per l'essiccazione perfetta, curiosit\u00e0, approfondimenti, i consigli dello chef","breadcrumb":{"@id":"https:\/\/stor51.tauroessiccatori.com\/p\/gente-che-essicca\/#breadcrumb"},"inLanguage":"ro-RO","potentialAction":[{"@type":"ReadAction","target":["https:\/\/stor51.tauroessiccatori.com\/p\/gente-che-essicca\/"]}]},{"@type":"BreadcrumbList","@id":"https:\/\/stor51.tauroessiccatori.com\/p\/gente-che-essicca\/#breadcrumb","itemListElement":[{"@type":"ListItem","position":1,"name":"Home","item":"https:\/\/stor51.tauroessiccatori.com\/"},{"@type":"ListItem","position":2,"name":"Shop","item":"https:\/\/stor51.tauroessiccatori.com\/negozio\/"},{"@type":"ListItem","position":3,"name":"Gente che Essicca"}]},{"@type":"WebSite","@id":"https:\/\/stor51.tauroessiccatori.com\/#website","url":"https:\/\/stor51.tauroessiccatori.com\/","name":"Tauro Essiccatori","description":"Welcome to Tauro Essiccatori online shop","publisher":{"@id":"https:\/\/stor51.tauroessiccatori.com\/#organization"},"potentialAction":[{"@type":"SearchAction","target":{"@type":"EntryPoint","urlTemplate":"https:\/\/stor51.tauroessiccatori.com\/?s={search_term_string}"},"query-input":"required name=search_term_string"}],"inLanguage":"ro-RO"},{"@type":"Organization","@id":"https:\/\/stor51.tauroessiccatori.com\/#organization","name":"Tauro Essiccatori","url":"https:\/\/stor51.tauroessiccatori.com\/","logo":{"@type":"ImageObject","inLanguage":"ro-RO","@id":"https:\/\/stor51.tauroessiccatori.com\/#\/schema\/logo\/image\/","url":"https:\/\/www.tauroessiccatori.com\/wp-assets\/uploads\/2017\/07\/logo_tauro_500x109px.png","contentUrl":"https:\/\/www.tauroessiccatori.com\/wp-assets\/uploads\/2017\/07\/logo_tauro_500x109px.png","width":500,"height":109,"caption":"Tauro Essiccatori"},"image":{"@id":"https:\/\/stor51.tauroessiccatori.com\/#\/schema\/logo\/image\/"},"sameAs":["https:\/\/www.facebook.com\/TauroEssiccatori\/","https:\/\/www.instagram.com\/tauro_essiccatori\/","https:\/\/it.linkedin.com\/company\/tauro-essiccatori","https:\/\/www.youtube.com\/user\/tauroessiccatori"]}]}},"_links":{"self":[{"href":"https:\/\/stor51.tauroessiccatori.com\/ro\/wp-json\/wp\/v2\/product\/2599"}],"collection":[{"href":"https:\/\/stor51.tauroessiccatori.com\/ro\/wp-json\/wp\/v2\/product"}],"about":[{"href":"https:\/\/stor51.tauroessiccatori.com\/ro\/wp-json\/wp\/v2\/types\/product"}],"replies":[{"embeddable":true,"href":"https:\/\/stor51.tauroessiccatori.com\/ro\/wp-json\/wp\/v2\/comments?post=2599"}],"wp:featuredmedia":[{"embeddable":true,"href":"https:\/\/stor51.tauroessiccatori.com\/ro\/wp-json\/wp\/v2\/media\/2732"}],"wp:attachment":[{"href":"https:\/\/stor51.tauroessiccatori.com\/ro\/wp-json\/wp\/v2\/media?parent=2599"}],"wp:term":[{"taxonomy":"product_cat","embeddable":true,"href":"https:\/\/stor51.tauroessiccatori.com\/ro\/wp-json\/wp\/v2\/product_cat?post=2599"},{"taxonomy":"product_tag","embeddable":true,"href":"https:\/\/stor51.tauroessiccatori.com\/ro\/wp-json\/wp\/v2\/product_tag?post=2599"}],"curies":[{"name":"wp","href":"https:\/\/api.w.org\/{rel}","templated":true}]}}