


{"id":1932,"date":"2018-03-30T10:58:00","date_gmt":"2018-03-30T08:58:00","guid":{"rendered":"http:\/\/store.tauroessiccatori.com\/?post_type=product&#038;p=1932\/"},"modified":"2023-08-22T10:12:44","modified_gmt":"2023-08-22T08:12:44","slug":"drysilk-net-6-retine","status":"publish","type":"product","link":"https:\/\/stor51.tauroessiccatori.com\/ro\/p\/uscaciune-net-6-retine\/","title":{"rendered":"DrySilk Net - 6 plase"},"content":{"rendered":"<div class=\"tauro-banners\"><div class=\"banner-00\" style=\"background-color: #852035\">\r\n<div class=\"ix-xmas-box-other\" style=\"font-size: 18px;padding: 7px 0;margin: 0 auto 0px auto\" align=\"center\"><b style=\"color: #fff;font-size: 18px\">Pune\u021bi un BIOSEC sub copac. <a style=\"color: #f8cc89;font-weight: bold;text-decoration: none;font-size: 18px\" href=\"https:\/\/www.tauroessiccatori.com\/christmas-2024\/\">DESCOPER\u0102 AICI<\/a> Promo\u021bii de Cr\u0103ciun!<\/b><\/div>\r\n<\/div><div class=\"banner-00\" style=\"background-color: #000\">\r\n<div class=\"ix-xmas-box-other\" style=\"font-size: 18px;padding: 7px 0;margin: 0 auto 0px auto\" align=\"center\"><b style=\"color: #fff\"> Reducerile de Black Friday sunt aici! \u00a0 <a style=\"color: #f77209;font-weight: bold;text-decoration: none\" href=\"https:\/\/www.tauroessiccatori.com\/black-friday-2024\/\"> Face\u021bi clic pentru a nu le pierde \u2192 <\/a>\r\n<\/b><\/div>\r\n<\/div><\/div><div><strong>Descriere:<\/strong>DrySilk Net este un sistem inovator de plase antiaderente multifunc\u021bionale conceput pentru a v\u0103 oferi performan\u021be maxime cu fiecare Biosec.<br \/>\nDrySilk Net este perfect pentru uscarea alimentelor mici, cum ar fi florile, ierburile \u0219i polenul, sau a celor sub\u021biri \u0219i deosebit de lipicioase, cum ar fi c\u0103p\u0219unile \u0219i bananele.<br \/>\nEvita\u021bi utilizarea cu produse apoase \u0219i cu produse care picur\u0103.<br \/>\nDou\u0103 plase pot fi stivuite una peste alta pentru a dubla suprafa\u021ba desicant\u0103 a usc\u0103torului.<br \/>\nSE SPAL\u0102 \u00ceNAINTE DE PRIMA UTILIZARE.<\/p>\n<\/div>\n<div><strong>Caracteristici tehnice:<\/strong><\/p>\n<ul>\n<li>\u00a0din plastic certificat pentru contactul cu alimentele<\/li>\n<li>\u00a0reutilizabile de mii de ori<\/li>\n<li>\u00a0F\u0103r\u0103 BPA \u0219i ftalat<\/li>\n<li>\u00a0dimensiuni nete 228\u00d7346 mm - grosime 2 mm<\/li>\n<li>\u00a0dimensiunea g\u0103urii 2,5 x 2,5 mm<\/li>\n<li>\u00a0rezistent p\u00e2n\u0103 la 100\u00b0 - nu se utilizeaz\u0103 \u00een cuptor<\/li>\n<li>\u00a0utilizabil la temperaturi sc\u0103zute de p\u00e2n\u0103 la 0\u00b0.<\/li>\n<li>\u00a0compatibil cu toate produsele Biosec<\/li>\n<li>\u00a0se cur\u0103\u021b\u0103 \u00een co\u0219ul superior al ma\u0219inii de sp\u0103lat vase<\/li>\n<\/ul>\n<\/div>\n<div><strong>Con\u021binutul pachetului:<\/strong><\/p>\n<div>\n<ul>\n<li>\u00a06 DrySilk Net<\/li>\n<\/ul>\n<\/div>\n<\/div>\n<p><i>* Co\u0219urile sunt doar \u00een scop explicativ \u0219i nu fac parte din pachet.<\/i><\/p>","protected":false},"excerpt":{"rendered":"<p>&#8211; realizzata in plastica certificata per il contatto con alimenti<br \/>\n&#8211; riutilizzabile migliaia di volte<br \/>\n&#8211; senza BPA n\u00e9 ftalati<br \/>\n&#8211; dimensioni dei fori 2,5 x 2,5 mm<br \/>\n&#8211; resiste fino a 100\u00b0 &#8211; non utilizzare in forno<br \/>\n&#8211; utilizzabile alle basse temperature fino a 0\u00b0<br \/>\n&#8211; compatibile con tutti i Biosec<br \/>\n&#8211; si pulisce nel cestello superiore della lavastoviglie<\/p>","protected":false},"featured_media":1928,"comment_status":"closed","ping_status":"closed","template":"","meta":[],"product_cat":[258],"product_tag":[],"class_list":["post-1932","product","type-product","status-publish","has-post-thumbnail","hentry","product_cat-antiaderenti"],"acf":[],"yoast_head":"<!-- This site is optimized with the Yoast SEO plugin v20.10 - https:\/\/yoast.com\/wordpress\/plugins\/seo\/ -->\n<title>DrySilk Net Retine Antiaderenti - confezione da 6 - Tauro Essiccatori<\/title>\n<meta name=\"description\" content=\"DrySilk Net Retine Antiaderenti - confezione da 6 retine antiaderenti. Impilabili, per raddoppiare la capienza del tuo essiccatore, antiaderenza massima.\" \/>\n<meta name=\"robots\" content=\"noindex, follow, max-snippet:-1, max-image-preview:large, max-video-preview:-1\" \/>\n<meta property=\"og:locale\" content=\"ro_RO\" \/>\n<meta property=\"og:type\" content=\"article\" \/>\n<meta property=\"og:title\" content=\"DrySilk Net Retine Antiaderenti - confezione da 6 - Tauro Essiccatori\" \/>\n<meta property=\"og:description\" content=\"DrySilk Net Retine Antiaderenti - confezione da 6 retine antiaderenti. Impilabili, per raddoppiare la capienza del tuo essiccatore, antiaderenza massima.\" \/>\n<meta property=\"og:url\" content=\"https:\/\/stor51.tauroessiccatori.com\/ro\/p\/uscaciune-net-6-retine\/\" \/>\n<meta property=\"og:site_name\" content=\"Tauro Essiccatori\" \/>\n<meta property=\"article:publisher\" content=\"https:\/\/www.facebook.com\/TauroEssiccatori\/\" \/>\n<meta property=\"article:modified_time\" content=\"2023-08-22T08:12:44+00:00\" \/>\n<meta property=\"og:image\" content=\"https:\/\/stor51.tauroessiccatori.com\/wp-assets\/uploads\/2018\/03\/DrySilkNet.jpg\" \/>\n\t<meta property=\"og:image:width\" content=\"1210\" \/>\n\t<meta property=\"og:image:height\" content=\"750\" \/>\n\t<meta property=\"og:image:type\" content=\"image\/jpeg\" \/>\n<meta name=\"twitter:card\" content=\"summary_large_image\" \/>\n<meta name=\"twitter:label1\" content=\"Est. reading time\" \/>\n\t<meta name=\"twitter:data1\" content=\"1 minut\" \/>\n<script type=\"application\/ld+json\" class=\"yoast-schema-graph\">{\"@context\":\"https:\/\/schema.org\",\"@graph\":[{\"@type\":\"WebPage\",\"@id\":\"https:\/\/stor51.tauroessiccatori.com\/p\/drysilk-net-6-retine\/\",\"url\":\"https:\/\/stor51.tauroessiccatori.com\/p\/drysilk-net-6-retine\/\",\"name\":\"DrySilk Net Retine Antiaderenti - confezione da 6 - Tauro Essiccatori\",\"isPartOf\":{\"@id\":\"https:\/\/stor51.tauroessiccatori.com\/#website\"},\"datePublished\":\"2018-03-30T08:58:00+00:00\",\"dateModified\":\"2023-08-22T08:12:44+00:00\",\"description\":\"DrySilk Net Retine Antiaderenti - confezione da 6 retine antiaderenti. Impilabili, per raddoppiare la capienza del tuo essiccatore, antiaderenza massima.\",\"breadcrumb\":{\"@id\":\"https:\/\/stor51.tauroessiccatori.com\/p\/drysilk-net-6-retine\/#breadcrumb\"},\"inLanguage\":\"ro-RO\",\"potentialAction\":[{\"@type\":\"ReadAction\",\"target\":[\"https:\/\/stor51.tauroessiccatori.com\/p\/drysilk-net-6-retine\/\"]}]},{\"@type\":\"BreadcrumbList\",\"@id\":\"https:\/\/stor51.tauroessiccatori.com\/p\/drysilk-net-6-retine\/#breadcrumb\",\"itemListElement\":[{\"@type\":\"ListItem\",\"position\":1,\"name\":\"Home\",\"item\":\"https:\/\/stor51.tauroessiccatori.com\/\"},{\"@type\":\"ListItem\",\"position\":2,\"name\":\"Shop\",\"item\":\"https:\/\/stor51.tauroessiccatori.com\/negozio\/\"},{\"@type\":\"ListItem\",\"position\":3,\"name\":\"DrySilk Net &#8211; 6 retine\"}]},{\"@type\":\"WebSite\",\"@id\":\"https:\/\/stor51.tauroessiccatori.com\/#website\",\"url\":\"https:\/\/stor51.tauroessiccatori.com\/\",\"name\":\"Tauro Essiccatori\",\"description\":\"Welcome to Tauro Essiccatori online shop\",\"publisher\":{\"@id\":\"https:\/\/stor51.tauroessiccatori.com\/#organization\"},\"potentialAction\":[{\"@type\":\"SearchAction\",\"target\":{\"@type\":\"EntryPoint\",\"urlTemplate\":\"https:\/\/stor51.tauroessiccatori.com\/?s={search_term_string}\"},\"query-input\":\"required name=search_term_string\"}],\"inLanguage\":\"ro-RO\"},{\"@type\":\"Organization\",\"@id\":\"https:\/\/stor51.tauroessiccatori.com\/#organization\",\"name\":\"Tauro Essiccatori\",\"url\":\"https:\/\/stor51.tauroessiccatori.com\/\",\"logo\":{\"@type\":\"ImageObject\",\"inLanguage\":\"ro-RO\",\"@id\":\"https:\/\/stor51.tauroessiccatori.com\/#\/schema\/logo\/image\/\",\"url\":\"https:\/\/www.tauroessiccatori.com\/wp-assets\/uploads\/2017\/07\/logo_tauro_500x109px.png\",\"contentUrl\":\"https:\/\/www.tauroessiccatori.com\/wp-assets\/uploads\/2017\/07\/logo_tauro_500x109px.png\",\"width\":500,\"height\":109,\"caption\":\"Tauro Essiccatori\"},\"image\":{\"@id\":\"https:\/\/stor51.tauroessiccatori.com\/#\/schema\/logo\/image\/\"},\"sameAs\":[\"https:\/\/www.facebook.com\/TauroEssiccatori\/\",\"https:\/\/www.instagram.com\/tauro_essiccatori\/\",\"https:\/\/it.linkedin.com\/company\/tauro-essiccatori\",\"https:\/\/www.youtube.com\/user\/tauroessiccatori\"]}]}<\/script>\n<!-- \/ Yoast SEO plugin. -->","yoast_head_json":{"title":"DrySilk Net Retine Antiaderenti - confezione da 6 - Tauro Essiccatori","description":"DrySilk Net Retine Antiaderenti - confezione da 6 retine antiaderenti. Impilabili, per raddoppiare la capienza del tuo essiccatore, antiaderenza massima.","robots":{"index":"noindex","follow":"follow","max-snippet":"max-snippet:-1","max-image-preview":"max-image-preview:large","max-video-preview":"max-video-preview:-1"},"og_locale":"ro_RO","og_type":"article","og_title":"DrySilk Net Retine Antiaderenti - confezione da 6 - Tauro Essiccatori","og_description":"DrySilk Net Retine Antiaderenti - confezione da 6 retine antiaderenti. Impilabili, per raddoppiare la capienza del tuo essiccatore, antiaderenza massima.","og_url":"https:\/\/stor51.tauroessiccatori.com\/ro\/p\/uscaciune-net-6-retine\/","og_site_name":"Tauro Essiccatori","article_publisher":"https:\/\/www.facebook.com\/TauroEssiccatori\/","article_modified_time":"2023-08-22T08:12:44+00:00","og_image":[{"width":1210,"height":750,"url":"https:\/\/stor51.tauroessiccatori.com\/wp-assets\/uploads\/2018\/03\/DrySilkNet.jpg","type":"image\/jpeg"}],"twitter_card":"summary_large_image","twitter_misc":{"Est. reading time":"1 minut"},"schema":{"@context":"https:\/\/schema.org","@graph":[{"@type":"WebPage","@id":"https:\/\/stor51.tauroessiccatori.com\/p\/drysilk-net-6-retine\/","url":"https:\/\/stor51.tauroessiccatori.com\/p\/drysilk-net-6-retine\/","name":"DrySilk Net Retine Antiaderenti - confezione da 6 - Tauro Essiccatori","isPartOf":{"@id":"https:\/\/stor51.tauroessiccatori.com\/#website"},"datePublished":"2018-03-30T08:58:00+00:00","dateModified":"2023-08-22T08:12:44+00:00","description":"DrySilk Net Retine Antiaderenti - confezione da 6 retine antiaderenti. Impilabili, per raddoppiare la capienza del tuo essiccatore, antiaderenza massima.","breadcrumb":{"@id":"https:\/\/stor51.tauroessiccatori.com\/p\/drysilk-net-6-retine\/#breadcrumb"},"inLanguage":"ro-RO","potentialAction":[{"@type":"ReadAction","target":["https:\/\/stor51.tauroessiccatori.com\/p\/drysilk-net-6-retine\/"]}]},{"@type":"BreadcrumbList","@id":"https:\/\/stor51.tauroessiccatori.com\/p\/drysilk-net-6-retine\/#breadcrumb","itemListElement":[{"@type":"ListItem","position":1,"name":"Home","item":"https:\/\/stor51.tauroessiccatori.com\/"},{"@type":"ListItem","position":2,"name":"Shop","item":"https:\/\/stor51.tauroessiccatori.com\/negozio\/"},{"@type":"ListItem","position":3,"name":"DrySilk Net &#8211; 6 retine"}]},{"@type":"WebSite","@id":"https:\/\/stor51.tauroessiccatori.com\/#website","url":"https:\/\/stor51.tauroessiccatori.com\/","name":"Tauro Essiccatori","description":"Welcome to Tauro Essiccatori online shop","publisher":{"@id":"https:\/\/stor51.tauroessiccatori.com\/#organization"},"potentialAction":[{"@type":"SearchAction","target":{"@type":"EntryPoint","urlTemplate":"https:\/\/stor51.tauroessiccatori.com\/?s={search_term_string}"},"query-input":"required name=search_term_string"}],"inLanguage":"ro-RO"},{"@type":"Organization","@id":"https:\/\/stor51.tauroessiccatori.com\/#organization","name":"Tauro Essiccatori","url":"https:\/\/stor51.tauroessiccatori.com\/","logo":{"@type":"ImageObject","inLanguage":"ro-RO","@id":"https:\/\/stor51.tauroessiccatori.com\/#\/schema\/logo\/image\/","url":"https:\/\/www.tauroessiccatori.com\/wp-assets\/uploads\/2017\/07\/logo_tauro_500x109px.png","contentUrl":"https:\/\/www.tauroessiccatori.com\/wp-assets\/uploads\/2017\/07\/logo_tauro_500x109px.png","width":500,"height":109,"caption":"Tauro Essiccatori"},"image":{"@id":"https:\/\/stor51.tauroessiccatori.com\/#\/schema\/logo\/image\/"},"sameAs":["https:\/\/www.facebook.com\/TauroEssiccatori\/","https:\/\/www.instagram.com\/tauro_essiccatori\/","https:\/\/it.linkedin.com\/company\/tauro-essiccatori","https:\/\/www.youtube.com\/user\/tauroessiccatori"]}]}},"_links":{"self":[{"href":"https:\/\/stor51.tauroessiccatori.com\/ro\/wp-json\/wp\/v2\/product\/1932"}],"collection":[{"href":"https:\/\/stor51.tauroessiccatori.com\/ro\/wp-json\/wp\/v2\/product"}],"about":[{"href":"https:\/\/stor51.tauroessiccatori.com\/ro\/wp-json\/wp\/v2\/types\/product"}],"replies":[{"embeddable":true,"href":"https:\/\/stor51.tauroessiccatori.com\/ro\/wp-json\/wp\/v2\/comments?post=1932"}],"wp:featuredmedia":[{"embeddable":true,"href":"https:\/\/stor51.tauroessiccatori.com\/ro\/wp-json\/wp\/v2\/media\/1928"}],"wp:attachment":[{"href":"https:\/\/stor51.tauroessiccatori.com\/ro\/wp-json\/wp\/v2\/media?parent=1932"}],"wp:term":[{"taxonomy":"product_cat","embeddable":true,"href":"https:\/\/stor51.tauroessiccatori.com\/ro\/wp-json\/wp\/v2\/product_cat?post=1932"},{"taxonomy":"product_tag","embeddable":true,"href":"https:\/\/stor51.tauroessiccatori.com\/ro\/wp-json\/wp\/v2\/product_tag?post=1932"}],"curies":[{"name":"wp","href":"https:\/\/api.w.org\/{rel}","templated":true}]}}