


{"id":165913,"date":"2022-10-05T10:36:00","date_gmt":"2022-10-05T08:36:00","guid":{"rendered":"https:\/\/www.tauroessiccatori.com\/?post_type=product&#038;p=165913\/"},"modified":"2023-04-17T17:26:46","modified_gmt":"2023-04-17T15:26:46","slug":"corso-di-essiccazione-base-avanzato","status":"publish","type":"product","link":"https:\/\/stor51.tauroessiccatori.com\/ro\/p\/curs-avansat-de-uscare-de-baza\/","title":{"rendered":"Curs de uscare de baz\u0103 + avansat"},"content":{"rendered":"<div class=\"tauro-banners\"><div class=\"banner-00\" style=\"background-color: #852035\">\r\n<div class=\"ix-xmas-box-other\" style=\"font-size: 18px;padding: 7px 0;margin: 0 auto 0px auto\" align=\"center\"><b style=\"color: #fff;font-size: 18px\">Pune\u021bi un BIOSEC sub copac. <a style=\"color: #f8cc89;font-weight: bold;text-decoration: none;font-size: 18px\" href=\"https:\/\/www.tauroessiccatori.com\/christmas-2024\/\">DESCOPER\u0102 AICI<\/a> Promo\u021bii de Cr\u0103ciun!<\/b><\/div>\r\n<\/div><div class=\"banner-00\" style=\"background-color: #000\">\r\n<div class=\"ix-xmas-box-other\" style=\"font-size: 18px;padding: 7px 0;margin: 0 auto 0px auto\" align=\"center\"><b style=\"color: #fff\"> Reducerile de Black Friday sunt aici! \u00a0 <a style=\"color: #f77209;font-weight: bold;text-decoration: none\" href=\"https:\/\/www.tauroessiccatori.com\/black-friday-2024\/\"> Face\u021bi clic pentru a nu le pierde \u2192 <\/a>\r\n<\/b><\/div>\r\n<\/div><\/div><div>\n<p><strong>Descriere Curs video despre uscarea de baz\u0103:<\/strong><\/p>\n<p>Porne\u0219ti usc\u0103torul doar pentru a face mere \u0219i ciuperci? Ave\u021bi chef s\u0103 v\u0103 folosi\u021bi c\u00e2t mai bine usc\u0103torul? Acest curs v\u0103 va prezenta numeroasele preparate pe care le pute\u021bi face cu usc\u0103torul.<br \/>\n\u00cen primul r\u00e2nd, ve\u021bi \u00een\u021belege cum func\u021bioneaz\u0103 \u00een detaliu un usc\u0103tor (vertical \u0219i orizontal), cum uscarea transform\u0103 alimentele \u0219i cum trebuie tratate pentru a le usca \u00een cel mai bun mod: preg\u0103tirea \u0219i prelucrarea, depozitarea \u0219i siguran\u021ba alimentar\u0103.<br \/>\nBuc\u0103tarul v\u0103 va ghida prin etapele de baz\u0103 ale tehnicilor de preparare, v\u0103 va ar\u0103ta rezultatele, va analiza punctele slabe, posibilele rezultate nedorite \u0219i cum s\u0103 le \u00eembun\u0103t\u0103\u021bi\u021bi. El v\u0103 va \u00eemp\u0103rt\u0103\u0219i experien\u021ba sa \u00eendelungat\u0103 de usc\u0103tor.<\/p>\n<div>\n<p><strong>PROGRAM DE CURS:<\/strong><\/p>\n<ul>\n1. Fructe \u0219i legume<br \/>\nChipsuri sau felii<br \/>\n1.2. Praf<br \/>\nPiele de fructe<br \/>\n1.4. \u00centreg sau jum\u0103tate<br \/>\n2. Chipsuri de cartofi nepr\u0103ji\u021bi<br \/>\n3. Pe\u0219te \u0219i carne<br \/>\n4. Zah\u0103r<br \/>\nZah\u0103r din fructe<br \/>\n4.2. Zaharuri aromatizate<br \/>\n4.3. Meringuri<br \/>\n4.4. P\u0103st\u0103i de zah\u0103r<br \/>\n5. Lapte praf, conserve de porumb \u0219i p\u0103m\u00e2nt de m\u0103sline<br \/>\n6. Batoane pentru micul dejun, biscui\u021bi \u0219i cereale<br \/>\n7. Semin\u021be de gr\u0103din\u0103 - camer\u0103 de fermentare - lemn de afumare<br \/>\n8. H\u00e2rtie\n<\/div>\n<div>\n<p><strong>Descriere Cursul video de uscare avansat\u0103:<\/strong><\/p>\n<p>Dac\u0103 usc\u0103torul dumneavoastr\u0103 este mereu pornit, pune\u021bi-l la \u00eencercare. Cursul avansat v\u0103 va introduce \u00een preparate mai complexe.<br \/>\nUsc\u0103torul este o camer\u0103 cu o temperatur\u0103 mai mult sau mai pu\u021bin constant\u0103 \u0219i poate fi un ajutor valoros \u00een anumite procese de preparare, \u00eenlocuind alte instrumente sau acceler\u00e2nd anumite etape. Chef Dalicandro va explica \u00een detaliu tehnicile acestor preparate, cu pa\u0219ii de baz\u0103. El va ar\u0103ta rezultatele \u0219i v\u0103 va povesti cum a ajuns s\u0103 lucreze la unele preparate, \u00eemp\u0103rt\u0103\u0219ind cu dumneavoastr\u0103 rezultatele experimentelor sale de-a lungul anilor.<br \/>\nExperimentarea \u00eenseamn\u0103 evaluarea rezultatelor, \u00een\u021belegerea modului \u00een care produsul este transformat \u0219i conservat. Exist\u0103 mul\u021bi parametri care trebuie lua\u021bi \u00een considerare \u00eenainte de a se \u00eencheia un proces. Nu trebuie s\u0103 ne l\u0103s\u0103m opri\u021bi de rezultatele nedorite, ci trebuie s\u0103 \u0219tim cum s\u0103 le analiz\u0103m.<br \/>\nTrebuie s\u0103 \u021bine\u021bi cont de modul \u00een care ac\u021bioneaz\u0103 usc\u0103torul asupra alimentelor \u0219i s\u0103 c\u00e2nt\u0103ri\u021bi \u00eentotdeauna argumentele pro \u0219i contra. Nu putem face totul cu usc\u0103torul. Trebuie s\u0103 \u021binem \u00eentotdeauna cont de scopul pentru care este f\u0103cut.<br \/>\nVa fi o mic\u0103 surpriz\u0103 \u00een plus!<\/p>\n<div>\n<p><strong>PROGRAM DE CURS:<\/strong><\/p>\n<ul>\n1. Bomboane de ciocolat\u0103<br \/>\n2. Paste f\u0103inoase<br \/>\n3. Suflare<br \/>\n4. Uscat Umed Uscat<br \/>\n5. Sorbet f\u0103r\u0103 adaos de zah\u0103r<br \/>\n6. Orez<br \/>\n7. M\u00e2nc\u0103ruri gata preparate<br \/>\n8. Porkbushi<br \/>\n9. Sali<br \/>\n10. Unt clarificat<br \/>\n11. Infuzii<br \/>\n12. Ciocolat\u0103 temperat\u0103<br \/>\n13. Usturoi negru<br \/>\n14. L\u0103m\u00e2ie neagr\u0103<br \/>\n15. Iaurt<br \/>\n16. Cafea solubil\u0103<br \/>\n17. EXTRA: surpriz\u0103!\n<\/div>\n<\/div>\n<p><strong>Ofert\u0103 promo\u021bional\u0103: Curs video BASE DRYING + ADVANCED DRYING la 140.00 \u20ac \u00een loc de 160.00 \u20ac - acces la curs timp de 6 luni.\u00a0<\/strong>\n<\/div>","protected":false},"excerpt":{"rendered":"<p>Metti un BIOSEC sotto l&#8217;Albero. SCOPRI QUI le promozioni di Natale! Gli sconti Black Friday sono qui! \u00a0 Clicca\u00a0per\u00a0non perderli \u2192 Descrizione Video Corso di ESSICCAZIONE BASE: Accendi l\u2019essiccatore solo per fare mele e funghi? Hai voglia di utilizzare al meglio il tuo essiccatore? Questo corso ti far\u00e0 scoprire le moltissime preparazioni che \u00e8 possibile [&hellip;]<\/p>","protected":false},"featured_media":167900,"comment_status":"closed","ping_status":"closed","template":"","meta":[],"product_cat":[196],"product_tag":[],"class_list":["post-165913","product","type-product","status-publish","has-post-thumbnail","hentry","product_cat-libri"],"acf":[],"yoast_head":"<!-- This site is optimized with the Yoast SEO plugin v20.10 - https:\/\/yoast.com\/wordpress\/plugins\/seo\/ -->\n<title>Corso di Essiccazione Base + Avanzato - Tauro Essiccatori<\/title>\n<meta name=\"robots\" content=\"noindex, follow, max-snippet:-1, max-image-preview:large, max-video-preview:-1\" \/>\n<meta property=\"og:locale\" content=\"ro_RO\" \/>\n<meta property=\"og:type\" content=\"article\" \/>\n<meta property=\"og:title\" content=\"Corso di Essiccazione Base + Avanzato - Tauro Essiccatori\" \/>\n<meta property=\"og:description\" content=\"Metti un BIOSEC sotto l&#039;Albero. SCOPRI QUI le promozioni di Natale! Gli sconti Black Friday sono qui! \u00a0 Clicca\u00a0per\u00a0non perderli \u2192 Descrizione Video Corso di ESSICCAZIONE BASE: Accendi l\u2019essiccatore solo per fare mele e funghi? Hai voglia di utilizzare al meglio il tuo essiccatore? Questo corso ti far\u00e0 scoprire le moltissime preparazioni che \u00e8 possibile [&hellip;]\" \/>\n<meta property=\"og:url\" content=\"https:\/\/stor51.tauroessiccatori.com\/ro\/p\/curs-avansat-de-uscare-de-baza\/\" \/>\n<meta property=\"og:site_name\" content=\"Tauro Essiccatori\" \/>\n<meta property=\"article:publisher\" content=\"https:\/\/www.facebook.com\/TauroEssiccatori\/\" \/>\n<meta property=\"article:modified_time\" content=\"2023-04-17T15:26:46+00:00\" \/>\n<meta property=\"og:image\" content=\"https:\/\/stor51.tauroessiccatori.com\/wp-assets\/uploads\/2022\/10\/tauro_chef_dalicandro_corsi.jpg\" \/>\n\t<meta property=\"og:image:width\" content=\"2048\" \/>\n\t<meta property=\"og:image:height\" content=\"1266\" \/>\n\t<meta property=\"og:image:type\" content=\"image\/jpeg\" \/>\n<meta name=\"twitter:card\" content=\"summary_large_image\" \/>\n<meta name=\"twitter:label1\" content=\"Est. reading time\" \/>\n\t<meta name=\"twitter:data1\" content=\"2 minute\" \/>\n<script type=\"application\/ld+json\" class=\"yoast-schema-graph\">{\"@context\":\"https:\/\/schema.org\",\"@graph\":[{\"@type\":\"WebPage\",\"@id\":\"https:\/\/stor51.tauroessiccatori.com\/p\/corso-di-essiccazione-base-avanzato\/\",\"url\":\"https:\/\/stor51.tauroessiccatori.com\/p\/corso-di-essiccazione-base-avanzato\/\",\"name\":\"Corso di Essiccazione Base + Avanzato - Tauro Essiccatori\",\"isPartOf\":{\"@id\":\"https:\/\/stor51.tauroessiccatori.com\/#website\"},\"datePublished\":\"2022-10-05T08:36:00+00:00\",\"dateModified\":\"2023-04-17T15:26:46+00:00\",\"breadcrumb\":{\"@id\":\"https:\/\/stor51.tauroessiccatori.com\/p\/corso-di-essiccazione-base-avanzato\/#breadcrumb\"},\"inLanguage\":\"ro-RO\",\"potentialAction\":[{\"@type\":\"ReadAction\",\"target\":[\"https:\/\/stor51.tauroessiccatori.com\/p\/corso-di-essiccazione-base-avanzato\/\"]}]},{\"@type\":\"BreadcrumbList\",\"@id\":\"https:\/\/stor51.tauroessiccatori.com\/p\/corso-di-essiccazione-base-avanzato\/#breadcrumb\",\"itemListElement\":[{\"@type\":\"ListItem\",\"position\":1,\"name\":\"Home\",\"item\":\"https:\/\/stor51.tauroessiccatori.com\/\"},{\"@type\":\"ListItem\",\"position\":2,\"name\":\"Shop\",\"item\":\"https:\/\/stor51.tauroessiccatori.com\/negozio\/\"},{\"@type\":\"ListItem\",\"position\":3,\"name\":\"Corso di Essiccazione Base + Avanzato\"}]},{\"@type\":\"WebSite\",\"@id\":\"https:\/\/stor51.tauroessiccatori.com\/#website\",\"url\":\"https:\/\/stor51.tauroessiccatori.com\/\",\"name\":\"Tauro Essiccatori\",\"description\":\"Welcome to Tauro Essiccatori online shop\",\"publisher\":{\"@id\":\"https:\/\/stor51.tauroessiccatori.com\/#organization\"},\"potentialAction\":[{\"@type\":\"SearchAction\",\"target\":{\"@type\":\"EntryPoint\",\"urlTemplate\":\"https:\/\/stor51.tauroessiccatori.com\/?s={search_term_string}\"},\"query-input\":\"required name=search_term_string\"}],\"inLanguage\":\"ro-RO\"},{\"@type\":\"Organization\",\"@id\":\"https:\/\/stor51.tauroessiccatori.com\/#organization\",\"name\":\"Tauro Essiccatori\",\"url\":\"https:\/\/stor51.tauroessiccatori.com\/\",\"logo\":{\"@type\":\"ImageObject\",\"inLanguage\":\"ro-RO\",\"@id\":\"https:\/\/stor51.tauroessiccatori.com\/#\/schema\/logo\/image\/\",\"url\":\"https:\/\/www.tauroessiccatori.com\/wp-assets\/uploads\/2017\/07\/logo_tauro_500x109px.png\",\"contentUrl\":\"https:\/\/www.tauroessiccatori.com\/wp-assets\/uploads\/2017\/07\/logo_tauro_500x109px.png\",\"width\":500,\"height\":109,\"caption\":\"Tauro Essiccatori\"},\"image\":{\"@id\":\"https:\/\/stor51.tauroessiccatori.com\/#\/schema\/logo\/image\/\"},\"sameAs\":[\"https:\/\/www.facebook.com\/TauroEssiccatori\/\",\"https:\/\/www.instagram.com\/tauro_essiccatori\/\",\"https:\/\/it.linkedin.com\/company\/tauro-essiccatori\",\"https:\/\/www.youtube.com\/user\/tauroessiccatori\"]}]}<\/script>\n<!-- \/ Yoast SEO plugin. -->","yoast_head_json":{"title":"Corso di Essiccazione Base + Avanzato - Tauro Essiccatori","robots":{"index":"noindex","follow":"follow","max-snippet":"max-snippet:-1","max-image-preview":"max-image-preview:large","max-video-preview":"max-video-preview:-1"},"og_locale":"ro_RO","og_type":"article","og_title":"Corso di Essiccazione Base + Avanzato - Tauro Essiccatori","og_description":"Metti un BIOSEC sotto l'Albero. SCOPRI QUI le promozioni di Natale! Gli sconti Black Friday sono qui! \u00a0 Clicca\u00a0per\u00a0non perderli \u2192 Descrizione Video Corso di ESSICCAZIONE BASE: Accendi l\u2019essiccatore solo per fare mele e funghi? Hai voglia di utilizzare al meglio il tuo essiccatore? Questo corso ti far\u00e0 scoprire le moltissime preparazioni che \u00e8 possibile [&hellip;]","og_url":"https:\/\/stor51.tauroessiccatori.com\/ro\/p\/curs-avansat-de-uscare-de-baza\/","og_site_name":"Tauro Essiccatori","article_publisher":"https:\/\/www.facebook.com\/TauroEssiccatori\/","article_modified_time":"2023-04-17T15:26:46+00:00","og_image":[{"width":2048,"height":1266,"url":"https:\/\/stor51.tauroessiccatori.com\/wp-assets\/uploads\/2022\/10\/tauro_chef_dalicandro_corsi.jpg","type":"image\/jpeg"}],"twitter_card":"summary_large_image","twitter_misc":{"Est. reading time":"2 minute"},"schema":{"@context":"https:\/\/schema.org","@graph":[{"@type":"WebPage","@id":"https:\/\/stor51.tauroessiccatori.com\/p\/corso-di-essiccazione-base-avanzato\/","url":"https:\/\/stor51.tauroessiccatori.com\/p\/corso-di-essiccazione-base-avanzato\/","name":"Corso di Essiccazione Base + Avanzato - Tauro Essiccatori","isPartOf":{"@id":"https:\/\/stor51.tauroessiccatori.com\/#website"},"datePublished":"2022-10-05T08:36:00+00:00","dateModified":"2023-04-17T15:26:46+00:00","breadcrumb":{"@id":"https:\/\/stor51.tauroessiccatori.com\/p\/corso-di-essiccazione-base-avanzato\/#breadcrumb"},"inLanguage":"ro-RO","potentialAction":[{"@type":"ReadAction","target":["https:\/\/stor51.tauroessiccatori.com\/p\/corso-di-essiccazione-base-avanzato\/"]}]},{"@type":"BreadcrumbList","@id":"https:\/\/stor51.tauroessiccatori.com\/p\/corso-di-essiccazione-base-avanzato\/#breadcrumb","itemListElement":[{"@type":"ListItem","position":1,"name":"Home","item":"https:\/\/stor51.tauroessiccatori.com\/"},{"@type":"ListItem","position":2,"name":"Shop","item":"https:\/\/stor51.tauroessiccatori.com\/negozio\/"},{"@type":"ListItem","position":3,"name":"Corso di Essiccazione Base + Avanzato"}]},{"@type":"WebSite","@id":"https:\/\/stor51.tauroessiccatori.com\/#website","url":"https:\/\/stor51.tauroessiccatori.com\/","name":"Tauro Essiccatori","description":"Welcome to Tauro Essiccatori online shop","publisher":{"@id":"https:\/\/stor51.tauroessiccatori.com\/#organization"},"potentialAction":[{"@type":"SearchAction","target":{"@type":"EntryPoint","urlTemplate":"https:\/\/stor51.tauroessiccatori.com\/?s={search_term_string}"},"query-input":"required name=search_term_string"}],"inLanguage":"ro-RO"},{"@type":"Organization","@id":"https:\/\/stor51.tauroessiccatori.com\/#organization","name":"Tauro Essiccatori","url":"https:\/\/stor51.tauroessiccatori.com\/","logo":{"@type":"ImageObject","inLanguage":"ro-RO","@id":"https:\/\/stor51.tauroessiccatori.com\/#\/schema\/logo\/image\/","url":"https:\/\/www.tauroessiccatori.com\/wp-assets\/uploads\/2017\/07\/logo_tauro_500x109px.png","contentUrl":"https:\/\/www.tauroessiccatori.com\/wp-assets\/uploads\/2017\/07\/logo_tauro_500x109px.png","width":500,"height":109,"caption":"Tauro Essiccatori"},"image":{"@id":"https:\/\/stor51.tauroessiccatori.com\/#\/schema\/logo\/image\/"},"sameAs":["https:\/\/www.facebook.com\/TauroEssiccatori\/","https:\/\/www.instagram.com\/tauro_essiccatori\/","https:\/\/it.linkedin.com\/company\/tauro-essiccatori","https:\/\/www.youtube.com\/user\/tauroessiccatori"]}]}},"_links":{"self":[{"href":"https:\/\/stor51.tauroessiccatori.com\/ro\/wp-json\/wp\/v2\/product\/165913"}],"collection":[{"href":"https:\/\/stor51.tauroessiccatori.com\/ro\/wp-json\/wp\/v2\/product"}],"about":[{"href":"https:\/\/stor51.tauroessiccatori.com\/ro\/wp-json\/wp\/v2\/types\/product"}],"replies":[{"embeddable":true,"href":"https:\/\/stor51.tauroessiccatori.com\/ro\/wp-json\/wp\/v2\/comments?post=165913"}],"wp:featuredmedia":[{"embeddable":true,"href":"https:\/\/stor51.tauroessiccatori.com\/ro\/wp-json\/wp\/v2\/media\/167900"}],"wp:attachment":[{"href":"https:\/\/stor51.tauroessiccatori.com\/ro\/wp-json\/wp\/v2\/media?parent=165913"}],"wp:term":[{"taxonomy":"product_cat","embeddable":true,"href":"https:\/\/stor51.tauroessiccatori.com\/ro\/wp-json\/wp\/v2\/product_cat?post=165913"},{"taxonomy":"product_tag","embeddable":true,"href":"https:\/\/stor51.tauroessiccatori.com\/ro\/wp-json\/wp\/v2\/product_tag?post=165913"}],"curies":[{"name":"wp","href":"https:\/\/api.w.org\/{rel}","templated":true}]}}