


{"id":165912,"date":"2022-10-05T10:22:47","date_gmt":"2022-10-05T08:22:47","guid":{"rendered":"https:\/\/www.tauroessiccatori.com\/?post_type=product&#038;p=165912\/"},"modified":"2023-04-17T17:27:36","modified_gmt":"2023-04-17T15:27:36","slug":"corso-di-essiccazione-avanzato","status":"publish","type":"product","link":"https:\/\/stor51.tauroessiccatori.com\/ro\/p\/curs-avansat-de-uscare\/","title":{"rendered":"Curs avansat de uscare"},"content":{"rendered":"<div class=\"tauro-banners\"><div class=\"banner-00\" style=\"background-color: #852035\">\r\n<div class=\"ix-xmas-box-other\" style=\"font-size: 18px;padding: 7px 0;margin: 0 auto 0px auto\" align=\"center\"><b style=\"color: #fff;font-size: 18px\">Pune\u021bi un BIOSEC sub copac. <a style=\"color: #f8cc89;font-weight: bold;text-decoration: none;font-size: 18px\" href=\"https:\/\/www.tauroessiccatori.com\/christmas-2024\/\">DESCOPER\u0102 AICI<\/a> Promo\u021bii de Cr\u0103ciun!<\/b><\/div>\r\n<\/div><div class=\"banner-00\" style=\"background-color: #000\">\r\n<div class=\"ix-xmas-box-other\" style=\"font-size: 18px;padding: 7px 0;margin: 0 auto 0px auto\" align=\"center\"><b style=\"color: #fff\"> Reducerile de Black Friday sunt aici! \u00a0 <a style=\"color: #f77209;font-weight: bold;text-decoration: none\" href=\"https:\/\/www.tauroessiccatori.com\/black-friday-2024\/\"> Face\u021bi clic pentru a nu le pierde \u2192 <\/a>\r\n<\/b><\/div>\r\n<\/div><\/div><div>\n<p><strong>Descriere Cursul video de uscare avansat\u0103:<\/strong><\/p>\n<p>Dac\u0103 usc\u0103torul dumneavoastr\u0103 este mereu pornit, pune\u021bi-l la \u00eencercare. Cursul avansat v\u0103 va introduce \u00een preparate mai complexe.<br \/>\nUsc\u0103torul este o camer\u0103 cu o temperatur\u0103 mai mult sau mai pu\u021bin constant\u0103 \u0219i poate fi un ajutor valoros \u00een anumite procese de preparare, \u00eenlocuind alte instrumente sau acceler\u00e2nd anumite etape. Chef Dalicandro va explica \u00een detaliu tehnicile acestor preparate, cu pa\u0219ii de baz\u0103. El va ar\u0103ta rezultatele \u0219i v\u0103 va povesti cum a ajuns s\u0103 lucreze la unele preparate, \u00eemp\u0103rt\u0103\u0219ind cu dumneavoastr\u0103 rezultatele experimentelor sale de-a lungul anilor.<br \/>\nExperimentarea \u00eenseamn\u0103 evaluarea rezultatelor, \u00een\u021belegerea modului \u00een care produsul este transformat \u0219i conservat. Exist\u0103 mul\u021bi parametri care trebuie lua\u021bi \u00een considerare \u00eenainte de a se \u00eencheia un proces. Nu trebuie s\u0103 ne l\u0103s\u0103m opri\u021bi de rezultatele nedorite, ci trebuie s\u0103 \u0219tim cum s\u0103 le analiz\u0103m.<br \/>\nTrebuie s\u0103 \u021bine\u021bi cont de modul \u00een care ac\u021bioneaz\u0103 usc\u0103torul asupra alimentelor \u0219i s\u0103 c\u00e2nt\u0103ri\u021bi \u00eentotdeauna argumentele pro \u0219i contra. Nu putem face totul cu usc\u0103torul. Trebuie s\u0103 \u021binem \u00eentotdeauna cont de scopul pentru care este f\u0103cut.<br \/>\nVa fi o mic\u0103 surpriz\u0103 \u00een plus!<\/p>\n<div>\n<p><strong>PROGRAM DE CURS:<\/strong><\/p>\n<ul>\n1. Bomboane de ciocolat\u0103<br \/>\n2. Paste f\u0103inoase<br \/>\n3. Suflare<br \/>\n4. Uscat Umed Uscat<br \/>\n5. Sorbet f\u0103r\u0103 adaos de zah\u0103r<br \/>\n6. Orez<br \/>\n7. M\u00e2nc\u0103ruri gata preparate<br \/>\n8. Porkbushi<br \/>\n9. Sali<br \/>\n10. Unt clarificat<br \/>\n11. Infuzii<br \/>\n12. Ciocolat\u0103 temperat\u0103<br \/>\n13. Usturoi negru<br \/>\n14. L\u0103m\u00e2ie neagr\u0103<br \/>\n15. Iaurt<br \/>\n16. Cafea solubil\u0103<br \/>\n17. EXTRA: surpriz\u0103!\n<\/div>\n<p><strong>Ofert\u0103 promo\u021bional\u0103: Curs video ADVANCED DRYING la 80,00 \u20ac \u00een loc de 100,00 \u20ac - acces la curs timp de 6 luni.\u00a0<\/strong>\n<\/div>","protected":false},"excerpt":{"rendered":"<p>Metti un BIOSEC sotto l&#8217;Albero. SCOPRI QUI le promozioni di Natale! Gli sconti Black Friday sono qui! \u00a0 Clicca\u00a0per\u00a0non perderli \u2192 Descrizione Video Corso di ESSICCAZIONE AVANZATO: Se il tuo essiccatore \u00e8 sempre accesso, mettilo alla prova. Il corso avanzato ti introdurr\u00e0 alle preparazioni pi\u00f9 complesse. L\u2019essiccatore \u00e8 una camera a temperatura pi\u00f9 o meno [&hellip;]<\/p>","protected":false},"featured_media":167900,"comment_status":"closed","ping_status":"closed","template":"","meta":[],"product_cat":[196],"product_tag":[],"class_list":["post-165912","product","type-product","status-publish","has-post-thumbnail","hentry","product_cat-libri"],"acf":[],"yoast_head":"<!-- This site is optimized with the Yoast SEO plugin v20.10 - https:\/\/yoast.com\/wordpress\/plugins\/seo\/ -->\n<title>Corso di Essiccazione Avanzato - Tauro Essiccatori<\/title>\n<meta name=\"robots\" content=\"noindex, follow, max-snippet:-1, max-image-preview:large, max-video-preview:-1\" \/>\n<meta property=\"og:locale\" content=\"ro_RO\" \/>\n<meta property=\"og:type\" content=\"article\" \/>\n<meta property=\"og:title\" content=\"Corso di Essiccazione Avanzato - Tauro Essiccatori\" \/>\n<meta property=\"og:description\" content=\"Metti un BIOSEC sotto l&#039;Albero. SCOPRI QUI le promozioni di Natale! Gli sconti Black Friday sono qui! \u00a0 Clicca\u00a0per\u00a0non perderli \u2192 Descrizione Video Corso di ESSICCAZIONE AVANZATO: Se il tuo essiccatore \u00e8 sempre accesso, mettilo alla prova. Il corso avanzato ti introdurr\u00e0 alle preparazioni pi\u00f9 complesse. L\u2019essiccatore \u00e8 una camera a temperatura pi\u00f9 o meno [&hellip;]\" \/>\n<meta property=\"og:url\" content=\"https:\/\/stor51.tauroessiccatori.com\/ro\/p\/curs-avansat-de-uscare\/\" \/>\n<meta property=\"og:site_name\" content=\"Tauro Essiccatori\" \/>\n<meta property=\"article:publisher\" content=\"https:\/\/www.facebook.com\/TauroEssiccatori\/\" \/>\n<meta property=\"article:modified_time\" content=\"2023-04-17T15:27:36+00:00\" \/>\n<meta property=\"og:image\" content=\"https:\/\/stor51.tauroessiccatori.com\/wp-assets\/uploads\/2022\/10\/tauro_chef_dalicandro_corsi.jpg\" \/>\n\t<meta property=\"og:image:width\" content=\"2048\" \/>\n\t<meta property=\"og:image:height\" content=\"1266\" \/>\n\t<meta property=\"og:image:type\" content=\"image\/jpeg\" \/>\n<meta name=\"twitter:card\" content=\"summary_large_image\" \/>\n<meta name=\"twitter:label1\" content=\"Est. reading time\" \/>\n\t<meta name=\"twitter:data1\" content=\"1 minut\" \/>\n<script type=\"application\/ld+json\" class=\"yoast-schema-graph\">{\"@context\":\"https:\/\/schema.org\",\"@graph\":[{\"@type\":\"WebPage\",\"@id\":\"https:\/\/stor51.tauroessiccatori.com\/p\/corso-di-essiccazione-avanzato\/\",\"url\":\"https:\/\/stor51.tauroessiccatori.com\/p\/corso-di-essiccazione-avanzato\/\",\"name\":\"Corso di Essiccazione Avanzato - Tauro Essiccatori\",\"isPartOf\":{\"@id\":\"https:\/\/stor51.tauroessiccatori.com\/#website\"},\"datePublished\":\"2022-10-05T08:22:47+00:00\",\"dateModified\":\"2023-04-17T15:27:36+00:00\",\"breadcrumb\":{\"@id\":\"https:\/\/stor51.tauroessiccatori.com\/p\/corso-di-essiccazione-avanzato\/#breadcrumb\"},\"inLanguage\":\"ro-RO\",\"potentialAction\":[{\"@type\":\"ReadAction\",\"target\":[\"https:\/\/stor51.tauroessiccatori.com\/p\/corso-di-essiccazione-avanzato\/\"]}]},{\"@type\":\"BreadcrumbList\",\"@id\":\"https:\/\/stor51.tauroessiccatori.com\/p\/corso-di-essiccazione-avanzato\/#breadcrumb\",\"itemListElement\":[{\"@type\":\"ListItem\",\"position\":1,\"name\":\"Home\",\"item\":\"https:\/\/stor51.tauroessiccatori.com\/\"},{\"@type\":\"ListItem\",\"position\":2,\"name\":\"Shop\",\"item\":\"https:\/\/stor51.tauroessiccatori.com\/negozio\/\"},{\"@type\":\"ListItem\",\"position\":3,\"name\":\"Corso di Essiccazione Avanzato\"}]},{\"@type\":\"WebSite\",\"@id\":\"https:\/\/stor51.tauroessiccatori.com\/#website\",\"url\":\"https:\/\/stor51.tauroessiccatori.com\/\",\"name\":\"Tauro Essiccatori\",\"description\":\"Welcome to Tauro Essiccatori online shop\",\"publisher\":{\"@id\":\"https:\/\/stor51.tauroessiccatori.com\/#organization\"},\"potentialAction\":[{\"@type\":\"SearchAction\",\"target\":{\"@type\":\"EntryPoint\",\"urlTemplate\":\"https:\/\/stor51.tauroessiccatori.com\/?s={search_term_string}\"},\"query-input\":\"required name=search_term_string\"}],\"inLanguage\":\"ro-RO\"},{\"@type\":\"Organization\",\"@id\":\"https:\/\/stor51.tauroessiccatori.com\/#organization\",\"name\":\"Tauro Essiccatori\",\"url\":\"https:\/\/stor51.tauroessiccatori.com\/\",\"logo\":{\"@type\":\"ImageObject\",\"inLanguage\":\"ro-RO\",\"@id\":\"https:\/\/stor51.tauroessiccatori.com\/#\/schema\/logo\/image\/\",\"url\":\"https:\/\/www.tauroessiccatori.com\/wp-assets\/uploads\/2017\/07\/logo_tauro_500x109px.png\",\"contentUrl\":\"https:\/\/www.tauroessiccatori.com\/wp-assets\/uploads\/2017\/07\/logo_tauro_500x109px.png\",\"width\":500,\"height\":109,\"caption\":\"Tauro Essiccatori\"},\"image\":{\"@id\":\"https:\/\/stor51.tauroessiccatori.com\/#\/schema\/logo\/image\/\"},\"sameAs\":[\"https:\/\/www.facebook.com\/TauroEssiccatori\/\",\"https:\/\/www.instagram.com\/tauro_essiccatori\/\",\"https:\/\/it.linkedin.com\/company\/tauro-essiccatori\",\"https:\/\/www.youtube.com\/user\/tauroessiccatori\"]}]}<\/script>\n<!-- \/ Yoast SEO plugin. -->","yoast_head_json":{"title":"Corso di Essiccazione Avanzato - Tauro Essiccatori","robots":{"index":"noindex","follow":"follow","max-snippet":"max-snippet:-1","max-image-preview":"max-image-preview:large","max-video-preview":"max-video-preview:-1"},"og_locale":"ro_RO","og_type":"article","og_title":"Corso di Essiccazione Avanzato - Tauro Essiccatori","og_description":"Metti un BIOSEC sotto l'Albero. SCOPRI QUI le promozioni di Natale! Gli sconti Black Friday sono qui! \u00a0 Clicca\u00a0per\u00a0non perderli \u2192 Descrizione Video Corso di ESSICCAZIONE AVANZATO: Se il tuo essiccatore \u00e8 sempre accesso, mettilo alla prova. Il corso avanzato ti introdurr\u00e0 alle preparazioni pi\u00f9 complesse. L\u2019essiccatore \u00e8 una camera a temperatura pi\u00f9 o meno [&hellip;]","og_url":"https:\/\/stor51.tauroessiccatori.com\/ro\/p\/curs-avansat-de-uscare\/","og_site_name":"Tauro Essiccatori","article_publisher":"https:\/\/www.facebook.com\/TauroEssiccatori\/","article_modified_time":"2023-04-17T15:27:36+00:00","og_image":[{"width":2048,"height":1266,"url":"https:\/\/stor51.tauroessiccatori.com\/wp-assets\/uploads\/2022\/10\/tauro_chef_dalicandro_corsi.jpg","type":"image\/jpeg"}],"twitter_card":"summary_large_image","twitter_misc":{"Est. reading time":"1 minut"},"schema":{"@context":"https:\/\/schema.org","@graph":[{"@type":"WebPage","@id":"https:\/\/stor51.tauroessiccatori.com\/p\/corso-di-essiccazione-avanzato\/","url":"https:\/\/stor51.tauroessiccatori.com\/p\/corso-di-essiccazione-avanzato\/","name":"Corso di Essiccazione Avanzato - Tauro Essiccatori","isPartOf":{"@id":"https:\/\/stor51.tauroessiccatori.com\/#website"},"datePublished":"2022-10-05T08:22:47+00:00","dateModified":"2023-04-17T15:27:36+00:00","breadcrumb":{"@id":"https:\/\/stor51.tauroessiccatori.com\/p\/corso-di-essiccazione-avanzato\/#breadcrumb"},"inLanguage":"ro-RO","potentialAction":[{"@type":"ReadAction","target":["https:\/\/stor51.tauroessiccatori.com\/p\/corso-di-essiccazione-avanzato\/"]}]},{"@type":"BreadcrumbList","@id":"https:\/\/stor51.tauroessiccatori.com\/p\/corso-di-essiccazione-avanzato\/#breadcrumb","itemListElement":[{"@type":"ListItem","position":1,"name":"Home","item":"https:\/\/stor51.tauroessiccatori.com\/"},{"@type":"ListItem","position":2,"name":"Shop","item":"https:\/\/stor51.tauroessiccatori.com\/negozio\/"},{"@type":"ListItem","position":3,"name":"Corso di Essiccazione Avanzato"}]},{"@type":"WebSite","@id":"https:\/\/stor51.tauroessiccatori.com\/#website","url":"https:\/\/stor51.tauroessiccatori.com\/","name":"Tauro Essiccatori","description":"Welcome to Tauro Essiccatori online shop","publisher":{"@id":"https:\/\/stor51.tauroessiccatori.com\/#organization"},"potentialAction":[{"@type":"SearchAction","target":{"@type":"EntryPoint","urlTemplate":"https:\/\/stor51.tauroessiccatori.com\/?s={search_term_string}"},"query-input":"required name=search_term_string"}],"inLanguage":"ro-RO"},{"@type":"Organization","@id":"https:\/\/stor51.tauroessiccatori.com\/#organization","name":"Tauro Essiccatori","url":"https:\/\/stor51.tauroessiccatori.com\/","logo":{"@type":"ImageObject","inLanguage":"ro-RO","@id":"https:\/\/stor51.tauroessiccatori.com\/#\/schema\/logo\/image\/","url":"https:\/\/www.tauroessiccatori.com\/wp-assets\/uploads\/2017\/07\/logo_tauro_500x109px.png","contentUrl":"https:\/\/www.tauroessiccatori.com\/wp-assets\/uploads\/2017\/07\/logo_tauro_500x109px.png","width":500,"height":109,"caption":"Tauro Essiccatori"},"image":{"@id":"https:\/\/stor51.tauroessiccatori.com\/#\/schema\/logo\/image\/"},"sameAs":["https:\/\/www.facebook.com\/TauroEssiccatori\/","https:\/\/www.instagram.com\/tauro_essiccatori\/","https:\/\/it.linkedin.com\/company\/tauro-essiccatori","https:\/\/www.youtube.com\/user\/tauroessiccatori"]}]}},"_links":{"self":[{"href":"https:\/\/stor51.tauroessiccatori.com\/ro\/wp-json\/wp\/v2\/product\/165912"}],"collection":[{"href":"https:\/\/stor51.tauroessiccatori.com\/ro\/wp-json\/wp\/v2\/product"}],"about":[{"href":"https:\/\/stor51.tauroessiccatori.com\/ro\/wp-json\/wp\/v2\/types\/product"}],"replies":[{"embeddable":true,"href":"https:\/\/stor51.tauroessiccatori.com\/ro\/wp-json\/wp\/v2\/comments?post=165912"}],"wp:featuredmedia":[{"embeddable":true,"href":"https:\/\/stor51.tauroessiccatori.com\/ro\/wp-json\/wp\/v2\/media\/167900"}],"wp:attachment":[{"href":"https:\/\/stor51.tauroessiccatori.com\/ro\/wp-json\/wp\/v2\/media?parent=165912"}],"wp:term":[{"taxonomy":"product_cat","embeddable":true,"href":"https:\/\/stor51.tauroessiccatori.com\/ro\/wp-json\/wp\/v2\/product_cat?post=165912"},{"taxonomy":"product_tag","embeddable":true,"href":"https:\/\/stor51.tauroessiccatori.com\/ro\/wp-json\/wp\/v2\/product_tag?post=165912"}],"curies":[{"name":"wp","href":"https:\/\/api.w.org\/{rel}","templated":true}]}}