


{"id":604,"date":"2017-04-10T14:53:26","date_gmt":"2017-04-10T12:53:26","guid":{"rendered":"http:\/\/store.tauroessiccatori.com\/?page_id=604"},"modified":"2023-02-19T21:03:08","modified_gmt":"2023-02-19T20:03:08","slug":"la-nostra-storia","status":"publish","type":"page","link":"https:\/\/stor51.tauroessiccatori.com\/ro\/our-history\/","title":{"rendered":"Povestea noastr\u0103"},"content":{"rendered":"<div class=\"tauro-banners\"><div class=\"banner-00\" style=\"background-color: #852035\">\r\n<div class=\"ix-xmas-box-other\" style=\"font-size: 18px;padding: 7px 0;margin: 0 auto 0px auto\" align=\"center\"><b style=\"color: #fff;font-size: 18px\">Pune\u021bi un BIOSEC sub copac. <a style=\"color: #f8cc89;font-weight: bold;text-decoration: none;font-size: 18px\" href=\"https:\/\/www.tauroessiccatori.com\/christmas-2024\/\">DESCOPER\u0102 AICI<\/a> Promo\u021bii de Cr\u0103ciun!<\/b><\/div>\r\n<\/div><div class=\"banner-00\" style=\"background-color: #000\">\r\n<div class=\"ix-xmas-box-other\" style=\"font-size: 18px;padding: 7px 0;margin: 0 auto 0px auto\" align=\"center\"><b style=\"color: #fff\"> Reducerile de Black Friday sunt aici! \u00a0 <a style=\"color: #f77209;font-weight: bold;text-decoration: none\" href=\"https:\/\/www.tauroessiccatori.com\/black-friday-2024\/\"> Face\u021bi clic pentru a nu le pierde \u2192 <\/a>\r\n<\/b><\/div>\r\n<\/div><\/div><p><!-- 2022-08-03 italix: kevin: was:h2 add:ix-h1--><\/p>\n<h1 class=\"ix-our-story-title ix-h1\">AVEM R\u0102D\u0102CINI COMUNE<\/h1>\n<div class=\"p1 ix-the-company-p ix-our-story-intro\">Tauro Essiccatori s-a n\u0103scut din pasiunea celor care tr\u0103iesc natura \u0219i mediul rural \u00een fiecare zi cu respect, ingeniozitate \u0219i d\u0103ruire. Intra\u021bi \u00een companie cu noi, citi\u021bi povestea noastr\u0103.<\/div>\n<div class=\"ix-our-story-p\">\n<div class=\"uk-grid uk-grid-medium\">\n<div class=\"uk-width-large-1-1\">\n<div class=\"ix-our-story-double-text\">\n<p class=\"ix-our-story-double-text-left\">Tauro Essiccatori nasce nella campagna veneta.<br \/>\nQui sono germogliate le idee per i nostri essiccatori, la mente rivolta a chi con l\u2019agricoltura fa storia e cultura.<br \/>\nI nostri clienti amano la qualit\u00e0 del Made in Italy, la condivisione di valori e tradizioni, l\u2019attenzione e il rispetto per\u00a0l\u2019ambiente, l\u2019uomo e\u00a0i frutti di un duro lavoro.<\/p>\n<\/div>\n<\/div>\n<div class=\"uk-width-large-1-1\">\n<div class=\"ix-our-story-double-text\">\n<p class=\"ix-our-story-double-text-right\">\u00centotdeauna am fost condu\u0219i de valori despre care se vorbe\u0219te mult ast\u0103zi: economisirea energiei, eco-sustenabilitatea, calitatea alimentelor \u0219i respectarea ciclului de produc\u021bie. \u00cen fiecare zi pornim de aici pentru a proiecta sisteme de uscare fiabile \u0219i durabile, care pot garanta celor care le folosesc cea mai bun\u0103 calitate a produsului uscat.<\/p>\n<\/div>\n<\/div>\n<\/div>\n<\/div>\n<\/div>\n<\/div>\n<div class=\"ix-our-story-image-sow\"><img decoding=\"async\" src=\"https:\/\/stor51.tauroessiccatori.com\/wp-assets\/uploads\/2019\/11\/evoluzione.jpg\" width=\"100%;\" \/><\/div>\n<div class=\"ix-container-inner\">\n<div class=\"\">\n<div class=\"\">\n<h2 class=\"ix-our-story-title\">EVOLU\u021aIA NATURAL\u0102<\/h2>\n<h3 class=\"ix-our-story-subtitle\">De la primele prototipuri la sistemul Dryset Pro: treizeci de ani de dezvoltare.<\/h3>\n<\/div>\n<div class=\"\">\n<div class=\"uk-grid uk-grid-medium\">\n<div class=\"uk-width-large-1-1\">\n<div class=\"ix-our-story-double-text\">\n<p class=\"ix-our-story-double-text-left\">Il primo essiccatore Tauro, che sarebbe diventato Biosec, \u00e8 nato quasi trent\u2019anni fa dall\u2019ingegno e dalla creativit\u00e0 di chi viveva quotidianamente la natura, la campagna, l\u2019orto e il frutteto.<br \/>\nUna passione personale \u00e8 divenuta idea di impresa, con un riscontro immediato e una crescita continua.<br \/>\nEd \u00e8 con quell\u2019idea ben salda in mente che nasce oggi ogni nostro essiccatore.<\/p>\n<\/div>\n<\/div>\n<div class=\"uk-width-large-1-1\">\n<div class=\"ix-our-story-double-text\">\n<p class=\"ix-our-story-double-text-right\">La strada paziente tracciata in questi anni ci ha permesso di diventare un riferimento del settore. Gli anni di ricerca e sviluppo si concretizzano in una gamma di essiccatori che racchiude tutto il nostro sapere.<br \/>\nUn\u2019evoluzione costante, che ci vede ancora oggi progettare gli essiccatori di domani. Sempre con l\u2019attenzione all\u2019evoluzione del prodotto, mantenendo saldi i valori da cui siamo partiti.<\/p>\n<\/div>\n<\/div>\n<\/div>\n<\/div>\n<\/div>\n<\/div>\n<div class=\"ix-our-story-image-sow\"><img decoding=\"async\" src=\"https:\/\/stor51.tauroessiccatori.com\/wp-assets\/uploads\/2019\/11\/italia.jpg\" width=\"100%;\" \/><\/div>\n<div class=\"ix-container-inner\">\n<div class=\"\">\n<div class=\"\">\n<h2 class=\"ix-our-story-title\">FABRICAT \u00ceN ITALIA, \u00ceNTR-ADEV\u0102R, APROAPE DE KM 0.<\/h2>\n<h3 class=\"ix-our-story-subtitle\">Materie prime, componentistica, partner: tutti vicini a noi.<br \/>\nGaranzia di qualit\u00e0 e di controllo.<\/h3>\n<\/div>\n<div class=\"\">\n<div class=\"uk-grid uk-grid-medium\">\n<div class=\"uk-width-large-1-1\">\n<div class=\"ix-our-story-double-text\">\n<p class=\"ix-our-story-double-text-left\">Tutti i nostri essiccatori nascono nel nostro stabilimento di Camisano Vicentino.<br \/>\nOgni elemento dei nostri essiccatori proviene da fornitori di nostra assoluta fiducia e di provenienza locale: che si tratti di acciaio inox o del nostro sito web, tutto \u00e8 sempre a portata di mano.<\/p>\n<\/div>\n<\/div>\n<div class=\"uk-width-large-1-1\">\n<div class=\"ix-our-story-double-text\">\n<p class=\"ix-our-story-double-text-right\">Abbiamo deciso di lavorare esclusivamente con partner vicini a noi perch\u00e9 ci piace sostenere le realt\u00e0 del territorio e perch\u00e9 crediamo nella collaborazione e nella qualit\u00e0.<br \/>\nUna qualit\u00e0 che da trent\u2019anni si rispecchia in ogni essiccatore che esce dalla nostra produzione.<\/p>\n<\/div>\n<\/div>\n<\/div>\n<\/div>\n<\/div>\n<\/div>\n<div class=\"ix-our-story-video\">\n<div class=\"wpb_video_widget wpb_content_element vc_clearfix vc_custom_1460020877861 vc_video-aspect-ratio-169 vc_video-el-width-100 vc_video-align-left\">\n<div class=\"wpb_wrapper\">\n<div class=\"wpb_video_wrapper\"><\/div>\n<\/div>\n<\/div>\n<\/div>\n<div class=\"ix-container-inner\" style=\"display: none;\">\n<div class=\"ix-container-the-company-team\">\n<div class=\"uk-grid uk-grid-medium\">\n<div class=\"uk-width-large-1-3\">\n<div class=\"ix-the-company-last-container\">\n<div class=\"ix-the-company-last-element\">\n<h3>ISTORIA NOASTR\u0102<\/h3>\n<p class=\"p2 ix-the-company-last-description\">Avem r\u0103d\u0103cini comune. N\u0103scut\u0103 \u00een zona rural\u0103 din Veneto, aici cre\u0103m usc\u0103toarele viitorului.<\/p>\n<div class=\"\"><b><a class=\"ix-category-link\" href=\"#\">Afla\u021bi mai multe<\/a><\/b><\/div>\n<\/div>\n<\/div>\n<\/div>\n<div class=\"uk-width-large-1-3\">\n<div class=\"ix-the-company-last-container\">\n<div class=\"ix-the-company-last-element\">\n<h3>CLIEN\u021aII NO\u0218TRI<\/h3>\n<p class=\"p2 ix-the-company-last-description\">Citi\u021bi pove\u0219tile celor care ne aleg \u00een fiecare zi pentru a face diferen\u021ba acas\u0103 \u0219i \u00een companie.<\/p>\n<div class=\"\"><b><a class=\"ix-category-link\" href=\"#\">Afla\u021bi mai multe<\/a><\/b><\/div>\n<\/div>\n<\/div>\n<\/div>\n<div class=\"uk-width-large-1-3\">\n<div class=\"ix-the-company-last-container\">\n<div class=\"ix-the-company-last-element\">\n<h3>\u0218TIRI<\/h3>\n<p class=\"p2 ix-the-company-last-description\">Cursuri, evenimente, promo\u021bii \u0219i tot ce trebuie s\u0103 \u0219ti\u021bi despre lumea usc\u0103ciunii.<\/p>\n<div class=\"\"><b><a class=\"ix-category-link\" href=\"#\">Afla\u021bi mai multe<\/a><\/b><\/div>\n<\/div>\n<\/div>\n<\/div>\n<\/div>\n<\/div>\n<\/div>","protected":false},"excerpt":{"rendered":"<p>Metti un BIOSEC sotto l&#8217;Albero. SCOPRI QUI le promozioni di Natale! Gli sconti Black Friday sono qui! \u00a0 Clicca\u00a0per\u00a0non perderli \u2192 ABBIAMO LE RADICI IN COMUNE Tauro Essiccatori \u00e8 nata dalla passione di chi tutti i giorni vive la natura e la campagna con rispetto, ingegno e dedizione. Entra in azienda insieme a noi, leggi [&hellip;]<\/p>","protected":false},"author":1,"featured_media":0,"parent":0,"menu_order":0,"comment_status":"closed","ping_status":"closed","template":"","meta":{"footnotes":""},"tags":[],"class_list":["post-604","page","type-page","status-publish","hentry"],"acf":[],"yoast_head":"<!-- This site is optimized with the Yoast SEO plugin v20.10 - https:\/\/yoast.com\/wordpress\/plugins\/seo\/ -->\n<title>La nostra storia - Scopri il nostro team! - Tauro Essiccatori<\/title>\n<meta name=\"description\" content=\"Tauro Essiccatori nasce trent&#039;anni fa a Camisano Vicentino. Produciamo essiccatori professionali e domestici Made in Italy. Vieni a conoscere il nostro team\" \/>\n<meta name=\"robots\" content=\"noindex, follow, max-snippet:-1, max-image-preview:large, max-video-preview:-1\" \/>\n<meta property=\"og:locale\" content=\"ro_RO\" \/>\n<meta property=\"og:type\" content=\"article\" \/>\n<meta property=\"og:title\" content=\"La nostra storia - Scopri il nostro team! - Tauro Essiccatori\" \/>\n<meta property=\"og:description\" content=\"Tauro Essiccatori nasce trent&#039;anni fa a Camisano Vicentino. Produciamo essiccatori professionali e domestici Made in Italy. Vieni a conoscere il nostro team\" \/>\n<meta property=\"og:url\" content=\"https:\/\/stor51.tauroessiccatori.com\/ro\/our-history\/\" \/>\n<meta property=\"og:site_name\" content=\"Tauro Essiccatori\" \/>\n<meta property=\"article:publisher\" content=\"https:\/\/www.facebook.com\/TauroEssiccatori\/\" \/>\n<meta property=\"article:modified_time\" content=\"2023-02-19T20:03:08+00:00\" \/>\n<meta property=\"og:image\" content=\"https:\/\/stor51.tauroessiccatori.com\/wp-assets\/uploads\/2019\/11\/evoluzione.jpg\" \/>\n<meta name=\"twitter:card\" content=\"summary_large_image\" \/>\n<meta name=\"twitter:label1\" content=\"Est. reading time\" \/>\n\t<meta name=\"twitter:data1\" content=\"2 minute\" \/>\n<script type=\"application\/ld+json\" class=\"yoast-schema-graph\">{\"@context\":\"https:\/\/schema.org\",\"@graph\":[{\"@type\":\"WebPage\",\"@id\":\"https:\/\/stor51.tauroessiccatori.com\/la-nostra-storia\/\",\"url\":\"https:\/\/stor51.tauroessiccatori.com\/la-nostra-storia\/\",\"name\":\"La nostra storia - Scopri il nostro team! - Tauro Essiccatori\",\"isPartOf\":{\"@id\":\"https:\/\/stor51.tauroessiccatori.com\/#website\"},\"datePublished\":\"2017-04-10T12:53:26+00:00\",\"dateModified\":\"2023-02-19T20:03:08+00:00\",\"description\":\"Tauro Essiccatori nasce trent'anni fa a Camisano Vicentino. Produciamo essiccatori professionali e domestici Made in Italy. Vieni a conoscere il nostro team\",\"breadcrumb\":{\"@id\":\"https:\/\/stor51.tauroessiccatori.com\/la-nostra-storia\/#breadcrumb\"},\"inLanguage\":\"ro-RO\",\"potentialAction\":[{\"@type\":\"ReadAction\",\"target\":[\"https:\/\/stor51.tauroessiccatori.com\/la-nostra-storia\/\"]}]},{\"@type\":\"BreadcrumbList\",\"@id\":\"https:\/\/stor51.tauroessiccatori.com\/la-nostra-storia\/#breadcrumb\",\"itemListElement\":[{\"@type\":\"ListItem\",\"position\":1,\"name\":\"Home\",\"item\":\"https:\/\/stor51.tauroessiccatori.com\/\"},{\"@type\":\"ListItem\",\"position\":2,\"name\":\"La nostra storia\"}]},{\"@type\":\"WebSite\",\"@id\":\"https:\/\/stor51.tauroessiccatori.com\/#website\",\"url\":\"https:\/\/stor51.tauroessiccatori.com\/\",\"name\":\"Tauro Essiccatori\",\"description\":\"Welcome to Tauro Essiccatori online shop\",\"publisher\":{\"@id\":\"https:\/\/stor51.tauroessiccatori.com\/#organization\"},\"potentialAction\":[{\"@type\":\"SearchAction\",\"target\":{\"@type\":\"EntryPoint\",\"urlTemplate\":\"https:\/\/stor51.tauroessiccatori.com\/?s={search_term_string}\"},\"query-input\":\"required name=search_term_string\"}],\"inLanguage\":\"ro-RO\"},{\"@type\":\"Organization\",\"@id\":\"https:\/\/stor51.tauroessiccatori.com\/#organization\",\"name\":\"Tauro Essiccatori\",\"url\":\"https:\/\/stor51.tauroessiccatori.com\/\",\"logo\":{\"@type\":\"ImageObject\",\"inLanguage\":\"ro-RO\",\"@id\":\"https:\/\/stor51.tauroessiccatori.com\/#\/schema\/logo\/image\/\",\"url\":\"https:\/\/www.tauroessiccatori.com\/wp-assets\/uploads\/2017\/07\/logo_tauro_500x109px.png\",\"contentUrl\":\"https:\/\/www.tauroessiccatori.com\/wp-assets\/uploads\/2017\/07\/logo_tauro_500x109px.png\",\"width\":500,\"height\":109,\"caption\":\"Tauro Essiccatori\"},\"image\":{\"@id\":\"https:\/\/stor51.tauroessiccatori.com\/#\/schema\/logo\/image\/\"},\"sameAs\":[\"https:\/\/www.facebook.com\/TauroEssiccatori\/\",\"https:\/\/www.instagram.com\/tauro_essiccatori\/\",\"https:\/\/it.linkedin.com\/company\/tauro-essiccatori\",\"https:\/\/www.youtube.com\/user\/tauroessiccatori\"]}]}<\/script>\n<!-- \/ Yoast SEO plugin. -->","yoast_head_json":{"title":"La nostra storia - Scopri il nostro team! - Tauro Essiccatori","description":"Tauro Essiccatori nasce trent'anni fa a Camisano Vicentino. Produciamo essiccatori professionali e domestici Made in Italy. Vieni a conoscere il nostro team","robots":{"index":"noindex","follow":"follow","max-snippet":"max-snippet:-1","max-image-preview":"max-image-preview:large","max-video-preview":"max-video-preview:-1"},"og_locale":"ro_RO","og_type":"article","og_title":"La nostra storia - Scopri il nostro team! - Tauro Essiccatori","og_description":"Tauro Essiccatori nasce trent'anni fa a Camisano Vicentino. Produciamo essiccatori professionali e domestici Made in Italy. Vieni a conoscere il nostro team","og_url":"https:\/\/stor51.tauroessiccatori.com\/ro\/our-history\/","og_site_name":"Tauro Essiccatori","article_publisher":"https:\/\/www.facebook.com\/TauroEssiccatori\/","article_modified_time":"2023-02-19T20:03:08+00:00","og_image":[{"url":"https:\/\/stor51.tauroessiccatori.com\/wp-assets\/uploads\/2019\/11\/evoluzione.jpg"}],"twitter_card":"summary_large_image","twitter_misc":{"Est. reading time":"2 minute"},"schema":{"@context":"https:\/\/schema.org","@graph":[{"@type":"WebPage","@id":"https:\/\/stor51.tauroessiccatori.com\/la-nostra-storia\/","url":"https:\/\/stor51.tauroessiccatori.com\/la-nostra-storia\/","name":"La nostra storia - Scopri il nostro team! - Tauro Essiccatori","isPartOf":{"@id":"https:\/\/stor51.tauroessiccatori.com\/#website"},"datePublished":"2017-04-10T12:53:26+00:00","dateModified":"2023-02-19T20:03:08+00:00","description":"Tauro Essiccatori nasce trent'anni fa a Camisano Vicentino. Produciamo essiccatori professionali e domestici Made in Italy. Vieni a conoscere il nostro team","breadcrumb":{"@id":"https:\/\/stor51.tauroessiccatori.com\/la-nostra-storia\/#breadcrumb"},"inLanguage":"ro-RO","potentialAction":[{"@type":"ReadAction","target":["https:\/\/stor51.tauroessiccatori.com\/la-nostra-storia\/"]}]},{"@type":"BreadcrumbList","@id":"https:\/\/stor51.tauroessiccatori.com\/la-nostra-storia\/#breadcrumb","itemListElement":[{"@type":"ListItem","position":1,"name":"Home","item":"https:\/\/stor51.tauroessiccatori.com\/"},{"@type":"ListItem","position":2,"name":"La nostra storia"}]},{"@type":"WebSite","@id":"https:\/\/stor51.tauroessiccatori.com\/#website","url":"https:\/\/stor51.tauroessiccatori.com\/","name":"Tauro Essiccatori","description":"Welcome to Tauro Essiccatori online shop","publisher":{"@id":"https:\/\/stor51.tauroessiccatori.com\/#organization"},"potentialAction":[{"@type":"SearchAction","target":{"@type":"EntryPoint","urlTemplate":"https:\/\/stor51.tauroessiccatori.com\/?s={search_term_string}"},"query-input":"required name=search_term_string"}],"inLanguage":"ro-RO"},{"@type":"Organization","@id":"https:\/\/stor51.tauroessiccatori.com\/#organization","name":"Tauro Essiccatori","url":"https:\/\/stor51.tauroessiccatori.com\/","logo":{"@type":"ImageObject","inLanguage":"ro-RO","@id":"https:\/\/stor51.tauroessiccatori.com\/#\/schema\/logo\/image\/","url":"https:\/\/www.tauroessiccatori.com\/wp-assets\/uploads\/2017\/07\/logo_tauro_500x109px.png","contentUrl":"https:\/\/www.tauroessiccatori.com\/wp-assets\/uploads\/2017\/07\/logo_tauro_500x109px.png","width":500,"height":109,"caption":"Tauro Essiccatori"},"image":{"@id":"https:\/\/stor51.tauroessiccatori.com\/#\/schema\/logo\/image\/"},"sameAs":["https:\/\/www.facebook.com\/TauroEssiccatori\/","https:\/\/www.instagram.com\/tauro_essiccatori\/","https:\/\/it.linkedin.com\/company\/tauro-essiccatori","https:\/\/www.youtube.com\/user\/tauroessiccatori"]}]}},"_links":{"self":[{"href":"https:\/\/stor51.tauroessiccatori.com\/ro\/wp-json\/wp\/v2\/pages\/604"}],"collection":[{"href":"https:\/\/stor51.tauroessiccatori.com\/ro\/wp-json\/wp\/v2\/pages"}],"about":[{"href":"https:\/\/stor51.tauroessiccatori.com\/ro\/wp-json\/wp\/v2\/types\/page"}],"author":[{"embeddable":true,"href":"https:\/\/stor51.tauroessiccatori.com\/ro\/wp-json\/wp\/v2\/users\/1"}],"replies":[{"embeddable":true,"href":"https:\/\/stor51.tauroessiccatori.com\/ro\/wp-json\/wp\/v2\/comments?post=604"}],"version-history":[{"count":30,"href":"https:\/\/stor51.tauroessiccatori.com\/ro\/wp-json\/wp\/v2\/pages\/604\/revisions"}],"predecessor-version":[{"id":167438,"href":"https:\/\/stor51.tauroessiccatori.com\/ro\/wp-json\/wp\/v2\/pages\/604\/revisions\/167438"}],"wp:attachment":[{"href":"https:\/\/stor51.tauroessiccatori.com\/ro\/wp-json\/wp\/v2\/media?parent=604"}],"wp:term":[{"taxonomy":"post_tag","embeddable":true,"href":"https:\/\/stor51.tauroessiccatori.com\/ro\/wp-json\/wp\/v2\/tags?post=604"}],"curies":[{"name":"wp","href":"https:\/\/api.w.org\/{rel}","templated":true}]}}