


{"id":5801,"date":"2019-11-02T10:19:08","date_gmt":"2019-11-02T09:19:08","guid":{"rendered":"https:\/\/www.tauroessiccatori.com\/?page_id=5801\/"},"modified":"2022-08-06T17:17:50","modified_gmt":"2022-08-06T15:17:50","slug":"chef","status":"publish","type":"page","link":"https:\/\/stor51.tauroessiccatori.com\/ro\/inspiratii\/de-ce-uscarea\/bucatar\/","title":{"rendered":"De ce s\u0103 te usuci dac\u0103 e\u0219ti buc\u0103tar?"},"content":{"rendered":"<div class=\"tauro-banners\"><div class=\"banner-00\" style=\"background-color: #852035\">\r\n<div class=\"ix-xmas-box-other\" style=\"font-size: 18px;padding: 7px 0;margin: 0 auto 0px auto\" align=\"center\"><b style=\"color: #fff;font-size: 18px\">Pune\u021bi un BIOSEC sub copac. <a style=\"color: #f8cc89;font-weight: bold;text-decoration: none;font-size: 18px\" href=\"https:\/\/www.tauroessiccatori.com\/christmas-2024\/\">DESCOPER\u0102 AICI<\/a> Promo\u021bii de Cr\u0103ciun!<\/b><\/div>\r\n<\/div><div class=\"banner-00\" style=\"background-color: #000\">\r\n<div class=\"ix-xmas-box-other\" style=\"font-size: 18px;padding: 7px 0;margin: 0 auto 0px auto\" align=\"center\"><b style=\"color: #fff\"> Reducerile de Black Friday sunt aici! \u00a0 <a style=\"color: #f77209;font-weight: bold;text-decoration: none\" href=\"https:\/\/www.tauroessiccatori.com\/black-friday-2024\/\"> Face\u021bi clic pentru a nu le pierde \u2192 <\/a>\r\n<\/b><\/div>\r\n<\/div><\/div><p><!-- 2022-08-03 italix: kevin: was:h2 add:ix-h1--><\/p>\n<h1 class=\"ix-h1\">de ce s\u0103 se usuce dac\u0103 e\u0219ti buc\u0103tar<\/h1>\n<p><a name=\"approfondimenti\"><\/a><\/p>\n<div class=\"p1 ix-intestazione-azienda\">Consisten\u021be nea\u0219teptate, contraste nea\u0219teptate, culori intense, arome concentrate, explozii de gust. \u0218i apoi foi, chipsuri, decora\u021biuni... Da\u021bi fr\u00e2u liber creativit\u0103\u021bii \u0219i distinge\u021bi-v\u0103 propunerile cu magia usc\u0103rii.<\/div>\n<div style=\"background-color: #ffeebf; margin: 70px 0;\">\n<div class=\"ix-chef-1st-banner\">\n<div class=\"uk-grid uk-grid-medium\">\n<div class=\"uk-width-large-1-3\"><\/div>\n<div class=\"uk-width-large-2-3\">\n<h2 class=\"ix-azienda-1st-banner-h2\">uscarea devine art\u0103<\/h2>\n<div class=\"p1 ix-azienda-1st-banner-text\">Fi\u021bi recunoscu\u021bi, fi\u021bi aminti\u021bi. Descoperi\u021bi cum produsele uscate ofer\u0103 inova\u021bie \u0219i arom\u0103, dezl\u0103n\u021bui\u021bi creativitatea, re\u00eennoi\u021bi-v\u0103 oferta. Singura limit\u0103 este imagina\u021bia ta: cu Tauro po\u021bi transforma \u0219i folosi orice aliment, cre\u00e2nd noi solu\u021bii gustoase, s\u0103n\u0103toase \u0219i originale.<\/div>\n<\/p><\/div>\n<\/p><\/div>\n<\/p><\/div>\n<\/div>\n<div style=\"background-color: #fad0c3; margin: 70px 0;\">\n<div class=\"ix-chef-2nd-banner\">\n<div class=\"uk-grid uk-grid-medium\">\n<div class=\"uk-width-large-2-3\">\n<h2 class=\"ix-why-dry-chef-h2\">Calitate italian\u0103, tehnologie profesional\u0103<\/h2>\n<div class=\"p1 ix-azienda-2nd-banner-text\">Modelele din liniile profesionale Biosec Pro \u0219i B.Master, dar \u0219i modelul nostru Biosec De Luxe complet din o\u021bel inoxidabil, sunt concepute pentru a oferi cele mai bune rezultate, cu respectarea deplin\u0103 a alimentelor, rapid \u0219i cu un consum redus. Elibera\u021bi cuptorul \u0219i porni\u021bi usc\u0103toria!<\/div>\n<\/p><\/div>\n<div class=\"uk-width-large-1-3\"><\/div>\n<\/p><\/div>\n<\/p><\/div>\n<\/div>\n<p><a name=\"clienti\"><\/a><\/p>\n<h2 class=\"ix-h2-azienda\">Ei lucreaz\u0103 cu noi<\/h2>\n<div class=\"p1 ix-intestazione-azienda\">At\u00e2t de mul\u021bi buc\u0103tari aleg \u00een fiecare zi calitatea \u0219i garan\u021bia Tauro. Afl\u0103 de ce \u0219i inspir\u0103-te pentru urm\u0103toarea ta crea\u021bie.<\/div>\n<div class=\"ix-max-box-medium ix-double-box\">\n<div class=\"uk-grid uk-grid-medium\">\n<div class=\"uk-width-large-1-2\">\n<div class=\"uk-grid uk-grid-collapse\">\n<div class=\"uk-width-1-1 uk-width-large-1-1\"><img loading=\"lazy\" decoding=\"async\" class=\"ix-aziende-tauro-image alignnone\" src=\"https:\/\/stor51.tauroessiccatori.com\/wp-assets\/uploads\/2019\/11\/Paolo-Dalicandro-Tauro-Essiccatori.jpg\" alt=\"paolo dalicandro tauro buc\u0103tar usc\u0103toare de rufe uscare profesional\u0103\" width=\"1500\" height=\"752\" \/><\/div>\n<div class=\"uk-width-1-1 uk-width-large-1-1\">\n<div class=\"ix-aziente-tauro-grey-container\">\n<div class=\"ix-aziende-tauro-h3\">\n<h3 class=\"ix-aziende-tauro-nome\">Chef Paolo Dalicandro<\/h3>\n<h3 class=\"ix-aziende-tauro-luogo\">Roma<\/h3>\n<\/p><\/div>\n<div class=\"ix-aziende-tauro-underline\"><\/div>\n<div class=\"p2 ix-aziende-tauro-txt\">Dup\u0103 ani de colaborare, Paolo a devenit acum buc\u0103tarul oficial al Tauro. Celebru pentru cursurile sale de formare din toat\u0103 Italia, pentru tutorialele video \u0219i pentru minunile surprinz\u0103toare pe care reu\u0219e\u0219te s\u0103 le scoat\u0103 din Biosec, de la h\u00e2rtie la gem, de la sare la fructe confiate.<\/div>\n<\/p><\/div>\n<\/p><\/div>\n<\/p><\/div>\n<\/p><\/div>\n<div class=\"uk-width-large-1-2\">\n<div class=\"uk-grid uk-grid-collapse\">\n<div class=\"uk-width-1-1 uk-width-large-1-1\"><img loading=\"lazy\" decoding=\"async\" class=\"ix-aziende-tauro-image alignnone\" src=\"https:\/\/stor51.tauroessiccatori.com\/wp-assets\/uploads\/2019\/11\/igles-corelli-tauro-essiccatori.jpg\" alt=\"Igles Corelli buc\u0103tar usc\u0103toare Tauro calitate profesional\u0103\" width=\"1145\" height=\"574\" \/><\/div>\n<div class=\"uk-width-1-1 uk-width-large-1-1\">\n<div class=\"ix-aziente-tauro-grey-container\">\n<div class=\"ix-aziende-tauro-h3\">\n<h3 class=\"ix-aziende-tauro-nome\">Igles Corelli<\/h3>\n<h3 class=\"ix-aziende-tauro-luogo\">Roma<\/h3>\n<\/p><\/div>\n<div class=\"ix-aziende-tauro-underline\"><\/div>\n<div class=\"p2 ix-aziende-tauro-txt\">Un buc\u0103tar multi-star cu un z\u00e2mbet contagios, Corelli este inventatorul \"buc\u0103t\u0103riei circulare\" \u0219i un pionier al sufl\u0103rii cu usc\u0103torul, despre care vorbe\u0219te \u0219i pe canalul Gambero Rosso. \u00cen buc\u0103t\u0103ria restaurantelor sale, Biosec este mereu \u00een func\u021biune.<\/div>\n<\/p><\/div>\n<\/p><\/div>\n<\/p><\/div>\n<\/p><\/div>\n<\/p><\/div>\n<\/div>\n<h2 class=\"ix-h2-azienda\">usc\u0103toare profesionale<\/h2>\n<div class=\"p1 ix-intestazione-azienda\">Idei bune de pus \u00een practic\u0103. Descoperi\u021bi liniile noastre profesionale: usc\u0103toare de \u00eenalt\u0103 tehnologie, concepute \u0219i proiectate pentru cei care au obiective clare \u0219i fac din calitate \u0219i autenticitate afacerea lor.<\/div>\n<div class=\"ix-container-inner\">\n<div style=\"margin: 90px auto; font-family: Poppins; font-size: 14px;\">\n<div class=\"uk-grid uk-grid-medium\">\n<div class=\"uk-width-large-1-3\">\n<div class=\"ix-icon-container\">\n<div class=\"icon-1\"><img loading=\"lazy\" decoding=\"async\" class=\"alignnone\" style=\"width: 100%;\" src=\"https:\/\/stor2.tauroessiccatori.com\/wp-assets\/uploads\/2019\/09\/img-01.jpg\" alt=\"usc\u0103toare de calitate fabricate \u00een Italia tauro\" width=\"443\" height=\"321\" \/><\/div>\n<div class=\"icon-title-1\">\n<h3>Calitate Made in Italy de 30 de ani<\/h3>\n<p class=\"p2 p-icon-1\">Usc\u0103toarele noastre sunt fabricate manual din o\u021bel inoxidabil italian pentru a garanta durabilitatea \u0219i rezisten\u021ba.<\/p>\n<\/p><\/div>\n<\/p><\/div>\n<\/p><\/div>\n<div class=\"uk-width-large-1-3\">\n<div class=\"ix-icon-container\">\n<div class=\"icon-1\"><img loading=\"lazy\" decoding=\"async\" class=\"alignnone\" style=\"width: 100%;\" src=\"https:\/\/stor2.tauroessiccatori.com\/wp-assets\/uploads\/2019\/09\/img-02.jpg\" alt=\"tauro usc\u0103torii tauro serviciul clien\u021bi\" width=\"443\" height=\"321\" \/><\/div>\n<div class=\"icon-title-1\">\n<h3>asisten\u021b\u0103 garantat\u0103<\/h3>\n<p class=\"p2 p-icon-1\">V\u0103 explic\u0103m cum s\u0103 usca\u021bi cel mai bine orice produs: suntem \u00eentotdeauna la dispozi\u021bia dumneavoastr\u0103.<\/p>\n<\/p><\/div>\n<\/p><\/div>\n<\/p><\/div>\n<div class=\"uk-width-large-1-3\">\n<div class=\"ix-icon-container\">\n<div class=\"icon-1\"><img loading=\"lazy\" decoding=\"async\" class=\"alignnone\" style=\"width: 100%;\" src=\"https:\/\/stor2.tauroessiccatori.com\/wp-assets\/uploads\/2019\/09\/img-03.jpg\" alt=\"garan\u021bie de calitate fabricat\u0103 \u00een Italia usc\u0103toare tauro\" width=\"443\" height=\"321\" \/><\/div>\n<div class=\"icon-title-1\">\n<h3>Garan\u021bie european\u0103 pentru instala\u021bie<\/h3>\n<p class=\"p2 p-icon-1\">Toate implanturile Tauro sunt acoperite de o garan\u021bie european\u0103 de un an.<\/p>\n<\/p><\/div>\n<\/p><\/div>\n<\/p><\/div>\n<\/p><\/div>\n<\/p><\/div>\n<\/div>\n<div class=\"ix-home-dryer-related-products-title\">\n<h2>produse conexe<\/h2>\n<\/div>\n<div class=\"ix-max-box-medium ix-essiccare-box-stex-altezze\" style=\"\">\n<div class=\"uk-grid uk-grid-medium\">\n<div class=\"uk-width-1-1 uk-width-large-1-3\">\n         <a href=\"https:\/\/stor51.tauroessiccatori.com\/ro\/p\/biosec-pro\/\" class=\"ix-product-perche-essiccare\"><\/p>\n<div style=\"background-color: #f3f3f3; padding-bottom: 40px; border: solid 2px #f3f3f3;\">\n            <img loading=\"lazy\" decoding=\"async\" class=\"alignnone\" style=\"width: 100%;\" src=\"https:\/\/stor51.tauroessiccatori.com\/wp-assets\/uploads\/2019\/12\/good01_VMR_9237_OK-min.jpg\" alt=\"tauro Biosec Pro usc\u0103toare profesionale de calitate buc\u0103tar\" width=\"1618\" height=\"1000\" \/><\/p>\n<h3 style=\"margin-top: 20px; text-align: center;\">Biosec Pro<\/h3>\n<div class=\"p5\" style=\"width: 100%; padding-top: 10px; padding-bottom: 30px; text-align: center;\">3m\u00b2 de suprafa\u021b\u0103 de uscare<br \/>\n               12 rafturi din o\u021bel inoxidabil\n            <\/div>\n<div>\n<p class=\"p4 ix-product-scopri ix-category-link\"><span>descoperi\u021bi<\/span><\/p>\n<\/p><\/div>\n<\/p><\/div>\n<p>         <\/a>\n      <\/div>\n<div class=\"uk-width-1-1 uk-width-large-1-3\">\n         <a href=\"https:\/\/stor51.tauroessiccatori.com\/ro\/p\/biosec-de-luxe-b6-2\/\" class=\"ix-product-perche-essiccare\"><\/p>\n<div style=\"background-color: #f3f3f3; padding-bottom: 40px; border: solid 2px #f3f3f3;\">\n            <img loading=\"lazy\" decoding=\"async\" class=\"alignnone\" style=\"width: 100%;\" src=\"https:\/\/stor51.tauroessiccatori.com\/wp-assets\/uploads\/2017\/04\/de_luxe_b6_posteriore.jpg\" alt=\"Tauro Biosec B6 usc\u0103toare profesionale din o\u021bel inoxidabil\" width=\"2048\" height=\"1266\" \/><\/p>\n<h3 style=\"margin-top: 20px; text-align: center;\">Biosec De Luxe B6<\/h3>\n<div class=\"p5\" style=\"width: 100%; padding-top: 10px; padding-bottom: 30px; text-align: center;\">Tunel \u0219i 6 co\u0219uri<br \/>\n               o\u021bel inoxidabil\n            <\/div>\n<div>\n<p class=\"p4 ix-product-scopri ix-category-link\"><span>descoperi\u021bi<\/span><\/p>\n<\/p><\/div>\n<\/p><\/div>\n<p>         <\/a>\n      <\/div>\n<div class=\"uk-width-1-1 uk-width-large-1-3\">\n         <a href=\"https:\/\/stor51.tauroessiccatori.com\/ro\/p\/biosec-de-luxe-b12\/\" class=\"ix-product-perche-essiccare\"><\/p>\n<div style=\"background-color: #f3f3f3; padding-bottom: 40px; border: solid 2px #f3f3f3;\">\n            <img loading=\"lazy\" decoding=\"async\" class=\"alignnone\" style=\"width: 100%;\" src=\"https:\/\/stor51.tauroessiccatori.com\/wp-assets\/uploads\/2017\/04\/de_luxe_b12_posteriore.jpg\" alt=\"Tauro usc\u0103toarele profesionale de calitate Biosec DeLuxe B12 buc\u0103tar din o\u021bel de calitate\" width=\"2048\" height=\"1266\" \/><\/p>\n<h3 style=\"margin-top: 20px; text-align: center;\">Biosec De Luxe B12<\/h3>\n<div class=\"p5\" style=\"width: 100%; padding-top: 10px; padding-bottom: 30px; text-align: center;\">Tunel \u0219i 12 co\u0219uri<br \/>\n               o\u021bel inoxidabil\n            <\/div>\n<div>\n<p class=\"p4 ix-product-scopri ix-category-link\"><span>descoperi\u021bi<\/span><\/p>\n<\/p><\/div>\n<\/p><\/div>\n<p>         <\/a>\n      <\/div>\n<\/p><\/div>\n<\/div>","protected":false},"excerpt":{"rendered":"<p>Metti un BIOSEC sotto l&#8217;Albero. SCOPRI QUI le promozioni di Natale! Gli sconti Black Friday sono qui! \u00a0 Clicca\u00a0per\u00a0non perderli \u2192 perch\u00e9 essiccare se sei uno chef Consistenze impreviste, contrasti inaspettati, colori intensi, sapori concentrati, esplosioni di gusto. E poi sfoglie, chips, decorazioni&#8230; Libera la creativit\u00e0 e distingui le tue proposte con la magia dell&#8217;essiccazione. [&hellip;]<\/p>","protected":false},"author":1,"featured_media":0,"parent":5794,"menu_order":0,"comment_status":"closed","ping_status":"closed","template":"","meta":{"footnotes":""},"tags":[],"class_list":["post-5801","page","type-page","status-publish","hentry"],"acf":[],"yoast_head":"<!-- This site is optimized with the Yoast SEO plugin v20.10 - https:\/\/yoast.com\/wordpress\/plugins\/seo\/ -->\n<title>Perch\u00e9 essiccare se sei uno chef? - Tauro Essiccatori<\/title>\n<meta name=\"description\" content=\"Consistenze impreviste, sapori inaspettati, colori intensi, qualit\u00e0 concentrata. Creativit\u00e0 ed essiccazione professionale per chef all&#039;avanguardia.\" \/>\n<meta name=\"robots\" content=\"noindex, follow, max-snippet:-1, max-image-preview:large, max-video-preview:-1\" \/>\n<meta property=\"og:locale\" content=\"ro_RO\" \/>\n<meta property=\"og:type\" content=\"article\" \/>\n<meta property=\"og:title\" content=\"Perch\u00e9 essiccare se sei uno chef? - Tauro Essiccatori\" \/>\n<meta property=\"og:description\" content=\"Consistenze impreviste, sapori inaspettati, colori intensi, qualit\u00e0 concentrata. Creativit\u00e0 ed essiccazione professionale per chef all&#039;avanguardia.\" \/>\n<meta property=\"og:url\" content=\"https:\/\/stor51.tauroessiccatori.com\/ro\/inspiratii\/de-ce-uscarea\/bucatar\/\" \/>\n<meta property=\"og:site_name\" content=\"Tauro Essiccatori\" \/>\n<meta property=\"article:publisher\" content=\"https:\/\/www.facebook.com\/TauroEssiccatori\/\" \/>\n<meta property=\"article:modified_time\" content=\"2022-08-06T15:17:50+00:00\" \/>\n<meta property=\"og:image\" content=\"https:\/\/stor51.tauroessiccatori.com\/wp-assets\/uploads\/2019\/11\/Paolo-Dalicandro-Tauro-Essiccatori.jpg\" \/>\n<meta name=\"twitter:card\" content=\"summary_large_image\" \/>\n<meta name=\"twitter:label1\" content=\"Est. reading time\" \/>\n\t<meta name=\"twitter:data1\" content=\"2 minute\" \/>\n<script type=\"application\/ld+json\" class=\"yoast-schema-graph\">{\"@context\":\"https:\/\/schema.org\",\"@graph\":[{\"@type\":\"WebPage\",\"@id\":\"https:\/\/stor51.tauroessiccatori.com\/ispirazioni\/perche-essiccare\/chef\/\",\"url\":\"https:\/\/stor51.tauroessiccatori.com\/ispirazioni\/perche-essiccare\/chef\/\",\"name\":\"Perch\u00e9 essiccare se sei uno chef? - Tauro Essiccatori\",\"isPartOf\":{\"@id\":\"https:\/\/stor51.tauroessiccatori.com\/#website\"},\"datePublished\":\"2019-11-02T09:19:08+00:00\",\"dateModified\":\"2022-08-06T15:17:50+00:00\",\"description\":\"Consistenze impreviste, sapori inaspettati, colori intensi, qualit\u00e0 concentrata. Creativit\u00e0 ed essiccazione professionale per chef all'avanguardia.\",\"breadcrumb\":{\"@id\":\"https:\/\/stor51.tauroessiccatori.com\/ispirazioni\/perche-essiccare\/chef\/#breadcrumb\"},\"inLanguage\":\"ro-RO\",\"potentialAction\":[{\"@type\":\"ReadAction\",\"target\":[\"https:\/\/stor51.tauroessiccatori.com\/ispirazioni\/perche-essiccare\/chef\/\"]}]},{\"@type\":\"BreadcrumbList\",\"@id\":\"https:\/\/stor51.tauroessiccatori.com\/ispirazioni\/perche-essiccare\/chef\/#breadcrumb\",\"itemListElement\":[{\"@type\":\"ListItem\",\"position\":1,\"name\":\"Home\",\"item\":\"https:\/\/stor51.tauroessiccatori.com\/\"},{\"@type\":\"ListItem\",\"position\":2,\"name\":\"Ispirazioni\",\"item\":\"https:\/\/stor51.tauroessiccatori.com\/ispirazioni\/\"},{\"@type\":\"ListItem\",\"position\":3,\"name\":\"Perch\u00e9 essiccare?\",\"item\":\"https:\/\/stor51.tauroessiccatori.com\/ispirazioni\/perche-essiccare\/\"},{\"@type\":\"ListItem\",\"position\":4,\"name\":\"Perch\u00e9 essiccare se sei uno chef?\"}]},{\"@type\":\"WebSite\",\"@id\":\"https:\/\/stor51.tauroessiccatori.com\/#website\",\"url\":\"https:\/\/stor51.tauroessiccatori.com\/\",\"name\":\"Tauro Essiccatori\",\"description\":\"Welcome to Tauro Essiccatori online shop\",\"publisher\":{\"@id\":\"https:\/\/stor51.tauroessiccatori.com\/#organization\"},\"potentialAction\":[{\"@type\":\"SearchAction\",\"target\":{\"@type\":\"EntryPoint\",\"urlTemplate\":\"https:\/\/stor51.tauroessiccatori.com\/?s={search_term_string}\"},\"query-input\":\"required name=search_term_string\"}],\"inLanguage\":\"ro-RO\"},{\"@type\":\"Organization\",\"@id\":\"https:\/\/stor51.tauroessiccatori.com\/#organization\",\"name\":\"Tauro Essiccatori\",\"url\":\"https:\/\/stor51.tauroessiccatori.com\/\",\"logo\":{\"@type\":\"ImageObject\",\"inLanguage\":\"ro-RO\",\"@id\":\"https:\/\/stor51.tauroessiccatori.com\/#\/schema\/logo\/image\/\",\"url\":\"https:\/\/www.tauroessiccatori.com\/wp-assets\/uploads\/2017\/07\/logo_tauro_500x109px.png\",\"contentUrl\":\"https:\/\/www.tauroessiccatori.com\/wp-assets\/uploads\/2017\/07\/logo_tauro_500x109px.png\",\"width\":500,\"height\":109,\"caption\":\"Tauro Essiccatori\"},\"image\":{\"@id\":\"https:\/\/stor51.tauroessiccatori.com\/#\/schema\/logo\/image\/\"},\"sameAs\":[\"https:\/\/www.facebook.com\/TauroEssiccatori\/\",\"https:\/\/www.instagram.com\/tauro_essiccatori\/\",\"https:\/\/it.linkedin.com\/company\/tauro-essiccatori\",\"https:\/\/www.youtube.com\/user\/tauroessiccatori\"]}]}<\/script>\n<!-- \/ Yoast SEO plugin. -->","yoast_head_json":{"title":"Perch\u00e9 essiccare se sei uno chef? - Tauro Essiccatori","description":"Consistenze impreviste, sapori inaspettati, colori intensi, qualit\u00e0 concentrata. Creativit\u00e0 ed essiccazione professionale per chef all'avanguardia.","robots":{"index":"noindex","follow":"follow","max-snippet":"max-snippet:-1","max-image-preview":"max-image-preview:large","max-video-preview":"max-video-preview:-1"},"og_locale":"ro_RO","og_type":"article","og_title":"Perch\u00e9 essiccare se sei uno chef? - Tauro Essiccatori","og_description":"Consistenze impreviste, sapori inaspettati, colori intensi, qualit\u00e0 concentrata. Creativit\u00e0 ed essiccazione professionale per chef all'avanguardia.","og_url":"https:\/\/stor51.tauroessiccatori.com\/ro\/inspiratii\/de-ce-uscarea\/bucatar\/","og_site_name":"Tauro Essiccatori","article_publisher":"https:\/\/www.facebook.com\/TauroEssiccatori\/","article_modified_time":"2022-08-06T15:17:50+00:00","og_image":[{"url":"https:\/\/stor51.tauroessiccatori.com\/wp-assets\/uploads\/2019\/11\/Paolo-Dalicandro-Tauro-Essiccatori.jpg"}],"twitter_card":"summary_large_image","twitter_misc":{"Est. reading time":"2 minute"},"schema":{"@context":"https:\/\/schema.org","@graph":[{"@type":"WebPage","@id":"https:\/\/stor51.tauroessiccatori.com\/ispirazioni\/perche-essiccare\/chef\/","url":"https:\/\/stor51.tauroessiccatori.com\/ispirazioni\/perche-essiccare\/chef\/","name":"Perch\u00e9 essiccare se sei uno chef? - Tauro Essiccatori","isPartOf":{"@id":"https:\/\/stor51.tauroessiccatori.com\/#website"},"datePublished":"2019-11-02T09:19:08+00:00","dateModified":"2022-08-06T15:17:50+00:00","description":"Consistenze impreviste, sapori inaspettati, colori intensi, qualit\u00e0 concentrata. Creativit\u00e0 ed essiccazione professionale per chef all'avanguardia.","breadcrumb":{"@id":"https:\/\/stor51.tauroessiccatori.com\/ispirazioni\/perche-essiccare\/chef\/#breadcrumb"},"inLanguage":"ro-RO","potentialAction":[{"@type":"ReadAction","target":["https:\/\/stor51.tauroessiccatori.com\/ispirazioni\/perche-essiccare\/chef\/"]}]},{"@type":"BreadcrumbList","@id":"https:\/\/stor51.tauroessiccatori.com\/ispirazioni\/perche-essiccare\/chef\/#breadcrumb","itemListElement":[{"@type":"ListItem","position":1,"name":"Home","item":"https:\/\/stor51.tauroessiccatori.com\/"},{"@type":"ListItem","position":2,"name":"Ispirazioni","item":"https:\/\/stor51.tauroessiccatori.com\/ispirazioni\/"},{"@type":"ListItem","position":3,"name":"Perch\u00e9 essiccare?","item":"https:\/\/stor51.tauroessiccatori.com\/ispirazioni\/perche-essiccare\/"},{"@type":"ListItem","position":4,"name":"Perch\u00e9 essiccare se sei uno chef?"}]},{"@type":"WebSite","@id":"https:\/\/stor51.tauroessiccatori.com\/#website","url":"https:\/\/stor51.tauroessiccatori.com\/","name":"Tauro Essiccatori","description":"Welcome to Tauro Essiccatori online shop","publisher":{"@id":"https:\/\/stor51.tauroessiccatori.com\/#organization"},"potentialAction":[{"@type":"SearchAction","target":{"@type":"EntryPoint","urlTemplate":"https:\/\/stor51.tauroessiccatori.com\/?s={search_term_string}"},"query-input":"required name=search_term_string"}],"inLanguage":"ro-RO"},{"@type":"Organization","@id":"https:\/\/stor51.tauroessiccatori.com\/#organization","name":"Tauro Essiccatori","url":"https:\/\/stor51.tauroessiccatori.com\/","logo":{"@type":"ImageObject","inLanguage":"ro-RO","@id":"https:\/\/stor51.tauroessiccatori.com\/#\/schema\/logo\/image\/","url":"https:\/\/www.tauroessiccatori.com\/wp-assets\/uploads\/2017\/07\/logo_tauro_500x109px.png","contentUrl":"https:\/\/www.tauroessiccatori.com\/wp-assets\/uploads\/2017\/07\/logo_tauro_500x109px.png","width":500,"height":109,"caption":"Tauro Essiccatori"},"image":{"@id":"https:\/\/stor51.tauroessiccatori.com\/#\/schema\/logo\/image\/"},"sameAs":["https:\/\/www.facebook.com\/TauroEssiccatori\/","https:\/\/www.instagram.com\/tauro_essiccatori\/","https:\/\/it.linkedin.com\/company\/tauro-essiccatori","https:\/\/www.youtube.com\/user\/tauroessiccatori"]}]}},"_links":{"self":[{"href":"https:\/\/stor51.tauroessiccatori.com\/ro\/wp-json\/wp\/v2\/pages\/5801"}],"collection":[{"href":"https:\/\/stor51.tauroessiccatori.com\/ro\/wp-json\/wp\/v2\/pages"}],"about":[{"href":"https:\/\/stor51.tauroessiccatori.com\/ro\/wp-json\/wp\/v2\/types\/page"}],"author":[{"embeddable":true,"href":"https:\/\/stor51.tauroessiccatori.com\/ro\/wp-json\/wp\/v2\/users\/1"}],"replies":[{"embeddable":true,"href":"https:\/\/stor51.tauroessiccatori.com\/ro\/wp-json\/wp\/v2\/comments?post=5801"}],"version-history":[{"count":43,"href":"https:\/\/stor51.tauroessiccatori.com\/ro\/wp-json\/wp\/v2\/pages\/5801\/revisions"}],"predecessor-version":[{"id":165061,"href":"https:\/\/stor51.tauroessiccatori.com\/ro\/wp-json\/wp\/v2\/pages\/5801\/revisions\/165061"}],"up":[{"embeddable":true,"href":"https:\/\/stor51.tauroessiccatori.com\/ro\/wp-json\/wp\/v2\/pages\/5794"}],"wp:attachment":[{"href":"https:\/\/stor51.tauroessiccatori.com\/ro\/wp-json\/wp\/v2\/media?parent=5801"}],"wp:term":[{"taxonomy":"post_tag","embeddable":true,"href":"https:\/\/stor51.tauroessiccatori.com\/ro\/wp-json\/wp\/v2\/tags?post=5801"}],"curies":[{"name":"wp","href":"https:\/\/api.w.org\/{rel}","templated":true}]}}