


{"id":5799,"date":"2019-11-02T10:17:00","date_gmt":"2019-11-02T09:17:00","guid":{"rendered":"https:\/\/www.tauroessiccatori.com\/?page_id=5799\/"},"modified":"2023-04-27T11:41:12","modified_gmt":"2023-04-27T09:41:12","slug":"a-casa","status":"publish","type":"page","link":"https:\/\/stor51.tauroessiccatori.com\/ro\/inspiratii\/de-ce-uscarea\/acasa\/","title":{"rendered":"De ce s\u0103 se usuce la domiciliu"},"content":{"rendered":"<div class=\"tauro-banners\"><div class=\"banner-00\" style=\"background-color: #852035\">\r\n<div class=\"ix-xmas-box-other\" style=\"font-size: 18px;padding: 7px 0;margin: 0 auto 0px auto\" align=\"center\"><b style=\"color: #fff;font-size: 18px\">Pune\u021bi un BIOSEC sub copac. <a style=\"color: #f8cc89;font-weight: bold;text-decoration: none;font-size: 18px\" href=\"https:\/\/www.tauroessiccatori.com\/christmas-2024\/\">DESCOPER\u0102 AICI<\/a> Promo\u021bii de Cr\u0103ciun!<\/b><\/div>\r\n<\/div><div class=\"banner-00\" style=\"background-color: #000\">\r\n<div class=\"ix-xmas-box-other\" style=\"font-size: 18px;padding: 7px 0;margin: 0 auto 0px auto\" align=\"center\"><b style=\"color: #fff\"> Reducerile de Black Friday sunt aici! \u00a0 <a style=\"color: #f77209;font-weight: bold;text-decoration: none\" href=\"https:\/\/www.tauroessiccatori.com\/black-friday-2024\/\"> Face\u021bi clic pentru a nu le pierde \u2192 <\/a>\r\n<\/b><\/div>\r\n<\/div><\/div><p><!-- 2022-08-03 italix: kevin: was:h2 add:ix-h1--><\/p>\n<h1 class=\"ix-h1\">de ce uscarea la domiciliu<\/h1>\n<p><a name=\"approfondimenti\"><\/a><\/p>\n<div class=\"p1 ix-intestazione-azienda\">Ecologic, ieftin, s\u0103n\u0103tos \u0219i foarte simplu. Patru motive \u00eentemeiate pentru a le usca \u0219i a aduce Biosec \u00een buc\u0103t\u0103rie cu tine. Descoperi\u021bi toate avantajele usc\u0103rii la domiciliu.<\/div>\n<div style=\"background-color: #ffeebf; margin: 70px 0;\">\n<div class=\"ix-casa-1st-banner\">\n<div class=\"uk-grid uk-grid-medium\">\n<div class=\"uk-width-large-1-3\"><\/div>\n<div class=\"uk-width-large-2-3\">\n<h2 class=\"ix-essiccare-casa-1st-banner-h2\">o mie \u0219i una de avantaje pentru uscare<\/h2>\n<div class=\"p1 ix-azienda-1st-banner-text\">Economisire, eco-sustenabilitate, km zero, sezonalitate, buc\u0103t\u0103rie de reciclare. Descoperi\u021bi satisfac\u021bia de a aduce pe mas\u0103 m\u00e2nc\u0103ruri f\u0103cute \u00een cas\u0103, s\u0103n\u0103toase, gustoase, dar \u0219i comode, economice \u0219i inteligente. Toate acestea cu un usc\u0103tor!<\/div>\n<\/p><\/div>\n<\/p><\/div>\n<\/p><\/div>\n<\/div>\n<div style=\"background-color: #fad0c3; margin: 70px 0;\">\n<div class=\"ix-casa-2nd-banner\">\n<div class=\"uk-grid uk-grid-medium\">\n<div class=\"uk-width-large-2-3\">\n<h2 class=\"ix-azienda-2nd-banner-h2\">pentru a crea re\u021bete s\u0103n\u0103toase \u0219i gustoase<\/h2>\n<div class=\"p1 ix-azienda-2nd-banner-text\">Usturoi, ulei \u0219i ardei iute, cubule\u021be de bulion de cas\u0103, risotto \u00eentr-o pung\u0103 gata de utilizare, piure de cartofi... dar \u0219i meringi, produse de patiserie crocante, chipsuri de legume \u0219i gust\u0103ri de fructe. Exist\u0103 o \u00eentreag\u0103 lume de descoperit \u00een interiorul unui usc\u0103tor. O lume organic\u0103, ecologic\u0103 \u0219i economic\u0103. \u00cencerca\u021bi s\u0103 crede\u021bi.<\/div>\n<\/p><\/div>\n<div class=\"uk-width-large-1-3\"><\/div>\n<\/p><\/div>\n<\/p><\/div>\n<\/div>\n<p><a name=\"clienti\"><\/a><\/p>\n<h2 class=\"ix-h2-azienda\">Fii inspirat<\/h2>\n<div class=\"p1 ix-intestazione-azienda\">Inspir\u0103-te pentru a crea re\u021bete s\u0103n\u0103toase pentru familie, gust\u0103ri pentru pasiona\u021bii de sport, gust\u0103ri pentru prietenii t\u0103i cu patru picioare \u0219i chiar produse cosmetice bio!<\/div>\n<div class=\"ix-max-box-medium\">\n<div class=\"uk-grid uk-grid-medium\">\n        <div class=\"uk-width-large-1-3\">\n            <a href=\"https:\/\/www.essiccare.com\/2019\/09\/19\/oggi-pappa-al-pomodoro-secco-e-bello-dentro\/\" target=\"_blank\" class=\"ix-recipes-a\">\n            <img decoding=\"async\"  style=\"width: 100%\" src=\"https:\/\/stor51.tauroessiccatori.com\/wp-assets\/uploads\/2019\/11\/21_pappa_ricetta.jpg\">\n            <div class=\"uk-grid\">\n                <div class=\"uk-width-4-5 uk-width-large-1-1\">\n                    <h3 class=\"ix-home-d-fruit-h3\">Ast\u0103zi pappa al pomodoro! Uscat este frumos (\u00een interior)!<\/h3>\n                    <div class=\"ix-home-d-fruit-underline\"><\/div>\n                    <div class=\"p2 ix-home-d-fruit-txt\">O sup\u0103 de ro\u0219ii mereu preg\u0103tit\u0103 \u00een dulap, chiar \u0219i atunci c\u00e2nd ro\u0219iile din sezon sunt o amintire \u00eendep\u0103rtat\u0103! S\u0103 o preg\u0103tim \u00een avans, datorit\u0103 utiliz\u0103rii produselor noastre Biosec...<\/div>\n                 <\/div>\n                 <div>\n                    <span class=\"ix-arrow-dx\">&gt;<\/span>\n                 <\/div>\n            <\/div>\n            <\/a>\n       <\/div>\n        <div class=\"uk-width-large-1-3\">\n            <a href=\"https:\/\/www.essiccare.com\/2017\/09\/13\/la-granola-superfood-per-pasti-veloci-ma-equilibrati\/\" target=\"_blank\" class=\"ix-recipes-a\">\n            <img decoding=\"async\"  style=\"width: 100%\" src=\"https:\/\/d3uc6ry8rbiyhd.cloudfront.net\/wp-assets\/uploads\/2019\/11\/22_granola_ricetta.jpg\">\n            <div class=\"uk-grid\">\n                <div class=\"uk-width-4-5 uk-width-large-1-1\">\n                    <h3 class=\"ix-home-d-fruit-h3\">Granola cu superalimente pentru mese rapide, dar echilibrate<\/h3>\n                    <div class=\"ix-home-d-fruit-underline\"><\/div>\n                    <div class=\"p2 ix-home-d-fruit-txt\">Cum s\u0103 prepari un superaliment de lung\u0103 durat\u0103 pe care s\u0103-l p\u0103strezi \u00een c\u0103mar\u0103 pentru vremuri de nevoie \u0219i nu numai. Granola energetic\u0103 este foarte practic\u0103 pentru a fi consumat\u0103 cu un iaurt \u0219i c\u00e2teva fructe, de exemplu...<\/div>\n                 <\/div>\n                 <div>\n                    <span class=\"ix-arrow-dx\">&gt;<\/span>\n                 <\/div>\n            <\/div>\n            <\/a>\n       <\/div>\n        <div class=\"uk-width-large-1-3\">\n            <a href=\"https:\/\/www.essiccare.com\/2017\/05\/17\/gallette-essiccate-amaranto-glutenfree\/\" target=\"_blank\" class=\"ix-recipes-a\">\n            <img decoding=\"async\"  style=\"width: 100%\" src=\"https:\/\/d3uc6ry8rbiyhd.cloudfront.net\/wp-assets\/uploads\/2019\/11\/23_gallette_ricetta.jpg\">\n            <div class=\"uk-grid\">\n                <div class=\"uk-width-4-5 uk-width-large-1-1\">\n                    <h3 class=\"ix-home-d-fruit-h3\">Pr\u0103jituri de amarant uscate, nutritive \u0219i f\u0103r\u0103 gluten<\/h3>\n                    <div class=\"ix-home-d-fruit-underline\"><\/div>\n                    <div class=\"p2 ix-home-d-fruit-txt\">Preg\u0103tim biscui\u021bi dulci, care sunt foarte versatili at\u00e2t pentru micul dejun, c\u00e2t \u0219i ca o gustare. \u00cen varianta s\u0103rat\u0103, cu legume sau condimente, pot \u00eenlocui p\u00e2inea sau biscui\u021bii \u00een alimenta\u021bia zilnic\u0103...<\/div>\n                 <\/div>\n                 <div>\n                    <span class=\"ix-arrow-dx\">&gt;<\/span>\n                 <\/div>\n            <\/div>\n            <\/a>\n       <\/div><\/div>\n<\/div>\n<div class=\"ix-max-box-medium ix-double-box\" style=\"display: none;\">\n<div class=\"uk-grid uk-grid-medium\">\n<div class=\"uk-width-large-1-2\">\n<div class=\"uk-grid uk-grid-collapse\">\n<div class=\"uk-width-1-1 uk-width-large-1-1\"><\/div>\n<div class=\"uk-width-1-1 uk-width-large-1-1\">\n<div class=\"ix-aziente-tauro-grey-container\">\n<div class=\"ix-aziende-tauro-h3\"><\/div>\n<\/p><\/div>\n<\/p><\/div>\n<\/p><\/div>\n<\/p><\/div>\n<div class=\"uk-width-large-1-2\">\n<div class=\"uk-grid uk-grid-collapse\">\n<div class=\"uk-width-1-1 uk-width-large-1-1\">\n<div class=\"ix-aziente-tauro-grey-container\">\n<div class=\"p2 ix-aziende-tauro-txt\"><\/div>\n<\/p><\/div>\n<\/p><\/div>\n<\/p><\/div>\n<\/p><\/div>\n<\/p><\/div>\n<\/div>\n<h2 class=\"ix-h2-azienda\">usc\u0103toare de uz casnic<\/h2>\n<div class=\"p1 ix-intestazione-azienda\">Descoperi\u021bi linia de usc\u0103toare concepute pentru buc\u0103t\u0103ria dvs.: tehnologia Tauro garanteaz\u0103 un rezultat profesional \u0219i toat\u0103 simplitatea pe care o c\u0103uta\u021bi.<\/div>\n<div class=\"ix-container-inner\">\n<div style=\"margin: 90px auto; font-family: Poppins; font-size: 14px;\">\n<div class=\"uk-grid uk-grid-medium\">\n<div class=\"uk-width-large-1-3\">\n<div class=\"ix-icon-container\">\n<div class=\"icon-1\"><img loading=\"lazy\" decoding=\"async\" class=\"alignnone\" style=\"width: 100%;\" src=\"https:\/\/stor2.tauroessiccatori.com\/wp-assets\/uploads\/2019\/09\/img-01.jpg\" alt=\"Usc\u0103toare de calitate Tauro fabricate \u00een Italia\" width=\"443\" height=\"321\" \/><\/div>\n<div class=\"icon-title-1\">\n<h3>30 de ani de calitate, fabricat \u00een Italia<\/h3>\n<p class=\"p2 p-icon-1\">usc\u0103toarele noastre sunt fabricate manual, cu materii prime italiene, pentru a garanta durabilitate, calitate \u0219i rezisten\u021b\u0103.<\/p>\n<\/p><\/div>\n<\/p><\/div>\n<\/p><\/div>\n<div class=\"uk-width-large-1-3\">\n<div class=\"ix-icon-container\">\n<div class=\"icon-1\"><img loading=\"lazy\" decoding=\"async\" class=\"alignnone\" style=\"width: 100%;\" src=\"https:\/\/stor2.tauroessiccatori.com\/wp-assets\/uploads\/2019\/09\/img-02.jpg\" alt=\"tauro usc\u0103torii tauro serviciul clien\u021bi\" width=\"443\" height=\"321\" \/><\/div>\n<div class=\"icon-title-1\">\n<h3>\u00eentotdeauna la dispozi\u021bia dumneavoastr\u0103<\/h3>\n<p class=\"p2 p-icon-1\">indiferent de ce ave\u021bi nevoie, serviciul nostru de asisten\u021b\u0103 este \u00eentotdeauna gata s\u0103 v\u0103 ajute: da\u021bi-ne un telefon.<\/p>\n<\/p><\/div>\n<\/p><\/div>\n<\/p><\/div>\n<div class=\"uk-width-large-1-3\">\n<div class=\"ix-icon-container\">\n<div class=\"icon-1\"><img loading=\"lazy\" decoding=\"async\" class=\"alignnone\" style=\"width: 100%;\" src=\"https:\/\/stor2.tauroessiccatori.com\/wp-assets\/uploads\/2019\/09\/img-03.jpg\" alt=\"asigurarea calit\u0103\u021bii usc\u0103toarelor tauro\" width=\"443\" height=\"321\" \/><\/div>\n<div class=\"icon-title-1\">\n<h3>toat\u0103 garan\u021bia de care ave\u021bi nevoie<\/h3>\n<p class=\"p2 p-icon-1\">Produse garantate conform reglement\u0103rilor, un an de acoperire suplimentar\u0103 gratuit\u0103 pentru produsele na\u021bionale<\/p>\n<\/p><\/div>\n<\/p><\/div>\n<\/p><\/div>\n<\/p><\/div>\n<\/p><\/div>\n<\/div>\n<div class=\"ix-max-box-medium ix-essiccare-box-stex-altezze\" style=\"\">\n<div class=\"uk-grid uk-grid-medium\">\n<div class=\"uk-width-large-1-3\">\n         <a href=\"https:\/\/stor51.tauroessiccatori.com\/ro\/p\/biosec-domus-b5\/\" class=\"ix-product-perche-essiccare\"><\/p>\n<div style=\"background-color: #f3f3f3; padding-bottom: 40px; border: solid 2px #f3f3f3;\">\n            <img loading=\"lazy\" decoding=\"async\" class=\"alignnone\" style=\"width: 100%;\" src=\"https:\/\/stor51.tauroessiccatori.com\/wp-assets\/uploads\/2019\/11\/domus_b5_02_VMR_7758.jpg\" alt=\"Usc\u0103tor de re\u021bete uscate Tauro Biosec Domus B5\" width=\"2048\" height=\"1266\" \/><\/p>\n<h3 style=\"margin-top: 20px; text-align: center;\">Biosec Domus B5<\/h3>\n<div class=\"p5 ix-essiccare-casa-single-product-decription\">Tunnel e 5 cestelli<br \/>\n               \u00een material plastic\n            <\/div>\n<div>\n<p class=\"p4 ix-product-scopri ix-category-link\"><span>descoperi\u021bi<\/span><\/p>\n<\/p><\/div>\n<\/p><\/div>\n<p>         <\/a>\n      <\/div>\n<div class=\"uk-width-large-1-3\">\n         <a href=\"https:\/\/stor51.tauroessiccatori.com\/ro\/p\/biosec-argint-b5-s-2\/\" class=\"ix-product-perche-essiccare\"><\/p>\n<div style=\"background-color: #f3f3f3; padding-bottom: 40px; border: solid 2px #f3f3f3;\">\n            <img loading=\"lazy\" decoding=\"async\" class=\"alignnone\" style=\"width: 100%;\" src=\"https:\/\/stor51.tauroessiccatori.com\/wp-assets\/uploads\/2019\/11\/silver_b5_ambientato.jpg\" alt=\"Tauro Biosec Silver B5S re\u021bete de uscare\" width=\"2048\" height=\"1266\" \/><\/p>\n<h3 style=\"margin-top: 20px; text-align: center;\">Biosec Silver B5-S<\/h3>\n<div class=\"p5 ix-essiccare-casa-single-product-decription\">Tunnel in acciaio 5 cestelli<br \/>\n               \u00een material plastic\n            <\/div>\n<div>\n<p class=\"p4 ix-product-scopri ix-category-link\"><span>descoperi\u021bi<\/span><\/p>\n<\/p><\/div>\n<\/p><\/div>\n<p>         <\/a>\n      <\/div>\n<div class=\"uk-width-large-1-3\">\n         <a href=\"https:\/\/stor51.tauroessiccatori.com\/ro\/p\/biosec-de-luxe-b6-2\/\" class=\"ix-product-perche-essiccare\"><\/p>\n<div style=\"background-color: #f3f3f3; padding-bottom: 40px; border: solid 2px #f3f3f3;\">\n            <img loading=\"lazy\" decoding=\"async\" class=\"alignnone\" style=\"width: 100%;\" src=\"https:\/\/stor51.tauroessiccatori.com\/wp-assets\/uploads\/2019\/11\/de_luxe_b6_ambientato.jpg\" alt=\"Tauro Biosec DeLuxe B6 re\u021bete de uscare Tauro Biosec DeLuxe B6\" width=\"2048\" height=\"1266\" \/><\/p>\n<h3 style=\"margin-top: 20px; text-align: center;\">Biosec De Luxe B6<\/h3>\n<div class=\"p5 ix-essiccare-casa-single-product-decription\">Tunel \u0219i 6 co\u0219uri<br \/>\n               o\u021bel inoxidabil\n            <\/div>\n<div>\n<p class=\"p4 ix-product-scopri ix-category-link\"><span>descoperi\u021bi<\/span><\/p>\n<\/p><\/div>\n<\/p><\/div>\n<p>         <\/a>\n      <\/div>\n<\/p><\/div>\n<\/div>","protected":false},"excerpt":{"rendered":"<p>Metti un BIOSEC sotto l&#8217;Albero. SCOPRI QUI le promozioni di Natale! Gli sconti Black Friday sono qui! \u00a0 Clicca\u00a0per\u00a0non perderli \u2192 perch\u00e9 essiccare in casa Ecologico, economico, sano e semplicissimo. Quattro buone ragioni per farli secchi e portare Biosec in cucina con te. Scopri tutti i vantaggi dell&#8217;essiccazione domestica. mille e uno vantaggi per essiccare [&hellip;]<\/p>","protected":false},"author":1,"featured_media":0,"parent":5794,"menu_order":0,"comment_status":"closed","ping_status":"closed","template":"","meta":{"footnotes":""},"tags":[],"class_list":["post-5799","page","type-page","status-publish","hentry"],"acf":[],"yoast_head":"<!-- This site is optimized with the Yoast SEO plugin v20.10 - https:\/\/yoast.com\/wordpress\/plugins\/seo\/ -->\n<title>Perch\u00e9 essiccare a casa - Sano, ecologico, economico - Tauro Essiccatori<\/title>\n<meta name=\"description\" content=\"Ecologico, economico, sano e semplicissimo. Quattro buone ragioni per portare Biosec in cucina con te. Scopri tutti i vantaggi dell&#039;essiccazione domestica.\" \/>\n<meta name=\"robots\" content=\"noindex, follow, max-snippet:-1, max-image-preview:large, max-video-preview:-1\" \/>\n<meta property=\"og:locale\" content=\"ro_RO\" \/>\n<meta property=\"og:type\" content=\"article\" \/>\n<meta property=\"og:title\" content=\"Perch\u00e9 essiccare a casa - Sano, ecologico, economico - Tauro Essiccatori\" \/>\n<meta property=\"og:description\" content=\"Ecologico, economico, sano e semplicissimo. Quattro buone ragioni per portare Biosec in cucina con te. Scopri tutti i vantaggi dell&#039;essiccazione domestica.\" \/>\n<meta property=\"og:url\" content=\"https:\/\/stor51.tauroessiccatori.com\/ro\/inspiratii\/de-ce-uscarea\/acasa\/\" \/>\n<meta property=\"og:site_name\" content=\"Tauro Essiccatori\" \/>\n<meta property=\"article:publisher\" content=\"https:\/\/www.facebook.com\/TauroEssiccatori\/\" \/>\n<meta property=\"article:modified_time\" content=\"2023-04-27T09:41:12+00:00\" \/>\n<meta property=\"og:image\" content=\"https:\/\/stor2.tauroessiccatori.com\/wp-assets\/uploads\/2019\/09\/img-01.jpg\" \/>\n<meta name=\"twitter:card\" content=\"summary_large_image\" \/>\n<meta name=\"twitter:label1\" content=\"Est. reading time\" \/>\n\t<meta name=\"twitter:data1\" content=\"2 minute\" \/>\n<script type=\"application\/ld+json\" class=\"yoast-schema-graph\">{\"@context\":\"https:\/\/schema.org\",\"@graph\":[{\"@type\":\"WebPage\",\"@id\":\"https:\/\/stor51.tauroessiccatori.com\/ispirazioni\/perche-essiccare\/a-casa\/\",\"url\":\"https:\/\/stor51.tauroessiccatori.com\/ispirazioni\/perche-essiccare\/a-casa\/\",\"name\":\"Perch\u00e9 essiccare a casa - Sano, ecologico, economico - Tauro Essiccatori\",\"isPartOf\":{\"@id\":\"https:\/\/stor51.tauroessiccatori.com\/#website\"},\"datePublished\":\"2019-11-02T09:17:00+00:00\",\"dateModified\":\"2023-04-27T09:41:12+00:00\",\"description\":\"Ecologico, economico, sano e semplicissimo. Quattro buone ragioni per portare Biosec in cucina con te. Scopri tutti i vantaggi dell'essiccazione domestica.\",\"breadcrumb\":{\"@id\":\"https:\/\/stor51.tauroessiccatori.com\/ispirazioni\/perche-essiccare\/a-casa\/#breadcrumb\"},\"inLanguage\":\"ro-RO\",\"potentialAction\":[{\"@type\":\"ReadAction\",\"target\":[\"https:\/\/stor51.tauroessiccatori.com\/ispirazioni\/perche-essiccare\/a-casa\/\"]}]},{\"@type\":\"BreadcrumbList\",\"@id\":\"https:\/\/stor51.tauroessiccatori.com\/ispirazioni\/perche-essiccare\/a-casa\/#breadcrumb\",\"itemListElement\":[{\"@type\":\"ListItem\",\"position\":1,\"name\":\"Home\",\"item\":\"https:\/\/stor51.tauroessiccatori.com\/\"},{\"@type\":\"ListItem\",\"position\":2,\"name\":\"Ispirazioni\",\"item\":\"https:\/\/stor51.tauroessiccatori.com\/ispirazioni\/\"},{\"@type\":\"ListItem\",\"position\":3,\"name\":\"Perch\u00e9 essiccare?\",\"item\":\"https:\/\/stor51.tauroessiccatori.com\/ispirazioni\/perche-essiccare\/\"},{\"@type\":\"ListItem\",\"position\":4,\"name\":\"Perch\u00e9 essiccare a casa\"}]},{\"@type\":\"WebSite\",\"@id\":\"https:\/\/stor51.tauroessiccatori.com\/#website\",\"url\":\"https:\/\/stor51.tauroessiccatori.com\/\",\"name\":\"Tauro Essiccatori\",\"description\":\"Welcome to Tauro Essiccatori online shop\",\"publisher\":{\"@id\":\"https:\/\/stor51.tauroessiccatori.com\/#organization\"},\"potentialAction\":[{\"@type\":\"SearchAction\",\"target\":{\"@type\":\"EntryPoint\",\"urlTemplate\":\"https:\/\/stor51.tauroessiccatori.com\/?s={search_term_string}\"},\"query-input\":\"required name=search_term_string\"}],\"inLanguage\":\"ro-RO\"},{\"@type\":\"Organization\",\"@id\":\"https:\/\/stor51.tauroessiccatori.com\/#organization\",\"name\":\"Tauro Essiccatori\",\"url\":\"https:\/\/stor51.tauroessiccatori.com\/\",\"logo\":{\"@type\":\"ImageObject\",\"inLanguage\":\"ro-RO\",\"@id\":\"https:\/\/stor51.tauroessiccatori.com\/#\/schema\/logo\/image\/\",\"url\":\"https:\/\/www.tauroessiccatori.com\/wp-assets\/uploads\/2017\/07\/logo_tauro_500x109px.png\",\"contentUrl\":\"https:\/\/www.tauroessiccatori.com\/wp-assets\/uploads\/2017\/07\/logo_tauro_500x109px.png\",\"width\":500,\"height\":109,\"caption\":\"Tauro Essiccatori\"},\"image\":{\"@id\":\"https:\/\/stor51.tauroessiccatori.com\/#\/schema\/logo\/image\/\"},\"sameAs\":[\"https:\/\/www.facebook.com\/TauroEssiccatori\/\",\"https:\/\/www.instagram.com\/tauro_essiccatori\/\",\"https:\/\/it.linkedin.com\/company\/tauro-essiccatori\",\"https:\/\/www.youtube.com\/user\/tauroessiccatori\"]}]}<\/script>\n<!-- \/ Yoast SEO plugin. -->","yoast_head_json":{"title":"Perch\u00e9 essiccare a casa - Sano, ecologico, economico - Tauro Essiccatori","description":"Ecologico, economico, sano e semplicissimo. Quattro buone ragioni per portare Biosec in cucina con te. Scopri tutti i vantaggi dell'essiccazione domestica.","robots":{"index":"noindex","follow":"follow","max-snippet":"max-snippet:-1","max-image-preview":"max-image-preview:large","max-video-preview":"max-video-preview:-1"},"og_locale":"ro_RO","og_type":"article","og_title":"Perch\u00e9 essiccare a casa - Sano, ecologico, economico - Tauro Essiccatori","og_description":"Ecologico, economico, sano e semplicissimo. Quattro buone ragioni per portare Biosec in cucina con te. Scopri tutti i vantaggi dell'essiccazione domestica.","og_url":"https:\/\/stor51.tauroessiccatori.com\/ro\/inspiratii\/de-ce-uscarea\/acasa\/","og_site_name":"Tauro Essiccatori","article_publisher":"https:\/\/www.facebook.com\/TauroEssiccatori\/","article_modified_time":"2023-04-27T09:41:12+00:00","og_image":[{"url":"https:\/\/stor2.tauroessiccatori.com\/wp-assets\/uploads\/2019\/09\/img-01.jpg"}],"twitter_card":"summary_large_image","twitter_misc":{"Est. reading time":"2 minute"},"schema":{"@context":"https:\/\/schema.org","@graph":[{"@type":"WebPage","@id":"https:\/\/stor51.tauroessiccatori.com\/ispirazioni\/perche-essiccare\/a-casa\/","url":"https:\/\/stor51.tauroessiccatori.com\/ispirazioni\/perche-essiccare\/a-casa\/","name":"Perch\u00e9 essiccare a casa - Sano, ecologico, economico - Tauro Essiccatori","isPartOf":{"@id":"https:\/\/stor51.tauroessiccatori.com\/#website"},"datePublished":"2019-11-02T09:17:00+00:00","dateModified":"2023-04-27T09:41:12+00:00","description":"Ecologico, economico, sano e semplicissimo. Quattro buone ragioni per portare Biosec in cucina con te. Scopri tutti i vantaggi dell'essiccazione domestica.","breadcrumb":{"@id":"https:\/\/stor51.tauroessiccatori.com\/ispirazioni\/perche-essiccare\/a-casa\/#breadcrumb"},"inLanguage":"ro-RO","potentialAction":[{"@type":"ReadAction","target":["https:\/\/stor51.tauroessiccatori.com\/ispirazioni\/perche-essiccare\/a-casa\/"]}]},{"@type":"BreadcrumbList","@id":"https:\/\/stor51.tauroessiccatori.com\/ispirazioni\/perche-essiccare\/a-casa\/#breadcrumb","itemListElement":[{"@type":"ListItem","position":1,"name":"Home","item":"https:\/\/stor51.tauroessiccatori.com\/"},{"@type":"ListItem","position":2,"name":"Ispirazioni","item":"https:\/\/stor51.tauroessiccatori.com\/ispirazioni\/"},{"@type":"ListItem","position":3,"name":"Perch\u00e9 essiccare?","item":"https:\/\/stor51.tauroessiccatori.com\/ispirazioni\/perche-essiccare\/"},{"@type":"ListItem","position":4,"name":"Perch\u00e9 essiccare a casa"}]},{"@type":"WebSite","@id":"https:\/\/stor51.tauroessiccatori.com\/#website","url":"https:\/\/stor51.tauroessiccatori.com\/","name":"Tauro Essiccatori","description":"Welcome to Tauro Essiccatori online shop","publisher":{"@id":"https:\/\/stor51.tauroessiccatori.com\/#organization"},"potentialAction":[{"@type":"SearchAction","target":{"@type":"EntryPoint","urlTemplate":"https:\/\/stor51.tauroessiccatori.com\/?s={search_term_string}"},"query-input":"required name=search_term_string"}],"inLanguage":"ro-RO"},{"@type":"Organization","@id":"https:\/\/stor51.tauroessiccatori.com\/#organization","name":"Tauro Essiccatori","url":"https:\/\/stor51.tauroessiccatori.com\/","logo":{"@type":"ImageObject","inLanguage":"ro-RO","@id":"https:\/\/stor51.tauroessiccatori.com\/#\/schema\/logo\/image\/","url":"https:\/\/www.tauroessiccatori.com\/wp-assets\/uploads\/2017\/07\/logo_tauro_500x109px.png","contentUrl":"https:\/\/www.tauroessiccatori.com\/wp-assets\/uploads\/2017\/07\/logo_tauro_500x109px.png","width":500,"height":109,"caption":"Tauro Essiccatori"},"image":{"@id":"https:\/\/stor51.tauroessiccatori.com\/#\/schema\/logo\/image\/"},"sameAs":["https:\/\/www.facebook.com\/TauroEssiccatori\/","https:\/\/www.instagram.com\/tauro_essiccatori\/","https:\/\/it.linkedin.com\/company\/tauro-essiccatori","https:\/\/www.youtube.com\/user\/tauroessiccatori"]}]}},"_links":{"self":[{"href":"https:\/\/stor51.tauroessiccatori.com\/ro\/wp-json\/wp\/v2\/pages\/5799"}],"collection":[{"href":"https:\/\/stor51.tauroessiccatori.com\/ro\/wp-json\/wp\/v2\/pages"}],"about":[{"href":"https:\/\/stor51.tauroessiccatori.com\/ro\/wp-json\/wp\/v2\/types\/page"}],"author":[{"embeddable":true,"href":"https:\/\/stor51.tauroessiccatori.com\/ro\/wp-json\/wp\/v2\/users\/1"}],"replies":[{"embeddable":true,"href":"https:\/\/stor51.tauroessiccatori.com\/ro\/wp-json\/wp\/v2\/comments?post=5799"}],"version-history":[{"count":41,"href":"https:\/\/stor51.tauroessiccatori.com\/ro\/wp-json\/wp\/v2\/pages\/5799\/revisions"}],"predecessor-version":[{"id":167989,"href":"https:\/\/stor51.tauroessiccatori.com\/ro\/wp-json\/wp\/v2\/pages\/5799\/revisions\/167989"}],"up":[{"embeddable":true,"href":"https:\/\/stor51.tauroessiccatori.com\/ro\/wp-json\/wp\/v2\/pages\/5794"}],"wp:attachment":[{"href":"https:\/\/stor51.tauroessiccatori.com\/ro\/wp-json\/wp\/v2\/media?parent=5799"}],"wp:term":[{"taxonomy":"post_tag","embeddable":true,"href":"https:\/\/stor51.tauroessiccatori.com\/ro\/wp-json\/wp\/v2\/tags?post=5799"}],"curies":[{"name":"wp","href":"https:\/\/api.w.org\/{rel}","templated":true}]}}