


{"id":50962,"date":"2020-11-18T19:16:49","date_gmt":"2020-11-18T18:16:49","guid":{"rendered":"https:\/\/www.tauroessiccatori.com\/?page_id=50962\/"},"modified":"2022-08-06T16:31:09","modified_gmt":"2022-08-06T14:31:09","slug":"continua-acquisti","status":"publish","type":"page","link":"https:\/\/stor51.tauroessiccatori.com\/ro\/continuati-cumparaturile\/","title":{"rendered":"CONTINUA\u021aI CUMP\u0102R\u0102TURILE"},"content":{"rendered":"<div class=\"tauro-banners\"><div class=\"banner-00\" style=\"background-color: #852035\">\r\n<div class=\"ix-xmas-box-other\" style=\"font-size: 18px;padding: 7px 0;margin: 0 auto 0px auto\" align=\"center\"><b style=\"color: #fff;font-size: 18px\">Pune\u021bi un BIOSEC sub copac. <a style=\"color: #f8cc89;font-weight: bold;text-decoration: none;font-size: 18px\" href=\"https:\/\/www.tauroessiccatori.com\/christmas-2024\/\">DESCOPER\u0102 AICI<\/a> Promo\u021bii de Cr\u0103ciun!<\/b><\/div>\r\n<\/div><div class=\"banner-00\" style=\"background-color: #000\">\r\n<div class=\"ix-xmas-box-other\" style=\"font-size: 18px;padding: 7px 0;margin: 0 auto 0px auto\" align=\"center\"><b style=\"color: #fff\"> Reducerile de Black Friday sunt aici! \u00a0 <a style=\"color: #f77209;font-weight: bold;text-decoration: none\" href=\"https:\/\/www.tauroessiccatori.com\/black-friday-2024\/\"> Face\u021bi clic pentru a nu le pierde \u2192 <\/a>\r\n<\/b><\/div>\r\n<\/div><\/div><div class=\"\">\n<!-- 2022-08-03 italix: kevin: was:h2 --><\/p>\n<h1 class=\"ix-h1 ix-category-h2\">CONTINUA\u021aI ACHIZI\u021aIILE<\/h1>\n<div class=\"ix-category-home-dryer-heading\">\n<p>\n<span>Aventura ta \u00een lumea usc\u0103ciunii abia a \u00eenceput. C\u0103uta\u021bi printre produsele noastre pe cel care vi se potrive\u0219te \u0219i pune\u021bi-l \u00een co\u0219! Usca\u021bi, conserva\u021bi \u0219i economisi\u021bi cu Tauro!<\/span>\n<\/p>\n<\/div>\n<\/div>\n<div class=\"ix-continua-acquisti-boxes-container\">\n<div class=\"etichetta1 ix-category-home-dryer-used-reconditioned-title\">CATEGORII<\/div>\n<div class=\"ix-continua-acquisti-row\">\n<div class=\"uk-grid uk-grid-large\">\n<div class=\"uk-width-large-1-3 uk-width-1-1\">\n<a class=\"ix-category-link-page\" href=\"https:\/\/stor51.tauroessiccatori.com\/ro\/c\/prodotti\/accessori\/antiaderenti\/\">               <\/p>\n<div class=\"ix-continua-acquisti-single-box\">\n<div class=\"ix-continua-acquisti-image\">\n            <img decoding=\"async\" width=\"100%\" src=\"https:\/\/stor51.tauroessiccatori.com\/wp-assets\/uploads\/2020\/11\/accessori.jpg\">\n        <\/div>\n<div class=\"ix-category-product-title\">\n<h2 class=\"ix-prodotti-correlati-title-hover\" style=\"margin-bottom: 0;\">ANTI-ADEV\u0102RA\u021aI<\/h2>\n<\/p><\/div>\n<div class=\"ix-category-product-subtitle\">\nSiliSoft, SiliDrop, DrySilk \u0219i DrySilkNet\n        <\/div>\n<div class=\"ix-category-product-line-2\"><\/div>\n<div class=\"ix-scritta-vai-alla-categoria\"><span>Merge\u021bi la categoria<\/span> ><\/div>\n<\/p><\/div>\n<p><\/a>\n           <\/div>\n<div class=\"uk-width-large-1-3 uk-width-1-1\">\n<a class=\"ix-category-link-page\" href=\"https:\/\/stor51.tauroessiccatori.com\/ro\/c\/prodotti\/accessori\/accessori-da-cucina\/\"><\/p>\n<div class=\"ix-continua-acquisti-single-box\">\n<div class=\"ix-continua-acquisti-image\">\n            <img decoding=\"async\" width=\"100%\" src=\"https:\/\/stor51.tauroessiccatori.com\/wp-assets\/uploads\/2020\/11\/accessori-cucina.jpg\">\n        <\/div>\n<div class=\"ix-category-product-title\">\n<h2 class=\"ix-prodotti-correlati-title-hover\" style=\"margin-bottom: 0;\">ACCESORII DE BUC\u0102T\u0102RIE<\/h2>\n<\/p><\/div>\n<div class=\"ix-category-product-subtitle\">\nProdusele accesorii alese de noi\n        <\/div>\n<div class=\"ix-category-product-line-2\"><\/div>\n<div class=\"ix-scritta-vai-alla-categoria\"><span>Merge\u021bi la categoria<\/span> ><\/div>\n<\/p><\/div>\n<p><\/a>\n           <\/div>\n<div class=\"uk-width-large-1-3 uk-width-1-1\">\n<a  class=\"ix-category-link-page\"href=\"https:\/\/stor51.tauroessiccatori.com\/ro\/c\/prodotti\/libri\/\"><\/p>\n<div class=\"ix-continua-acquisti-single-box\">\n<div class=\"ix-continua-acquisti-image\">\n            <img decoding=\"async\" width=\"100%\" src=\"https:\/\/stor51.tauroessiccatori.com\/wp-assets\/uploads\/2020\/11\/libri.jpg\">\n        <\/div>\n<div class=\"ix-category-product-title\">\n<h2 class=\"ix-prodotti-correlati-title-hover\" style=\"margin-bottom: 0;\">C\u0102R\u021aI<\/h2>\n<\/p><\/div>\n<div class=\"ix-category-product-subtitle\">\nC\u0103r\u021bi de bucate \u0219i ghiduri\n        <\/div>\n<div class=\"ix-category-product-line-2\"><\/div>\n<div class=\"ix-scritta-vai-alla-categoria\"><span>Merge\u021bi la categoria<\/span> ><\/div>\n<\/p><\/div>\n<p><\/a>\n           <\/div>\n<\/p><\/div>\n<\/div>\n<div class=\"ix-continua-acquisti-row\">\n<div class=\"uk-grid uk-grid-large\">\n<div class=\"uk-width-large-1-3 uk-width-1-1\">\n<a  class=\"ix-category-link-page\"href=\"https:\/\/stor51.tauroessiccatori.com\/ro\/c\/prodotti\/essiccatori-domestici\/\">               <\/p>\n<div class=\"ix-continua-acquisti-single-box\">\n<div class=\"ix-continua-acquisti-image\">\n            <img decoding=\"async\" width=\"100%\" src=\"https:\/\/stor16.tauroessiccatori.com\/wp-assets\/uploads\/2017\/04\/domus_b5_02_VMR_7758.jpg\">\n        <\/div>\n<div class=\"ix-category-product-title\">\n<h2 class=\"ix-prodotti-correlati-title-hover\" style=\"margin-bottom: 0;\">USC\u0102TOARE DE UZ CASNIC<\/h2>\n<\/p><\/div>\n<div class=\"ix-category-product-subtitle\">\nLinia Biosec\n        <\/div>\n<div class=\"ix-category-product-line-2\"><\/div>\n<div class=\"ix-scritta-vai-alla-categoria\"><span>Merge\u021bi la categoria<\/span> ><\/div>\n<\/p><\/div>\n<p><\/a>\n           <\/div>\n<div class=\"uk-width-large-1-3 uk-width-1-1\">\n<a class=\"ix-category-link-page\" href=\"https:\/\/stor51.tauroessiccatori.com\/ro\/c\/prodotti\/essiccatori-domestici\/#moduli-complementari\">         <\/p>\n<div class=\"ix-continua-acquisti-single-box\">\n<div class=\"ix-continua-acquisti-image\">\n            <img decoding=\"async\" width=\"100%\" src=\"https:\/\/d3uc6ry8rbiyhd.cloudfront.net\/wp-assets\/uploads\/2019\/11\/domus_modulo.jpg\">\n        <\/div>\n<div class=\"ix-category-product-title\">\n<h2 class=\"ix-prodotti-correlati-title-hover\" style=\"margin-bottom: 0;\">MODULE COMPLEMENTARE<\/h2>\n<\/p><\/div>\n<div class=\"ix-category-product-subtitle\">\nCompatibil cu toate modelele Biosec.\n        <\/div>\n<div class=\"ix-category-product-line-2\"><\/div>\n<div class=\"ix-scritta-vai-alla-categoria\"><span>Merge\u021bi la categoria<\/span> ><\/div>\n<\/p><\/div>\n<p><\/a>\n           <\/div>\n<div class=\"uk-width-large-1-3 uk-width-1-1\">\n<a class=\"ix-category-link-page\" href=\"https:\/\/stor51.tauroessiccatori.com\/ro\/c\/prodotti\/accessori\/ricambi\/\"><\/p>\n<div class=\"ix-continua-acquisti-single-box\">\n<div class=\"ix-continua-acquisti-image\">\n            <img decoding=\"async\" width=\"100%\" src=\"https:\/\/stor51.tauroessiccatori.com\/wp-assets\/uploads\/2020\/11\/ricambi-1.jpg\">\n        <\/div>\n<div class=\"ix-category-product-title\">\n<h2 class=\"ix-prodotti-correlati-title-hover\" style=\"margin-bottom: 0;\">PIESE DE SCHIMB<\/h2>\n<\/p><\/div>\n<div class=\"ix-category-product-subtitle\">\nCo\u0219uri de \u00eenlocuire \u0219i bloc motor\n        <\/div>\n<div class=\"ix-category-product-line-2\"><\/div>\n<div class=\"ix-scritta-vai-alla-categoria\"><span>Merge\u021bi la categoria<\/span> ><\/div>\n<\/p><\/div>\n<p><\/a>\n           <\/div>\n<\/p><\/div>\n<\/div>\n<\/div>\n<style>\n<p>        .ix-continua-acquisti-single-box{\n            border: solid 2px #f3f3f3;\n        }\n        .ix-scritta-vai-alla-categoria {\n            text-align: center;\n            width: 100%;\n            margin: 15px 0px 30px 0px;\n            color: #dc4a02;\n            font-weight: 600;\n        }\n        a.ix-category-link-page:hover .ix-scritta-vai-alla-categoria {\n            font-weight: 600;\n            color: #dc4a02;\n        }\n        a.ix-category-link-page:hover .ix-scritta-vai-alla-categoria>span {\n            border-bottom: solid 2px #dc4a02;\n        }\n        .ix-continua-acquisti-row{\n            margin-bottom: 50px;\n        }\n        .ix-continua-acquisti-row .ix-continua-acquisti-single-box{\n            margin-bottom: 50px;\n            background-color: #f3f3f3;\n        }\n        .ix-continua-acquisti-single-box .ix-category-product-line-2{\n            margin-top: 30px;\n        }\n        .ix-continua-acquisti-boxes-container{\n            max-width: 1110px;\n            margin-left: auto;\n            margin-right: auto;\n        }<\/p>\n<p>@media screen and (max-width: 1320px) and (min-width: 961px){<\/p>\n<p>        .ix-continua-acquisti-2nd-row .ix-continua-acquisti-single-box{\n            margin-bottom: 3.4230vw;\n        }\n        .ix-continua-acquisti-row{\n            margin-bottom: 3.4230vw;\n        }\n        .ix-scritta-vai-alla-categoria {\n            text-align: center;\n            width: 100%;\n            margin: 1.0269vw 0px 2.0538vw 0px;\n            color: #dc4a02;\n        }\n        .ix-continua-acquisti-boxes-container{\n            margin: 1.0269vw;\n        }\n        .ix-continua-acquisti-boxes-container{\n            max-width: 75.9923vw;\n        }\n}<\/p>\n<p>@media screen and (max-width: 960px){<\/p>\n<p>        .ix-continua-acquisti-boxes-container{\n            padding: 0 20px;\n        }\n        .ix-continua-acquisti-single-box{\n            margin-bottom: 50px !important;\n        }\n        .ix-continua-acquisti-row{\n            margin-bottom: 0px;\n        }\n}<\/p>\n<\/style>","protected":false},"excerpt":{"rendered":"<p>Metti un BIOSEC sotto l&#8217;Albero. SCOPRI QUI le promozioni di Natale! Gli sconti Black Friday sono qui! \u00a0 Clicca\u00a0per\u00a0non perderli \u2192 CONTINUA I TUOI ACQUISTI La tua avventura nel mondo dell&#8217;essiccazione \u00e8 appena iniziata. Cerca tra i nostri prodotti quello che fa al caso tuo e mettilo nel carrello! Essicca, conserva e risparmia con Tauro! [&hellip;]<\/p>","protected":false},"author":1,"featured_media":0,"parent":0,"menu_order":0,"comment_status":"closed","ping_status":"closed","template":"","meta":{"footnotes":""},"tags":[],"class_list":["post-50962","page","type-page","status-publish","hentry"],"acf":[],"yoast_head":"<!-- This site is optimized with the Yoast SEO plugin v20.10 - https:\/\/yoast.com\/wordpress\/plugins\/seo\/ -->\n<title>CONTINUA ACQUISTI - Tauro Essiccatori<\/title>\n<meta name=\"robots\" content=\"noindex, follow, max-snippet:-1, max-image-preview:large, max-video-preview:-1\" \/>\n<meta property=\"og:locale\" content=\"ro_RO\" \/>\n<meta property=\"og:type\" content=\"article\" \/>\n<meta property=\"og:title\" content=\"CONTINUA ACQUISTI - Tauro Essiccatori\" \/>\n<meta property=\"og:description\" content=\"Metti un BIOSEC sotto l&#039;Albero. SCOPRI QUI le promozioni di Natale! Gli sconti Black Friday sono qui! \u00a0 Clicca\u00a0per\u00a0non perderli \u2192 CONTINUA I TUOI ACQUISTI La tua avventura nel mondo dell&#8217;essiccazione \u00e8 appena iniziata. Cerca tra i nostri prodotti quello che fa al caso tuo e mettilo nel carrello! Essicca, conserva e risparmia con Tauro! [&hellip;]\" \/>\n<meta property=\"og:url\" content=\"https:\/\/stor51.tauroessiccatori.com\/ro\/continuati-cumparaturile\/\" \/>\n<meta property=\"og:site_name\" content=\"Tauro Essiccatori\" \/>\n<meta property=\"article:publisher\" content=\"https:\/\/www.facebook.com\/TauroEssiccatori\/\" \/>\n<meta property=\"article:modified_time\" content=\"2022-08-06T14:31:09+00:00\" \/>\n<meta property=\"og:image\" content=\"https:\/\/stor51.tauroessiccatori.com\/wp-assets\/uploads\/2020\/11\/accessori.jpg\" \/>\n<meta name=\"twitter:card\" content=\"summary_large_image\" \/>\n<script type=\"application\/ld+json\" class=\"yoast-schema-graph\">{\"@context\":\"https:\/\/schema.org\",\"@graph\":[{\"@type\":\"WebPage\",\"@id\":\"https:\/\/stor51.tauroessiccatori.com\/continua-acquisti\/\",\"url\":\"https:\/\/stor51.tauroessiccatori.com\/continua-acquisti\/\",\"name\":\"CONTINUA ACQUISTI - Tauro Essiccatori\",\"isPartOf\":{\"@id\":\"https:\/\/stor51.tauroessiccatori.com\/#website\"},\"datePublished\":\"2020-11-18T18:16:49+00:00\",\"dateModified\":\"2022-08-06T14:31:09+00:00\",\"breadcrumb\":{\"@id\":\"https:\/\/stor51.tauroessiccatori.com\/continua-acquisti\/#breadcrumb\"},\"inLanguage\":\"ro-RO\",\"potentialAction\":[{\"@type\":\"ReadAction\",\"target\":[\"https:\/\/stor51.tauroessiccatori.com\/continua-acquisti\/\"]}]},{\"@type\":\"BreadcrumbList\",\"@id\":\"https:\/\/stor51.tauroessiccatori.com\/continua-acquisti\/#breadcrumb\",\"itemListElement\":[{\"@type\":\"ListItem\",\"position\":1,\"name\":\"Home\",\"item\":\"https:\/\/stor51.tauroessiccatori.com\/\"},{\"@type\":\"ListItem\",\"position\":2,\"name\":\"CONTINUA ACQUISTI\"}]},{\"@type\":\"WebSite\",\"@id\":\"https:\/\/stor51.tauroessiccatori.com\/#website\",\"url\":\"https:\/\/stor51.tauroessiccatori.com\/\",\"name\":\"Tauro Essiccatori\",\"description\":\"Welcome to Tauro Essiccatori online shop\",\"publisher\":{\"@id\":\"https:\/\/stor51.tauroessiccatori.com\/#organization\"},\"potentialAction\":[{\"@type\":\"SearchAction\",\"target\":{\"@type\":\"EntryPoint\",\"urlTemplate\":\"https:\/\/stor51.tauroessiccatori.com\/?s={search_term_string}\"},\"query-input\":\"required name=search_term_string\"}],\"inLanguage\":\"ro-RO\"},{\"@type\":\"Organization\",\"@id\":\"https:\/\/stor51.tauroessiccatori.com\/#organization\",\"name\":\"Tauro Essiccatori\",\"url\":\"https:\/\/stor51.tauroessiccatori.com\/\",\"logo\":{\"@type\":\"ImageObject\",\"inLanguage\":\"ro-RO\",\"@id\":\"https:\/\/stor51.tauroessiccatori.com\/#\/schema\/logo\/image\/\",\"url\":\"https:\/\/www.tauroessiccatori.com\/wp-assets\/uploads\/2017\/07\/logo_tauro_500x109px.png\",\"contentUrl\":\"https:\/\/www.tauroessiccatori.com\/wp-assets\/uploads\/2017\/07\/logo_tauro_500x109px.png\",\"width\":500,\"height\":109,\"caption\":\"Tauro Essiccatori\"},\"image\":{\"@id\":\"https:\/\/stor51.tauroessiccatori.com\/#\/schema\/logo\/image\/\"},\"sameAs\":[\"https:\/\/www.facebook.com\/TauroEssiccatori\/\",\"https:\/\/www.instagram.com\/tauro_essiccatori\/\",\"https:\/\/it.linkedin.com\/company\/tauro-essiccatori\",\"https:\/\/www.youtube.com\/user\/tauroessiccatori\"]}]}<\/script>\n<!-- \/ Yoast SEO plugin. -->","yoast_head_json":{"title":"CONTINUA ACQUISTI - Tauro Essiccatori","robots":{"index":"noindex","follow":"follow","max-snippet":"max-snippet:-1","max-image-preview":"max-image-preview:large","max-video-preview":"max-video-preview:-1"},"og_locale":"ro_RO","og_type":"article","og_title":"CONTINUA ACQUISTI - Tauro Essiccatori","og_description":"Metti un BIOSEC sotto l'Albero. SCOPRI QUI le promozioni di Natale! Gli sconti Black Friday sono qui! \u00a0 Clicca\u00a0per\u00a0non perderli \u2192 CONTINUA I TUOI ACQUISTI La tua avventura nel mondo dell&#8217;essiccazione \u00e8 appena iniziata. Cerca tra i nostri prodotti quello che fa al caso tuo e mettilo nel carrello! Essicca, conserva e risparmia con Tauro! [&hellip;]","og_url":"https:\/\/stor51.tauroessiccatori.com\/ro\/continuati-cumparaturile\/","og_site_name":"Tauro Essiccatori","article_publisher":"https:\/\/www.facebook.com\/TauroEssiccatori\/","article_modified_time":"2022-08-06T14:31:09+00:00","og_image":[{"url":"https:\/\/stor51.tauroessiccatori.com\/wp-assets\/uploads\/2020\/11\/accessori.jpg"}],"twitter_card":"summary_large_image","schema":{"@context":"https:\/\/schema.org","@graph":[{"@type":"WebPage","@id":"https:\/\/stor51.tauroessiccatori.com\/continua-acquisti\/","url":"https:\/\/stor51.tauroessiccatori.com\/continua-acquisti\/","name":"CONTINUA ACQUISTI - Tauro Essiccatori","isPartOf":{"@id":"https:\/\/stor51.tauroessiccatori.com\/#website"},"datePublished":"2020-11-18T18:16:49+00:00","dateModified":"2022-08-06T14:31:09+00:00","breadcrumb":{"@id":"https:\/\/stor51.tauroessiccatori.com\/continua-acquisti\/#breadcrumb"},"inLanguage":"ro-RO","potentialAction":[{"@type":"ReadAction","target":["https:\/\/stor51.tauroessiccatori.com\/continua-acquisti\/"]}]},{"@type":"BreadcrumbList","@id":"https:\/\/stor51.tauroessiccatori.com\/continua-acquisti\/#breadcrumb","itemListElement":[{"@type":"ListItem","position":1,"name":"Home","item":"https:\/\/stor51.tauroessiccatori.com\/"},{"@type":"ListItem","position":2,"name":"CONTINUA ACQUISTI"}]},{"@type":"WebSite","@id":"https:\/\/stor51.tauroessiccatori.com\/#website","url":"https:\/\/stor51.tauroessiccatori.com\/","name":"Tauro Essiccatori","description":"Welcome to Tauro Essiccatori online shop","publisher":{"@id":"https:\/\/stor51.tauroessiccatori.com\/#organization"},"potentialAction":[{"@type":"SearchAction","target":{"@type":"EntryPoint","urlTemplate":"https:\/\/stor51.tauroessiccatori.com\/?s={search_term_string}"},"query-input":"required name=search_term_string"}],"inLanguage":"ro-RO"},{"@type":"Organization","@id":"https:\/\/stor51.tauroessiccatori.com\/#organization","name":"Tauro Essiccatori","url":"https:\/\/stor51.tauroessiccatori.com\/","logo":{"@type":"ImageObject","inLanguage":"ro-RO","@id":"https:\/\/stor51.tauroessiccatori.com\/#\/schema\/logo\/image\/","url":"https:\/\/www.tauroessiccatori.com\/wp-assets\/uploads\/2017\/07\/logo_tauro_500x109px.png","contentUrl":"https:\/\/www.tauroessiccatori.com\/wp-assets\/uploads\/2017\/07\/logo_tauro_500x109px.png","width":500,"height":109,"caption":"Tauro Essiccatori"},"image":{"@id":"https:\/\/stor51.tauroessiccatori.com\/#\/schema\/logo\/image\/"},"sameAs":["https:\/\/www.facebook.com\/TauroEssiccatori\/","https:\/\/www.instagram.com\/tauro_essiccatori\/","https:\/\/it.linkedin.com\/company\/tauro-essiccatori","https:\/\/www.youtube.com\/user\/tauroessiccatori"]}]}},"_links":{"self":[{"href":"https:\/\/stor51.tauroessiccatori.com\/ro\/wp-json\/wp\/v2\/pages\/50962"}],"collection":[{"href":"https:\/\/stor51.tauroessiccatori.com\/ro\/wp-json\/wp\/v2\/pages"}],"about":[{"href":"https:\/\/stor51.tauroessiccatori.com\/ro\/wp-json\/wp\/v2\/types\/page"}],"author":[{"embeddable":true,"href":"https:\/\/stor51.tauroessiccatori.com\/ro\/wp-json\/wp\/v2\/users\/1"}],"replies":[{"embeddable":true,"href":"https:\/\/stor51.tauroessiccatori.com\/ro\/wp-json\/wp\/v2\/comments?post=50962"}],"version-history":[{"count":60,"href":"https:\/\/stor51.tauroessiccatori.com\/ro\/wp-json\/wp\/v2\/pages\/50962\/revisions"}],"predecessor-version":[{"id":165049,"href":"https:\/\/stor51.tauroessiccatori.com\/ro\/wp-json\/wp\/v2\/pages\/50962\/revisions\/165049"}],"wp:attachment":[{"href":"https:\/\/stor51.tauroessiccatori.com\/ro\/wp-json\/wp\/v2\/media?parent=50962"}],"wp:term":[{"taxonomy":"post_tag","embeddable":true,"href":"https:\/\/stor51.tauroessiccatori.com\/ro\/wp-json\/wp\/v2\/tags?post=50962"}],"curies":[{"name":"wp","href":"https:\/\/api.w.org\/{rel}","templated":true}]}}