


{"id":1115,"date":"2017-10-24T02:27:06","date_gmt":"2017-10-24T00:27:06","guid":{"rendered":"http:\/\/store.tauroessiccatori.com\/?page_id=1115\/"},"modified":"2023-10-18T18:30:00","modified_gmt":"2023-10-18T16:30:00","slug":"consegna-e-reso","status":"publish","type":"page","link":"https:\/\/stor51.tauroessiccatori.com\/ro\/serviciul-clienti\/livrare-si-retur\/","title":{"rendered":"Livrare \u0219i returnare"},"content":{"rendered":"<div class=\"tauro-banners\"><div class=\"banner-00\" style=\"background-color: #852035\">\r\n<div class=\"ix-xmas-box-other\" style=\"font-size: 18px;padding: 7px 0;margin: 0 auto 0px auto\" align=\"center\"><b style=\"color: #fff;font-size: 18px\">Pune\u021bi un BIOSEC sub copac. <a style=\"color: #f8cc89;font-weight: bold;text-decoration: none;font-size: 18px\" href=\"https:\/\/www.tauroessiccatori.com\/christmas-2024\/\">DESCOPER\u0102 AICI<\/a> Promo\u021bii de Cr\u0103ciun!<\/b><\/div>\r\n<\/div><div class=\"banner-00\" style=\"background-color: #000\">\r\n<div class=\"ix-xmas-box-other\" style=\"font-size: 18px;padding: 7px 0;margin: 0 auto 0px auto\" align=\"center\"><b style=\"color: #fff\"> Reducerile de Black Friday sunt aici! \u00a0 <a style=\"color: #f77209;font-weight: bold;text-decoration: none\" href=\"https:\/\/www.tauroessiccatori.com\/black-friday-2024\/\"> Face\u021bi clic pentru a nu le pierde \u2192 <\/a>\r\n<\/b><\/div>\r\n<\/div><\/div><div class=\"ix-container-inner\">\n<div class=\"uk-grid uk-grid-medium\">\n<div class=\"uk-width-large-1-3\">\n           \n    <div class=\"ix-help-menu\">\n\n     <ul>\n       <li class=\"ix-help-menu-title\">serviciul clien\u021bi<\/li>\n       <li class=\"ix-link-help-li\"><a class=\"ix-link-help\" href=\"https:\/\/www.tauroessiccatori.com\/servizio-clienti\/condizioni-di-vendita\">condi\u021bii de v\u00e2nzare<\/a><\/li>\n       <li class=\"ix-link-help-li\"><a class=\"ix-link-help ix-help-link-active\" href=\"https:\/\/www.tauroessiccatori.com\/servizio-clienti\/consegna-e-reso\/\">livrare \u0219i returnare<\/a><\/li>\n       <li class=\"ix-link-help-li\"><a class=\"ix-link-help\" href=\"https:\/\/www.tauroessiccatori.com\/servizio-clienti\/estensione-di-garanzia\/\">extinderea garan\u021biei<\/a><\/li>\n       <li class=\"ix-link-help-li\"><a class=\"ix-link-help\" href=\"https:\/\/www.tauroessiccatori.com\/servizio-clienti\/pagamento\/\">pl\u0103\u021bi<\/a><\/li>\n<!--       <li class=\"ix-link-help-li\"><a class=\"ix-link-help \" href=\"https:\/\/www.tauroessiccatori.com\/servizio-clienti\/mio-account\/#\">il mio account<\/a><\/li>-->\n     <\/ul>\n\n     <ul>\n       <li class=\"ix-help-menu-title\">leg\u0103turi utile<\/li>\n       <li class=\"ix-link-useful-li\"><a class=\"ix-link-help-link-useful\" href=\"https:\/\/www.tauroessiccatori.com\/i-nostri-tutorial\/\">Tutorial<\/a><\/li>\n       <li class=\"ix-link-useful-li\"><a class=\"ix-link-help-link-useful\" href=\"https:\/\/www.tauroessiccatori.com\/servizio-clienti\/domande-frequenti\/\">\u00centreb\u0103ri frecvente<\/a><\/li>\n     <\/ul>\n\n     <div class=\"ix-help-button-contact-us\">\n       <a class=\"ix-button-grey\" style=\"width:180px; line-height:40px;\" href=\"https:\/\/www.tauroessiccatori.com\/contatti\/\">contacta\u021bi-ne<\/a>\n     <\/div>\n\n      <\/div>   \n    <\/div>\n<div class=\"uk-width-large-2-3\">\n<div class=\"ix-help-right-box\">\n<p><!-- 2022-08-03 italix: kevin: was:h2 add:ix-h1--><\/p>\n<h1 class=\"ix-help-h2 ix-h1\" style=\"margin:0 !important;\">livrare \u0219i returnare<\/h1>\n<div class=\"ix-help-p\">\n<p>Comenzile sunt gestionate de birourile noastre \u00een termen de 48 de ore lucr\u0103toare dup\u0103 ce comanda este finalizat\u0103 corect \u00een magazinul nostru online.<\/p>\n<p>\u00cen mod normal, expedierea se face \u00een urm\u0103toarea zi lucr\u0103toare dup\u0103 finalizarea comenzii.<\/p>\n<p>In caso di pagamento tramite bonifico bancario, tale periodo viene conteggiato a partire dall\u2019accredito dell\u2019importo.<br \/>\nNon far\u00e0 pertanto fede l\u2019invio di documentazione riportante gli estremi del bonifico.<\/p>\n<p>Din momentul expedierii, curierul are la dispozi\u021bie 24\/48 de ore pentru o livrare efectiv\u0103. <\/p>\n<p>Se recomand\u0103 ca adresa de destina\u021bie indicat\u0103 s\u0103 fie respectat\u0103 pentru a se evita costurile de depozitare.<\/p>\n<p class=\"ix-help-expeditions-p\">Livrare \u00een Italia<\/p>\n<table class=\"ix-help-table\">\n<tr class=\"ix-help-table-main-tr\">\n<td>suma<\/td>\n<td>transfer bancar sau paypal<\/td>\n<td>marca<\/td>\n<\/tr>\n<tr>\n<td>mai jos <span class=\"ix-only-small-screen\"><br \/><\/span>a \u20ac 30<\/td>\n<td>\u20ac 4<\/td>\n<td>4 \u20ac + 4 \u20ac + 4 \u20ac tax\u0103 de rambursare la livrare<\/td>\n<\/tr>\n<tr>\n<td>partea superioar\u0103 <span class=\"ix-only-small-screen\"><br \/><\/span>a \u20ac 30<\/td>\n<td>\u20ac 0<\/td>\n<td>0 \u20ac + 4 \u20ac taxa de rambursare la livrare<\/td>\n<\/tr>\n<\/table>\n<p class=\"ix-help-expeditions-p\">Expedieri \u00een afara Italiei<\/p>\n<p>UNIUNEA EUROPEAN\u0102 (UE) ZONA A: Austria, Benelux, Fran\u021ba, Germania<\/p>\n<p>UNIUNEA EUROPEAN\u0102 (UE) ZONA B: Toate statele nespecificate.<\/p>\n<table class=\"ix-help-table\">\n<tbody>\n<tr class=\"ix-help-table-main-tr\">\n<td>suma<\/td>\n<td>UE Zona A<\/td>\n<td>UE Zona B<\/td>\n<\/tr>\n<tr>\n<td>mai pu\u021bin de 250 EUR<\/td>\n<td>\u20ac 15<\/td>\n<td>\u20ac 30<\/td>\n<\/tr>\n<tr>\n<td>care dep\u0103\u0219e\u0219te 250 EUR<\/td>\n<td>\u20ac 10<\/td>\n<td>\u20ac 20<\/td>\n<\/tr>\n<\/tbody>\n<\/table>\n<p><b>Expedieri \u00een afara Uniunii Europene (UE)<\/b><\/p>\n<p>\u00cen acest caz, v\u0103 rug\u0103m s\u0103 ne contacta\u021bi pentru a solicita o ofert\u0103.<\/p>\n<p>&#8212;&#8212;&#8212;&#8212;&#8212;<\/p>\n<p><b>Dreptul de retragere<\/b><\/p>\n<p>\u00cen conformitate cu legisla\u021bia \u00een vigoare, este posibil s\u0103 se fac\u0103 uz de dreptul de retragere dac\u0103 sunt \u00eendeplinite urm\u0103toarele condi\u021bii.<\/p>\n<p>Dorin\u021ba noastr\u0103 de a ne prevala de acest drept trebuie s\u0103 ne fie notificat\u0103 \u00een termen de 14 zile de la primirea bunurilor, de preferin\u021b\u0103 prin scrisoare recomandat\u0103 cu confirmare de primire la urm\u0103toarea adres\u0103:<\/p>\n<p>Tauro Essiccatori Srl - via del lavoro 6 - 36043 Camisano Vicentino <\/p>\n<p>sau prin PEC la adresa <\/p>\n<p>tauroessiccatorisrl@pec.it<\/p>\n<p>Scrisoarea de cerere trebuie s\u0103 indice detaliile unui cont bancar sau po\u0219tal \u00een care va fi creditat\u0103 suma datorat\u0103.<\/p>\n<p>\u00cen plus, produsul cump\u0103rat \u0219i care nu mai este dorit trebuie s\u0103 ne fie returnat \u00een aceea\u0219i perioad\u0103. <br \/>Esso deve essere integro e completo di ogni sua parte, compresi accessori, manuali e<br \/>\naltro materiale presente nella confezione, imballato con cura per non subire danni durante la spedizione.<br \/>\nV\u0103 rug\u0103m s\u0103 anexa\u021bi \u0219i o copie a chitan\u021bei fiscale sau a facturii de achizi\u021bie. Costurile de returnare sunt \u00een responsabilitatea clientului.<br \/>\nDup\u0103 primirea bunurilor \u0219i verificarea integrit\u0103\u021bii acestora, pre\u021bul bunurilor va fi rambursat \u00een contul curent indicat \u00een scrisoarea de solicitare a dreptului de retragere.<\/p>\n<p>Rambursarea se refer\u0103 la pre\u021bul produselor f\u0103r\u0103 costurile de transport \u0219i se va face \u00een termen de 14 zile de la returnarea bunurilor.<\/p>\n<\/p><\/div>\n<\/p><\/div>\n<\/p><\/div>\n<\/div>\n<\/div>","protected":false},"excerpt":{"rendered":"<p>Metti un BIOSEC sotto l&#8217;Albero. SCOPRI QUI le promozioni di Natale! Gli sconti Black Friday sono qui! \u00a0 Clicca\u00a0per\u00a0non perderli \u2192 consegna e reso Gli ordini vengono gestiti dai nostri uffici entro 48 ore lavorative dalla corretta finalizzazione dell&#8217;ordine sul nostro shop on line. La spedizione viene normalmente effettuate entro il giorno lavorativo successivo a [&hellip;]<\/p>","protected":false},"author":1,"featured_media":0,"parent":1088,"menu_order":0,"comment_status":"closed","ping_status":"closed","template":"","meta":{"footnotes":""},"tags":[],"class_list":["post-1115","page","type-page","status-publish","hentry"],"acf":[],"yoast_head":"<!-- This site is optimized with the Yoast SEO plugin v20.10 - https:\/\/yoast.com\/wordpress\/plugins\/seo\/ -->\n<title>Consegna e reso - Tauro Essiccatori<\/title>\n<meta name=\"robots\" content=\"noindex, follow, max-snippet:-1, max-image-preview:large, max-video-preview:-1\" \/>\n<meta property=\"og:locale\" content=\"ro_RO\" \/>\n<meta property=\"og:type\" content=\"article\" \/>\n<meta property=\"og:title\" content=\"Consegna e reso - Tauro Essiccatori\" \/>\n<meta property=\"og:description\" content=\"Metti un BIOSEC sotto l&#039;Albero. SCOPRI QUI le promozioni di Natale! Gli sconti Black Friday sono qui! \u00a0 Clicca\u00a0per\u00a0non perderli \u2192 consegna e reso Gli ordini vengono gestiti dai nostri uffici entro 48 ore lavorative dalla corretta finalizzazione dell&#8217;ordine sul nostro shop on line. La spedizione viene normalmente effettuate entro il giorno lavorativo successivo a [&hellip;]\" \/>\n<meta property=\"og:url\" content=\"https:\/\/stor51.tauroessiccatori.com\/ro\/serviciul-clienti\/livrare-si-retur\/\" \/>\n<meta property=\"og:site_name\" content=\"Tauro Essiccatori\" \/>\n<meta property=\"article:publisher\" content=\"https:\/\/www.facebook.com\/TauroEssiccatori\/\" \/>\n<meta property=\"article:modified_time\" content=\"2023-10-18T16:30:00+00:00\" \/>\n<meta name=\"twitter:card\" content=\"summary_large_image\" \/>\n<meta name=\"twitter:label1\" content=\"Est. reading time\" \/>\n\t<meta name=\"twitter:data1\" content=\"3 minute\" \/>\n<script type=\"application\/ld+json\" class=\"yoast-schema-graph\">{\"@context\":\"https:\/\/schema.org\",\"@graph\":[{\"@type\":\"WebPage\",\"@id\":\"https:\/\/stor51.tauroessiccatori.com\/servizio-clienti\/consegna-e-reso\/\",\"url\":\"https:\/\/stor51.tauroessiccatori.com\/servizio-clienti\/consegna-e-reso\/\",\"name\":\"Consegna e reso - Tauro Essiccatori\",\"isPartOf\":{\"@id\":\"https:\/\/stor51.tauroessiccatori.com\/#website\"},\"datePublished\":\"2017-10-24T00:27:06+00:00\",\"dateModified\":\"2023-10-18T16:30:00+00:00\",\"breadcrumb\":{\"@id\":\"https:\/\/stor51.tauroessiccatori.com\/servizio-clienti\/consegna-e-reso\/#breadcrumb\"},\"inLanguage\":\"ro-RO\",\"potentialAction\":[{\"@type\":\"ReadAction\",\"target\":[\"https:\/\/stor51.tauroessiccatori.com\/servizio-clienti\/consegna-e-reso\/\"]}]},{\"@type\":\"BreadcrumbList\",\"@id\":\"https:\/\/stor51.tauroessiccatori.com\/servizio-clienti\/consegna-e-reso\/#breadcrumb\",\"itemListElement\":[{\"@type\":\"ListItem\",\"position\":1,\"name\":\"Home\",\"item\":\"https:\/\/stor51.tauroessiccatori.com\/\"},{\"@type\":\"ListItem\",\"position\":2,\"name\":\"Servizio clienti\",\"item\":\"https:\/\/stor51.tauroessiccatori.com\/servizio-clienti\/\"},{\"@type\":\"ListItem\",\"position\":3,\"name\":\"Consegna e reso\"}]},{\"@type\":\"WebSite\",\"@id\":\"https:\/\/stor51.tauroessiccatori.com\/#website\",\"url\":\"https:\/\/stor51.tauroessiccatori.com\/\",\"name\":\"Tauro Essiccatori\",\"description\":\"Welcome to Tauro Essiccatori online shop\",\"publisher\":{\"@id\":\"https:\/\/stor51.tauroessiccatori.com\/#organization\"},\"potentialAction\":[{\"@type\":\"SearchAction\",\"target\":{\"@type\":\"EntryPoint\",\"urlTemplate\":\"https:\/\/stor51.tauroessiccatori.com\/?s={search_term_string}\"},\"query-input\":\"required name=search_term_string\"}],\"inLanguage\":\"ro-RO\"},{\"@type\":\"Organization\",\"@id\":\"https:\/\/stor51.tauroessiccatori.com\/#organization\",\"name\":\"Tauro Essiccatori\",\"url\":\"https:\/\/stor51.tauroessiccatori.com\/\",\"logo\":{\"@type\":\"ImageObject\",\"inLanguage\":\"ro-RO\",\"@id\":\"https:\/\/stor51.tauroessiccatori.com\/#\/schema\/logo\/image\/\",\"url\":\"https:\/\/www.tauroessiccatori.com\/wp-assets\/uploads\/2017\/07\/logo_tauro_500x109px.png\",\"contentUrl\":\"https:\/\/www.tauroessiccatori.com\/wp-assets\/uploads\/2017\/07\/logo_tauro_500x109px.png\",\"width\":500,\"height\":109,\"caption\":\"Tauro Essiccatori\"},\"image\":{\"@id\":\"https:\/\/stor51.tauroessiccatori.com\/#\/schema\/logo\/image\/\"},\"sameAs\":[\"https:\/\/www.facebook.com\/TauroEssiccatori\/\",\"https:\/\/www.instagram.com\/tauro_essiccatori\/\",\"https:\/\/it.linkedin.com\/company\/tauro-essiccatori\",\"https:\/\/www.youtube.com\/user\/tauroessiccatori\"]}]}<\/script>\n<!-- \/ Yoast SEO plugin. -->","yoast_head_json":{"title":"Consegna e reso - Tauro Essiccatori","robots":{"index":"noindex","follow":"follow","max-snippet":"max-snippet:-1","max-image-preview":"max-image-preview:large","max-video-preview":"max-video-preview:-1"},"og_locale":"ro_RO","og_type":"article","og_title":"Consegna e reso - Tauro Essiccatori","og_description":"Metti un BIOSEC sotto l'Albero. SCOPRI QUI le promozioni di Natale! Gli sconti Black Friday sono qui! \u00a0 Clicca\u00a0per\u00a0non perderli \u2192 consegna e reso Gli ordini vengono gestiti dai nostri uffici entro 48 ore lavorative dalla corretta finalizzazione dell&#8217;ordine sul nostro shop on line. La spedizione viene normalmente effettuate entro il giorno lavorativo successivo a [&hellip;]","og_url":"https:\/\/stor51.tauroessiccatori.com\/ro\/serviciul-clienti\/livrare-si-retur\/","og_site_name":"Tauro Essiccatori","article_publisher":"https:\/\/www.facebook.com\/TauroEssiccatori\/","article_modified_time":"2023-10-18T16:30:00+00:00","twitter_card":"summary_large_image","twitter_misc":{"Est. reading time":"3 minute"},"schema":{"@context":"https:\/\/schema.org","@graph":[{"@type":"WebPage","@id":"https:\/\/stor51.tauroessiccatori.com\/servizio-clienti\/consegna-e-reso\/","url":"https:\/\/stor51.tauroessiccatori.com\/servizio-clienti\/consegna-e-reso\/","name":"Consegna e reso - Tauro Essiccatori","isPartOf":{"@id":"https:\/\/stor51.tauroessiccatori.com\/#website"},"datePublished":"2017-10-24T00:27:06+00:00","dateModified":"2023-10-18T16:30:00+00:00","breadcrumb":{"@id":"https:\/\/stor51.tauroessiccatori.com\/servizio-clienti\/consegna-e-reso\/#breadcrumb"},"inLanguage":"ro-RO","potentialAction":[{"@type":"ReadAction","target":["https:\/\/stor51.tauroessiccatori.com\/servizio-clienti\/consegna-e-reso\/"]}]},{"@type":"BreadcrumbList","@id":"https:\/\/stor51.tauroessiccatori.com\/servizio-clienti\/consegna-e-reso\/#breadcrumb","itemListElement":[{"@type":"ListItem","position":1,"name":"Home","item":"https:\/\/stor51.tauroessiccatori.com\/"},{"@type":"ListItem","position":2,"name":"Servizio clienti","item":"https:\/\/stor51.tauroessiccatori.com\/servizio-clienti\/"},{"@type":"ListItem","position":3,"name":"Consegna e reso"}]},{"@type":"WebSite","@id":"https:\/\/stor51.tauroessiccatori.com\/#website","url":"https:\/\/stor51.tauroessiccatori.com\/","name":"Tauro Essiccatori","description":"Welcome to Tauro Essiccatori online shop","publisher":{"@id":"https:\/\/stor51.tauroessiccatori.com\/#organization"},"potentialAction":[{"@type":"SearchAction","target":{"@type":"EntryPoint","urlTemplate":"https:\/\/stor51.tauroessiccatori.com\/?s={search_term_string}"},"query-input":"required name=search_term_string"}],"inLanguage":"ro-RO"},{"@type":"Organization","@id":"https:\/\/stor51.tauroessiccatori.com\/#organization","name":"Tauro Essiccatori","url":"https:\/\/stor51.tauroessiccatori.com\/","logo":{"@type":"ImageObject","inLanguage":"ro-RO","@id":"https:\/\/stor51.tauroessiccatori.com\/#\/schema\/logo\/image\/","url":"https:\/\/www.tauroessiccatori.com\/wp-assets\/uploads\/2017\/07\/logo_tauro_500x109px.png","contentUrl":"https:\/\/www.tauroessiccatori.com\/wp-assets\/uploads\/2017\/07\/logo_tauro_500x109px.png","width":500,"height":109,"caption":"Tauro Essiccatori"},"image":{"@id":"https:\/\/stor51.tauroessiccatori.com\/#\/schema\/logo\/image\/"},"sameAs":["https:\/\/www.facebook.com\/TauroEssiccatori\/","https:\/\/www.instagram.com\/tauro_essiccatori\/","https:\/\/it.linkedin.com\/company\/tauro-essiccatori","https:\/\/www.youtube.com\/user\/tauroessiccatori"]}]}},"_links":{"self":[{"href":"https:\/\/stor51.tauroessiccatori.com\/ro\/wp-json\/wp\/v2\/pages\/1115"}],"collection":[{"href":"https:\/\/stor51.tauroessiccatori.com\/ro\/wp-json\/wp\/v2\/pages"}],"about":[{"href":"https:\/\/stor51.tauroessiccatori.com\/ro\/wp-json\/wp\/v2\/types\/page"}],"author":[{"embeddable":true,"href":"https:\/\/stor51.tauroessiccatori.com\/ro\/wp-json\/wp\/v2\/users\/1"}],"replies":[{"embeddable":true,"href":"https:\/\/stor51.tauroessiccatori.com\/ro\/wp-json\/wp\/v2\/comments?post=1115"}],"version-history":[{"count":62,"href":"https:\/\/stor51.tauroessiccatori.com\/ro\/wp-json\/wp\/v2\/pages\/1115\/revisions"}],"predecessor-version":[{"id":169397,"href":"https:\/\/stor51.tauroessiccatori.com\/ro\/wp-json\/wp\/v2\/pages\/1115\/revisions\/169397"}],"up":[{"embeddable":true,"href":"https:\/\/stor51.tauroessiccatori.com\/ro\/wp-json\/wp\/v2\/pages\/1088"}],"wp:attachment":[{"href":"https:\/\/stor51.tauroessiccatori.com\/ro\/wp-json\/wp\/v2\/media?parent=1115"}],"wp:term":[{"taxonomy":"post_tag","embeddable":true,"href":"https:\/\/stor51.tauroessiccatori.com\/ro\/wp-json\/wp\/v2\/tags?post=1115"}],"curies":[{"name":"wp","href":"https:\/\/api.w.org\/{rel}","templated":true}]}}