


{"id":1103,"date":"2017-10-23T20:13:04","date_gmt":"2017-10-23T18:13:04","guid":{"rendered":"http:\/\/store.tauroessiccatori.com\/?page_id=1103\/"},"modified":"2022-08-07T16:02:42","modified_gmt":"2022-08-07T14:02:42","slug":"condizioni-di-vendita","status":"publish","type":"page","link":"https:\/\/stor51.tauroessiccatori.com\/ro\/serviciul-clienti\/conditii-de-vanzare\/","title":{"rendered":"Condi\u021bii de v\u00e2nzare"},"content":{"rendered":"<div class=\"tauro-banners\"><div class=\"banner-00\" style=\"background-color: #852035\">\r\n<div class=\"ix-xmas-box-other\" style=\"font-size: 18px;padding: 7px 0;margin: 0 auto 0px auto\" align=\"center\"><b style=\"color: #fff;font-size: 18px\">Pune\u021bi un BIOSEC sub copac. <a style=\"color: #f8cc89;font-weight: bold;text-decoration: none;font-size: 18px\" href=\"https:\/\/www.tauroessiccatori.com\/christmas-2024\/\">DESCOPER\u0102 AICI<\/a> Promo\u021bii de Cr\u0103ciun!<\/b><\/div>\r\n<\/div><div class=\"banner-00\" style=\"background-color: #000\">\r\n<div class=\"ix-xmas-box-other\" style=\"font-size: 18px;padding: 7px 0;margin: 0 auto 0px auto\" align=\"center\"><b style=\"color: #fff\"> Reducerile de Black Friday sunt aici! \u00a0 <a style=\"color: #f77209;font-weight: bold;text-decoration: none\" href=\"https:\/\/www.tauroessiccatori.com\/black-friday-2024\/\"> Face\u021bi clic pentru a nu le pierde \u2192 <\/a>\r\n<\/b><\/div>\r\n<\/div><\/div><div class=\"ix-container-inner\">\n<div class=\"uk-grid uk-grid-medium\">\n<div class=\"uk-width-large-1-3\">\n           \n    <div class=\"ix-help-menu\">\n\n     <ul>\n       <li class=\"ix-help-menu-title\">serviciul clien\u021bi<\/li>\n       <li class=\"ix-link-help-li\"><a class=\"ix-link-help ix-help-link-active\" href=\"https:\/\/www.tauroessiccatori.com\/servizio-clienti\/condizioni-di-vendita\">condi\u021bii de v\u00e2nzare<\/a><\/li>\n       <li class=\"ix-link-help-li\"><a class=\"ix-link-help\" href=\"https:\/\/www.tauroessiccatori.com\/servizio-clienti\/consegna-e-reso\/\">livrare \u0219i returnare<\/a><\/li>\n       <li class=\"ix-link-help-li\"><a class=\"ix-link-help\" href=\"https:\/\/www.tauroessiccatori.com\/servizio-clienti\/estensione-di-garanzia\/\">extinderea garan\u021biei<\/a><\/li>\n       <li class=\"ix-link-help-li\"><a class=\"ix-link-help\" href=\"https:\/\/www.tauroessiccatori.com\/servizio-clienti\/pagamento\/\">pl\u0103\u021bi<\/a><\/li>\n<!--       <li class=\"ix-link-help-li\"><a class=\"ix-link-help \" href=\"https:\/\/www.tauroessiccatori.com\/servizio-clienti\/mio-account\/#\">il mio account<\/a><\/li>-->\n     <\/ul>\n\n     <ul>\n       <li class=\"ix-help-menu-title\">leg\u0103turi utile<\/li>\n       <li class=\"ix-link-useful-li\"><a class=\"ix-link-help-link-useful\" href=\"https:\/\/www.tauroessiccatori.com\/i-nostri-tutorial\/\">Tutorial<\/a><\/li>\n       <li class=\"ix-link-useful-li\"><a class=\"ix-link-help-link-useful\" href=\"https:\/\/www.tauroessiccatori.com\/servizio-clienti\/domande-frequenti\/\">\u00centreb\u0103ri frecvente<\/a><\/li>\n     <\/ul>\n\n     <div class=\"ix-help-button-contact-us\">\n       <a class=\"ix-button-grey\" style=\"width:180px; line-height:40px;\" href=\"https:\/\/www.tauroessiccatori.com\/contatti\/\">contacta\u021bi-ne<\/a>\n     <\/div>\n\n      <\/div>   \n    <\/div>\n<div class=\"uk-width-large-2-3\">\n<div class=\"ix-help-right-box\">\n<p><!-- 2022-08-03 italix: kevin: was:h2 add:ix-h1--><\/p>\n<h1 class=\"ix-help-h2 ix-h1\" style=\"text-align:left !important; margin:0 !important;\">condi\u021bii de v\u00e2nzare<\/h1>\n<div class=\"ix-help-p\">\n<div class=\"main_table_container\">\n<p>Comenzile plasate pe site vor fi gestionate de:<\/p>\n<p><b>Tauro Essiccatori Srl<\/b><\/p>\n<p>Loca\u021bie:<\/p>\n<p>via del lavoro 6<br \/>\n36043 Camisano Vicentino<br \/>\n(Vicenza)<\/p>\n<p>Cod fiscal: 03977800246<br \/>\nNum\u0103r de TVA: 03977800246<\/p>\n<p>Telefon: +39 0444-719046<br \/>\nFax: +39 0444-412515<\/p>\n<p>Adresa de internet: <a href=\"http:\/\/www.tauroessiccatori.com\">www.tauroessiccatori.com<\/a><\/p>\n<p>E-mail:<\/p>\n<p><script><!-- asm('m','@','com','tauroessiccatori','info') --><\/script><a href=\"mailto:info@tauroessiccatori.com\">info@tauroessiccatori.com<\/a><\/p>\n<p><noscript>info<font>|<\/font>@<font>|<\/font>tauroessiccatori.com<\/noscript><\/p>\n<p>&nbsp;<\/p>\n<p>&nbsp;<\/p>\n<h3>Pre\u021buri<\/h3>\n<p>Pre\u021burile indicate includ \u00eentotdeauna TVA \u0219i, dac\u0103 nu se specific\u0103 altfel, nu includ costurile de transport.<\/p>\n<h3>Comunica\u021bii<\/h3>\n<div class=\"page_text\">\n<p>\u00cen momentul \u00eenregistr\u0103rii, clientul se angajeaz\u0103 s\u0103 utilizeze o adres\u0103 de e-mail existent\u0103 \u0219i func\u021bional\u0103. La aceast\u0103 adres\u0103 vom trimite confirmarea comenzii plasate \u0219i alte comunic\u0103ri referitoare la comand\u0103. Clientul este rugat s\u0103 ne informeze cu privire la orice modific\u0103ri sau probleme legate de adresa de e-mail. Dac\u0103, de exemplu, nu primi\u021bi o confirmare prin e-mail dup\u0103 plasarea comenzii, este posibil s\u0103 fi existat o eroare de tastare a adresei de e-mail sau probleme de comunicare \u00eentre serverele de e-mail. Nu trebuie dec\u00e2t s\u0103 ne contacta\u021bi \u0219i vom g\u0103si o solu\u021bie.<\/p>\n<\/div>\n<h3>Garan\u021bie<\/h3>\n<div class=\"page_text\">\n<p>Toate produsele Tauro sunt garantate timp de 2 ani de la data cump\u0103r\u0103rii.<\/p>\n<p>Garan\u021bia este valabil\u0103 numai dac\u0103 produsul este \u00eenso\u021bit de documentul de v\u00e2nzare (chitan\u021b\u0103 sau factur\u0103).<\/p>\n<p>\u00cen conformitate cu prevederile legale, garan\u021bia acoper\u0103 toate defec\u021biunile datorate defectelor de fabrica\u021bie.<\/p>\n<\/div>\n<h3>Expediere \u0219i livrare<\/h3>\n<div class=\"page_text\">\n<p>Costurile de expediere sunt indicate pe pagina de verificare final\u0103 a comenzii, \u00eenainte de confirmarea final\u0103.<\/p>\n<\/div>\n<div class=\"page_text\">\n<p>Pentru mai multe detalii \u0219i pentru a verifica ce costuri de transport sunt valabile \u00een prezent, v\u0103 rug\u0103m s\u0103 consulta\u021bi pagina <a href=\"https:\/\/stor51.tauroessiccatori.com\/ro\/help\/consegna-e-reso\/\">livrare \u0219i returnare<\/a>.<\/p>\n<\/div>\n<p>Comenzile sunt gestionate de birourile noastre \u00een termen de 48 de ore lucr\u0103toare dup\u0103 ce comanda este finalizat\u0103 corect \u00een magazinul nostru online.<\/p>\n<\/div>\n<h3>Dreptul de retragere<\/h3>\n<div class=\"page_text\">\n<p>\u00cen conformitate cu legisla\u021bia \u00een vigoare, este posibil s\u0103 se fac\u0103 uz de dreptul de retragere dac\u0103 sunt \u00eendeplinite urm\u0103toarele condi\u021bii.<\/p>\n<\/div>\n<div class=\"page_text\">\n<p>Trebuie s\u0103 ne informa\u021bi cu privire la dorin\u021ba dumneavoastr\u0103 de a v\u0103 prevala de acest drept \u00een termen de 14 zile lucr\u0103toare de la primirea bunurilor, de preferin\u021b\u0103 prin scrisoare recomandat\u0103 cu confirmare de primire la urm\u0103toarea adres\u0103:<\/p>\n<p>Tauro Essiccatori Srl - via del lavoro 6 - 36043 Camisano Vicentino<\/p>\n<\/div>\n<div class=\"page_text\">\n<p>Scrisoarea de cerere trebuie s\u0103 indice detaliile unui cont bancar sau po\u0219tal \u00een care va fi creditat\u0103 suma datorat\u0103.<\/p>\n<\/div>\n<div class=\"page_text\">\n<p>\u00cen plus, \u00een acela\u0219i termen, produsul cump\u0103rat \u0219i care nu mai este dorit trebuie s\u0103 ne fie returnat. Acesta trebuie s\u0103 fie intact \u0219i complet \u00een toate p\u0103r\u021bile sale, inclusiv accesoriile, manualele \u0219i alte materiale din pachet, ambalat cu grij\u0103 pentru a nu fi deteriorat \u00een timpul transportului. De asemenea, v\u0103 rug\u0103m s\u0103 anexa\u021bi o copie a bonului fiscal sau a facturii de achizi\u021bie. Costurile de reexpediere sunt \u00een responsabilitatea clientului. Dup\u0103 primirea bunurilor \u0219i verificarea integrit\u0103\u021bii acestora, pre\u021bul bunurilor va fi rambursat \u00een contul curent indicat \u00een scrisoarea \u00een care a\u021bi solicitat exercitarea dreptului de retragere.<\/p>\n<\/div>\n<div class=\"page_text\">\n<p>Rambursarea se refer\u0103 la pre\u021bul produselor f\u0103r\u0103 costurile de transport \u0219i va fi efectuat\u0103 \u00een termen de 30 de zile de la data la care bunurile ne sunt returnate.<\/p>\n<\/div>\n<h3>Informa\u021bii furnizate \u00een conformitate cu art. 13-14 din GDPR (Regulamentul general privind protec\u021bia datelor) 2016\/679<\/h3>\n<div class=\"page_text\">\n<p><a class=\"button light\" href=\"https:\/\/stor51.tauroessiccatori.com\/ro\/politica-de-confidentialitate\/\" style=\"text-align:center;font-weight: 300;color:black;font-size:16px;width:302px;background-color:white;border:1px solid #729949;-webkit-border-radius: 14px;-moz-border-radius: 14px;\">POLITICA DE CONFIDEN\u021aIALITATE<\/a><\/p>\n<\/div>\n<h3>Acceptarea condi\u021biilor de v\u00e2nzare<\/h3>\n<div class=\"page_text\">\n<p>\u00cen conformitate cu articolul 1326 din Codul civil, contractul de cump\u0103rare este considerat finalizat \u0219i se consider\u0103 c\u0103 ace\u0219ti termeni \u0219i condi\u021bii de v\u00e2nzare sunt accepta\u021bi din momentul \u00een care clientul face clic pe butonul de confirmare de pe ecranul de verificare de la sf\u00e2r\u0219itul procedurii de cump\u0103rare online.<\/p>\n<\/div>\n<\/div><\/div>\n<\/p><\/div>\n<\/p><\/div>\n<\/div>\n<\/div>","protected":false},"excerpt":{"rendered":"<p>Metti un BIOSEC sotto l&#8217;Albero. SCOPRI QUI le promozioni di Natale! Gli sconti Black Friday sono qui! \u00a0 Clicca\u00a0per\u00a0non perderli \u2192 condizioni di vendita Gli ordini effettuati nel sito saranno gestiti da: Tauro Essiccatori Srl Sede: via del lavoro 6 36043 Camisano Vicentino (Vicenza) Codice Fiscale: 03977800246 Partita IVA: 03977800246 Telefono: +39 0444-719046 Fax: +39 [&hellip;]<\/p>","protected":false},"author":1,"featured_media":0,"parent":1088,"menu_order":0,"comment_status":"closed","ping_status":"closed","template":"","meta":{"footnotes":""},"tags":[],"class_list":["post-1103","page","type-page","status-publish","hentry"],"acf":[],"yoast_head":"<!-- This site is optimized with the Yoast SEO plugin v20.10 - https:\/\/yoast.com\/wordpress\/plugins\/seo\/ -->\n<title>Condizioni di vendita - Tauro Essiccatori<\/title>\n<meta name=\"robots\" content=\"noindex, follow, max-snippet:-1, max-image-preview:large, max-video-preview:-1\" \/>\n<meta property=\"og:locale\" content=\"ro_RO\" \/>\n<meta property=\"og:type\" content=\"article\" \/>\n<meta property=\"og:title\" content=\"Condizioni di vendita - Tauro Essiccatori\" \/>\n<meta property=\"og:description\" content=\"Metti un BIOSEC sotto l&#039;Albero. SCOPRI QUI le promozioni di Natale! Gli sconti Black Friday sono qui! \u00a0 Clicca\u00a0per\u00a0non perderli \u2192 condizioni di vendita Gli ordini effettuati nel sito saranno gestiti da: Tauro Essiccatori Srl Sede: via del lavoro 6 36043 Camisano Vicentino (Vicenza) Codice Fiscale: 03977800246 Partita IVA: 03977800246 Telefono: +39 0444-719046 Fax: +39 [&hellip;]\" \/>\n<meta property=\"og:url\" content=\"https:\/\/stor51.tauroessiccatori.com\/ro\/serviciul-clienti\/conditii-de-vanzare\/\" \/>\n<meta property=\"og:site_name\" content=\"Tauro Essiccatori\" \/>\n<meta property=\"article:publisher\" content=\"https:\/\/www.facebook.com\/TauroEssiccatori\/\" \/>\n<meta property=\"article:modified_time\" content=\"2022-08-07T14:02:42+00:00\" \/>\n<meta name=\"twitter:card\" content=\"summary_large_image\" \/>\n<meta name=\"twitter:label1\" content=\"Est. reading time\" \/>\n\t<meta name=\"twitter:data1\" content=\"3 minute\" \/>\n<script type=\"application\/ld+json\" class=\"yoast-schema-graph\">{\"@context\":\"https:\/\/schema.org\",\"@graph\":[{\"@type\":\"WebPage\",\"@id\":\"https:\/\/stor51.tauroessiccatori.com\/servizio-clienti\/condizioni-di-vendita\/\",\"url\":\"https:\/\/stor51.tauroessiccatori.com\/servizio-clienti\/condizioni-di-vendita\/\",\"name\":\"Condizioni di vendita - Tauro Essiccatori\",\"isPartOf\":{\"@id\":\"https:\/\/stor51.tauroessiccatori.com\/#website\"},\"datePublished\":\"2017-10-23T18:13:04+00:00\",\"dateModified\":\"2022-08-07T14:02:42+00:00\",\"breadcrumb\":{\"@id\":\"https:\/\/stor51.tauroessiccatori.com\/servizio-clienti\/condizioni-di-vendita\/#breadcrumb\"},\"inLanguage\":\"ro-RO\",\"potentialAction\":[{\"@type\":\"ReadAction\",\"target\":[\"https:\/\/stor51.tauroessiccatori.com\/servizio-clienti\/condizioni-di-vendita\/\"]}]},{\"@type\":\"BreadcrumbList\",\"@id\":\"https:\/\/stor51.tauroessiccatori.com\/servizio-clienti\/condizioni-di-vendita\/#breadcrumb\",\"itemListElement\":[{\"@type\":\"ListItem\",\"position\":1,\"name\":\"Home\",\"item\":\"https:\/\/stor51.tauroessiccatori.com\/\"},{\"@type\":\"ListItem\",\"position\":2,\"name\":\"Servizio clienti\",\"item\":\"https:\/\/stor51.tauroessiccatori.com\/servizio-clienti\/\"},{\"@type\":\"ListItem\",\"position\":3,\"name\":\"Condizioni di vendita\"}]},{\"@type\":\"WebSite\",\"@id\":\"https:\/\/stor51.tauroessiccatori.com\/#website\",\"url\":\"https:\/\/stor51.tauroessiccatori.com\/\",\"name\":\"Tauro Essiccatori\",\"description\":\"Welcome to Tauro Essiccatori online shop\",\"publisher\":{\"@id\":\"https:\/\/stor51.tauroessiccatori.com\/#organization\"},\"potentialAction\":[{\"@type\":\"SearchAction\",\"target\":{\"@type\":\"EntryPoint\",\"urlTemplate\":\"https:\/\/stor51.tauroessiccatori.com\/?s={search_term_string}\"},\"query-input\":\"required name=search_term_string\"}],\"inLanguage\":\"ro-RO\"},{\"@type\":\"Organization\",\"@id\":\"https:\/\/stor51.tauroessiccatori.com\/#organization\",\"name\":\"Tauro Essiccatori\",\"url\":\"https:\/\/stor51.tauroessiccatori.com\/\",\"logo\":{\"@type\":\"ImageObject\",\"inLanguage\":\"ro-RO\",\"@id\":\"https:\/\/stor51.tauroessiccatori.com\/#\/schema\/logo\/image\/\",\"url\":\"https:\/\/www.tauroessiccatori.com\/wp-assets\/uploads\/2017\/07\/logo_tauro_500x109px.png\",\"contentUrl\":\"https:\/\/www.tauroessiccatori.com\/wp-assets\/uploads\/2017\/07\/logo_tauro_500x109px.png\",\"width\":500,\"height\":109,\"caption\":\"Tauro Essiccatori\"},\"image\":{\"@id\":\"https:\/\/stor51.tauroessiccatori.com\/#\/schema\/logo\/image\/\"},\"sameAs\":[\"https:\/\/www.facebook.com\/TauroEssiccatori\/\",\"https:\/\/www.instagram.com\/tauro_essiccatori\/\",\"https:\/\/it.linkedin.com\/company\/tauro-essiccatori\",\"https:\/\/www.youtube.com\/user\/tauroessiccatori\"]}]}<\/script>\n<!-- \/ Yoast SEO plugin. -->","yoast_head_json":{"title":"Condizioni di vendita - Tauro Essiccatori","robots":{"index":"noindex","follow":"follow","max-snippet":"max-snippet:-1","max-image-preview":"max-image-preview:large","max-video-preview":"max-video-preview:-1"},"og_locale":"ro_RO","og_type":"article","og_title":"Condizioni di vendita - Tauro Essiccatori","og_description":"Metti un BIOSEC sotto l'Albero. SCOPRI QUI le promozioni di Natale! Gli sconti Black Friday sono qui! \u00a0 Clicca\u00a0per\u00a0non perderli \u2192 condizioni di vendita Gli ordini effettuati nel sito saranno gestiti da: Tauro Essiccatori Srl Sede: via del lavoro 6 36043 Camisano Vicentino (Vicenza) Codice Fiscale: 03977800246 Partita IVA: 03977800246 Telefono: +39 0444-719046 Fax: +39 [&hellip;]","og_url":"https:\/\/stor51.tauroessiccatori.com\/ro\/serviciul-clienti\/conditii-de-vanzare\/","og_site_name":"Tauro Essiccatori","article_publisher":"https:\/\/www.facebook.com\/TauroEssiccatori\/","article_modified_time":"2022-08-07T14:02:42+00:00","twitter_card":"summary_large_image","twitter_misc":{"Est. reading time":"3 minute"},"schema":{"@context":"https:\/\/schema.org","@graph":[{"@type":"WebPage","@id":"https:\/\/stor51.tauroessiccatori.com\/servizio-clienti\/condizioni-di-vendita\/","url":"https:\/\/stor51.tauroessiccatori.com\/servizio-clienti\/condizioni-di-vendita\/","name":"Condizioni di vendita - Tauro Essiccatori","isPartOf":{"@id":"https:\/\/stor51.tauroessiccatori.com\/#website"},"datePublished":"2017-10-23T18:13:04+00:00","dateModified":"2022-08-07T14:02:42+00:00","breadcrumb":{"@id":"https:\/\/stor51.tauroessiccatori.com\/servizio-clienti\/condizioni-di-vendita\/#breadcrumb"},"inLanguage":"ro-RO","potentialAction":[{"@type":"ReadAction","target":["https:\/\/stor51.tauroessiccatori.com\/servizio-clienti\/condizioni-di-vendita\/"]}]},{"@type":"BreadcrumbList","@id":"https:\/\/stor51.tauroessiccatori.com\/servizio-clienti\/condizioni-di-vendita\/#breadcrumb","itemListElement":[{"@type":"ListItem","position":1,"name":"Home","item":"https:\/\/stor51.tauroessiccatori.com\/"},{"@type":"ListItem","position":2,"name":"Servizio clienti","item":"https:\/\/stor51.tauroessiccatori.com\/servizio-clienti\/"},{"@type":"ListItem","position":3,"name":"Condizioni di vendita"}]},{"@type":"WebSite","@id":"https:\/\/stor51.tauroessiccatori.com\/#website","url":"https:\/\/stor51.tauroessiccatori.com\/","name":"Tauro Essiccatori","description":"Welcome to Tauro Essiccatori online shop","publisher":{"@id":"https:\/\/stor51.tauroessiccatori.com\/#organization"},"potentialAction":[{"@type":"SearchAction","target":{"@type":"EntryPoint","urlTemplate":"https:\/\/stor51.tauroessiccatori.com\/?s={search_term_string}"},"query-input":"required name=search_term_string"}],"inLanguage":"ro-RO"},{"@type":"Organization","@id":"https:\/\/stor51.tauroessiccatori.com\/#organization","name":"Tauro Essiccatori","url":"https:\/\/stor51.tauroessiccatori.com\/","logo":{"@type":"ImageObject","inLanguage":"ro-RO","@id":"https:\/\/stor51.tauroessiccatori.com\/#\/schema\/logo\/image\/","url":"https:\/\/www.tauroessiccatori.com\/wp-assets\/uploads\/2017\/07\/logo_tauro_500x109px.png","contentUrl":"https:\/\/www.tauroessiccatori.com\/wp-assets\/uploads\/2017\/07\/logo_tauro_500x109px.png","width":500,"height":109,"caption":"Tauro Essiccatori"},"image":{"@id":"https:\/\/stor51.tauroessiccatori.com\/#\/schema\/logo\/image\/"},"sameAs":["https:\/\/www.facebook.com\/TauroEssiccatori\/","https:\/\/www.instagram.com\/tauro_essiccatori\/","https:\/\/it.linkedin.com\/company\/tauro-essiccatori","https:\/\/www.youtube.com\/user\/tauroessiccatori"]}]}},"_links":{"self":[{"href":"https:\/\/stor51.tauroessiccatori.com\/ro\/wp-json\/wp\/v2\/pages\/1103"}],"collection":[{"href":"https:\/\/stor51.tauroessiccatori.com\/ro\/wp-json\/wp\/v2\/pages"}],"about":[{"href":"https:\/\/stor51.tauroessiccatori.com\/ro\/wp-json\/wp\/v2\/types\/page"}],"author":[{"embeddable":true,"href":"https:\/\/stor51.tauroessiccatori.com\/ro\/wp-json\/wp\/v2\/users\/1"}],"replies":[{"embeddable":true,"href":"https:\/\/stor51.tauroessiccatori.com\/ro\/wp-json\/wp\/v2\/comments?post=1103"}],"version-history":[{"count":12,"href":"https:\/\/stor51.tauroessiccatori.com\/ro\/wp-json\/wp\/v2\/pages\/1103\/revisions"}],"predecessor-version":[{"id":165073,"href":"https:\/\/stor51.tauroessiccatori.com\/ro\/wp-json\/wp\/v2\/pages\/1103\/revisions\/165073"}],"up":[{"embeddable":true,"href":"https:\/\/stor51.tauroessiccatori.com\/ro\/wp-json\/wp\/v2\/pages\/1088"}],"wp:attachment":[{"href":"https:\/\/stor51.tauroessiccatori.com\/ro\/wp-json\/wp\/v2\/media?parent=1103"}],"wp:term":[{"taxonomy":"post_tag","embeddable":true,"href":"https:\/\/stor51.tauroessiccatori.com\/ro\/wp-json\/wp\/v2\/tags?post=1103"}],"curies":[{"name":"wp","href":"https:\/\/api.w.org\/{rel}","templated":true}]}}