


{"id":932,"date":"2017-08-16T11:01:20","date_gmt":"2017-08-16T09:01:20","guid":{"rendered":"http:\/\/store.tauroessiccatori.com\/?post_type=product&#038;p=932\/"},"modified":"2023-05-12T10:57:10","modified_gmt":"2023-05-12T08:57:10","slug":"b-master","status":"publish","type":"product","link":"https:\/\/stor51.tauroessiccatori.com\/nl\/p\/b-master\/","title":{"rendered":"B.Master BASE"},"content":{"rendered":"<div class=\"tauro-banners\"><div class=\"banner-00\" style=\"background-color: #852035\">\r\n<div class=\"ix-xmas-box-other\" style=\"font-size: 18px;padding: 7px 0;margin: 0 auto 0px auto\" align=\"center\"><b style=\"color: #fff;font-size: 18px\">Plaats een BIOSEC onder de boom. <a style=\"color: #f8cc89;font-weight: bold;text-decoration: none;font-size: 18px\" href=\"https:\/\/www.tauroessiccatori.com\/christmas-2024\/\">ONTDEK HIER<\/a> Kerstaanbiedingen!<\/b><\/div>\r\n<\/div><div class=\"banner-00\" style=\"background-color: #000\">\r\n<div class=\"ix-xmas-box-other\" style=\"font-size: 18px;padding: 7px 0;margin: 0 auto 0px auto\" align=\"center\"><b style=\"color: #fff\"> Black Friday kortingen zijn er! \u00a0 <a style=\"color: #f77209;font-weight: bold;text-decoration: none\" href=\"https:\/\/www.tauroessiccatori.com\/black-friday-2024\/\"> Klik om ze niet te missen \u2192 <\/a>\r\n<\/b><\/div>\r\n<\/div><\/div><div>\n<p style=\"text-align: justify\">B.Master is het juiste antwoord voor bedrijven die hun producten willen verbeteren en nieuwe voorstellen cre\u00ebren voor een markt die steeds meer aandacht heeft voor kwaliteit en authenticiteit en voor de controle van de toeleveringsketen. B.Master omvat alle mogelijkheden van een professionele drooginstallatie in kleine afmetingen, en is ideaal voor kleine bedrijven die beperkte hoeveelheden product verwerken met de grootste zorg voor het resultaat en respect voor de grondstoffen. Veelzijdigheid en modulariteit maken van B.Master een optimale oplossing voor elke behoefte, waardoor de installatie kan worden aangepast aan verschillende gebruiksomstandigheden en de mogelijkheid wordt gegarandeerd om de installatie later uit te breiden.<\/p>\n<\/div>\n<p>&nbsp;<\/p>\n<div>\n<p><strong>Automatische ventilatiemodule (optioneel)<\/strong><\/p>\n<p style=\"text-align: justify\">Het detecteert en voert zelfstandig met vocht verzadigde lucht af en leidt deze naar buiten. Het systeem bereikt een circulatie<br \/>\ngeoptimaliseerde en effectieve lucht- en perfecte vochtigheidsregeling voor effici\u00ebnter, sneller en zuiniger drogen.<\/p>\n<\/div>\n<p>&nbsp;<\/p>\n<div>\n<p><strong>Extra droogmodule (optioneel)<\/strong><\/p>\n<p style=\"text-align: justify\">Dit is een extra droogkamer, rechtstreeks aangesloten op de B.Master-droger, waardoor de capaciteit ervan kan worden verdubbeld.<\/p>\n<\/div>\n<p>&nbsp;<\/p>","protected":false},"excerpt":{"rendered":"<p>Metti un BIOSEC sotto l&#8217;Albero. SCOPRI QUI le promozioni di Natale! Gli sconti Black Friday sono qui! \u00a0 Clicca\u00a0per\u00a0non perderli \u2192 B.Master \u00e8 la risposta giusta per le aziende che intendano valorizzare i propri prodotti, creando nuove proposte per un mercato sempre pi\u00f9 attento a qualit\u00e0 e genuinit\u00e0 ed al controllo della filiera. B.Master racchiude [&hellip;]<\/p>","protected":false},"featured_media":168032,"comment_status":"closed","ping_status":"closed","template":"","meta":[],"product_cat":[194],"product_tag":[],"class_list":["post-932","product","type-product","status-publish","has-post-thumbnail","hentry","product_cat-essiccatori-professionali"],"acf":[],"yoast_head":"<!-- This site is optimized with the Yoast SEO plugin v20.10 - https:\/\/yoast.com\/wordpress\/plugins\/seo\/ -->\n<title>B.Master BASE essiccatore professionale per alimenti - Tauro Essiccatori<\/title>\n<meta name=\"description\" content=\"B.Master BASE essiccatore professionale per alimenti di Tauro. 40 ripiani in acciaio inox, perfetto per medie produzioni ed aziende agricole. Made in Italy.\" \/>\n<meta name=\"robots\" content=\"noindex, follow, max-snippet:-1, max-image-preview:large, max-video-preview:-1\" \/>\n<meta property=\"og:locale\" content=\"nl_NL\" \/>\n<meta property=\"og:type\" content=\"article\" \/>\n<meta property=\"og:title\" content=\"B.Master BASE essiccatore professionale per alimenti - Tauro Essiccatori\" \/>\n<meta property=\"og:description\" content=\"B.Master BASE essiccatore professionale per alimenti di Tauro. 40 ripiani in acciaio inox, perfetto per medie produzioni ed aziende agricole. Made in Italy.\" \/>\n<meta property=\"og:url\" content=\"https:\/\/stor51.tauroessiccatori.com\/nl\/p\/b-master\/\" \/>\n<meta property=\"og:site_name\" content=\"Tauro Essiccatori\" \/>\n<meta property=\"article:publisher\" content=\"https:\/\/www.facebook.com\/TauroEssiccatori\/\" \/>\n<meta property=\"article:modified_time\" content=\"2023-05-12T08:57:10+00:00\" \/>\n<meta property=\"og:image\" content=\"https:\/\/stor51.tauroessiccatori.com\/wp-assets\/uploads\/2017\/08\/essiccatore_professionale_bmaster-base_tauro-essiccatori.jpg\" \/>\n\t<meta property=\"og:image:width\" content=\"1600\" \/>\n\t<meta property=\"og:image:height\" content=\"1266\" \/>\n\t<meta property=\"og:image:type\" content=\"image\/jpeg\" \/>\n<meta name=\"twitter:card\" content=\"summary_large_image\" \/>\n<meta name=\"twitter:label1\" content=\"Est. reading time\" \/>\n\t<meta name=\"twitter:data1\" content=\"1 minute\" \/>\n<script type=\"application\/ld+json\" class=\"yoast-schema-graph\">{\"@context\":\"https:\/\/schema.org\",\"@graph\":[{\"@type\":\"WebPage\",\"@id\":\"https:\/\/stor51.tauroessiccatori.com\/p\/b-master\/\",\"url\":\"https:\/\/stor51.tauroessiccatori.com\/p\/b-master\/\",\"name\":\"B.Master BASE essiccatore professionale per alimenti - Tauro Essiccatori\",\"isPartOf\":{\"@id\":\"https:\/\/stor51.tauroessiccatori.com\/#website\"},\"datePublished\":\"2017-08-16T09:01:20+00:00\",\"dateModified\":\"2023-05-12T08:57:10+00:00\",\"description\":\"B.Master BASE essiccatore professionale per alimenti di Tauro. 40 ripiani in acciaio inox, perfetto per medie produzioni ed aziende agricole. Made in Italy.\",\"breadcrumb\":{\"@id\":\"https:\/\/stor51.tauroessiccatori.com\/p\/b-master\/#breadcrumb\"},\"inLanguage\":\"nl\",\"potentialAction\":[{\"@type\":\"ReadAction\",\"target\":[\"https:\/\/stor51.tauroessiccatori.com\/p\/b-master\/\"]}]},{\"@type\":\"BreadcrumbList\",\"@id\":\"https:\/\/stor51.tauroessiccatori.com\/p\/b-master\/#breadcrumb\",\"itemListElement\":[{\"@type\":\"ListItem\",\"position\":1,\"name\":\"Home\",\"item\":\"https:\/\/stor51.tauroessiccatori.com\/\"},{\"@type\":\"ListItem\",\"position\":2,\"name\":\"Shop\",\"item\":\"https:\/\/stor51.tauroessiccatori.com\/negozio\/\"},{\"@type\":\"ListItem\",\"position\":3,\"name\":\"B.Master BASE\"}]},{\"@type\":\"WebSite\",\"@id\":\"https:\/\/stor51.tauroessiccatori.com\/#website\",\"url\":\"https:\/\/stor51.tauroessiccatori.com\/\",\"name\":\"Tauro Essiccatori\",\"description\":\"Welcome to Tauro Essiccatori online shop\",\"publisher\":{\"@id\":\"https:\/\/stor51.tauroessiccatori.com\/#organization\"},\"potentialAction\":[{\"@type\":\"SearchAction\",\"target\":{\"@type\":\"EntryPoint\",\"urlTemplate\":\"https:\/\/stor51.tauroessiccatori.com\/?s={search_term_string}\"},\"query-input\":\"required name=search_term_string\"}],\"inLanguage\":\"nl\"},{\"@type\":\"Organization\",\"@id\":\"https:\/\/stor51.tauroessiccatori.com\/#organization\",\"name\":\"Tauro Essiccatori\",\"url\":\"https:\/\/stor51.tauroessiccatori.com\/\",\"logo\":{\"@type\":\"ImageObject\",\"inLanguage\":\"nl\",\"@id\":\"https:\/\/stor51.tauroessiccatori.com\/#\/schema\/logo\/image\/\",\"url\":\"https:\/\/www.tauroessiccatori.com\/wp-assets\/uploads\/2017\/07\/logo_tauro_500x109px.png\",\"contentUrl\":\"https:\/\/www.tauroessiccatori.com\/wp-assets\/uploads\/2017\/07\/logo_tauro_500x109px.png\",\"width\":500,\"height\":109,\"caption\":\"Tauro Essiccatori\"},\"image\":{\"@id\":\"https:\/\/stor51.tauroessiccatori.com\/#\/schema\/logo\/image\/\"},\"sameAs\":[\"https:\/\/www.facebook.com\/TauroEssiccatori\/\",\"https:\/\/www.instagram.com\/tauro_essiccatori\/\",\"https:\/\/it.linkedin.com\/company\/tauro-essiccatori\",\"https:\/\/www.youtube.com\/user\/tauroessiccatori\"]}]}<\/script>\n<!-- \/ Yoast SEO plugin. -->","yoast_head_json":{"title":"B.Master BASE essiccatore professionale per alimenti - Tauro Essiccatori","description":"B.Master BASE essiccatore professionale per alimenti di Tauro. 40 ripiani in acciaio inox, perfetto per medie produzioni ed aziende agricole. Made in Italy.","robots":{"index":"noindex","follow":"follow","max-snippet":"max-snippet:-1","max-image-preview":"max-image-preview:large","max-video-preview":"max-video-preview:-1"},"og_locale":"nl_NL","og_type":"article","og_title":"B.Master BASE essiccatore professionale per alimenti - Tauro Essiccatori","og_description":"B.Master BASE essiccatore professionale per alimenti di Tauro. 40 ripiani in acciaio inox, perfetto per medie produzioni ed aziende agricole. Made in Italy.","og_url":"https:\/\/stor51.tauroessiccatori.com\/nl\/p\/b-master\/","og_site_name":"Tauro Essiccatori","article_publisher":"https:\/\/www.facebook.com\/TauroEssiccatori\/","article_modified_time":"2023-05-12T08:57:10+00:00","og_image":[{"width":1600,"height":1266,"url":"https:\/\/stor51.tauroessiccatori.com\/wp-assets\/uploads\/2017\/08\/essiccatore_professionale_bmaster-base_tauro-essiccatori.jpg","type":"image\/jpeg"}],"twitter_card":"summary_large_image","twitter_misc":{"Est. reading time":"1 minute"},"schema":{"@context":"https:\/\/schema.org","@graph":[{"@type":"WebPage","@id":"https:\/\/stor51.tauroessiccatori.com\/p\/b-master\/","url":"https:\/\/stor51.tauroessiccatori.com\/p\/b-master\/","name":"B.Master BASE essiccatore professionale per alimenti - Tauro Essiccatori","isPartOf":{"@id":"https:\/\/stor51.tauroessiccatori.com\/#website"},"datePublished":"2017-08-16T09:01:20+00:00","dateModified":"2023-05-12T08:57:10+00:00","description":"B.Master BASE essiccatore professionale per alimenti di Tauro. 40 ripiani in acciaio inox, perfetto per medie produzioni ed aziende agricole. Made in Italy.","breadcrumb":{"@id":"https:\/\/stor51.tauroessiccatori.com\/p\/b-master\/#breadcrumb"},"inLanguage":"nl","potentialAction":[{"@type":"ReadAction","target":["https:\/\/stor51.tauroessiccatori.com\/p\/b-master\/"]}]},{"@type":"BreadcrumbList","@id":"https:\/\/stor51.tauroessiccatori.com\/p\/b-master\/#breadcrumb","itemListElement":[{"@type":"ListItem","position":1,"name":"Home","item":"https:\/\/stor51.tauroessiccatori.com\/"},{"@type":"ListItem","position":2,"name":"Shop","item":"https:\/\/stor51.tauroessiccatori.com\/negozio\/"},{"@type":"ListItem","position":3,"name":"B.Master BASE"}]},{"@type":"WebSite","@id":"https:\/\/stor51.tauroessiccatori.com\/#website","url":"https:\/\/stor51.tauroessiccatori.com\/","name":"Tauro Essiccatori","description":"Welcome to Tauro Essiccatori online shop","publisher":{"@id":"https:\/\/stor51.tauroessiccatori.com\/#organization"},"potentialAction":[{"@type":"SearchAction","target":{"@type":"EntryPoint","urlTemplate":"https:\/\/stor51.tauroessiccatori.com\/?s={search_term_string}"},"query-input":"required name=search_term_string"}],"inLanguage":"nl"},{"@type":"Organization","@id":"https:\/\/stor51.tauroessiccatori.com\/#organization","name":"Tauro Essiccatori","url":"https:\/\/stor51.tauroessiccatori.com\/","logo":{"@type":"ImageObject","inLanguage":"nl","@id":"https:\/\/stor51.tauroessiccatori.com\/#\/schema\/logo\/image\/","url":"https:\/\/www.tauroessiccatori.com\/wp-assets\/uploads\/2017\/07\/logo_tauro_500x109px.png","contentUrl":"https:\/\/www.tauroessiccatori.com\/wp-assets\/uploads\/2017\/07\/logo_tauro_500x109px.png","width":500,"height":109,"caption":"Tauro Essiccatori"},"image":{"@id":"https:\/\/stor51.tauroessiccatori.com\/#\/schema\/logo\/image\/"},"sameAs":["https:\/\/www.facebook.com\/TauroEssiccatori\/","https:\/\/www.instagram.com\/tauro_essiccatori\/","https:\/\/it.linkedin.com\/company\/tauro-essiccatori","https:\/\/www.youtube.com\/user\/tauroessiccatori"]}]}},"_links":{"self":[{"href":"https:\/\/stor51.tauroessiccatori.com\/nl\/wp-json\/wp\/v2\/product\/932"}],"collection":[{"href":"https:\/\/stor51.tauroessiccatori.com\/nl\/wp-json\/wp\/v2\/product"}],"about":[{"href":"https:\/\/stor51.tauroessiccatori.com\/nl\/wp-json\/wp\/v2\/types\/product"}],"replies":[{"embeddable":true,"href":"https:\/\/stor51.tauroessiccatori.com\/nl\/wp-json\/wp\/v2\/comments?post=932"}],"wp:featuredmedia":[{"embeddable":true,"href":"https:\/\/stor51.tauroessiccatori.com\/nl\/wp-json\/wp\/v2\/media\/168032"}],"wp:attachment":[{"href":"https:\/\/stor51.tauroessiccatori.com\/nl\/wp-json\/wp\/v2\/media?parent=932"}],"wp:term":[{"taxonomy":"product_cat","embeddable":true,"href":"https:\/\/stor51.tauroessiccatori.com\/nl\/wp-json\/wp\/v2\/product_cat?post=932"},{"taxonomy":"product_tag","embeddable":true,"href":"https:\/\/stor51.tauroessiccatori.com\/nl\/wp-json\/wp\/v2\/product_tag?post=932"}],"curies":[{"name":"wp","href":"https:\/\/api.w.org\/{rel}","templated":true}]}}