


{"id":9278,"date":"2019-11-27T11:23:23","date_gmt":"2019-11-27T10:23:23","guid":{"rendered":"https:\/\/www.tauroessiccatori.com\/?post_type=product&#038;p=9278\/"},"modified":"2023-05-16T11:26:35","modified_gmt":"2023-05-16T09:26:35","slug":"contenitore-tondo-2-l","status":"publish","type":"product","link":"https:\/\/stor51.tauroessiccatori.com\/lt\/p\/apvalus-konteineris-2-l\/","title":{"rendered":"Apvali 2 l talpa."},"content":{"rendered":"<div class=\"tauro-banners\"><div class=\"banner-00\" style=\"background-color: #852035\">\r\n<div class=\"ix-xmas-box-other\" style=\"font-size: 18px;padding: 7px 0;margin: 0 auto 0px auto\" align=\"center\"><b style=\"color: #fff;font-size: 18px\">Po med\u017eiu pad\u0117kite BIOSEC. <a style=\"color: #f8cc89;font-weight: bold;text-decoration: none;font-size: 18px\" href=\"https:\/\/www.tauroessiccatori.com\/christmas-2024\/\">ATRASKITE \u010cIA<\/a> Kal\u0117din\u0117s akcijos!<\/b><\/div>\r\n<\/div><div class=\"banner-00\" style=\"background-color: #000\">\r\n<div class=\"ix-xmas-box-other\" style=\"font-size: 18px;padding: 7px 0;margin: 0 auto 0px auto\" align=\"center\"><b style=\"color: #fff\"> Juodojo penktadienio nuolaidos jau \u010dia! \u00a0 <a style=\"color: #f77209;font-weight: bold;text-decoration: none\" href=\"https:\/\/www.tauroessiccatori.com\/black-friday-2024\/\"> Spustel\u0117kite, kad j\u0173 nepraleistum\u0117te \u2192 <\/a>\r\n<\/b><\/div>\r\n<\/div><\/div><p><span style=\"font-weight: 400;\"><strong>APRA\u0160YMAS:<\/strong><\/span><\/p>\n<p><span style=\"font-weight: 400;\">2 litr\u0173 talpos apvalus indas su dang\u010diu, idealiai tinkantis vakuuminiam skys\u010di\u0173 ar trapi\u0173 maisto produkt\u0173 pakavimui. Galima plauti indaplov\u0117je vir\u0161utin\u0117je lentynoje be dang\u010dio, naudoti be dang\u010dio maistui atitirpinti mikrobang\u0173 krosnel\u0117je, laikyti \u0161aldytuve.<\/span><\/p>\n<p>Vakuuminis dangtelis neleid\u017eia skys\u010diams i\u0161tek\u0117ti ir taip tausoja vakuumin\u0117s ma\u0161inos siurbl\u012f. J\u012f reikia naudoti su vamzdeliu, tiekiamu kartu su \"Magic Vac\" vakuumavimo ma\u0161ina.<\/p>\n<p>I\u0161bandyta ir garantuota, kad gali liestis su maistu, jo sud\u0117tyje n\u0117ra ftalat\u0173 ir bisfenolio.<\/p>\n<p>&nbsp;<\/p>\n<p><span style=\"font-weight: 400;\"><strong>CHARAKTERISTIKOS:<\/strong><\/span><\/p>\n<p><span style=\"font-weight: 400;\">Matmenys: skersmuo 188 x auk\u0161tis 160 mm<\/span><\/p>\n<p><span style=\"font-weight: 400;\">2 litr\u0173 talpa<\/span><\/p>\n<p><span style=\"font-weight: 400;\">\u0160velnus plovimas be dang\u010dio indaplov\u0117je<\/span><\/p>\n<p><span style=\"font-weight: 400;\">At\u0161ildymas be dang\u010dio mikrobang\u0173 krosnel\u0117je<\/span><\/p>\n<p><span style=\"font-weight: 400;\">Skys\u010di\u0173 \u012fsiurbimo apsaugos dangtelis<\/span><\/p>","protected":false},"excerpt":{"rendered":"<p>Metti un BIOSEC sotto l&#8217;Albero. SCOPRI QUI le promozioni di Natale! Gli sconti Black Friday sono qui! \u00a0 Clicca\u00a0per\u00a0non perderli \u2192 DESCRIZIONE: Contenitore tondo\u00a0con coperchio, capienza 2 litri, ideale per mantenere sottovuoto cibi liquidi o fragili. Si pu\u00f2 lavare senza il coperchio in lavastoviglie sul piano superiore, usare senza il coperchio per scongelare cibi in [&hellip;]<\/p>","protected":false},"featured_media":9282,"comment_status":"closed","ping_status":"closed","template":"","meta":[],"product_cat":[276],"product_tag":[],"class_list":["post-9278","product","type-product","status-publish","has-post-thumbnail","hentry","product_cat-sottovuoto"],"acf":[],"yoast_head":"<!-- This site is optimized with the Yoast SEO plugin v20.10 - https:\/\/yoast.com\/wordpress\/plugins\/seo\/ -->\n<title>Contenitore tondo 2 l. - Tauro Essiccatori<\/title>\n<meta name=\"robots\" content=\"noindex, follow, max-snippet:-1, max-image-preview:large, max-video-preview:-1\" \/>\n<meta property=\"og:locale\" content=\"lt_LT\" \/>\n<meta property=\"og:type\" content=\"article\" \/>\n<meta property=\"og:title\" content=\"Contenitore tondo 2 l. - Tauro Essiccatori\" \/>\n<meta property=\"og:description\" content=\"Metti un BIOSEC sotto l&#039;Albero. SCOPRI QUI le promozioni di Natale! Gli sconti Black Friday sono qui! \u00a0 Clicca\u00a0per\u00a0non perderli \u2192 DESCRIZIONE: Contenitore tondo\u00a0con coperchio, capienza 2 litri, ideale per mantenere sottovuoto cibi liquidi o fragili. Si pu\u00f2 lavare senza il coperchio in lavastoviglie sul piano superiore, usare senza il coperchio per scongelare cibi in [&hellip;]\" \/>\n<meta property=\"og:url\" content=\"https:\/\/stor51.tauroessiccatori.com\/lt\/p\/apvalus-konteineris-2-l\/\" \/>\n<meta property=\"og:site_name\" content=\"Tauro Essiccatori\" \/>\n<meta property=\"article:publisher\" content=\"https:\/\/www.facebook.com\/TauroEssiccatori\/\" \/>\n<meta property=\"article:modified_time\" content=\"2023-05-16T09:26:35+00:00\" \/>\n<meta property=\"og:image\" content=\"https:\/\/stor51.tauroessiccatori.com\/wp-assets\/uploads\/2019\/11\/MvContenitoreTondo_RA.jpg\" \/>\n\t<meta property=\"og:image:width\" content=\"2048\" \/>\n\t<meta property=\"og:image:height\" content=\"1266\" \/>\n\t<meta property=\"og:image:type\" content=\"image\/jpeg\" \/>\n<meta name=\"twitter:card\" content=\"summary_large_image\" \/>\n<meta name=\"twitter:label1\" content=\"Est. reading time\" \/>\n\t<meta name=\"twitter:data1\" content=\"1 minut\u0117\" \/>\n<script type=\"application\/ld+json\" class=\"yoast-schema-graph\">{\"@context\":\"https:\/\/schema.org\",\"@graph\":[{\"@type\":\"WebPage\",\"@id\":\"https:\/\/stor51.tauroessiccatori.com\/p\/contenitore-tondo-2-l\/\",\"url\":\"https:\/\/stor51.tauroessiccatori.com\/p\/contenitore-tondo-2-l\/\",\"name\":\"Contenitore tondo 2 l. - Tauro Essiccatori\",\"isPartOf\":{\"@id\":\"https:\/\/stor51.tauroessiccatori.com\/#website\"},\"datePublished\":\"2019-11-27T10:23:23+00:00\",\"dateModified\":\"2023-05-16T09:26:35+00:00\",\"breadcrumb\":{\"@id\":\"https:\/\/stor51.tauroessiccatori.com\/p\/contenitore-tondo-2-l\/#breadcrumb\"},\"inLanguage\":\"lt-LT\",\"potentialAction\":[{\"@type\":\"ReadAction\",\"target\":[\"https:\/\/stor51.tauroessiccatori.com\/p\/contenitore-tondo-2-l\/\"]}]},{\"@type\":\"BreadcrumbList\",\"@id\":\"https:\/\/stor51.tauroessiccatori.com\/p\/contenitore-tondo-2-l\/#breadcrumb\",\"itemListElement\":[{\"@type\":\"ListItem\",\"position\":1,\"name\":\"Home\",\"item\":\"https:\/\/stor51.tauroessiccatori.com\/\"},{\"@type\":\"ListItem\",\"position\":2,\"name\":\"Shop\",\"item\":\"https:\/\/stor51.tauroessiccatori.com\/negozio\/\"},{\"@type\":\"ListItem\",\"position\":3,\"name\":\"Contenitore tondo 2 l.\"}]},{\"@type\":\"WebSite\",\"@id\":\"https:\/\/stor51.tauroessiccatori.com\/#website\",\"url\":\"https:\/\/stor51.tauroessiccatori.com\/\",\"name\":\"Tauro Essiccatori\",\"description\":\"Welcome to Tauro Essiccatori online shop\",\"publisher\":{\"@id\":\"https:\/\/stor51.tauroessiccatori.com\/#organization\"},\"potentialAction\":[{\"@type\":\"SearchAction\",\"target\":{\"@type\":\"EntryPoint\",\"urlTemplate\":\"https:\/\/stor51.tauroessiccatori.com\/?s={search_term_string}\"},\"query-input\":\"required name=search_term_string\"}],\"inLanguage\":\"lt-LT\"},{\"@type\":\"Organization\",\"@id\":\"https:\/\/stor51.tauroessiccatori.com\/#organization\",\"name\":\"Tauro Essiccatori\",\"url\":\"https:\/\/stor51.tauroessiccatori.com\/\",\"logo\":{\"@type\":\"ImageObject\",\"inLanguage\":\"lt-LT\",\"@id\":\"https:\/\/stor51.tauroessiccatori.com\/#\/schema\/logo\/image\/\",\"url\":\"https:\/\/www.tauroessiccatori.com\/wp-assets\/uploads\/2017\/07\/logo_tauro_500x109px.png\",\"contentUrl\":\"https:\/\/www.tauroessiccatori.com\/wp-assets\/uploads\/2017\/07\/logo_tauro_500x109px.png\",\"width\":500,\"height\":109,\"caption\":\"Tauro Essiccatori\"},\"image\":{\"@id\":\"https:\/\/stor51.tauroessiccatori.com\/#\/schema\/logo\/image\/\"},\"sameAs\":[\"https:\/\/www.facebook.com\/TauroEssiccatori\/\",\"https:\/\/www.instagram.com\/tauro_essiccatori\/\",\"https:\/\/it.linkedin.com\/company\/tauro-essiccatori\",\"https:\/\/www.youtube.com\/user\/tauroessiccatori\"]}]}<\/script>\n<!-- \/ Yoast SEO plugin. -->","yoast_head_json":{"title":"Contenitore tondo 2 l. - Tauro Essiccatori","robots":{"index":"noindex","follow":"follow","max-snippet":"max-snippet:-1","max-image-preview":"max-image-preview:large","max-video-preview":"max-video-preview:-1"},"og_locale":"lt_LT","og_type":"article","og_title":"Contenitore tondo 2 l. - Tauro Essiccatori","og_description":"Metti un BIOSEC sotto l'Albero. SCOPRI QUI le promozioni di Natale! Gli sconti Black Friday sono qui! \u00a0 Clicca\u00a0per\u00a0non perderli \u2192 DESCRIZIONE: Contenitore tondo\u00a0con coperchio, capienza 2 litri, ideale per mantenere sottovuoto cibi liquidi o fragili. Si pu\u00f2 lavare senza il coperchio in lavastoviglie sul piano superiore, usare senza il coperchio per scongelare cibi in [&hellip;]","og_url":"https:\/\/stor51.tauroessiccatori.com\/lt\/p\/apvalus-konteineris-2-l\/","og_site_name":"Tauro Essiccatori","article_publisher":"https:\/\/www.facebook.com\/TauroEssiccatori\/","article_modified_time":"2023-05-16T09:26:35+00:00","og_image":[{"width":2048,"height":1266,"url":"https:\/\/stor51.tauroessiccatori.com\/wp-assets\/uploads\/2019\/11\/MvContenitoreTondo_RA.jpg","type":"image\/jpeg"}],"twitter_card":"summary_large_image","twitter_misc":{"Est. reading time":"1 minut\u0117"},"schema":{"@context":"https:\/\/schema.org","@graph":[{"@type":"WebPage","@id":"https:\/\/stor51.tauroessiccatori.com\/p\/contenitore-tondo-2-l\/","url":"https:\/\/stor51.tauroessiccatori.com\/p\/contenitore-tondo-2-l\/","name":"Contenitore tondo 2 l. - Tauro Essiccatori","isPartOf":{"@id":"https:\/\/stor51.tauroessiccatori.com\/#website"},"datePublished":"2019-11-27T10:23:23+00:00","dateModified":"2023-05-16T09:26:35+00:00","breadcrumb":{"@id":"https:\/\/stor51.tauroessiccatori.com\/p\/contenitore-tondo-2-l\/#breadcrumb"},"inLanguage":"lt-LT","potentialAction":[{"@type":"ReadAction","target":["https:\/\/stor51.tauroessiccatori.com\/p\/contenitore-tondo-2-l\/"]}]},{"@type":"BreadcrumbList","@id":"https:\/\/stor51.tauroessiccatori.com\/p\/contenitore-tondo-2-l\/#breadcrumb","itemListElement":[{"@type":"ListItem","position":1,"name":"Home","item":"https:\/\/stor51.tauroessiccatori.com\/"},{"@type":"ListItem","position":2,"name":"Shop","item":"https:\/\/stor51.tauroessiccatori.com\/negozio\/"},{"@type":"ListItem","position":3,"name":"Contenitore tondo 2 l."}]},{"@type":"WebSite","@id":"https:\/\/stor51.tauroessiccatori.com\/#website","url":"https:\/\/stor51.tauroessiccatori.com\/","name":"Tauro Essiccatori","description":"Welcome to Tauro Essiccatori online shop","publisher":{"@id":"https:\/\/stor51.tauroessiccatori.com\/#organization"},"potentialAction":[{"@type":"SearchAction","target":{"@type":"EntryPoint","urlTemplate":"https:\/\/stor51.tauroessiccatori.com\/?s={search_term_string}"},"query-input":"required name=search_term_string"}],"inLanguage":"lt-LT"},{"@type":"Organization","@id":"https:\/\/stor51.tauroessiccatori.com\/#organization","name":"Tauro Essiccatori","url":"https:\/\/stor51.tauroessiccatori.com\/","logo":{"@type":"ImageObject","inLanguage":"lt-LT","@id":"https:\/\/stor51.tauroessiccatori.com\/#\/schema\/logo\/image\/","url":"https:\/\/www.tauroessiccatori.com\/wp-assets\/uploads\/2017\/07\/logo_tauro_500x109px.png","contentUrl":"https:\/\/www.tauroessiccatori.com\/wp-assets\/uploads\/2017\/07\/logo_tauro_500x109px.png","width":500,"height":109,"caption":"Tauro Essiccatori"},"image":{"@id":"https:\/\/stor51.tauroessiccatori.com\/#\/schema\/logo\/image\/"},"sameAs":["https:\/\/www.facebook.com\/TauroEssiccatori\/","https:\/\/www.instagram.com\/tauro_essiccatori\/","https:\/\/it.linkedin.com\/company\/tauro-essiccatori","https:\/\/www.youtube.com\/user\/tauroessiccatori"]}]}},"_links":{"self":[{"href":"https:\/\/stor51.tauroessiccatori.com\/lt\/wp-json\/wp\/v2\/product\/9278"}],"collection":[{"href":"https:\/\/stor51.tauroessiccatori.com\/lt\/wp-json\/wp\/v2\/product"}],"about":[{"href":"https:\/\/stor51.tauroessiccatori.com\/lt\/wp-json\/wp\/v2\/types\/product"}],"replies":[{"embeddable":true,"href":"https:\/\/stor51.tauroessiccatori.com\/lt\/wp-json\/wp\/v2\/comments?post=9278"}],"wp:featuredmedia":[{"embeddable":true,"href":"https:\/\/stor51.tauroessiccatori.com\/lt\/wp-json\/wp\/v2\/media\/9282"}],"wp:attachment":[{"href":"https:\/\/stor51.tauroessiccatori.com\/lt\/wp-json\/wp\/v2\/media?parent=9278"}],"wp:term":[{"taxonomy":"product_cat","embeddable":true,"href":"https:\/\/stor51.tauroessiccatori.com\/lt\/wp-json\/wp\/v2\/product_cat?post=9278"},{"taxonomy":"product_tag","embeddable":true,"href":"https:\/\/stor51.tauroessiccatori.com\/lt\/wp-json\/wp\/v2\/product_tag?post=9278"}],"curies":[{"name":"wp","href":"https:\/\/api.w.org\/{rel}","templated":true}]}}