


{"id":584,"date":"2017-04-04T18:21:13","date_gmt":"2017-04-04T16:21:13","guid":{"rendered":"http:\/\/store.tauroessiccatori.com\/?post_type=product&#038;p=584"},"modified":"2023-08-22T10:28:26","modified_gmt":"2023-08-22T08:28:26","slug":"drysilk-5-fogli","status":"publish","type":"product","link":"https:\/\/stor51.tauroessiccatori.com\/lt\/p\/drysilk-5-lapai\/","title":{"rendered":"DrySilk - 5 lapai"},"content":{"rendered":"<div class=\"tauro-banners\"><div class=\"banner-00\" style=\"background-color: #852035\">\r\n<div class=\"ix-xmas-box-other\" style=\"font-size: 18px;padding: 7px 0;margin: 0 auto 0px auto\" align=\"center\"><b style=\"color: #fff;font-size: 18px\">Po med\u017eiu pad\u0117kite BIOSEC. <a style=\"color: #f8cc89;font-weight: bold;text-decoration: none;font-size: 18px\" href=\"https:\/\/www.tauroessiccatori.com\/christmas-2024\/\">ATRASKITE \u010cIA<\/a> Kal\u0117din\u0117s akcijos!<\/b><\/div>\r\n<\/div><div class=\"banner-00\" style=\"background-color: #000\">\r\n<div class=\"ix-xmas-box-other\" style=\"font-size: 18px;padding: 7px 0;margin: 0 auto 0px auto\" align=\"center\"><b style=\"color: #fff\"> Juodojo penktadienio nuolaidos jau \u010dia! \u00a0 <a style=\"color: #f77209;font-weight: bold;text-decoration: none\" href=\"https:\/\/www.tauroessiccatori.com\/black-friday-2024\/\"> Spustel\u0117kite, kad j\u0173 nepraleistum\u0117te \u2192 <\/a>\r\n<\/b><\/div>\r\n<\/div><\/div><div>\n<strong>Apra\u0161ymas:<\/strong><\/p>\n<p>\"DrySilk\" yra universali nelimpan\u010dios folijos sistema, sukurta taip, kad su kiekvienu \"Biosec\" b\u016bt\u0173 pasiektas maksimalus na\u0161umas.<br \/>\n\"DrySilk\" puikiai tinka d\u017eiovinti vandeningus maisto produktus, tyres, lapus ir g\u0117les, kurie gali \u012fkritti \u012f krep\u0161elio skylutes.\n<\/p>\n<\/div>\n<div>\n<strong>Technin\u0117s charakteristikos:<\/strong><\/p>\n<ul>\n<li>\u00a0pagamintas i\u0161 nelimpan\u010dios maistin\u0117s med\u017eiagos<\/li>\n<li>\u00a0Teflonu dengtas stiklo pluo\u0161to audinys<\/li>\n<li>\u00a0matmenys 228\u00d7346 mm - storis 0,12 mm<\/li>\n<li>\u00a0galima naudoti t\u016bkstan\u010dius kart\u0173.<\/li>\n<li>\u00a0galima naudoti ir iki 200 laipsni\u0173 temperat\u016bros orkait\u0117je.<\/li>\n<li>\u00a0suderinamas su visais \"Biosec<\/li>\n<li>\u00a0valomas dr\u0117gna \u0161luoste<\/li>\n<\/ul>\n<\/div>\n<div>\n<strong>Pakuot\u0117s turinys:<\/strong><\/p>\n<div>\n<ul>\n<li>\u00a05 \"DrySilk\" lak\u0161tai<\/li>\n<\/ul>\n<\/div>\n<\/div>\n<p><i>*Krep\u0161eliai yra tik ai\u0161kinamojo pob\u016bd\u017eio ir n\u0117ra pakuot\u0117s dalis<\/i><\/p>","protected":false},"excerpt":{"rendered":"<p>Metti un BIOSEC sotto l&#8217;Albero. SCOPRI QUI le promozioni di Natale! Gli sconti Black Friday sono qui! \u00a0 Clicca\u00a0per\u00a0non perderli \u2192 Descrizione: DrySilk \u00e8 il sistema di fogli antiaderenti multiuso progettato per offrirvi il massimo delle prestazioni con ogni Biosec. DrySilk \u00e8 perfetto per essiccare alimenti acquosi, puree, foglie e fiori che potrebbero cadere nei [&hellip;]<\/p>","protected":false},"featured_media":1245,"comment_status":"closed","ping_status":"closed","template":"","meta":[],"product_cat":[258],"product_tag":[],"class_list":["post-584","product","type-product","status-publish","has-post-thumbnail","hentry","product_cat-antiaderenti"],"acf":[],"yoast_head":"<!-- This site is optimized with the Yoast SEO plugin v20.10 - https:\/\/yoast.com\/wordpress\/plugins\/seo\/ -->\n<title>DrySilk - 5 fogli - Tauro Essiccatori<\/title>\n<meta name=\"robots\" content=\"noindex, follow, max-snippet:-1, max-image-preview:large, max-video-preview:-1\" \/>\n<meta property=\"og:locale\" content=\"lt_LT\" \/>\n<meta property=\"og:type\" content=\"article\" \/>\n<meta property=\"og:title\" content=\"DrySilk - 5 fogli - Tauro Essiccatori\" \/>\n<meta property=\"og:description\" content=\"Metti un BIOSEC sotto l&#039;Albero. SCOPRI QUI le promozioni di Natale! Gli sconti Black Friday sono qui! \u00a0 Clicca\u00a0per\u00a0non perderli \u2192 Descrizione: DrySilk \u00e8 il sistema di fogli antiaderenti multiuso progettato per offrirvi il massimo delle prestazioni con ogni Biosec. DrySilk \u00e8 perfetto per essiccare alimenti acquosi, puree, foglie e fiori che potrebbero cadere nei [&hellip;]\" \/>\n<meta property=\"og:url\" content=\"https:\/\/stor51.tauroessiccatori.com\/lt\/p\/drysilk-5-lapai\/\" \/>\n<meta property=\"og:site_name\" content=\"Tauro Essiccatori\" \/>\n<meta property=\"article:publisher\" content=\"https:\/\/www.facebook.com\/TauroEssiccatori\/\" \/>\n<meta property=\"article:modified_time\" content=\"2023-08-22T08:28:26+00:00\" \/>\n<meta property=\"og:image\" content=\"https:\/\/stor51.tauroessiccatori.com\/wp-assets\/uploads\/2017\/11\/VMR_7707.jpg\" \/>\n\t<meta property=\"og:image:width\" content=\"2048\" \/>\n\t<meta property=\"og:image:height\" content=\"1266\" \/>\n\t<meta property=\"og:image:type\" content=\"image\/jpeg\" \/>\n<meta name=\"twitter:card\" content=\"summary_large_image\" \/>\n<meta name=\"twitter:label1\" content=\"Est. reading time\" \/>\n\t<meta name=\"twitter:data1\" content=\"1 minut\u0117\" \/>\n<script type=\"application\/ld+json\" class=\"yoast-schema-graph\">{\"@context\":\"https:\/\/schema.org\",\"@graph\":[{\"@type\":\"WebPage\",\"@id\":\"https:\/\/stor51.tauroessiccatori.com\/p\/drysilk-5-fogli\/\",\"url\":\"https:\/\/stor51.tauroessiccatori.com\/p\/drysilk-5-fogli\/\",\"name\":\"DrySilk - 5 fogli - Tauro Essiccatori\",\"isPartOf\":{\"@id\":\"https:\/\/stor51.tauroessiccatori.com\/#website\"},\"datePublished\":\"2017-04-04T16:21:13+00:00\",\"dateModified\":\"2023-08-22T08:28:26+00:00\",\"breadcrumb\":{\"@id\":\"https:\/\/stor51.tauroessiccatori.com\/p\/drysilk-5-fogli\/#breadcrumb\"},\"inLanguage\":\"lt-LT\",\"potentialAction\":[{\"@type\":\"ReadAction\",\"target\":[\"https:\/\/stor51.tauroessiccatori.com\/p\/drysilk-5-fogli\/\"]}]},{\"@type\":\"BreadcrumbList\",\"@id\":\"https:\/\/stor51.tauroessiccatori.com\/p\/drysilk-5-fogli\/#breadcrumb\",\"itemListElement\":[{\"@type\":\"ListItem\",\"position\":1,\"name\":\"Home\",\"item\":\"https:\/\/stor51.tauroessiccatori.com\/\"},{\"@type\":\"ListItem\",\"position\":2,\"name\":\"Shop\",\"item\":\"https:\/\/stor51.tauroessiccatori.com\/negozio\/\"},{\"@type\":\"ListItem\",\"position\":3,\"name\":\"DrySilk &#8211; 5 fogli\"}]},{\"@type\":\"WebSite\",\"@id\":\"https:\/\/stor51.tauroessiccatori.com\/#website\",\"url\":\"https:\/\/stor51.tauroessiccatori.com\/\",\"name\":\"Tauro Essiccatori\",\"description\":\"Welcome to Tauro Essiccatori online shop\",\"publisher\":{\"@id\":\"https:\/\/stor51.tauroessiccatori.com\/#organization\"},\"potentialAction\":[{\"@type\":\"SearchAction\",\"target\":{\"@type\":\"EntryPoint\",\"urlTemplate\":\"https:\/\/stor51.tauroessiccatori.com\/?s={search_term_string}\"},\"query-input\":\"required name=search_term_string\"}],\"inLanguage\":\"lt-LT\"},{\"@type\":\"Organization\",\"@id\":\"https:\/\/stor51.tauroessiccatori.com\/#organization\",\"name\":\"Tauro Essiccatori\",\"url\":\"https:\/\/stor51.tauroessiccatori.com\/\",\"logo\":{\"@type\":\"ImageObject\",\"inLanguage\":\"lt-LT\",\"@id\":\"https:\/\/stor51.tauroessiccatori.com\/#\/schema\/logo\/image\/\",\"url\":\"https:\/\/www.tauroessiccatori.com\/wp-assets\/uploads\/2017\/07\/logo_tauro_500x109px.png\",\"contentUrl\":\"https:\/\/www.tauroessiccatori.com\/wp-assets\/uploads\/2017\/07\/logo_tauro_500x109px.png\",\"width\":500,\"height\":109,\"caption\":\"Tauro Essiccatori\"},\"image\":{\"@id\":\"https:\/\/stor51.tauroessiccatori.com\/#\/schema\/logo\/image\/\"},\"sameAs\":[\"https:\/\/www.facebook.com\/TauroEssiccatori\/\",\"https:\/\/www.instagram.com\/tauro_essiccatori\/\",\"https:\/\/it.linkedin.com\/company\/tauro-essiccatori\",\"https:\/\/www.youtube.com\/user\/tauroessiccatori\"]}]}<\/script>\n<!-- \/ Yoast SEO plugin. -->","yoast_head_json":{"title":"DrySilk - 5 fogli - Tauro Essiccatori","robots":{"index":"noindex","follow":"follow","max-snippet":"max-snippet:-1","max-image-preview":"max-image-preview:large","max-video-preview":"max-video-preview:-1"},"og_locale":"lt_LT","og_type":"article","og_title":"DrySilk - 5 fogli - Tauro Essiccatori","og_description":"Metti un BIOSEC sotto l'Albero. SCOPRI QUI le promozioni di Natale! Gli sconti Black Friday sono qui! \u00a0 Clicca\u00a0per\u00a0non perderli \u2192 Descrizione: DrySilk \u00e8 il sistema di fogli antiaderenti multiuso progettato per offrirvi il massimo delle prestazioni con ogni Biosec. DrySilk \u00e8 perfetto per essiccare alimenti acquosi, puree, foglie e fiori che potrebbero cadere nei [&hellip;]","og_url":"https:\/\/stor51.tauroessiccatori.com\/lt\/p\/drysilk-5-lapai\/","og_site_name":"Tauro Essiccatori","article_publisher":"https:\/\/www.facebook.com\/TauroEssiccatori\/","article_modified_time":"2023-08-22T08:28:26+00:00","og_image":[{"width":2048,"height":1266,"url":"https:\/\/stor51.tauroessiccatori.com\/wp-assets\/uploads\/2017\/11\/VMR_7707.jpg","type":"image\/jpeg"}],"twitter_card":"summary_large_image","twitter_misc":{"Est. reading time":"1 minut\u0117"},"schema":{"@context":"https:\/\/schema.org","@graph":[{"@type":"WebPage","@id":"https:\/\/stor51.tauroessiccatori.com\/p\/drysilk-5-fogli\/","url":"https:\/\/stor51.tauroessiccatori.com\/p\/drysilk-5-fogli\/","name":"DrySilk - 5 fogli - Tauro Essiccatori","isPartOf":{"@id":"https:\/\/stor51.tauroessiccatori.com\/#website"},"datePublished":"2017-04-04T16:21:13+00:00","dateModified":"2023-08-22T08:28:26+00:00","breadcrumb":{"@id":"https:\/\/stor51.tauroessiccatori.com\/p\/drysilk-5-fogli\/#breadcrumb"},"inLanguage":"lt-LT","potentialAction":[{"@type":"ReadAction","target":["https:\/\/stor51.tauroessiccatori.com\/p\/drysilk-5-fogli\/"]}]},{"@type":"BreadcrumbList","@id":"https:\/\/stor51.tauroessiccatori.com\/p\/drysilk-5-fogli\/#breadcrumb","itemListElement":[{"@type":"ListItem","position":1,"name":"Home","item":"https:\/\/stor51.tauroessiccatori.com\/"},{"@type":"ListItem","position":2,"name":"Shop","item":"https:\/\/stor51.tauroessiccatori.com\/negozio\/"},{"@type":"ListItem","position":3,"name":"DrySilk &#8211; 5 fogli"}]},{"@type":"WebSite","@id":"https:\/\/stor51.tauroessiccatori.com\/#website","url":"https:\/\/stor51.tauroessiccatori.com\/","name":"Tauro Essiccatori","description":"Welcome to Tauro Essiccatori online shop","publisher":{"@id":"https:\/\/stor51.tauroessiccatori.com\/#organization"},"potentialAction":[{"@type":"SearchAction","target":{"@type":"EntryPoint","urlTemplate":"https:\/\/stor51.tauroessiccatori.com\/?s={search_term_string}"},"query-input":"required name=search_term_string"}],"inLanguage":"lt-LT"},{"@type":"Organization","@id":"https:\/\/stor51.tauroessiccatori.com\/#organization","name":"Tauro Essiccatori","url":"https:\/\/stor51.tauroessiccatori.com\/","logo":{"@type":"ImageObject","inLanguage":"lt-LT","@id":"https:\/\/stor51.tauroessiccatori.com\/#\/schema\/logo\/image\/","url":"https:\/\/www.tauroessiccatori.com\/wp-assets\/uploads\/2017\/07\/logo_tauro_500x109px.png","contentUrl":"https:\/\/www.tauroessiccatori.com\/wp-assets\/uploads\/2017\/07\/logo_tauro_500x109px.png","width":500,"height":109,"caption":"Tauro Essiccatori"},"image":{"@id":"https:\/\/stor51.tauroessiccatori.com\/#\/schema\/logo\/image\/"},"sameAs":["https:\/\/www.facebook.com\/TauroEssiccatori\/","https:\/\/www.instagram.com\/tauro_essiccatori\/","https:\/\/it.linkedin.com\/company\/tauro-essiccatori","https:\/\/www.youtube.com\/user\/tauroessiccatori"]}]}},"_links":{"self":[{"href":"https:\/\/stor51.tauroessiccatori.com\/lt\/wp-json\/wp\/v2\/product\/584"}],"collection":[{"href":"https:\/\/stor51.tauroessiccatori.com\/lt\/wp-json\/wp\/v2\/product"}],"about":[{"href":"https:\/\/stor51.tauroessiccatori.com\/lt\/wp-json\/wp\/v2\/types\/product"}],"replies":[{"embeddable":true,"href":"https:\/\/stor51.tauroessiccatori.com\/lt\/wp-json\/wp\/v2\/comments?post=584"}],"wp:featuredmedia":[{"embeddable":true,"href":"https:\/\/stor51.tauroessiccatori.com\/lt\/wp-json\/wp\/v2\/media\/1245"}],"wp:attachment":[{"href":"https:\/\/stor51.tauroessiccatori.com\/lt\/wp-json\/wp\/v2\/media?parent=584"}],"wp:term":[{"taxonomy":"product_cat","embeddable":true,"href":"https:\/\/stor51.tauroessiccatori.com\/lt\/wp-json\/wp\/v2\/product_cat?post=584"},{"taxonomy":"product_tag","embeddable":true,"href":"https:\/\/stor51.tauroessiccatori.com\/lt\/wp-json\/wp\/v2\/product_tag?post=584"}],"curies":[{"name":"wp","href":"https:\/\/api.w.org\/{rel}","templated":true}]}}