


{"id":3659,"date":"2019-08-01T17:56:58","date_gmt":"2019-08-01T15:56:58","guid":{"rendered":"https:\/\/store.tauroessiccatori.com\/?post_type=product&#038;p=3659\/"},"modified":"2023-05-16T11:11:46","modified_gmt":"2023-05-16T09:11:46","slug":"mandolina-v6-exclusiveline-stainless-steel-slicer","status":"publish","type":"product","link":"https:\/\/stor51.tauroessiccatori.com\/lt\/p\/mandoline-v6-exclusiveline-stainless-steel-slicer\/","title":{"rendered":"Mandolina \"Borner V6 Exclusive Line"},"content":{"rendered":"<div class=\"tauro-banners\"><div class=\"banner-00\" style=\"background-color: #852035\">\r\n<div class=\"ix-xmas-box-other\" style=\"font-size: 18px;padding: 7px 0;margin: 0 auto 0px auto\" align=\"center\"><b style=\"color: #fff;font-size: 18px\">Po med\u017eiu pad\u0117kite BIOSEC. <a style=\"color: #f8cc89;font-weight: bold;text-decoration: none;font-size: 18px\" href=\"https:\/\/www.tauroessiccatori.com\/christmas-2024\/\">ATRASKITE \u010cIA<\/a> Kal\u0117din\u0117s akcijos!<\/b><\/div>\r\n<\/div><div class=\"banner-00\" style=\"background-color: #000\">\r\n<div class=\"ix-xmas-box-other\" style=\"font-size: 18px;padding: 7px 0;margin: 0 auto 0px auto\" align=\"center\"><b style=\"color: #fff\"> Juodojo penktadienio nuolaidos jau \u010dia! \u00a0 <a style=\"color: #f77209;font-weight: bold;text-decoration: none\" href=\"https:\/\/www.tauroessiccatori.com\/black-friday-2024\/\"> Spustel\u0117kite, kad j\u0173 nepraleistum\u0117te \u2192 <\/a>\r\n<\/b><\/div>\r\n<\/div><\/div><p><span style=\"font-weight: 400\">Dar\u017eovi\u0173 pjaustykli\u0173 m\u0117g\u0117jams, ie\u0161kantiems eleganti\u0161kesnio gaminio, si\u016blome \u0161i\u0105 ner\u016bdijan\u010dio plieno versij\u0105. Pasirinkite i\u0161 pridedam\u0173 \u012fd\u0117kl\u0173 \u012fvairioms pjovimo galimyb\u0117ms. Su specialiu \u012fd\u0117klu galite pjaustyti plonus ir storus grie\u017ein\u0117lius, o su kitais 3,5 mm ir 7 mm \u012fd\u0117klais galite pjaustyti 4 skirting\u0173 dyd\u017ei\u0173 lazdeles, Julienne juosteles ar net kubelius. Prie pried\u0173 taip pat pridedamas apsauginis maisto laikiklis, apsaugantis pir\u0161tus nuo ner\u016bdijan\u010dio plieno a\u0161men\u0173.<\/span><\/p>\n<p><span style=\"font-weight: 400\">Visos \u0161io rinkinio dalys yra tinkamos maistui, jose n\u0117ra BPA, ftalat\u0173 ir kenksming\u0173 med\u017eiag\u0173. Tai u\u017etikrina, kad sveiki ir patraukl\u016bs patiekalai jums ir j\u016bs\u0173 \u0161eimai b\u016bt\u0173 ruo\u0161iami be r\u016bpes\u010di\u0173.<\/span><\/p>\n<p>&nbsp;<\/p>\n<p><strong>TECHNIN\u0116S SAVYB\u0116S<\/strong><\/p>\n<p>&nbsp;<\/p>\n<ul>\n<li><span style=\"font-weight: 400\">Originalus \"B\u00f6rner\" tiesiai i\u0161 Vokietijos<\/span><\/li>\n<li><span style=\"font-weight: 400\">Supjaustykite 3 skirtingo storio riekes<\/span><\/li>\n<li><span style=\"font-weight: 400\">2 skirting\u0173 dyd\u017ei\u0173 kub\u0173 pjaustykl\u0117<\/span><\/li>\n<li><span style=\"font-weight: 400\">Apsauginis pjovimo \u012ftaisas ir vaik\u0173 u\u017eraktas<\/span><\/li>\n<li><span style=\"font-weight: 400\">\"B\u00f6rner\" a\u0161menims suteikiama 5 met\u0173 garantija!<\/span><\/li>\n<li><span style=\"font-weight: 400\">Be BPA ir ftalat\u0173<\/span><\/li>\n<li><span style=\"font-weight: 400\">Pridedamas prakti\u0161kas priedas mandolinai ir \u012fd\u0117klams laikyti<\/span><\/li>\n<\/ul>\n<p>&nbsp;<\/p>\n<p><strong>PAKUOT\u0116S TURINYS<\/strong><\/p>\n<p>&nbsp;<\/p>\n<ul>\n<li><span style=\"font-weight: 400\">V6 ner\u016bdijan\u010dio plieno mandolina<\/span><\/li>\n<li><span style=\"font-weight: 400\">\u012ed\u0117klai \u012fvairaus dyd\u017eio grie\u017ein\u0117liams<\/span><\/li>\n<li><span style=\"font-weight: 400\">\u012ed\u0117klai lazdel\u0117ms arba kubeliams<\/span><\/li>\n<li><span style=\"font-weight: 400\">Maisto saugos prietaisas<\/span><\/li>\n<li><span style=\"font-weight: 400\">Priedas mandolinai ir \u012fd\u0117klams laikyti<\/span><\/li>\n<li><span style=\"font-weight: 400\">Gele\u017et\u0117s apsaugos priedas<\/span><\/li>\n<\/ul>","protected":false},"excerpt":{"rendered":"<ul>\n<li><span style=\"font-weight: 400\">Originalus \"B\u00f6rner\" tiesiai i\u0161 Vokietijos<\/span><\/li>\n<li><span style=\"font-weight: 400\">Supjaustykite 3 skirtingo storio riekes<\/span><\/li>\n<li><span style=\"font-weight: 400\">2 skirting\u0173 dyd\u017ei\u0173 kub\u0173 pjaustykl\u0117<\/span><\/li>\n<li><span style=\"font-weight: 400\">Apsauginis pjovimo \u012ftaisas ir vaik\u0173 u\u017eraktas<\/span><\/li>\n<li><span style=\"font-weight: 400\">\"B\u00f6rner\" a\u0161menims suteikiama 5 met\u0173 garantija!<\/span><\/li>\n<li><span style=\"font-weight: 400\">Be BPA ir ftalat\u0173<\/span><\/li>\n<li><span style=\"font-weight: 400\">Pridedamas prakti\u0161kas priedas mandolinai ir \u012fd\u0117klams laikyti<\/span><\/li>\n<\/ul>","protected":false},"featured_media":3683,"comment_status":"closed","ping_status":"closed","template":"","meta":[],"product_cat":[275],"product_tag":[],"class_list":["post-3659","product","type-product","status-publish","has-post-thumbnail","hentry","product_cat-taglia-verdure"],"acf":[],"yoast_head":"<!-- This site is optimized with the Yoast SEO plugin v20.10 - https:\/\/yoast.com\/wordpress\/plugins\/seo\/ -->\n<title>Mandolina Borner V6 Exclusive Line - Tauro Essiccatori<\/title>\n<meta name=\"robots\" content=\"noindex, follow, max-snippet:-1, max-image-preview:large, max-video-preview:-1\" \/>\n<meta property=\"og:locale\" content=\"lt_LT\" \/>\n<meta property=\"og:type\" content=\"article\" \/>\n<meta property=\"og:title\" content=\"Mandolina Borner V6 Exclusive Line - Tauro Essiccatori\" \/>\n<meta property=\"og:description\" content=\"L&#039;originale B\u00f6rner direttamente dalla Germania  Taglia fette di 3 spessori diversi  Taglia cubetti in 2 diverse dimensioni  Dispositivo di sicurezza per tagliare e blocco bambini  Lame in garanzia B\u00f6rner per 5 anni!  Senza BPA n\u00e8 ftalati  Incluso un pratico accessorio dove conservare mandolina ed inserti\" \/>\n<meta property=\"og:url\" content=\"https:\/\/stor51.tauroessiccatori.com\/lt\/p\/mandoline-v6-exclusiveline-stainless-steel-slicer\/\" \/>\n<meta property=\"og:site_name\" content=\"Tauro Essiccatori\" \/>\n<meta property=\"article:publisher\" content=\"https:\/\/www.facebook.com\/TauroEssiccatori\/\" \/>\n<meta property=\"article:modified_time\" content=\"2023-05-16T09:11:46+00:00\" \/>\n<meta property=\"og:image\" content=\"https:\/\/stor51.tauroessiccatori.com\/wp-assets\/uploads\/2019\/08\/mandolina-inox.jpg\" \/>\n\t<meta property=\"og:image:width\" content=\"1210\" \/>\n\t<meta property=\"og:image:height\" content=\"750\" \/>\n\t<meta property=\"og:image:type\" content=\"image\/jpeg\" \/>\n<meta name=\"twitter:card\" content=\"summary_large_image\" \/>\n<meta name=\"twitter:label1\" content=\"Est. reading time\" \/>\n\t<meta name=\"twitter:data1\" content=\"1 minut\u0117\" \/>\n<script type=\"application\/ld+json\" class=\"yoast-schema-graph\">{\"@context\":\"https:\/\/schema.org\",\"@graph\":[{\"@type\":\"WebPage\",\"@id\":\"https:\/\/stor51.tauroessiccatori.com\/p\/mandolina-v6-exclusiveline-stainless-steel-slicer\/\",\"url\":\"https:\/\/stor51.tauroessiccatori.com\/p\/mandolina-v6-exclusiveline-stainless-steel-slicer\/\",\"name\":\"Mandolina Borner V6 Exclusive Line - Tauro Essiccatori\",\"isPartOf\":{\"@id\":\"https:\/\/stor51.tauroessiccatori.com\/#website\"},\"datePublished\":\"2019-08-01T15:56:58+00:00\",\"dateModified\":\"2023-05-16T09:11:46+00:00\",\"breadcrumb\":{\"@id\":\"https:\/\/stor51.tauroessiccatori.com\/p\/mandolina-v6-exclusiveline-stainless-steel-slicer\/#breadcrumb\"},\"inLanguage\":\"lt-LT\",\"potentialAction\":[{\"@type\":\"ReadAction\",\"target\":[\"https:\/\/stor51.tauroessiccatori.com\/p\/mandolina-v6-exclusiveline-stainless-steel-slicer\/\"]}]},{\"@type\":\"BreadcrumbList\",\"@id\":\"https:\/\/stor51.tauroessiccatori.com\/p\/mandolina-v6-exclusiveline-stainless-steel-slicer\/#breadcrumb\",\"itemListElement\":[{\"@type\":\"ListItem\",\"position\":1,\"name\":\"Home\",\"item\":\"https:\/\/stor51.tauroessiccatori.com\/\"},{\"@type\":\"ListItem\",\"position\":2,\"name\":\"Shop\",\"item\":\"https:\/\/stor51.tauroessiccatori.com\/negozio\/\"},{\"@type\":\"ListItem\",\"position\":3,\"name\":\"Mandolina Borner V6 Exclusive Line\"}]},{\"@type\":\"WebSite\",\"@id\":\"https:\/\/stor51.tauroessiccatori.com\/#website\",\"url\":\"https:\/\/stor51.tauroessiccatori.com\/\",\"name\":\"Tauro Essiccatori\",\"description\":\"Welcome to Tauro Essiccatori online shop\",\"publisher\":{\"@id\":\"https:\/\/stor51.tauroessiccatori.com\/#organization\"},\"potentialAction\":[{\"@type\":\"SearchAction\",\"target\":{\"@type\":\"EntryPoint\",\"urlTemplate\":\"https:\/\/stor51.tauroessiccatori.com\/?s={search_term_string}\"},\"query-input\":\"required name=search_term_string\"}],\"inLanguage\":\"lt-LT\"},{\"@type\":\"Organization\",\"@id\":\"https:\/\/stor51.tauroessiccatori.com\/#organization\",\"name\":\"Tauro Essiccatori\",\"url\":\"https:\/\/stor51.tauroessiccatori.com\/\",\"logo\":{\"@type\":\"ImageObject\",\"inLanguage\":\"lt-LT\",\"@id\":\"https:\/\/stor51.tauroessiccatori.com\/#\/schema\/logo\/image\/\",\"url\":\"https:\/\/www.tauroessiccatori.com\/wp-assets\/uploads\/2017\/07\/logo_tauro_500x109px.png\",\"contentUrl\":\"https:\/\/www.tauroessiccatori.com\/wp-assets\/uploads\/2017\/07\/logo_tauro_500x109px.png\",\"width\":500,\"height\":109,\"caption\":\"Tauro Essiccatori\"},\"image\":{\"@id\":\"https:\/\/stor51.tauroessiccatori.com\/#\/schema\/logo\/image\/\"},\"sameAs\":[\"https:\/\/www.facebook.com\/TauroEssiccatori\/\",\"https:\/\/www.instagram.com\/tauro_essiccatori\/\",\"https:\/\/it.linkedin.com\/company\/tauro-essiccatori\",\"https:\/\/www.youtube.com\/user\/tauroessiccatori\"]}]}<\/script>\n<!-- \/ Yoast SEO plugin. -->","yoast_head_json":{"title":"Mandolina Borner V6 Exclusive Line - Tauro Essiccatori","robots":{"index":"noindex","follow":"follow","max-snippet":"max-snippet:-1","max-image-preview":"max-image-preview:large","max-video-preview":"max-video-preview:-1"},"og_locale":"lt_LT","og_type":"article","og_title":"Mandolina Borner V6 Exclusive Line - Tauro Essiccatori","og_description":"L'originale B\u00f6rner direttamente dalla Germania  Taglia fette di 3 spessori diversi  Taglia cubetti in 2 diverse dimensioni  Dispositivo di sicurezza per tagliare e blocco bambini  Lame in garanzia B\u00f6rner per 5 anni!  Senza BPA n\u00e8 ftalati  Incluso un pratico accessorio dove conservare mandolina ed inserti","og_url":"https:\/\/stor51.tauroessiccatori.com\/lt\/p\/mandoline-v6-exclusiveline-stainless-steel-slicer\/","og_site_name":"Tauro Essiccatori","article_publisher":"https:\/\/www.facebook.com\/TauroEssiccatori\/","article_modified_time":"2023-05-16T09:11:46+00:00","og_image":[{"width":1210,"height":750,"url":"https:\/\/stor51.tauroessiccatori.com\/wp-assets\/uploads\/2019\/08\/mandolina-inox.jpg","type":"image\/jpeg"}],"twitter_card":"summary_large_image","twitter_misc":{"Est. reading time":"1 minut\u0117"},"schema":{"@context":"https:\/\/schema.org","@graph":[{"@type":"WebPage","@id":"https:\/\/stor51.tauroessiccatori.com\/p\/mandolina-v6-exclusiveline-stainless-steel-slicer\/","url":"https:\/\/stor51.tauroessiccatori.com\/p\/mandolina-v6-exclusiveline-stainless-steel-slicer\/","name":"Mandolina Borner V6 Exclusive Line - Tauro Essiccatori","isPartOf":{"@id":"https:\/\/stor51.tauroessiccatori.com\/#website"},"datePublished":"2019-08-01T15:56:58+00:00","dateModified":"2023-05-16T09:11:46+00:00","breadcrumb":{"@id":"https:\/\/stor51.tauroessiccatori.com\/p\/mandolina-v6-exclusiveline-stainless-steel-slicer\/#breadcrumb"},"inLanguage":"lt-LT","potentialAction":[{"@type":"ReadAction","target":["https:\/\/stor51.tauroessiccatori.com\/p\/mandolina-v6-exclusiveline-stainless-steel-slicer\/"]}]},{"@type":"BreadcrumbList","@id":"https:\/\/stor51.tauroessiccatori.com\/p\/mandolina-v6-exclusiveline-stainless-steel-slicer\/#breadcrumb","itemListElement":[{"@type":"ListItem","position":1,"name":"Home","item":"https:\/\/stor51.tauroessiccatori.com\/"},{"@type":"ListItem","position":2,"name":"Shop","item":"https:\/\/stor51.tauroessiccatori.com\/negozio\/"},{"@type":"ListItem","position":3,"name":"Mandolina Borner V6 Exclusive Line"}]},{"@type":"WebSite","@id":"https:\/\/stor51.tauroessiccatori.com\/#website","url":"https:\/\/stor51.tauroessiccatori.com\/","name":"Tauro Essiccatori","description":"Welcome to Tauro Essiccatori online shop","publisher":{"@id":"https:\/\/stor51.tauroessiccatori.com\/#organization"},"potentialAction":[{"@type":"SearchAction","target":{"@type":"EntryPoint","urlTemplate":"https:\/\/stor51.tauroessiccatori.com\/?s={search_term_string}"},"query-input":"required name=search_term_string"}],"inLanguage":"lt-LT"},{"@type":"Organization","@id":"https:\/\/stor51.tauroessiccatori.com\/#organization","name":"Tauro Essiccatori","url":"https:\/\/stor51.tauroessiccatori.com\/","logo":{"@type":"ImageObject","inLanguage":"lt-LT","@id":"https:\/\/stor51.tauroessiccatori.com\/#\/schema\/logo\/image\/","url":"https:\/\/www.tauroessiccatori.com\/wp-assets\/uploads\/2017\/07\/logo_tauro_500x109px.png","contentUrl":"https:\/\/www.tauroessiccatori.com\/wp-assets\/uploads\/2017\/07\/logo_tauro_500x109px.png","width":500,"height":109,"caption":"Tauro Essiccatori"},"image":{"@id":"https:\/\/stor51.tauroessiccatori.com\/#\/schema\/logo\/image\/"},"sameAs":["https:\/\/www.facebook.com\/TauroEssiccatori\/","https:\/\/www.instagram.com\/tauro_essiccatori\/","https:\/\/it.linkedin.com\/company\/tauro-essiccatori","https:\/\/www.youtube.com\/user\/tauroessiccatori"]}]}},"_links":{"self":[{"href":"https:\/\/stor51.tauroessiccatori.com\/lt\/wp-json\/wp\/v2\/product\/3659"}],"collection":[{"href":"https:\/\/stor51.tauroessiccatori.com\/lt\/wp-json\/wp\/v2\/product"}],"about":[{"href":"https:\/\/stor51.tauroessiccatori.com\/lt\/wp-json\/wp\/v2\/types\/product"}],"replies":[{"embeddable":true,"href":"https:\/\/stor51.tauroessiccatori.com\/lt\/wp-json\/wp\/v2\/comments?post=3659"}],"wp:featuredmedia":[{"embeddable":true,"href":"https:\/\/stor51.tauroessiccatori.com\/lt\/wp-json\/wp\/v2\/media\/3683"}],"wp:attachment":[{"href":"https:\/\/stor51.tauroessiccatori.com\/lt\/wp-json\/wp\/v2\/media?parent=3659"}],"wp:term":[{"taxonomy":"product_cat","embeddable":true,"href":"https:\/\/stor51.tauroessiccatori.com\/lt\/wp-json\/wp\/v2\/product_cat?post=3659"},{"taxonomy":"product_tag","embeddable":true,"href":"https:\/\/stor51.tauroessiccatori.com\/lt\/wp-json\/wp\/v2\/product_tag?post=3659"}],"curies":[{"name":"wp","href":"https:\/\/api.w.org\/{rel}","templated":true}]}}