


{"id":3657,"date":"2019-08-01T17:53:48","date_gmt":"2019-08-01T15:53:48","guid":{"rendered":"https:\/\/store.tauroessiccatori.com\/?post_type=product&#038;p=3657\/"},"modified":"2023-05-16T11:11:25","modified_gmt":"2023-05-16T09:11:25","slug":"mandolina-v5-powerline-starter-set","status":"publish","type":"product","link":"https:\/\/stor51.tauroessiccatori.com\/lt\/p\/mandoline-v5-powerline-starter-set\/","title":{"rendered":"\"Borner V5 PowerLine\" mandolina"},"content":{"rendered":"<div class=\"tauro-banners\"><div class=\"banner-00\" style=\"background-color: #852035\">\r\n<div class=\"ix-xmas-box-other\" style=\"font-size: 18px;padding: 7px 0;margin: 0 auto 0px auto\" align=\"center\"><b style=\"color: #fff;font-size: 18px\">Po med\u017eiu pad\u0117kite BIOSEC. <a style=\"color: #f8cc89;font-weight: bold;text-decoration: none;font-size: 18px\" href=\"https:\/\/www.tauroessiccatori.com\/christmas-2024\/\">ATRASKITE \u010cIA<\/a> Kal\u0117din\u0117s akcijos!<\/b><\/div>\r\n<\/div><div class=\"banner-00\" style=\"background-color: #000\">\r\n<div class=\"ix-xmas-box-other\" style=\"font-size: 18px;padding: 7px 0;margin: 0 auto 0px auto\" align=\"center\"><b style=\"color: #fff\"> Juodojo penktadienio nuolaidos jau \u010dia! \u00a0 <a style=\"color: #f77209;font-weight: bold;text-decoration: none\" href=\"https:\/\/www.tauroessiccatori.com\/black-friday-2024\/\"> Spustel\u0117kite, kad j\u0173 nepraleistum\u0117te \u2192 <\/a>\r\n<\/b><\/div>\r\n<\/div><\/div><p style=\"text-align: left\"><span style=\"font-weight: 400\">Nepralenkiamas greitis ir tikslumas ruo\u0161iant \u0161vie\u017ei\u0173 dar\u017eovi\u0173 ir vaisi\u0173 grie\u017ein\u0117lius, lazdeles, juosteles ir kubelius. Kartu saugu ir paprasta naudoti d\u0117l pridedamo maisto saugos \u012ftaiso. \u0160iame rinkinyje rasite pagrindin\u0119 \u012frang\u0105 10 pjaustymo variant\u0173: galite pjaustyti keturi\u0173 skirting\u0173 stori\u0173 grie\u017ein\u0117liais, nuo storesni\u0173 iki plonesni\u0173, stambesn\u0117mis ar plonesn\u0117mis lazdel\u0117mis ir kubeliais. D\u0117l V5 universalumo salot\u0173, sriub\u0173, tro\u0161kint\u0173 patiekal\u0173 ir daugyb\u0117s kit\u0173 skan\u0117st\u0173 ruo\u0161imas tampa tikru malonumu.<\/span><\/p>\n<p><span style=\"font-weight: 400\">Nor\u0117dami i\u0161valyti, tiesiog nuplaukite mandolin\u0105 ir peili\u0173 \u012fd\u0117klus po tekan\u010diu vandeniu, tada pastumkite grie\u017ein\u0117li\u0173 \u012fd\u0117kl\u0105 iki paskutin\u0117s \u017eym\u0117s. Leiskite savo V5 i\u0161d\u017eiovinti \u012f pridedam\u0105 \u012fd\u0117klo d\u0117\u017eut\u0119. D\u0117\u017eut\u0117je taip pat yra vietos peili\u0173 \u012fd\u0117klams ir galima pritvirtinti maisto laikikl\u012f. Taip sutaupoma vietos ir viskas lieka po ranka, kad b\u016bt\u0173 galima naudoti kit\u0105 kart\u0105.<\/span><\/p>\n<p><span style=\"font-weight: 400\">Visos \u0161io rinkinio dalys yra tinkamos maistui, jose n\u0117ra BPA, ftalat\u0173 ir kenksming\u0173 med\u017eiag\u0173.\u00a0<\/span><\/p>\n<p>&nbsp;<\/p>\n<p><strong>TECHNIN\u0116S SAVYB\u0116S<\/strong><\/p>\n<p>&nbsp;<\/p>\n<ul class=\"ix-list-description-product-alignment\">\n<li><span style=\"font-weight: 400\">Supjaustykite 4 skirtingo storio gabal\u0117lius arba skilteles<\/span><\/li>\n<li><span style=\"font-weight: 400\">2 skirting\u0173 dyd\u017ei\u0173 kub\u0173 pjaustykl\u0117<\/span><\/li>\n<li><span style=\"font-weight: 400\">Apsauginis pjovimo \u012ftaisas ir vaik\u0173 u\u017eraktas<\/span><\/li>\n<li><span style=\"font-weight: 400\">\"B\u00f6rner\" a\u0161menims suteikiama 5 met\u0173 garantija<\/span><\/li>\n<li><span style=\"font-weight: 400\">Be BPA ir ftalat\u0173<\/span><\/li>\n<\/ul>\n<p>&nbsp;<\/p>\n<p><strong>PAKUOT\u0116S TURINYS<\/strong><\/p>\n<p>&nbsp;<\/p>\n<ul class=\"ix-list-description-product-alignment\">\n<li><span style=\"font-weight: 400\">\u017dalioji mandolina\u00a0<\/span><\/li>\n<li><span style=\"font-weight: 400\">\u012ed\u0117klas \u012fvairaus dyd\u017eio grie\u017ein\u0117liams<\/span><\/li>\n<li><span style=\"font-weight: 400\">Du \u012fd\u0117klai lazdel\u0117ms arba kubeliams<\/span><\/li>\n<li><span style=\"font-weight: 400\">Apsaugos saugojimo \u012frenginys<\/span><\/li>\n<li><span style=\"font-weight: 400\">Priedas mandolinai ir \u012fd\u0117klams laikyti<\/span><\/li>\n<\/ul>","protected":false},"excerpt":{"rendered":"<p>Metti un BIOSEC sotto l&#8217;Albero. SCOPRI QUI le promozioni di Natale! Gli sconti Black Friday sono qui! \u00a0 Clicca\u00a0per\u00a0non perderli \u2192 Imbattibile in velocit\u00e0 e precisione nella preparazione di fette, bastoncini, strisce e cubetti di verdure fresche e frutta. Allo stesso tempo sicura e facile da usare grazie al dispositivo di sicurezza alimentare incluso. Questo [&hellip;]<\/p>","protected":false},"featured_media":3675,"comment_status":"closed","ping_status":"closed","template":"","meta":[],"product_cat":[275],"product_tag":[277,278],"class_list":["post-3657","product","type-product","status-publish","has-post-thumbnail","hentry","product_cat-taglia-verdure","product_tag-mandolina","product_tag-tagliaverdura"],"acf":[],"yoast_head":"<!-- This site is optimized with the Yoast SEO plugin v20.10 - https:\/\/yoast.com\/wordpress\/plugins\/seo\/ -->\n<title>Mandolina Borner V5 PowerLine - Tauro Essiccatori<\/title>\n<meta name=\"robots\" content=\"noindex, follow, max-snippet:-1, max-image-preview:large, max-video-preview:-1\" \/>\n<meta property=\"og:locale\" content=\"lt_LT\" \/>\n<meta property=\"og:type\" content=\"article\" \/>\n<meta property=\"og:title\" content=\"Mandolina Borner V5 PowerLine - Tauro Essiccatori\" \/>\n<meta property=\"og:description\" content=\"Metti un BIOSEC sotto l&#039;Albero. SCOPRI QUI le promozioni di Natale! Gli sconti Black Friday sono qui! \u00a0 Clicca\u00a0per\u00a0non perderli \u2192 Imbattibile in velocit\u00e0 e precisione nella preparazione di fette, bastoncini, strisce e cubetti di verdure fresche e frutta. Allo stesso tempo sicura e facile da usare grazie al dispositivo di sicurezza alimentare incluso. Questo [&hellip;]\" \/>\n<meta property=\"og:url\" content=\"https:\/\/stor51.tauroessiccatori.com\/lt\/p\/mandoline-v5-powerline-starter-set\/\" \/>\n<meta property=\"og:site_name\" content=\"Tauro Essiccatori\" \/>\n<meta property=\"article:publisher\" content=\"https:\/\/www.facebook.com\/TauroEssiccatori\/\" \/>\n<meta property=\"article:modified_time\" content=\"2023-05-16T09:11:25+00:00\" \/>\n<meta property=\"og:image\" content=\"https:\/\/stor51.tauroessiccatori.com\/wp-assets\/uploads\/2019\/08\/mandolina-green.jpg\" \/>\n\t<meta property=\"og:image:width\" content=\"1210\" \/>\n\t<meta property=\"og:image:height\" content=\"750\" \/>\n\t<meta property=\"og:image:type\" content=\"image\/jpeg\" \/>\n<meta name=\"twitter:card\" content=\"summary_large_image\" \/>\n<meta name=\"twitter:label1\" content=\"Est. reading time\" \/>\n\t<meta name=\"twitter:data1\" content=\"1 minut\u0117\" \/>\n<script type=\"application\/ld+json\" class=\"yoast-schema-graph\">{\"@context\":\"https:\/\/schema.org\",\"@graph\":[{\"@type\":\"WebPage\",\"@id\":\"https:\/\/stor51.tauroessiccatori.com\/p\/mandolina-v5-powerline-starter-set\/\",\"url\":\"https:\/\/stor51.tauroessiccatori.com\/p\/mandolina-v5-powerline-starter-set\/\",\"name\":\"Mandolina Borner V5 PowerLine - Tauro Essiccatori\",\"isPartOf\":{\"@id\":\"https:\/\/stor51.tauroessiccatori.com\/#website\"},\"datePublished\":\"2019-08-01T15:53:48+00:00\",\"dateModified\":\"2023-05-16T09:11:25+00:00\",\"breadcrumb\":{\"@id\":\"https:\/\/stor51.tauroessiccatori.com\/p\/mandolina-v5-powerline-starter-set\/#breadcrumb\"},\"inLanguage\":\"lt-LT\",\"potentialAction\":[{\"@type\":\"ReadAction\",\"target\":[\"https:\/\/stor51.tauroessiccatori.com\/p\/mandolina-v5-powerline-starter-set\/\"]}]},{\"@type\":\"BreadcrumbList\",\"@id\":\"https:\/\/stor51.tauroessiccatori.com\/p\/mandolina-v5-powerline-starter-set\/#breadcrumb\",\"itemListElement\":[{\"@type\":\"ListItem\",\"position\":1,\"name\":\"Home\",\"item\":\"https:\/\/stor51.tauroessiccatori.com\/\"},{\"@type\":\"ListItem\",\"position\":2,\"name\":\"Shop\",\"item\":\"https:\/\/stor51.tauroessiccatori.com\/negozio\/\"},{\"@type\":\"ListItem\",\"position\":3,\"name\":\"Mandolina Borner V5 PowerLine\"}]},{\"@type\":\"WebSite\",\"@id\":\"https:\/\/stor51.tauroessiccatori.com\/#website\",\"url\":\"https:\/\/stor51.tauroessiccatori.com\/\",\"name\":\"Tauro Essiccatori\",\"description\":\"Welcome to Tauro Essiccatori online shop\",\"publisher\":{\"@id\":\"https:\/\/stor51.tauroessiccatori.com\/#organization\"},\"potentialAction\":[{\"@type\":\"SearchAction\",\"target\":{\"@type\":\"EntryPoint\",\"urlTemplate\":\"https:\/\/stor51.tauroessiccatori.com\/?s={search_term_string}\"},\"query-input\":\"required name=search_term_string\"}],\"inLanguage\":\"lt-LT\"},{\"@type\":\"Organization\",\"@id\":\"https:\/\/stor51.tauroessiccatori.com\/#organization\",\"name\":\"Tauro Essiccatori\",\"url\":\"https:\/\/stor51.tauroessiccatori.com\/\",\"logo\":{\"@type\":\"ImageObject\",\"inLanguage\":\"lt-LT\",\"@id\":\"https:\/\/stor51.tauroessiccatori.com\/#\/schema\/logo\/image\/\",\"url\":\"https:\/\/www.tauroessiccatori.com\/wp-assets\/uploads\/2017\/07\/logo_tauro_500x109px.png\",\"contentUrl\":\"https:\/\/www.tauroessiccatori.com\/wp-assets\/uploads\/2017\/07\/logo_tauro_500x109px.png\",\"width\":500,\"height\":109,\"caption\":\"Tauro Essiccatori\"},\"image\":{\"@id\":\"https:\/\/stor51.tauroessiccatori.com\/#\/schema\/logo\/image\/\"},\"sameAs\":[\"https:\/\/www.facebook.com\/TauroEssiccatori\/\",\"https:\/\/www.instagram.com\/tauro_essiccatori\/\",\"https:\/\/it.linkedin.com\/company\/tauro-essiccatori\",\"https:\/\/www.youtube.com\/user\/tauroessiccatori\"]}]}<\/script>\n<!-- \/ Yoast SEO plugin. -->","yoast_head_json":{"title":"Mandolina Borner V5 PowerLine - Tauro Essiccatori","robots":{"index":"noindex","follow":"follow","max-snippet":"max-snippet:-1","max-image-preview":"max-image-preview:large","max-video-preview":"max-video-preview:-1"},"og_locale":"lt_LT","og_type":"article","og_title":"Mandolina Borner V5 PowerLine - Tauro Essiccatori","og_description":"Metti un BIOSEC sotto l'Albero. SCOPRI QUI le promozioni di Natale! Gli sconti Black Friday sono qui! \u00a0 Clicca\u00a0per\u00a0non perderli \u2192 Imbattibile in velocit\u00e0 e precisione nella preparazione di fette, bastoncini, strisce e cubetti di verdure fresche e frutta. Allo stesso tempo sicura e facile da usare grazie al dispositivo di sicurezza alimentare incluso. Questo [&hellip;]","og_url":"https:\/\/stor51.tauroessiccatori.com\/lt\/p\/mandoline-v5-powerline-starter-set\/","og_site_name":"Tauro Essiccatori","article_publisher":"https:\/\/www.facebook.com\/TauroEssiccatori\/","article_modified_time":"2023-05-16T09:11:25+00:00","og_image":[{"width":1210,"height":750,"url":"https:\/\/stor51.tauroessiccatori.com\/wp-assets\/uploads\/2019\/08\/mandolina-green.jpg","type":"image\/jpeg"}],"twitter_card":"summary_large_image","twitter_misc":{"Est. reading time":"1 minut\u0117"},"schema":{"@context":"https:\/\/schema.org","@graph":[{"@type":"WebPage","@id":"https:\/\/stor51.tauroessiccatori.com\/p\/mandolina-v5-powerline-starter-set\/","url":"https:\/\/stor51.tauroessiccatori.com\/p\/mandolina-v5-powerline-starter-set\/","name":"Mandolina Borner V5 PowerLine - Tauro Essiccatori","isPartOf":{"@id":"https:\/\/stor51.tauroessiccatori.com\/#website"},"datePublished":"2019-08-01T15:53:48+00:00","dateModified":"2023-05-16T09:11:25+00:00","breadcrumb":{"@id":"https:\/\/stor51.tauroessiccatori.com\/p\/mandolina-v5-powerline-starter-set\/#breadcrumb"},"inLanguage":"lt-LT","potentialAction":[{"@type":"ReadAction","target":["https:\/\/stor51.tauroessiccatori.com\/p\/mandolina-v5-powerline-starter-set\/"]}]},{"@type":"BreadcrumbList","@id":"https:\/\/stor51.tauroessiccatori.com\/p\/mandolina-v5-powerline-starter-set\/#breadcrumb","itemListElement":[{"@type":"ListItem","position":1,"name":"Home","item":"https:\/\/stor51.tauroessiccatori.com\/"},{"@type":"ListItem","position":2,"name":"Shop","item":"https:\/\/stor51.tauroessiccatori.com\/negozio\/"},{"@type":"ListItem","position":3,"name":"Mandolina Borner V5 PowerLine"}]},{"@type":"WebSite","@id":"https:\/\/stor51.tauroessiccatori.com\/#website","url":"https:\/\/stor51.tauroessiccatori.com\/","name":"Tauro Essiccatori","description":"Welcome to Tauro Essiccatori online shop","publisher":{"@id":"https:\/\/stor51.tauroessiccatori.com\/#organization"},"potentialAction":[{"@type":"SearchAction","target":{"@type":"EntryPoint","urlTemplate":"https:\/\/stor51.tauroessiccatori.com\/?s={search_term_string}"},"query-input":"required name=search_term_string"}],"inLanguage":"lt-LT"},{"@type":"Organization","@id":"https:\/\/stor51.tauroessiccatori.com\/#organization","name":"Tauro Essiccatori","url":"https:\/\/stor51.tauroessiccatori.com\/","logo":{"@type":"ImageObject","inLanguage":"lt-LT","@id":"https:\/\/stor51.tauroessiccatori.com\/#\/schema\/logo\/image\/","url":"https:\/\/www.tauroessiccatori.com\/wp-assets\/uploads\/2017\/07\/logo_tauro_500x109px.png","contentUrl":"https:\/\/www.tauroessiccatori.com\/wp-assets\/uploads\/2017\/07\/logo_tauro_500x109px.png","width":500,"height":109,"caption":"Tauro Essiccatori"},"image":{"@id":"https:\/\/stor51.tauroessiccatori.com\/#\/schema\/logo\/image\/"},"sameAs":["https:\/\/www.facebook.com\/TauroEssiccatori\/","https:\/\/www.instagram.com\/tauro_essiccatori\/","https:\/\/it.linkedin.com\/company\/tauro-essiccatori","https:\/\/www.youtube.com\/user\/tauroessiccatori"]}]}},"_links":{"self":[{"href":"https:\/\/stor51.tauroessiccatori.com\/lt\/wp-json\/wp\/v2\/product\/3657"}],"collection":[{"href":"https:\/\/stor51.tauroessiccatori.com\/lt\/wp-json\/wp\/v2\/product"}],"about":[{"href":"https:\/\/stor51.tauroessiccatori.com\/lt\/wp-json\/wp\/v2\/types\/product"}],"replies":[{"embeddable":true,"href":"https:\/\/stor51.tauroessiccatori.com\/lt\/wp-json\/wp\/v2\/comments?post=3657"}],"wp:featuredmedia":[{"embeddable":true,"href":"https:\/\/stor51.tauroessiccatori.com\/lt\/wp-json\/wp\/v2\/media\/3675"}],"wp:attachment":[{"href":"https:\/\/stor51.tauroessiccatori.com\/lt\/wp-json\/wp\/v2\/media?parent=3657"}],"wp:term":[{"taxonomy":"product_cat","embeddable":true,"href":"https:\/\/stor51.tauroessiccatori.com\/lt\/wp-json\/wp\/v2\/product_cat?post=3657"},{"taxonomy":"product_tag","embeddable":true,"href":"https:\/\/stor51.tauroessiccatori.com\/lt\/wp-json\/wp\/v2\/product_tag?post=3657"}],"curies":[{"name":"wp","href":"https:\/\/api.w.org\/{rel}","templated":true}]}}