


{"id":2599,"date":"2018-11-16T10:18:36","date_gmt":"2018-11-16T09:18:36","guid":{"rendered":"https:\/\/store.tauroessiccatori.com\/?post_type=product&#038;p=2599\/"},"modified":"2023-02-18T10:31:46","modified_gmt":"2023-02-18T09:31:46","slug":"gente-che-essicca","status":"publish","type":"product","link":"https:\/\/stor51.tauroessiccatori.com\/lt\/p\/zmones-kurie-dezifikuoja\/","title":{"rendered":"\u017dmoni\u0173 d\u017eiovinimas"},"content":{"rendered":"<div class=\"tauro-banners\"><div class=\"banner-00\" style=\"background-color: #852035\">\r\n<div class=\"ix-xmas-box-other\" style=\"font-size: 18px;padding: 7px 0;margin: 0 auto 0px auto\" align=\"center\"><b style=\"color: #fff;font-size: 18px\">Po med\u017eiu pad\u0117kite BIOSEC. <a style=\"color: #f8cc89;font-weight: bold;text-decoration: none;font-size: 18px\" href=\"https:\/\/www.tauroessiccatori.com\/christmas-2024\/\">ATRASKITE \u010cIA<\/a> Kal\u0117din\u0117s akcijos!<\/b><\/div>\r\n<\/div><div class=\"banner-00\" style=\"background-color: #000\">\r\n<div class=\"ix-xmas-box-other\" style=\"font-size: 18px;padding: 7px 0;margin: 0 auto 0px auto\" align=\"center\"><b style=\"color: #fff\"> Juodojo penktadienio nuolaidos jau \u010dia! \u00a0 <a style=\"color: #f77209;font-weight: bold;text-decoration: none\" href=\"https:\/\/www.tauroessiccatori.com\/black-friday-2024\/\"> Spustel\u0117kite, kad j\u0173 nepraleistum\u0117te \u2192 <\/a>\r\n<\/b><\/div>\r\n<\/div><\/div><div>\n<p><strong>Apra\u0161ymas:<\/strong><\/p>\n<p>Visi\u0161kai nauja kulinarijos knyga, gimusi tiesiogiai i\u0161 nuostabiausios bendruomen\u0117s internete!<br \/>\nNustebkite, k\u0105 gali d\u017eiovykl\u0117 (ir ko niekada ne\u012fsivaizdavote). Atidarykite ir kurkite!<\/p>\n<\/div>\n<p><strong>Siuntimo i\u0161laidos panaikinamos, jei perkate \u0161i\u0105 knyg\u0105 kartu su bet kuriuo kitu produktu i\u0161 m\u016bs\u0173 el. parduotuv\u0117s!<\/strong><\/p>\n<div><strong>Funkcijos:<\/strong><\/p>\n<ul>\n<li>d\u017eiovinimo vadovas<\/li>\n<li>75 receptai ir 240 puslapi\u0173<\/li>\n<li>visi\u0161kai spalvotas<\/li>\n<li>d\u017eiovinimo istorij\u0105 ir metod\u0105, kad pad\u0117t\u0173 visiems atrasti \u0161i\u0105 technik\u0105.<\/li>\n<li>\u012fdomyb\u0117s ir \u012f\u017evalgos<\/li>\n<li>mokslininko tablet\u0117s (autorius Livio Zanon Santon)<\/li>\n<li>vir\u0117jo Paolo Dalicandro id\u0117jos ir metodai<\/li>\n<\/ul>\n<\/div>\n<div><strong>Pakuot\u0117s turinys:<\/strong><\/p>\n<ul>\n<li>kulinarijos knyga<\/li>\n<\/ul>\n<\/div>","protected":false},"excerpt":{"rendered":"<p>Metti un BIOSEC sotto l&#8217;Albero. SCOPRI QUI le promozioni di Natale! Gli sconti Black Friday sono qui! \u00a0 Clicca\u00a0per\u00a0non perderli \u2192 Descrizione: Il nuovissimo ricettario, nato direttamente dalla community pi\u00f9 sorprendente del web! Lasciati stupire da quello che un essiccatore pu\u00f2 fare (e non avresti mai immaginato). Apri e crea! Le spese di spedizione si [&hellip;]<\/p>","protected":false},"featured_media":2732,"comment_status":"closed","ping_status":"closed","template":"","meta":[],"product_cat":[196],"product_tag":[],"class_list":["post-2599","product","type-product","status-publish","has-post-thumbnail","hentry","product_cat-libri"],"acf":[],"yoast_head":"<!-- This site is optimized with the Yoast SEO plugin v20.10 - https:\/\/yoast.com\/wordpress\/plugins\/seo\/ -->\n<title>Gente che Essicca - il ricettario Tauro dalla community Facebook!<\/title>\n<meta name=\"description\" content=\"Gente che Essicca, il ricettario: 75 ricette dal gruppo Facebook, trucchi per l&#039;essiccazione perfetta, curiosit\u00e0, approfondimenti, i consigli dello chef\" \/>\n<meta name=\"robots\" content=\"noindex, follow, max-snippet:-1, max-image-preview:large, max-video-preview:-1\" \/>\n<meta property=\"og:locale\" content=\"lt_LT\" \/>\n<meta property=\"og:type\" content=\"article\" \/>\n<meta property=\"og:title\" content=\"Gente che Essicca - il ricettario Tauro dalla community Facebook!\" \/>\n<meta property=\"og:description\" content=\"Gente che Essicca, il ricettario: 75 ricette dal gruppo Facebook, trucchi per l&#039;essiccazione perfetta, curiosit\u00e0, approfondimenti, i consigli dello chef\" \/>\n<meta property=\"og:url\" content=\"https:\/\/stor51.tauroessiccatori.com\/lt\/p\/zmones-kurie-dezifikuoja\/\" \/>\n<meta property=\"og:site_name\" content=\"Tauro Essiccatori\" \/>\n<meta property=\"article:publisher\" content=\"https:\/\/www.facebook.com\/TauroEssiccatori\/\" \/>\n<meta property=\"article:modified_time\" content=\"2023-02-18T09:31:46+00:00\" \/>\n<meta property=\"og:image\" content=\"https:\/\/stor51.tauroessiccatori.com\/wp-assets\/uploads\/2018\/11\/MAX2049-sRGB-Web-copia.jpg\" \/>\n\t<meta property=\"og:image:width\" content=\"2048\" \/>\n\t<meta property=\"og:image:height\" content=\"1266\" \/>\n\t<meta property=\"og:image:type\" content=\"image\/jpeg\" \/>\n<meta name=\"twitter:card\" content=\"summary_large_image\" \/>\n<script type=\"application\/ld+json\" class=\"yoast-schema-graph\">{\"@context\":\"https:\/\/schema.org\",\"@graph\":[{\"@type\":\"WebPage\",\"@id\":\"https:\/\/stor51.tauroessiccatori.com\/p\/gente-che-essicca\/\",\"url\":\"https:\/\/stor51.tauroessiccatori.com\/p\/gente-che-essicca\/\",\"name\":\"Gente che Essicca - il ricettario Tauro dalla community Facebook!\",\"isPartOf\":{\"@id\":\"https:\/\/stor51.tauroessiccatori.com\/#website\"},\"datePublished\":\"2018-11-16T09:18:36+00:00\",\"dateModified\":\"2023-02-18T09:31:46+00:00\",\"description\":\"Gente che Essicca, il ricettario: 75 ricette dal gruppo Facebook, trucchi per l'essiccazione perfetta, curiosit\u00e0, approfondimenti, i consigli dello chef\",\"breadcrumb\":{\"@id\":\"https:\/\/stor51.tauroessiccatori.com\/p\/gente-che-essicca\/#breadcrumb\"},\"inLanguage\":\"lt-LT\",\"potentialAction\":[{\"@type\":\"ReadAction\",\"target\":[\"https:\/\/stor51.tauroessiccatori.com\/p\/gente-che-essicca\/\"]}]},{\"@type\":\"BreadcrumbList\",\"@id\":\"https:\/\/stor51.tauroessiccatori.com\/p\/gente-che-essicca\/#breadcrumb\",\"itemListElement\":[{\"@type\":\"ListItem\",\"position\":1,\"name\":\"Home\",\"item\":\"https:\/\/stor51.tauroessiccatori.com\/\"},{\"@type\":\"ListItem\",\"position\":2,\"name\":\"Shop\",\"item\":\"https:\/\/stor51.tauroessiccatori.com\/negozio\/\"},{\"@type\":\"ListItem\",\"position\":3,\"name\":\"Gente che Essicca\"}]},{\"@type\":\"WebSite\",\"@id\":\"https:\/\/stor51.tauroessiccatori.com\/#website\",\"url\":\"https:\/\/stor51.tauroessiccatori.com\/\",\"name\":\"Tauro Essiccatori\",\"description\":\"Welcome to Tauro Essiccatori online shop\",\"publisher\":{\"@id\":\"https:\/\/stor51.tauroessiccatori.com\/#organization\"},\"potentialAction\":[{\"@type\":\"SearchAction\",\"target\":{\"@type\":\"EntryPoint\",\"urlTemplate\":\"https:\/\/stor51.tauroessiccatori.com\/?s={search_term_string}\"},\"query-input\":\"required name=search_term_string\"}],\"inLanguage\":\"lt-LT\"},{\"@type\":\"Organization\",\"@id\":\"https:\/\/stor51.tauroessiccatori.com\/#organization\",\"name\":\"Tauro Essiccatori\",\"url\":\"https:\/\/stor51.tauroessiccatori.com\/\",\"logo\":{\"@type\":\"ImageObject\",\"inLanguage\":\"lt-LT\",\"@id\":\"https:\/\/stor51.tauroessiccatori.com\/#\/schema\/logo\/image\/\",\"url\":\"https:\/\/www.tauroessiccatori.com\/wp-assets\/uploads\/2017\/07\/logo_tauro_500x109px.png\",\"contentUrl\":\"https:\/\/www.tauroessiccatori.com\/wp-assets\/uploads\/2017\/07\/logo_tauro_500x109px.png\",\"width\":500,\"height\":109,\"caption\":\"Tauro Essiccatori\"},\"image\":{\"@id\":\"https:\/\/stor51.tauroessiccatori.com\/#\/schema\/logo\/image\/\"},\"sameAs\":[\"https:\/\/www.facebook.com\/TauroEssiccatori\/\",\"https:\/\/www.instagram.com\/tauro_essiccatori\/\",\"https:\/\/it.linkedin.com\/company\/tauro-essiccatori\",\"https:\/\/www.youtube.com\/user\/tauroessiccatori\"]}]}<\/script>\n<!-- \/ Yoast SEO plugin. -->","yoast_head_json":{"title":"Gente che Essicca - il ricettario Tauro dalla community Facebook!","description":"Gente che Essicca, il ricettario: 75 ricette dal gruppo Facebook, trucchi per l'essiccazione perfetta, curiosit\u00e0, approfondimenti, i consigli dello chef","robots":{"index":"noindex","follow":"follow","max-snippet":"max-snippet:-1","max-image-preview":"max-image-preview:large","max-video-preview":"max-video-preview:-1"},"og_locale":"lt_LT","og_type":"article","og_title":"Gente che Essicca - il ricettario Tauro dalla community Facebook!","og_description":"Gente che Essicca, il ricettario: 75 ricette dal gruppo Facebook, trucchi per l'essiccazione perfetta, curiosit\u00e0, approfondimenti, i consigli dello chef","og_url":"https:\/\/stor51.tauroessiccatori.com\/lt\/p\/zmones-kurie-dezifikuoja\/","og_site_name":"Tauro Essiccatori","article_publisher":"https:\/\/www.facebook.com\/TauroEssiccatori\/","article_modified_time":"2023-02-18T09:31:46+00:00","og_image":[{"width":2048,"height":1266,"url":"https:\/\/stor51.tauroessiccatori.com\/wp-assets\/uploads\/2018\/11\/MAX2049-sRGB-Web-copia.jpg","type":"image\/jpeg"}],"twitter_card":"summary_large_image","schema":{"@context":"https:\/\/schema.org","@graph":[{"@type":"WebPage","@id":"https:\/\/stor51.tauroessiccatori.com\/p\/gente-che-essicca\/","url":"https:\/\/stor51.tauroessiccatori.com\/p\/gente-che-essicca\/","name":"Gente che Essicca - il ricettario Tauro dalla community Facebook!","isPartOf":{"@id":"https:\/\/stor51.tauroessiccatori.com\/#website"},"datePublished":"2018-11-16T09:18:36+00:00","dateModified":"2023-02-18T09:31:46+00:00","description":"Gente che Essicca, il ricettario: 75 ricette dal gruppo Facebook, trucchi per l'essiccazione perfetta, curiosit\u00e0, approfondimenti, i consigli dello chef","breadcrumb":{"@id":"https:\/\/stor51.tauroessiccatori.com\/p\/gente-che-essicca\/#breadcrumb"},"inLanguage":"lt-LT","potentialAction":[{"@type":"ReadAction","target":["https:\/\/stor51.tauroessiccatori.com\/p\/gente-che-essicca\/"]}]},{"@type":"BreadcrumbList","@id":"https:\/\/stor51.tauroessiccatori.com\/p\/gente-che-essicca\/#breadcrumb","itemListElement":[{"@type":"ListItem","position":1,"name":"Home","item":"https:\/\/stor51.tauroessiccatori.com\/"},{"@type":"ListItem","position":2,"name":"Shop","item":"https:\/\/stor51.tauroessiccatori.com\/negozio\/"},{"@type":"ListItem","position":3,"name":"Gente che Essicca"}]},{"@type":"WebSite","@id":"https:\/\/stor51.tauroessiccatori.com\/#website","url":"https:\/\/stor51.tauroessiccatori.com\/","name":"Tauro Essiccatori","description":"Welcome to Tauro Essiccatori online shop","publisher":{"@id":"https:\/\/stor51.tauroessiccatori.com\/#organization"},"potentialAction":[{"@type":"SearchAction","target":{"@type":"EntryPoint","urlTemplate":"https:\/\/stor51.tauroessiccatori.com\/?s={search_term_string}"},"query-input":"required name=search_term_string"}],"inLanguage":"lt-LT"},{"@type":"Organization","@id":"https:\/\/stor51.tauroessiccatori.com\/#organization","name":"Tauro Essiccatori","url":"https:\/\/stor51.tauroessiccatori.com\/","logo":{"@type":"ImageObject","inLanguage":"lt-LT","@id":"https:\/\/stor51.tauroessiccatori.com\/#\/schema\/logo\/image\/","url":"https:\/\/www.tauroessiccatori.com\/wp-assets\/uploads\/2017\/07\/logo_tauro_500x109px.png","contentUrl":"https:\/\/www.tauroessiccatori.com\/wp-assets\/uploads\/2017\/07\/logo_tauro_500x109px.png","width":500,"height":109,"caption":"Tauro Essiccatori"},"image":{"@id":"https:\/\/stor51.tauroessiccatori.com\/#\/schema\/logo\/image\/"},"sameAs":["https:\/\/www.facebook.com\/TauroEssiccatori\/","https:\/\/www.instagram.com\/tauro_essiccatori\/","https:\/\/it.linkedin.com\/company\/tauro-essiccatori","https:\/\/www.youtube.com\/user\/tauroessiccatori"]}]}},"_links":{"self":[{"href":"https:\/\/stor51.tauroessiccatori.com\/lt\/wp-json\/wp\/v2\/product\/2599"}],"collection":[{"href":"https:\/\/stor51.tauroessiccatori.com\/lt\/wp-json\/wp\/v2\/product"}],"about":[{"href":"https:\/\/stor51.tauroessiccatori.com\/lt\/wp-json\/wp\/v2\/types\/product"}],"replies":[{"embeddable":true,"href":"https:\/\/stor51.tauroessiccatori.com\/lt\/wp-json\/wp\/v2\/comments?post=2599"}],"wp:featuredmedia":[{"embeddable":true,"href":"https:\/\/stor51.tauroessiccatori.com\/lt\/wp-json\/wp\/v2\/media\/2732"}],"wp:attachment":[{"href":"https:\/\/stor51.tauroessiccatori.com\/lt\/wp-json\/wp\/v2\/media?parent=2599"}],"wp:term":[{"taxonomy":"product_cat","embeddable":true,"href":"https:\/\/stor51.tauroessiccatori.com\/lt\/wp-json\/wp\/v2\/product_cat?post=2599"},{"taxonomy":"product_tag","embeddable":true,"href":"https:\/\/stor51.tauroessiccatori.com\/lt\/wp-json\/wp\/v2\/product_tag?post=2599"}],"curies":[{"name":"wp","href":"https:\/\/api.w.org\/{rel}","templated":true}]}}