


{"id":1959,"date":"2018-03-30T12:24:07","date_gmt":"2018-03-30T10:24:07","guid":{"rendered":"http:\/\/store.tauroessiccatori.com\/?post_type=product&#038;p=1959\/"},"modified":"2023-05-16T11:33:55","modified_gmt":"2023-05-16T09:33:55","slug":"promo-pack-4","status":"publish","type":"product","link":"https:\/\/stor51.tauroessiccatori.com\/lt\/p\/reklamine-pakuote-4\/","title":{"rendered":"PROMO PAKETAS 4"},"content":{"rendered":"<div class=\"tauro-banners\"><div class=\"banner-00\" style=\"background-color: #852035\">\r\n<div class=\"ix-xmas-box-other\" style=\"font-size: 18px;padding: 7px 0;margin: 0 auto 0px auto\" align=\"center\"><b style=\"color: #fff;font-size: 18px\">Po med\u017eiu pad\u0117kite BIOSEC. <a style=\"color: #f8cc89;font-weight: bold;text-decoration: none;font-size: 18px\" href=\"https:\/\/www.tauroessiccatori.com\/christmas-2024\/\">ATRASKITE \u010cIA<\/a> Kal\u0117din\u0117s akcijos!<\/b><\/div>\r\n<\/div><div class=\"banner-00\" style=\"background-color: #000\">\r\n<div class=\"ix-xmas-box-other\" style=\"font-size: 18px;padding: 7px 0;margin: 0 auto 0px auto\" align=\"center\"><b style=\"color: #fff\"> Juodojo penktadienio nuolaidos jau \u010dia! \u00a0 <a style=\"color: #f77209;font-weight: bold;text-decoration: none\" href=\"https:\/\/www.tauroessiccatori.com\/black-friday-2024\/\"> Spustel\u0117kite, kad j\u0173 nepraleistum\u0117te \u2192 <\/a>\r\n<\/b><\/div>\r\n<\/div><\/div><div><strong>Apra\u0161ymas:<\/strong>\"SiliDrop\" ir \"SiliSoft\" yra naujovi\u0161kos daugiafunkcin\u0117s \"Platinum\" silikono nelimpan\u010dios sistemos, sukurtos taip, kad kiekviena \"Biosec\" b\u016bt\u0173 maksimaliai veiksminga.<br \/>\n\"DrySilk Net\" yra tinklelis, skirtas labai lipniems produktams d\u017eiovinti, kurie nekrenta, taip pat gali b\u016bti naudojamas dvigubu sluoksniu!<br \/>\nI\u0161bandykite juos visus \u0161iame super reklaminiame pakete!<br \/>\nPLAUKITE PRIE\u0160 PIRM\u0104 KART\u0104 NAUDODAMI.<\/p>\n<\/div>\n<div><strong>Technin\u0117s charakteristikos:<\/strong><\/p>\n<ul>\n<li>\u00a0pagamintas i\u0161 platininio silikono 100% ir su maistu besilie\u010dian\u010dio plastiko<\/li>\n<li>\u00a0galima naudoti t\u016bkstan\u010dius kart\u0173.<\/li>\n<li>\u00a0Be BPA ir ftalat\u0173<\/li>\n<li>\u00a0Silikonas tinkamas naudoti nuo -60\u00b0 iki +100 laipsni\u0173 temperat\u016broje<\/li>\n<li>\u00a0\"SrySilk Net\" galima naudoti esant 0-100 laipsni\u0173 temperat\u016brai.<\/li>\n<li>\u00a0\"SiliDrop\" kra\u0161to auk\u0161tis 1,5 cm<\/li>\n<li>\u00a0suderinamas su visais \"Biosec<\/li>\n<li>\u00a0galima plauti indaplov\u0117je<\/li>\n<\/ul>\n<\/div>\n<div><strong>Pakuot\u0117s turinys:<\/strong><\/p>\n<div>\n<ul>\n<li>\u00a02 \"SiliDrop\" pad\u0117klai<\/li>\n<li>\u00a01 \"SiliSoft\" kilim\u0117lis<\/li>\n<li>\u00a05 \"DrySilk\" tinklai<\/li>\n<\/ul>\n<\/div>\n<\/div>\n<p><i>*Krep\u0161eliai yra tik ai\u0161kinamojo pob\u016bd\u017eio ir n\u0117ra pakuot\u0117s dalis<\/i><\/p>","protected":false},"excerpt":{"rendered":"<p>Metti un BIOSEC sotto l&#8217;Albero. SCOPRI QUI le promozioni di Natale! Gli sconti Black Friday sono qui! \u00a0 Clicca\u00a0per\u00a0non perderli \u2192 Descrizione:SiliDrop e SiliSoft sono gli innovativi sistemi antiaderenti multiuso in Platinum Silicone, progettati per offrirvi il massimo delle prestazioni con ogni Biosec. DrySilk Net \u00e8 la retina studiata per essiccare prodotti molto appiccicosi ma [&hellip;]<\/p>","protected":false},"featured_media":2615,"comment_status":"closed","ping_status":"closed","template":"","meta":[],"product_cat":[258],"product_tag":[],"class_list":["post-1959","product","type-product","status-publish","has-post-thumbnail","hentry","product_cat-antiaderenti"],"acf":[],"yoast_head":"<!-- This site is optimized with the Yoast SEO plugin v20.10 - https:\/\/yoast.com\/wordpress\/plugins\/seo\/ -->\n<title>Antiaderenti per alimenti - Essiccatori Biosec di Tauro: Promo Pack n.4<\/title>\n<meta name=\"description\" content=\"Antiaderenti per alimenti compatibili con gli essiccatori Biosec: SiliSoft, SiliDrop e DtrySilk Net, provali tutti in questo super Promo Pack lancio!\" \/>\n<meta name=\"robots\" content=\"noindex, follow, max-snippet:-1, max-image-preview:large, max-video-preview:-1\" \/>\n<meta property=\"og:locale\" content=\"lt_LT\" \/>\n<meta property=\"og:type\" content=\"article\" \/>\n<meta property=\"og:title\" content=\"Antiaderenti per alimenti - Essiccatori Biosec di Tauro: Promo Pack n.4\" \/>\n<meta property=\"og:description\" content=\"Antiaderenti per alimenti compatibili con gli essiccatori Biosec: SiliSoft, SiliDrop e DtrySilk Net, provali tutti in questo super Promo Pack lancio!\" \/>\n<meta property=\"og:url\" content=\"https:\/\/stor51.tauroessiccatori.com\/lt\/p\/reklamine-pakuote-4\/\" \/>\n<meta property=\"og:site_name\" content=\"Tauro Essiccatori\" \/>\n<meta property=\"article:publisher\" content=\"https:\/\/www.facebook.com\/TauroEssiccatori\/\" \/>\n<meta property=\"article:modified_time\" content=\"2023-05-16T09:33:55+00:00\" \/>\n<meta property=\"og:image\" content=\"https:\/\/stor51.tauroessiccatori.com\/wp-assets\/uploads\/2018\/03\/Promo-Pack-4.jpg\" \/>\n\t<meta property=\"og:image:width\" content=\"1210\" \/>\n\t<meta property=\"og:image:height\" content=\"750\" \/>\n\t<meta property=\"og:image:type\" content=\"image\/jpeg\" \/>\n<meta name=\"twitter:card\" content=\"summary_large_image\" \/>\n<meta name=\"twitter:label1\" content=\"Est. reading time\" \/>\n\t<meta name=\"twitter:data1\" content=\"1 minut\u0117\" \/>\n<script type=\"application\/ld+json\" class=\"yoast-schema-graph\">{\"@context\":\"https:\/\/schema.org\",\"@graph\":[{\"@type\":\"WebPage\",\"@id\":\"https:\/\/stor51.tauroessiccatori.com\/p\/promo-pack-4\/\",\"url\":\"https:\/\/stor51.tauroessiccatori.com\/p\/promo-pack-4\/\",\"name\":\"Antiaderenti per alimenti - Essiccatori Biosec di Tauro: Promo Pack n.4\",\"isPartOf\":{\"@id\":\"https:\/\/stor51.tauroessiccatori.com\/#website\"},\"datePublished\":\"2018-03-30T10:24:07+00:00\",\"dateModified\":\"2023-05-16T09:33:55+00:00\",\"description\":\"Antiaderenti per alimenti compatibili con gli essiccatori Biosec: SiliSoft, SiliDrop e DtrySilk Net, provali tutti in questo super Promo Pack lancio!\",\"breadcrumb\":{\"@id\":\"https:\/\/stor51.tauroessiccatori.com\/p\/promo-pack-4\/#breadcrumb\"},\"inLanguage\":\"lt-LT\",\"potentialAction\":[{\"@type\":\"ReadAction\",\"target\":[\"https:\/\/stor51.tauroessiccatori.com\/p\/promo-pack-4\/\"]}]},{\"@type\":\"BreadcrumbList\",\"@id\":\"https:\/\/stor51.tauroessiccatori.com\/p\/promo-pack-4\/#breadcrumb\",\"itemListElement\":[{\"@type\":\"ListItem\",\"position\":1,\"name\":\"Home\",\"item\":\"https:\/\/stor51.tauroessiccatori.com\/\"},{\"@type\":\"ListItem\",\"position\":2,\"name\":\"Shop\",\"item\":\"https:\/\/stor51.tauroessiccatori.com\/negozio\/\"},{\"@type\":\"ListItem\",\"position\":3,\"name\":\"PROMO PACK 4\"}]},{\"@type\":\"WebSite\",\"@id\":\"https:\/\/stor51.tauroessiccatori.com\/#website\",\"url\":\"https:\/\/stor51.tauroessiccatori.com\/\",\"name\":\"Tauro Essiccatori\",\"description\":\"Welcome to Tauro Essiccatori online shop\",\"publisher\":{\"@id\":\"https:\/\/stor51.tauroessiccatori.com\/#organization\"},\"potentialAction\":[{\"@type\":\"SearchAction\",\"target\":{\"@type\":\"EntryPoint\",\"urlTemplate\":\"https:\/\/stor51.tauroessiccatori.com\/?s={search_term_string}\"},\"query-input\":\"required name=search_term_string\"}],\"inLanguage\":\"lt-LT\"},{\"@type\":\"Organization\",\"@id\":\"https:\/\/stor51.tauroessiccatori.com\/#organization\",\"name\":\"Tauro Essiccatori\",\"url\":\"https:\/\/stor51.tauroessiccatori.com\/\",\"logo\":{\"@type\":\"ImageObject\",\"inLanguage\":\"lt-LT\",\"@id\":\"https:\/\/stor51.tauroessiccatori.com\/#\/schema\/logo\/image\/\",\"url\":\"https:\/\/www.tauroessiccatori.com\/wp-assets\/uploads\/2017\/07\/logo_tauro_500x109px.png\",\"contentUrl\":\"https:\/\/www.tauroessiccatori.com\/wp-assets\/uploads\/2017\/07\/logo_tauro_500x109px.png\",\"width\":500,\"height\":109,\"caption\":\"Tauro Essiccatori\"},\"image\":{\"@id\":\"https:\/\/stor51.tauroessiccatori.com\/#\/schema\/logo\/image\/\"},\"sameAs\":[\"https:\/\/www.facebook.com\/TauroEssiccatori\/\",\"https:\/\/www.instagram.com\/tauro_essiccatori\/\",\"https:\/\/it.linkedin.com\/company\/tauro-essiccatori\",\"https:\/\/www.youtube.com\/user\/tauroessiccatori\"]}]}<\/script>\n<!-- \/ Yoast SEO plugin. -->","yoast_head_json":{"title":"Antiaderenti per alimenti - Essiccatori Biosec di Tauro: Promo Pack n.4","description":"Antiaderenti per alimenti compatibili con gli essiccatori Biosec: SiliSoft, SiliDrop e DtrySilk Net, provali tutti in questo super Promo Pack lancio!","robots":{"index":"noindex","follow":"follow","max-snippet":"max-snippet:-1","max-image-preview":"max-image-preview:large","max-video-preview":"max-video-preview:-1"},"og_locale":"lt_LT","og_type":"article","og_title":"Antiaderenti per alimenti - Essiccatori Biosec di Tauro: Promo Pack n.4","og_description":"Antiaderenti per alimenti compatibili con gli essiccatori Biosec: SiliSoft, SiliDrop e DtrySilk Net, provali tutti in questo super Promo Pack lancio!","og_url":"https:\/\/stor51.tauroessiccatori.com\/lt\/p\/reklamine-pakuote-4\/","og_site_name":"Tauro Essiccatori","article_publisher":"https:\/\/www.facebook.com\/TauroEssiccatori\/","article_modified_time":"2023-05-16T09:33:55+00:00","og_image":[{"width":1210,"height":750,"url":"https:\/\/stor51.tauroessiccatori.com\/wp-assets\/uploads\/2018\/03\/Promo-Pack-4.jpg","type":"image\/jpeg"}],"twitter_card":"summary_large_image","twitter_misc":{"Est. reading time":"1 minut\u0117"},"schema":{"@context":"https:\/\/schema.org","@graph":[{"@type":"WebPage","@id":"https:\/\/stor51.tauroessiccatori.com\/p\/promo-pack-4\/","url":"https:\/\/stor51.tauroessiccatori.com\/p\/promo-pack-4\/","name":"Antiaderenti per alimenti - Essiccatori Biosec di Tauro: Promo Pack n.4","isPartOf":{"@id":"https:\/\/stor51.tauroessiccatori.com\/#website"},"datePublished":"2018-03-30T10:24:07+00:00","dateModified":"2023-05-16T09:33:55+00:00","description":"Antiaderenti per alimenti compatibili con gli essiccatori Biosec: SiliSoft, SiliDrop e DtrySilk Net, provali tutti in questo super Promo Pack lancio!","breadcrumb":{"@id":"https:\/\/stor51.tauroessiccatori.com\/p\/promo-pack-4\/#breadcrumb"},"inLanguage":"lt-LT","potentialAction":[{"@type":"ReadAction","target":["https:\/\/stor51.tauroessiccatori.com\/p\/promo-pack-4\/"]}]},{"@type":"BreadcrumbList","@id":"https:\/\/stor51.tauroessiccatori.com\/p\/promo-pack-4\/#breadcrumb","itemListElement":[{"@type":"ListItem","position":1,"name":"Home","item":"https:\/\/stor51.tauroessiccatori.com\/"},{"@type":"ListItem","position":2,"name":"Shop","item":"https:\/\/stor51.tauroessiccatori.com\/negozio\/"},{"@type":"ListItem","position":3,"name":"PROMO PACK 4"}]},{"@type":"WebSite","@id":"https:\/\/stor51.tauroessiccatori.com\/#website","url":"https:\/\/stor51.tauroessiccatori.com\/","name":"Tauro Essiccatori","description":"Welcome to Tauro Essiccatori online shop","publisher":{"@id":"https:\/\/stor51.tauroessiccatori.com\/#organization"},"potentialAction":[{"@type":"SearchAction","target":{"@type":"EntryPoint","urlTemplate":"https:\/\/stor51.tauroessiccatori.com\/?s={search_term_string}"},"query-input":"required name=search_term_string"}],"inLanguage":"lt-LT"},{"@type":"Organization","@id":"https:\/\/stor51.tauroessiccatori.com\/#organization","name":"Tauro Essiccatori","url":"https:\/\/stor51.tauroessiccatori.com\/","logo":{"@type":"ImageObject","inLanguage":"lt-LT","@id":"https:\/\/stor51.tauroessiccatori.com\/#\/schema\/logo\/image\/","url":"https:\/\/www.tauroessiccatori.com\/wp-assets\/uploads\/2017\/07\/logo_tauro_500x109px.png","contentUrl":"https:\/\/www.tauroessiccatori.com\/wp-assets\/uploads\/2017\/07\/logo_tauro_500x109px.png","width":500,"height":109,"caption":"Tauro Essiccatori"},"image":{"@id":"https:\/\/stor51.tauroessiccatori.com\/#\/schema\/logo\/image\/"},"sameAs":["https:\/\/www.facebook.com\/TauroEssiccatori\/","https:\/\/www.instagram.com\/tauro_essiccatori\/","https:\/\/it.linkedin.com\/company\/tauro-essiccatori","https:\/\/www.youtube.com\/user\/tauroessiccatori"]}]}},"_links":{"self":[{"href":"https:\/\/stor51.tauroessiccatori.com\/lt\/wp-json\/wp\/v2\/product\/1959"}],"collection":[{"href":"https:\/\/stor51.tauroessiccatori.com\/lt\/wp-json\/wp\/v2\/product"}],"about":[{"href":"https:\/\/stor51.tauroessiccatori.com\/lt\/wp-json\/wp\/v2\/types\/product"}],"replies":[{"embeddable":true,"href":"https:\/\/stor51.tauroessiccatori.com\/lt\/wp-json\/wp\/v2\/comments?post=1959"}],"wp:featuredmedia":[{"embeddable":true,"href":"https:\/\/stor51.tauroessiccatori.com\/lt\/wp-json\/wp\/v2\/media\/2615"}],"wp:attachment":[{"href":"https:\/\/stor51.tauroessiccatori.com\/lt\/wp-json\/wp\/v2\/media?parent=1959"}],"wp:term":[{"taxonomy":"product_cat","embeddable":true,"href":"https:\/\/stor51.tauroessiccatori.com\/lt\/wp-json\/wp\/v2\/product_cat?post=1959"},{"taxonomy":"product_tag","embeddable":true,"href":"https:\/\/stor51.tauroessiccatori.com\/lt\/wp-json\/wp\/v2\/product_tag?post=1959"}],"curies":[{"name":"wp","href":"https:\/\/api.w.org\/{rel}","templated":true}]}}