


{"id":1954,"date":"2018-03-30T12:18:08","date_gmt":"2018-03-30T10:18:08","guid":{"rendered":"http:\/\/store.tauroessiccatori.com\/?post_type=product&#038;p=1954\/"},"modified":"2023-05-16T11:33:06","modified_gmt":"2023-05-16T09:33:06","slug":"promo-pack-1","status":"publish","type":"product","link":"https:\/\/stor51.tauroessiccatori.com\/lt\/p\/reklamine-pakuote-1\/","title":{"rendered":"1 PROMO PAKETAS"},"content":{"rendered":"<div class=\"tauro-banners\"><div class=\"banner-00\" style=\"background-color: #852035\">\r\n<div class=\"ix-xmas-box-other\" style=\"font-size: 18px;padding: 7px 0;margin: 0 auto 0px auto\" align=\"center\"><b style=\"color: #fff;font-size: 18px\">Po med\u017eiu pad\u0117kite BIOSEC. <a style=\"color: #f8cc89;font-weight: bold;text-decoration: none;font-size: 18px\" href=\"https:\/\/www.tauroessiccatori.com\/christmas-2024\/\">ATRASKITE \u010cIA<\/a> Kal\u0117din\u0117s akcijos!<\/b><\/div>\r\n<\/div><div class=\"banner-00\" style=\"background-color: #000\">\r\n<div class=\"ix-xmas-box-other\" style=\"font-size: 18px;padding: 7px 0;margin: 0 auto 0px auto\" align=\"center\"><b style=\"color: #fff\"> Juodojo penktadienio nuolaidos jau \u010dia! \u00a0 <a style=\"color: #f77209;font-weight: bold;text-decoration: none\" href=\"https:\/\/www.tauroessiccatori.com\/black-friday-2024\/\"> Spustel\u0117kite, kad j\u0173 nepraleistum\u0117te \u2192 <\/a>\r\n<\/b><\/div>\r\n<\/div><\/div><div><strong>Apra\u0161ymas:<\/strong>\"SiliDrop\" ir \"SiliSoft\" yra naujovi\u0161kos daugiafunkcin\u0117s \"Platinum\" silikono nelimpan\u010dios sistemos, sukurtos taip, kad kiekviena \"Biosec\" b\u016bt\u0173 maksimaliai veiksminga.<br \/>\nI\u0161bandykite juos abu \u0161iame super reklaminiame pakete!<br \/>\nPLAUKITE PRIE\u0160 PIRM\u0104 KART\u0104 NAUDODAMI.<\/div>\n<div>\n<p><strong>Technin\u0117s charakteristikos:<\/strong><\/p>\n<ul>\n<li>\u00a0pagamintas i\u0161 platininio silikono 100%<\/li>\n<li>\u00a0galima naudoti t\u016bkstan\u010dius kart\u0173.<\/li>\n<li>\u00a0Be BPA ir ftalat\u0173<\/li>\n<li>\u00a0galima naudoti ir iki 230 laipsni\u0173 temperat\u016bros orkait\u0117je.<\/li>\n<li>\u00a0galima naudoti esant \u017eemai temperat\u016brai iki -60\u00b0.<\/li>\n<li>\u00a0\"SiliDrop\" kra\u0161to auk\u0161tis 1,5 cm<\/li>\n<li>\u00a0suderinamas su visais \"Biosec<\/li>\n<li>\u00a0galima plauti indaplov\u0117je<\/li>\n<\/ul>\n<\/div>\n<div>\n<p><strong>Pakuot\u0117s turinys:<\/strong><\/p>\n<div>\n<ul>\n<li>\u00a02 \"SiliDrop\" pad\u0117klai<\/li>\n<li>\u00a01 \"SiliSoft\" kilim\u0117lis<\/li>\n<\/ul>\n<\/div>\n<\/div>\n<p><i>*Krep\u0161eliai yra tik ai\u0161kinamojo pob\u016bd\u017eio ir n\u0117ra pakuot\u0117s dalis<\/i><\/p>","protected":false},"excerpt":{"rendered":"<p>Metti un BIOSEC sotto l&#8217;Albero. SCOPRI QUI le promozioni di Natale! Gli sconti Black Friday sono qui! \u00a0 Clicca\u00a0per\u00a0non perderli \u2192 Descrizione:SiliDrop e SiliSoft sono gli innovativi sistemi antiaderenti multiuso in Platinum Silicone, progettati per offrirvi il massimo delle prestazioni con ogni Biosec. Provali entrambi in questo super Promo Pack lancio! LAVARE PRIMA DEL PRIMO [&hellip;]<\/p>","protected":false},"featured_media":2603,"comment_status":"closed","ping_status":"closed","template":"","meta":[],"product_cat":[258],"product_tag":[],"class_list":["post-1954","product","type-product","status-publish","has-post-thumbnail","hentry","product_cat-antiaderenti"],"acf":[],"yoast_head":"<!-- This site is optimized with the Yoast SEO plugin v20.10 - https:\/\/yoast.com\/wordpress\/plugins\/seo\/ -->\n<title>Fogli antiaderenti per Essiccatori Biosec di Tauro: Promo Pack n.1<\/title>\n<meta name=\"description\" content=\"Fogli antiaderenti per Essiccatori: acquista online e risparmia con gli esclusivi Promo Pack. Tutto quel che ti serve per essiccare alla grande.\" \/>\n<meta name=\"robots\" content=\"noindex, follow, max-snippet:-1, max-image-preview:large, max-video-preview:-1\" \/>\n<meta property=\"og:locale\" content=\"lt_LT\" \/>\n<meta property=\"og:type\" content=\"article\" \/>\n<meta property=\"og:title\" content=\"Fogli antiaderenti per Essiccatori Biosec di Tauro: Promo Pack n.1\" \/>\n<meta property=\"og:description\" content=\"Fogli antiaderenti per Essiccatori: acquista online e risparmia con gli esclusivi Promo Pack. Tutto quel che ti serve per essiccare alla grande.\" \/>\n<meta property=\"og:url\" content=\"https:\/\/stor51.tauroessiccatori.com\/lt\/p\/reklamine-pakuote-1\/\" \/>\n<meta property=\"og:site_name\" content=\"Tauro Essiccatori\" \/>\n<meta property=\"article:publisher\" content=\"https:\/\/www.facebook.com\/TauroEssiccatori\/\" \/>\n<meta property=\"article:modified_time\" content=\"2023-05-16T09:33:06+00:00\" \/>\n<meta property=\"og:image\" content=\"https:\/\/stor51.tauroessiccatori.com\/wp-assets\/uploads\/2018\/03\/Promo-Pack-1.jpg\" \/>\n\t<meta property=\"og:image:width\" content=\"1210\" \/>\n\t<meta property=\"og:image:height\" content=\"750\" \/>\n\t<meta property=\"og:image:type\" content=\"image\/jpeg\" \/>\n<meta name=\"twitter:card\" content=\"summary_large_image\" \/>\n<script type=\"application\/ld+json\" class=\"yoast-schema-graph\">{\"@context\":\"https:\/\/schema.org\",\"@graph\":[{\"@type\":\"WebPage\",\"@id\":\"https:\/\/stor51.tauroessiccatori.com\/p\/promo-pack-1\/\",\"url\":\"https:\/\/stor51.tauroessiccatori.com\/p\/promo-pack-1\/\",\"name\":\"Fogli antiaderenti per Essiccatori Biosec di Tauro: Promo Pack n.1\",\"isPartOf\":{\"@id\":\"https:\/\/stor51.tauroessiccatori.com\/#website\"},\"datePublished\":\"2018-03-30T10:18:08+00:00\",\"dateModified\":\"2023-05-16T09:33:06+00:00\",\"description\":\"Fogli antiaderenti per Essiccatori: acquista online e risparmia con gli esclusivi Promo Pack. Tutto quel che ti serve per essiccare alla grande.\",\"breadcrumb\":{\"@id\":\"https:\/\/stor51.tauroessiccatori.com\/p\/promo-pack-1\/#breadcrumb\"},\"inLanguage\":\"lt-LT\",\"potentialAction\":[{\"@type\":\"ReadAction\",\"target\":[\"https:\/\/stor51.tauroessiccatori.com\/p\/promo-pack-1\/\"]}]},{\"@type\":\"BreadcrumbList\",\"@id\":\"https:\/\/stor51.tauroessiccatori.com\/p\/promo-pack-1\/#breadcrumb\",\"itemListElement\":[{\"@type\":\"ListItem\",\"position\":1,\"name\":\"Home\",\"item\":\"https:\/\/stor51.tauroessiccatori.com\/\"},{\"@type\":\"ListItem\",\"position\":2,\"name\":\"Shop\",\"item\":\"https:\/\/stor51.tauroessiccatori.com\/negozio\/\"},{\"@type\":\"ListItem\",\"position\":3,\"name\":\"PROMO PACK 1\"}]},{\"@type\":\"WebSite\",\"@id\":\"https:\/\/stor51.tauroessiccatori.com\/#website\",\"url\":\"https:\/\/stor51.tauroessiccatori.com\/\",\"name\":\"Tauro Essiccatori\",\"description\":\"Welcome to Tauro Essiccatori online shop\",\"publisher\":{\"@id\":\"https:\/\/stor51.tauroessiccatori.com\/#organization\"},\"potentialAction\":[{\"@type\":\"SearchAction\",\"target\":{\"@type\":\"EntryPoint\",\"urlTemplate\":\"https:\/\/stor51.tauroessiccatori.com\/?s={search_term_string}\"},\"query-input\":\"required name=search_term_string\"}],\"inLanguage\":\"lt-LT\"},{\"@type\":\"Organization\",\"@id\":\"https:\/\/stor51.tauroessiccatori.com\/#organization\",\"name\":\"Tauro Essiccatori\",\"url\":\"https:\/\/stor51.tauroessiccatori.com\/\",\"logo\":{\"@type\":\"ImageObject\",\"inLanguage\":\"lt-LT\",\"@id\":\"https:\/\/stor51.tauroessiccatori.com\/#\/schema\/logo\/image\/\",\"url\":\"https:\/\/www.tauroessiccatori.com\/wp-assets\/uploads\/2017\/07\/logo_tauro_500x109px.png\",\"contentUrl\":\"https:\/\/www.tauroessiccatori.com\/wp-assets\/uploads\/2017\/07\/logo_tauro_500x109px.png\",\"width\":500,\"height\":109,\"caption\":\"Tauro Essiccatori\"},\"image\":{\"@id\":\"https:\/\/stor51.tauroessiccatori.com\/#\/schema\/logo\/image\/\"},\"sameAs\":[\"https:\/\/www.facebook.com\/TauroEssiccatori\/\",\"https:\/\/www.instagram.com\/tauro_essiccatori\/\",\"https:\/\/it.linkedin.com\/company\/tauro-essiccatori\",\"https:\/\/www.youtube.com\/user\/tauroessiccatori\"]}]}<\/script>\n<!-- \/ Yoast SEO plugin. -->","yoast_head_json":{"title":"Fogli antiaderenti per Essiccatori Biosec di Tauro: Promo Pack n.1","description":"Fogli antiaderenti per Essiccatori: acquista online e risparmia con gli esclusivi Promo Pack. Tutto quel che ti serve per essiccare alla grande.","robots":{"index":"noindex","follow":"follow","max-snippet":"max-snippet:-1","max-image-preview":"max-image-preview:large","max-video-preview":"max-video-preview:-1"},"og_locale":"lt_LT","og_type":"article","og_title":"Fogli antiaderenti per Essiccatori Biosec di Tauro: Promo Pack n.1","og_description":"Fogli antiaderenti per Essiccatori: acquista online e risparmia con gli esclusivi Promo Pack. Tutto quel che ti serve per essiccare alla grande.","og_url":"https:\/\/stor51.tauroessiccatori.com\/lt\/p\/reklamine-pakuote-1\/","og_site_name":"Tauro Essiccatori","article_publisher":"https:\/\/www.facebook.com\/TauroEssiccatori\/","article_modified_time":"2023-05-16T09:33:06+00:00","og_image":[{"width":1210,"height":750,"url":"https:\/\/stor51.tauroessiccatori.com\/wp-assets\/uploads\/2018\/03\/Promo-Pack-1.jpg","type":"image\/jpeg"}],"twitter_card":"summary_large_image","schema":{"@context":"https:\/\/schema.org","@graph":[{"@type":"WebPage","@id":"https:\/\/stor51.tauroessiccatori.com\/p\/promo-pack-1\/","url":"https:\/\/stor51.tauroessiccatori.com\/p\/promo-pack-1\/","name":"Fogli antiaderenti per Essiccatori Biosec di Tauro: Promo Pack n.1","isPartOf":{"@id":"https:\/\/stor51.tauroessiccatori.com\/#website"},"datePublished":"2018-03-30T10:18:08+00:00","dateModified":"2023-05-16T09:33:06+00:00","description":"Fogli antiaderenti per Essiccatori: acquista online e risparmia con gli esclusivi Promo Pack. Tutto quel che ti serve per essiccare alla grande.","breadcrumb":{"@id":"https:\/\/stor51.tauroessiccatori.com\/p\/promo-pack-1\/#breadcrumb"},"inLanguage":"lt-LT","potentialAction":[{"@type":"ReadAction","target":["https:\/\/stor51.tauroessiccatori.com\/p\/promo-pack-1\/"]}]},{"@type":"BreadcrumbList","@id":"https:\/\/stor51.tauroessiccatori.com\/p\/promo-pack-1\/#breadcrumb","itemListElement":[{"@type":"ListItem","position":1,"name":"Home","item":"https:\/\/stor51.tauroessiccatori.com\/"},{"@type":"ListItem","position":2,"name":"Shop","item":"https:\/\/stor51.tauroessiccatori.com\/negozio\/"},{"@type":"ListItem","position":3,"name":"PROMO PACK 1"}]},{"@type":"WebSite","@id":"https:\/\/stor51.tauroessiccatori.com\/#website","url":"https:\/\/stor51.tauroessiccatori.com\/","name":"Tauro Essiccatori","description":"Welcome to Tauro Essiccatori online shop","publisher":{"@id":"https:\/\/stor51.tauroessiccatori.com\/#organization"},"potentialAction":[{"@type":"SearchAction","target":{"@type":"EntryPoint","urlTemplate":"https:\/\/stor51.tauroessiccatori.com\/?s={search_term_string}"},"query-input":"required name=search_term_string"}],"inLanguage":"lt-LT"},{"@type":"Organization","@id":"https:\/\/stor51.tauroessiccatori.com\/#organization","name":"Tauro Essiccatori","url":"https:\/\/stor51.tauroessiccatori.com\/","logo":{"@type":"ImageObject","inLanguage":"lt-LT","@id":"https:\/\/stor51.tauroessiccatori.com\/#\/schema\/logo\/image\/","url":"https:\/\/www.tauroessiccatori.com\/wp-assets\/uploads\/2017\/07\/logo_tauro_500x109px.png","contentUrl":"https:\/\/www.tauroessiccatori.com\/wp-assets\/uploads\/2017\/07\/logo_tauro_500x109px.png","width":500,"height":109,"caption":"Tauro Essiccatori"},"image":{"@id":"https:\/\/stor51.tauroessiccatori.com\/#\/schema\/logo\/image\/"},"sameAs":["https:\/\/www.facebook.com\/TauroEssiccatori\/","https:\/\/www.instagram.com\/tauro_essiccatori\/","https:\/\/it.linkedin.com\/company\/tauro-essiccatori","https:\/\/www.youtube.com\/user\/tauroessiccatori"]}]}},"_links":{"self":[{"href":"https:\/\/stor51.tauroessiccatori.com\/lt\/wp-json\/wp\/v2\/product\/1954"}],"collection":[{"href":"https:\/\/stor51.tauroessiccatori.com\/lt\/wp-json\/wp\/v2\/product"}],"about":[{"href":"https:\/\/stor51.tauroessiccatori.com\/lt\/wp-json\/wp\/v2\/types\/product"}],"replies":[{"embeddable":true,"href":"https:\/\/stor51.tauroessiccatori.com\/lt\/wp-json\/wp\/v2\/comments?post=1954"}],"wp:featuredmedia":[{"embeddable":true,"href":"https:\/\/stor51.tauroessiccatori.com\/lt\/wp-json\/wp\/v2\/media\/2603"}],"wp:attachment":[{"href":"https:\/\/stor51.tauroessiccatori.com\/lt\/wp-json\/wp\/v2\/media?parent=1954"}],"wp:term":[{"taxonomy":"product_cat","embeddable":true,"href":"https:\/\/stor51.tauroessiccatori.com\/lt\/wp-json\/wp\/v2\/product_cat?post=1954"},{"taxonomy":"product_tag","embeddable":true,"href":"https:\/\/stor51.tauroessiccatori.com\/lt\/wp-json\/wp\/v2\/product_tag?post=1954"}],"curies":[{"name":"wp","href":"https:\/\/api.w.org\/{rel}","templated":true}]}}