


{"id":1923,"date":"2018-03-30T10:14:14","date_gmt":"2018-03-30T08:14:14","guid":{"rendered":"http:\/\/store.tauroessiccatori.com\/?post_type=product&#038;p=1923\/"},"modified":"2023-08-22T10:14:27","modified_gmt":"2023-08-22T08:14:27","slug":"drysilk-net-5-retine","status":"publish","type":"product","link":"https:\/\/stor51.tauroessiccatori.com\/lt\/p\/drysilk-net-5-retine\/","title":{"rendered":"DrySilk tinklelis - 5 tinkleliai"},"content":{"rendered":"<div class=\"tauro-banners\"><div class=\"banner-00\" style=\"background-color: #852035\">\r\n<div class=\"ix-xmas-box-other\" style=\"font-size: 18px;padding: 7px 0;margin: 0 auto 0px auto\" align=\"center\"><b style=\"color: #fff;font-size: 18px\">Po med\u017eiu pad\u0117kite BIOSEC. <a style=\"color: #f8cc89;font-weight: bold;text-decoration: none;font-size: 18px\" href=\"https:\/\/www.tauroessiccatori.com\/christmas-2024\/\">ATRASKITE \u010cIA<\/a> Kal\u0117din\u0117s akcijos!<\/b><\/div>\r\n<\/div><div class=\"banner-00\" style=\"background-color: #000\">\r\n<div class=\"ix-xmas-box-other\" style=\"font-size: 18px;padding: 7px 0;margin: 0 auto 0px auto\" align=\"center\"><b style=\"color: #fff\"> Juodojo penktadienio nuolaidos jau \u010dia! \u00a0 <a style=\"color: #f77209;font-weight: bold;text-decoration: none\" href=\"https:\/\/www.tauroessiccatori.com\/black-friday-2024\/\"> Spustel\u0117kite, kad j\u0173 nepraleistum\u0117te \u2192 <\/a>\r\n<\/b><\/div>\r\n<\/div><\/div><div><strong>Apra\u0161ymas:<\/strong>\"DrySilk Net\" yra naujovi\u0161ka universali nelimpanti tinklelio sistema, sukurta taip, kad kiekviena \"Biosec\" b\u016bt\u0173 maksimaliai veiksminga.<br \/>\n\"DrySilk Net\" puikiai tinka smulkiems maisto produktams, pavyzd\u017eiui, g\u0117l\u0117ms, \u017eolel\u0117ms ir \u017eiedadulk\u0117ms, arba ploniems ir ypa\u010d lipniems, pavyzd\u017eiui, bra\u0161k\u0117ms ir bananams, d\u017eiovinti.<br \/>\nVenkite naudoti su vandeniniais ir la\u0161\u0117jan\u010diais produktais.<br \/>\nDu tinklelius galima sud\u0117ti vien\u0105 ant kito, kad padvigub\u0117t\u0173 d\u017eiovintuvo sausiklio pavir\u0161ius.<br \/>\nPLAUKITE PRIE\u0160 PIRM\u0104 KART\u0104 NAUDODAMI.<\/p>\n<\/div>\n<div><strong>Technin\u0117s charakteristikos:<\/strong><\/p>\n<ul>\n<li>\u00a0pagamintas i\u0161 plastiko, sertifikuoto liestis su maistu<\/li>\n<li>\u00a0galima naudoti t\u016bkstan\u010dius kart\u0173.<\/li>\n<li>\u00a0Be BPA ir ftalat\u0173<\/li>\n<li>\u00a0neto matmenys 228\u00d7346 mm - storis 2 mm<\/li>\n<li>\u00a0skyl\u0117s dydis 2,5 x 2,5 mm<\/li>\n<li>\u00a0atsparus iki 100\u00b0 - nenaudoti orkait\u0117je<\/li>\n<li>\u00a0galima naudoti esant \u017eemesnei nei 0\u00b0 temperat\u016brai<\/li>\n<li>\u00a0suderinamas su visais \"Biosec<\/li>\n<li>\u00a0valo vir\u0161utiniame indaplov\u0117s krep\u0161yje.<\/li>\n<\/ul>\n<\/div>\n<div><strong>Pakuot\u0117s turinys:<\/strong><\/p>\n<div>\n<ul>\n<li>\u00a05 \"DrySilk\" tinklai<\/li>\n<\/ul>\n<\/div>\n<\/div>\n<p><i>*Krep\u0161eliai yra tik ai\u0161kinamojo pob\u016bd\u017eio ir n\u0117ra pakuot\u0117s dalis<\/i><\/p>","protected":false},"excerpt":{"rendered":"<p>&#8211; realizzata in plastica certificata per il contatto con alimenti<br \/>\n&#8211; riutilizzabile migliaia di volte<br \/>\n&#8211; senza BPA n\u00e9 ftalati<br \/>\n&#8211; dimensioni dei fori 2,5 x 2,5 mm<br \/>\n&#8211; resiste fino a 100\u00b0 &#8211; non utilizzare in forno<br \/>\n&#8211; utilizzabile alle basse temperature fino a 0\u00b0<br \/>\n&#8211; compatibile con tutti i Biosec<br \/>\n&#8211; si pulisce nel cestello superiore della lavastoviglie<\/p>","protected":false},"featured_media":1928,"comment_status":"closed","ping_status":"closed","template":"","meta":[],"product_cat":[258],"product_tag":[],"class_list":["post-1923","product","type-product","status-publish","has-post-thumbnail","hentry","product_cat-antiaderenti"],"acf":[],"yoast_head":"<!-- This site is optimized with the Yoast SEO plugin v20.10 - https:\/\/yoast.com\/wordpress\/plugins\/seo\/ -->\n<title>DrySilk Net reti antiaderenti - confezione da 5 - Tauro Essiccatori<\/title>\n<meta name=\"description\" content=\"DrySilk Net reti antiaderenti per essiccatori Biosec di Tauro. Acquista online il tuo kit, impilale per raddoppiare la capienza del tuo essiccatore\" \/>\n<meta name=\"robots\" content=\"noindex, follow, max-snippet:-1, max-image-preview:large, max-video-preview:-1\" \/>\n<meta property=\"og:locale\" content=\"lt_LT\" \/>\n<meta property=\"og:type\" content=\"article\" \/>\n<meta property=\"og:title\" content=\"DrySilk Net reti antiaderenti - confezione da 5 - Tauro Essiccatori\" \/>\n<meta property=\"og:description\" content=\"DrySilk Net reti antiaderenti per essiccatori Biosec di Tauro. Acquista online il tuo kit, impilale per raddoppiare la capienza del tuo essiccatore\" \/>\n<meta property=\"og:url\" content=\"https:\/\/stor51.tauroessiccatori.com\/lt\/p\/drysilk-net-5-retine\/\" \/>\n<meta property=\"og:site_name\" content=\"Tauro Essiccatori\" \/>\n<meta property=\"article:publisher\" content=\"https:\/\/www.facebook.com\/TauroEssiccatori\/\" \/>\n<meta property=\"article:modified_time\" content=\"2023-08-22T08:14:27+00:00\" \/>\n<meta property=\"og:image\" content=\"https:\/\/stor51.tauroessiccatori.com\/wp-assets\/uploads\/2018\/03\/DrySilkNet.jpg\" \/>\n\t<meta property=\"og:image:width\" content=\"1210\" \/>\n\t<meta property=\"og:image:height\" content=\"750\" \/>\n\t<meta property=\"og:image:type\" content=\"image\/jpeg\" \/>\n<meta name=\"twitter:card\" content=\"summary_large_image\" \/>\n<meta name=\"twitter:label1\" content=\"Est. reading time\" \/>\n\t<meta name=\"twitter:data1\" content=\"1 minut\u0117\" \/>\n<script type=\"application\/ld+json\" class=\"yoast-schema-graph\">{\"@context\":\"https:\/\/schema.org\",\"@graph\":[{\"@type\":\"WebPage\",\"@id\":\"https:\/\/stor51.tauroessiccatori.com\/p\/drysilk-net-5-retine\/\",\"url\":\"https:\/\/stor51.tauroessiccatori.com\/p\/drysilk-net-5-retine\/\",\"name\":\"DrySilk Net reti antiaderenti - confezione da 5 - Tauro Essiccatori\",\"isPartOf\":{\"@id\":\"https:\/\/stor51.tauroessiccatori.com\/#website\"},\"datePublished\":\"2018-03-30T08:14:14+00:00\",\"dateModified\":\"2023-08-22T08:14:27+00:00\",\"description\":\"DrySilk Net reti antiaderenti per essiccatori Biosec di Tauro. Acquista online il tuo kit, impilale per raddoppiare la capienza del tuo essiccatore\",\"breadcrumb\":{\"@id\":\"https:\/\/stor51.tauroessiccatori.com\/p\/drysilk-net-5-retine\/#breadcrumb\"},\"inLanguage\":\"lt-LT\",\"potentialAction\":[{\"@type\":\"ReadAction\",\"target\":[\"https:\/\/stor51.tauroessiccatori.com\/p\/drysilk-net-5-retine\/\"]}]},{\"@type\":\"BreadcrumbList\",\"@id\":\"https:\/\/stor51.tauroessiccatori.com\/p\/drysilk-net-5-retine\/#breadcrumb\",\"itemListElement\":[{\"@type\":\"ListItem\",\"position\":1,\"name\":\"Home\",\"item\":\"https:\/\/stor51.tauroessiccatori.com\/\"},{\"@type\":\"ListItem\",\"position\":2,\"name\":\"Shop\",\"item\":\"https:\/\/stor51.tauroessiccatori.com\/negozio\/\"},{\"@type\":\"ListItem\",\"position\":3,\"name\":\"DrySilk Net &#8211; 5 retine\"}]},{\"@type\":\"WebSite\",\"@id\":\"https:\/\/stor51.tauroessiccatori.com\/#website\",\"url\":\"https:\/\/stor51.tauroessiccatori.com\/\",\"name\":\"Tauro Essiccatori\",\"description\":\"Welcome to Tauro Essiccatori online shop\",\"publisher\":{\"@id\":\"https:\/\/stor51.tauroessiccatori.com\/#organization\"},\"potentialAction\":[{\"@type\":\"SearchAction\",\"target\":{\"@type\":\"EntryPoint\",\"urlTemplate\":\"https:\/\/stor51.tauroessiccatori.com\/?s={search_term_string}\"},\"query-input\":\"required name=search_term_string\"}],\"inLanguage\":\"lt-LT\"},{\"@type\":\"Organization\",\"@id\":\"https:\/\/stor51.tauroessiccatori.com\/#organization\",\"name\":\"Tauro Essiccatori\",\"url\":\"https:\/\/stor51.tauroessiccatori.com\/\",\"logo\":{\"@type\":\"ImageObject\",\"inLanguage\":\"lt-LT\",\"@id\":\"https:\/\/stor51.tauroessiccatori.com\/#\/schema\/logo\/image\/\",\"url\":\"https:\/\/www.tauroessiccatori.com\/wp-assets\/uploads\/2017\/07\/logo_tauro_500x109px.png\",\"contentUrl\":\"https:\/\/www.tauroessiccatori.com\/wp-assets\/uploads\/2017\/07\/logo_tauro_500x109px.png\",\"width\":500,\"height\":109,\"caption\":\"Tauro Essiccatori\"},\"image\":{\"@id\":\"https:\/\/stor51.tauroessiccatori.com\/#\/schema\/logo\/image\/\"},\"sameAs\":[\"https:\/\/www.facebook.com\/TauroEssiccatori\/\",\"https:\/\/www.instagram.com\/tauro_essiccatori\/\",\"https:\/\/it.linkedin.com\/company\/tauro-essiccatori\",\"https:\/\/www.youtube.com\/user\/tauroessiccatori\"]}]}<\/script>\n<!-- \/ Yoast SEO plugin. -->","yoast_head_json":{"title":"DrySilk Net reti antiaderenti - confezione da 5 - Tauro Essiccatori","description":"DrySilk Net reti antiaderenti per essiccatori Biosec di Tauro. Acquista online il tuo kit, impilale per raddoppiare la capienza del tuo essiccatore","robots":{"index":"noindex","follow":"follow","max-snippet":"max-snippet:-1","max-image-preview":"max-image-preview:large","max-video-preview":"max-video-preview:-1"},"og_locale":"lt_LT","og_type":"article","og_title":"DrySilk Net reti antiaderenti - confezione da 5 - Tauro Essiccatori","og_description":"DrySilk Net reti antiaderenti per essiccatori Biosec di Tauro. Acquista online il tuo kit, impilale per raddoppiare la capienza del tuo essiccatore","og_url":"https:\/\/stor51.tauroessiccatori.com\/lt\/p\/drysilk-net-5-retine\/","og_site_name":"Tauro Essiccatori","article_publisher":"https:\/\/www.facebook.com\/TauroEssiccatori\/","article_modified_time":"2023-08-22T08:14:27+00:00","og_image":[{"width":1210,"height":750,"url":"https:\/\/stor51.tauroessiccatori.com\/wp-assets\/uploads\/2018\/03\/DrySilkNet.jpg","type":"image\/jpeg"}],"twitter_card":"summary_large_image","twitter_misc":{"Est. reading time":"1 minut\u0117"},"schema":{"@context":"https:\/\/schema.org","@graph":[{"@type":"WebPage","@id":"https:\/\/stor51.tauroessiccatori.com\/p\/drysilk-net-5-retine\/","url":"https:\/\/stor51.tauroessiccatori.com\/p\/drysilk-net-5-retine\/","name":"DrySilk Net reti antiaderenti - confezione da 5 - Tauro Essiccatori","isPartOf":{"@id":"https:\/\/stor51.tauroessiccatori.com\/#website"},"datePublished":"2018-03-30T08:14:14+00:00","dateModified":"2023-08-22T08:14:27+00:00","description":"DrySilk Net reti antiaderenti per essiccatori Biosec di Tauro. Acquista online il tuo kit, impilale per raddoppiare la capienza del tuo essiccatore","breadcrumb":{"@id":"https:\/\/stor51.tauroessiccatori.com\/p\/drysilk-net-5-retine\/#breadcrumb"},"inLanguage":"lt-LT","potentialAction":[{"@type":"ReadAction","target":["https:\/\/stor51.tauroessiccatori.com\/p\/drysilk-net-5-retine\/"]}]},{"@type":"BreadcrumbList","@id":"https:\/\/stor51.tauroessiccatori.com\/p\/drysilk-net-5-retine\/#breadcrumb","itemListElement":[{"@type":"ListItem","position":1,"name":"Home","item":"https:\/\/stor51.tauroessiccatori.com\/"},{"@type":"ListItem","position":2,"name":"Shop","item":"https:\/\/stor51.tauroessiccatori.com\/negozio\/"},{"@type":"ListItem","position":3,"name":"DrySilk Net &#8211; 5 retine"}]},{"@type":"WebSite","@id":"https:\/\/stor51.tauroessiccatori.com\/#website","url":"https:\/\/stor51.tauroessiccatori.com\/","name":"Tauro Essiccatori","description":"Welcome to Tauro Essiccatori online shop","publisher":{"@id":"https:\/\/stor51.tauroessiccatori.com\/#organization"},"potentialAction":[{"@type":"SearchAction","target":{"@type":"EntryPoint","urlTemplate":"https:\/\/stor51.tauroessiccatori.com\/?s={search_term_string}"},"query-input":"required name=search_term_string"}],"inLanguage":"lt-LT"},{"@type":"Organization","@id":"https:\/\/stor51.tauroessiccatori.com\/#organization","name":"Tauro Essiccatori","url":"https:\/\/stor51.tauroessiccatori.com\/","logo":{"@type":"ImageObject","inLanguage":"lt-LT","@id":"https:\/\/stor51.tauroessiccatori.com\/#\/schema\/logo\/image\/","url":"https:\/\/www.tauroessiccatori.com\/wp-assets\/uploads\/2017\/07\/logo_tauro_500x109px.png","contentUrl":"https:\/\/www.tauroessiccatori.com\/wp-assets\/uploads\/2017\/07\/logo_tauro_500x109px.png","width":500,"height":109,"caption":"Tauro Essiccatori"},"image":{"@id":"https:\/\/stor51.tauroessiccatori.com\/#\/schema\/logo\/image\/"},"sameAs":["https:\/\/www.facebook.com\/TauroEssiccatori\/","https:\/\/www.instagram.com\/tauro_essiccatori\/","https:\/\/it.linkedin.com\/company\/tauro-essiccatori","https:\/\/www.youtube.com\/user\/tauroessiccatori"]}]}},"_links":{"self":[{"href":"https:\/\/stor51.tauroessiccatori.com\/lt\/wp-json\/wp\/v2\/product\/1923"}],"collection":[{"href":"https:\/\/stor51.tauroessiccatori.com\/lt\/wp-json\/wp\/v2\/product"}],"about":[{"href":"https:\/\/stor51.tauroessiccatori.com\/lt\/wp-json\/wp\/v2\/types\/product"}],"replies":[{"embeddable":true,"href":"https:\/\/stor51.tauroessiccatori.com\/lt\/wp-json\/wp\/v2\/comments?post=1923"}],"wp:featuredmedia":[{"embeddable":true,"href":"https:\/\/stor51.tauroessiccatori.com\/lt\/wp-json\/wp\/v2\/media\/1928"}],"wp:attachment":[{"href":"https:\/\/stor51.tauroessiccatori.com\/lt\/wp-json\/wp\/v2\/media?parent=1923"}],"wp:term":[{"taxonomy":"product_cat","embeddable":true,"href":"https:\/\/stor51.tauroessiccatori.com\/lt\/wp-json\/wp\/v2\/product_cat?post=1923"},{"taxonomy":"product_tag","embeddable":true,"href":"https:\/\/stor51.tauroessiccatori.com\/lt\/wp-json\/wp\/v2\/product_tag?post=1923"}],"curies":[{"name":"wp","href":"https:\/\/api.w.org\/{rel}","templated":true}]}}