


{"id":1922,"date":"2018-03-30T10:12:51","date_gmt":"2018-03-30T08:12:51","guid":{"rendered":"http:\/\/store.tauroessiccatori.com\/?post_type=product&#038;p=1922\/"},"modified":"2023-08-22T10:26:17","modified_gmt":"2023-08-22T08:26:17","slug":"silidrop-3-vaschette","status":"publish","type":"product","link":"https:\/\/stor51.tauroessiccatori.com\/lt\/p\/silidrop-3-vamzdeliai\/","title":{"rendered":"\"SiliDrop\" - 3 pad\u0117klai"},"content":{"rendered":"<div class=\"tauro-banners\"><div class=\"banner-00\" style=\"background-color: #852035\">\r\n<div class=\"ix-xmas-box-other\" style=\"font-size: 18px;padding: 7px 0;margin: 0 auto 0px auto\" align=\"center\"><b style=\"color: #fff;font-size: 18px\">Po med\u017eiu pad\u0117kite BIOSEC. <a style=\"color: #f8cc89;font-weight: bold;text-decoration: none;font-size: 18px\" href=\"https:\/\/www.tauroessiccatori.com\/christmas-2024\/\">ATRASKITE \u010cIA<\/a> Kal\u0117din\u0117s akcijos!<\/b><\/div>\r\n<\/div><div class=\"banner-00\" style=\"background-color: #000\">\r\n<div class=\"ix-xmas-box-other\" style=\"font-size: 18px;padding: 7px 0;margin: 0 auto 0px auto\" align=\"center\"><b style=\"color: #fff\"> Juodojo penktadienio nuolaidos jau \u010dia! \u00a0 <a style=\"color: #f77209;font-weight: bold;text-decoration: none\" href=\"https:\/\/www.tauroessiccatori.com\/black-friday-2024\/\"> Spustel\u0117kite, kad j\u0173 nepraleistum\u0117te \u2192 <\/a>\r\n<\/b><\/div>\r\n<\/div><\/div><div><strong>Apra\u0161ymas:<\/strong>\"SiliDrop\" - tai naujovi\u0161ka universali nelimpanti \"Platinum Silicone\" d\u0117kl\u0173 sistema, sukurta taip, kad su kiekvienu \"Biosec\" d\u0117klu pasiektum\u0117te maksimali\u0173 rezultat\u0173.<br \/>\n\"SiliDrop\" puikiai tinka vandeningiems maisto produktams, tyrel\u0117ms, sultims, jogurtui d\u017eiovinti. PRIE\u0160 PIRM\u0104 KART\u0104 NAUDODAMI NUPLAUKITE.<\/div>\n<div>\n<p><strong>Technin\u0117s charakteristikos:<\/strong><\/p>\n<ul>\n<li>\u00a0pagamintas i\u0161 platininio silikono 100%<\/li>\n<li>\u00a0galima naudoti t\u016bkstan\u010dius kart\u0173.<\/li>\n<li>\u00a0Be BPA ir ftalat\u0173<\/li>\n<li>\u00a0matmenys: 228x348x15 mm, u\u017epildymas 1 cm MAX - rekomenduojama 6,5 mm<\/li>\n<li>\u00a0galima naudoti ir iki 230 laipsni\u0173 temperat\u016bros orkait\u0117je.<\/li>\n<li>\u00a0galima naudoti esant \u017eemai temperat\u016brai iki -60\u00b0.<\/li>\n<li>\u00a0kra\u0161to auk\u0161tis 1,5 cm<\/li>\n<li>\u00a0suderinamas su visais \"Biosec<\/li>\n<li>\u00a0galima plauti indaplov\u0117je<\/li>\n<\/ul>\n<\/div>\n<div>\n<p><strong>Pakuot\u0117s turinys:<\/strong><\/p>\n<div>\n<ul>\n<li>\u00a03 \"SiliDrop\" pad\u0117klai<\/li>\n<\/ul>\n<\/div>\n<\/div>","protected":false},"excerpt":{"rendered":"<p>&#8211; realizzato in Platinum Silicone 100%<br \/>\n&#8211; riutilizzabile migliaia di volte<br \/>\n&#8211; senza BPA n\u00e9 ftalati<br \/>\n&#8211; utilizzabile anche in forno fino a 230 gradi<br \/>\n&#8211; utilizzabile alle basse temperature fino a -60\u00b0<br \/>\n&#8211; altezza bordo 1,5 cm<br \/>\n&#8211; compatibile con tutti i Biosec<br \/>\n&#8211; si pulisce in lavastoviglie<\/p>","protected":false},"featured_media":1945,"comment_status":"closed","ping_status":"closed","template":"","meta":[],"product_cat":[258],"product_tag":[],"class_list":["post-1922","product","type-product","status-publish","has-post-thumbnail","hentry","product_cat-antiaderenti"],"acf":[],"yoast_head":"<!-- This site is optimized with the Yoast SEO plugin v20.10 - https:\/\/yoast.com\/wordpress\/plugins\/seo\/ -->\n<title>SiliDrop 3 vaschette antiaderenti - Tauro Essiccatori<\/title>\n<meta name=\"description\" content=\"SiliDrop 3 vaschette antiaderenti in Platinum Silicone per essiccare prodotti liquidi, perfette con essiccatori Biosec di Tauro. Shop online.\" \/>\n<meta name=\"robots\" content=\"noindex, follow, max-snippet:-1, max-image-preview:large, max-video-preview:-1\" \/>\n<meta property=\"og:locale\" content=\"lt_LT\" \/>\n<meta property=\"og:type\" content=\"article\" \/>\n<meta property=\"og:title\" content=\"SiliDrop 3 vaschette antiaderenti - Tauro Essiccatori\" \/>\n<meta property=\"og:description\" content=\"SiliDrop 3 vaschette antiaderenti in Platinum Silicone per essiccare prodotti liquidi, perfette con essiccatori Biosec di Tauro. Shop online.\" \/>\n<meta property=\"og:url\" content=\"https:\/\/stor51.tauroessiccatori.com\/lt\/p\/silidrop-3-vamzdeliai\/\" \/>\n<meta property=\"og:site_name\" content=\"Tauro Essiccatori\" \/>\n<meta property=\"article:publisher\" content=\"https:\/\/www.facebook.com\/TauroEssiccatori\/\" \/>\n<meta property=\"article:modified_time\" content=\"2023-08-22T08:26:17+00:00\" \/>\n<meta property=\"og:image\" content=\"https:\/\/stor51.tauroessiccatori.com\/wp-assets\/uploads\/2018\/03\/tauro_2018-435.jpg\" \/>\n\t<meta property=\"og:image:width\" content=\"1210\" \/>\n\t<meta property=\"og:image:height\" content=\"750\" \/>\n\t<meta property=\"og:image:type\" content=\"image\/jpeg\" \/>\n<meta name=\"twitter:card\" content=\"summary_large_image\" \/>\n<meta name=\"twitter:label1\" content=\"Est. reading time\" \/>\n\t<meta name=\"twitter:data1\" content=\"1 minut\u0117\" \/>\n<script type=\"application\/ld+json\" class=\"yoast-schema-graph\">{\"@context\":\"https:\/\/schema.org\",\"@graph\":[{\"@type\":\"WebPage\",\"@id\":\"https:\/\/stor51.tauroessiccatori.com\/p\/silidrop-3-vaschette\/\",\"url\":\"https:\/\/stor51.tauroessiccatori.com\/p\/silidrop-3-vaschette\/\",\"name\":\"SiliDrop 3 vaschette antiaderenti - Tauro Essiccatori\",\"isPartOf\":{\"@id\":\"https:\/\/stor51.tauroessiccatori.com\/#website\"},\"datePublished\":\"2018-03-30T08:12:51+00:00\",\"dateModified\":\"2023-08-22T08:26:17+00:00\",\"description\":\"SiliDrop 3 vaschette antiaderenti in Platinum Silicone per essiccare prodotti liquidi, perfette con essiccatori Biosec di Tauro. Shop online.\",\"breadcrumb\":{\"@id\":\"https:\/\/stor51.tauroessiccatori.com\/p\/silidrop-3-vaschette\/#breadcrumb\"},\"inLanguage\":\"lt-LT\",\"potentialAction\":[{\"@type\":\"ReadAction\",\"target\":[\"https:\/\/stor51.tauroessiccatori.com\/p\/silidrop-3-vaschette\/\"]}]},{\"@type\":\"BreadcrumbList\",\"@id\":\"https:\/\/stor51.tauroessiccatori.com\/p\/silidrop-3-vaschette\/#breadcrumb\",\"itemListElement\":[{\"@type\":\"ListItem\",\"position\":1,\"name\":\"Home\",\"item\":\"https:\/\/stor51.tauroessiccatori.com\/\"},{\"@type\":\"ListItem\",\"position\":2,\"name\":\"Shop\",\"item\":\"https:\/\/stor51.tauroessiccatori.com\/negozio\/\"},{\"@type\":\"ListItem\",\"position\":3,\"name\":\"SiliDrop &#8211; 3 vaschette\"}]},{\"@type\":\"WebSite\",\"@id\":\"https:\/\/stor51.tauroessiccatori.com\/#website\",\"url\":\"https:\/\/stor51.tauroessiccatori.com\/\",\"name\":\"Tauro Essiccatori\",\"description\":\"Welcome to Tauro Essiccatori online shop\",\"publisher\":{\"@id\":\"https:\/\/stor51.tauroessiccatori.com\/#organization\"},\"potentialAction\":[{\"@type\":\"SearchAction\",\"target\":{\"@type\":\"EntryPoint\",\"urlTemplate\":\"https:\/\/stor51.tauroessiccatori.com\/?s={search_term_string}\"},\"query-input\":\"required name=search_term_string\"}],\"inLanguage\":\"lt-LT\"},{\"@type\":\"Organization\",\"@id\":\"https:\/\/stor51.tauroessiccatori.com\/#organization\",\"name\":\"Tauro Essiccatori\",\"url\":\"https:\/\/stor51.tauroessiccatori.com\/\",\"logo\":{\"@type\":\"ImageObject\",\"inLanguage\":\"lt-LT\",\"@id\":\"https:\/\/stor51.tauroessiccatori.com\/#\/schema\/logo\/image\/\",\"url\":\"https:\/\/www.tauroessiccatori.com\/wp-assets\/uploads\/2017\/07\/logo_tauro_500x109px.png\",\"contentUrl\":\"https:\/\/www.tauroessiccatori.com\/wp-assets\/uploads\/2017\/07\/logo_tauro_500x109px.png\",\"width\":500,\"height\":109,\"caption\":\"Tauro Essiccatori\"},\"image\":{\"@id\":\"https:\/\/stor51.tauroessiccatori.com\/#\/schema\/logo\/image\/\"},\"sameAs\":[\"https:\/\/www.facebook.com\/TauroEssiccatori\/\",\"https:\/\/www.instagram.com\/tauro_essiccatori\/\",\"https:\/\/it.linkedin.com\/company\/tauro-essiccatori\",\"https:\/\/www.youtube.com\/user\/tauroessiccatori\"]}]}<\/script>\n<!-- \/ Yoast SEO plugin. -->","yoast_head_json":{"title":"SiliDrop 3 vaschette antiaderenti - Tauro Essiccatori","description":"SiliDrop 3 vaschette antiaderenti in Platinum Silicone per essiccare prodotti liquidi, perfette con essiccatori Biosec di Tauro. Shop online.","robots":{"index":"noindex","follow":"follow","max-snippet":"max-snippet:-1","max-image-preview":"max-image-preview:large","max-video-preview":"max-video-preview:-1"},"og_locale":"lt_LT","og_type":"article","og_title":"SiliDrop 3 vaschette antiaderenti - Tauro Essiccatori","og_description":"SiliDrop 3 vaschette antiaderenti in Platinum Silicone per essiccare prodotti liquidi, perfette con essiccatori Biosec di Tauro. Shop online.","og_url":"https:\/\/stor51.tauroessiccatori.com\/lt\/p\/silidrop-3-vamzdeliai\/","og_site_name":"Tauro Essiccatori","article_publisher":"https:\/\/www.facebook.com\/TauroEssiccatori\/","article_modified_time":"2023-08-22T08:26:17+00:00","og_image":[{"width":1210,"height":750,"url":"https:\/\/stor51.tauroessiccatori.com\/wp-assets\/uploads\/2018\/03\/tauro_2018-435.jpg","type":"image\/jpeg"}],"twitter_card":"summary_large_image","twitter_misc":{"Est. reading time":"1 minut\u0117"},"schema":{"@context":"https:\/\/schema.org","@graph":[{"@type":"WebPage","@id":"https:\/\/stor51.tauroessiccatori.com\/p\/silidrop-3-vaschette\/","url":"https:\/\/stor51.tauroessiccatori.com\/p\/silidrop-3-vaschette\/","name":"SiliDrop 3 vaschette antiaderenti - Tauro Essiccatori","isPartOf":{"@id":"https:\/\/stor51.tauroessiccatori.com\/#website"},"datePublished":"2018-03-30T08:12:51+00:00","dateModified":"2023-08-22T08:26:17+00:00","description":"SiliDrop 3 vaschette antiaderenti in Platinum Silicone per essiccare prodotti liquidi, perfette con essiccatori Biosec di Tauro. Shop online.","breadcrumb":{"@id":"https:\/\/stor51.tauroessiccatori.com\/p\/silidrop-3-vaschette\/#breadcrumb"},"inLanguage":"lt-LT","potentialAction":[{"@type":"ReadAction","target":["https:\/\/stor51.tauroessiccatori.com\/p\/silidrop-3-vaschette\/"]}]},{"@type":"BreadcrumbList","@id":"https:\/\/stor51.tauroessiccatori.com\/p\/silidrop-3-vaschette\/#breadcrumb","itemListElement":[{"@type":"ListItem","position":1,"name":"Home","item":"https:\/\/stor51.tauroessiccatori.com\/"},{"@type":"ListItem","position":2,"name":"Shop","item":"https:\/\/stor51.tauroessiccatori.com\/negozio\/"},{"@type":"ListItem","position":3,"name":"SiliDrop &#8211; 3 vaschette"}]},{"@type":"WebSite","@id":"https:\/\/stor51.tauroessiccatori.com\/#website","url":"https:\/\/stor51.tauroessiccatori.com\/","name":"Tauro Essiccatori","description":"Welcome to Tauro Essiccatori online shop","publisher":{"@id":"https:\/\/stor51.tauroessiccatori.com\/#organization"},"potentialAction":[{"@type":"SearchAction","target":{"@type":"EntryPoint","urlTemplate":"https:\/\/stor51.tauroessiccatori.com\/?s={search_term_string}"},"query-input":"required name=search_term_string"}],"inLanguage":"lt-LT"},{"@type":"Organization","@id":"https:\/\/stor51.tauroessiccatori.com\/#organization","name":"Tauro Essiccatori","url":"https:\/\/stor51.tauroessiccatori.com\/","logo":{"@type":"ImageObject","inLanguage":"lt-LT","@id":"https:\/\/stor51.tauroessiccatori.com\/#\/schema\/logo\/image\/","url":"https:\/\/www.tauroessiccatori.com\/wp-assets\/uploads\/2017\/07\/logo_tauro_500x109px.png","contentUrl":"https:\/\/www.tauroessiccatori.com\/wp-assets\/uploads\/2017\/07\/logo_tauro_500x109px.png","width":500,"height":109,"caption":"Tauro Essiccatori"},"image":{"@id":"https:\/\/stor51.tauroessiccatori.com\/#\/schema\/logo\/image\/"},"sameAs":["https:\/\/www.facebook.com\/TauroEssiccatori\/","https:\/\/www.instagram.com\/tauro_essiccatori\/","https:\/\/it.linkedin.com\/company\/tauro-essiccatori","https:\/\/www.youtube.com\/user\/tauroessiccatori"]}]}},"_links":{"self":[{"href":"https:\/\/stor51.tauroessiccatori.com\/lt\/wp-json\/wp\/v2\/product\/1922"}],"collection":[{"href":"https:\/\/stor51.tauroessiccatori.com\/lt\/wp-json\/wp\/v2\/product"}],"about":[{"href":"https:\/\/stor51.tauroessiccatori.com\/lt\/wp-json\/wp\/v2\/types\/product"}],"replies":[{"embeddable":true,"href":"https:\/\/stor51.tauroessiccatori.com\/lt\/wp-json\/wp\/v2\/comments?post=1922"}],"wp:featuredmedia":[{"embeddable":true,"href":"https:\/\/stor51.tauroessiccatori.com\/lt\/wp-json\/wp\/v2\/media\/1945"}],"wp:attachment":[{"href":"https:\/\/stor51.tauroessiccatori.com\/lt\/wp-json\/wp\/v2\/media?parent=1922"}],"wp:term":[{"taxonomy":"product_cat","embeddable":true,"href":"https:\/\/stor51.tauroessiccatori.com\/lt\/wp-json\/wp\/v2\/product_cat?post=1922"},{"taxonomy":"product_tag","embeddable":true,"href":"https:\/\/stor51.tauroessiccatori.com\/lt\/wp-json\/wp\/v2\/product_tag?post=1922"}],"curies":[{"name":"wp","href":"https:\/\/api.w.org\/{rel}","templated":true}]}}