


{"id":1904,"date":"2018-03-28T12:43:00","date_gmt":"2018-03-28T10:43:00","guid":{"rendered":"http:\/\/store.tauroessiccatori.com\/?post_type=product&#038;p=1904\/"},"modified":"2023-08-22T10:22:48","modified_gmt":"2023-08-22T08:22:48","slug":"silisoft-3-tappetini","status":"publish","type":"product","link":"https:\/\/stor51.tauroessiccatori.com\/lt\/p\/silisoft-3-kapsules\/","title":{"rendered":"\"SiliSoft\" - 3 kilim\u0117liai"},"content":{"rendered":"<div class=\"tauro-banners\"><div class=\"banner-00\" style=\"background-color: #852035\">\r\n<div class=\"ix-xmas-box-other\" style=\"font-size: 18px;padding: 7px 0;margin: 0 auto 0px auto\" align=\"center\"><b style=\"color: #fff;font-size: 18px\">Po med\u017eiu pad\u0117kite BIOSEC. <a style=\"color: #f8cc89;font-weight: bold;text-decoration: none;font-size: 18px\" href=\"https:\/\/www.tauroessiccatori.com\/christmas-2024\/\">ATRASKITE \u010cIA<\/a> Kal\u0117din\u0117s akcijos!<\/b><\/div>\r\n<\/div><div class=\"banner-00\" style=\"background-color: #000\">\r\n<div class=\"ix-xmas-box-other\" style=\"font-size: 18px;padding: 7px 0;margin: 0 auto 0px auto\" align=\"center\"><b style=\"color: #fff\"> Juodojo penktadienio nuolaidos jau \u010dia! \u00a0 <a style=\"color: #f77209;font-weight: bold;text-decoration: none\" href=\"https:\/\/www.tauroessiccatori.com\/black-friday-2024\/\"> Spustel\u0117kite, kad j\u0173 nepraleistum\u0117te \u2192 <\/a>\r\n<\/b><\/div>\r\n<\/div><\/div><div><strong>Apra\u0161ymas:<\/strong>\"SiliSoft\" yra naujovi\u0161ka universali Platinum Silicone nelimpan\u010dios folijos sistema, sukurta taip, kad su kiekviena \"Biosec\" b\u016bt\u0173 pasiektas maksimalus na\u0161umas.<br \/>\n\"SiliSoft\" puikiai tinka d\u017eiovinti vandeningus maisto produktus, la\u0161\u0117jan\u010dias skilteles (pomidorus ir apelsinus), aromatines druskas ir smulkius maisto produktus. PLAUKITE PRIE\u0160 PIRM\u0104 KART\u0104 NAUDODAMI.<\/div>\n<div>\n<p><strong>Technin\u0117s charakteristikos:<\/strong><\/p>\n<ul>\n<li>\u00a0pagamintas i\u0161 platininio silikono 100%<\/li>\n<li>\u00a0galima naudoti t\u016bkstan\u010dius kart\u0173.<\/li>\n<li>\u00a0Be BPA ir ftalat\u0173<\/li>\n<li>\u00a0kilim\u0117lio matmenys 228\u00d7346 mm - storis 0,8 mm<\/li>\n<li>\u00a0taip pat galima naudoti orkait\u0117je iki 230\u00b0 C temperat\u016broje.<\/li>\n<li>\u00a0galima naudoti esant \u017eemai temperat\u016brai iki -60\u00b0.<\/li>\n<li>\u00a0suderinamas su visais \"Biosec<\/li>\n<li>\u00a0galima plauti indaplov\u0117je<\/li>\n<\/ul>\n<\/div>\n<div>\n<p><strong>Pakuot\u0117s turinys:<\/strong><\/p>\n<div>\n<ul>\n<li>\u00a03 \"SiliSoft\" lak\u0161tai<\/li>\n<\/ul>\n<\/div>\n<\/div>\n<p><i>*Krep\u0161eliai yra tik ai\u0161kinamojo pob\u016bd\u017eio ir n\u0117ra pakuot\u0117s dalis<\/i><\/p>","protected":false},"excerpt":{"rendered":"<p>&#8211; realizzato in Platinum Silicone 100%<br \/>\n&#8211; riutilizzabile migliaia di volte<br \/>\n&#8211; senza BPA n\u00e9 ftalati<br \/>\n&#8211; utilizzabile anche in forno fino a 230\u00b0<br \/>\n&#8211; utilizzabile alle basse temperature fino a -60\u00b0<br \/>\n&#8211; compatibile con tutti i Biosec<br \/>\n&#8211; si pulisce in lavastoviglie<\/p>","protected":false},"featured_media":1937,"comment_status":"closed","ping_status":"closed","template":"","meta":[],"product_cat":[258],"product_tag":[],"class_list":["post-1904","product","type-product","status-publish","has-post-thumbnail","hentry","product_cat-antiaderenti"],"acf":[],"yoast_head":"<!-- This site is optimized with the Yoast SEO plugin v20.10 - https:\/\/yoast.com\/wordpress\/plugins\/seo\/ -->\n<title>SiliSoft 3 tappetini antiaderenti in silicone - Tauro Essiccatori<\/title>\n<meta name=\"description\" content=\"SiliSoft 3 tappetini antiaderenti per essiccare i prodotti pi\u00f9 difficili da staccare e anche i semiliquidi. Shop online su Tauro\" \/>\n<meta name=\"robots\" content=\"noindex, follow, max-snippet:-1, max-image-preview:large, max-video-preview:-1\" \/>\n<meta property=\"og:locale\" content=\"lt_LT\" \/>\n<meta property=\"og:type\" content=\"article\" \/>\n<meta property=\"og:title\" content=\"SiliSoft 3 tappetini antiaderenti in silicone - Tauro Essiccatori\" \/>\n<meta property=\"og:description\" content=\"SiliSoft 3 tappetini antiaderenti per essiccare i prodotti pi\u00f9 difficili da staccare e anche i semiliquidi. Shop online su Tauro\" \/>\n<meta property=\"og:url\" content=\"https:\/\/stor51.tauroessiccatori.com\/lt\/p\/silisoft-3-kapsules\/\" \/>\n<meta property=\"og:site_name\" content=\"Tauro Essiccatori\" \/>\n<meta property=\"article:publisher\" content=\"https:\/\/www.facebook.com\/TauroEssiccatori\/\" \/>\n<meta property=\"article:modified_time\" content=\"2023-08-22T08:22:48+00:00\" \/>\n<meta property=\"og:image\" content=\"https:\/\/stor51.tauroessiccatori.com\/wp-assets\/uploads\/2018\/03\/SiliDrop_cestello.jpg\" \/>\n\t<meta property=\"og:image:width\" content=\"1210\" \/>\n\t<meta property=\"og:image:height\" content=\"750\" \/>\n\t<meta property=\"og:image:type\" content=\"image\/jpeg\" \/>\n<meta name=\"twitter:card\" content=\"summary_large_image\" \/>\n<meta name=\"twitter:label1\" content=\"Est. reading time\" \/>\n\t<meta name=\"twitter:data1\" content=\"1 minut\u0117\" \/>\n<script type=\"application\/ld+json\" class=\"yoast-schema-graph\">{\"@context\":\"https:\/\/schema.org\",\"@graph\":[{\"@type\":\"WebPage\",\"@id\":\"https:\/\/stor51.tauroessiccatori.com\/p\/silisoft-3-tappetini\/\",\"url\":\"https:\/\/stor51.tauroessiccatori.com\/p\/silisoft-3-tappetini\/\",\"name\":\"SiliSoft 3 tappetini antiaderenti in silicone - Tauro Essiccatori\",\"isPartOf\":{\"@id\":\"https:\/\/stor51.tauroessiccatori.com\/#website\"},\"datePublished\":\"2018-03-28T10:43:00+00:00\",\"dateModified\":\"2023-08-22T08:22:48+00:00\",\"description\":\"SiliSoft 3 tappetini antiaderenti per essiccare i prodotti pi\u00f9 difficili da staccare e anche i semiliquidi. Shop online su Tauro\",\"breadcrumb\":{\"@id\":\"https:\/\/stor51.tauroessiccatori.com\/p\/silisoft-3-tappetini\/#breadcrumb\"},\"inLanguage\":\"lt-LT\",\"potentialAction\":[{\"@type\":\"ReadAction\",\"target\":[\"https:\/\/stor51.tauroessiccatori.com\/p\/silisoft-3-tappetini\/\"]}]},{\"@type\":\"BreadcrumbList\",\"@id\":\"https:\/\/stor51.tauroessiccatori.com\/p\/silisoft-3-tappetini\/#breadcrumb\",\"itemListElement\":[{\"@type\":\"ListItem\",\"position\":1,\"name\":\"Home\",\"item\":\"https:\/\/stor51.tauroessiccatori.com\/\"},{\"@type\":\"ListItem\",\"position\":2,\"name\":\"Shop\",\"item\":\"https:\/\/stor51.tauroessiccatori.com\/negozio\/\"},{\"@type\":\"ListItem\",\"position\":3,\"name\":\"SiliSoft &#8211; 3 tappetini\"}]},{\"@type\":\"WebSite\",\"@id\":\"https:\/\/stor51.tauroessiccatori.com\/#website\",\"url\":\"https:\/\/stor51.tauroessiccatori.com\/\",\"name\":\"Tauro Essiccatori\",\"description\":\"Welcome to Tauro Essiccatori online shop\",\"publisher\":{\"@id\":\"https:\/\/stor51.tauroessiccatori.com\/#organization\"},\"potentialAction\":[{\"@type\":\"SearchAction\",\"target\":{\"@type\":\"EntryPoint\",\"urlTemplate\":\"https:\/\/stor51.tauroessiccatori.com\/?s={search_term_string}\"},\"query-input\":\"required name=search_term_string\"}],\"inLanguage\":\"lt-LT\"},{\"@type\":\"Organization\",\"@id\":\"https:\/\/stor51.tauroessiccatori.com\/#organization\",\"name\":\"Tauro Essiccatori\",\"url\":\"https:\/\/stor51.tauroessiccatori.com\/\",\"logo\":{\"@type\":\"ImageObject\",\"inLanguage\":\"lt-LT\",\"@id\":\"https:\/\/stor51.tauroessiccatori.com\/#\/schema\/logo\/image\/\",\"url\":\"https:\/\/www.tauroessiccatori.com\/wp-assets\/uploads\/2017\/07\/logo_tauro_500x109px.png\",\"contentUrl\":\"https:\/\/www.tauroessiccatori.com\/wp-assets\/uploads\/2017\/07\/logo_tauro_500x109px.png\",\"width\":500,\"height\":109,\"caption\":\"Tauro Essiccatori\"},\"image\":{\"@id\":\"https:\/\/stor51.tauroessiccatori.com\/#\/schema\/logo\/image\/\"},\"sameAs\":[\"https:\/\/www.facebook.com\/TauroEssiccatori\/\",\"https:\/\/www.instagram.com\/tauro_essiccatori\/\",\"https:\/\/it.linkedin.com\/company\/tauro-essiccatori\",\"https:\/\/www.youtube.com\/user\/tauroessiccatori\"]}]}<\/script>\n<!-- \/ Yoast SEO plugin. -->","yoast_head_json":{"title":"SiliSoft 3 tappetini antiaderenti in silicone - Tauro Essiccatori","description":"SiliSoft 3 tappetini antiaderenti per essiccare i prodotti pi\u00f9 difficili da staccare e anche i semiliquidi. Shop online su Tauro","robots":{"index":"noindex","follow":"follow","max-snippet":"max-snippet:-1","max-image-preview":"max-image-preview:large","max-video-preview":"max-video-preview:-1"},"og_locale":"lt_LT","og_type":"article","og_title":"SiliSoft 3 tappetini antiaderenti in silicone - Tauro Essiccatori","og_description":"SiliSoft 3 tappetini antiaderenti per essiccare i prodotti pi\u00f9 difficili da staccare e anche i semiliquidi. Shop online su Tauro","og_url":"https:\/\/stor51.tauroessiccatori.com\/lt\/p\/silisoft-3-kapsules\/","og_site_name":"Tauro Essiccatori","article_publisher":"https:\/\/www.facebook.com\/TauroEssiccatori\/","article_modified_time":"2023-08-22T08:22:48+00:00","og_image":[{"width":1210,"height":750,"url":"https:\/\/stor51.tauroessiccatori.com\/wp-assets\/uploads\/2018\/03\/SiliDrop_cestello.jpg","type":"image\/jpeg"}],"twitter_card":"summary_large_image","twitter_misc":{"Est. reading time":"1 minut\u0117"},"schema":{"@context":"https:\/\/schema.org","@graph":[{"@type":"WebPage","@id":"https:\/\/stor51.tauroessiccatori.com\/p\/silisoft-3-tappetini\/","url":"https:\/\/stor51.tauroessiccatori.com\/p\/silisoft-3-tappetini\/","name":"SiliSoft 3 tappetini antiaderenti in silicone - Tauro Essiccatori","isPartOf":{"@id":"https:\/\/stor51.tauroessiccatori.com\/#website"},"datePublished":"2018-03-28T10:43:00+00:00","dateModified":"2023-08-22T08:22:48+00:00","description":"SiliSoft 3 tappetini antiaderenti per essiccare i prodotti pi\u00f9 difficili da staccare e anche i semiliquidi. Shop online su Tauro","breadcrumb":{"@id":"https:\/\/stor51.tauroessiccatori.com\/p\/silisoft-3-tappetini\/#breadcrumb"},"inLanguage":"lt-LT","potentialAction":[{"@type":"ReadAction","target":["https:\/\/stor51.tauroessiccatori.com\/p\/silisoft-3-tappetini\/"]}]},{"@type":"BreadcrumbList","@id":"https:\/\/stor51.tauroessiccatori.com\/p\/silisoft-3-tappetini\/#breadcrumb","itemListElement":[{"@type":"ListItem","position":1,"name":"Home","item":"https:\/\/stor51.tauroessiccatori.com\/"},{"@type":"ListItem","position":2,"name":"Shop","item":"https:\/\/stor51.tauroessiccatori.com\/negozio\/"},{"@type":"ListItem","position":3,"name":"SiliSoft &#8211; 3 tappetini"}]},{"@type":"WebSite","@id":"https:\/\/stor51.tauroessiccatori.com\/#website","url":"https:\/\/stor51.tauroessiccatori.com\/","name":"Tauro Essiccatori","description":"Welcome to Tauro Essiccatori online shop","publisher":{"@id":"https:\/\/stor51.tauroessiccatori.com\/#organization"},"potentialAction":[{"@type":"SearchAction","target":{"@type":"EntryPoint","urlTemplate":"https:\/\/stor51.tauroessiccatori.com\/?s={search_term_string}"},"query-input":"required name=search_term_string"}],"inLanguage":"lt-LT"},{"@type":"Organization","@id":"https:\/\/stor51.tauroessiccatori.com\/#organization","name":"Tauro Essiccatori","url":"https:\/\/stor51.tauroessiccatori.com\/","logo":{"@type":"ImageObject","inLanguage":"lt-LT","@id":"https:\/\/stor51.tauroessiccatori.com\/#\/schema\/logo\/image\/","url":"https:\/\/www.tauroessiccatori.com\/wp-assets\/uploads\/2017\/07\/logo_tauro_500x109px.png","contentUrl":"https:\/\/www.tauroessiccatori.com\/wp-assets\/uploads\/2017\/07\/logo_tauro_500x109px.png","width":500,"height":109,"caption":"Tauro Essiccatori"},"image":{"@id":"https:\/\/stor51.tauroessiccatori.com\/#\/schema\/logo\/image\/"},"sameAs":["https:\/\/www.facebook.com\/TauroEssiccatori\/","https:\/\/www.instagram.com\/tauro_essiccatori\/","https:\/\/it.linkedin.com\/company\/tauro-essiccatori","https:\/\/www.youtube.com\/user\/tauroessiccatori"]}]}},"_links":{"self":[{"href":"https:\/\/stor51.tauroessiccatori.com\/lt\/wp-json\/wp\/v2\/product\/1904"}],"collection":[{"href":"https:\/\/stor51.tauroessiccatori.com\/lt\/wp-json\/wp\/v2\/product"}],"about":[{"href":"https:\/\/stor51.tauroessiccatori.com\/lt\/wp-json\/wp\/v2\/types\/product"}],"replies":[{"embeddable":true,"href":"https:\/\/stor51.tauroessiccatori.com\/lt\/wp-json\/wp\/v2\/comments?post=1904"}],"wp:featuredmedia":[{"embeddable":true,"href":"https:\/\/stor51.tauroessiccatori.com\/lt\/wp-json\/wp\/v2\/media\/1937"}],"wp:attachment":[{"href":"https:\/\/stor51.tauroessiccatori.com\/lt\/wp-json\/wp\/v2\/media?parent=1904"}],"wp:term":[{"taxonomy":"product_cat","embeddable":true,"href":"https:\/\/stor51.tauroessiccatori.com\/lt\/wp-json\/wp\/v2\/product_cat?post=1904"},{"taxonomy":"product_tag","embeddable":true,"href":"https:\/\/stor51.tauroessiccatori.com\/lt\/wp-json\/wp\/v2\/product_tag?post=1904"}],"curies":[{"name":"wp","href":"https:\/\/api.w.org\/{rel}","templated":true}]}}