


{"id":165913,"date":"2022-10-05T10:36:00","date_gmt":"2022-10-05T08:36:00","guid":{"rendered":"https:\/\/www.tauroessiccatori.com\/?post_type=product&#038;p=165913\/"},"modified":"2023-04-17T17:26:46","modified_gmt":"2023-04-17T15:26:46","slug":"corso-di-essiccazione-base-avanzato","status":"publish","type":"product","link":"https:\/\/stor51.tauroessiccatori.com\/lt\/p\/dziovinimo-kursas-baze-isplestinis\/","title":{"rendered":"D\u017eiovinimo pagrind\u0173 ir i\u0161pl\u0117stinis kursas"},"content":{"rendered":"<div class=\"tauro-banners\"><div class=\"banner-00\" style=\"background-color: #852035\">\r\n<div class=\"ix-xmas-box-other\" style=\"font-size: 18px;padding: 7px 0;margin: 0 auto 0px auto\" align=\"center\"><b style=\"color: #fff;font-size: 18px\">Po med\u017eiu pad\u0117kite BIOSEC. <a style=\"color: #f8cc89;font-weight: bold;text-decoration: none;font-size: 18px\" href=\"https:\/\/www.tauroessiccatori.com\/christmas-2024\/\">ATRASKITE \u010cIA<\/a> Kal\u0117din\u0117s akcijos!<\/b><\/div>\r\n<\/div><div class=\"banner-00\" style=\"background-color: #000\">\r\n<div class=\"ix-xmas-box-other\" style=\"font-size: 18px;padding: 7px 0;margin: 0 auto 0px auto\" align=\"center\"><b style=\"color: #fff\"> Juodojo penktadienio nuolaidos jau \u010dia! \u00a0 <a style=\"color: #f77209;font-weight: bold;text-decoration: none\" href=\"https:\/\/www.tauroessiccatori.com\/black-friday-2024\/\"> Spustel\u0117kite, kad j\u0173 nepraleistum\u0117te \u2192 <\/a>\r\n<\/b><\/div>\r\n<\/div><\/div><div>\n<p><strong>Apra\u0161ymas Video kursas apie pagrindin\u012f d\u017eiovinim\u0105:<\/strong><\/p>\n<p>Ar d\u017eiovykl\u0119 \u012fjungiate tik tam, kad pagamintum\u0117te obuoli\u0173 ir gryb\u0173? Ar norite kuo geriau i\u0161naudoti d\u017eiovykl\u0119? \u0160iame kurse susipa\u017einsite su daugybe preparat\u0173, kuriuos galite gaminti d\u017eiovykle.<br \/>\nPirmiausia su\u017einosite, kaip veikia d\u017eiovykla (vertikali ir horizontali), kaip d\u017eiovinimas pakei\u010dia maist\u0105 ir kaip su juo elgtis, kad jis b\u016bt\u0173 kuo geriau i\u0161d\u017eiovintas: paruo\u0161imas ir apdorojimas, laikymas ir maisto sauga.<br \/>\nVir\u0117jas jums parodys pagrindinius gaminimo technikos etapus, parodys rezultatus, i\u0161analizuos silpn\u0105sias vietas, galimus nepageidaujamus rezultatus ir paai\u0161kins, kaip juos pagerinti. Jis pasidalins savo ilgamete d\u017eiovinimo patirtimi.<\/p>\n<div>\n<p><strong>KURS\u0172 PROGRAMA:<\/strong><\/p>\n<ul>\n1. Vaisiai ir dar\u017eov\u0117s<br \/>\nTra\u0161ku\u010diai arba grie\u017ein\u0117liai<br \/>\n1.2. Dulk\u0117s<br \/>\nVaisi\u0173 oda<br \/>\n1.4. Visas arba pus\u0117<br \/>\n2. Nekepti bulvi\u0173 tra\u0161ku\u010diai<br \/>\n3. \u017duvis ir m\u0117sa<br \/>\n4. Cukrus<br \/>\nVaisi\u0173 cukrus<br \/>\n4.2. Aromatizuotas cukrus<br \/>\n4.3. Meringues<br \/>\n4.4. Cukraus ank\u0161tys<br \/>\n5. Pieno milteliai, konservuoti kukur\u016bzai ir alyvuogi\u0173 \u017eem\u0117<br \/>\n6. Pusry\u010di\u0173 baton\u0117liai, krekeriai ir dribsniai<br \/>\n7. Sodo s\u0117klos - raugo kamera - r\u016bkymo mediena<br \/>\n8. Popierius\n<\/div>\n<div>\n<p><strong>Apra\u0161ymas Video kursas apie pa\u017eang\u0173 d\u017eiovinim\u0105:<\/strong><\/p>\n<p>Jei j\u016bs\u0173 d\u017eiovykl\u0117 visada \u012fjungta, i\u0161bandykite j\u0105. Pa\u017eengusi\u0173j\u0173 kursuose susipa\u017einsite su sud\u0117tingesniais preparatais.<br \/>\nD\u017eiovykl\u0117 - tai kamera, kurioje temperat\u016bra yra daugiau ar ma\u017eiau pastovi ir kuri gali b\u016bti vertinga pagalbin\u0117 priemon\u0117 tam tikruose paruo\u0161imo procesuose, pakei\u010dianti kitus \u012frankius arba pagreitinanti tam tikrus etapus. \u0160efas Dalicandro i\u0161samiai paai\u0161kins \u0161i\u0173 patiekal\u0173 ruo\u0161imo b\u016bdus ir pagrindinius \u017eingsnius. Jis parodys rezultatus ir papasakos, kaip jis prad\u0117jo dirbti su kai kuriais preparatais, pasidalins savo ilgame\u010di\u0173 eksperiment\u0173 rezultatais.<br \/>\nEksperimentavimas - tai rezultat\u0173 vertinimas, supratimas, kaip produktas transformuojamas ir i\u0161saugomas. Prie\u0161 baigiant proces\u0105 reikia atsi\u017evelgti \u012f daugyb\u0119 parametr\u0173. Negalima sustoti ties nepageidaujamais rezultatais, bet reikia \u017einoti, kaip juos analizuoti.<br \/>\nReikia nepamir\u0161ti, kaip d\u017eiovykl\u0117 veikia maist\u0105, ir visada pasverti privalumus ir tr\u016bkumus. Negalime visko padaryti su eksikatoriumi. Visada turime nepamir\u0161ti, kam jis sukurtas.<br \/>\nBus nedidel\u0117 papildoma staigmena!<\/p>\n<div>\n<p><strong>KURS\u0172 PROGRAMA:<\/strong><\/p>\n<ul>\n1. Candying<br \/>\n2. Makaronai<br \/>\n3. D\u016bmimas<br \/>\n4. Sausas \u0160lapias sausas sausas<br \/>\n5. Sorbetas be prid\u0117tinio cukraus<br \/>\n6. Ry\u017eiai<br \/>\n7. Paruo\u0161ti patiekalai<br \/>\n8. Porkbushi<br \/>\n9. Sali<br \/>\n10. I\u0161grynintas sviestas<br \/>\n11. Infuzijos<br \/>\n12. Gr\u016bdintas \u0161okoladas<br \/>\n13. Juodieji \u010desnakai<br \/>\n14. Juodosios kalk\u0117s<br \/>\n15. Jogurtas<br \/>\n16. Tirpi kava<br \/>\n17. EXTRA: staigmena!\n<\/div>\n<\/div>\n<p><strong>Reklaminis pasi\u016blymas: VIDEO D\u017eiovinimo kursas BASIC + ADVANCED u\u017e 140,00 \u20ac vietoj 160,00 \u20ac - prieiga prie kurso 6 m\u0117n.\u00a0<\/strong>\n<\/div>","protected":false},"excerpt":{"rendered":"<p>Metti un BIOSEC sotto l&#8217;Albero. SCOPRI QUI le promozioni di Natale! Gli sconti Black Friday sono qui! \u00a0 Clicca\u00a0per\u00a0non perderli \u2192 Descrizione Video Corso di ESSICCAZIONE BASE: Accendi l\u2019essiccatore solo per fare mele e funghi? Hai voglia di utilizzare al meglio il tuo essiccatore? Questo corso ti far\u00e0 scoprire le moltissime preparazioni che \u00e8 possibile [&hellip;]<\/p>","protected":false},"featured_media":167900,"comment_status":"closed","ping_status":"closed","template":"","meta":[],"product_cat":[196],"product_tag":[],"class_list":["post-165913","product","type-product","status-publish","has-post-thumbnail","hentry","product_cat-libri"],"acf":[],"yoast_head":"<!-- This site is optimized with the Yoast SEO plugin v20.10 - https:\/\/yoast.com\/wordpress\/plugins\/seo\/ -->\n<title>Corso di Essiccazione Base + Avanzato - Tauro Essiccatori<\/title>\n<meta name=\"robots\" content=\"noindex, follow, max-snippet:-1, max-image-preview:large, max-video-preview:-1\" \/>\n<meta property=\"og:locale\" content=\"lt_LT\" \/>\n<meta property=\"og:type\" content=\"article\" \/>\n<meta property=\"og:title\" content=\"Corso di Essiccazione Base + Avanzato - Tauro Essiccatori\" \/>\n<meta property=\"og:description\" content=\"Metti un BIOSEC sotto l&#039;Albero. SCOPRI QUI le promozioni di Natale! Gli sconti Black Friday sono qui! \u00a0 Clicca\u00a0per\u00a0non perderli \u2192 Descrizione Video Corso di ESSICCAZIONE BASE: Accendi l\u2019essiccatore solo per fare mele e funghi? Hai voglia di utilizzare al meglio il tuo essiccatore? Questo corso ti far\u00e0 scoprire le moltissime preparazioni che \u00e8 possibile [&hellip;]\" \/>\n<meta property=\"og:url\" content=\"https:\/\/stor51.tauroessiccatori.com\/lt\/p\/dziovinimo-kursas-baze-isplestinis\/\" \/>\n<meta property=\"og:site_name\" content=\"Tauro Essiccatori\" \/>\n<meta property=\"article:publisher\" content=\"https:\/\/www.facebook.com\/TauroEssiccatori\/\" \/>\n<meta property=\"article:modified_time\" content=\"2023-04-17T15:26:46+00:00\" \/>\n<meta property=\"og:image\" content=\"https:\/\/stor51.tauroessiccatori.com\/wp-assets\/uploads\/2022\/10\/tauro_chef_dalicandro_corsi.jpg\" \/>\n\t<meta property=\"og:image:width\" content=\"2048\" \/>\n\t<meta property=\"og:image:height\" content=\"1266\" \/>\n\t<meta property=\"og:image:type\" content=\"image\/jpeg\" \/>\n<meta name=\"twitter:card\" content=\"summary_large_image\" \/>\n<meta name=\"twitter:label1\" content=\"Est. reading time\" \/>\n\t<meta name=\"twitter:data1\" content=\"2 minut\u0117s\" \/>\n<script type=\"application\/ld+json\" class=\"yoast-schema-graph\">{\"@context\":\"https:\/\/schema.org\",\"@graph\":[{\"@type\":\"WebPage\",\"@id\":\"https:\/\/stor51.tauroessiccatori.com\/p\/corso-di-essiccazione-base-avanzato\/\",\"url\":\"https:\/\/stor51.tauroessiccatori.com\/p\/corso-di-essiccazione-base-avanzato\/\",\"name\":\"Corso di Essiccazione Base + Avanzato - Tauro Essiccatori\",\"isPartOf\":{\"@id\":\"https:\/\/stor51.tauroessiccatori.com\/#website\"},\"datePublished\":\"2022-10-05T08:36:00+00:00\",\"dateModified\":\"2023-04-17T15:26:46+00:00\",\"breadcrumb\":{\"@id\":\"https:\/\/stor51.tauroessiccatori.com\/p\/corso-di-essiccazione-base-avanzato\/#breadcrumb\"},\"inLanguage\":\"lt-LT\",\"potentialAction\":[{\"@type\":\"ReadAction\",\"target\":[\"https:\/\/stor51.tauroessiccatori.com\/p\/corso-di-essiccazione-base-avanzato\/\"]}]},{\"@type\":\"BreadcrumbList\",\"@id\":\"https:\/\/stor51.tauroessiccatori.com\/p\/corso-di-essiccazione-base-avanzato\/#breadcrumb\",\"itemListElement\":[{\"@type\":\"ListItem\",\"position\":1,\"name\":\"Home\",\"item\":\"https:\/\/stor51.tauroessiccatori.com\/\"},{\"@type\":\"ListItem\",\"position\":2,\"name\":\"Shop\",\"item\":\"https:\/\/stor51.tauroessiccatori.com\/negozio\/\"},{\"@type\":\"ListItem\",\"position\":3,\"name\":\"Corso di Essiccazione Base + Avanzato\"}]},{\"@type\":\"WebSite\",\"@id\":\"https:\/\/stor51.tauroessiccatori.com\/#website\",\"url\":\"https:\/\/stor51.tauroessiccatori.com\/\",\"name\":\"Tauro Essiccatori\",\"description\":\"Welcome to Tauro Essiccatori online shop\",\"publisher\":{\"@id\":\"https:\/\/stor51.tauroessiccatori.com\/#organization\"},\"potentialAction\":[{\"@type\":\"SearchAction\",\"target\":{\"@type\":\"EntryPoint\",\"urlTemplate\":\"https:\/\/stor51.tauroessiccatori.com\/?s={search_term_string}\"},\"query-input\":\"required name=search_term_string\"}],\"inLanguage\":\"lt-LT\"},{\"@type\":\"Organization\",\"@id\":\"https:\/\/stor51.tauroessiccatori.com\/#organization\",\"name\":\"Tauro Essiccatori\",\"url\":\"https:\/\/stor51.tauroessiccatori.com\/\",\"logo\":{\"@type\":\"ImageObject\",\"inLanguage\":\"lt-LT\",\"@id\":\"https:\/\/stor51.tauroessiccatori.com\/#\/schema\/logo\/image\/\",\"url\":\"https:\/\/www.tauroessiccatori.com\/wp-assets\/uploads\/2017\/07\/logo_tauro_500x109px.png\",\"contentUrl\":\"https:\/\/www.tauroessiccatori.com\/wp-assets\/uploads\/2017\/07\/logo_tauro_500x109px.png\",\"width\":500,\"height\":109,\"caption\":\"Tauro Essiccatori\"},\"image\":{\"@id\":\"https:\/\/stor51.tauroessiccatori.com\/#\/schema\/logo\/image\/\"},\"sameAs\":[\"https:\/\/www.facebook.com\/TauroEssiccatori\/\",\"https:\/\/www.instagram.com\/tauro_essiccatori\/\",\"https:\/\/it.linkedin.com\/company\/tauro-essiccatori\",\"https:\/\/www.youtube.com\/user\/tauroessiccatori\"]}]}<\/script>\n<!-- \/ Yoast SEO plugin. -->","yoast_head_json":{"title":"Corso di Essiccazione Base + Avanzato - Tauro Essiccatori","robots":{"index":"noindex","follow":"follow","max-snippet":"max-snippet:-1","max-image-preview":"max-image-preview:large","max-video-preview":"max-video-preview:-1"},"og_locale":"lt_LT","og_type":"article","og_title":"Corso di Essiccazione Base + Avanzato - Tauro Essiccatori","og_description":"Metti un BIOSEC sotto l'Albero. SCOPRI QUI le promozioni di Natale! Gli sconti Black Friday sono qui! \u00a0 Clicca\u00a0per\u00a0non perderli \u2192 Descrizione Video Corso di ESSICCAZIONE BASE: Accendi l\u2019essiccatore solo per fare mele e funghi? Hai voglia di utilizzare al meglio il tuo essiccatore? Questo corso ti far\u00e0 scoprire le moltissime preparazioni che \u00e8 possibile [&hellip;]","og_url":"https:\/\/stor51.tauroessiccatori.com\/lt\/p\/dziovinimo-kursas-baze-isplestinis\/","og_site_name":"Tauro Essiccatori","article_publisher":"https:\/\/www.facebook.com\/TauroEssiccatori\/","article_modified_time":"2023-04-17T15:26:46+00:00","og_image":[{"width":2048,"height":1266,"url":"https:\/\/stor51.tauroessiccatori.com\/wp-assets\/uploads\/2022\/10\/tauro_chef_dalicandro_corsi.jpg","type":"image\/jpeg"}],"twitter_card":"summary_large_image","twitter_misc":{"Est. reading time":"2 minut\u0117s"},"schema":{"@context":"https:\/\/schema.org","@graph":[{"@type":"WebPage","@id":"https:\/\/stor51.tauroessiccatori.com\/p\/corso-di-essiccazione-base-avanzato\/","url":"https:\/\/stor51.tauroessiccatori.com\/p\/corso-di-essiccazione-base-avanzato\/","name":"Corso di Essiccazione Base + Avanzato - Tauro Essiccatori","isPartOf":{"@id":"https:\/\/stor51.tauroessiccatori.com\/#website"},"datePublished":"2022-10-05T08:36:00+00:00","dateModified":"2023-04-17T15:26:46+00:00","breadcrumb":{"@id":"https:\/\/stor51.tauroessiccatori.com\/p\/corso-di-essiccazione-base-avanzato\/#breadcrumb"},"inLanguage":"lt-LT","potentialAction":[{"@type":"ReadAction","target":["https:\/\/stor51.tauroessiccatori.com\/p\/corso-di-essiccazione-base-avanzato\/"]}]},{"@type":"BreadcrumbList","@id":"https:\/\/stor51.tauroessiccatori.com\/p\/corso-di-essiccazione-base-avanzato\/#breadcrumb","itemListElement":[{"@type":"ListItem","position":1,"name":"Home","item":"https:\/\/stor51.tauroessiccatori.com\/"},{"@type":"ListItem","position":2,"name":"Shop","item":"https:\/\/stor51.tauroessiccatori.com\/negozio\/"},{"@type":"ListItem","position":3,"name":"Corso di Essiccazione Base + Avanzato"}]},{"@type":"WebSite","@id":"https:\/\/stor51.tauroessiccatori.com\/#website","url":"https:\/\/stor51.tauroessiccatori.com\/","name":"Tauro Essiccatori","description":"Welcome to Tauro Essiccatori online shop","publisher":{"@id":"https:\/\/stor51.tauroessiccatori.com\/#organization"},"potentialAction":[{"@type":"SearchAction","target":{"@type":"EntryPoint","urlTemplate":"https:\/\/stor51.tauroessiccatori.com\/?s={search_term_string}"},"query-input":"required name=search_term_string"}],"inLanguage":"lt-LT"},{"@type":"Organization","@id":"https:\/\/stor51.tauroessiccatori.com\/#organization","name":"Tauro Essiccatori","url":"https:\/\/stor51.tauroessiccatori.com\/","logo":{"@type":"ImageObject","inLanguage":"lt-LT","@id":"https:\/\/stor51.tauroessiccatori.com\/#\/schema\/logo\/image\/","url":"https:\/\/www.tauroessiccatori.com\/wp-assets\/uploads\/2017\/07\/logo_tauro_500x109px.png","contentUrl":"https:\/\/www.tauroessiccatori.com\/wp-assets\/uploads\/2017\/07\/logo_tauro_500x109px.png","width":500,"height":109,"caption":"Tauro Essiccatori"},"image":{"@id":"https:\/\/stor51.tauroessiccatori.com\/#\/schema\/logo\/image\/"},"sameAs":["https:\/\/www.facebook.com\/TauroEssiccatori\/","https:\/\/www.instagram.com\/tauro_essiccatori\/","https:\/\/it.linkedin.com\/company\/tauro-essiccatori","https:\/\/www.youtube.com\/user\/tauroessiccatori"]}]}},"_links":{"self":[{"href":"https:\/\/stor51.tauroessiccatori.com\/lt\/wp-json\/wp\/v2\/product\/165913"}],"collection":[{"href":"https:\/\/stor51.tauroessiccatori.com\/lt\/wp-json\/wp\/v2\/product"}],"about":[{"href":"https:\/\/stor51.tauroessiccatori.com\/lt\/wp-json\/wp\/v2\/types\/product"}],"replies":[{"embeddable":true,"href":"https:\/\/stor51.tauroessiccatori.com\/lt\/wp-json\/wp\/v2\/comments?post=165913"}],"wp:featuredmedia":[{"embeddable":true,"href":"https:\/\/stor51.tauroessiccatori.com\/lt\/wp-json\/wp\/v2\/media\/167900"}],"wp:attachment":[{"href":"https:\/\/stor51.tauroessiccatori.com\/lt\/wp-json\/wp\/v2\/media?parent=165913"}],"wp:term":[{"taxonomy":"product_cat","embeddable":true,"href":"https:\/\/stor51.tauroessiccatori.com\/lt\/wp-json\/wp\/v2\/product_cat?post=165913"},{"taxonomy":"product_tag","embeddable":true,"href":"https:\/\/stor51.tauroessiccatori.com\/lt\/wp-json\/wp\/v2\/product_tag?post=165913"}],"curies":[{"name":"wp","href":"https:\/\/api.w.org\/{rel}","templated":true}]}}