


{"id":165912,"date":"2022-10-05T10:22:47","date_gmt":"2022-10-05T08:22:47","guid":{"rendered":"https:\/\/www.tauroessiccatori.com\/?post_type=product&#038;p=165912\/"},"modified":"2023-04-17T17:27:36","modified_gmt":"2023-04-17T15:27:36","slug":"corso-di-essiccazione-avanzato","status":"publish","type":"product","link":"https:\/\/stor51.tauroessiccatori.com\/lt\/p\/isplestinis-dziovinimo-kursas\/","title":{"rendered":"I\u0161pl\u0117stinis d\u017eiovinimo kursas"},"content":{"rendered":"<div class=\"tauro-banners\"><div class=\"banner-00\" style=\"background-color: #852035\">\r\n<div class=\"ix-xmas-box-other\" style=\"font-size: 18px;padding: 7px 0;margin: 0 auto 0px auto\" align=\"center\"><b style=\"color: #fff;font-size: 18px\">Po med\u017eiu pad\u0117kite BIOSEC. <a style=\"color: #f8cc89;font-weight: bold;text-decoration: none;font-size: 18px\" href=\"https:\/\/www.tauroessiccatori.com\/christmas-2024\/\">ATRASKITE \u010cIA<\/a> Kal\u0117din\u0117s akcijos!<\/b><\/div>\r\n<\/div><div class=\"banner-00\" style=\"background-color: #000\">\r\n<div class=\"ix-xmas-box-other\" style=\"font-size: 18px;padding: 7px 0;margin: 0 auto 0px auto\" align=\"center\"><b style=\"color: #fff\"> Juodojo penktadienio nuolaidos jau \u010dia! \u00a0 <a style=\"color: #f77209;font-weight: bold;text-decoration: none\" href=\"https:\/\/www.tauroessiccatori.com\/black-friday-2024\/\"> Spustel\u0117kite, kad j\u0173 nepraleistum\u0117te \u2192 <\/a>\r\n<\/b><\/div>\r\n<\/div><\/div><div>\n<p><strong>Apra\u0161ymas Video kursas apie pa\u017eang\u0173 d\u017eiovinim\u0105:<\/strong><\/p>\n<p>Jei j\u016bs\u0173 d\u017eiovykl\u0117 visada \u012fjungta, i\u0161bandykite j\u0105. Pa\u017eengusi\u0173j\u0173 kursuose susipa\u017einsite su sud\u0117tingesniais preparatais.<br \/>\nD\u017eiovykl\u0117 - tai kamera, kurioje temperat\u016bra yra daugiau ar ma\u017eiau pastovi ir kuri gali b\u016bti vertinga pagalbin\u0117 priemon\u0117 tam tikruose paruo\u0161imo procesuose, pakei\u010dianti kitus \u012frankius arba pagreitinanti tam tikrus etapus. \u0160efas Dalicandro i\u0161samiai paai\u0161kins \u0161i\u0173 patiekal\u0173 ruo\u0161imo b\u016bdus ir pagrindinius \u017eingsnius. Jis parodys rezultatus ir papasakos, kaip jis prad\u0117jo dirbti su kai kuriais preparatais, pasidalins savo ilgame\u010di\u0173 eksperiment\u0173 rezultatais.<br \/>\nEksperimentavimas - tai rezultat\u0173 vertinimas, supratimas, kaip produktas transformuojamas ir i\u0161saugomas. Prie\u0161 baigiant proces\u0105 reikia atsi\u017evelgti \u012f daugyb\u0119 parametr\u0173. Negalima sustoti ties nepageidaujamais rezultatais, bet reikia \u017einoti, kaip juos analizuoti.<br \/>\nReikia nepamir\u0161ti, kaip d\u017eiovykl\u0117 veikia maist\u0105, ir visada pasverti privalumus ir tr\u016bkumus. Negalime visko padaryti su eksikatoriumi. Visada turime nepamir\u0161ti, kam jis sukurtas.<br \/>\nBus nedidel\u0117 papildoma staigmena!<\/p>\n<div>\n<p><strong>KURS\u0172 PROGRAMA:<\/strong><\/p>\n<ul>\n1. Candying<br \/>\n2. Makaronai<br \/>\n3. D\u016bmimas<br \/>\n4. Sausas \u0160lapias sausas sausas<br \/>\n5. Sorbetas be prid\u0117tinio cukraus<br \/>\n6. Ry\u017eiai<br \/>\n7. Paruo\u0161ti patiekalai<br \/>\n8. Porkbushi<br \/>\n9. Sali<br \/>\n10. I\u0161grynintas sviestas<br \/>\n11. Infuzijos<br \/>\n12. Gr\u016bdintas \u0161okoladas<br \/>\n13. Juodieji \u010desnakai<br \/>\n14. Juodosios kalk\u0117s<br \/>\n15. Jogurtas<br \/>\n16. Tirpi kava<br \/>\n17. EXTRA: staigmena!\n<\/div>\n<p><strong>Reklaminis pasi\u016blymas: ADVANCED DRYING vaizdo kursas u\u017e 80,00 \u20ac vietoj 100,00 \u20ac - prieiga prie kurso 6 m\u0117nesius\u00a0<\/strong>\n<\/div>","protected":false},"excerpt":{"rendered":"<p>Metti un BIOSEC sotto l&#8217;Albero. SCOPRI QUI le promozioni di Natale! Gli sconti Black Friday sono qui! \u00a0 Clicca\u00a0per\u00a0non perderli \u2192 Descrizione Video Corso di ESSICCAZIONE AVANZATO: Se il tuo essiccatore \u00e8 sempre accesso, mettilo alla prova. Il corso avanzato ti introdurr\u00e0 alle preparazioni pi\u00f9 complesse. L\u2019essiccatore \u00e8 una camera a temperatura pi\u00f9 o meno [&hellip;]<\/p>","protected":false},"featured_media":167900,"comment_status":"closed","ping_status":"closed","template":"","meta":[],"product_cat":[196],"product_tag":[],"class_list":["post-165912","product","type-product","status-publish","has-post-thumbnail","hentry","product_cat-libri"],"acf":[],"yoast_head":"<!-- This site is optimized with the Yoast SEO plugin v20.10 - https:\/\/yoast.com\/wordpress\/plugins\/seo\/ -->\n<title>Corso di Essiccazione Avanzato - Tauro Essiccatori<\/title>\n<meta name=\"robots\" content=\"noindex, follow, max-snippet:-1, max-image-preview:large, max-video-preview:-1\" \/>\n<meta property=\"og:locale\" content=\"lt_LT\" \/>\n<meta property=\"og:type\" content=\"article\" \/>\n<meta property=\"og:title\" content=\"Corso di Essiccazione Avanzato - Tauro Essiccatori\" \/>\n<meta property=\"og:description\" content=\"Metti un BIOSEC sotto l&#039;Albero. SCOPRI QUI le promozioni di Natale! Gli sconti Black Friday sono qui! \u00a0 Clicca\u00a0per\u00a0non perderli \u2192 Descrizione Video Corso di ESSICCAZIONE AVANZATO: Se il tuo essiccatore \u00e8 sempre accesso, mettilo alla prova. Il corso avanzato ti introdurr\u00e0 alle preparazioni pi\u00f9 complesse. L\u2019essiccatore \u00e8 una camera a temperatura pi\u00f9 o meno [&hellip;]\" \/>\n<meta property=\"og:url\" content=\"https:\/\/stor51.tauroessiccatori.com\/lt\/p\/isplestinis-dziovinimo-kursas\/\" \/>\n<meta property=\"og:site_name\" content=\"Tauro Essiccatori\" \/>\n<meta property=\"article:publisher\" content=\"https:\/\/www.facebook.com\/TauroEssiccatori\/\" \/>\n<meta property=\"article:modified_time\" content=\"2023-04-17T15:27:36+00:00\" \/>\n<meta property=\"og:image\" content=\"https:\/\/stor51.tauroessiccatori.com\/wp-assets\/uploads\/2022\/10\/tauro_chef_dalicandro_corsi.jpg\" \/>\n\t<meta property=\"og:image:width\" content=\"2048\" \/>\n\t<meta property=\"og:image:height\" content=\"1266\" \/>\n\t<meta property=\"og:image:type\" content=\"image\/jpeg\" \/>\n<meta name=\"twitter:card\" content=\"summary_large_image\" \/>\n<meta name=\"twitter:label1\" content=\"Est. reading time\" \/>\n\t<meta name=\"twitter:data1\" content=\"1 minut\u0117\" \/>\n<script type=\"application\/ld+json\" class=\"yoast-schema-graph\">{\"@context\":\"https:\/\/schema.org\",\"@graph\":[{\"@type\":\"WebPage\",\"@id\":\"https:\/\/stor51.tauroessiccatori.com\/p\/corso-di-essiccazione-avanzato\/\",\"url\":\"https:\/\/stor51.tauroessiccatori.com\/p\/corso-di-essiccazione-avanzato\/\",\"name\":\"Corso di Essiccazione Avanzato - Tauro Essiccatori\",\"isPartOf\":{\"@id\":\"https:\/\/stor51.tauroessiccatori.com\/#website\"},\"datePublished\":\"2022-10-05T08:22:47+00:00\",\"dateModified\":\"2023-04-17T15:27:36+00:00\",\"breadcrumb\":{\"@id\":\"https:\/\/stor51.tauroessiccatori.com\/p\/corso-di-essiccazione-avanzato\/#breadcrumb\"},\"inLanguage\":\"lt-LT\",\"potentialAction\":[{\"@type\":\"ReadAction\",\"target\":[\"https:\/\/stor51.tauroessiccatori.com\/p\/corso-di-essiccazione-avanzato\/\"]}]},{\"@type\":\"BreadcrumbList\",\"@id\":\"https:\/\/stor51.tauroessiccatori.com\/p\/corso-di-essiccazione-avanzato\/#breadcrumb\",\"itemListElement\":[{\"@type\":\"ListItem\",\"position\":1,\"name\":\"Home\",\"item\":\"https:\/\/stor51.tauroessiccatori.com\/\"},{\"@type\":\"ListItem\",\"position\":2,\"name\":\"Shop\",\"item\":\"https:\/\/stor51.tauroessiccatori.com\/negozio\/\"},{\"@type\":\"ListItem\",\"position\":3,\"name\":\"Corso di Essiccazione Avanzato\"}]},{\"@type\":\"WebSite\",\"@id\":\"https:\/\/stor51.tauroessiccatori.com\/#website\",\"url\":\"https:\/\/stor51.tauroessiccatori.com\/\",\"name\":\"Tauro Essiccatori\",\"description\":\"Welcome to Tauro Essiccatori online shop\",\"publisher\":{\"@id\":\"https:\/\/stor51.tauroessiccatori.com\/#organization\"},\"potentialAction\":[{\"@type\":\"SearchAction\",\"target\":{\"@type\":\"EntryPoint\",\"urlTemplate\":\"https:\/\/stor51.tauroessiccatori.com\/?s={search_term_string}\"},\"query-input\":\"required name=search_term_string\"}],\"inLanguage\":\"lt-LT\"},{\"@type\":\"Organization\",\"@id\":\"https:\/\/stor51.tauroessiccatori.com\/#organization\",\"name\":\"Tauro Essiccatori\",\"url\":\"https:\/\/stor51.tauroessiccatori.com\/\",\"logo\":{\"@type\":\"ImageObject\",\"inLanguage\":\"lt-LT\",\"@id\":\"https:\/\/stor51.tauroessiccatori.com\/#\/schema\/logo\/image\/\",\"url\":\"https:\/\/www.tauroessiccatori.com\/wp-assets\/uploads\/2017\/07\/logo_tauro_500x109px.png\",\"contentUrl\":\"https:\/\/www.tauroessiccatori.com\/wp-assets\/uploads\/2017\/07\/logo_tauro_500x109px.png\",\"width\":500,\"height\":109,\"caption\":\"Tauro Essiccatori\"},\"image\":{\"@id\":\"https:\/\/stor51.tauroessiccatori.com\/#\/schema\/logo\/image\/\"},\"sameAs\":[\"https:\/\/www.facebook.com\/TauroEssiccatori\/\",\"https:\/\/www.instagram.com\/tauro_essiccatori\/\",\"https:\/\/it.linkedin.com\/company\/tauro-essiccatori\",\"https:\/\/www.youtube.com\/user\/tauroessiccatori\"]}]}<\/script>\n<!-- \/ Yoast SEO plugin. -->","yoast_head_json":{"title":"Corso di Essiccazione Avanzato - Tauro Essiccatori","robots":{"index":"noindex","follow":"follow","max-snippet":"max-snippet:-1","max-image-preview":"max-image-preview:large","max-video-preview":"max-video-preview:-1"},"og_locale":"lt_LT","og_type":"article","og_title":"Corso di Essiccazione Avanzato - Tauro Essiccatori","og_description":"Metti un BIOSEC sotto l'Albero. SCOPRI QUI le promozioni di Natale! Gli sconti Black Friday sono qui! \u00a0 Clicca\u00a0per\u00a0non perderli \u2192 Descrizione Video Corso di ESSICCAZIONE AVANZATO: Se il tuo essiccatore \u00e8 sempre accesso, mettilo alla prova. Il corso avanzato ti introdurr\u00e0 alle preparazioni pi\u00f9 complesse. L\u2019essiccatore \u00e8 una camera a temperatura pi\u00f9 o meno [&hellip;]","og_url":"https:\/\/stor51.tauroessiccatori.com\/lt\/p\/isplestinis-dziovinimo-kursas\/","og_site_name":"Tauro Essiccatori","article_publisher":"https:\/\/www.facebook.com\/TauroEssiccatori\/","article_modified_time":"2023-04-17T15:27:36+00:00","og_image":[{"width":2048,"height":1266,"url":"https:\/\/stor51.tauroessiccatori.com\/wp-assets\/uploads\/2022\/10\/tauro_chef_dalicandro_corsi.jpg","type":"image\/jpeg"}],"twitter_card":"summary_large_image","twitter_misc":{"Est. reading time":"1 minut\u0117"},"schema":{"@context":"https:\/\/schema.org","@graph":[{"@type":"WebPage","@id":"https:\/\/stor51.tauroessiccatori.com\/p\/corso-di-essiccazione-avanzato\/","url":"https:\/\/stor51.tauroessiccatori.com\/p\/corso-di-essiccazione-avanzato\/","name":"Corso di Essiccazione Avanzato - Tauro Essiccatori","isPartOf":{"@id":"https:\/\/stor51.tauroessiccatori.com\/#website"},"datePublished":"2022-10-05T08:22:47+00:00","dateModified":"2023-04-17T15:27:36+00:00","breadcrumb":{"@id":"https:\/\/stor51.tauroessiccatori.com\/p\/corso-di-essiccazione-avanzato\/#breadcrumb"},"inLanguage":"lt-LT","potentialAction":[{"@type":"ReadAction","target":["https:\/\/stor51.tauroessiccatori.com\/p\/corso-di-essiccazione-avanzato\/"]}]},{"@type":"BreadcrumbList","@id":"https:\/\/stor51.tauroessiccatori.com\/p\/corso-di-essiccazione-avanzato\/#breadcrumb","itemListElement":[{"@type":"ListItem","position":1,"name":"Home","item":"https:\/\/stor51.tauroessiccatori.com\/"},{"@type":"ListItem","position":2,"name":"Shop","item":"https:\/\/stor51.tauroessiccatori.com\/negozio\/"},{"@type":"ListItem","position":3,"name":"Corso di Essiccazione Avanzato"}]},{"@type":"WebSite","@id":"https:\/\/stor51.tauroessiccatori.com\/#website","url":"https:\/\/stor51.tauroessiccatori.com\/","name":"Tauro Essiccatori","description":"Welcome to Tauro Essiccatori online shop","publisher":{"@id":"https:\/\/stor51.tauroessiccatori.com\/#organization"},"potentialAction":[{"@type":"SearchAction","target":{"@type":"EntryPoint","urlTemplate":"https:\/\/stor51.tauroessiccatori.com\/?s={search_term_string}"},"query-input":"required name=search_term_string"}],"inLanguage":"lt-LT"},{"@type":"Organization","@id":"https:\/\/stor51.tauroessiccatori.com\/#organization","name":"Tauro Essiccatori","url":"https:\/\/stor51.tauroessiccatori.com\/","logo":{"@type":"ImageObject","inLanguage":"lt-LT","@id":"https:\/\/stor51.tauroessiccatori.com\/#\/schema\/logo\/image\/","url":"https:\/\/www.tauroessiccatori.com\/wp-assets\/uploads\/2017\/07\/logo_tauro_500x109px.png","contentUrl":"https:\/\/www.tauroessiccatori.com\/wp-assets\/uploads\/2017\/07\/logo_tauro_500x109px.png","width":500,"height":109,"caption":"Tauro Essiccatori"},"image":{"@id":"https:\/\/stor51.tauroessiccatori.com\/#\/schema\/logo\/image\/"},"sameAs":["https:\/\/www.facebook.com\/TauroEssiccatori\/","https:\/\/www.instagram.com\/tauro_essiccatori\/","https:\/\/it.linkedin.com\/company\/tauro-essiccatori","https:\/\/www.youtube.com\/user\/tauroessiccatori"]}]}},"_links":{"self":[{"href":"https:\/\/stor51.tauroessiccatori.com\/lt\/wp-json\/wp\/v2\/product\/165912"}],"collection":[{"href":"https:\/\/stor51.tauroessiccatori.com\/lt\/wp-json\/wp\/v2\/product"}],"about":[{"href":"https:\/\/stor51.tauroessiccatori.com\/lt\/wp-json\/wp\/v2\/types\/product"}],"replies":[{"embeddable":true,"href":"https:\/\/stor51.tauroessiccatori.com\/lt\/wp-json\/wp\/v2\/comments?post=165912"}],"wp:featuredmedia":[{"embeddable":true,"href":"https:\/\/stor51.tauroessiccatori.com\/lt\/wp-json\/wp\/v2\/media\/167900"}],"wp:attachment":[{"href":"https:\/\/stor51.tauroessiccatori.com\/lt\/wp-json\/wp\/v2\/media?parent=165912"}],"wp:term":[{"taxonomy":"product_cat","embeddable":true,"href":"https:\/\/stor51.tauroessiccatori.com\/lt\/wp-json\/wp\/v2\/product_cat?post=165912"},{"taxonomy":"product_tag","embeddable":true,"href":"https:\/\/stor51.tauroessiccatori.com\/lt\/wp-json\/wp\/v2\/product_tag?post=165912"}],"curies":[{"name":"wp","href":"https:\/\/api.w.org\/{rel}","templated":true}]}}