


{"id":112156,"date":"2021-07-16T19:32:22","date_gmt":"2021-07-16T17:32:22","guid":{"rendered":"https:\/\/www.tauroessiccatori.com\/?post_type=product&#038;p=112156\/"},"modified":"2023-05-12T10:53:46","modified_gmt":"2023-05-12T08:53:46","slug":"b-master-twin-xl-tauro-essiccatori-professionali","status":"publish","type":"product","link":"https:\/\/stor51.tauroessiccatori.com\/lt\/p\/b-master-twin-xl-dryers-tauro-profesionalus-dziovintuvas\/","title":{"rendered":"B.Master TWIN XL"},"content":{"rendered":"<div class=\"tauro-banners\"><div class=\"banner-00\" style=\"background-color: #852035\">\r\n<div class=\"ix-xmas-box-other\" style=\"font-size: 18px;padding: 7px 0;margin: 0 auto 0px auto\" align=\"center\"><b style=\"color: #fff;font-size: 18px\">Po med\u017eiu pad\u0117kite BIOSEC. <a style=\"color: #f8cc89;font-weight: bold;text-decoration: none;font-size: 18px\" href=\"https:\/\/www.tauroessiccatori.com\/christmas-2024\/\">ATRASKITE \u010cIA<\/a> Kal\u0117din\u0117s akcijos!<\/b><\/div>\r\n<\/div><div class=\"banner-00\" style=\"background-color: #000\">\r\n<div class=\"ix-xmas-box-other\" style=\"font-size: 18px;padding: 7px 0;margin: 0 auto 0px auto\" align=\"center\"><b style=\"color: #fff\"> Juodojo penktadienio nuolaidos jau \u010dia! \u00a0 <a style=\"color: #f77209;font-weight: bold;text-decoration: none\" href=\"https:\/\/www.tauroessiccatori.com\/black-friday-2024\/\"> Spustel\u0117kite, kad j\u0173 nepraleistum\u0117te \u2192 <\/a>\r\n<\/b><\/div>\r\n<\/div><\/div><div>\n<p style=\"text-align: justify\">\"B.Master TwinXL\" atitinka ma\u017e\u0173 ir vidutini\u0173 procesori\u0173 poreikius. Standarti\u0161kai \u012frengtas 10,2 kW elektrinis \u0161ilumos \u0161altinis. Elektrin\u0119 \u0161ildymo sistem\u0105 galima papildyti arba pakeisti vandens \u0161ildymo akumuliatoriais, kad b\u016bt\u0173 naudojami alternatyv\u016bs energijos \u0161altiniai. \"B.Master Twin\" taip pat yra modulin\u0117s konstrukcijos, tod\u0117l j\u0105 galima i\u0161pl\u0117sti antru d\u017eiovinimo moduliu ir taip padidinti na\u0161um\u0105.<\/p>\n<\/div>\n<p>&nbsp;<\/p>\n<div>\n<p><strong>Automatinis v\u0117dinimo modulis<\/strong><\/p>\n<p style=\"text-align: justify\">Jis savaranki\u0161kai aptinka ir pa\u0161alina dr\u0117gm\u0117s prisotint\u0105 or\u0105, nukreipdamas j\u012f \u012f i\u0161or\u0119. Sistema u\u017etikrina optimali\u0105 ir veiksming\u0105 oro cirkuliacij\u0105 bei puiki\u0105 dr\u0117gm\u0117s kontrol\u0119, kad d\u017eiovinimas b\u016bt\u0173 efektyvesnis, greitesnis ir ekonomi\u0161kesnis.<\/p>\n<p><strong>Papildomas d\u017eiovinimo modulis (pasirinktinai)<\/strong><\/p>\n<\/div>\n<p>&nbsp;<\/p>\n<div>\n<p style=\"text-align: justify\">Tai papildoma d\u017eiovinimo kamera, tiesiogiai prijungta prie \"B.Master\" d\u017eiovyklos, tod\u0117l jos paj\u0117gum\u0105 galima padvigubinti.<\/p>\n<\/div>","protected":false},"excerpt":{"rendered":"<p>Metti un BIOSEC sotto l&#8217;Albero. SCOPRI QUI le promozioni di Natale! Gli sconti Black Friday sono qui! \u00a0 Clicca\u00a0per\u00a0non perderli \u2192 B.Master TwinXL risponde alle esigenze delle piccole\/medie aziende di trasformazione. Nasce dotato di una fonte di calore elettrica da 10,2 kW di serie. Il sistema di riscaldamento elettrico pu\u00f2 essere integrato o sostituito con [&hellip;]<\/p>","protected":false},"featured_media":168042,"comment_status":"closed","ping_status":"closed","template":"","meta":[],"product_cat":[194],"product_tag":[],"class_list":["post-112156","product","type-product","status-publish","has-post-thumbnail","hentry","product_cat-essiccatori-professionali"],"acf":[],"yoast_head":"<!-- This site is optimized with the Yoast SEO plugin v20.10 - https:\/\/yoast.com\/wordpress\/plugins\/seo\/ -->\n<title>B.Master TWIN XL essiccatore professionale per frutta e verdura- Tauro Essiccatori<\/title>\n<meta name=\"description\" content=\"SE VUOI NE VALE TUTTA LA PENA.Ottimizza la superficie del tuo B.Master con il massimo numero di ripiani, fino a 88 per modulo, per un totale di 176 pezzi ed una potenza massima di 15 kW.\" \/>\n<meta name=\"robots\" content=\"noindex, follow, max-snippet:-1, max-image-preview:large, max-video-preview:-1\" \/>\n<meta property=\"og:locale\" content=\"lt_LT\" \/>\n<meta property=\"og:type\" content=\"article\" \/>\n<meta property=\"og:title\" content=\"B.Master TWIN XL essiccatore professionale per frutta e verdura- Tauro Essiccatori\" \/>\n<meta property=\"og:description\" content=\"SE VUOI NE VALE TUTTA LA PENA.Ottimizza la superficie del tuo B.Master con il massimo numero di ripiani, fino a 88 per modulo, per un totale di 176 pezzi ed una potenza massima di 15 kW.\" \/>\n<meta property=\"og:url\" content=\"https:\/\/stor51.tauroessiccatori.com\/lt\/p\/b-master-twin-xl-dryers-tauro-profesionalus-dziovintuvas\/\" \/>\n<meta property=\"og:site_name\" content=\"Tauro Essiccatori\" \/>\n<meta property=\"article:publisher\" content=\"https:\/\/www.facebook.com\/TauroEssiccatori\/\" \/>\n<meta property=\"article:modified_time\" content=\"2023-05-12T08:53:46+00:00\" \/>\n<meta property=\"og:image\" content=\"https:\/\/stor51.tauroessiccatori.com\/wp-assets\/uploads\/2021\/07\/essiccatore_professionale_bmaster-twin-xl-aperto_tauro-essiccatori.jpg\" \/>\n\t<meta property=\"og:image:width\" content=\"1600\" \/>\n\t<meta property=\"og:image:height\" content=\"1266\" \/>\n\t<meta property=\"og:image:type\" content=\"image\/jpeg\" \/>\n<meta name=\"twitter:card\" content=\"summary_large_image\" \/>\n<meta name=\"twitter:label1\" content=\"Est. reading time\" \/>\n\t<meta name=\"twitter:data1\" content=\"1 minut\u0117\" \/>\n<script type=\"application\/ld+json\" class=\"yoast-schema-graph\">{\"@context\":\"https:\/\/schema.org\",\"@graph\":[{\"@type\":\"WebPage\",\"@id\":\"https:\/\/stor51.tauroessiccatori.com\/p\/b-master-twin-xl-tauro-essiccatori-professionali\/\",\"url\":\"https:\/\/stor51.tauroessiccatori.com\/p\/b-master-twin-xl-tauro-essiccatori-professionali\/\",\"name\":\"B.Master TWIN XL essiccatore professionale per frutta e verdura- Tauro Essiccatori\",\"isPartOf\":{\"@id\":\"https:\/\/stor51.tauroessiccatori.com\/#website\"},\"datePublished\":\"2021-07-16T17:32:22+00:00\",\"dateModified\":\"2023-05-12T08:53:46+00:00\",\"description\":\"SE VUOI NE VALE TUTTA LA PENA.Ottimizza la superficie del tuo B.Master con il massimo numero di ripiani, fino a 88 per modulo, per un totale di 176 pezzi ed una potenza massima di 15 kW.\",\"breadcrumb\":{\"@id\":\"https:\/\/stor51.tauroessiccatori.com\/p\/b-master-twin-xl-tauro-essiccatori-professionali\/#breadcrumb\"},\"inLanguage\":\"lt-LT\",\"potentialAction\":[{\"@type\":\"ReadAction\",\"target\":[\"https:\/\/stor51.tauroessiccatori.com\/p\/b-master-twin-xl-tauro-essiccatori-professionali\/\"]}]},{\"@type\":\"BreadcrumbList\",\"@id\":\"https:\/\/stor51.tauroessiccatori.com\/p\/b-master-twin-xl-tauro-essiccatori-professionali\/#breadcrumb\",\"itemListElement\":[{\"@type\":\"ListItem\",\"position\":1,\"name\":\"Home\",\"item\":\"https:\/\/stor51.tauroessiccatori.com\/\"},{\"@type\":\"ListItem\",\"position\":2,\"name\":\"Shop\",\"item\":\"https:\/\/stor51.tauroessiccatori.com\/negozio\/\"},{\"@type\":\"ListItem\",\"position\":3,\"name\":\"B.Master TWIN XL\"}]},{\"@type\":\"WebSite\",\"@id\":\"https:\/\/stor51.tauroessiccatori.com\/#website\",\"url\":\"https:\/\/stor51.tauroessiccatori.com\/\",\"name\":\"Tauro Essiccatori\",\"description\":\"Welcome to Tauro Essiccatori online shop\",\"publisher\":{\"@id\":\"https:\/\/stor51.tauroessiccatori.com\/#organization\"},\"potentialAction\":[{\"@type\":\"SearchAction\",\"target\":{\"@type\":\"EntryPoint\",\"urlTemplate\":\"https:\/\/stor51.tauroessiccatori.com\/?s={search_term_string}\"},\"query-input\":\"required name=search_term_string\"}],\"inLanguage\":\"lt-LT\"},{\"@type\":\"Organization\",\"@id\":\"https:\/\/stor51.tauroessiccatori.com\/#organization\",\"name\":\"Tauro Essiccatori\",\"url\":\"https:\/\/stor51.tauroessiccatori.com\/\",\"logo\":{\"@type\":\"ImageObject\",\"inLanguage\":\"lt-LT\",\"@id\":\"https:\/\/stor51.tauroessiccatori.com\/#\/schema\/logo\/image\/\",\"url\":\"https:\/\/www.tauroessiccatori.com\/wp-assets\/uploads\/2017\/07\/logo_tauro_500x109px.png\",\"contentUrl\":\"https:\/\/www.tauroessiccatori.com\/wp-assets\/uploads\/2017\/07\/logo_tauro_500x109px.png\",\"width\":500,\"height\":109,\"caption\":\"Tauro Essiccatori\"},\"image\":{\"@id\":\"https:\/\/stor51.tauroessiccatori.com\/#\/schema\/logo\/image\/\"},\"sameAs\":[\"https:\/\/www.facebook.com\/TauroEssiccatori\/\",\"https:\/\/www.instagram.com\/tauro_essiccatori\/\",\"https:\/\/it.linkedin.com\/company\/tauro-essiccatori\",\"https:\/\/www.youtube.com\/user\/tauroessiccatori\"]}]}<\/script>\n<!-- \/ Yoast SEO plugin. -->","yoast_head_json":{"title":"B.Master TWIN XL essiccatore professionale per frutta e verdura- Tauro Essiccatori","description":"SE VUOI NE VALE TUTTA LA PENA.Ottimizza la superficie del tuo B.Master con il massimo numero di ripiani, fino a 88 per modulo, per un totale di 176 pezzi ed una potenza massima di 15 kW.","robots":{"index":"noindex","follow":"follow","max-snippet":"max-snippet:-1","max-image-preview":"max-image-preview:large","max-video-preview":"max-video-preview:-1"},"og_locale":"lt_LT","og_type":"article","og_title":"B.Master TWIN XL essiccatore professionale per frutta e verdura- Tauro Essiccatori","og_description":"SE VUOI NE VALE TUTTA LA PENA.Ottimizza la superficie del tuo B.Master con il massimo numero di ripiani, fino a 88 per modulo, per un totale di 176 pezzi ed una potenza massima di 15 kW.","og_url":"https:\/\/stor51.tauroessiccatori.com\/lt\/p\/b-master-twin-xl-dryers-tauro-profesionalus-dziovintuvas\/","og_site_name":"Tauro Essiccatori","article_publisher":"https:\/\/www.facebook.com\/TauroEssiccatori\/","article_modified_time":"2023-05-12T08:53:46+00:00","og_image":[{"width":1600,"height":1266,"url":"https:\/\/stor51.tauroessiccatori.com\/wp-assets\/uploads\/2021\/07\/essiccatore_professionale_bmaster-twin-xl-aperto_tauro-essiccatori.jpg","type":"image\/jpeg"}],"twitter_card":"summary_large_image","twitter_misc":{"Est. reading time":"1 minut\u0117"},"schema":{"@context":"https:\/\/schema.org","@graph":[{"@type":"WebPage","@id":"https:\/\/stor51.tauroessiccatori.com\/p\/b-master-twin-xl-tauro-essiccatori-professionali\/","url":"https:\/\/stor51.tauroessiccatori.com\/p\/b-master-twin-xl-tauro-essiccatori-professionali\/","name":"B.Master TWIN XL essiccatore professionale per frutta e verdura- Tauro Essiccatori","isPartOf":{"@id":"https:\/\/stor51.tauroessiccatori.com\/#website"},"datePublished":"2021-07-16T17:32:22+00:00","dateModified":"2023-05-12T08:53:46+00:00","description":"SE VUOI NE VALE TUTTA LA PENA.Ottimizza la superficie del tuo B.Master con il massimo numero di ripiani, fino a 88 per modulo, per un totale di 176 pezzi ed una potenza massima di 15 kW.","breadcrumb":{"@id":"https:\/\/stor51.tauroessiccatori.com\/p\/b-master-twin-xl-tauro-essiccatori-professionali\/#breadcrumb"},"inLanguage":"lt-LT","potentialAction":[{"@type":"ReadAction","target":["https:\/\/stor51.tauroessiccatori.com\/p\/b-master-twin-xl-tauro-essiccatori-professionali\/"]}]},{"@type":"BreadcrumbList","@id":"https:\/\/stor51.tauroessiccatori.com\/p\/b-master-twin-xl-tauro-essiccatori-professionali\/#breadcrumb","itemListElement":[{"@type":"ListItem","position":1,"name":"Home","item":"https:\/\/stor51.tauroessiccatori.com\/"},{"@type":"ListItem","position":2,"name":"Shop","item":"https:\/\/stor51.tauroessiccatori.com\/negozio\/"},{"@type":"ListItem","position":3,"name":"B.Master TWIN XL"}]},{"@type":"WebSite","@id":"https:\/\/stor51.tauroessiccatori.com\/#website","url":"https:\/\/stor51.tauroessiccatori.com\/","name":"Tauro Essiccatori","description":"Welcome to Tauro Essiccatori online shop","publisher":{"@id":"https:\/\/stor51.tauroessiccatori.com\/#organization"},"potentialAction":[{"@type":"SearchAction","target":{"@type":"EntryPoint","urlTemplate":"https:\/\/stor51.tauroessiccatori.com\/?s={search_term_string}"},"query-input":"required name=search_term_string"}],"inLanguage":"lt-LT"},{"@type":"Organization","@id":"https:\/\/stor51.tauroessiccatori.com\/#organization","name":"Tauro Essiccatori","url":"https:\/\/stor51.tauroessiccatori.com\/","logo":{"@type":"ImageObject","inLanguage":"lt-LT","@id":"https:\/\/stor51.tauroessiccatori.com\/#\/schema\/logo\/image\/","url":"https:\/\/www.tauroessiccatori.com\/wp-assets\/uploads\/2017\/07\/logo_tauro_500x109px.png","contentUrl":"https:\/\/www.tauroessiccatori.com\/wp-assets\/uploads\/2017\/07\/logo_tauro_500x109px.png","width":500,"height":109,"caption":"Tauro Essiccatori"},"image":{"@id":"https:\/\/stor51.tauroessiccatori.com\/#\/schema\/logo\/image\/"},"sameAs":["https:\/\/www.facebook.com\/TauroEssiccatori\/","https:\/\/www.instagram.com\/tauro_essiccatori\/","https:\/\/it.linkedin.com\/company\/tauro-essiccatori","https:\/\/www.youtube.com\/user\/tauroessiccatori"]}]}},"_links":{"self":[{"href":"https:\/\/stor51.tauroessiccatori.com\/lt\/wp-json\/wp\/v2\/product\/112156"}],"collection":[{"href":"https:\/\/stor51.tauroessiccatori.com\/lt\/wp-json\/wp\/v2\/product"}],"about":[{"href":"https:\/\/stor51.tauroessiccatori.com\/lt\/wp-json\/wp\/v2\/types\/product"}],"replies":[{"embeddable":true,"href":"https:\/\/stor51.tauroessiccatori.com\/lt\/wp-json\/wp\/v2\/comments?post=112156"}],"wp:featuredmedia":[{"embeddable":true,"href":"https:\/\/stor51.tauroessiccatori.com\/lt\/wp-json\/wp\/v2\/media\/168042"}],"wp:attachment":[{"href":"https:\/\/stor51.tauroessiccatori.com\/lt\/wp-json\/wp\/v2\/media?parent=112156"}],"wp:term":[{"taxonomy":"product_cat","embeddable":true,"href":"https:\/\/stor51.tauroessiccatori.com\/lt\/wp-json\/wp\/v2\/product_cat?post=112156"},{"taxonomy":"product_tag","embeddable":true,"href":"https:\/\/stor51.tauroessiccatori.com\/lt\/wp-json\/wp\/v2\/product_tag?post=112156"}],"curies":[{"name":"wp","href":"https:\/\/api.w.org\/{rel}","templated":true}]}}