


{"id":5801,"date":"2019-11-02T10:19:08","date_gmt":"2019-11-02T09:19:08","guid":{"rendered":"https:\/\/www.tauroessiccatori.com\/?page_id=5801\/"},"modified":"2022-08-06T17:17:50","modified_gmt":"2022-08-06T15:17:50","slug":"chef","status":"publish","type":"page","link":"https:\/\/stor51.tauroessiccatori.com\/lt\/inspiracijos\/kodel-dziovinimas\/virejas\/","title":{"rendered":"Kod\u0117l reikia d\u017eiovinti, jei esate vir\u0117jas?"},"content":{"rendered":"<div class=\"tauro-banners\"><div class=\"banner-00\" style=\"background-color: #852035\">\r\n<div class=\"ix-xmas-box-other\" style=\"font-size: 18px;padding: 7px 0;margin: 0 auto 0px auto\" align=\"center\"><b style=\"color: #fff;font-size: 18px\">Po med\u017eiu pad\u0117kite BIOSEC. <a style=\"color: #f8cc89;font-weight: bold;text-decoration: none;font-size: 18px\" href=\"https:\/\/www.tauroessiccatori.com\/christmas-2024\/\">ATRASKITE \u010cIA<\/a> Kal\u0117din\u0117s akcijos!<\/b><\/div>\r\n<\/div><div class=\"banner-00\" style=\"background-color: #000\">\r\n<div class=\"ix-xmas-box-other\" style=\"font-size: 18px;padding: 7px 0;margin: 0 auto 0px auto\" align=\"center\"><b style=\"color: #fff\"> Juodojo penktadienio nuolaidos jau \u010dia! \u00a0 <a style=\"color: #f77209;font-weight: bold;text-decoration: none\" href=\"https:\/\/www.tauroessiccatori.com\/black-friday-2024\/\"> Spustel\u0117kite, kad j\u0173 nepraleistum\u0117te \u2192 <\/a>\r\n<\/b><\/div>\r\n<\/div><\/div><p><!-- 2022-08-03 italix: kevin: was:h2 add:ix-h1--><\/p>\n<h1 class=\"ix-h1\">kod\u0117l reikia d\u017eiovinti, jei esate vir\u0117jas<\/h1>\n<p><a name=\"approfondimenti\"><\/a><\/p>\n<div class=\"p1 ix-intestazione-azienda\">Netik\u0117ta konsistencija, netik\u0117ti kontrastai, intensyvios spalvos, koncentruoti skoniai, skonio sprogimai. I\u0161laisvinkite savo k\u016brybi\u0161kum\u0105 ir i\u0161skirkite savo pasi\u016blymus d\u017eiovinimo magija.<\/div>\n<div style=\"background-color: #ffeebf; margin: 70px 0;\">\n<div class=\"ix-chef-1st-banner\">\n<div class=\"uk-grid uk-grid-medium\">\n<div class=\"uk-width-large-1-3\"><\/div>\n<div class=\"uk-width-large-2-3\">\n<h2 class=\"ix-azienda-1st-banner-h2\">d\u017eiovinimas tampa menu<\/h2>\n<div class=\"p1 ix-azienda-1st-banner-text\">B\u016bkite atpa\u017e\u012fstami, \u012fsiminkite. Su\u017einokite, kaip d\u017eiovinti produktai suteikia naujovi\u0173 ir skonio, i\u0161laisvina k\u016brybi\u0161kum\u0105, atnaujina j\u016bs\u0173 pasi\u016bl\u0105. Vienintel\u0117 riba - j\u016bs\u0173 vaizduot\u0117: su \"Tauro\" galite transformuoti ir panaudoti bet kok\u012f maisto produkt\u0105, kurdami naujus skanius, sveikus ir originalius sprendimus.<\/div>\n<\/p><\/div>\n<\/p><\/div>\n<\/p><\/div>\n<\/div>\n<div style=\"background-color: #fad0c3; margin: 70px 0;\">\n<div class=\"ix-chef-2nd-banner\">\n<div class=\"uk-grid uk-grid-medium\">\n<div class=\"uk-width-large-2-3\">\n<h2 class=\"ix-why-dry-chef-h2\">Itali\u0161ka kokyb\u0117, profesionali technologija<\/h2>\n<div class=\"p1 ix-azienda-2nd-banner-text\">Profesionali\u0173 linij\u0173 \"Biosec Pro\" ir \"B.Master\" modeliai, taip pat m\u016bs\u0173 \"Biosec De Luxe\", visi\u0161kai pagaminti i\u0161 ner\u016bdijan\u010dio plieno, yra sukurti taip, kad u\u017etikrint\u0173 geriausius rezultatus, visapusi\u0161kai tausojant maist\u0105, greitai ir su ma\u017eesn\u0117mis s\u0105naudomis. I\u0161valykite orkait\u0119 ir \u012fjunkite d\u017eiovinim\u0105!<\/div>\n<\/p><\/div>\n<div class=\"uk-width-large-1-3\"><\/div>\n<\/p><\/div>\n<\/p><\/div>\n<\/div>\n<p><a name=\"clienti\"><\/a><\/p>\n<h2 class=\"ix-h2-azienda\">Jie dirba su mumis<\/h2>\n<div class=\"p1 ix-intestazione-azienda\">Daugyb\u0117 vir\u0117j\u0173 kasdien renkasi \"Tauro\" kokyb\u0119 ir garantij\u0105. Su\u017einokite, kod\u0117l, ir pasisemkite \u012fkv\u0117pimo kitam k\u016briniui.<\/div>\n<div class=\"ix-max-box-medium ix-double-box\">\n<div class=\"uk-grid uk-grid-medium\">\n<div class=\"uk-width-large-1-2\">\n<div class=\"uk-grid uk-grid-collapse\">\n<div class=\"uk-width-1-1 uk-width-large-1-1\"><img loading=\"lazy\" decoding=\"async\" class=\"ix-aziende-tauro-image alignnone\" src=\"https:\/\/stor51.tauroessiccatori.com\/wp-assets\/uploads\/2019\/11\/Paolo-Dalicandro-Tauro-Essiccatori.jpg\" alt=\"paolo dalicandro tauro \u0161efas d\u017eiovintuvai profesionalus d\u017eiovinimas\" width=\"1500\" height=\"752\" \/><\/div>\n<div class=\"uk-width-1-1 uk-width-large-1-1\">\n<div class=\"ix-aziente-tauro-grey-container\">\n<div class=\"ix-aziende-tauro-h3\">\n<h3 class=\"ix-aziende-tauro-nome\">\u0160efas Paolo Dalicandro<\/h3>\n<h3 class=\"ix-aziende-tauro-luogo\">Roma<\/h3>\n<\/p><\/div>\n<div class=\"ix-aziende-tauro-underline\"><\/div>\n<div class=\"p2 ix-aziende-tauro-txt\">Po ilg\u0173 bendradarbiavimo met\u0173 Paolo tapo oficialiu \"Tauro\" virtuv\u0117s \u0161efu. Garsus savo mokymais visoje Italijoje, vaizdo pamokomis ir netik\u0117tais stebuklais, kuriuos jis sugeba i\u0161traukti i\u0161 savo \"Biosec\" - nuo popieriaus iki uogien\u0117s, nuo druskos iki cukruot\u0173 vaisi\u0173.<\/div>\n<\/p><\/div>\n<\/p><\/div>\n<\/p><\/div>\n<\/p><\/div>\n<div class=\"uk-width-large-1-2\">\n<div class=\"uk-grid uk-grid-collapse\">\n<div class=\"uk-width-1-1 uk-width-large-1-1\"><img loading=\"lazy\" decoding=\"async\" class=\"ix-aziende-tauro-image alignnone\" src=\"https:\/\/stor51.tauroessiccatori.com\/wp-assets\/uploads\/2019\/11\/igles-corelli-tauro-essiccatori.jpg\" alt=\"&quot;Igles Corelli&quot; vir\u0117j\u0173 d\u017eiovykl\u0117s Tauro profesionali kokyb\u0117\" width=\"1145\" height=\"574\" \/><\/div>\n<div class=\"uk-width-1-1 uk-width-large-1-1\">\n<div class=\"ix-aziente-tauro-grey-container\">\n<div class=\"ix-aziende-tauro-h3\">\n<h3 class=\"ix-aziende-tauro-nome\">Igles Corelli<\/h3>\n<h3 class=\"ix-aziende-tauro-luogo\">Roma<\/h3>\n<\/p><\/div>\n<div class=\"ix-aziende-tauro-underline\"><\/div>\n<div class=\"p2 ix-aziende-tauro-txt\">Daugyb\u0119 \u017evaig\u017edu\u010di\u0173 peln\u0119s ir u\u017ekre\u010dian\u010dia \u0161ypsena spinduliuojantis virtuv\u0117s \u0161efas Corelli yra \"apskritos virtuv\u0117s\" i\u0161rad\u0117jas ir p\u016btimo d\u017eiovintuvu pradininkas, apie kur\u012f taip pat pasakoja \"Gambero Rosso\" kanale. Jo restoran\u0173 virtuv\u0117se visada veikia \"Biosec\".<\/div>\n<\/p><\/div>\n<\/p><\/div>\n<\/p><\/div>\n<\/p><\/div>\n<\/p><\/div>\n<\/div>\n<h2 class=\"ix-h2-azienda\">profesionalios d\u017eiovykl\u0117s<\/h2>\n<div class=\"p1 ix-intestazione-azienda\">Geros id\u0117jos, kurias galima panaudoti. Susipa\u017einkite su m\u016bs\u0173 profesionaliomis linijomis: auk\u0161t\u0173j\u0173 technologij\u0173 d\u017eiovyklomis, sukurtomis ir suprojektuotomis tiems, kurie turi ai\u0161kius tikslus ir kuri\u0173 verslas - kokyb\u0117 ir autenti\u0161kumas.<\/div>\n<div class=\"ix-container-inner\">\n<div style=\"margin: 90px auto; font-family: Poppins; font-size: 14px;\">\n<div class=\"uk-grid uk-grid-medium\">\n<div class=\"uk-width-large-1-3\">\n<div class=\"ix-icon-container\">\n<div class=\"icon-1\"><img loading=\"lazy\" decoding=\"async\" class=\"alignnone\" style=\"width: 100%;\" src=\"https:\/\/stor2.tauroessiccatori.com\/wp-assets\/uploads\/2019\/09\/img-01.jpg\" alt=\"kokybi\u0161kos Italijoje pagamintos tauro d\u017eiovykl\u0117s\" width=\"443\" height=\"321\" \/><\/div>\n<div class=\"icon-title-1\">\n<h3>Pagaminta Italijoje 30 met\u0173<\/h3>\n<p class=\"p2 p-icon-1\">M\u016bs\u0173 d\u017eiovykl\u0117s gaminamos rankomis i\u0161 itali\u0161ko ner\u016bdijan\u010dio plieno, kad b\u016bt\u0173 u\u017etikrintas ilgaam\u017ei\u0161kumas ir tvirtumas.<\/p>\n<\/p><\/div>\n<\/p><\/div>\n<\/p><\/div>\n<div class=\"uk-width-large-1-3\">\n<div class=\"ix-icon-container\">\n<div class=\"icon-1\"><img loading=\"lazy\" decoding=\"async\" class=\"alignnone\" style=\"width: 100%;\" src=\"https:\/\/stor2.tauroessiccatori.com\/wp-assets\/uploads\/2019\/09\/img-02.jpg\" alt=\"&quot;Tauro&quot; d\u017eiovykl\u0173 klient\u0173 aptarnavimas\" width=\"443\" height=\"321\" \/><\/div>\n<div class=\"icon-title-1\">\n<h3>garantuota pagalba<\/h3>\n<p class=\"p2 p-icon-1\">Paai\u0161kiname, kaip geriausiai i\u0161d\u017eiovinti bet kok\u012f gamin\u012f: visada esame j\u016bs\u0173 paslaugoms.<\/p>\n<\/p><\/div>\n<\/p><\/div>\n<\/p><\/div>\n<div class=\"uk-width-large-1-3\">\n<div class=\"ix-icon-container\">\n<div class=\"icon-1\"><img loading=\"lazy\" decoding=\"async\" class=\"alignnone\" style=\"width: 100%;\" src=\"https:\/\/stor2.tauroessiccatori.com\/wp-assets\/uploads\/2019\/09\/img-03.jpg\" alt=\"kokyb\u0117s u\u017etikrinimas Made in italy tauro d\u017eiovintuvai\" width=\"443\" height=\"321\" \/><\/div>\n<div class=\"icon-title-1\">\n<h3>Europos garantija \u012frenginiui<\/h3>\n<p class=\"p2 p-icon-1\">Visiems \"Tauro\" implantams suteikiama vieneri\u0173 met\u0173 Europos garantija<\/p>\n<\/p><\/div>\n<\/p><\/div>\n<\/p><\/div>\n<\/p><\/div>\n<\/p><\/div>\n<\/div>\n<div class=\"ix-home-dryer-related-products-title\">\n<h2>susij\u0119 produktai<\/h2>\n<\/div>\n<div class=\"ix-max-box-medium ix-essiccare-box-stex-altezze\" style=\"\">\n<div class=\"uk-grid uk-grid-medium\">\n<div class=\"uk-width-1-1 uk-width-large-1-3\">\n         <a href=\"https:\/\/stor51.tauroessiccatori.com\/lt\/p\/biosec-pro\/\" class=\"ix-product-perche-essiccare\"><\/p>\n<div style=\"background-color: #f3f3f3; padding-bottom: 40px; border: solid 2px #f3f3f3;\">\n            <img loading=\"lazy\" decoding=\"async\" class=\"alignnone\" style=\"width: 100%;\" src=\"https:\/\/stor51.tauroessiccatori.com\/wp-assets\/uploads\/2019\/12\/good01_VMR_9237_OK-min.jpg\" alt=\"tauro Biosec Pro profesional\u016bs d\u017eiovintuvai vir\u0117jo kokyb\u0117\" width=\"1618\" height=\"1000\" \/><\/p>\n<h3 style=\"margin-top: 20px; text-align: center;\">\"Biosec Pro<\/h3>\n<div class=\"p5\" style=\"width: 100%; padding-top: 10px; padding-bottom: 30px; text-align: center;\">3 m\u00b2 d\u017eiovinimo pavir\u0161iaus<br \/>\n               12 ner\u016bdijan\u010dio plieno lentyn\u0173\n            <\/div>\n<div>\n<p class=\"p4 ix-product-scopri ix-category-link\"><span>Atraskite<\/span><\/p>\n<\/p><\/div>\n<\/p><\/div>\n<p>         <\/a>\n      <\/div>\n<div class=\"uk-width-1-1 uk-width-large-1-3\">\n         <a href=\"https:\/\/stor51.tauroessiccatori.com\/lt\/p\/biosec-de-luxe-b6\/\" class=\"ix-product-perche-essiccare\"><\/p>\n<div style=\"background-color: #f3f3f3; padding-bottom: 40px; border: solid 2px #f3f3f3;\">\n            <img loading=\"lazy\" decoding=\"async\" class=\"alignnone\" style=\"width: 100%;\" src=\"https:\/\/stor51.tauroessiccatori.com\/wp-assets\/uploads\/2017\/04\/de_luxe_b6_posteriore.jpg\" alt=\"Tauro Biosec B6 profesionalios ner\u016bdijan\u010dio plieno d\u017eiovykl\u0117s\" width=\"2048\" height=\"1266\" \/><\/p>\n<h3 style=\"margin-top: 20px; text-align: center;\">\"Biosec De Luxe B6<\/h3>\n<div class=\"p5\" style=\"width: 100%; padding-top: 10px; padding-bottom: 30px; text-align: center;\">Tunelis ir 6 krep\u0161iai<br \/>\n               ner\u016bdijantis plienas\n            <\/div>\n<div>\n<p class=\"p4 ix-product-scopri ix-category-link\"><span>Atraskite<\/span><\/p>\n<\/p><\/div>\n<\/p><\/div>\n<p>         <\/a>\n      <\/div>\n<div class=\"uk-width-1-1 uk-width-large-1-3\">\n         <a href=\"https:\/\/stor51.tauroessiccatori.com\/lt\/p\/biosec-de-luxe-b12\/\" class=\"ix-product-perche-essiccare\"><\/p>\n<div style=\"background-color: #f3f3f3; padding-bottom: 40px; border: solid 2px #f3f3f3;\">\n            <img loading=\"lazy\" decoding=\"async\" class=\"alignnone\" style=\"width: 100%;\" src=\"https:\/\/stor51.tauroessiccatori.com\/wp-assets\/uploads\/2017\/04\/de_luxe_b12_posteriore.jpg\" alt=\"Tauro profesionalios d\u017eiovykl\u0117s kokyb\u0117 Biosec DeLuxe B12 vir\u0117jas plienas\" width=\"2048\" height=\"1266\" \/><\/p>\n<h3 style=\"margin-top: 20px; text-align: center;\">\"Biosec De Luxe B12<\/h3>\n<div class=\"p5\" style=\"width: 100%; padding-top: 10px; padding-bottom: 30px; text-align: center;\">Tunelis ir 12 krep\u0161i\u0173<br \/>\n               ner\u016bdijantis plienas\n            <\/div>\n<div>\n<p class=\"p4 ix-product-scopri ix-category-link\"><span>Atraskite<\/span><\/p>\n<\/p><\/div>\n<\/p><\/div>\n<p>         <\/a>\n      <\/div>\n<\/p><\/div>\n<\/div>","protected":false},"excerpt":{"rendered":"<p>Metti un BIOSEC sotto l&#8217;Albero. SCOPRI QUI le promozioni di Natale! Gli sconti Black Friday sono qui! \u00a0 Clicca\u00a0per\u00a0non perderli \u2192 perch\u00e9 essiccare se sei uno chef Consistenze impreviste, contrasti inaspettati, colori intensi, sapori concentrati, esplosioni di gusto. E poi sfoglie, chips, decorazioni&#8230; Libera la creativit\u00e0 e distingui le tue proposte con la magia dell&#8217;essiccazione. [&hellip;]<\/p>","protected":false},"author":1,"featured_media":0,"parent":5794,"menu_order":0,"comment_status":"closed","ping_status":"closed","template":"","meta":{"footnotes":""},"tags":[],"class_list":["post-5801","page","type-page","status-publish","hentry"],"acf":[],"yoast_head":"<!-- This site is optimized with the Yoast SEO plugin v20.10 - https:\/\/yoast.com\/wordpress\/plugins\/seo\/ -->\n<title>Perch\u00e9 essiccare se sei uno chef? - Tauro Essiccatori<\/title>\n<meta name=\"description\" content=\"Consistenze impreviste, sapori inaspettati, colori intensi, qualit\u00e0 concentrata. Creativit\u00e0 ed essiccazione professionale per chef all&#039;avanguardia.\" \/>\n<meta name=\"robots\" content=\"noindex, follow, max-snippet:-1, max-image-preview:large, max-video-preview:-1\" \/>\n<meta property=\"og:locale\" content=\"lt_LT\" \/>\n<meta property=\"og:type\" content=\"article\" \/>\n<meta property=\"og:title\" content=\"Perch\u00e9 essiccare se sei uno chef? - Tauro Essiccatori\" \/>\n<meta property=\"og:description\" content=\"Consistenze impreviste, sapori inaspettati, colori intensi, qualit\u00e0 concentrata. Creativit\u00e0 ed essiccazione professionale per chef all&#039;avanguardia.\" \/>\n<meta property=\"og:url\" content=\"https:\/\/stor51.tauroessiccatori.com\/lt\/inspiracijos\/kodel-dziovinimas\/virejas\/\" \/>\n<meta property=\"og:site_name\" content=\"Tauro Essiccatori\" \/>\n<meta property=\"article:publisher\" content=\"https:\/\/www.facebook.com\/TauroEssiccatori\/\" \/>\n<meta property=\"article:modified_time\" content=\"2022-08-06T15:17:50+00:00\" \/>\n<meta property=\"og:image\" content=\"https:\/\/stor51.tauroessiccatori.com\/wp-assets\/uploads\/2019\/11\/Paolo-Dalicandro-Tauro-Essiccatori.jpg\" \/>\n<meta name=\"twitter:card\" content=\"summary_large_image\" \/>\n<meta name=\"twitter:label1\" content=\"Est. reading time\" \/>\n\t<meta name=\"twitter:data1\" content=\"2 minut\u0117s\" \/>\n<script type=\"application\/ld+json\" class=\"yoast-schema-graph\">{\"@context\":\"https:\/\/schema.org\",\"@graph\":[{\"@type\":\"WebPage\",\"@id\":\"https:\/\/stor51.tauroessiccatori.com\/ispirazioni\/perche-essiccare\/chef\/\",\"url\":\"https:\/\/stor51.tauroessiccatori.com\/ispirazioni\/perche-essiccare\/chef\/\",\"name\":\"Perch\u00e9 essiccare se sei uno chef? - Tauro Essiccatori\",\"isPartOf\":{\"@id\":\"https:\/\/stor51.tauroessiccatori.com\/#website\"},\"datePublished\":\"2019-11-02T09:19:08+00:00\",\"dateModified\":\"2022-08-06T15:17:50+00:00\",\"description\":\"Consistenze impreviste, sapori inaspettati, colori intensi, qualit\u00e0 concentrata. Creativit\u00e0 ed essiccazione professionale per chef all'avanguardia.\",\"breadcrumb\":{\"@id\":\"https:\/\/stor51.tauroessiccatori.com\/ispirazioni\/perche-essiccare\/chef\/#breadcrumb\"},\"inLanguage\":\"lt-LT\",\"potentialAction\":[{\"@type\":\"ReadAction\",\"target\":[\"https:\/\/stor51.tauroessiccatori.com\/ispirazioni\/perche-essiccare\/chef\/\"]}]},{\"@type\":\"BreadcrumbList\",\"@id\":\"https:\/\/stor51.tauroessiccatori.com\/ispirazioni\/perche-essiccare\/chef\/#breadcrumb\",\"itemListElement\":[{\"@type\":\"ListItem\",\"position\":1,\"name\":\"Home\",\"item\":\"https:\/\/stor51.tauroessiccatori.com\/\"},{\"@type\":\"ListItem\",\"position\":2,\"name\":\"Ispirazioni\",\"item\":\"https:\/\/stor51.tauroessiccatori.com\/ispirazioni\/\"},{\"@type\":\"ListItem\",\"position\":3,\"name\":\"Perch\u00e9 essiccare?\",\"item\":\"https:\/\/stor51.tauroessiccatori.com\/ispirazioni\/perche-essiccare\/\"},{\"@type\":\"ListItem\",\"position\":4,\"name\":\"Perch\u00e9 essiccare se sei uno chef?\"}]},{\"@type\":\"WebSite\",\"@id\":\"https:\/\/stor51.tauroessiccatori.com\/#website\",\"url\":\"https:\/\/stor51.tauroessiccatori.com\/\",\"name\":\"Tauro Essiccatori\",\"description\":\"Welcome to Tauro Essiccatori online shop\",\"publisher\":{\"@id\":\"https:\/\/stor51.tauroessiccatori.com\/#organization\"},\"potentialAction\":[{\"@type\":\"SearchAction\",\"target\":{\"@type\":\"EntryPoint\",\"urlTemplate\":\"https:\/\/stor51.tauroessiccatori.com\/?s={search_term_string}\"},\"query-input\":\"required name=search_term_string\"}],\"inLanguage\":\"lt-LT\"},{\"@type\":\"Organization\",\"@id\":\"https:\/\/stor51.tauroessiccatori.com\/#organization\",\"name\":\"Tauro Essiccatori\",\"url\":\"https:\/\/stor51.tauroessiccatori.com\/\",\"logo\":{\"@type\":\"ImageObject\",\"inLanguage\":\"lt-LT\",\"@id\":\"https:\/\/stor51.tauroessiccatori.com\/#\/schema\/logo\/image\/\",\"url\":\"https:\/\/www.tauroessiccatori.com\/wp-assets\/uploads\/2017\/07\/logo_tauro_500x109px.png\",\"contentUrl\":\"https:\/\/www.tauroessiccatori.com\/wp-assets\/uploads\/2017\/07\/logo_tauro_500x109px.png\",\"width\":500,\"height\":109,\"caption\":\"Tauro Essiccatori\"},\"image\":{\"@id\":\"https:\/\/stor51.tauroessiccatori.com\/#\/schema\/logo\/image\/\"},\"sameAs\":[\"https:\/\/www.facebook.com\/TauroEssiccatori\/\",\"https:\/\/www.instagram.com\/tauro_essiccatori\/\",\"https:\/\/it.linkedin.com\/company\/tauro-essiccatori\",\"https:\/\/www.youtube.com\/user\/tauroessiccatori\"]}]}<\/script>\n<!-- \/ Yoast SEO plugin. -->","yoast_head_json":{"title":"Perch\u00e9 essiccare se sei uno chef? - Tauro Essiccatori","description":"Consistenze impreviste, sapori inaspettati, colori intensi, qualit\u00e0 concentrata. Creativit\u00e0 ed essiccazione professionale per chef all'avanguardia.","robots":{"index":"noindex","follow":"follow","max-snippet":"max-snippet:-1","max-image-preview":"max-image-preview:large","max-video-preview":"max-video-preview:-1"},"og_locale":"lt_LT","og_type":"article","og_title":"Perch\u00e9 essiccare se sei uno chef? - Tauro Essiccatori","og_description":"Consistenze impreviste, sapori inaspettati, colori intensi, qualit\u00e0 concentrata. Creativit\u00e0 ed essiccazione professionale per chef all'avanguardia.","og_url":"https:\/\/stor51.tauroessiccatori.com\/lt\/inspiracijos\/kodel-dziovinimas\/virejas\/","og_site_name":"Tauro Essiccatori","article_publisher":"https:\/\/www.facebook.com\/TauroEssiccatori\/","article_modified_time":"2022-08-06T15:17:50+00:00","og_image":[{"url":"https:\/\/stor51.tauroessiccatori.com\/wp-assets\/uploads\/2019\/11\/Paolo-Dalicandro-Tauro-Essiccatori.jpg"}],"twitter_card":"summary_large_image","twitter_misc":{"Est. reading time":"2 minut\u0117s"},"schema":{"@context":"https:\/\/schema.org","@graph":[{"@type":"WebPage","@id":"https:\/\/stor51.tauroessiccatori.com\/ispirazioni\/perche-essiccare\/chef\/","url":"https:\/\/stor51.tauroessiccatori.com\/ispirazioni\/perche-essiccare\/chef\/","name":"Perch\u00e9 essiccare se sei uno chef? - Tauro Essiccatori","isPartOf":{"@id":"https:\/\/stor51.tauroessiccatori.com\/#website"},"datePublished":"2019-11-02T09:19:08+00:00","dateModified":"2022-08-06T15:17:50+00:00","description":"Consistenze impreviste, sapori inaspettati, colori intensi, qualit\u00e0 concentrata. Creativit\u00e0 ed essiccazione professionale per chef all'avanguardia.","breadcrumb":{"@id":"https:\/\/stor51.tauroessiccatori.com\/ispirazioni\/perche-essiccare\/chef\/#breadcrumb"},"inLanguage":"lt-LT","potentialAction":[{"@type":"ReadAction","target":["https:\/\/stor51.tauroessiccatori.com\/ispirazioni\/perche-essiccare\/chef\/"]}]},{"@type":"BreadcrumbList","@id":"https:\/\/stor51.tauroessiccatori.com\/ispirazioni\/perche-essiccare\/chef\/#breadcrumb","itemListElement":[{"@type":"ListItem","position":1,"name":"Home","item":"https:\/\/stor51.tauroessiccatori.com\/"},{"@type":"ListItem","position":2,"name":"Ispirazioni","item":"https:\/\/stor51.tauroessiccatori.com\/ispirazioni\/"},{"@type":"ListItem","position":3,"name":"Perch\u00e9 essiccare?","item":"https:\/\/stor51.tauroessiccatori.com\/ispirazioni\/perche-essiccare\/"},{"@type":"ListItem","position":4,"name":"Perch\u00e9 essiccare se sei uno chef?"}]},{"@type":"WebSite","@id":"https:\/\/stor51.tauroessiccatori.com\/#website","url":"https:\/\/stor51.tauroessiccatori.com\/","name":"Tauro Essiccatori","description":"Welcome to Tauro Essiccatori online shop","publisher":{"@id":"https:\/\/stor51.tauroessiccatori.com\/#organization"},"potentialAction":[{"@type":"SearchAction","target":{"@type":"EntryPoint","urlTemplate":"https:\/\/stor51.tauroessiccatori.com\/?s={search_term_string}"},"query-input":"required name=search_term_string"}],"inLanguage":"lt-LT"},{"@type":"Organization","@id":"https:\/\/stor51.tauroessiccatori.com\/#organization","name":"Tauro Essiccatori","url":"https:\/\/stor51.tauroessiccatori.com\/","logo":{"@type":"ImageObject","inLanguage":"lt-LT","@id":"https:\/\/stor51.tauroessiccatori.com\/#\/schema\/logo\/image\/","url":"https:\/\/www.tauroessiccatori.com\/wp-assets\/uploads\/2017\/07\/logo_tauro_500x109px.png","contentUrl":"https:\/\/www.tauroessiccatori.com\/wp-assets\/uploads\/2017\/07\/logo_tauro_500x109px.png","width":500,"height":109,"caption":"Tauro Essiccatori"},"image":{"@id":"https:\/\/stor51.tauroessiccatori.com\/#\/schema\/logo\/image\/"},"sameAs":["https:\/\/www.facebook.com\/TauroEssiccatori\/","https:\/\/www.instagram.com\/tauro_essiccatori\/","https:\/\/it.linkedin.com\/company\/tauro-essiccatori","https:\/\/www.youtube.com\/user\/tauroessiccatori"]}]}},"_links":{"self":[{"href":"https:\/\/stor51.tauroessiccatori.com\/lt\/wp-json\/wp\/v2\/pages\/5801"}],"collection":[{"href":"https:\/\/stor51.tauroessiccatori.com\/lt\/wp-json\/wp\/v2\/pages"}],"about":[{"href":"https:\/\/stor51.tauroessiccatori.com\/lt\/wp-json\/wp\/v2\/types\/page"}],"author":[{"embeddable":true,"href":"https:\/\/stor51.tauroessiccatori.com\/lt\/wp-json\/wp\/v2\/users\/1"}],"replies":[{"embeddable":true,"href":"https:\/\/stor51.tauroessiccatori.com\/lt\/wp-json\/wp\/v2\/comments?post=5801"}],"version-history":[{"count":43,"href":"https:\/\/stor51.tauroessiccatori.com\/lt\/wp-json\/wp\/v2\/pages\/5801\/revisions"}],"predecessor-version":[{"id":165061,"href":"https:\/\/stor51.tauroessiccatori.com\/lt\/wp-json\/wp\/v2\/pages\/5801\/revisions\/165061"}],"up":[{"embeddable":true,"href":"https:\/\/stor51.tauroessiccatori.com\/lt\/wp-json\/wp\/v2\/pages\/5794"}],"wp:attachment":[{"href":"https:\/\/stor51.tauroessiccatori.com\/lt\/wp-json\/wp\/v2\/media?parent=5801"}],"wp:term":[{"taxonomy":"post_tag","embeddable":true,"href":"https:\/\/stor51.tauroessiccatori.com\/lt\/wp-json\/wp\/v2\/tags?post=5801"}],"curies":[{"name":"wp","href":"https:\/\/api.w.org\/{rel}","templated":true}]}}