


{"id":9273,"date":"2019-11-27T11:07:24","date_gmt":"2019-11-27T10:07:24","guid":{"rendered":"https:\/\/www.tauroessiccatori.com\/?post_type=product&#038;p=9273\/"},"modified":"2023-05-16T11:28:00","modified_gmt":"2023-05-16T09:28:00","slug":"sacchetti-20x30-per-sottovuoto-conf-50-pz","status":"publish","type":"product","link":"https:\/\/stor51.tauroessiccatori.com\/hu\/p\/20x20-vakuumzsakok-50-db\/","title":{"rendered":"Zacsk\u00f3k 20\u00d730 - 50 db."},"content":{"rendered":"<div class=\"tauro-banners\"><div class=\"banner-00\" style=\"background-color: #852035\">\r\n<div class=\"ix-xmas-box-other\" style=\"font-size: 18px;padding: 7px 0;margin: 0 auto 0px auto\" align=\"center\"><b style=\"color: #fff;font-size: 18px\">Helyezzen egy BIOSEC-et a fa al\u00e1. <a style=\"color: #f8cc89;font-weight: bold;text-decoration: none;font-size: 18px\" href=\"https:\/\/www.tauroessiccatori.com\/christmas-2024\/\">FEDEZZE MEG ITT<\/a> Kar\u00e1csonyi akci\u00f3k!<\/b><\/div>\r\n<\/div><div class=\"banner-00\" style=\"background-color: #000\">\r\n<div class=\"ix-xmas-box-other\" style=\"font-size: 18px;padding: 7px 0;margin: 0 auto 0px auto\" align=\"center\"><b style=\"color: #fff\"> Itt vannak a fekete p\u00e9nteki kedvezm\u00e9nyek! \u00a0 <a style=\"color: #f77209;font-weight: bold;text-decoration: none\" href=\"https:\/\/www.tauroessiccatori.com\/black-friday-2024\/\"> Kattints, hogy ne hagyd ki \u0151ket \u2192 <\/a>\r\n<\/b><\/div>\r\n<\/div><\/div><p><span style=\"font-weight: 400;\"><strong>LE\u00cdR\u00c1S:<\/strong><\/span><\/p>\n<p><span style=\"font-weight: 400;\">50 db 20 cm sz\u00e9les x 30 cm hossz\u00fa, 20 cm-es zacsk\u00f3b\u00f3l \u00e1ll\u00f3 csomag, amely az \u00d6n \u00e1ltal k\u00edv\u00e1nt m\u00e9retre v\u00e1ghat\u00f3 \u00e9s Magic Vac v\u00e1kuumoz\u00f3 g\u00e9pekkel lez\u00e1rhat\u00f3.<\/span><\/p>\n<p>\u00dajrafelhaszn\u00e1lhat\u00f3, moshat\u00f3, haszn\u00e1lhat\u00f3 \u00e9lelmiszerek t\u00e1rol\u00e1s\u00e1ra a h\u0171t\u0151szekr\u00e9nyben vagy a fagyaszt\u00f3ban, felolvaszt\u00e1s\u00e1ra a mikrohull\u00e1m\u00fa s\u00fct\u0151ben, vagy ak\u00e1r v\u00e1kuumf\u0151z\u00e9sre forr\u00f3 v\u00edzben. Az \u00e9lelmiszerekkel val\u00f3 \u00e9rintkez\u00e9sre bevizsg\u00e1lt\u00e1k \u00e9s garant\u00e1lj\u00e1k.<\/p>\n<p>&nbsp;<\/p>\n<p><span style=\"font-weight: 400;\"><strong>JELLEMZ\u0150K:<\/strong><\/span><\/p>\n<p><span style=\"font-weight: 400;\">M\u00e9retre v\u00e1ghat\u00f3k<\/span><\/p>\n<p><span style=\"font-weight: 400;\">Mos\u00e1s foly\u00f3 v\u00edz alatt<\/span><\/p>\n<p><span style=\"font-weight: 400;\">Alkalmas h\u0171t\u0151szekr\u00e9nybe \u00e9s fagyaszt\u00f3ba<\/span><\/p>\n<p><span style=\"font-weight: 400;\">Alkalmas mikrohull\u00e1m\u00fa leolvaszt\u00e1sra<\/span><\/p>\n<p><span style=\"font-weight: 400;\">100\u00b0C-on 1 \u00f3r\u00e1n \u00e1t t\u00f6rt\u00e9n\u0151 forral\u00e1sra alkalmas<\/span><\/p>\n<p><span style=\"font-weight: 400;\">Alkalmas v\u00e1kuumf\u0151z\u00e9sre 90\u00b0C-on max. 8 \u00f3r\u00e1n kereszt\u00fcl, vagy 70\u00b0C-on max. 72 \u00f3r\u00e1n kereszt\u00fcl.<\/span><\/p>","protected":false},"excerpt":{"rendered":"<p>Metti un BIOSEC sotto l&#8217;Albero. SCOPRI QUI le promozioni di Natale! Gli sconti Black Friday sono qui! \u00a0 Clicca\u00a0per\u00a0non perderli \u2192 DESCRIZIONE: Confezione da\u00a050 sacchetti da 20 cm di larghezza x 30 cm di lunghezza, si possono tagliare alla misura preferita e sigillare con le macchine sottovuoto Magic Vac. Riutilizzabili, lavabili, si possono usare per [&hellip;]<\/p>","protected":false},"featured_media":9242,"comment_status":"closed","ping_status":"closed","template":"","meta":[],"product_cat":[276],"product_tag":[],"class_list":["post-9273","product","type-product","status-publish","has-post-thumbnail","hentry","product_cat-sottovuoto"],"acf":[],"yoast_head":"<!-- This site is optimized with the Yoast SEO plugin v20.10 - https:\/\/yoast.com\/wordpress\/plugins\/seo\/ -->\n<title>Sacchetti 20x30 conf. 50 pz. - Tauro Essiccatori<\/title>\n<meta name=\"robots\" content=\"noindex, follow, max-snippet:-1, max-image-preview:large, max-video-preview:-1\" \/>\n<meta property=\"og:locale\" content=\"hu_HU\" \/>\n<meta property=\"og:type\" content=\"article\" \/>\n<meta property=\"og:title\" content=\"Sacchetti 20x30 conf. 50 pz. - Tauro Essiccatori\" \/>\n<meta property=\"og:description\" content=\"Metti un BIOSEC sotto l&#039;Albero. SCOPRI QUI le promozioni di Natale! Gli sconti Black Friday sono qui! \u00a0 Clicca\u00a0per\u00a0non perderli \u2192 DESCRIZIONE: Confezione da\u00a050 sacchetti da 20 cm di larghezza x 30 cm di lunghezza, si possono tagliare alla misura preferita e sigillare con le macchine sottovuoto Magic Vac. Riutilizzabili, lavabili, si possono usare per [&hellip;]\" \/>\n<meta property=\"og:url\" content=\"https:\/\/stor51.tauroessiccatori.com\/hu\/p\/20x20-vakuumzsakok-50-db\/\" \/>\n<meta property=\"og:site_name\" content=\"Tauro Essiccatori\" \/>\n<meta property=\"article:publisher\" content=\"https:\/\/www.facebook.com\/TauroEssiccatori\/\" \/>\n<meta property=\"article:modified_time\" content=\"2023-05-16T09:28:00+00:00\" \/>\n<meta property=\"og:image\" content=\"https:\/\/stor51.tauroessiccatori.com\/wp-assets\/uploads\/2019\/11\/MVSacchettiRotoli_RA.jpg\" \/>\n\t<meta property=\"og:image:width\" content=\"2048\" \/>\n\t<meta property=\"og:image:height\" content=\"1266\" \/>\n\t<meta property=\"og:image:type\" content=\"image\/jpeg\" \/>\n<meta name=\"twitter:card\" content=\"summary_large_image\" \/>\n<meta name=\"twitter:label1\" content=\"Est. reading time\" \/>\n\t<meta name=\"twitter:data1\" content=\"1 perc\" \/>\n<script type=\"application\/ld+json\" class=\"yoast-schema-graph\">{\"@context\":\"https:\/\/schema.org\",\"@graph\":[{\"@type\":\"WebPage\",\"@id\":\"https:\/\/stor51.tauroessiccatori.com\/p\/sacchetti-20x30-per-sottovuoto-conf-50-pz\/\",\"url\":\"https:\/\/stor51.tauroessiccatori.com\/p\/sacchetti-20x30-per-sottovuoto-conf-50-pz\/\",\"name\":\"Sacchetti 20x30 conf. 50 pz. - Tauro Essiccatori\",\"isPartOf\":{\"@id\":\"https:\/\/stor51.tauroessiccatori.com\/#website\"},\"datePublished\":\"2019-11-27T10:07:24+00:00\",\"dateModified\":\"2023-05-16T09:28:00+00:00\",\"breadcrumb\":{\"@id\":\"https:\/\/stor51.tauroessiccatori.com\/p\/sacchetti-20x30-per-sottovuoto-conf-50-pz\/#breadcrumb\"},\"inLanguage\":\"hu\",\"potentialAction\":[{\"@type\":\"ReadAction\",\"target\":[\"https:\/\/stor51.tauroessiccatori.com\/p\/sacchetti-20x30-per-sottovuoto-conf-50-pz\/\"]}]},{\"@type\":\"BreadcrumbList\",\"@id\":\"https:\/\/stor51.tauroessiccatori.com\/p\/sacchetti-20x30-per-sottovuoto-conf-50-pz\/#breadcrumb\",\"itemListElement\":[{\"@type\":\"ListItem\",\"position\":1,\"name\":\"Home\",\"item\":\"https:\/\/stor51.tauroessiccatori.com\/\"},{\"@type\":\"ListItem\",\"position\":2,\"name\":\"Shop\",\"item\":\"https:\/\/stor51.tauroessiccatori.com\/negozio\/\"},{\"@type\":\"ListItem\",\"position\":3,\"name\":\"Sacchetti 20&#215;30 conf. 50 pz.\"}]},{\"@type\":\"WebSite\",\"@id\":\"https:\/\/stor51.tauroessiccatori.com\/#website\",\"url\":\"https:\/\/stor51.tauroessiccatori.com\/\",\"name\":\"Tauro Essiccatori\",\"description\":\"Welcome to Tauro Essiccatori online shop\",\"publisher\":{\"@id\":\"https:\/\/stor51.tauroessiccatori.com\/#organization\"},\"potentialAction\":[{\"@type\":\"SearchAction\",\"target\":{\"@type\":\"EntryPoint\",\"urlTemplate\":\"https:\/\/stor51.tauroessiccatori.com\/?s={search_term_string}\"},\"query-input\":\"required name=search_term_string\"}],\"inLanguage\":\"hu\"},{\"@type\":\"Organization\",\"@id\":\"https:\/\/stor51.tauroessiccatori.com\/#organization\",\"name\":\"Tauro Essiccatori\",\"url\":\"https:\/\/stor51.tauroessiccatori.com\/\",\"logo\":{\"@type\":\"ImageObject\",\"inLanguage\":\"hu\",\"@id\":\"https:\/\/stor51.tauroessiccatori.com\/#\/schema\/logo\/image\/\",\"url\":\"https:\/\/www.tauroessiccatori.com\/wp-assets\/uploads\/2017\/07\/logo_tauro_500x109px.png\",\"contentUrl\":\"https:\/\/www.tauroessiccatori.com\/wp-assets\/uploads\/2017\/07\/logo_tauro_500x109px.png\",\"width\":500,\"height\":109,\"caption\":\"Tauro Essiccatori\"},\"image\":{\"@id\":\"https:\/\/stor51.tauroessiccatori.com\/#\/schema\/logo\/image\/\"},\"sameAs\":[\"https:\/\/www.facebook.com\/TauroEssiccatori\/\",\"https:\/\/www.instagram.com\/tauro_essiccatori\/\",\"https:\/\/it.linkedin.com\/company\/tauro-essiccatori\",\"https:\/\/www.youtube.com\/user\/tauroessiccatori\"]}]}<\/script>\n<!-- \/ Yoast SEO plugin. -->","yoast_head_json":{"title":"Sacchetti 20x30 conf. 50 pz. - Tauro Essiccatori","robots":{"index":"noindex","follow":"follow","max-snippet":"max-snippet:-1","max-image-preview":"max-image-preview:large","max-video-preview":"max-video-preview:-1"},"og_locale":"hu_HU","og_type":"article","og_title":"Sacchetti 20x30 conf. 50 pz. - Tauro Essiccatori","og_description":"Metti un BIOSEC sotto l'Albero. SCOPRI QUI le promozioni di Natale! Gli sconti Black Friday sono qui! \u00a0 Clicca\u00a0per\u00a0non perderli \u2192 DESCRIZIONE: Confezione da\u00a050 sacchetti da 20 cm di larghezza x 30 cm di lunghezza, si possono tagliare alla misura preferita e sigillare con le macchine sottovuoto Magic Vac. Riutilizzabili, lavabili, si possono usare per [&hellip;]","og_url":"https:\/\/stor51.tauroessiccatori.com\/hu\/p\/20x20-vakuumzsakok-50-db\/","og_site_name":"Tauro Essiccatori","article_publisher":"https:\/\/www.facebook.com\/TauroEssiccatori\/","article_modified_time":"2023-05-16T09:28:00+00:00","og_image":[{"width":2048,"height":1266,"url":"https:\/\/stor51.tauroessiccatori.com\/wp-assets\/uploads\/2019\/11\/MVSacchettiRotoli_RA.jpg","type":"image\/jpeg"}],"twitter_card":"summary_large_image","twitter_misc":{"Est. reading time":"1 perc"},"schema":{"@context":"https:\/\/schema.org","@graph":[{"@type":"WebPage","@id":"https:\/\/stor51.tauroessiccatori.com\/p\/sacchetti-20x30-per-sottovuoto-conf-50-pz\/","url":"https:\/\/stor51.tauroessiccatori.com\/p\/sacchetti-20x30-per-sottovuoto-conf-50-pz\/","name":"Sacchetti 20x30 conf. 50 pz. - Tauro Essiccatori","isPartOf":{"@id":"https:\/\/stor51.tauroessiccatori.com\/#website"},"datePublished":"2019-11-27T10:07:24+00:00","dateModified":"2023-05-16T09:28:00+00:00","breadcrumb":{"@id":"https:\/\/stor51.tauroessiccatori.com\/p\/sacchetti-20x30-per-sottovuoto-conf-50-pz\/#breadcrumb"},"inLanguage":"hu","potentialAction":[{"@type":"ReadAction","target":["https:\/\/stor51.tauroessiccatori.com\/p\/sacchetti-20x30-per-sottovuoto-conf-50-pz\/"]}]},{"@type":"BreadcrumbList","@id":"https:\/\/stor51.tauroessiccatori.com\/p\/sacchetti-20x30-per-sottovuoto-conf-50-pz\/#breadcrumb","itemListElement":[{"@type":"ListItem","position":1,"name":"Home","item":"https:\/\/stor51.tauroessiccatori.com\/"},{"@type":"ListItem","position":2,"name":"Shop","item":"https:\/\/stor51.tauroessiccatori.com\/negozio\/"},{"@type":"ListItem","position":3,"name":"Sacchetti 20&#215;30 conf. 50 pz."}]},{"@type":"WebSite","@id":"https:\/\/stor51.tauroessiccatori.com\/#website","url":"https:\/\/stor51.tauroessiccatori.com\/","name":"Tauro Essiccatori","description":"Welcome to Tauro Essiccatori online shop","publisher":{"@id":"https:\/\/stor51.tauroessiccatori.com\/#organization"},"potentialAction":[{"@type":"SearchAction","target":{"@type":"EntryPoint","urlTemplate":"https:\/\/stor51.tauroessiccatori.com\/?s={search_term_string}"},"query-input":"required name=search_term_string"}],"inLanguage":"hu"},{"@type":"Organization","@id":"https:\/\/stor51.tauroessiccatori.com\/#organization","name":"Tauro Essiccatori","url":"https:\/\/stor51.tauroessiccatori.com\/","logo":{"@type":"ImageObject","inLanguage":"hu","@id":"https:\/\/stor51.tauroessiccatori.com\/#\/schema\/logo\/image\/","url":"https:\/\/www.tauroessiccatori.com\/wp-assets\/uploads\/2017\/07\/logo_tauro_500x109px.png","contentUrl":"https:\/\/www.tauroessiccatori.com\/wp-assets\/uploads\/2017\/07\/logo_tauro_500x109px.png","width":500,"height":109,"caption":"Tauro Essiccatori"},"image":{"@id":"https:\/\/stor51.tauroessiccatori.com\/#\/schema\/logo\/image\/"},"sameAs":["https:\/\/www.facebook.com\/TauroEssiccatori\/","https:\/\/www.instagram.com\/tauro_essiccatori\/","https:\/\/it.linkedin.com\/company\/tauro-essiccatori","https:\/\/www.youtube.com\/user\/tauroessiccatori"]}]}},"_links":{"self":[{"href":"https:\/\/stor51.tauroessiccatori.com\/hu\/wp-json\/wp\/v2\/product\/9273"}],"collection":[{"href":"https:\/\/stor51.tauroessiccatori.com\/hu\/wp-json\/wp\/v2\/product"}],"about":[{"href":"https:\/\/stor51.tauroessiccatori.com\/hu\/wp-json\/wp\/v2\/types\/product"}],"replies":[{"embeddable":true,"href":"https:\/\/stor51.tauroessiccatori.com\/hu\/wp-json\/wp\/v2\/comments?post=9273"}],"wp:featuredmedia":[{"embeddable":true,"href":"https:\/\/stor51.tauroessiccatori.com\/hu\/wp-json\/wp\/v2\/media\/9242"}],"wp:attachment":[{"href":"https:\/\/stor51.tauroessiccatori.com\/hu\/wp-json\/wp\/v2\/media?parent=9273"}],"wp:term":[{"taxonomy":"product_cat","embeddable":true,"href":"https:\/\/stor51.tauroessiccatori.com\/hu\/wp-json\/wp\/v2\/product_cat?post=9273"},{"taxonomy":"product_tag","embeddable":true,"href":"https:\/\/stor51.tauroessiccatori.com\/hu\/wp-json\/wp\/v2\/product_tag?post=9273"}],"curies":[{"name":"wp","href":"https:\/\/api.w.org\/{rel}","templated":true}]}}